{"id":33020,"date":"2023-11-23T15:57:27","date_gmt":"2023-11-23T08:57:27","guid":{"rendered":"https:\/\/havamall.vn\/?post_type=product&#038;p=33020"},"modified":"2023-11-23T15:58:38","modified_gmt":"2023-11-23T08:58:38","slug":"bot-nghe-an-do-everest-100g-everest-turmeric-powder","status":"publish","type":"product","link":"https:\/\/havamall.vn\/en\/shop\/bot-nghe-an-do-everest-100g-everest-turmeric-powder\/","title":{"rendered":"B\u1ed9t Ngh\u1ec7 \u1ea4n \u0110\u1ed9 Everest 100g &#8211; Everest Turmeric Powder"},"content":{"rendered":"<h2><\/h2>\n<h2><strong>TH\u00d4NG TIN CHUNG<\/strong><\/h2>\n<table>\n<tbody>\n<tr>\n<td>Th\u01b0\u01a1ng hi\u1ec7u<\/td>\n<td>Everest<\/td>\n<\/tr>\n<tr>\n<td>Xu\u1ea5t x\u1ee9<\/td>\n<td>\u1ea4n \u0110\u1ed9<\/td>\n<\/tr>\n<tr>\n<td>Th\u00e0nh ph\u1ea7n<\/td>\n<td>100% b\u1ed9t ngh\u1ec7<\/td>\n<\/tr>\n<tr>\n<td>H\u1ea1n s\u1eed d\u1ee5ng<\/td>\n<td>15 th\u00e1ng k\u1ec3 t\u1eeb ng\u00e0y s\u1ea3n xu\u1ea5t.<\/td>\n<\/tr>\n<tr>\n<td>B\u1ea3o qu\u1ea3n<\/td>\n<td>B\u1ea3o qu\u1ea3n n\u01a1i kh\u00f4 r\u00e1o tho\u00e1ng m\u00e1t, tr\u00e1nh \u00e1nh n\u1eafng tr\u1ef1c ti\u1ebfp<\/td>\n<\/tr>\n<tr>\n<td>\u00a0Kh\u1ed1i l\u01b0\u1ee3ng<\/td>\n<td>100g<\/td>\n<\/tr>\n<\/tbody>\n<\/table>\n<p>B\u1ed9t ngh\u1ec7 l\u00e0 th\u00e0nh ph\u1ea9m t\u1eeb c\u1ee7 ngh\u1ec7 t\u01b0\u01a1i \u0111\u01b0\u1ee3c ch\u1ecdn l\u1ecdc, sau \u0111\u00f3 r\u1eeda s\u1ea1ch, lo\u1ea1i b\u1ecf v\u1ecf, th\u00e1i l\u00e1t v\u00e0 ph\u01a1i ph\u00f4. Sau \u0111\u00f3 ghi\u1ec1n m\u1ecbn tr\u00ean d\u00e2y chuy\u1ec1n c\u00f4ng ngh\u1ec7 hi\u1ec7n t\u1ea1i. \u0110\u1ea3m b\u1ea3o ch\u1ea5t l\u01b0\u1ee3ng tr\u00ean t\u1eebng kh\u00e2u s\u1ea3n xu\u1ea5t, mang l\u1ea1i s\u1ef1 tin cho ng\u01b0\u1eddi s\u1eed d\u1ee5ng.<\/p>\n<p>B\u1ed9t Ngh\u1ec7 \u1ea4n \u0110\u1ed9 Everest 100g \u1edf d\u1ea1ng b\u1ed9t m\u1ecbn, c\u00f3 m\u00e0u v\u00e0ng v\u00e0 mang h\u01b0\u01a1ng th\u01a1m nguy\u00ean th\u1ee7y c\u1ee7a ngh\u1ec7. B\u1ed9t ngh\u1ec7 ch\u1ee9a nhi\u1ec1u ch\u1ea5t dinh d\u01b0\u1ee1ng nh\u01b0 protein, ch\u1ea5t x\u01a1, niacin, gi\u00e0u vitamin nh\u01b0 vitamin E, C, K, gi\u00e0u ch\u1ea5t kho\u00e1ng nh\u01b0 kali, canxi, \u0111\u1ed3ng, s\u1eaft, magie, k\u1ebdm, ch\u1ea5t oxy h\u00f3a. \u0110\u1eb7c bi\u1ec7t, tb\u1ed9t ngh\u1ec7 r\u1ea5t gi\u00e0u ch\u1ea5t Curcumin, m\u1ed9t ch\u1ea5t qu\u00fd ch\u1ec9 c\u00f3 trong ngh\u1ec7.<\/p>\n<h5><img fetchpriority=\"high\" decoding=\"async\" class=\"wp-image-33027 aligncenter\" src=\"https:\/\/havamall.vn\/wp-content\/uploads\/2023\/11\/e30cdab5-0c5a-4b52-88e1-2c05d05a3271.__CR00970300_PT0_SX970_V1___-300x93.jpg\" alt=\"\" width=\"828\" height=\"257\" srcset=\"https:\/\/havamall.vn\/wp-content\/uploads\/2023\/11\/e30cdab5-0c5a-4b52-88e1-2c05d05a3271.__CR00970300_PT0_SX970_V1___-300x93.jpg 300w, https:\/\/havamall.vn\/wp-content\/uploads\/2023\/11\/e30cdab5-0c5a-4b52-88e1-2c05d05a3271.__CR00970300_PT0_SX970_V1___-600x186.jpg 600w, https:\/\/havamall.vn\/wp-content\/uploads\/2023\/11\/e30cdab5-0c5a-4b52-88e1-2c05d05a3271.__CR00970300_PT0_SX970_V1___-768x238.jpg 768w, https:\/\/havamall.vn\/wp-content\/uploads\/2023\/11\/e30cdab5-0c5a-4b52-88e1-2c05d05a3271.__CR00970300_PT0_SX970_V1___.jpg 970w\" sizes=\"(max-width: 828px) 100vw, 828px\" \/><\/h5>\n<p>B\u1ed9t ngh\u1ec7 Patanjali Everest \u0111\u01b0\u1ee3c s\u1ea3n xu\u1ea5t b\u1eb1ng c\u00e1ch nghi\u1ec1n ph\u1ea7n r\u1ec5 kh\u00f4 tr\u01b0\u1edfng th\u00e0nh c\u1ee7a c\u1ee7 ngh\u1ec7. S\u1ea3n ph\u1ea9m c\u00f3 m\u1ed9t h\u01b0\u01a1ng v\u1ecb nh\u1eb9 v\u00e0 h\u01b0\u01a1ng th\u01a1m d\u1ec5 ch\u1ecbu ph\u00f9 h\u1ee3p cho r\u1ea5t nhi\u1ec1u m\u00f3n \u0103n h\u1ea5p d\u1eabn.<\/p>\n<p>B\u1ed9t ngh\u1ec7 ch\u1ee9a c\u00e1c h\u1ee3p ch\u1ea5t v\u1edbi c\u00e1c thu\u1ed9c t\u00ednh thu\u1ed1c .Nh\u1eefng h\u1ee3p ch\u1ea5t n\u00e0y \u0111\u01b0\u1ee3c g\u1ecdi l\u00e0 curcuminoids, quan tr\u1ecdng nh\u1ea5t trong s\u1ed1 \u0111\u00f3 l\u00e0 curcumin. Curcumin l\u00e0 th\u00e0nh ph\u1ea7n ho\u1ea1t ch\u1ea5t ch\u00ednh trong c\u1ee7 ngh\u1ec7. N\u00f3 c\u00f3 t\u00e1c d\u1ee5ng ch\u1ed1ng vi\u00eam m\u1ea1nh m\u1ebd v\u00e0 l\u00e0 m\u1ed9t ch\u1ea5t ch\u1ed1ng oxy h\u00f3a r\u1ea5t m\u1ea1nh.<\/p>\n<p>Tuy nhi\u00ean, h\u00e0m l\u01b0\u1ee3ng ch\u1ea5t curcumin c\u1ee7a c\u1ee7 ngh\u1ec7 kh\u00f4ng cao. \u0110\u00f3 l\u00e0 kho\u1ea3ng 3%, theo tr\u1ecdng l\u01b0\u1ee3ng .<\/p>\n<p><img decoding=\"async\" class=\"wp-image-33023 aligncenter\" src=\"https:\/\/havamall.vn\/wp-content\/uploads\/2023\/11\/121556132_3000041120096667_8065617170002572327_n-300x300.jpeg\" alt=\"\" width=\"826\" height=\"826\" srcset=\"https:\/\/havamall.vn\/wp-content\/uploads\/2023\/11\/121556132_3000041120096667_8065617170002572327_n-300x300.jpeg 300w, https:\/\/havamall.vn\/wp-content\/uploads\/2023\/11\/121556132_3000041120096667_8065617170002572327_n-600x600.jpeg 600w, https:\/\/havamall.vn\/wp-content\/uploads\/2023\/11\/121556132_3000041120096667_8065617170002572327_n-150x150.jpeg 150w, https:\/\/havamall.vn\/wp-content\/uploads\/2023\/11\/121556132_3000041120096667_8065617170002572327_n-768x768.jpeg 768w, https:\/\/havamall.vn\/wp-content\/uploads\/2023\/11\/121556132_3000041120096667_8065617170002572327_n-1024x1024.jpeg 1024w, https:\/\/havamall.vn\/wp-content\/uploads\/2023\/11\/121556132_3000041120096667_8065617170002572327_n.jpeg 1200w, https:\/\/havamall.vn\/wp-content\/uploads\/2023\/11\/121556132_3000041120096667_8065617170002572327_n-100x100.jpeg 100w\" sizes=\"(max-width: 826px) 100vw, 826px\" \/><\/p>\n<h2><strong>\u0110\u1eb7c \u0111i\u1ec3m ch\u00ednh c\u1ee7a b\u1ed9t ngh\u1ec7\u00a0Everest<\/strong><\/h2>\n<p>&gt; B\u1ed9t ngh\u1ec7 c\u00f3 m\u00e0u v\u00e0ng t\u01b0\u01a1i, m\u00f9i v\u1ecb d\u1ec5 ch\u1ecbu,s\u1eed d\u1ee5ng nhi\u1ec1u trong m\u1ef9 ph\u1ea9m v\u00e0 d\u01b0\u1ee3c ph\u1ea9m.<\/p>\n<p>&gt; B\u1ed9t ngh\u1ec7 l\u00e0m t\u0103ng \u0111\u00e1ng k\u1ec3 kh\u1ea3 n\u0103ng ch\u1ed1ng oxy h\u00f3a c\u1ee7a c\u01a1 th\u1ec3.<\/p>\n<p>&gt; L\u00e0 m\u1ed9t h\u1ee3p ch\u1ea5t ch\u1ed1ng vi\u00eam t\u1ef1 nhi\u00ean.<\/p>\n<p>&gt; Ho\u1ea1t \u0111\u1ed9ng nh\u01b0 kh\u00e1ng sinh t\u1ed1t trong c\u01a1 th\u1ec3 con ng\u01b0\u1eddi.<\/p>\n<h2><img decoding=\"async\" class=\"wp-image-33024 aligncenter\" src=\"https:\/\/havamall.vn\/wp-content\/uploads\/2023\/11\/121597220_3000041106763335_1319154582612286933_n-300x300.jpeg\" alt=\"\" width=\"834\" height=\"834\" srcset=\"https:\/\/havamall.vn\/wp-content\/uploads\/2023\/11\/121597220_3000041106763335_1319154582612286933_n-300x300.jpeg 300w, https:\/\/havamall.vn\/wp-content\/uploads\/2023\/11\/121597220_3000041106763335_1319154582612286933_n-600x600.jpeg 600w, https:\/\/havamall.vn\/wp-content\/uploads\/2023\/11\/121597220_3000041106763335_1319154582612286933_n-150x150.jpeg 150w, https:\/\/havamall.vn\/wp-content\/uploads\/2023\/11\/121597220_3000041106763335_1319154582612286933_n-768x768.jpeg 768w, https:\/\/havamall.vn\/wp-content\/uploads\/2023\/11\/121597220_3000041106763335_1319154582612286933_n-1024x1024.jpeg 1024w, https:\/\/havamall.vn\/wp-content\/uploads\/2023\/11\/121597220_3000041106763335_1319154582612286933_n.jpeg 1200w, https:\/\/havamall.vn\/wp-content\/uploads\/2023\/11\/121597220_3000041106763335_1319154582612286933_n-100x100.jpeg 100w\" sizes=\"(max-width: 834px) 100vw, 834px\" \/><\/h2>\n<h2><strong>C\u00d4NG D\u1ee4NG C\u1ee6A B\u1ed8T NGH\u1ec6<\/strong><\/h2>\n<p>\u2013 Trong \u1ea9m th\u1ef1c, b\u1ed9t ngh\u1ec7 \u0111\u01b0\u1ee3c d\u00f9ng l\u00e0m nguy\u00ean li\u1ec7u t\u1ea1o h\u01b0\u01a1ng v\u1ecb v\u00e0 m\u00e0u v\u00e0ng \u0111\u1eb7c tr\u01b0ng cho c\u00e1c m\u00f3n \u0103n nh\u01b0: Ch\u00e1o l\u01b0\u01a1n, l\u00f2ng heo x\u00e0o, c\u00e0 ri g\u00e0, c\u01a1m chi\u00ean, g\u00e0 kho ngh\u1ec7, th\u1ecbt heo kho ngh\u1ec7, c\u00e1 kho ngh\u1ec7\u2026<\/p>\n<p>\u2013 Trong l\u00e0m \u0111\u1eb9p, b\u1ed9t ngh\u1ec7 d\u00f9ng \u0111\u1ec3 \u0111\u1eafp m\u1eb7t l\u00e0m s\u00e1ng da, s\u1ea1ch m\u1ee5n, x\u00f3a s\u1eb9o hi\u1ec7u qu\u1ea3, x\u00f3a m\u1edd v\u1ebft nh\u0103n, c\u1ea3i thi\u1ec7n s\u1eafc t\u1ed1 da\u2026<\/p>\n<p>&#8211; Trong y h\u1ecdc c\u00f4ng d\u1ee5ng c\u1ee7a c\u1ea3 b\u1ed9t ngh\u1ec7 v\u00e0 tinh b\u1ed9t ngh\u1ec7 \u0111\u1ec1u \u0111\u1ebfn t\u1eeb Curcumin \u2013 m\u1ed9t ho\u1ea1t ch\u1ea5t c\u00f3 r\u1ea5t nhi\u1ec1u trong ngh\u1ec7 t\u01b0\u01a1i. \u0110\u00e2y l\u00e0 m\u1ed9t trong nh\u1eefng ch\u1ea5t ch\u1ed1ng oxy h\u00f3a m\u1ea1nh nh\u1ea5t trong t\u1ef1 nhi\u00ean v\u00e0 \u0111\u01b0\u1ee3c \u1ee9ng d\u1ee5ng r\u1ea5t nhi\u1ec1u \u0111\u1ec3 h\u1ed7 tr\u1ee3 \u0111i\u1ec1u tr\u1ecb nhi\u1ec1u ch\u1ee9ng b\u1ec7nh.<\/p>\n<ul>\n<li>L\u00e0m li\u1ec1n v\u1ebft lo\u00e9t c\u1ee7a b\u1ec7nh vi\u00eam lo\u00e9t d\u1ea1 d\u00e0y, t\u00e1 tr\u00e0ng, v\u00e9t m\u1ed5 ph\u1eabu thu\u1eadt\u2026, gi\u1ea3m thi\u1ec3u t\u1ea7n su\u1ea5t v\u00e0 c\u01b0\u1eddng \u0111\u1ed9 c\u1ee7a c\u01a1n \u0111au d\u1ea1 d\u00e0y.<\/li>\n<li>Kh\u00e1ng khu\u1ea9n, th\u00fac \u0111\u1ea9y l\u00e0m l\u00e0nh c\u00e1c v\u1ebft th\u01b0\u01a1ng h\u1edf, h\u1ea1n ch\u1ebf \u0111\u1ec3 l\u1ea1i s\u1eb9o.<\/li>\n<li>T\u0103ng \u0111\u00e0o th\u1ea3i \u0111\u1ed9c t\u1ed1, b\u1ea3o v\u1ec7 gan th\u1eadn, h\u1ed7 tr\u1ee3 ki\u1ec3m so\u00e1t c\u00e2n n\u1eb7ng hi\u1ec7u qu\u1ea3.<\/li>\n<li>T\u0103ng c\u01b0\u1eddng h\u1ec7 mi\u1ec5n d\u1ecbch, gi\u00fap c\u01a1 th\u1ec3 ng\u0103n ch\u1eb7n s\u1ef1 t\u1ea5n c\u00f4ng c\u1ee7a virus, vi khu\u1ea9n v\u00e0 c\u00e1c lo\u1ea1i n\u1ea5m, h\u1ea1n ch\u1ebf c\u00e1c b\u1ec7nh truy\u1ec1n nhi\u1ec5m.<\/li>\n<li>Ki\u1ec3m so\u00e1t \u0111\u01b0\u1eddng huy\u1ebft v\u00e0 cholesterol trong m\u00e1u, b\u1ea3o v\u1ec7 th\u00e0nh m\u1ea1ch m\u00e1u, ng\u0103n ng\u1eeba c\u00e1c b\u1ec7nh v\u1ec1 tim m\u1ea1ch.<\/li>\n<li>C\u00f3 t\u00ednh ch\u1ed1ng oxy h\u00f3a m\u1ea1nh, ng\u0103n ng\u1eeba nguy c\u01a1 ung th\u01b0 \u0111\u1ed3ng th\u1eddi r\u1ea5t t\u1ed1t cho ng\u01b0\u1eddi v\u1eeba tr\u1ea3i qua h\u00f3a tr\u1ecb, x\u1ea1 tr\u1ecb.<\/li>\n<\/ul>\n<h2><img loading=\"lazy\" decoding=\"async\" class=\"wp-image-33022 aligncenter\" src=\"https:\/\/havamall.vn\/wp-content\/uploads\/2023\/11\/121449787_2997142960386483_2679453315104032453_n-300x300.jpeg\" alt=\"\" width=\"837\" height=\"837\" srcset=\"https:\/\/havamall.vn\/wp-content\/uploads\/2023\/11\/121449787_2997142960386483_2679453315104032453_n-300x300.jpeg 300w, https:\/\/havamall.vn\/wp-content\/uploads\/2023\/11\/121449787_2997142960386483_2679453315104032453_n-600x600.jpeg 600w, https:\/\/havamall.vn\/wp-content\/uploads\/2023\/11\/121449787_2997142960386483_2679453315104032453_n-150x150.jpeg 150w, https:\/\/havamall.vn\/wp-content\/uploads\/2023\/11\/121449787_2997142960386483_2679453315104032453_n-768x768.jpeg 768w, https:\/\/havamall.vn\/wp-content\/uploads\/2023\/11\/121449787_2997142960386483_2679453315104032453_n-1024x1024.jpeg 1024w, https:\/\/havamall.vn\/wp-content\/uploads\/2023\/11\/121449787_2997142960386483_2679453315104032453_n.jpeg 1200w, https:\/\/havamall.vn\/wp-content\/uploads\/2023\/11\/121449787_2997142960386483_2679453315104032453_n-100x100.jpeg 100w\" sizes=\"(max-width: 837px) 100vw, 837px\" \/><\/h2>\n<h2><strong>C\u00c1CH S\u1eec D\u1ee4NG B\u1ed8T NGH\u1ec6<\/strong><\/h2>\n<p><strong>1. D\u00f9ng \u0111\u1ec3 u\u1ed1ng<\/strong><\/p>\n<p>H\u00f2a tan \u0111\u1ec1u 2-3g b\u1ed9t ngh\u1ec7 v\u00e0ng v\u00e0o kho\u1ea3ng 300ml n\u01b0\u1edbc \u1ea5m, c\u00f3 th\u1ec3 d\u00f9ng k\u00e8m th\u00eam v\u1edbi m\u1ed9t s\u1ed1 lo\u1ea1i s\u1ea3n ph\u1ea9m kh\u00e1c nh\u01b0 m\u1eadt ong r\u1eebng ho\u1eb7c s\u1eefa chua t\u00f9y theo s\u1edf th\u00edch t\u1eebng ng\u01b0\u1eddi v\u00e0 theo m\u1ee5c \u0111\u00edch s\u1eed d\u1ee5ng. D\u00f9ng l\u00e2u d\u00e0i kho\u1ea3ng 3-6 th\u00e1ng. Khi d\u00f9ng m\u1ed7i ng\u00e0y d\u00f9ng 2-3 l\u1ea7n.<\/p>\n<p><strong>2. D\u00f9ng l\u00e0m \u0111\u1eb9p<\/strong>:<\/p>\n<p>H\u00f2a tan 10g\u00a0b\u1ed9t ngh\u1ec7\u00a0v\u1edbi m\u1eadt ong, l\u00f2ng tr\u1eafng tr\u1ee9ng g\u00e0, n\u01b0\u1edbc hoa h\u1ed3ng v\u00e0 n\u01b0\u1edbc c\u1ed1t chanh th\u00e0nh h\u1ed7n h\u1ee3p \u0111\u1ed3ng nh\u1ea5t v\u00e0 s\u1eed d\u1ee5ng. N\u00ean s\u1eed d\u1ee5ng m\u1ed7i tu\u1ea7n 2-3 l\u1ea7n v\u00e0 kho\u1ea3ng 3-5 th\u00e1ng \u0111\u1ec3 c\u00f3 hi\u1ec7u qu\u1ea3 t\u1ed1t nh\u1ea5t.<\/p>\n<p>&nbsp;<\/p>\n<h2><img loading=\"lazy\" decoding=\"async\" class=\"wp-image-33025 aligncenter\" src=\"https:\/\/havamall.vn\/wp-content\/uploads\/2023\/11\/96707316_2557791854321598_53051375910649856_n-300x300.png\" alt=\"\" width=\"832\" height=\"832\" srcset=\"https:\/\/havamall.vn\/wp-content\/uploads\/2023\/11\/96707316_2557791854321598_53051375910649856_n-300x300.png 300w, https:\/\/havamall.vn\/wp-content\/uploads\/2023\/11\/96707316_2557791854321598_53051375910649856_n-600x600.png 600w, https:\/\/havamall.vn\/wp-content\/uploads\/2023\/11\/96707316_2557791854321598_53051375910649856_n-150x150.png 150w, https:\/\/havamall.vn\/wp-content\/uploads\/2023\/11\/96707316_2557791854321598_53051375910649856_n-768x768.png 768w, https:\/\/havamall.vn\/wp-content\/uploads\/2023\/11\/96707316_2557791854321598_53051375910649856_n-1024x1024.png 1024w, https:\/\/havamall.vn\/wp-content\/uploads\/2023\/11\/96707316_2557791854321598_53051375910649856_n.png 1200w, https:\/\/havamall.vn\/wp-content\/uploads\/2023\/11\/96707316_2557791854321598_53051375910649856_n-100x100.png 100w\" sizes=\"(max-width: 832px) 100vw, 832px\" \/><\/h2>\n<h2><strong>C\u00f4ng th\u1ee9c n\u1ea5u C\u00e0 Ry s\u00fap l\u01a1 v\u1edbi ngh\u1ec7<\/strong><\/h2>\n<p>M\u00f3n C\u00e0 ri chay nhanh v\u00e0 ngon. S\u00fap l\u01a1, \u0111\u01b0\u1ee3c n\u1ea5u trong n\u01b0\u1edbc c\u1ed1t d\u1eeba v\u00e0 nhi\u1ec1u lo\u1ea1i gia v\u1ecb nh\u01b0 s\u1ea3, ngh\u1ec7, rau m\u00f9i v\u00e0 g\u1eebng xay t\u1ea1o cho m\u00f3n \u0103n nhi\u1ec1u h\u01b0\u01a1ng v\u1ecb cay. M\u1ed9t b\u1eefa \u0103n cho b\u1ed1n ng\u01b0\u1eddi v\u1edbi gia \u0111\u00ecnh ho\u1eb7c b\u1ea1n b\u00e8, c\u00f9ng v\u1edbi \u00a0&#8230; c\u01a1m, xo\u00e0i, t\u01b0\u01a1ng \u1edbt v\u00e0 s\u1eefa chua .<\/p>\n<h5><em><strong>Th\u00e0nh ph\u1ea7n<\/strong><\/em><\/h5>\n<ul>\n<li>1 mu\u1ed7ng canh d\u1ea7u h\u01b0\u1edbng d\u01b0\u01a1ng ho\u1eb7c d\u1ea7u th\u1ef1c v\u1eadt<\/li>\n<li>1 c\u1ee7 h\u00e0nh t\u00e2y th\u00e1i nh\u1ecf<\/li>\n<li>1 mu\u1ed7ng g\u1eebng n\u1ea1o, c\u1ed9ng 1 mu\u1ed7ng g\u1eebng \u0111\u00e3 c\u1eaft th\u00e0nh que di\u00eam<\/li>\n<li>10 l\u00e1 c\u00e0 ri<\/li>\n<li>1 thanh s\u1ea3,\u0111\u1eadp d\u1eadp<\/li>\n<li>1 mu\u1ed7ng canh\u00a0 b\u1ed9t c\u00e0 ri<\/li>\n<li>2 mu\u1ed7ng c\u00e0 ph\u00ea h\u1ea1t m\u00f9 t\u1ea1t \u0111en<\/li>\n<li>2 mu\u1ed7ng c\u00e0 ph\u00ea rau m\u00f9i<\/li>\n<li>1 mu\u1ed7ng c\u00e0 ph\u00ea b\u1ed9t ngh\u1ec7<\/li>\n<li>400g s\u1eefa d\u1eeba<\/li>\n<li>1 c\u00e2y s\u00fap l\u01a1, chia th\u00e0nh hoa nh\u1ecf v\u00e0 th\u00e2n c\u00e2y c\u1eaft th\u00e0nh h\u00ecnh tr\u1ee5<\/li>\n<li>Rau m\u00f9i nhi\u1ec1u l\u00e1,<\/li>\n<li>G\u1ea1o basmati,\u00a0 s\u1eefa chua ho\u1eb7c t\u01b0\u01a1ng xo\u00e0i \u0103n k\u00e8m.<\/li>\n<\/ul>\n<h2><img loading=\"lazy\" decoding=\"async\" class=\"wp-image-33026 aligncenter\" src=\"https:\/\/havamall.vn\/wp-content\/uploads\/2023\/11\/01h-300x200.jpeg\" alt=\"\" width=\"824\" height=\"549\" srcset=\"https:\/\/havamall.vn\/wp-content\/uploads\/2023\/11\/01h-300x200.jpeg 300w, https:\/\/havamall.vn\/wp-content\/uploads\/2023\/11\/01h-600x400.jpeg 600w, https:\/\/havamall.vn\/wp-content\/uploads\/2023\/11\/01h-1200x800.jpeg 1200w, https:\/\/havamall.vn\/wp-content\/uploads\/2023\/11\/01h-768x512.jpeg 768w, https:\/\/havamall.vn\/wp-content\/uploads\/2023\/11\/01h-1024x683.jpeg 1024w, https:\/\/havamall.vn\/wp-content\/uploads\/2023\/11\/01h.jpeg 2048w\" sizes=\"(max-width: 824px) 100vw, 824px\" \/><\/h2>\n<h5><em><strong>B\u01b0\u1edbc 1<\/strong><\/em><\/h5>\n<p>\u0110un n\u00f3ng d\u1ea7u trong ch\u1ea3o v\u1edbi n\u1eafp \u0111\u1eady. Th\u00eam h\u00e0nh t\u00e2y v\u00e0 c\u1ea3 hai lo\u1ea1i g\u1eebng v\u00e0 chi\u00ean nh\u1eb9 nh\u00e0ng cho \u0111\u1ebfn khi m\u1ec1m nh\u01b0ng kh\u00f4ng b\u1ecb \u0111\u1ed5i m\u00e0u. Th\u00eam l\u00e1 c\u00e0 ri, s\u1ea3 v\u00e0 gia v\u1ecb v\u00e0 chi\u00ean trong v\u00e0i ph\u00fat cho \u0111\u1ebfn khi c\u00f3 m\u00f9i th\u01a1m. Khu\u1ea5y trong s\u1eefa d\u1eeba v\u1edbi m\u1ed9t n\u1eeda n\u01b0\u1edbc, sau \u0111\u00f3 \u0111\u1eady n\u1eafp v\u00e0 \u0111un nh\u1ecf l\u1eeda trong 20 ph\u00fat.<\/p>\n<h5><em><strong>B\u01b0\u1edbc 2<\/strong><\/em><\/h5>\n<p>B\u1ecf vung, cho s\u00fap l\u01a1 v\u00e0o v\u00e0 \u0111un nh\u1ecf l\u1eeda (\u0111\u1eady l\u1ea1i n\u1eafp) trong 5-10 ph\u00fat cho \u0111\u1ebfn khi s\u00fap l\u01a1 m\u1ec1m. N\u00eam n\u1ebfm v\u1eeba \u0111\u1ee7, sau \u0111\u00f3 \u0103n v\u1edbi l\u00e1 rau m\u00f9i, g\u1ea1o basmati, s\u1eefa chua v\u00e0 t\u01b0\u01a1ng xo\u00e0i.<\/p>","protected":false},"excerpt":{"rendered":"<p>TH\u00d4NG TIN CHUNG Th\u01b0\u01a1ng hi\u1ec7u Everest Xu\u1ea5t x\u1ee9 \u1ea4n \u0110\u1ed9 Th\u00e0nh ph\u1ea7n 100% b\u1ed9t ngh\u1ec7 H\u1ea1n s\u1eed d\u1ee5ng 15 th\u00e1ng<\/p>","protected":false},"featured_media":33021,"comment_status":"open","ping_status":"closed","template":"","meta":[],"product_brand":[],"product_cat":[595,36,134],"product_tag":[],"class_list":{"0":"post-33020","1":"product","2":"type-product","3":"status-publish","4":"has-post-thumbnail","6":"product_cat-gia-vi-va-che-bien","7":"product_cat-thuc-pham-tieu-dung","8":"product_cat-thucpham-saykho","10":"first","11":"instock","12":"sale","13":"shipping-taxable","14":"purchasable","15":"product-type-simple"},"_links":{"self":[{"href":"https:\/\/havamall.vn\/en\/wp-json\/wp\/v2\/product\/33020"}],"collection":[{"href":"https:\/\/havamall.vn\/en\/wp-json\/wp\/v2\/product"}],"about":[{"href":"https:\/\/havamall.vn\/en\/wp-json\/wp\/v2\/types\/product"}],"replies":[{"embeddable":true,"href":"https:\/\/havamall.vn\/en\/wp-json\/wp\/v2\/comments?post=33020"}],"version-history":[{"count":0,"href":"https:\/\/havamall.vn\/en\/wp-json\/wp\/v2\/product\/33020\/revisions"}],"wp:featuredmedia":[{"embeddable":true,"href":"https:\/\/havamall.vn\/en\/wp-json\/wp\/v2\/media\/33021"}],"wp:attachment":[{"href":"https:\/\/havamall.vn\/en\/wp-json\/wp\/v2\/media?parent=33020"}],"wp:term":[{"taxonomy":"product_brand","embeddable":true,"href":"https:\/\/havamall.vn\/en\/wp-json\/wp\/v2\/product_brand?post=33020"},{"taxonomy":"product_cat","embeddable":true,"href":"https:\/\/havamall.vn\/en\/wp-json\/wp\/v2\/product_cat?post=33020"},{"taxonomy":"product_tag","embeddable":true,"href":"https:\/\/havamall.vn\/en\/wp-json\/wp\/v2\/product_tag?post=33020"}],"curies":[{"name":"wp","href":"https:\/\/api.w.org\/{rel}","templated":true}]}}