{"id":32986,"date":"2023-11-22T11:13:38","date_gmt":"2023-11-22T04:13:38","guid":{"rendered":"https:\/\/havamall.vn\/?post_type=product&#038;p=32986"},"modified":"2025-09-29T15:44:18","modified_gmt":"2025-09-29T08:44:18","slug":"banh-an-lien-gulab-jamun-haldirams-lon-1kg-gulab-jamun","status":"publish","type":"product","link":"https:\/\/havamall.vn\/en\/shop\/banh-an-lien-gulab-jamun-haldirams-lon-1kg-gulab-jamun\/","title":{"rendered":"B\u00e1nh \u0102n Li\u1ec1n Gulab Jamun Haldiram&#8217;s Lon 1kg &#8211; Gulab Jamun"},"content":{"rendered":"<h2><\/h2>\n<h2><strong>TH\u00d4NG TIN CHUNG<\/strong><\/h2>\n<table>\n<tbody>\n<tr>\n<td>Th\u01b0\u01a1ng hi\u1ec7u<\/td>\n<td>Haldiram&#8217;s<\/td>\n<\/tr>\n<tr>\n<td>Xu\u1ea5t x\u1ee9<\/td>\n<td>\u1ea4n \u0110\u1ed9<\/td>\n<\/tr>\n<tr>\n<td>Th\u00e0nh ph\u1ea7n<\/td>\n<td>\u0110\u01b0\u1eddng, n\u01b0\u1edbc, s\u1eefa kh\u00f4, d\u1ea7u c\u1ecd, b\u1ed9t m\u00ec tinh luy\u1ec7n, b\u1ed9t m\u00ec c\u1ee9ng<\/td>\n<\/tr>\n<tr>\n<td>H\u1ea1n s\u1eed d\u1ee5ng<\/td>\n<td>12 th\u00e1ng k\u1ec3 t\u1eeb ng\u00e0y s\u1ea3n xu\u1ea5t.<\/td>\n<\/tr>\n<tr>\n<td>B\u1ea3o qu\u1ea3n<\/td>\n<td>B\u1ea3o qu\u1ea3n n\u01a1i kh\u00f4 r\u00e1o tho\u00e1ng m\u00e1t, tr\u00e1nh \u00e1nh n\u1eafng tr\u1ef1c ti\u1ebfp<\/td>\n<\/tr>\n<tr>\n<td>\u00a0Kh\u1ed1i l\u01b0\u1ee3ng<\/td>\n<td>1kg<\/td>\n<\/tr>\n<\/tbody>\n<\/table>\n<p>Gulab jamun l\u00e0 m\u1ed9t m\u00f3n b\u00e1nh tr\u00e1ng mi\u1ec7ng c\u1ee7a ng\u01b0\u1eddi d\u00e2n\u00a0\u1ea4n \u0110\u1ed9, th\u01b0\u1eddng d\u00f9ng trong c\u00e1c d\u1ecbp l\u1ec5 h\u1ed9i nh\u01b0 m\u1eebng sinh nh\u1eadt, l\u1ec5 c\u01b0\u1edbi hay l\u1ec5 c\u1ee7a ng\u01b0\u1eddi H\u1ed3i gi\u00e1o. Tho\u1ea1t nh\u00ecn Gulab jamun gi\u1ed1ng nh\u01b0 nh\u1eefng vi\u00ean ch\u00e8 tr\u00f4i n\u01b0\u1edbc c\u1ee7a Vi\u1ec7t Nam nh\u01b0ng th\u1ef1c ra ch\u00fang ho\u00e0n to\u00e0n kh\u00e1c bi\u1ec7t.<\/p>\n<p>T\u00ean c\u1ee7a m\u00f3n \u0103n \u0111\u01b0\u1ee3c gh\u00e9p t\u1eeb hai t\u1eeb: gulab , ngh\u0129a l\u00e0 hoa h\u1ed3ng , v\u00e0 jamun , d\u00f9ng \u0111\u1ec3 ch\u1ec9 lo\u1ea1i qu\u1ea3 m\u1ecdng jamun c\u00f3 m\u00e0u t\u00edm. Ng\u01b0\u1eddi ta tin r\u1eb1ng m\u00f3n tr\u00e1ng mi\u1ec7ng n\u00e0y c\u00f3 ngu\u1ed3n g\u1ed1c t\u1eeb m\u1ed9t m\u00f3n tr\u00e1ng mi\u1ec7ng \u1ea2 R\u1eadp g\u1ecdi l\u00e0 luqmat al-qadi , tr\u1edf n\u00ean ph\u1ed5 bi\u1ebfn v\u00e0o th\u1eddi Mughal, khi c\u00e1c \u0111\u1ea7u b\u1ebfp \u1ea4n \u0110\u1ed9 t\u1ea1i c\u00e1c nh\u00e0 b\u1ebfp cung \u0111i\u1ec7n \u0111i\u1ec1u ch\u1ec9nh m\u00f3n \u0103n c\u1ee7a h\u1ecd b\u1eb1ng c\u00e1ch k\u1ebft h\u1ee3p c\u00e1c nguy\u00ean li\u1ec7u Ba T\u01b0 m\u1edbi \u0111\u1ebfn v\u1edbi h\u01b0\u01a1ng v\u1ecb \u1ea4n \u0110\u1ed9 gi\u00e1o c\u1ee7a ri\u00eang h\u1ecd.<\/p>\n<p><img fetchpriority=\"high\" decoding=\"async\" class=\"wp-image-32987 aligncenter\" src=\"https:\/\/havamall.com\/wp-content\/uploads\/2025\/09\/105601213_944830185980980_3318681697108319192_n-300x300.png\" alt=\"\" width=\"873\" height=\"873\" \/><\/p>\n<p>D\u1ea7n d\u1ea7n gulab jamun d\u1ea7n d\u1ea7n ph\u1ed5 bi\u1ebfn \u1edf c\u00e1c n\u01b0\u1edbc l\u00e1ng gi\u1ec1ng v\u00e0 khu v\u1ef1c Nam \u00c1. Th\u1eddi gian g\u1ea7n \u0111\u00e2y, gulab jamun c\u0169ng \u0111\u00e3 c\u1eadp b\u1ebfn sang n\u01b0\u1edbc ta. B\u00e1nh c\u00f3 m\u00e0u s\u1eafc kh\u00e1 b\u1eaft m\u1eaft v\u00e0 h\u1ea5p d\u1eabn.<\/p>\n<p>Nh\u1eefng vi\u00ean b\u00e1nh s\u1eefa gulab jamun Haldiram&#8217;s gi\u00f2n r\u1ee5m sau khi chi\u00ean s\u1ebd \u0111\u01b0\u1ee3c ng\u00e2m trong ph\u1ea7n n\u01b0\u1edbc \u0111\u01b0\u1eddng c\u00f3 m\u1ed9t ch\u00fat h\u01b0\u01a1ng v\u1ecb hoa h\u1ed3ng v\u00e0 m\u1ed9t s\u1ed1 gia v\u1ecb kh\u00e1c. Khi th\u01b0\u1edfng th\u1ee9c b\u00e1nh v\u1eabn c\u00f2n \u0111\u1ed9 gi\u00f2n v\u00e0 c\u00f3 v\u1ecb ng\u1ecdt v\u1eeba ph\u1ea3i k\u00e8m theo h\u01b0\u01a1ng hoa h\u1ed3ng t\u1ecfa ra s\u1ebd khi\u1ebfn b\u1ea1n ngon mi\u1ec7ng v\u00e0 tr\u00f2n v\u1ecb h\u01a1n.<\/p>\n<p><img decoding=\"async\" class=\"wp-image-32988 aligncenter\" src=\"https:\/\/havamall.com\/wp-content\/uploads\/2025\/09\/179996481_1949706231848267_6466714511807362401_n-300x300.jpg\" alt=\"\" width=\"864\" height=\"864\" \/><\/p>\n<p>Ng\u01b0\u1eddi d\u00e2n \u1ea4n l\u00e0m gulab jamun t\u1eeb m\u1ed9t lo\u1ea1i b\u1ed9t nh\u00e3o c\u00f3 th\u00e0nh ph\u1ea7n ch\u00ednh l\u00e0 s\u1eefa v\u00e0 lo\u1ea1i s\u1eefa n\u00e0y l\u00e0 m\u1ed9t lo\u1ea1i s\u1eefa truy\u1ec1n th\u1ed1ng c\u1ee7a ng\u01b0\u1eddi \u1ea4n \u0110\u1ed9, v\u00ec v\u1eady b\u00e1nh c\u00f2n d\u01b0\u1ee3c g\u1ecdi l\u00e0 b\u00e1nh s\u1eefa chi\u00ean. C\u00e1ch l\u00e0m b\u00e1nh n\u00e0y c\u0169ng kh\u00e1 \u0111\u01a1n gi\u1ea3n v\u00e0 d\u1ec5. Ch\u1ec9 c\u1ea7n tr\u1ed9n b\u1ed9t r\u1ed3i n\u1eb7n th\u00e0nh t\u1eebng vi\u00ean sau \u0111\u00f3 \u0111em \u0111i chi\u00ean.<\/p>\n<p><img decoding=\"async\" class=\"wp-image-32989 aligncenter\" src=\"https:\/\/havamall.com\/wp-content\/uploads\/2025\/09\/GulabJamun3Pc-300x277.png\" alt=\"\" width=\"863\" height=\"797\" \/><\/p>\n<p>Nh\u1eefng vi\u00ean b\u00e1nh s\u1eefa gi\u00f2n r\u1ee5m sau khi chi\u00ean s\u1ebd \u0111\u01b0\u1ee3c ng\u00e2m trong ph\u1ea7n n\u01b0\u1edbc \u0111\u01b0\u1eddng c\u00f3 m\u1ed9t ch\u00fat h\u01b0\u01a1ng v\u1ecb hoa h\u1ed3ng v\u00e0 m\u1ed9t s\u1ed1 gia v\u1ecb kh\u00e1c. Khi th\u01b0\u1edfng th\u1ee9c b\u00e1nh v\u1eabn c\u00f2n \u0111\u1ed9 gi\u00f2n v\u00e0 c\u00f3 v\u1ecb ng\u1ecdt v\u1eeba ph\u1ea3i k\u00e8m theo h\u01b0\u01a1ng hoa h\u1ed3ng nh\u00e8 nh\u1eb9. B\u00e1nh gulab jamun Haldiram&#8217;s c\u00f3 v\u1ecb ng\u1ecdt ng\u00e0o, \u0111\u1eadm \u0111\u00e0 v\u00e0 r\u1ea5t l\u1ea1 mi\u1ec7ng v\u1edbi nh\u1eefng lo\u1ea1i h\u01b0\u01a1ng li\u1ec7u v\u00e0 gia v\u1ecb \u0111\u1eb7c tr\u01b0ng c\u1ee7a \u1ea4n \u0110\u1ed9.<\/p>\n<p>B\u00e1nh s\u1eefa tr\u1ee9ng Gulab Jamun c\u00f3 th\u1ec3 \u0111\u01b0\u1ee3c ph\u1ee5c v\u1ee5 theo nhi\u1ec1u c\u00e1ch nh\u01b0 m\u1ed9t m\u00f3n tr\u00e1ng mi\u1ec7ng v\u00e0 th\u01b0\u1eddng \u0111\u01b0\u1ee3c \u0103n nhi\u1ec1u t\u1ea1i c\u00e1c l\u1ec5 h\u1ed9i, h\u00f4n nh\u00e2n ho\u1eb7c l\u1ec5 k\u1ef7 ni\u1ec7m l\u1edbn.<\/p>\n<p><img loading=\"lazy\" decoding=\"async\" class=\"wp-image-32990 aligncenter\" src=\"https:\/\/havamall.com\/wp-content\/uploads\/2025\/09\/n16swnw01_1_1-300x300.jpg\" alt=\"\" width=\"864\" height=\"864\" \/><\/p>","protected":false},"excerpt":{"rendered":"<p>TH\u00d4NG TIN CHUNG Th\u01b0\u01a1ng hi\u1ec7u Haldiram&#8217;s Xu\u1ea5t x\u1ee9 \u1ea4n \u0110\u1ed9 Th\u00e0nh ph\u1ea7n \u0110\u01b0\u1eddng, n\u01b0\u1edbc, s\u1eefa kh\u00f4, d\u1ea7u c\u1ecd, b\u1ed9t m\u00ec<\/p>","protected":false},"featured_media":32992,"comment_status":"open","ping_status":"closed","template":"","meta":[],"product_brand":[],"product_cat":[36,133],"product_tag":[],"class_list":{"0":"post-32986","1":"product","2":"type-product","3":"status-publish","4":"has-post-thumbnail","6":"product_cat-thuc-pham-tieu-dung","7":"product_cat-banh-keo-chocolate","9":"first","10":"outofstock","11":"sale","12":"shipping-taxable","13":"purchasable","14":"product-type-simple"},"_links":{"self":[{"href":"https:\/\/havamall.vn\/en\/wp-json\/wp\/v2\/product\/32986"}],"collection":[{"href":"https:\/\/havamall.vn\/en\/wp-json\/wp\/v2\/product"}],"about":[{"href":"https:\/\/havamall.vn\/en\/wp-json\/wp\/v2\/types\/product"}],"replies":[{"embeddable":true,"href":"https:\/\/havamall.vn\/en\/wp-json\/wp\/v2\/comments?post=32986"}],"version-history":[{"count":0,"href":"https:\/\/havamall.vn\/en\/wp-json\/wp\/v2\/product\/32986\/revisions"}],"wp:featuredmedia":[{"embeddable":true,"href":"https:\/\/havamall.vn\/en\/wp-json\/wp\/v2\/media\/32992"}],"wp:attachment":[{"href":"https:\/\/havamall.vn\/en\/wp-json\/wp\/v2\/media?parent=32986"}],"wp:term":[{"taxonomy":"product_brand","embeddable":true,"href":"https:\/\/havamall.vn\/en\/wp-json\/wp\/v2\/product_brand?post=32986"},{"taxonomy":"product_cat","embeddable":true,"href":"https:\/\/havamall.vn\/en\/wp-json\/wp\/v2\/product_cat?post=32986"},{"taxonomy":"product_tag","embeddable":true,"href":"https:\/\/havamall.vn\/en\/wp-json\/wp\/v2\/product_tag?post=32986"}],"curies":[{"name":"wp","href":"https:\/\/api.w.org\/{rel}","templated":true}]}}