{"id":32971,"date":"2023-11-15T16:56:58","date_gmt":"2023-11-15T09:56:58","guid":{"rendered":"https:\/\/havamall.vn\/?post_type=product&#038;p=32971"},"modified":"2024-03-25T09:50:44","modified_gmt":"2024-03-25T02:50:44","slug":"thit-heo-ma-dui-muoi-300g-nhap-khau-y-prosciutto-crudo","status":"publish","type":"product","link":"https:\/\/havamall.vn\/en\/shop\/thit-heo-ma-dui-muoi-300g-nhap-khau-y-prosciutto-crudo\/","title":{"rendered":"Th\u1ecbt Heo M\u00e1 \u0110\u00f9i Mu\u1ed1i 100g Nh\u1eadp Kh\u1ea9u \u00dd &#8211; Prosciutto Crudo"},"content":{"rendered":"<div class=\"x11i5rnm xat24cr x1mh8g0r x1vvkbs xtlvy1s x126k92a\">\n<div dir=\"auto\"><\/div>\n<div dir=\"auto\">\n<h2><strong>TH\u00d4NG TIN CHUNG<\/strong><\/h2>\n<table>\n<tbody>\n<tr>\n<td>Th\u01b0\u01a1ng hi\u1ec7u<\/td>\n<td>Havafoodies<\/td>\n<\/tr>\n<tr>\n<td>Xu\u1ea5t x\u1ee9<\/td>\n<td>\u00dd<\/td>\n<\/tr>\n<tr>\n<td>Th\u00e0nh ph\u1ea7n<\/td>\n<td>Th\u1ecbt m\u00e1 \u0111\u00f9i l\u1ee3n mu\u1ed1i<\/td>\n<\/tr>\n<tr>\n<td>H\u1ea1n s\u1eed d\u1ee5ng<\/td>\n<td>8 th\u00e1ng k\u1ec3 t\u1eeb ng\u00e0y s\u1ea3n xu\u1ea5t.<\/td>\n<\/tr>\n<tr>\n<td>B\u1ea3o qu\u1ea3n<\/td>\n<td>B\u1ea3o qu\u1ea3n \u1edf nhi\u1ec7t \u0111\u1ed9 0-4 \u0111\u1ed9 C<\/td>\n<\/tr>\n<tr>\n<td>\u00a0Kh\u1ed1i l\u01b0\u1ee3ng<\/td>\n<td>100g<\/td>\n<\/tr>\n<\/tbody>\n<\/table>\n<\/div>\n<p dir=\"auto\">Th\u1ecbt heo mu\u1ed1i c\u1eaft l\u00e1t (Prosciutto Crudo hay c\u00f2n g\u1ecdi l\u00e0 \u201cham\u201d trong Ti\u1ebfng \u00dd) \u0111\u01b0\u1ee3c l\u00e0m t\u1eeb th\u1ecbt ch\u00e2n sau c\u1ee7a heo. Nh\u1edd tr\u1ea3i qua qu\u00e1 tr\u00ecnh \u1ee7 kh\u00f4 18 th\u00e1ng v\u1edbi nhi\u1ec7t \u0111\u1ed9 v\u00e0 \u0111\u1ed9 \u1ea9m ph\u00f9 h\u1ee3p, th\u1ecbt heo mu\u1ed1i Havafoodies \u0111\u1ea1t \u0111\u01b0\u1ee3c \u0111\u00fang h\u01b0\u01a1ng v\u1ecb th\u01a1m ngon \u0111\u1eb7c bi\u1ec7t.<\/p>\n<div dir=\"auto\">\n<p>Th\u1ecbt heo mu\u1ed1i c\u1eaft l\u00e1t Havafoodies l\u00e0 s\u1ea3n ph\u1ea9m \u0111\u01b0\u1ee3c l\u00e0m t\u1eeb nh\u1eefng mi\u1ebfng th\u1ecbt l\u1ee3n ngon nh\u1ea5t \u0111\u01b0\u1ee3c ch\u1ecdn l\u1ecdc \u0111\u1ec3 c\u00f3 \u0111\u01b0\u1ee3c s\u1ea3n ph\u1ea9m ho\u00e0n to\u00e0n t\u1ef1 nhi\u00ean sau qu\u00e1 tr\u00ecnh \u01b0\u1edbp mu\u1ed1i v\u00e0 x\u1eed l\u00fd \u0111\u1ec3 \u0111\u1ea1t \u0111\u01b0\u1ee3c h\u01b0\u01a1ng v\u1ecb v\u00e0 m\u00f9i th\u01a1m t\u1ed1t nh\u1ea5t.<\/p>\n<p><img fetchpriority=\"high\" decoding=\"async\" class=\"wp-image-32973 aligncenter\" src=\"https:\/\/havamall.vn\/wp-content\/uploads\/2023\/11\/Foto-60-min-scaled-300x200.jpeg\" alt=\"\" width=\"869\" height=\"579\" srcset=\"https:\/\/havamall.vn\/wp-content\/uploads\/2023\/11\/Foto-60-min-scaled-300x200.jpeg 300w, https:\/\/havamall.vn\/wp-content\/uploads\/2023\/11\/Foto-60-min-scaled-600x400.jpeg 600w, https:\/\/havamall.vn\/wp-content\/uploads\/2023\/11\/Foto-60-min-scaled-1200x800.jpeg 1200w, https:\/\/havamall.vn\/wp-content\/uploads\/2023\/11\/Foto-60-min-scaled-768x512.jpeg 768w, https:\/\/havamall.vn\/wp-content\/uploads\/2023\/11\/Foto-60-min-scaled-1024x683.jpeg 1024w\" sizes=\"(max-width: 869px) 100vw, 869px\" \/><\/p>\n<div>\n<p>N\u00f3 c\u00f3 m\u00e0u \u0111\u1eb7c tr\u01b0ng chuy\u1ec3n t\u1eeb h\u1ed3ng sang \u0111\u1ecf t\u00eda, m\u1ed9t ph\u1ea7n n\u1ea1c v\u00e0 m\u1ee1 b\u00f3ng. N\u00f3 c\u00f3 m\u1ed9t h\u01b0\u01a1ng v\u1ecb tinh t\u1ebf, h\u01a1i m\u1eb7n v\u00e0 m\u00f9i th\u01a1m d\u1ec5 ch\u1ecbu v\u00e0 \u0111\u1eb7c tr\u01b0ng. K\u1ebft c\u1ea5u c\u1ee7a n\u00f3 l\u00e0 \u0111\u1ed3ng nh\u1ea5t v\u00e0 kh\u00f4ng nhi\u1ec1u x\u01a1. \u0110\u00f3 l\u00e0 m\u1ed9t m\u00f3n qu\u00e0 ho\u00e0n h\u1ea3o.<\/p>\n<p>Th\u1ecbt heo mu\u1ed1i c\u00f3 th\u1ec3 \u0111\u01b0\u1ee3c \u0103n b\u1eb1ng nhi\u1ec1u c\u00e1ch nh\u01b0 \u0103n k\u00e8m b\u00e1nh m\u00ec n\u01b0\u1edbng gi\u00f2n ho\u1eb7c l\u00e0m m\u00f3n khai v\u1ecb trong c\u00e1c bu\u1ed5i ti\u1ec7c, \u0111\u01a1n gi\u1ea3n h\u01a1n l\u00e0 c\u1ee9 c\u1eaft \u0111\u00f9i l\u1ee3n th\u00e0nh l\u00e1t th\u1eadt m\u1ecfng \u0111\u1ec3 th\u01b0\u1edfng th\u1ee9c c\u0169ng \u0111\u1ee7 c\u1ea3m nh\u1eadn \u0111\u01b0\u1ee3c v\u1ecb b\u00e9o th\u01a1m, v\u1ecb m\u1eb7n \u0111\u1eadm \u0111\u00e0 c\u1ee7a mu\u1ed1i th\u1ea5m v\u00e0o t\u1eebng th\u1edb th\u1ecbt.<\/p>\n<p><img decoding=\"async\" class=\"wp-image-32974 aligncenter\" src=\"https:\/\/havamall.vn\/wp-content\/uploads\/2023\/11\/prosciutto-crudo-grotto-300x132.jpeg\" alt=\"\" width=\"877\" height=\"386\" srcset=\"https:\/\/havamall.vn\/wp-content\/uploads\/2023\/11\/prosciutto-crudo-grotto-300x132.jpeg 300w, https:\/\/havamall.vn\/wp-content\/uploads\/2023\/11\/prosciutto-crudo-grotto-600x264.jpeg 600w, https:\/\/havamall.vn\/wp-content\/uploads\/2023\/11\/prosciutto-crudo-grotto-1200x528.jpeg 1200w, https:\/\/havamall.vn\/wp-content\/uploads\/2023\/11\/prosciutto-crudo-grotto-768x338.jpeg 768w, https:\/\/havamall.vn\/wp-content\/uploads\/2023\/11\/prosciutto-crudo-grotto-1024x450.jpeg 1024w\" sizes=\"(max-width: 877px) 100vw, 877px\" \/><\/p>\n<p>Th\u1ecbt heo mu\u1ed1i c\u1eaft l\u00e1t Havafoodies\u00a0\u0111\u01b0\u1ee3c l\u1ea5y t\u1eeb ph\u1ea7n \u0111\u00f9i tr\u01b0\u1edbc\u00a0c\u1ee7a l\u1ee3n v\u00e0 \u0111\u01b0\u1ee3c c\u1eaft l\u00e1t s\u1eb5n r\u1ea5t ti\u1ec7n d\u1ee5ng.\u00a0Qu\u00e1 tr\u00ecnh s\u1ea3n xu\u1ea5t ho\u00e0n to\u00e0n th\u1ee7 c\u00f4ng v\u00e0\u00a0qu\u00e1 tr\u00ecnh tinh ch\u1ebf\u00a0\u00a0\u0111\u01b0\u1ee3c th\u1ef1c hi\u1ec7n trong c\u00e1c\u00a0m\u00e1y s\u1ea5y t\u1ef1 nhi\u00ean.\u00a0M\u1ed9t quy tr\u00ecnh th\u1ee7 c\u00f4ng, ch\u1eadm r\u00e3i,\u00a0ti\u1ebfp x\u00fac v\u1edbi\u00a0\u00a0kh\u00f4ng kh\u00ed v\u00f9ng n\u00fai kh\u00f4 l\u1ea1nh.<\/p>\n<p>Th\u1ecbt heo mu\u1ed1i c\u1eaft l\u00e1t Havafoodies c\u00f3 k\u1ebft c\u1ea5u s\u1edb th\u1ecbt m\u1ec1m m\u1ea1i, m\u1ecbn, mang v\u1ecb ng\u1ecdt \u0111\u1eb7c tr\u01b0ng c\u1ee7a protein,\u00a0v\u1ecb b\u00e9o ng\u1eady m\u00e0 kh\u00f4ng ng\u00e1n,\u00a0mi\u1ebfng th\u1ecbt kh\u00f4ng\u00a0b\u1ecb kh\u00f4 do c\u00e1c v\u00e2n th\u1ecbt lu\u00f4n xen k\u1ebd c\u00e1c v\u00e2n m\u1ee1 m\u1ed9t c\u00e1ch ho\u00e0n h\u1ea3o.<\/p>\n<p><img decoding=\"async\" class=\"wp-image-32975 aligncenter\" src=\"https:\/\/havamall.vn\/wp-content\/uploads\/2023\/11\/0822_ADD06_Prosciutto-Egg-Hole_493_SQ_Web-300x300.jpeg\" alt=\"\" width=\"870\" height=\"870\" srcset=\"https:\/\/havamall.vn\/wp-content\/uploads\/2023\/11\/0822_ADD06_Prosciutto-Egg-Hole_493_SQ_Web-300x300.jpeg 300w, https:\/\/havamall.vn\/wp-content\/uploads\/2023\/11\/0822_ADD06_Prosciutto-Egg-Hole_493_SQ_Web-600x600.jpeg 600w, https:\/\/havamall.vn\/wp-content\/uploads\/2023\/11\/0822_ADD06_Prosciutto-Egg-Hole_493_SQ_Web-150x150.jpeg 150w, https:\/\/havamall.vn\/wp-content\/uploads\/2023\/11\/0822_ADD06_Prosciutto-Egg-Hole_493_SQ_Web-768x768.jpeg 768w, https:\/\/havamall.vn\/wp-content\/uploads\/2023\/11\/0822_ADD06_Prosciutto-Egg-Hole_493_SQ_Web-100x100.jpeg 100w, https:\/\/havamall.vn\/wp-content\/uploads\/2023\/11\/0822_ADD06_Prosciutto-Egg-Hole_493_SQ_Web.jpeg 850w\" sizes=\"(max-width: 870px) 100vw, 870px\" \/><\/p>\n<h2><strong>\u0110\u1eb6C \u0110I\u1ec2M C\u1ee6A TH\u1ecaT L\u1ee2N MU\u1ed0I HAVAFOODIES<\/strong><\/h2>\n<p>&#8211; Th\u1ecbt heo ch\u1ea5t l\u01b0\u1ee3ng nh\u1ea5t th\u1ebf gi\u1edbi<\/p>\n<p>&#8211; Nh\u1edd vi\u1ec7c th\u01b0\u1eddng xuy\u00ean di chuy\u1ec3n, \u0103n t\u1ef1 nhi\u00ean h\u1ea1t d\u1ebb s\u1ed3i m\u00e0 th\u1ecbt c\u00f3 k\u1ebft c\u1ea5u m\u1ecbn, nhi\u1ec1u v\u00e2n th\u1edb, c\u1ea5u tr\u00fac th\u1ecbt ch\u1eafc,\u00a0 kh\u00f4ng c\u00f3 nhi\u1ec1u m\u1ee1 t\u00edch t\u1ee5,\u00a0 h\u01b0\u01a1ng v\u1ecb th\u01a1m ngon \u0111\u1eb7c bi\u1ec7t.<\/p>\n<p>&#8211; Kh\u00f4ng d\u00f9ng ch\u1ea5t t\u0103ng tr\u1ecdng, kh\u00f4ng d\u00f9ng thu\u1ed1c kh\u00e1ng sinh n\u00ean r\u1ea5t t\u1ed1t cho tr\u1ebb em.<\/p>\n<p>&#8211; Quy tr\u00ecnh s\u1ea3n xu\u1ea5t, gi\u1ebft m\u1ed5 v\u00e0 \u0111\u00f3ng g\u00f3i t\u1ea1i \u00dd theo ti\u00eau chu\u1ea9n nghi\u00eam ng\u1eb7t c\u1ee7a Ch\u00e2u \u00c2u.<\/p>\n<p>&#8211; An to\u00e0n v\u00e0 gi\u00e0u ch\u1ea5t dinh d\u01b0\u1ee1ng cho s\u1ee9c kh\u1ecfe.<\/p>\n<\/div>\n<\/div>\n<\/div>\n<div class=\"x11i5rnm xat24cr x1mh8g0r x1vvkbs xtlvy1s x126k92a\">\n<p><strong><br \/>\n<img loading=\"lazy\" decoding=\"async\" class=\"wp-image-32976 aligncenter\" src=\"https:\/\/havamall.vn\/wp-content\/uploads\/2023\/11\/385725f5f2c54311ac902a7d2f869803-300x180.jpeg\" alt=\"\" width=\"880\" height=\"528\" srcset=\"https:\/\/havamall.vn\/wp-content\/uploads\/2023\/11\/385725f5f2c54311ac902a7d2f869803-300x180.jpeg 300w, https:\/\/havamall.vn\/wp-content\/uploads\/2023\/11\/385725f5f2c54311ac902a7d2f869803-600x360.jpeg 600w, https:\/\/havamall.vn\/wp-content\/uploads\/2023\/11\/385725f5f2c54311ac902a7d2f869803-768x461.jpeg 768w, https:\/\/havamall.vn\/wp-content\/uploads\/2023\/11\/385725f5f2c54311ac902a7d2f869803-1024x614.jpeg 1024w, https:\/\/havamall.vn\/wp-content\/uploads\/2023\/11\/385725f5f2c54311ac902a7d2f869803.jpeg 1200w\" sizes=\"(max-width: 880px) 100vw, 880px\" \/><\/strong><\/p>\n<h2><strong>QUY TR\u00ccNH CH\u1ebe BI\u1ebeN TH\u00c0NH PH\u1ea8M<\/strong><\/h2>\n<p>&gt; Sau khi nh\u00e0 s\u1ea3n xu\u1ea5t \u0111\u00e3 x\u00e1c minh r\u1eb1ng m\u1ecdi th\u1ee9 \u0111\u1ec1u \u0111\u1ea1t ti\u00eau chu\u1ea9n v\u1edbi nguy\u00ean li\u1ec7u th\u00f4, th\u1ecbt s\u1ebd \u0111\u01b0\u1ee3c \u0111\u01b0a \u0111\u1ebfn ph\u00f2ng \u01b0\u1edbp mu\u1ed1i v\u00e0 \u01b0\u1edbp mu\u1ed1i bi\u1ec3n v\u00e0 mu\u1ed1i nit\u01a1 gi\u00fap h\u00fat \u1ea9m nh\u1eb9, gi\u1ea3m \u0111\u1ed9 \u1ea9m v\u00e0 \u0111\u1ea9y nhanh qu\u00e1 tr\u00ecnh ch\u1ebf bi\u1ebfn.<\/p>\n<p>&gt; C\u00e1ch l\u00e0m \u0111\u00f9i l\u1ee3n mu\u1ed1i g\u1ed3m ph\u00e2n lo\u1ea1i \u0111\u00f9i, c\u1eaft b\u1edbt ph\u1ea7n m\u1ee1, da, g\u00e2n, sau \u0111\u00f3 \u01b0\u1edbp mu\u1ed1i 1-2 tu\u1ea7n (ph\u1ee5 thu\u1ed9c v\u00e0o tr\u1ecdng l\u01b0\u1ee3ng th\u1ecbt) trong c\u00e1c th\u00f9ng ch\u1ee9a, r\u1eeda s\u1ea1ch b\u1eb1ng n\u01b0\u1edbc r\u1ed3i \u0111\u01b0\u1ee3c gi\u1eef cho mu\u1ed1i th\u1ea5m \u0111\u1ec1u v\u00e0o th\u1ecbt v\u00e0 kh\u00f4 \u0111i trong kho\u1ea3ng 1-2 th\u00e1ng.<\/p>\n<p>&gt; K\u1ebf ti\u1ebfp \u0111\u00f9i l\u1ee3n \u0111\u01b0\u1ee3c \u0111em treo tr\u00ean gi\u00e1 cao, \u0111\u01b0a v\u00e0o c\u00e1c ph\u00f2ng l\u1ea1nh t\u1eeb -1 \u0111\u1ebfn 12 \u0111\u1ed9 C trong kho\u1ea3ng 6 th\u00e1ng, th\u1ecbt s\u1ebd d\u1ea7n th\u00e0nh ph\u1ea9m khi c\u00e1c d\u01b0\u1ee1ng ch\u1ea5t, protein, ch\u1ea5t b\u00e9o\u2026 bi\u1ebfn \u0111\u1ed5i. Cu\u1ed1i c\u00f9ng \u0111\u00f9i l\u1ee3n \u0111\u01b0\u1ee3c chuy\u1ec3n v\u00e0o c\u00e1c ph\u00f2ng b\u1ea3o qu\u1ea3n c\u00f3 \u0111i\u1ec1u ki\u1ec7n bi\u1ebfn \u0111\u1ed5i theo m\u00f9a khi\u1ebfn 40% tr\u1ecdng l\u01b0\u1ee3ng \u0111\u00f9i tan \u0111i.<\/p>\n<p><img loading=\"lazy\" decoding=\"async\" class=\"wp-image-32977 aligncenter\" src=\"https:\/\/havamall.vn\/wp-content\/uploads\/2023\/11\/Screen-Shot-2023-11-15-at-4.53.36-PM-300x171.png\" alt=\"\" width=\"888\" height=\"506\" srcset=\"https:\/\/havamall.vn\/wp-content\/uploads\/2023\/11\/Screen-Shot-2023-11-15-at-4.53.36-PM-300x171.png 300w, https:\/\/havamall.vn\/wp-content\/uploads\/2023\/11\/Screen-Shot-2023-11-15-at-4.53.36-PM-600x342.png 600w, https:\/\/havamall.vn\/wp-content\/uploads\/2023\/11\/Screen-Shot-2023-11-15-at-4.53.36-PM-1200x683.png 1200w, https:\/\/havamall.vn\/wp-content\/uploads\/2023\/11\/Screen-Shot-2023-11-15-at-4.53.36-PM-768x437.png 768w, https:\/\/havamall.vn\/wp-content\/uploads\/2023\/11\/Screen-Shot-2023-11-15-at-4.53.36-PM-1024x583.png 1024w, https:\/\/havamall.vn\/wp-content\/uploads\/2023\/11\/Screen-Shot-2023-11-15-at-4.53.36-PM.png 1256w\" sizes=\"(max-width: 888px) 100vw, 888px\" \/><\/p>\n<p>&gt; S\u1ea3n ph\u1ea9m s\u1ebd \u0111\u01b0\u1ee3c treo trong m\u1ed9t c\u0103n ph\u00f2ng c\u00f3 kh\u1ea3 n\u0103ng th\u00f4ng gi\u00f3 t\u1ed1t, nhi\u1ec7t \u0111\u1ed9 s\u1ebd t\u0103ng d\u1ea7n theo th\u1eddi gian, b\u1eaft \u0111\u1ea7u \u1edf kho\u1ea3ng 6 \u00b0 C v\u00e0 t\u0103ng l\u00ean 34 \u00b0 C v\u1edbi \u0111\u1ed9 \u1ea9m kho\u1ea3ng 80%. Khi nhi\u1ec7t \u0111\u1ed9 t\u0103ng l\u00ean, gi\u0103m b\u00f4ng tr\u1ea3i qua m\u1ed9t qu\u00e1 tr\u00ecnh ti\u1ebft d\u1ecbch ch\u1eadm, d\u1ea7n d\u1ea7n c\u00f3 \u0111\u01b0\u1ee3c t\u1ea5t c\u1ea3 c\u00e1c \u0111\u1eb7c t\u00ednh v\u1ec1 h\u01b0\u01a1ng v\u1ecb, m\u00f9i th\u01a1m v\u00e0 h\u00ecnh th\u1ee9c m\u00e0 ch\u00fang ta bi\u1ebft \u0111\u1ebfn v\u1edbi lo\u1ea1i jamon ngon nh\u1ea5t.<\/p>\n<p>&gt; B\u01b0\u1edbc cu\u1ed1i c\u00f9ng trong vi\u1ec7c\u00a0ch\u1ebf bi\u1ebfn th\u1ecbt mu\u1ed1i l\u00e0 h\u1ea7m b\u1ea3o d\u01b0\u1ee1ng ho\u1eb7c l\u00e3o h\u00f3a. \u0110\u00e2y l\u00e0 m\u1ed9t c\u00f4ng vi\u1ec7c ph\u1ee9c t\u1ea1p th\u01b0\u1eddng \u0111\u01b0\u1ee3c quy\u1ebft \u0111\u1ecbnh theo kinh nghi\u1ec7m \u200b\u200bc\u00e1 nh\u00e2n c\u1ee7a m\u1ed9t chuy\u00ean gia h\u01a1n l\u00e0 theo b\u1ea5t k\u1ef3 c\u00f4ng th\u1ee9c n\u00e0o, v\u00e0 \u0111\u00f3 l\u00e0 m\u1ed9t trong nh\u1eefng y\u1ebfu t\u1ed1 \u1ea3nh h\u01b0\u1edfng nhi\u1ec1u nh\u1ea5t \u0111\u1ebfn ch\u1ea5t l\u01b0\u1ee3ng v\u00e0 gi\u00e1 c\u1ea3.<\/p>\n<p>&gt; Th\u01b0\u1eddng th\u00ec giai \u0111o\u1ea1n cu\u1ed1i n\u00e0y c\u00f3 th\u1ec3 k\u00e9o d\u00e0i 1-2 n\u0103m.<\/p>\n<h2><img loading=\"lazy\" decoding=\"async\" class=\"wp-image-32978 aligncenter\" src=\"https:\/\/havamall.vn\/wp-content\/uploads\/2023\/11\/Hamburger-con-prosciutto-crudo-di-San-Daniele_09-300x200.jpeg\" alt=\"\" width=\"879\" height=\"586\" srcset=\"https:\/\/havamall.vn\/wp-content\/uploads\/2023\/11\/Hamburger-con-prosciutto-crudo-di-San-Daniele_09-300x200.jpeg 300w, https:\/\/havamall.vn\/wp-content\/uploads\/2023\/11\/Hamburger-con-prosciutto-crudo-di-San-Daniele_09-600x400.jpeg 600w, https:\/\/havamall.vn\/wp-content\/uploads\/2023\/11\/Hamburger-con-prosciutto-crudo-di-San-Daniele_09-1200x801.jpeg 1200w, https:\/\/havamall.vn\/wp-content\/uploads\/2023\/11\/Hamburger-con-prosciutto-crudo-di-San-Daniele_09-768x512.jpeg 768w, https:\/\/havamall.vn\/wp-content\/uploads\/2023\/11\/Hamburger-con-prosciutto-crudo-di-San-Daniele_09-1024x683.jpeg 1024w\" sizes=\"(max-width: 879px) 100vw, 879px\" \/><\/h2>\n<h2><strong>5 C\u00c1CH CH\u1ebe BI\u1ebeN TH\u1ecaT HEO MU\u1ed0I C\u1eaeT L\u00c1T<\/strong><\/h2>\n<\/div>\n<div class=\"x11i5rnm xat24cr x1mh8g0r x1vvkbs xtlvy1s x126k92a\">\n<div dir=\"auto\">&gt; Th\u1ecbt heo mu\u1ed1i v\u00e0 tr\u1ee9ng lu\u00f4n l\u00e0 m\u1ed9t \u201cperfect pairing\u201d cho b\u1eefa s\u00e1ng dinh d\u01b0\u1ee1ng v\u00e0 n\u0103ng l\u01b0\u1ee3ng. \u0110\u01a1n gi\u1ea3n ch\u1ec9 c\u1ea7n k\u1ebft h\u1ee3p v\u00e0i l\u00e1t th\u1ecbt heo mu\u1ed1i v\u1edbi tr\u1ee9ng chi\u00ean, b\u1ea1n \u0111\u00e3 c\u00f3 ngay m\u00f3n \u0103n s\u00e1ng th\u01a1m ngon v\u00e0 d\u01b0\u1ee1ng ch\u1ea5t. Parma ham cu\u1ed1n quanh b\u00e1nh m\u1ef3, m\u0103ng t\u00e2y sau \u0111\u00f3 nh\u00fang v\u00e0o tr\u1ee9ng tr\u1ea7n l\u00f2ng \u0111\u00e0o c\u0169ng l\u00e0 m\u1ed9t b\u1eefa s\u00e1ng tuy\u1ec7t v\u1eddi cho ng\u00e0y m\u1edbi. Ngo\u00e0i ra, ta c\u0169ng c\u00f3 th\u1ec3 thay th\u1ebf b\u00e1nh m\u1ef3 b\u1eb1ng b\u00e1nh croissant ho\u1eb7c galette .<\/div>\n<\/div>\n<div class=\"x11i5rnm xat24cr x1mh8g0r x1vvkbs xtlvy1s x126k92a\">\n<p dir=\"auto\">&gt; Th\u1ecbt heo mu\u1ed1i ch\u1ee9a m\u1ed9t l\u01b0\u1ee3ng l\u1edbn protein, v\u00ec v\u1eady, h\u00e3y t\u0103ng c\u01b0\u1eddng n\u0103ng l\u01b0\u1ee3ng cho bu\u1ed5i tr\u01b0a b\u1eb1ng c\u00e1ch k\u1ebft th\u1ecbt heo mu\u1ed1i v\u00e0o m\u00f3n \u0103n tr\u01b0a nh\u00e9. V\u1edbi oliu t\u00e1ch h\u1ea1t, rau x\u00e0 l\u00e1ch, c\u00e0 chua, ph\u00f4 mai v\u00e0 ch\u00fat n\u01b0\u1edbc s\u1ed1t l\u00e0 b\u1ea1n \u0111\u00e3 c\u00f3 ngay m\u00f3n salad healthy ti\u1ec7n l\u1ee3i, dinh d\u01b0\u1ee1ng. Th\u1ecbt heo mu\u1ed1i c\u00f2n c\u00f3 th\u1ec3 \u0111\u01b0\u1ee3c c\u1eaft v\u1ee5n nh\u1ecf \u0111\u1ec3 r\u1eafc l\u00ean s\u00fap \u0111\u1eb7c.<\/p>\n<\/div>\n<div class=\"x11i5rnm xat24cr x1mh8g0r x1vvkbs xtlvy1s x126k92a\">\n<p dir=\"auto\">&gt; N\u1ebfu b\u1ea1n \u0111\u1ecbnh th\u01b0\u1edfng th\u1ee9c Parma ham nh\u01b0 m\u1ed9t ph\u1ea7n c\u1ee7a m\u00f3n khai v\u1ecb, h\u00e3y b\u1ecf th\u1ecbt heo ra kh\u1ecfi t\u1ee7 l\u1ea1nh 15 ph\u00fat tr\u01b0\u1edbc khi \u0103n nh\u00e9. N\u1ebfu qu\u00e1 l\u1ea1nh h\u01b0\u01a1ng v\u1ecb \u0111\u1eb7c tr\u01b0ng c\u1ee7a th\u1ecbt s\u1ebd kh\u00f4ng xu\u1ea5t hi\u1ec7n. M\u00f3n khai v\u1ecb v\u1edbi th\u1ecbt heo mu\u1ed1i s\u1ebd th\u01b0\u1eddng bao g\u1ed3m b\u00e1nh m\u00ec (focaccia, b\u00e1nh m\u1ef3 que, b\u00e1nh m\u1ef3 b\u1ed9t chua, b\u00e1nh m\u1ef3 l\u00faa m\u1ea1ch), ph\u00f4 mai (Parmigiano Reggiano, ph\u00f4 mai xanh, Buffalo mozzarella) v\u00e0 tr\u00e1i c\u00e2y t\u01b0\u01a1i (d\u01b0a, qu\u1ea3 sung \u2026)<\/p>\n<\/div>\n<div class=\"x11i5rnm xat24cr x1mh8g0r x1vvkbs xtlvy1s x126k92a\">\n<div dir=\"auto\">&gt; Ng\u01b0\u1eddi \u00dd th\u01b0\u1eddng th\u01b0\u1edfng th\u1ee9c b\u1eefa ph\u1ee5 &#8211; Aperitivo l\u00fac x\u1ebf chi\u1ec1u \u0111\u1ec3 k\u00edch th\u00edch s\u1ef1 th\u00e8m \u0103n. Trong b\u1eefa ph\u1ee5 n\u00e0y ta c\u00f3 th\u1ec3 \u0103n th\u1ecbt heo mu\u1ed1i v\u1edbi r\u01b0\u1ee3u Vermouth ho\u1eb7c cocktail nh\u01b0 Negroni , Americano v\u00e0 Spritz.<\/div>\n<p dir=\"auto\">&gt; K\u1ebft c\u1ea5u m\u1ec1m m\u01b0\u1ee3t c\u1ee7a Prosciutto r\u1ea5t h\u1ee3p khi \u0111em tr\u1ed9n c\u00f9ng rau c\u1ee7 n\u01b0\u1edbng ho\u1eb7c l\u00e0m m\u00f3n c\u01a1m x\u00e0o Risotto. Ngo\u00e0i ra, khi n\u01b0\u1edbng l\u00ean th\u1ecbt heo mu\u1ed1i, th\u1ecbt tr\u1edf n\u00ean gi\u00f2n. Th\u1ecbt heo mu\u1ed1i n\u01b0\u1edbng cu\u1ed1n quanh \u1ee9c g\u00e0 nh\u1ed3i ph\u00f4 mai Ricotta c\u0169ng r\u1ea5t ngon. B\u1ea1n c\u0169ng c\u00f3 th\u1ec3 d\u00f9ng th\u1ecbt heo mu\u1ed1i cho m\u00f3n Creamy Pasta Bake.<\/p>\n<p dir=\"auto\"><img loading=\"lazy\" decoding=\"async\" class=\"wp-image-32979 aligncenter\" src=\"https:\/\/havamall.vn\/wp-content\/uploads\/2023\/11\/Prosciutto-di-Parma-Avocado-Toast-EDITED-300x280.jpeg\" alt=\"\" width=\"882\" height=\"823\" srcset=\"https:\/\/havamall.vn\/wp-content\/uploads\/2023\/11\/Prosciutto-di-Parma-Avocado-Toast-EDITED-300x280.jpeg 300w, https:\/\/havamall.vn\/wp-content\/uploads\/2023\/11\/Prosciutto-di-Parma-Avocado-Toast-EDITED-600x559.jpeg 600w, https:\/\/havamall.vn\/wp-content\/uploads\/2023\/11\/Prosciutto-di-Parma-Avocado-Toast-EDITED-768x716.jpeg 768w, https:\/\/havamall.vn\/wp-content\/uploads\/2023\/11\/Prosciutto-di-Parma-Avocado-Toast-EDITED.jpeg 954w\" sizes=\"(max-width: 882px) 100vw, 882px\" \/><\/p>\n<\/div>","protected":false},"excerpt":{"rendered":"<p>TH\u00d4NG TIN CHUNG Th\u01b0\u01a1ng hi\u1ec7u Havafoodies Xu\u1ea5t x\u1ee9 \u00dd Th\u00e0nh ph\u1ea7n Th\u1ecbt m\u00e1 \u0111\u00f9i l\u1ee3n mu\u1ed1i H\u1ea1n s\u1eed d\u1ee5ng 8<\/p>","protected":false},"featured_media":32972,"comment_status":"open","ping_status":"closed","template":"","meta":[],"product_brand":[],"product_cat":[275,36],"product_tag":[],"class_list":{"0":"post-32971","1":"product","2":"type-product","3":"status-publish","4":"has-post-thumbnail","6":"product_cat-thuc-pham-dong-lanh","7":"product_cat-thuc-pham-tieu-dung","8":"pa_brand-skx","10":"first","11":"instock","12":"sale","13":"shipping-taxable","14":"purchasable","15":"product-type-simple"},"_links":{"self":[{"href":"https:\/\/havamall.vn\/en\/wp-json\/wp\/v2\/product\/32971"}],"collection":[{"href":"https:\/\/havamall.vn\/en\/wp-json\/wp\/v2\/product"}],"about":[{"href":"https:\/\/havamall.vn\/en\/wp-json\/wp\/v2\/types\/product"}],"replies":[{"embeddable":true,"href":"https:\/\/havamall.vn\/en\/wp-json\/wp\/v2\/comments?post=32971"}],"version-history":[{"count":0,"href":"https:\/\/havamall.vn\/en\/wp-json\/wp\/v2\/product\/32971\/revisions"}],"wp:featuredmedia":[{"embeddable":true,"href":"https:\/\/havamall.vn\/en\/wp-json\/wp\/v2\/media\/32972"}],"wp:attachment":[{"href":"https:\/\/havamall.vn\/en\/wp-json\/wp\/v2\/media?parent=32971"}],"wp:term":[{"taxonomy":"product_brand","embeddable":true,"href":"https:\/\/havamall.vn\/en\/wp-json\/wp\/v2\/product_brand?post=32971"},{"taxonomy":"product_cat","embeddable":true,"href":"https:\/\/havamall.vn\/en\/wp-json\/wp\/v2\/product_cat?post=32971"},{"taxonomy":"product_tag","embeddable":true,"href":"https:\/\/havamall.vn\/en\/wp-json\/wp\/v2\/product_tag?post=32971"}],"curies":[{"name":"wp","href":"https:\/\/api.w.org\/{rel}","templated":true}]}}