{"id":32937,"date":"2023-11-14T17:14:55","date_gmt":"2023-11-14T10:14:55","guid":{"rendered":"https:\/\/havamall.vn\/?post_type=product&#038;p=32937"},"modified":"2024-07-23T00:43:50","modified_gmt":"2024-07-22T17:43:50","slug":"thanh-gao-lut-uc-ga-rong-bien-fnv-150g-seaweed-chicken-breast-brown-rice-bar","status":"publish","type":"product","link":"https:\/\/havamall.vn\/en\/shop\/thanh-gao-lut-uc-ga-rong-bien-fnv-150g-seaweed-chicken-breast-brown-rice-bar\/","title":{"rendered":"Thanh G\u1ea1o L\u1ee9t \u1ee8c G\u00e0 Rong Bi\u1ec3n FnV 150G &#8211; Seaweed Chicken Breast Brown Rice Bar"},"content":{"rendered":"<p>&nbsp;<\/p>\n<h2><strong>TH\u00d4NG TIN CHUNG<\/strong><\/h2>\n<table>\n<tbody>\n<tr>\n<td>Th\u01b0\u01a1ng hi\u1ec7u<\/td>\n<td>FnV<\/td>\n<\/tr>\n<tr>\n<td>Xu\u1ea5t x\u1ee9<\/td>\n<td>Vi\u1ec7t Nam<\/td>\n<\/tr>\n<tr>\n<td>Th\u00e0nh ph\u1ea7n<\/td>\n<td>G\u1ea1o l\u1ee9t (45%), h\u1ea1t h\u1ea1nh nh\u00e2n, h\u1ea1t \u0111i\u1ec1u, h\u1ea1t b\u00ed xanh, \u1ee9c g\u00e0 (5%), rong bi\u1ec3n (1%), m\u1eadt ong, d\u1ea7u tinh luy\u1ec7n, mu\u1ed1i, ch\u1ea5t \u0111i\u1ec1u v\u1ecb<\/td>\n<\/tr>\n<tr>\n<td>H\u1ea1n s\u1eed d\u1ee5ng<\/td>\n<td>6 th\u00e1ng k\u1ec3 t\u1eeb ng\u00e0y s\u1ea3n xu\u1ea5t.<\/td>\n<\/tr>\n<tr>\n<td>B\u1ea3o qu\u1ea3n<\/td>\n<td>N\u01a1i kh\u00f4 r\u00e1o, tho\u00e1ng m\u00e1t, \u0111\u1ea3m b\u1ea3o v\u1ec7 sinh an to\u00e0n th\u1ef1c ph\u1ea9m, tr\u00e1nh \u00e1nh s\u00e1ng m\u1eb7t tr\u1edbi chi\u1ebfu tr\u1ef1c ti\u1ebfp<\/td>\n<\/tr>\n<tr>\n<td>\u00a0Kh\u1ed1i l\u01b0\u1ee3ng<\/td>\n<td>150g\/g\u00f3i<\/td>\n<\/tr>\n<\/tbody>\n<\/table>\n<p>B\u1ea1n l\u00e0 m\u1ed9t ng\u01b0\u1eddi th\u00edch \u0103n v\u1eb7t nh\u01b0ng l\u1ea1i \u0111ang trong li\u1ec7u tr\u00ecnh gi\u1ea3m c\u00e2n, ph\u1ea3i ki\u00eang nh\u1eefng m\u00f3n \u0103n v\u1eb7t v\u1edbi h\u01b0\u01a1ng v\u1ecb h\u1ea5p d\u1eabn nh\u01b0 b\u00e1nh quy, snack, tr\u00e0 s\u1eefa,&#8230; khi\u1ebfn vi\u1ec7c \u0103n ki\u00eang tr\u1edf n\u00ean kh\u00f3 kh\u0103n h\u01a1n. Hi\u1ec3u \u0111\u01b0\u1ee3c c\u1ea3m gi\u00e1c c\u1ee7a nhi\u1ec1u b\u1ea1n, Havamall h\u00f4m nay s\u1ebd \u0111em \u0111\u1ebfn m\u1ed9t m\u00f3n \u0103n v\u1eb7t gi\u1ea3m c\u00e2n ch\u1eafc ch\u1eafn s\u1ebd khi\u1ebfn c\u00f4 n\u00e0ng gi\u1ea3m c\u00e2n y\u00eau th\u00edch.<\/p>\n<p><img fetchpriority=\"high\" decoding=\"async\" class=\"wp-image-32939 aligncenter\" src=\"https:\/\/havamall.vn\/wp-content\/uploads\/2023\/11\/380147584_273244895602039_7205828311097136946_n-225x300.jpeg\" alt=\"\" width=\"729\" height=\"972\" srcset=\"https:\/\/havamall.vn\/wp-content\/uploads\/2023\/11\/380147584_273244895602039_7205828311097136946_n-225x300.jpeg 225w, https:\/\/havamall.vn\/wp-content\/uploads\/2023\/11\/380147584_273244895602039_7205828311097136946_n-600x800.jpeg 600w, https:\/\/havamall.vn\/wp-content\/uploads\/2023\/11\/380147584_273244895602039_7205828311097136946_n-1200x1600.jpeg 1200w, https:\/\/havamall.vn\/wp-content\/uploads\/2023\/11\/380147584_273244895602039_7205828311097136946_n-768x1024.jpeg 768w, https:\/\/havamall.vn\/wp-content\/uploads\/2023\/11\/380147584_273244895602039_7205828311097136946_n.jpeg 1536w\" sizes=\"(max-width: 729px) 100vw, 729px\" \/><\/p>\n<p dir=\"ltr\">M\u00f3n \u0103n dinh d\u01b0\u1ee1ng thanh h\u1ea1t c\u00f3 m\u00f9i h\u01b0\u01a1ng t\u1ef1 nhi\u00ean t\u1eeb c\u00e1c lo\u1ea1i h\u1ea1t.\u00a0Khi \u0103n, thanh h\u1ea1t c\u00f3 \u0111\u1ed9 gi\u00f2n r\u1ea5t vui mi\u1ec7ng. Nh\u1edd \u0111\u00f3, m\u00e0 hi\u1ec7n nay kh\u00f4ng ch\u1ec9 ng\u01b0\u1eddi \u0103n ki\u00eang, m\u00e0 c\u00e1c b\u1ea1n theo ch\u1ebf \u0111\u1ed9 \u0103n l\u00e0nh m\u1ea1nh eat clean hay\u00a0keto c\u0169ng th\u01b0\u1eddng xuy\u00ean s\u1eed d\u1ee5ng\u00a0<strong>Thanh h\u1ea1t g\u1ea1o l\u1ee9t \u1ee9c g\u00e0 rong bi\u1ec3n Fnv.<\/strong><\/p>\n<p>G\u00f3i thanh g\u1ea1o l\u1ee9t \u1ee9c g\u00e0 rong bi\u1ec3n FnV 150g\u00a0l\u00e0 s\u1ea3n ph\u1ea9m k\u1ebft h\u1ee3p c\u1ee7a g\u1ea1o l\u1ee9t s\u1ea5y c\u00f9ng \u1ee9c g\u00e0 v\u00e0 rong bi\u1ec3n th\u01a1m ngon, h\u1ea5p d\u1eabn.\u00a0\u0110\u1ed3 kh\u00f4 \u0103n li\u1ec1n FnV\u00a0gi\u00f2n r\u1ee5m v\u1edbi nhi\u1ec1u lo\u1ea1i h\u1ea1t t\u1ed1t cho s\u1ee9c kh\u1ecfe, \u0111\u1eb7c bi\u1ec7t\u00a0\u0111\u1ed3 kh\u00f4 \u0103n li\u1ec1n\u00a0nh\u01b0 g\u1ea1o l\u1ee9t\u00a0ph\u00f9 h\u1ee3p v\u1edbi ng\u01b0\u1eddi mu\u1ed1n gi\u1ea3m c\u00e2n, gi\u1eef d\u00e1ng.<\/p>\n<p><img decoding=\"async\" class=\"wp-image-32940 aligncenter\" src=\"https:\/\/havamall.vn\/wp-content\/uploads\/2023\/11\/399960585_723552206480246_4624119358760948746_n-300x300.jpeg\" alt=\"\" width=\"729\" height=\"729\" srcset=\"https:\/\/havamall.vn\/wp-content\/uploads\/2023\/11\/399960585_723552206480246_4624119358760948746_n-300x300.jpeg 300w, https:\/\/havamall.vn\/wp-content\/uploads\/2023\/11\/399960585_723552206480246_4624119358760948746_n-600x600.jpeg 600w, https:\/\/havamall.vn\/wp-content\/uploads\/2023\/11\/399960585_723552206480246_4624119358760948746_n-1200x1200.jpeg 1200w, https:\/\/havamall.vn\/wp-content\/uploads\/2023\/11\/399960585_723552206480246_4624119358760948746_n-150x150.jpeg 150w, https:\/\/havamall.vn\/wp-content\/uploads\/2023\/11\/399960585_723552206480246_4624119358760948746_n-768x768.jpeg 768w, https:\/\/havamall.vn\/wp-content\/uploads\/2023\/11\/399960585_723552206480246_4624119358760948746_n-1024x1024.jpeg 1024w, https:\/\/havamall.vn\/wp-content\/uploads\/2023\/11\/399960585_723552206480246_4624119358760948746_n-100x100.jpeg 100w, https:\/\/havamall.vn\/wp-content\/uploads\/2023\/11\/399960585_723552206480246_4624119358760948746_n.jpeg 2048w\" sizes=\"(max-width: 729px) 100vw, 729px\" \/><\/p>\n<p dir=\"ltr\">C\u00e1c lo\u1ea1i h\u1ea1t c\u00f3 ch\u1ee9a c\u00e1c d\u1ea7u th\u1ef1c v\u1eadt t\u1ef1 nhi\u00ean \u0111\u01b0\u1ee3c nhi\u1ec1u chuy\u00ean gia khuy\u00ean d\u00f9ng. C\u00e1c lo\u1ea1i d\u1ea7u t\u1eeb h\u1ea1t n\u00e0y kh\u00f4ng nh\u1eefng kh\u00f4ng g\u00e2y h\u1ea1i \u0111\u1ebfn s\u1ee9c kh\u1ecfe, m\u00e0 c\u00f2n b\u1ed5 sung protein v\u00e0 c\u00e1c n\u0103ng l\u01b0\u1ee3ng t\u1ed1t, gi\u00fap c\u01a1 th\u1ec3 lu\u00f4n tr\u00e0n \u0111\u1ea7y n\u0103ng l\u01b0\u1ee3ng.<\/p>\n<p dir=\"ltr\">Thanh h\u1ea1t g\u1ea1o l\u1ee9t \u1ee9c g\u00e0 rong bi\u1ec3n Fnv \u0111\u1eb7c bi\u1ec7t ch\u1ee9a c\u00e1c ch\u1ea5t b\u00e9o t\u1ed1t, \u0111em l\u1ea1i ngu\u1ed3n n\u0103ng l\u01b0\u1ee3ng d\u1ed3i d\u00e0o \u0111\u1ec3 b\u1ea1n ho\u1ea1t \u0111\u1ed9ng su\u1ed1t ng\u00e0y d\u00e0i.<\/p>\n<p dir=\"ltr\"><img decoding=\"async\" class=\"wp-image-32941 aligncenter\" src=\"https:\/\/havamall.vn\/wp-content\/uploads\/2023\/11\/379909718_273244765602052_7800156887045881048_n-225x300.jpeg\" alt=\"\" width=\"724\" height=\"965\" srcset=\"https:\/\/havamall.vn\/wp-content\/uploads\/2023\/11\/379909718_273244765602052_7800156887045881048_n-225x300.jpeg 225w, https:\/\/havamall.vn\/wp-content\/uploads\/2023\/11\/379909718_273244765602052_7800156887045881048_n-600x800.jpeg 600w, https:\/\/havamall.vn\/wp-content\/uploads\/2023\/11\/379909718_273244765602052_7800156887045881048_n-1200x1600.jpeg 1200w, https:\/\/havamall.vn\/wp-content\/uploads\/2023\/11\/379909718_273244765602052_7800156887045881048_n-768x1024.jpeg 768w, https:\/\/havamall.vn\/wp-content\/uploads\/2023\/11\/379909718_273244765602052_7800156887045881048_n.jpeg 1536w\" sizes=\"(max-width: 724px) 100vw, 724px\" \/><\/p>\n<h2><strong>\u0110\u1eb6C \u0110I\u1ec2M N\u1ed4I B\u1eacT C\u1ee6A S\u1ea2N PH\u1ea8M<\/strong><\/h2>\n<ul>\n<li>Mang h\u01b0\u01a1ng v\u1ecb nh\u1eb9 nh\u00e0ng, thanh khi\u1ebft; kh\u00e1c bi\u1ec7t nh\u1eefng m\u00f3n \u0103n d\u01b0 th\u1eeba ch\u1ea5t; hay m\u00f3n b\u00e1nh qu\u00e1 nhi\u1ec1u \u0111\u01b0\u1eddng b\u1ed9t. Thanh g\u1ea1o l\u1ee9t \u1ee9c g\u00e0 chu\u1ea9n \u0103n ki\u00eang.<\/li>\n<li>Ch\u1eafc ch\u1eafn s\u1ebd t\u1ea1o n\u00ean c\u01a1n s\u1ed1t m\u1edbi v\u00ec kh\u1ea3 n\u0103ng thanh l\u1ecdc, gi\u1ea3i nhi\u1ec7t, th\u1ea3i \u0111\u1ed9c t\u1ed1, nh\u1eb9 b\u1ee5ng, l\u1ea5y l\u1ea1i c\u1ea3m gi\u00e1c ngon mi\u1ec7ng sau chu\u1ed7i ng\u00e0y ch\u00e1n \u0103n.<\/li>\n<li>Si\u00eau ph\u1ea9m m\u1edbi c\u00e2n b\u1eb1ng \u0111\u01b0\u1ee3c ngu\u1ed3n \u0111\u1ea1m, dinh d\u01b0\u1ee1ng t\u1eeb \u1ee9c g\u00e0 v\u00e0 c\u00e1c lo\u1ea1i ng\u0169 c\u1ed1c, h\u1ea1t tr\u00e1i t\u1ef1 nhi\u00ean; tr\u00ean r\u1eebng, d\u01b0\u1edbi bi\u1ec3n (c\u00f3 rong bi\u1ec3n) \u0111\u1ec1u \u0111\u01b0\u1ee3c h\u1ed9i t\u1ee5 trong t\u1eebng thanh b\u00e1nh nh\u1ecf.<\/li>\n<li>Thanh g\u1ea1o l\u1ee9t chu\u1ea9n ti\u00eau ch\u00ed 4K: Kh\u00f4ng \u0111\u01b0\u1eddng, kh\u00f4ng b\u1ed9t m\u00ec, kh\u00f4ng d\u1ea7u m\u1ee1, kh\u00f4ng ch\u1ea5t b\u1ea3o qu\u1ea3n.<\/li>\n<li>Ph\u00f9 h\u1ee3p v\u1edbi m\u1ecdi \u0111\u1ed1i t\u01b0\u1ee3ng, \u0111\u1eb7c bi\u1ec7t gi\u1edbi \u0103n ki\u00eang, mu\u1ed1n c\u1ea3i thi\u1ec7n s\u1ee9c kh\u1ecfe.<\/li>\n<\/ul>\n<h2><img loading=\"lazy\" decoding=\"async\" class=\"wp-image-32942 aligncenter\" src=\"https:\/\/havamall.vn\/wp-content\/uploads\/2023\/11\/367436101_674920178010116_1223923362822374746_n-300x300.jpeg\" alt=\"\" width=\"731\" height=\"731\" srcset=\"https:\/\/havamall.vn\/wp-content\/uploads\/2023\/11\/367436101_674920178010116_1223923362822374746_n-300x300.jpeg 300w, https:\/\/havamall.vn\/wp-content\/uploads\/2023\/11\/367436101_674920178010116_1223923362822374746_n-600x600.jpeg 600w, https:\/\/havamall.vn\/wp-content\/uploads\/2023\/11\/367436101_674920178010116_1223923362822374746_n-1200x1200.jpeg 1200w, https:\/\/havamall.vn\/wp-content\/uploads\/2023\/11\/367436101_674920178010116_1223923362822374746_n-150x150.jpeg 150w, https:\/\/havamall.vn\/wp-content\/uploads\/2023\/11\/367436101_674920178010116_1223923362822374746_n-768x768.jpeg 768w, https:\/\/havamall.vn\/wp-content\/uploads\/2023\/11\/367436101_674920178010116_1223923362822374746_n-1024x1024.jpeg 1024w, https:\/\/havamall.vn\/wp-content\/uploads\/2023\/11\/367436101_674920178010116_1223923362822374746_n-100x100.jpeg 100w, https:\/\/havamall.vn\/wp-content\/uploads\/2023\/11\/367436101_674920178010116_1223923362822374746_n.jpeg 2048w\" sizes=\"(max-width: 731px) 100vw, 731px\" \/><\/h2>\n<h2><strong>C\u00d4NG D\u1ee4NG C\u1ee6A S\u1ea2N PH\u1ea8M<\/strong><\/h2>\n<p>&#8211; H\u1ed7 tr\u1ecd gi\u1ea3m c\u00e2n.<\/p>\n<p>&#8211; B\u1ee9a s\u00e1ng nhanh g\u1ecdn calo ch\u01b0a t\u1edbi 40 calo m\u1ed9t thanh.<\/p>\n<p>&#8211; Dinh d\u01b0\u1ee1ng, nhi\u1ec1u ch\u1ea5t x\u01a1.<\/p>\n<p>&#8211; Ph\u00f9 h\u1ee3p cho ng\u01b0\u1eddi ti\u1ec3u \u0111\u01b0\u1eddng.<\/p>\n<p>&#8211; Ng\u01b0\u1eddi b\u1ecb huy\u1ebft \u00e1p.<\/p>\n<p>&#8211; \u0110\u00f3ng g\u00f3i t\u00fai ri\u00eang l\u1ebb t\u1eebng thanh d\u1ec5 d\u00e0ng b\u1ea3o qu\u1ea3n.<\/p>\n<p>&#8211; Thanh g\u1ea1o l\u1ee9t si\u00eau h\u1ea1t.<\/p>\n<p>&#8211; V\u1ecb th\u01a1m d\u1ec5 \u0103n.<\/p>\n<p>&#8211; C\u1ea3i thi\u1ec7n ti\u00eau h\u00f3a.<\/p>\n<p>&#8211; Gi\u1ea3m l\u01b0\u1ee3ng \u0111\u01b0\u1eddng trong m\u00e1u.<\/p>\n<p>&#8211; B\u1ed5 sung \u0111\u1ea1m t\u1eeb g\u00e0<\/p>","protected":false},"excerpt":{"rendered":"<p>&nbsp; TH\u00d4NG TIN CHUNG Th\u01b0\u01a1ng hi\u1ec7u FnV Xu\u1ea5t x\u1ee9 Vi\u1ec7t Nam Th\u00e0nh ph\u1ea7n G\u1ea1o l\u1ee9t (45%), h\u1ea1t h\u1ea1nh nh\u00e2n, h\u1ea1t<\/p>","protected":false},"featured_media":32943,"comment_status":"open","ping_status":"closed","template":"","meta":[],"product_brand":[],"product_cat":[36,133],"product_tag":[],"class_list":{"0":"post-32937","1":"product","2":"type-product","3":"status-publish","4":"has-post-thumbnail","6":"product_cat-thuc-pham-tieu-dung","7":"product_cat-banh-keo-chocolate","8":"pa_brand-fnv","10":"first","11":"instock","12":"sale","13":"shipping-taxable","14":"purchasable","15":"product-type-simple"},"_links":{"self":[{"href":"https:\/\/havamall.vn\/en\/wp-json\/wp\/v2\/product\/32937"}],"collection":[{"href":"https:\/\/havamall.vn\/en\/wp-json\/wp\/v2\/product"}],"about":[{"href":"https:\/\/havamall.vn\/en\/wp-json\/wp\/v2\/types\/product"}],"replies":[{"embeddable":true,"href":"https:\/\/havamall.vn\/en\/wp-json\/wp\/v2\/comments?post=32937"}],"version-history":[{"count":0,"href":"https:\/\/havamall.vn\/en\/wp-json\/wp\/v2\/product\/32937\/revisions"}],"wp:featuredmedia":[{"embeddable":true,"href":"https:\/\/havamall.vn\/en\/wp-json\/wp\/v2\/media\/32943"}],"wp:attachment":[{"href":"https:\/\/havamall.vn\/en\/wp-json\/wp\/v2\/media?parent=32937"}],"wp:term":[{"taxonomy":"product_brand","embeddable":true,"href":"https:\/\/havamall.vn\/en\/wp-json\/wp\/v2\/product_brand?post=32937"},{"taxonomy":"product_cat","embeddable":true,"href":"https:\/\/havamall.vn\/en\/wp-json\/wp\/v2\/product_cat?post=32937"},{"taxonomy":"product_tag","embeddable":true,"href":"https:\/\/havamall.vn\/en\/wp-json\/wp\/v2\/product_tag?post=32937"}],"curies":[{"name":"wp","href":"https:\/\/api.w.org\/{rel}","templated":true}]}}