{"id":32904,"date":"2023-11-08T16:21:27","date_gmt":"2023-11-08T09:21:27","guid":{"rendered":"https:\/\/havamall.vn\/?post_type=product&#038;p=32904"},"modified":"2026-01-16T10:51:35","modified_gmt":"2026-01-16T03:51:35","slug":"banh-pain-au-chocolat-dong-lanh-tui-450g-15x30g-frozen-pain-au-chocolat","status":"publish","type":"product","link":"https:\/\/havamall.vn\/en\/shop\/banh-pain-au-chocolat-dong-lanh-tui-450g-15x30g-frozen-pain-au-chocolat\/","title":{"rendered":"B\u00e1nh Pain Au Chocolat \u0110\u00f4ng L\u1ea1nh T\u00fai 450g (15x30g) &#8211; Frozen Pain Au Chocolat"},"content":{"rendered":"<h2><\/h2>\n<h2><strong>TH\u00d4NG TIN CHUNG<\/strong><\/h2>\n<table>\n<tbody>\n<tr>\n<td>Th\u01b0\u01a1ng hi\u1ec7u<\/td>\n<td>Bottega Zelachi<\/td>\n<\/tr>\n<tr>\n<td>Xu\u1ea5t x\u1ee9<\/td>\n<td>Vi\u1ec7t Nam<\/td>\n<\/tr>\n<tr>\n<td>Th\u00e0nh ph\u1ea7n<\/td>\n<td>B\u1ed9t m\u00ec, socola, b\u01a1, s\u1eefa, \u0111\u01b0\u1eddng, mu\u1ed1i, men, tinh b\u1ed9t,\u2026<\/td>\n<\/tr>\n<tr>\n<td>H\u1ea1n s\u1eed d\u1ee5ng<\/td>\n<td>3 th\u00e1ng k\u1ec3 t\u1eeb ng\u00e0y s\u1ea3n xu\u1ea5t.<\/td>\n<\/tr>\n<tr>\n<td>B\u1ea3o qu\u1ea3n<\/td>\n<td>B\u1ea3o qu\u1ea3n \u0111\u00f4ng l\u1ea1nh<\/td>\n<\/tr>\n<tr>\n<td>\u00a0Kh\u1ed1i l\u01b0\u1ee3ng<\/td>\n<td>450g<\/td>\n<\/tr>\n<\/tbody>\n<\/table>\n<p>Pain Au Chocolat \u2013 ng\u01b0\u1eddi anh em c\u1ee7a Croissant c\u00f3 m\u1ed9t l\u1edbp v\u1ecf gi\u00f2n x\u1ed1p, th\u01a1m ng\u1eady m\u00f9i b\u01a1 h\u00f2a quy\u1ec7n c\u00f9ng ch\u00fat h\u01b0\u01a1ng v\u1ecb socola \u0111\u1eafng \u0111\u1eafng, ng\u1ecdt ng\u1ecdt n\u1ed3ng n\u00e0n b\u00ean trong. Khi n\u1ebfm th\u1eed m\u1ed9t l\u1ea7n s\u1ebd nh\u1edb m\u00e3i kh\u00f4ng qu\u00ean.<\/p>\n<div class=\"x11i5rnm xat24cr x1mh8g0r x1vvkbs xtlvy1s x126k92a\">\n<p dir=\"auto\">S\u1ef1 k\u1ebft h\u1ee3p ho\u00e0n h\u1ea3o gi\u1eefa h\u01b0\u01a1ng v\u1ecb th\u01a1m ngon c\u00f9ng s\u1ef1 ch\u1ea5t l\u01b0\u1ee3ng, m\u1ed7i chi\u1ebfc b\u00e1nh kh\u00f4ng ch\u1ec9 gi\u1eef b\u1ea1n no b\u1ee5ng m\u00e0 c\u00f2n gi\u00fap b\u1ea1n kh\u1edfi \u0111\u1ea7u ng\u00e0y m\u1edbi tr\u00e0n \u0111\u1ea7y n\u0103ng l\u01b0\u1ee3ng v\u00e0 \u0111\u1ea7y \u0111\u1ee7 dinh d\u01b0\u1ee1ng. B\u1ea1n ch\u01b0a t\u1eebng \u0111\u1ebfn Ph\u00e1p nh\u01b0ng gi\u1edd \u0111\u00e2y b\u1ea1n c\u00f3 th\u1ec3 th\u01b0\u1edfng th\u1ee9c bi\u1ec3u t\u01b0\u1ee3ng c\u1ee7a n\u1ec1n \u1ea9m th\u1ef1c Ph\u00e1p ngay trong ch\u00ednh c\u0103n b\u1ebfp nh\u00e0 m\u00ecnh khi s\u1edf h\u1eefu 2 lo\u1ea1i b\u00e1nh Ng\u00e0n L\u1edbp n\u00e0y.<\/p>\n<p dir=\"auto\"><img fetchpriority=\"high\" decoding=\"async\" class=\"wp-image-32917 aligncenter\" src=\"https:\/\/havamall.com\/wp-content\/uploads\/2025\/10\/335020403_920725292609764_4022544460193136792_n-300x300.jpg\" alt=\"\" width=\"775\" height=\"775\" \/><\/p>\n<\/div>\n<p>Th\u1eadt \u0111\u01a1n gi\u1ea3n \u0111\u1ec3 cho ra l\u00f2 1 m\u1ebb b\u00e1nh Pain Au Chocolate th\u01a1m ngon, \u0111\u1ea1t ch\u1ea5t l\u01b0\u1ee3ng v\u1edbi l\u1edbp v\u1ecf gi\u00f2n x\u1ed1p b\u00ean ngo\u00e0i, k\u1ebft h\u1ee3p v\u1edbi s\u1ef1 pha tr\u1ed9n ho\u00e0n h\u1ea3o c\u1ee7a m\u1ed9t ch\u00fat ng\u1ecdt v\u00e0 \u0111\u1eafng t\u1eeb nh\u00e2n chocolate b\u00ean trong.<\/p>\n<div class=\"x11i5rnm xat24cr x1mh8g0r x1vvkbs xtlvy1s x126k92a\">\n<div dir=\"auto\">S\u1ea3n ph\u1ea9m l\u00e0 s\u1ef1 pha tr\u1ed9n h\u00e0i h\u00f2a v\u00e0 tinh t\u1ebf gi\u1eefa V\u1ecb \u2013 S\u1eafc \u2013 H\u01b0\u01a1ng, \u0111\u01b0\u1ee3c s\u00e1ng t\u1ea1o v\u00e0 k\u1ebft h\u1ee3p d\u1ef1a tr\u00ean ngu\u1ed3n nguy\u00ean li\u1ec7u nh\u1eadp kh\u1ea9u ch\u1ea5t l\u01b0\u1ee3ng c\u00f9ng c\u00f4ng th\u1ee9c l\u00e0m b\u00e1nh chu\u1ea9n v\u1ecb t\u1eeb c\u00e1c \u0111\u1ea7u b\u1ebfp New Viet Gastronomy, mang \u0111\u1ebfn d\u00f2ng b\u00e1nh ng\u00e0n l\u1edbp c\u00f3 k\u1ebft c\u1ea5u v\u00e0 h\u01b0\u01a1ng v\u1ecb chu\u1ea9n Ph\u00e1p.<\/div>\n<div dir=\"auto\"><img decoding=\"async\" class=\"wp-image-32918 aligncenter\" src=\"https:\/\/havamall.com\/wp-content\/uploads\/2025\/10\/355836299_607602418018529_846185476433432651_n-300x263.jpg\" alt=\"\" width=\"777\" height=\"681\" \/><\/div>\n<div dir=\"auto\"><\/div>\n<p dir=\"auto\">B\u00e1nh Pain Au \u0111\u00f4ng l\u1ea1nh v\u1edbi quy tr\u00ecnh ch\u1ebf bi\u1ebfn \u0111\u01a1n gi\u1ea3n v\u00e0 ti\u1ebft ki\u1ec7m th\u1eddi gian, b\u1ea1n ch\u1ec9 c\u1ea7n r\u00e3 \u0111\u00f4ng, \u1ee7 b\u00e1nh v\u00e0 cho v\u00e0o l\u00f2 n\u01b0\u1edbng t\u1eeb 16-20 ph\u00fat l\u00e0 \u0111\u00e3 c\u00f3 ngay m\u1ed9t m\u1ebb b\u00e1nh th\u01a1m l\u1eebng m\u00f9i b\u01a1 len l\u1ecfi t\u1eebng g\u00f3c b\u1ebfp. Trong khi Croissant \u201cthu h\u00fat\u201d b\u1edfi l\u1edbp v\u1ecf gi\u00f2n x\u1ed1p, th\u01a1m ng\u1eady v\u1ecb b\u01a1 th\u00ec b\u00e1nh Pain Au Chocolat l\u1ea1i \u201cghi \u0111i\u1ec3m\u201d b\u1edfi s\u1ef1 k\u1ebft h\u1ee3p ho\u00e0n h\u1ea3o c\u1ee7a m\u1ed9t ch\u00fat ng\u1ecdt v\u00e0 \u0111\u1eafng t\u1eeb l\u1edbp nh\u00e2n chocolate b\u00ean trong.<\/p>\n<\/div>\n<div class=\"x11i5rnm xat24cr x1mh8g0r x1vvkbs xtlvy1s x126k92a\">\n<div dir=\"auto\">\u0110\u1ec3 t\u1eadn h\u01b0\u1edfng b\u00e1nh ngon h\u01a1n, b\u1ea1n c\u00f3 th\u1ec3 d\u00f9ng k\u00e8m v\u1edbi m\u1ed9t \u00edt tr\u00e1i c\u00e2y t\u01b0\u01a1i, h\u1ea1t kh\u00f4 hay s\u00e1ng t\u1ea1o \u0111a d\u1ea1ng c\u00e1c m\u00f3n ngon: Croissant Sandwich, Croissant Ph\u00f4 Mai (Cheese Lava Croissant) v\u00e0 nh\u00e2m nhi c\u00f9ng m\u1ed9t ly cafe\/ latte th\u00ec c\u00f2n g\u00ec tuy\u1ec7t v\u1eddi h\u01a1n.<\/div>\n<div dir=\"auto\"><img decoding=\"async\" class=\"wp-image-32919 aligncenter\" src=\"https:\/\/havamall.com\/wp-content\/uploads\/2025\/10\/960_HANNAH_HUGHES_TECHNICAL_BAKE_CHOCOLATE_CROISSANTS_PILE-240x300.jpg\" alt=\"\" width=\"777\" height=\"971\" \/><\/div>\n<\/div>\n<h2><strong>\u0110\u1eb6C \u0110I\u1ec2M N\u1ed4I B\u1eacT C\u1ee6A S\u1ea2N PH\u1ea8M<\/strong><\/h2>\n<ul>\n<li>Ngu\u1ed3n nguy\u00ean li\u1ec7u t\u1eeb 100% b\u01a1 nguy\u00ean ch\u1ea5t cao c\u1ea5p.<\/li>\n<li>Mang l\u1ea1i s\u1ef1 \u0111a d\u1ea1ng cho menu nh\u00e0 h\u00e0ng, ti\u1ec7m b\u00e1nh c\u1ee7a b\u1ea1n.<\/li>\n<li>Ki\u1ec3m so\u00e1t hao h\u1ee5t t\u1ed1t v\u00e0 ti\u1ebft ki\u1ec7m th\u1eddi gian ch\u1ebf bi\u1ebfn.<\/li>\n<li>Ch\u1ea5t l\u01b0\u1ee3ng \u1ed5n \u0111\u1ecbnh, gi\u00e1 c\u1ea3 c\u1ea1nh tranh gi\u00fap th\u00fac \u0111\u1ea9y hi\u1ec7u su\u1ea5t v\u00e0 t\u1ed1i \u01b0u chi ph\u00ed cho doanh nghi\u1ec7p.<\/li>\n<\/ul>\n<h2><img loading=\"lazy\" decoding=\"async\" class=\"wp-image-32920 aligncenter\" src=\"https:\/\/havamall.com\/wp-content\/uploads\/2025\/10\/358370427_614129844032453_6127887710010988224_n-300x300.jpg\" alt=\"\" width=\"798\" height=\"798\" \/><\/h2>\n<h2><strong>H\u01af\u1edaNG D\u1eaaN S\u1eec D\u1ee4NG<\/strong><\/h2>\n<p>&gt; R\u00e3 \u0111\u00f4ng \u1edf nhi\u1ec7t \u0111\u1ed9 ph\u00f2ng, tr\u00e1nh gi\u00f3 tr\u1ef1c ti\u1ebfp trong 150 ph\u00fat<\/p>\n<p>&gt; Qu\u1ebft tr\u1ee9ng l\u00ean m\u1eb7t b\u00e1nh tr\u01b0\u1edbc khi n\u01b0\u1edbng<\/p>\n<p>&gt; N\u01b0\u1edbng \u1edf nhi\u1ec7t \u0111\u1ed9 165 \u2013 175 \u0111\u1ed9 C trong 20 ph\u00fat<\/p>","protected":false},"excerpt":{"rendered":"<p>TH\u00d4NG TIN CHUNG Th\u01b0\u01a1ng hi\u1ec7u Bottega Zelachi Xu\u1ea5t x\u1ee9 Vi\u1ec7t Nam Th\u00e0nh ph\u1ea7n B\u1ed9t m\u00ec, socola, b\u01a1, s\u1eefa, \u0111\u01b0\u1eddng, mu\u1ed1i,<\/p>","protected":false},"featured_media":32922,"comment_status":"open","ping_status":"closed","template":"","meta":[],"product_brand":[],"product_cat":[679,677,275,36],"product_tag":[],"class_list":{"0":"post-32904","1":"product","2":"type-product","3":"status-publish","4":"has-post-thumbnail","6":"product_cat-banh-dong-lanh","7":"product_cat-cac-nuoc-khac","8":"product_cat-thuc-pham-dong-lanh","9":"product_cat-thuc-pham-tieu-dung","11":"first","12":"instock","13":"sale","14":"shipping-taxable","15":"purchasable","16":"product-type-variable"},"_links":{"self":[{"href":"https:\/\/havamall.vn\/en\/wp-json\/wp\/v2\/product\/32904"}],"collection":[{"href":"https:\/\/havamall.vn\/en\/wp-json\/wp\/v2\/product"}],"about":[{"href":"https:\/\/havamall.vn\/en\/wp-json\/wp\/v2\/types\/product"}],"replies":[{"embeddable":true,"href":"https:\/\/havamall.vn\/en\/wp-json\/wp\/v2\/comments?post=32904"}],"version-history":[{"count":0,"href":"https:\/\/havamall.vn\/en\/wp-json\/wp\/v2\/product\/32904\/revisions"}],"wp:featuredmedia":[{"embeddable":true,"href":"https:\/\/havamall.vn\/en\/wp-json\/wp\/v2\/media\/32922"}],"wp:attachment":[{"href":"https:\/\/havamall.vn\/en\/wp-json\/wp\/v2\/media?parent=32904"}],"wp:term":[{"taxonomy":"product_brand","embeddable":true,"href":"https:\/\/havamall.vn\/en\/wp-json\/wp\/v2\/product_brand?post=32904"},{"taxonomy":"product_cat","embeddable":true,"href":"https:\/\/havamall.vn\/en\/wp-json\/wp\/v2\/product_cat?post=32904"},{"taxonomy":"product_tag","embeddable":true,"href":"https:\/\/havamall.vn\/en\/wp-json\/wp\/v2\/product_tag?post=32904"}],"curies":[{"name":"wp","href":"https:\/\/api.w.org\/{rel}","templated":true}]}}