{"id":32903,"date":"2023-11-08T15:19:08","date_gmt":"2023-11-08T08:19:08","guid":{"rendered":"https:\/\/havamall.vn\/?post_type=product&#038;p=32903"},"modified":"2025-11-26T14:50:15","modified_gmt":"2025-11-26T07:50:15","slug":"banh-croissant-dong-lanh-bottega-zelachi-450g-15x30g-frozen-croissant","status":"publish","type":"product","link":"https:\/\/havamall.vn\/en\/shop\/banh-croissant-dong-lanh-bottega-zelachi-450g-15x30g-frozen-croissant\/","title":{"rendered":"B\u00e1nh Croissant \u0110\u00f4ng L\u1ea1nh Bottega Zelachi 450g\/ 480g &#8211; Frozen Croissant"},"content":{"rendered":"<h2><\/h2>\n<h2><strong>TH\u00d4NG TIN CHUNG<\/strong><\/h2>\n<table>\n<tbody>\n<tr>\n<td>Th\u01b0\u01a1ng hi\u1ec7u<\/td>\n<td>Bottega Zelachi<\/td>\n<\/tr>\n<tr>\n<td>Xu\u1ea5t x\u1ee9<\/td>\n<td>Vi\u1ec7t Nam<\/td>\n<\/tr>\n<tr>\n<td>Th\u00e0nh ph\u1ea7n<\/td>\n<td>B\u1ed9t m\u00ec, b\u01a1, s\u1eefa, \u0111\u01b0\u1eddng, mu\u1ed1i, men, tinh b\u1ed9t,&#8230;<\/td>\n<\/tr>\n<tr>\n<td>H\u1ea1n s\u1eed d\u1ee5ng<\/td>\n<td>3 th\u00e1ng k\u1ec3 t\u1eeb ng\u00e0y s\u1ea3n xu\u1ea5t.<\/td>\n<\/tr>\n<tr>\n<td>B\u1ea3o qu\u1ea3n<\/td>\n<td>B\u1ea3o qu\u1ea3n \u0111\u00f4ng l\u1ea1nh<\/td>\n<\/tr>\n<tr>\n<td>\u00a0Kh\u1ed1i l\u01b0\u1ee3ng<\/td>\n<td>450g \/ 480g<\/td>\n<\/tr>\n<\/tbody>\n<\/table>\n<h2><strong>NGU\u1ed2N G\u1ed0C C\u1ee6A B\u00c1NH CROISSANT<\/strong><\/h2>\n<p>B\u00e1nh Croissant \u2013 theo c\u00e1ch g\u1ecdi d\u00e2n d\u00e3 l\u00e0 b\u00e1nh s\u1eebng b\u00f2 hay b\u00e1nh s\u1eebng tr\u00e2u \u2013 t\u1eeb l\u00e2u \u0111\u00e3 l\u00e0 m\u00f3n \u0111i\u1ec3m t\u00e2m quen thu\u1ed9c c\u1ee7a ng\u01b0\u1eddi Vi\u1ec7t. T\u1eebng l\u1edbp b\u00e1nh m\u1ecfng, nh\u1eb9, m\u1ec1m x\u1ed1p cu\u1ed9n v\u00e0o nhau, d\u1eady th\u01a1m m\u00f9i b\u01a1, v\u1ecf ngo\u00e0i gi\u00f2n tan, v\u00e0ng \u01b0\u01a1m b\u1eaft m\u1eaft lu\u00f4n l\u00e0m xao xuy\u1ebfn m\u1ecdi t\u00edn \u0111\u1ed3 \u1ea9m th\u1ef1c.<\/p>\n<p>Trong khi cu\u1ed9c chi\u1ebfn tranh gi\u1eefa ng\u01b0\u1eddi Vi\u00ean (n\u01b0\u1edbc \u00c1o) v\u00e0 ng\u01b0\u1eddi Ottoman (n\u01b0\u1edbc Th\u1ed5 Nh\u0129 K\u1ef3) n\u0103m 1683 di\u1ec5n ra \u00e1c li\u1ec7t, m\u1ed9t ng\u01b0\u1eddi th\u1ee3 l\u00e0m b\u00e1nh \u0111\u00e3 c\u00f3 c\u00f4ng l\u1edbn khi k\u1ecbp th\u1eddi b\u00e1o \u0111\u1ed9ng v\u1ec1 \u00e2m thanh c\u1ee7a \u0111\u1ed9i qu\u00e2n Ottoman \u0111ang \u0111\u00e0o h\u1ea7m d\u01b0\u1edbi th\u00e0nh, nh\u1edd v\u1eady m\u00e0 \u0111\u00e3 ph\u00e1t hi\u1ec7n v\u00e0 ng\u0103n ch\u1eb7n qu\u00e2n \u0111\u1ecbch k\u1ecbp th\u1eddi. \u0110\u1ec3 ca ng\u1ee3i chi\u1ebfn th\u1eafng tr\u01b0\u1edbc \u0111\u1ed9i qu\u00e2n x\u00e2m l\u01b0\u1ee3c m\u1ea1nh b\u1ea1o, ng\u01b0\u1eddi th\u1ee3 \u0111\u00e3 t\u1ea1o ra chi\u1ebfc b\u00e1nh Kipferl \u0111\u1ea7u ti\u00ean c\u00f3 h\u00ecnh d\u1ea1ng tr\u0103ng l\u01b0\u1ee1i li\u1ec1m t\u01b0\u1ee3ng tr\u01b0ng cho bi\u1ec3u t\u01b0\u1ee3ng tr\u00ean l\u00e1 c\u1edd c\u1ee7a Ottoman v\u00e0 \u0111\u01b0\u1ee3c \u201c\u0103n\u201d b\u1edfi ng\u01b0\u1eddi Vi\u00ean.<\/p>\n<p><img fetchpriority=\"high\" decoding=\"async\" class=\"wp-image-32913 aligncenter\" src=\"https:\/\/havamall.com\/wp-content\/uploads\/2025\/11\/4f0e9fa5-104c-40e7-a858-0ed09f8f02f5-200x300.jpg\" alt=\"\" width=\"821\" height=\"1232\" \/><\/p>\n<p>C\u0169ng k\u1ec3 t\u1eeb l\u00fac \u0111\u00f3 b\u00e1nh Kipferl \u0111\u00e3 tr\u1edf th\u00e0nh l\u00e0 m\u00f3n b\u00e1nh truy\u1ec1n th\u1ed1ng \u01b0a th\u00edch c\u1ee7a \u0111\u1ea5t n\u01b0\u1edbc n\u00e0y, \u0111\u1ebfn n\u0103m 1770 khi C\u00f4ng ch\u00faa n\u01b0\u1edbc \u00c1o Marie Antoinette k\u1ebft h\u00f4n v\u1edbi Th\u00e1i t\u1eed n\u01b0\u1edbc Ph\u00e1p, chi\u1ebfc b\u00e1nh m\u1eb7t tr\u0103ng m\u1edbi du nh\u1eadp t\u1edbi kinh \u0111\u00f4 Paris ph\u1ed3n hoa v\u00e0 chuy\u1ec3n m\u00ecnh th\u00e0nh chi\u1ebfc b\u00e1nh Croissant v\u1edbi h\u00ecnh d\u00e1ng c\u1ea7u k\u00ec h\u01a1n, sau n\u00e0y ph\u00e1t tri\u1ec3n th\u00eam lo\u1ea1i b\u00e1nh c\u00f3 nh\u00e2n s\u00f4-c\u00f4-la, g\u1ecdi l\u00e0 Pain Au Chocolate. Hi\u1ec7n nay, c\u1ea3 hai lo\u1ea1i b\u00e1nh n\u00e0y \u0111\u1ec1u r\u1ea5t ph\u1ed5 bi\u1ebfn v\u00e0 \u0111\u01b0\u1ee3c b\u00e1n kh\u1eafp n\u01a1i tr\u00ean th\u1ebf gi\u1edbi.<\/p>\n<p>Tuy nhi\u00ean, t\u00ean ti\u1ebfng Ph\u00e1p c\u1ee7a hai lo\u1ea1i b\u00e1nh n\u00e0y, c\u1ed9ng v\u1edbi \u0111\u1ed9 ph\u1ed5 bi\u1ebfn tr\u00ean l\u00e3nh th\u1ed5 c\u1ee7a \u201cKinh \u0111\u00f4 \u00c1nh s\u00e1ng\u201d \u0111\u00e3 khi\u1ebfn nhi\u1ec1u th\u1ef1c kh\u00e1ch l\u1ea7m t\u01b0\u1edfng lo\u1ea1i b\u00e1nh n\u00e0y c\u00f3 ngu\u1ed3n g\u1ed1c t\u1eeb Ph\u00e1p, song tr\u00ean th\u1ef1c t\u1ebf Croissant v\u00e0 Pain Au Chocolate \u0111\u1ebfn t\u1eeb Qu\u1ed1c gia \u00c1o, tr\u1ea3i qua m\u1ed9t h\u00e0nh tr\u00ecnh d\u00e0i m\u1edbi tr\u1edf th\u00e0nh ni\u1ec1m t\u1ef1 h\u00e0o c\u1ee7a \u1ea9m th\u1ef1c Ph\u00e1p \u0111\u01b0\u01a1ng \u0111\u1ea1i.<\/p>\n<p><img decoding=\"async\" class=\"wp-image-32906 aligncenter\" src=\"https:\/\/havamall.com\/wp-content\/uploads\/2025\/11\/336056882_209471931760504_673668161512990010_n-300x300.jpg\" alt=\"\" width=\"831\" height=\"831\" \/><\/p>\n<h2><strong>B\u00c1NH CROISSANT C\u1ea4P \u0110\u00d4NG<\/strong><\/h2>\n<p>B\u00e1nh Croissant V\u1edbi l\u1edbp v\u1ecf b\u00e1nh gi\u00f2n, ph\u1ea7n ru\u1ed9t b\u00e1nh n\u1edf x\u1ed1p \u0111\u1ec1u, h\u00ecnh t\u1ed5 ong, h\u01b0\u01a1ng th\u01a1m t\u1eeb 100% b\u01a1 nguy\u00ean ch\u1ea5t, t\u1ea5t c\u1ea3 \u0111\u00e3 h\u00f2a quy\u1ec7n v\u00e0 t\u1ea1o n\u00ean d\u1ea5u \u1ea5n kh\u00f3 qu\u00ean cho nh\u1eefng chi\u1ebfc b\u00e1nh &#8220;s\u1eebng tr\u00e2u&#8221; Croissant hay nh\u1eefng chi\u1ebfc Pain au Chocolate \u0111\u1ed1i v\u1edbi nh\u1eefng th\u1ef1c kh\u00e1ch y\u00eau th\u00edch \u1ea9m th\u1ef1c ph\u01b0\u01a1ng T\u00e2y.<\/p>\n<p>Nh\u1eefng chi\u1ebfc Croissant khi n\u01b0\u1edbng l\u00ean s\u1ebd c\u00f3 \u0111\u1ed9 ph\u1ed3ng v\u1edbi v\u1ecf ngo\u00e0i v\u00e0ng \u00f3ng, gi\u00f2n tan v\u00e0 bung t\u00e1ch r\u00f5 r\u00e0ng \u0111\u1eb9p m\u1eaft. Ph\u1ea7n ru\u1ed9t b\u00e1nh c\u00f3 \u0111\u1ed9 b\u00f4ng x\u1ed1p khi th\u01b0\u1edfng th\u1ee9c, ch\u1eafc ch\u1eafn s\u1ebd l\u00e0m b\u1ea1n \u0111\u1eafm ch\u00ecm b\u1edfi v\u1ecb th\u01a1m b\u01a1 ng\u1ecdt ng\u00e0o.<\/p>\n<p><img decoding=\"async\" class=\"wp-image-32907 aligncenter\" src=\"https:\/\/havamall.com\/wp-content\/uploads\/2025\/11\/359035471_615743983871039_712210427475051050_n-300x300.jpg\" alt=\"\" width=\"827\" height=\"827\" \/><\/p>\n<p>Nh\u1eefng chi\u1ebfc Croissant khi n\u01b0\u1edbng l\u00ean s\u1ebd c\u00f3 \u0111\u1ed9 ph\u1ed3ng v\u1edbi v\u1ecf ngo\u00e0i v\u00e0ng \u00f3ng, gi\u00f2n tan v\u00e0 bung t\u00e1ch r\u00f5 r\u00e0ng \u0111\u1eb9p m\u1eaft. Ph\u1ea7n ru\u1ed9t b\u00e1nh c\u00f3 \u0111\u1ed9 b\u00f4ng x\u1ed1p khi th\u01b0\u1edfng th\u1ee9c, ch\u1eafc ch\u1eafn s\u1ebd l\u00e0m b\u1ea1n \u0111\u1eafm ch\u00ecm b\u1edfi v\u1ecb th\u01a1m b\u01a1 ng\u1ecdt ng\u00e0o.<\/p>\n<div class=\"x11i5rnm xat24cr x1mh8g0r x1vvkbs xtlvy1s x126k92a\">\n<div dir=\"auto\">\u0110\u01b0\u1ee3c l\u00e0m t\u1eeb b\u01a1 nguy\u00ean ch\u1ea5t v\u00e0 ngu\u1ed3n nguy\u00ean li\u1ec7u ch\u1ea5t l\u01b0\u1ee3ng \u0111\u01b0\u1ee3c tuy\u1ec3n ch\u1ecdn k\u1ef9 l\u01b0\u1ee1ng c\u00f9ng k\u1ef9 thu\u1eadt \u1ee7 b\u1ed9t chuy\u00ean nghi\u1ec7p t\u1eeb c\u00e1c \u0111\u1ea7u b\u1ebfp b\u00e1nh l\u00e0nh ngh\u1ec1, Bottega Zelachi t\u1ef1 h\u00e0o mang \u0111\u1ebfn cho Qu\u00fd kh\u00e1ch h\u00e0ng hai s\u1ea3n ph\u1ea9m b\u00e1nh c\u00e1n l\u1edbp \u0111\u00f4ng l\u1ea1nh Pain Au Chocolate v\u00e0 Croissant, c\u00f3 k\u1ebft c\u1ea5u v\u00e0 h\u01b0\u01a1ng v\u1ecb chu\u1ea9n Ph\u00e1p.<\/div>\n<div dir=\"auto\"><img loading=\"lazy\" decoding=\"async\" class=\"wp-image-32908 aligncenter\" src=\"https:\/\/havamall.com\/wp-content\/uploads\/2025\/11\/351159916_792776959024682_4908512902857008693_n-300x300.jpg\" alt=\"\" width=\"837\" height=\"837\" \/><\/div>\n<p dir=\"auto\">V\u1edbi ch\u1ea5t l\u01b0\u1ee3ng \u1ed5n \u0111\u1ecbnh, ti\u1ec7n l\u1ee3i, b\u00e1nh c\u00e1n l\u1edbp \u0111\u00f4ng l\u1ea1nh Bottega Zelachi ch\u00ednh l\u00e0 gi\u1ea3i ph\u00e1p hi\u1ec7u qu\u1ea3 gi\u00fap c\u00e1c doanh nghi\u1ec7p ki\u1ec3m so\u00e1t v\u1eadn h\u00e0nh v\u00e0 ti\u1ebft ki\u1ec7m chi ph\u00ed h\u01a1n. \u0110\u00e2y s\u1ebd l\u00e0 s\u1ef1 l\u1ef1a ch\u1ecdn l\u00fd t\u01b0\u1edfng \u0111\u1ec3 ph\u1ee5c v\u1ee5 b\u1eefa \u0103n s\u00e1ng hay s\u00e1ng t\u1ea1o c\u00e1c c\u00f4ng th\u1ee9c m\u00f3n tr\u00e1ng mi\u1ec7ng cho nh\u00e0 h\u00e0ng, kh\u00e1ch s\u1ea1n c\u1ee7a b\u1ea1n.<\/p>\n<\/div>\n<h2><strong>\u0110\u1eb6C \u0110I\u1ec2M N\u1ed4I B\u1eacT C\u1ee6A S\u1ea2N PH\u1ea8M<\/strong><\/h2>\n<ul>\n<li>Ngu\u1ed3n nguy\u00ean li\u1ec7u t\u1eeb 100% b\u01a1 nguy\u00ean ch\u1ea5t cao c\u1ea5p.<\/li>\n<li>Mang l\u1ea1i s\u1ef1 \u0111a d\u1ea1ng cho menu nh\u00e0 h\u00e0ng, ti\u1ec7m b\u00e1nh c\u1ee7a b\u1ea1n.<\/li>\n<li>Ki\u1ec3m so\u00e1t hao h\u1ee5t t\u1ed1t v\u00e0 ti\u1ebft ki\u1ec7m th\u1eddi gian ch\u1ebf bi\u1ebfn.<\/li>\n<li>Ch\u1ea5t l\u01b0\u1ee3ng \u1ed5n \u0111\u1ecbnh, gi\u00e1 c\u1ea3 c\u1ea1nh tranh gi\u00fap th\u00fac \u0111\u1ea9y hi\u1ec7u su\u1ea5t v\u00e0 t\u1ed1i \u01b0u chi ph\u00ed cho doanh nghi\u1ec7p.<\/li>\n<\/ul>\n<p><img loading=\"lazy\" decoding=\"async\" class=\"wp-image-32909 aligncenter\" src=\"https:\/\/havamall.com\/wp-content\/uploads\/2025\/11\/358593585_615744100537694_5417158588652127300_n-300x300.jpg\" alt=\"\" width=\"831\" height=\"831\" \/><\/p>\n<h2><strong>H\u01af\u1edaNG D\u1eaaN S\u1eec D\u1ee4NG<\/strong><\/h2>\n<p>&gt; R\u00e3 \u0111\u00f4ng \u1edf nhi\u1ec7t \u0111\u1ed9 ph\u00f2ng, tr\u00e1nh gi\u00f3 tr\u1ef1c ti\u1ebfp trong 150 ph\u00fat<\/p>\n<p>&gt; Qu\u1ebft tr\u1ee9ng l\u00ean m\u1eb7t b\u00e1nh tr\u01b0\u1edbc khi n\u01b0\u1edbng<\/p>\n<p>&gt; N\u01b0\u1edbng \u1edf nhi\u1ec7t \u0111\u1ed9 165 &#8211; 175 \u0111\u1ed9 C trong 20 ph\u00fat<\/p>\n<p>&nbsp;<\/p>","protected":false},"excerpt":{"rendered":"<p>TH\u00d4NG TIN CHUNG Th\u01b0\u01a1ng hi\u1ec7u Bottega Zelachi Xu\u1ea5t x\u1ee9 Vi\u1ec7t Nam Th\u00e0nh ph\u1ea7n B\u1ed9t m\u00ec, b\u01a1, s\u1eefa, \u0111\u01b0\u1eddng, mu\u1ed1i, men,<\/p>","protected":false},"featured_media":32910,"comment_status":"open","ping_status":"closed","template":"","meta":[],"product_brand":[],"product_cat":[679,671,275,36],"product_tag":[],"class_list":{"0":"post-32903","1":"product","2":"type-product","3":"status-publish","4":"has-post-thumbnail","6":"product_cat-banh-dong-lanh","7":"product_cat-nhap-khau-phap","8":"product_cat-thuc-pham-dong-lanh","9":"product_cat-thuc-pham-tieu-dung","11":"first","12":"instock","13":"sale","14":"shipping-taxable","15":"purchasable","16":"product-type-variable"},"_links":{"self":[{"href":"https:\/\/havamall.vn\/en\/wp-json\/wp\/v2\/product\/32903"}],"collection":[{"href":"https:\/\/havamall.vn\/en\/wp-json\/wp\/v2\/product"}],"about":[{"href":"https:\/\/havamall.vn\/en\/wp-json\/wp\/v2\/types\/product"}],"replies":[{"embeddable":true,"href":"https:\/\/havamall.vn\/en\/wp-json\/wp\/v2\/comments?post=32903"}],"version-history":[{"count":0,"href":"https:\/\/havamall.vn\/en\/wp-json\/wp\/v2\/product\/32903\/revisions"}],"wp:featuredmedia":[{"embeddable":true,"href":"https:\/\/havamall.vn\/en\/wp-json\/wp\/v2\/media\/32910"}],"wp:attachment":[{"href":"https:\/\/havamall.vn\/en\/wp-json\/wp\/v2\/media?parent=32903"}],"wp:term":[{"taxonomy":"product_brand","embeddable":true,"href":"https:\/\/havamall.vn\/en\/wp-json\/wp\/v2\/product_brand?post=32903"},{"taxonomy":"product_cat","embeddable":true,"href":"https:\/\/havamall.vn\/en\/wp-json\/wp\/v2\/product_cat?post=32903"},{"taxonomy":"product_tag","embeddable":true,"href":"https:\/\/havamall.vn\/en\/wp-json\/wp\/v2\/product_tag?post=32903"}],"curies":[{"name":"wp","href":"https:\/\/api.w.org\/{rel}","templated":true}]}}