{"id":32891,"date":"2023-11-08T14:10:33","date_gmt":"2023-11-08T07:10:33","guid":{"rendered":"https:\/\/havamall.vn\/?post_type=product&#038;p=32891"},"modified":"2023-11-08T14:10:33","modified_gmt":"2023-11-08T07:10:33","slug":"sot-topping-matcha-tra-xanh-golden-farm-630g-matcha-topping-sauce","status":"publish","type":"product","link":"https:\/\/havamall.vn\/en\/shop\/sot-topping-matcha-tra-xanh-golden-farm-630g-matcha-topping-sauce\/","title":{"rendered":"S\u1ed1t Topping Matcha Tr\u00e0 Xanh Golden Farm 630g \u2013 Matcha Topping Sauce"},"content":{"rendered":"<h2><\/h2>\n<h2><strong>TH\u00d4NG TIN CHUNG<\/strong><\/h2>\n<table>\n<tbody>\n<tr>\n<td>Th\u01b0\u01a1ng hi\u1ec7u<\/td>\n<td>GoldenFarm<\/td>\n<\/tr>\n<tr>\n<td>Xu\u1ea5t x\u1ee9<\/td>\n<td>Vi\u1ec7t Nam<\/td>\n<\/tr>\n<tr>\n<td>Th\u00e0nh ph\u1ea7n<\/td>\n<td>\u0110\u01b0\u1eddng m\u00eda RE, n\u01b0\u1edbc, s\u1eefa b\u1ed9t, mu\u1ed1i, ch\u1ea5t \u1ed5n \u0111\u1ecbnh: b\u1ed9t bi\u1ebfn t\u00ednh (E1422) xanthan gum (E415) ch\u1ea5t \u0111i\u1ec1u ch\u1ec9nh acid: acid citric (E330) ch\u1ea5t b\u1ea3o qu\u1ea3n: kali sorbate (E202) h\u01b0\u01a1ng matcha th\u1ef1c ph\u1ea9m t\u1ed5ng h\u1ee3p,&#8230;<\/td>\n<\/tr>\n<tr>\n<td>H\u1ea1n s\u1eed d\u1ee5ng<\/td>\n<td>12 th\u00e1ng k\u1ec3 t\u1eeb ng\u00e0y s\u1ea3n xu\u1ea5t.<\/td>\n<\/tr>\n<tr>\n<td>B\u1ea3o qu\u1ea3n<\/td>\n<td>B\u1ea3o qu\u1ea3n n\u01a1i kh\u00f4 r\u00e1o, tr\u00e1nh \u00e1nh n\u1eafng tr\u1ef1c ti\u1ebfp<\/td>\n<\/tr>\n<tr>\n<td>\u00a0Kh\u1ed1i l\u01b0\u1ee3ng<\/td>\n<td>630g<\/td>\n<\/tr>\n<\/tbody>\n<\/table>\n<p>S\u1ea3n ph\u1ea9m \u0111\u01b0\u1ee3c s\u1ea3n xu\u1ea5t b\u1edfi th\u01b0\u01a1ng hi\u1ec7u Golden Farm \u2013 l\u00e0 m\u1ed9t trong nh\u1eefng th\u01b0\u01a1ng hi\u1ec7u c\u1ee7a Vi\u1ec7t Nam \u0111i ti\u00ean phong trong s\u1ea3n xu\u1ea5t c\u00e1c m\u1eb7t h\u00e0ng siro, m\u1ee9t, c\u00e1c lo\u1ea1i x\u1ed1t, t\u01b0\u01a1ng gi\u00e0u dinh d\u01b0\u1ee1ng,.. \u0111\u1ea3m b\u1ea3o v\u1ec7 sinh an to\u00e0n th\u1ef1c ph\u1ea9m, kh\u00f4ng ch\u1ee9a ch\u1ea5t \u0111\u1ed9c g\u00e2y h\u1ea1i cho s\u1ee9c kh\u1ecfe con ng\u01b0\u1eddi.<\/p>\n<p>X\u1ed1t Matcha Golden Farm\u00a0n\u1ed5i b\u1eadt v\u1edbi h\u01b0\u01a1ng v\u1ecb t\u01b0\u01a1i m\u00e1t, th\u01a1m l\u1eebng, t\u1eebng gi\u1ecdt x\u1ed1t s\u00e1nh quy\u1ec7n, m\u00e0u s\u1eafc b\u1eaft m\u1eaft, l\u00e0 nguy\u00ean li\u1ec7u kh\u00f4ng th\u1ec3 thi\u1ebfu d\u00f9ng trong pha ch\u1ebf c\u00e1c lo\u1ea1i th\u1ee9c u\u1ed1ng v\u00e0 ch\u1ebf bi\u1ebfn c\u00e1c m\u00f3n \u0103n v\u1eb7t y\u00eau th\u00edch c\u1ee7a gia \u0111\u00ecnh b\u1ea1n.<\/p>\n<p><img fetchpriority=\"high\" decoding=\"async\" class=\"wp-image-32892 aligncenter\" src=\"https:\/\/havamall.vn\/wp-content\/uploads\/2023\/11\/317378689_524672339701319_5111749364045172174_n-300x300.jpeg\" alt=\"\" width=\"796\" height=\"796\" srcset=\"https:\/\/havamall.vn\/wp-content\/uploads\/2023\/11\/317378689_524672339701319_5111749364045172174_n-300x300.jpeg 300w, https:\/\/havamall.vn\/wp-content\/uploads\/2023\/11\/317378689_524672339701319_5111749364045172174_n-600x600.jpeg 600w, https:\/\/havamall.vn\/wp-content\/uploads\/2023\/11\/317378689_524672339701319_5111749364045172174_n-1200x1200.jpeg 1200w, https:\/\/havamall.vn\/wp-content\/uploads\/2023\/11\/317378689_524672339701319_5111749364045172174_n-150x150.jpeg 150w, https:\/\/havamall.vn\/wp-content\/uploads\/2023\/11\/317378689_524672339701319_5111749364045172174_n-768x768.jpeg 768w, https:\/\/havamall.vn\/wp-content\/uploads\/2023\/11\/317378689_524672339701319_5111749364045172174_n-1024x1024.jpeg 1024w, https:\/\/havamall.vn\/wp-content\/uploads\/2023\/11\/317378689_524672339701319_5111749364045172174_n-100x100.jpeg 100w, https:\/\/havamall.vn\/wp-content\/uploads\/2023\/11\/317378689_524672339701319_5111749364045172174_n.jpeg 1875w\" sizes=\"(max-width: 796px) 100vw, 796px\" \/><\/p>\n<p>V\u1edbi chi\u1ebft xu\u1ea5t t\u1eeb \u0111\u1ecdt tr\u00e0 xanh t\u01b0\u01a1i m\u1edbi th\u01b0\u1ee3ng h\u1ea1ng, \u0111\u01b0\u1ee3c ch\u1ecdn l\u1ecdc k\u1ef9 l\u01b0\u1ee1ng t\u1eeb n\u00f4ng tr\u1ea1i B\u1ea3o L\u1ed9c,\u00a0X\u1ed1t Matcha Golden Farm\u00a0l\u00e0 l\u1ef1a ch\u1ecdn ho\u00e0n h\u1ea3o \u0111\u1ec3 b\u1ea1n \u0111\u1ed5i v\u1ecb cho c\u00e1c m\u00f3n th\u1ee9c u\u1ed1ng quen thu\u1ed9c.<\/p>\n<p>S\u1ea3n ph\u1ea9m \u0111\u01b0\u1ee3c s\u1ea3n xu\u1ea5t tr\u00ean d\u00e2y chuy\u1ec1n kh\u00e9p k\u00edn v\u1edbi c\u00f4ng ngh\u1ec7 hi\u1ec7n \u0111\u1ea1i t\u1eeb Ch\u00e2u \u00c2u, nh\u00e0 m\u00e1y \u0111\u1ea1t ch\u1ee9ng nh\u1eadn Qu\u1ed1c T\u1ebf ISO 22000:2018, \u0111\u1ea3m b\u1ea3o mang \u0111\u1ebfn cho ng\u01b0\u1eddi ti\u00eau d\u00f9ng s\u1ea3n ph\u1ea9m ch\u1ea5t l\u01b0\u1ee3ng t\u1ed1t nh\u1ea5t.<\/p>\n<p><img decoding=\"async\" class=\"wp-image-32893 aligncenter\" src=\"https:\/\/havamall.vn\/wp-content\/uploads\/2023\/11\/317604495_521159233385963_3505577332369984939_n-300x300.jpeg\" alt=\"\" width=\"792\" height=\"792\" srcset=\"https:\/\/havamall.vn\/wp-content\/uploads\/2023\/11\/317604495_521159233385963_3505577332369984939_n-300x300.jpeg 300w, https:\/\/havamall.vn\/wp-content\/uploads\/2023\/11\/317604495_521159233385963_3505577332369984939_n-600x600.jpeg 600w, https:\/\/havamall.vn\/wp-content\/uploads\/2023\/11\/317604495_521159233385963_3505577332369984939_n-1200x1200.jpeg 1200w, https:\/\/havamall.vn\/wp-content\/uploads\/2023\/11\/317604495_521159233385963_3505577332369984939_n-150x150.jpeg 150w, https:\/\/havamall.vn\/wp-content\/uploads\/2023\/11\/317604495_521159233385963_3505577332369984939_n-768x768.jpeg 768w, https:\/\/havamall.vn\/wp-content\/uploads\/2023\/11\/317604495_521159233385963_3505577332369984939_n-1024x1024.jpeg 1024w, https:\/\/havamall.vn\/wp-content\/uploads\/2023\/11\/317604495_521159233385963_3505577332369984939_n-100x100.jpeg 100w, https:\/\/havamall.vn\/wp-content\/uploads\/2023\/11\/317604495_521159233385963_3505577332369984939_n.jpeg 1875w\" sizes=\"(max-width: 792px) 100vw, 792px\" \/><\/p>\n<p>S\u1ed1t matcha Golden Farm l\u00e0 m\u1ed9t lo\u1ea1i nguy\u00ean li\u1ec7u pha ch\u1ebf kh\u00f4ng th\u1ec3 thi\u1ebfu c\u1ee7a c\u00e1c nh\u00e0 pha ch\u1ebf t\u00e0i ba. V\u1edbi s\u1ea3n ph\u1ea9m n\u00e0y, b\u1ea1n c\u00f3 th\u1ec3 t\u1ea1o ra c\u00e1c lo\u1ea1i \u0111\u1ed3 u\u1ed1ng mang h\u01b0\u01a1ng v\u1ecb tr\u00e0 xanh m\u1ed9t c\u00e1ch \u0111\u01a1n gi\u1ea3n v\u00e0 d\u1ec5 d\u00e0ng.<\/p>\n<p>S\u1ea3n ph\u1ea9m\u00a0c\u00f3 d\u1ea1ng l\u1ecfng, h\u01a1i s\u1ec7t, mang h\u01b0\u01a1ng v\u1ecb \u0111\u1eadm \u0111\u00e0 c\u1ee7a tr\u00e0 xanh. V\u1edbi c\u00e1c th\u00e0nh ph\u1ea7n \u0111\u01b0\u1ee3c ch\u1ebf bi\u1ebfn theo t\u1ec9 l\u1ec7 ch\u00ednh x\u00e1c, s\u1ea3n ph\u1ea9m mang \u0111\u1ebfn m\u1ed9t ch\u1ea5t l\u01b0\u1ee3ng ho\u00e0n h\u1ea3o cho c\u00e1c lo\u1ea1i \u0111\u1ed3 u\u1ed1ng v\u00e0\u00a0m\u00f3n \u0103n. B\u1ea1n c\u00f3 th\u1ec3 s\u1eed d\u1ee5ng tr\u1ef1c ti\u1ebfp s\u1ea3n ph\u1ea9m \u0111\u1ec3 pha v\u1edbi s\u1eefa l\u00e0m s\u1eefa matcha, l\u00e0m nguy\u00ean li\u1ec7u \u0111\u1ec3 trang tr\u00ed kem, b\u00e1nh gato, l\u00e0 nguy\u00ean li\u1ec7u \u0111\u1ec3 pha ch\u1ebf c\u00e1c lo\u1ea1i \u0111\u1ed3 u\u1ed1ng \u0111a xay v\u1ecb matcha\u2026<\/p>\n<p><img decoding=\"async\" class=\"wp-image-32894 aligncenter\" src=\"https:\/\/havamall.vn\/wp-content\/uploads\/2023\/11\/IMG_2413-200x300.jpeg\" alt=\"\" width=\"794\" height=\"1191\" srcset=\"https:\/\/havamall.vn\/wp-content\/uploads\/2023\/11\/IMG_2413-200x300.jpeg 200w, https:\/\/havamall.vn\/wp-content\/uploads\/2023\/11\/IMG_2413-600x900.jpeg 600w, https:\/\/havamall.vn\/wp-content\/uploads\/2023\/11\/IMG_2413-1200x1800.jpeg 1200w, https:\/\/havamall.vn\/wp-content\/uploads\/2023\/11\/IMG_2413-768x1152.jpeg 768w, https:\/\/havamall.vn\/wp-content\/uploads\/2023\/11\/IMG_2413-683x1024.jpeg 683w, https:\/\/havamall.vn\/wp-content\/uploads\/2023\/11\/IMG_2413-scaled.jpeg 1707w\" sizes=\"(max-width: 794px) 100vw, 794px\" \/><\/p>\n<h2><strong>H\u01b0\u1edbng d\u1eabn s\u1eed d\u1ee5ng v\u00e0 b\u1ea3o qu\u1ea3n<\/strong><\/h2>\n<p>\u2013 H\u01b0\u1edbng d\u1eabn s\u1eed d\u1ee5ng: D\u00f9ng l\u00e0m nguy\u00ean li\u1ec7u trang tr\u00ed b\u00e1nh v\u00e0 kem l\u1ea1nh.<\/p>\n<p>\u2013 B\u1ea3o qu\u1ea3n: B\u1ea3o qu\u1ea3n n\u01a1i kh\u00f4 r\u00e1o, tr\u00e1nh \u00e1nh n\u1eafng tr\u1ef1c ti\u1ebfp.<\/p>\n<p>\u2013 Th\u00f4ng tin c\u1ea3nh b\u00e1o an to\u00e0n: Kh\u00f4ng s\u1eed d\u1ee5ng s\u1ea3n ph\u1ea9m h\u1ebft h\u1ea1n s\u1eed d\u1ee5ng.<\/p>\n<p><img loading=\"lazy\" decoding=\"async\" class=\"wp-image-32895 aligncenter\" src=\"https:\/\/havamall.vn\/wp-content\/uploads\/2023\/11\/317440041_521159420052611_8424899461080680588_n-300x151.jpeg\" alt=\"\" width=\"805\" height=\"405\" srcset=\"https:\/\/havamall.vn\/wp-content\/uploads\/2023\/11\/317440041_521159420052611_8424899461080680588_n-300x151.jpeg 300w, https:\/\/havamall.vn\/wp-content\/uploads\/2023\/11\/317440041_521159420052611_8424899461080680588_n-600x301.jpeg 600w, https:\/\/havamall.vn\/wp-content\/uploads\/2023\/11\/317440041_521159420052611_8424899461080680588_n-1200x603.jpeg 1200w, https:\/\/havamall.vn\/wp-content\/uploads\/2023\/11\/317440041_521159420052611_8424899461080680588_n-768x386.jpeg 768w, https:\/\/havamall.vn\/wp-content\/uploads\/2023\/11\/317440041_521159420052611_8424899461080680588_n-1024x515.jpeg 1024w, https:\/\/havamall.vn\/wp-content\/uploads\/2023\/11\/317440041_521159420052611_8424899461080680588_n.jpeg 2048w\" sizes=\"(max-width: 805px) 100vw, 805px\" \/><\/p>","protected":false},"excerpt":{"rendered":"<p>TH\u00d4NG TIN CHUNG Th\u01b0\u01a1ng hi\u1ec7u GoldenFarm Xu\u1ea5t x\u1ee9 Vi\u1ec7t Nam Th\u00e0nh ph\u1ea7n \u0110\u01b0\u1eddng m\u00eda RE, n\u01b0\u1edbc, s\u1eefa b\u1ed9t, mu\u1ed1i, ch\u1ea5t<\/p>","protected":false},"featured_media":32896,"comment_status":"open","ping_status":"closed","template":"","meta":[],"product_brand":[],"product_cat":[36,135],"product_tag":[],"class_list":{"0":"post-32891","1":"product","2":"type-product","3":"status-publish","4":"has-post-thumbnail","6":"product_cat-thuc-pham-tieu-dung","7":"product_cat-sua-do-uong","8":"pa_brand-golden-farm","10":"first","11":"instock","12":"sale","13":"shipping-taxable","14":"purchasable","15":"product-type-simple"},"_links":{"self":[{"href":"https:\/\/havamall.vn\/en\/wp-json\/wp\/v2\/product\/32891"}],"collection":[{"href":"https:\/\/havamall.vn\/en\/wp-json\/wp\/v2\/product"}],"about":[{"href":"https:\/\/havamall.vn\/en\/wp-json\/wp\/v2\/types\/product"}],"replies":[{"embeddable":true,"href":"https:\/\/havamall.vn\/en\/wp-json\/wp\/v2\/comments?post=32891"}],"version-history":[{"count":0,"href":"https:\/\/havamall.vn\/en\/wp-json\/wp\/v2\/product\/32891\/revisions"}],"wp:featuredmedia":[{"embeddable":true,"href":"https:\/\/havamall.vn\/en\/wp-json\/wp\/v2\/media\/32896"}],"wp:attachment":[{"href":"https:\/\/havamall.vn\/en\/wp-json\/wp\/v2\/media?parent=32891"}],"wp:term":[{"taxonomy":"product_brand","embeddable":true,"href":"https:\/\/havamall.vn\/en\/wp-json\/wp\/v2\/product_brand?post=32891"},{"taxonomy":"product_cat","embeddable":true,"href":"https:\/\/havamall.vn\/en\/wp-json\/wp\/v2\/product_cat?post=32891"},{"taxonomy":"product_tag","embeddable":true,"href":"https:\/\/havamall.vn\/en\/wp-json\/wp\/v2\/product_tag?post=32891"}],"curies":[{"name":"wp","href":"https:\/\/api.w.org\/{rel}","templated":true}]}}