{"id":32863,"date":"2023-11-08T10:21:10","date_gmt":"2023-11-08T03:21:10","guid":{"rendered":"https:\/\/havamall.vn\/?post_type=product&#038;p=32863"},"modified":"2023-11-08T10:25:01","modified_gmt":"2023-11-08T03:25:01","slug":"kem-cledor-choco-hop-474ml-cledor-ice-cream","status":"publish","type":"product","link":"https:\/\/havamall.vn\/en\/shop\/kem-cledor-choco-hop-474ml-cledor-ice-cream\/","title":{"rendered":"Kem Cl\u00e9dor Choco H\u1ed9p 474ml &#8211; Cledor Ice Cream"},"content":{"rendered":"<h2><\/h2>\n<h2><strong>TH\u00d4NG TIN S\u1ea2N PH\u1ea8M<\/strong><\/h2>\n<table>\n<tbody>\n<tr>\n<td>Th\u01b0\u01a1ng hi\u1ec7u<\/td>\n<td>Cl\u00e9dor<\/td>\n<\/tr>\n<tr>\n<td>Xu\u1ea5t x\u1ee9<\/td>\n<td>H\u00e0n Qu\u1ed1c<\/td>\n<\/tr>\n<tr>\n<td>Th\u00e0nh ph\u1ea7n<\/td>\n<td>S\u1eefa, n\u01b0\u1edbc, \u0111\u01b0\u1eddng, kem s\u1eefa, b\u00e1nh choco,&#8230;<\/td>\n<\/tr>\n<tr>\n<td>H\u1ea1n s\u1eed d\u1ee5ng<\/td>\n<td>24 th\u00e1ng k\u1ec3 t\u1eeb ng\u00e0y s\u1ea3n xu\u1ea5t<\/td>\n<\/tr>\n<tr>\n<td>B\u1ea3o qu\u1ea3n<\/td>\n<td>B\u1ea3o qu\u1ea3n \u0111\u00f4ng l\u1ea1nh<\/td>\n<\/tr>\n<tr>\n<td>Th\u1ec3 t\u00edch<\/td>\n<td>474ml<\/td>\n<\/tr>\n<\/tbody>\n<\/table>\n<p>Kem Cledor \u0111\u01b0\u1ee3c l\u00e0m t\u1eeb c\u00e1c nguy\u00ean li\u1ec7u t\u1ef1 nhi\u00ean cao c\u1ea5p, kh\u00f4ng s\u1eed d\u1ee5ng c\u00e1c h\u00f3a ch\u1ea5t \u0111\u1ed9c h\u1ea1i mang l\u1ea1i h\u01b0\u01a1ng v\u1ecb tuy\u1ec7t v\u1eddi nh\u1ea5t cho s\u1ea3n ph\u1ea9m. Ngo\u00e0i ra, v\u1edbi c\u00f4ng ngh\u1ec7 s\u1ea3n xu\u1ea5t hi\u1ec7n \u0111\u1ea1i c\u1ee7a H\u00e0n Qu\u1ed1c, Kem Cledor \u0111\u1ea3m b\u1ea3o ti\u00eau chu\u1ea9n qu\u1ed1c t\u1ebf an to\u00e0n cho s\u1ee9c kh\u1ecfe ng\u01b0\u1eddi s\u1eed d\u1ee5ng.<\/p>\n<p>\u0110\u00e2y c\u00f3 th\u1ec3 l\u00e0 s\u1ea3n ph\u1ea9m \u0111\u01a1n gi\u1ea3n nh\u1ea5t trong d\u00f2ng s\u1ea3n ph\u1ea9m Cl\u00e9dor nh\u01b0ng \u0111\u1eebng \u0111\u1ec3 v\u1ebb ngo\u00e0i \u0111\u01a1n gi\u1ea3n \u0111\u00e1nh l\u1eeba b\u1ea1n. \u0110\u00e2y l\u00e0 s\u1ea3n ph\u1ea9m kem d\u1ea1ng ly tr\u00f2n nh\u1ecf ti\u1ec7n d\u1ee5ng, d\u1ec5 d\u00e0ng mang theo b\u1ea5t k\u1ef3 \u0111\u00e2u c\u0169ng nh\u01b0 d\u1ec5 b\u1ea3o qu\u1ea3n.<\/p>\n<p><img fetchpriority=\"high\" decoding=\"async\" class=\"wp-image-32864 aligncenter\" src=\"https:\/\/havamall.vn\/wp-content\/uploads\/2023\/11\/trans-1-300x200.jpeg\" alt=\"\" width=\"792\" height=\"528\" srcset=\"https:\/\/havamall.vn\/wp-content\/uploads\/2023\/11\/trans-1-300x200.jpeg 300w, https:\/\/havamall.vn\/wp-content\/uploads\/2023\/11\/trans-1-600x400.jpeg 600w, https:\/\/havamall.vn\/wp-content\/uploads\/2023\/11\/trans-1-768x512.jpeg 768w, https:\/\/havamall.vn\/wp-content\/uploads\/2023\/11\/trans-1.jpeg 830w\" sizes=\"(max-width: 792px) 100vw, 792px\" \/><\/p>\n<p>Kem \u0111\u01b0\u1ee3c s\u1ea3n xu\u1ea5t th\u00f4ng qua m\u1ed9t quy tr\u00ecnh g\u1ecdi l\u00e0 &#8220;pha l\u1ea1nh&#8221;, m\u1ed9t k\u1ef9 thu\u1eadt ch\u1eadm h\u01a1n s\u1eed d\u1ee5ng quy tr\u00ecnh x\u1eed l\u00fd \u1edf nhi\u1ec7t \u0111\u1ed9 th\u1ea5p. S\u1ef1 ch\u00fa \u00fd \u0111\u1ebfn t\u1eebng chi ti\u1ebft n\u00e0y, c\u00f9ng v\u1edbi c\u00e1c th\u00e0nh ph\u1ea7n \u0111\u01b0\u1ee3c tuy\u1ec3n ch\u1ecdn k\u1ef9 l\u01b0\u1ee1ng, mang \u0111\u1ebfn cho m\u00f3n \u0103n h\u01b0\u01a1ng v\u1ecb v\u00e0 k\u1ebft c\u1ea5u m\u00e0 ch\u00fang t\u00f4i v\u00f4 c\u00f9ng y\u00eau th\u00edch.<\/p>\n<p>Kem \u0111\u01b0\u1ee3c s\u1ea3n xu\u1ea5t th\u00f4ng qua m\u1ed9t quy tr\u00ecnh g\u1ecdi l\u00e0 &#8220;pha l\u1ea1nh&#8221;, m\u1ed9t k\u1ef9 thu\u1eadt ch\u1eadm h\u01a1n s\u1eed d\u1ee5ng quy tr\u00ecnh x\u1eed l\u00fd \u1edf nhi\u1ec7t \u0111\u1ed9 th\u1ea5p. S\u1ef1 ch\u00fa \u00fd \u0111\u1ebfn t\u1eebng chi ti\u1ebft n\u00e0y, c\u00f9ng v\u1edbi c\u00e1c th\u00e0nh ph\u1ea7n \u0111\u01b0\u1ee3c tuy\u1ec3n ch\u1ecdn k\u1ef9 l\u01b0\u1ee1ng, mang \u0111\u1ebfn cho m\u00f3n \u0103n h\u01b0\u01a1ng v\u1ecb v\u00e0 k\u1ebft c\u1ea5u m\u00e0 ch\u00fang t\u00f4i v\u00f4 c\u00f9ng y\u00eau th\u00edch.<\/p>\n<p><img decoding=\"async\" class=\"wp-image-32865 aligncenter\" src=\"https:\/\/havamall.vn\/wp-content\/uploads\/2023\/11\/trans-225x300.jpeg\" alt=\"\" width=\"789\" height=\"1052\" srcset=\"https:\/\/havamall.vn\/wp-content\/uploads\/2023\/11\/trans-225x300.jpeg 225w, https:\/\/havamall.vn\/wp-content\/uploads\/2023\/11\/trans-600x800.jpeg 600w, https:\/\/havamall.vn\/wp-content\/uploads\/2023\/11\/trans-768x1024.jpeg 768w, https:\/\/havamall.vn\/wp-content\/uploads\/2023\/11\/trans.jpeg 830w\" sizes=\"(max-width: 789px) 100vw, 789px\" \/><\/p>\n<p>B\u1ea1n s\u1ebd kh\u00f4ng th\u1ec3 c\u01b0\u1ee1ng l\u1ea1i \u0111\u01b0\u1ee3c nh\u1eefng th\u00eca kem m\u1ecbn m\u01b0\u1ee3t, kh\u00f4ng \u0111\u00f3ng \u0111\u00e1 tuy\u1ec7t v\u1eddi n\u00e0y. Khi \u0103n, kem tan ch\u1ea3y trong mi\u1ec7ng v\u1edbi m\u1ed9t\u00a0c\u1ea3m gi\u00e1c r\u1ea5t m\u00ea say. K\u1ebft qu\u1ea3 c\u1ee7a nh\u1eefng nghi\u00ean c\u1ee9u g\u1ea7n \u0111\u00e2y cho th\u1ea5y s\u00f4 c\u00f4 la c\u00f3 th\u00e0nh ph\u1ea7n ch\u1ed1ng oxy h\u00f3a cao, gi\u00fap gi\u1ea3m nguy c\u01a1 b\u1ec7nh tim m\u1ea1ch, \u0111\u1ed9t qu\u1ef5 v\u00e0 t\u0103ng c\u01b0\u1eddng ch\u1ee9c n\u0103ng nh\u1eadn th\u1ee9c, ghi nh\u1edb.<\/p>\n<p>Kem H\u1ed9p Cledor Choco gi\u00fap cung c\u1ea5p n\u0103ng l\u01b0\u1ee3ng, vitamin, d\u01b0\u1ee1ng ch\u1ea5t c\u1ea7n thi\u1ebft cho c\u00e1c ho\u1ea1t \u0111\u1ed9ng h\u00e0ng ng\u00e0y, v\u1edbi h\u01b0\u01a1ng v\u1ecb m\u00e1t l\u1ea1nh c\u1ee7a kem mang l\u1ea1i cho b\u1ea1n c\u1ea3m gi\u00e1c th\u1eadt s\u1ea3ng kho\u00e1i m\u1ed7i khi th\u01b0\u1edfng th\u1ee9c.<\/p>\n<p>Ngo\u00e0i vi\u1ec7c \u0103n li\u1ec1n tr\u1ef1c ti\u1ebfp b\u1ea1n c\u0169ng c\u00f3 th\u1ec3 k\u1ebft h\u1ee3p s\u1ea3n ph\u1ea9m v\u1edbi c\u00e1c lo\u1ea1i h\u1ea1t kh\u00f4, tr\u00e1i c\u00e2y rau c\u1ee7 s\u1ea5y, tr\u00e1i c\u00e2y, sinh t\u1ed1,&#8230; cho ra c\u00e1c m\u00f3n \u0103n \u0111\u1ed9c \u0111\u00e1o v\u00e0 b\u1eaft v\u1ecb h\u01a1n nha.<\/p>\n<p><img decoding=\"async\" class=\"wp-image-32867 aligncenter\" src=\"https:\/\/havamall.vn\/wp-content\/uploads\/2023\/11\/Screen-Shot-2023-11-08-at-10.13.22-AM-300x300.png\" alt=\"\" width=\"787\" height=\"787\" srcset=\"https:\/\/havamall.vn\/wp-content\/uploads\/2023\/11\/Screen-Shot-2023-11-08-at-10.13.22-AM-300x300.png 300w, https:\/\/havamall.vn\/wp-content\/uploads\/2023\/11\/Screen-Shot-2023-11-08-at-10.13.22-AM-600x599.png 600w, https:\/\/havamall.vn\/wp-content\/uploads\/2023\/11\/Screen-Shot-2023-11-08-at-10.13.22-AM-150x150.png 150w, https:\/\/havamall.vn\/wp-content\/uploads\/2023\/11\/Screen-Shot-2023-11-08-at-10.13.22-AM-100x100.png 100w, https:\/\/havamall.vn\/wp-content\/uploads\/2023\/11\/Screen-Shot-2023-11-08-at-10.13.22-AM.png 746w\" sizes=\"(max-width: 787px) 100vw, 787px\" \/><\/p>\n<h2><strong>\u01afu \u0111i\u1ec3m c\u1ee7a s\u1ea3n ph\u1ea9m<\/strong><\/h2>\n<ul>\n<li>Ch\u1ee9a nhi\u1ec1u d\u01b0\u1ee1ng ch\u1ea5t thi\u1ebft y\u1ebfu nu\u00f4i d\u01b0\u1ee1ng c\u01a1 th\u1ec3, cho b\u1ea1n c\u00f3 n\u0103ng l\u01b0\u1ee3ng v\u01b0\u1ee3t qua c\u01a1n \u0111\u00f3i, ho\u1ea1t \u0111\u1ed9ng su\u1ed1t ng\u00e0y d\u00e0i.<\/li>\n<li>Thi\u1ebft k\u1ebf bao b\u00ec sang tr\u1ecdng, \u1ea5n t\u01b0\u1ee3ng, d\u1ec5 d\u00e0ng s\u1eed d\u1ee5ng v\u00e0 b\u1ea3o qu\u1ea3n, c\u00f3 th\u1ec3 mang theo b\u1ea5t k\u1ef3 \u0111\u00e2u.<\/li>\n<li>M\u00f3n \u0103n tr\u00e1ng mi\u1ec7ng c\u00f3 t\u00ednh gi\u1ea3i kh\u00e1t h\u1ea1 nhi\u1ec7t r\u1ea5t cao, th\u00edch h\u1ee3p cho c\u00e1c b\u1eefa ti\u1ec7c, th\u1eddi ti\u1ebft n\u00f3ng b\u1ee9c kh\u00f3 ch\u1ecbu<\/li>\n<\/ul>\n<h2><img loading=\"lazy\" decoding=\"async\" class=\"wp-image-32871 aligncenter\" src=\"https:\/\/havamall.vn\/wp-content\/uploads\/2023\/11\/875e6116fc2e1f97921946281ed63819-300x300.jpeg\" alt=\"\" width=\"795\" height=\"795\" srcset=\"https:\/\/havamall.vn\/wp-content\/uploads\/2023\/11\/875e6116fc2e1f97921946281ed63819-300x300.jpeg 300w, https:\/\/havamall.vn\/wp-content\/uploads\/2023\/11\/875e6116fc2e1f97921946281ed63819-600x600.jpeg 600w, https:\/\/havamall.vn\/wp-content\/uploads\/2023\/11\/875e6116fc2e1f97921946281ed63819-150x150.jpeg 150w, https:\/\/havamall.vn\/wp-content\/uploads\/2023\/11\/875e6116fc2e1f97921946281ed63819-100x100.jpeg 100w, https:\/\/havamall.vn\/wp-content\/uploads\/2023\/11\/875e6116fc2e1f97921946281ed63819.jpeg 736w\" sizes=\"(max-width: 795px) 100vw, 795px\" \/><\/h2>\n<h2><strong>H\u01b0\u1edbng d\u1eabn s\u1eed d\u1ee5ng v\u00e0 c\u00e1ch b\u1ea3o qu\u1ea3n<\/strong><\/h2>\n<ul>\n<li><strong>H\u01b0\u1edbng d\u1eabn s\u1eed d\u1ee5ng:<\/strong>\u00a0\u0110\u1eady k\u00edn n\u1eafp sau khi d\u00f9ng, v\u1edbi kem c\u00e2y n\u00ean d\u00f9ng 1 l\u1ea7n, tr\u00e1nh \u0111\u00f4ng l\u1ea1nh l\u1ea1i s\u1ea3n ph\u1ea9m \u0111\u00e3 r\u00e3 \u0111\u00f4ng. Xem k\u1ef9 th\u00e0nh ph\u1ea7n tr\u01b0\u1edbc khi d\u00f9ng, kh\u00f4ng d\u00f9ng s\u1ea3n ph\u1ea9m \u0111\u00e3 h\u1ebft h\u1ea1n hay c\u00f3 d\u1ea5u hi\u1ec7u kh\u00e1c bi\u1ec7t, ng\u01b0ng s\u1eed d\u1ee5ng ngay khi r\u0103ng qu\u00e1 \u00ea bu\u1ed1t.<\/li>\n<li><strong>C\u00e1ch b\u1ea3o qu\u1ea3n:<\/strong>\u00a0B\u1ea3o qu\u1ea3n l\u1ea1nh \u1edf nhi\u1ec7t \u0111\u1ed9 -20 \u0111\u1ed9 C ho\u1eb7c cho v\u00e0o ng\u0103n \u0111\u00f4ng c\u1ee7a t\u1ee7 l\u1ea1nh.<\/li>\n<\/ul>\n<p><img loading=\"lazy\" decoding=\"async\" class=\"wp-image-32868 aligncenter\" src=\"https:\/\/havamall.vn\/wp-content\/uploads\/2023\/11\/Screen-Shot-2023-11-08-at-10.14.26-AM-300x298.png\" alt=\"\" width=\"788\" height=\"783\" srcset=\"https:\/\/havamall.vn\/wp-content\/uploads\/2023\/11\/Screen-Shot-2023-11-08-at-10.14.26-AM-300x298.png 300w, https:\/\/havamall.vn\/wp-content\/uploads\/2023\/11\/Screen-Shot-2023-11-08-at-10.14.26-AM-600x595.png 600w, https:\/\/havamall.vn\/wp-content\/uploads\/2023\/11\/Screen-Shot-2023-11-08-at-10.14.26-AM-150x150.png 150w, https:\/\/havamall.vn\/wp-content\/uploads\/2023\/11\/Screen-Shot-2023-11-08-at-10.14.26-AM-100x100.png 100w, https:\/\/havamall.vn\/wp-content\/uploads\/2023\/11\/Screen-Shot-2023-11-08-at-10.14.26-AM.png 748w\" sizes=\"(max-width: 788px) 100vw, 788px\" \/><\/p>","protected":false},"excerpt":{"rendered":"<p>TH\u00d4NG TIN S\u1ea2N PH\u1ea8M Th\u01b0\u01a1ng hi\u1ec7u Cl\u00e9dor Xu\u1ea5t x\u1ee9 H\u00e0n Qu\u1ed1c Th\u00e0nh ph\u1ea7n S\u1eefa, n\u01b0\u1edbc, \u0111\u01b0\u1eddng, kem s\u1eefa, b\u00e1nh choco,&#8230;<\/p>","protected":false},"featured_media":32872,"comment_status":"open","ping_status":"closed","template":"","meta":[],"product_brand":[],"product_cat":[275,36],"product_tag":[],"class_list":{"0":"post-32863","1":"product","2":"type-product","3":"status-publish","4":"has-post-thumbnail","6":"product_cat-thuc-pham-dong-lanh","7":"product_cat-thuc-pham-tieu-dung","9":"first","10":"instock","11":"sale","12":"shipping-taxable","13":"purchasable","14":"product-type-simple"},"_links":{"self":[{"href":"https:\/\/havamall.vn\/en\/wp-json\/wp\/v2\/product\/32863"}],"collection":[{"href":"https:\/\/havamall.vn\/en\/wp-json\/wp\/v2\/product"}],"about":[{"href":"https:\/\/havamall.vn\/en\/wp-json\/wp\/v2\/types\/product"}],"replies":[{"embeddable":true,"href":"https:\/\/havamall.vn\/en\/wp-json\/wp\/v2\/comments?post=32863"}],"version-history":[{"count":0,"href":"https:\/\/havamall.vn\/en\/wp-json\/wp\/v2\/product\/32863\/revisions"}],"wp:featuredmedia":[{"embeddable":true,"href":"https:\/\/havamall.vn\/en\/wp-json\/wp\/v2\/media\/32872"}],"wp:attachment":[{"href":"https:\/\/havamall.vn\/en\/wp-json\/wp\/v2\/media?parent=32863"}],"wp:term":[{"taxonomy":"product_brand","embeddable":true,"href":"https:\/\/havamall.vn\/en\/wp-json\/wp\/v2\/product_brand?post=32863"},{"taxonomy":"product_cat","embeddable":true,"href":"https:\/\/havamall.vn\/en\/wp-json\/wp\/v2\/product_cat?post=32863"},{"taxonomy":"product_tag","embeddable":true,"href":"https:\/\/havamall.vn\/en\/wp-json\/wp\/v2\/product_tag?post=32863"}],"curies":[{"name":"wp","href":"https:\/\/api.w.org\/{rel}","templated":true}]}}