{"id":32758,"date":"2023-11-01T10:26:49","date_gmt":"2023-11-01T03:26:49","guid":{"rendered":"https:\/\/havamall.vn\/?post_type=product&#038;p=32758"},"modified":"2023-11-01T14:43:50","modified_gmt":"2023-11-01T07:43:50","slug":"dung-dich-ve-sinh-toilet-ole-500ml-toilet-cleaner","status":"publish","type":"product","link":"https:\/\/havamall.vn\/en\/shop\/dung-dich-ve-sinh-toilet-ole-500ml-toilet-cleaner\/","title":{"rendered":"Dung D\u1ecbch V\u1ec7 Sinh Toilet Ol\u00e9 500ml &#8211; Toilet Cleaner"},"content":{"rendered":"<p>Tr\u01b0\u1edbc s\u1ef1 ph\u00e1t tri\u1ec3n ng\u00e0y c\u00e0ng m\u1ea1nh c\u1ee7a c\u00e1c lo\u1ea1i virus, vi khu\u1ea9n l\u00e0m \u1ea3nh h\u01b0\u1edfng kh\u00f4ng t\u1ed1t \u0111\u1ebfn s\u1ee9c kh\u1ecfe c\u1ee7a b\u1ea1n c\u0169ng nh\u01b0 gia \u0111\u00ecnh. V\u00ec v\u1eady, \u0111\u1ec3 h\u1ea1n ch\u1ebf s\u1ef1 l\u00e2y lan, ph\u00e1t tri\u1ec3n c\u1ee7a ch\u00fang, n\u01b0\u1edbc v\u1ec7 sinh toilet Ol\u00e9 s\u1ebd gi\u00fap nh\u00e0 v\u1ec7 sinh c\u1ee7a gia \u0111\u00ecnh b\u1ea1n \u0111\u01b0\u1ee3c s\u1ea1ch s\u1ebd.<\/p>\n<p><img fetchpriority=\"high\" decoding=\"async\" class=\"wp-image-32763 aligncenter\" src=\"https:\/\/havamall.vn\/wp-content\/uploads\/2023\/11\/pexels-karolina-grabowska-4239113-300x199.jpeg\" alt=\"\" width=\"722\" height=\"479\" srcset=\"https:\/\/havamall.vn\/wp-content\/uploads\/2023\/11\/pexels-karolina-grabowska-4239113-300x199.jpeg 300w, https:\/\/havamall.vn\/wp-content\/uploads\/2023\/11\/pexels-karolina-grabowska-4239113-600x397.jpeg 600w, https:\/\/havamall.vn\/wp-content\/uploads\/2023\/11\/pexels-karolina-grabowska-4239113-768x509.jpeg 768w, https:\/\/havamall.vn\/wp-content\/uploads\/2023\/11\/pexels-karolina-grabowska-4239113.jpeg 838w\" sizes=\"(max-width: 722px) 100vw, 722px\" \/><\/p>\n<p>Thi\u1ebft k\u1ebf chai s\u1eed d\u1ee5ng t\u01b0\u01a1ng t\u1ef1 nh\u01b0 c\u00e1c s\u1ea3n ph\u1ea9m n\u01b0\u1edbc lau k\u00ednh,\u00a0c\u00f3 tay c\u1ea7m d\u1ea1ng c\u1ea7n b\u00f3p x\u1ecbt. D\u00f9ng n\u01b0\u1edbc t\u1ea9y r\u1eeda nh\u00e0 t\u1eafm d\u1ea1ng n\u00e0y \u0111\u1ec3 l\u00e0m s\u1ea1ch t\u01b0\u1eddng g\u1ea1ch men, g\u01b0\u01a1ng soi, b\u1ed3n t\u1eafm, b\u1ed3n r\u1eeda m\u1eb7t, r\u00e8m che nh\u00e0 t\u1eafm, b\u1ec1 m\u1eb7t th\u00e9p kh\u00f4ng g\u1ec9 hay b\u1ec1 m\u1eb7t nh\u1ef1a.\u00a0\u0110\u1eb7c bi\u1ec7t, ng\u01b0\u1eddi d\u00f9ng\u00a0ch\u1ec9 c\u1ea7n lau s\u1ea1ch b\u1ec1 m\u1eb7t phun x\u1ecbt, kh\u00f4ng c\u1ea7n r\u1eeda l\u1ea1i v\u1edbi n\u01b0\u1edbc.<\/p>\n<p>V\u1edbi c\u00e1c v\u1ebft b\u1ea9n l\u00e2u ng\u00e0y hay m\u1ea3ng b\u00e1m th\u00ec c\u1ea7n phun x\u1ecbt v\u00e0\u00a0gi\u1eef kho\u1ea3ng 5 ph\u00fat \u0111\u1ec3 ch\u1ea5t t\u1ea9y r\u1eeda th\u1ea5m s\u00e2u\u00a0\u0111\u00e1nh b\u1eadt v\u1ebft b\u1ea9n kh\u1ecfi b\u1ec1 m\u1eb7t tr\u01b0\u1edbc khi d\u00f9ng kh\u0103n hay b\u00e0n ch\u00e0 m\u1ec1m lau s\u1ea1ch. N\u01b0\u1edbc v\u1ec7 sinh toilet Ol\u00e9 c\u00f3 ngu\u1ed3n g\u1ed1c t\u1eeb c\u00e1c h\u01b0\u01a1ng li\u1ec7u t\u1ef1 nhi\u00ean, tuy\u1ec7t \u0111\u1ed1i an to\u00e0n cho ng\u01b0\u1eddi s\u1eed d\u1ee5ng.<\/p>\n<p><img decoding=\"async\" class=\"wp-image-32764 aligncenter\" src=\"https:\/\/havamall.vn\/wp-content\/uploads\/2023\/11\/cach-tu-pha-che-nuoc-tay-ve-sinh-phong-tam-3-300x193.jpeg\" alt=\"\" width=\"737\" height=\"474\" srcset=\"https:\/\/havamall.vn\/wp-content\/uploads\/2023\/11\/cach-tu-pha-che-nuoc-tay-ve-sinh-phong-tam-3-300x193.jpeg 300w, https:\/\/havamall.vn\/wp-content\/uploads\/2023\/11\/cach-tu-pha-che-nuoc-tay-ve-sinh-phong-tam-3-600x387.jpeg 600w, https:\/\/havamall.vn\/wp-content\/uploads\/2023\/11\/cach-tu-pha-che-nuoc-tay-ve-sinh-phong-tam-3.jpeg 650w\" sizes=\"(max-width: 737px) 100vw, 737px\" \/><\/p>\n<h2><strong>\u0110\u1eb6C \u0110I\u1ec2M N\u1ed4I B\u1eacT C\u1ee6A S\u1ea2N PH\u1ea8M<\/strong><\/h2>\n<ul>\n<li>S\u1ea3n ph\u1ea9m s\u1eed d\u1ee5ng c\u00f4ng ngh\u1ec7 ho\u1ea1t h\u00f3a \u0111i\u1ec7n h\u00f3a (ECA), ho\u1ea1t t\u00ednh kh\u1eed khu\u1ea9n cao, ORP &gt; 800mV.<\/li>\n<li>Kh\u1eed khu\u1ea9n, kh\u1eed m\u00f9i kh\u00f4ng giang trong nh\u00e0 b\u1ea1n.<\/li>\n<li>Di\u1ec7t 99.9% c\u00e1c lo\u1ea1i vi khu\u1ea9n, virus, n\u1ea5m m\u1ed1c.<\/li>\n<li>\u0110\u1ea3m b\u1ea3o an to\u00e0n, kh\u00f4ng t\u1ed3n l\u01b0u h\u00f3a ch\u1ea5t \u0111\u1ed9c h\u1ea1i, th\u00e2n thi\u1ec7n v\u1edbi m\u00f4i tr\u01b0\u1eddng.<\/li>\n<\/ul>\n<h2><img decoding=\"async\" class=\"wp-image-32765 aligncenter\" src=\"https:\/\/havamall.vn\/wp-content\/uploads\/2023\/11\/top-10-ca\u0301ch-ve\u0323\u0302-sinh-nha\u0300-ta\u0306\u0301m-sa\u0323ch-se\u0303-tho\u031bm-phu\u031b\u0301c-ca\u0309-nga\u0300y-300x274.jpeg\" alt=\"\" width=\"735\" height=\"671\" srcset=\"https:\/\/havamall.vn\/wp-content\/uploads\/2023\/11\/top-10-ca\u0301ch-ve\u0323\u0302-sinh-nha\u0300-ta\u0306\u0301m-sa\u0323ch-se\u0303-tho\u031bm-phu\u031b\u0301c-ca\u0309-nga\u0300y-300x274.jpeg 300w, https:\/\/havamall.vn\/wp-content\/uploads\/2023\/11\/top-10-ca\u0301ch-ve\u0323\u0302-sinh-nha\u0300-ta\u0306\u0301m-sa\u0323ch-se\u0303-tho\u031bm-phu\u031b\u0301c-ca\u0309-nga\u0300y-600x548.jpeg 600w, https:\/\/havamall.vn\/wp-content\/uploads\/2023\/11\/top-10-ca\u0301ch-ve\u0323\u0302-sinh-nha\u0300-ta\u0306\u0301m-sa\u0323ch-se\u0303-tho\u031bm-phu\u031b\u0301c-ca\u0309-nga\u0300y.jpeg 722w\" sizes=\"(max-width: 735px) 100vw, 735px\" \/><\/h2>\n<h2><strong>H\u01af\u1edaNG D\u1eaaN S\u1eec D\u1ee4NG:<\/strong><\/h2>\n<p>\u2013 X\u1ecbt dung d\u1ecbch v\u1ec7 sinh l\u00ean b\u1ec1 m\u1eb7t n\u01a1i mu\u1ed1n l\u00e0m s\u1ea1ch<\/p>\n<p>\u2013 Ch\u1edd m\u1ed9t th\u1eddi gian ng\u1eafn, \u0111\u1ec3 cho dung d\u1ecbch v\u1ec7 sinh t\u00e1c d\u1ee5ng l\u00ean c\u00e1c v\u1ebft b\u1ea9n<\/p>\n<p>\u2013 Sau \u0111\u00f3 lau s\u1ea1ch b\u1eb1ng kh\u0103n \u1ea9m. Lau l\u1ea1i b\u1eb1ng kh\u0103n kh\u00f4 n\u1ebfu c\u1ea7n.<\/p>","protected":false},"excerpt":{"rendered":"<p>Tr\u01b0\u1edbc s\u1ef1 ph\u00e1t tri\u1ec3n ng\u00e0y c\u00e0ng m\u1ea1nh c\u1ee7a c\u00e1c lo\u1ea1i virus, vi khu\u1ea9n l\u00e0m \u1ea3nh h\u01b0\u1edfng kh\u00f4ng t\u1ed1t \u0111\u1ebfn s\u1ee9c<\/p>","protected":false},"featured_media":32766,"comment_status":"open","ping_status":"closed","template":"","meta":[],"product_brand":[],"product_cat":[393,35],"product_tag":[],"class_list":{"0":"post-32758","1":"product","2":"type-product","3":"status-publish","4":"has-post-thumbnail","6":"product_cat-bep-phong-an","7":"product_cat-nha-cua-doi-song","9":"first","10":"instock","11":"sale","12":"shipping-taxable","13":"purchasable","14":"product-type-simple"},"_links":{"self":[{"href":"https:\/\/havamall.vn\/en\/wp-json\/wp\/v2\/product\/32758"}],"collection":[{"href":"https:\/\/havamall.vn\/en\/wp-json\/wp\/v2\/product"}],"about":[{"href":"https:\/\/havamall.vn\/en\/wp-json\/wp\/v2\/types\/product"}],"replies":[{"embeddable":true,"href":"https:\/\/havamall.vn\/en\/wp-json\/wp\/v2\/comments?post=32758"}],"version-history":[{"count":0,"href":"https:\/\/havamall.vn\/en\/wp-json\/wp\/v2\/product\/32758\/revisions"}],"wp:featuredmedia":[{"embeddable":true,"href":"https:\/\/havamall.vn\/en\/wp-json\/wp\/v2\/media\/32766"}],"wp:attachment":[{"href":"https:\/\/havamall.vn\/en\/wp-json\/wp\/v2\/media?parent=32758"}],"wp:term":[{"taxonomy":"product_brand","embeddable":true,"href":"https:\/\/havamall.vn\/en\/wp-json\/wp\/v2\/product_brand?post=32758"},{"taxonomy":"product_cat","embeddable":true,"href":"https:\/\/havamall.vn\/en\/wp-json\/wp\/v2\/product_cat?post=32758"},{"taxonomy":"product_tag","embeddable":true,"href":"https:\/\/havamall.vn\/en\/wp-json\/wp\/v2\/product_tag?post=32758"}],"curies":[{"name":"wp","href":"https:\/\/api.w.org\/{rel}","templated":true}]}}