{"id":32751,"date":"2023-10-31T16:41:51","date_gmt":"2023-10-31T09:41:51","guid":{"rendered":"https:\/\/havamall.vn\/?post_type=product&#038;p=32751"},"modified":"2023-11-01T14:44:23","modified_gmt":"2023-11-01T07:44:23","slug":"dung-dich-ve-sinh-tu-lanh-ole-500ml-hygienic-fridge-cleaner","status":"publish","type":"product","link":"https:\/\/havamall.vn\/en\/shop\/dung-dich-ve-sinh-tu-lanh-ole-500ml-hygienic-fridge-cleaner\/","title":{"rendered":"Dung D\u1ecbch V\u1ec7 Sinh T\u1ee7 L\u1ea1nh Ol\u00e9 500ml &#8211; Hygienic Fridge Cleaner"},"content":{"rendered":"<p>R\u1ea5t ti\u1ec7n l\u1ee3i, hi\u1ec7u qu\u1ea3 nhanh khi s\u1eed d\u1ee5ng, kh\u00f4ng m\u1ea5t nhi\u1ec1u th\u1eddi gian v\u00e0 c\u00f4ng s\u1ee9c lau ch\u00f9i d\u1ea7u m\u1ee1 v\u00e0 v\u1ebft b\u1ea9n, gi\u00fap c\u0103n b\u1ebfp nh\u00e0 b\u1ea1n lu\u00f4n s\u1ea1ch b\u00f3ng nh\u01b0 m\u1edbi. S\u1ea3n ph\u1ea9m \u0111\u01b0\u1ee3c thi\u1ebft k\u1ebf d\u1ea1ng chai x\u1ecbt, gi\u00fap ti\u1ebft ki\u1ec7m v\u00e0 d\u1ecdn r\u1eeda hi\u1ec7u qu\u1ea3 h\u01a1n. B\u1ea1n c\u0169ng d\u1ec5 d\u00e0ng b\u1ea3o qu\u1ea3n v\u00e0 c\u1ea5t gi\u1eef nh\u1eefng khi kh\u00f4ng d\u00f9ng \u0111\u1ebfn.<\/p>\n<p><img fetchpriority=\"high\" decoding=\"async\" class=\"wp-image-32752 aligncenter\" src=\"https:\/\/havamall.vn\/wp-content\/uploads\/2023\/10\/GettyImages-1438282338-a370de1ecac44f0798d74e790335f277-300x205.jpeg\" alt=\"\" width=\"706\" height=\"482\" srcset=\"https:\/\/havamall.vn\/wp-content\/uploads\/2023\/10\/GettyImages-1438282338-a370de1ecac44f0798d74e790335f277-300x205.jpeg 300w, https:\/\/havamall.vn\/wp-content\/uploads\/2023\/10\/GettyImages-1438282338-a370de1ecac44f0798d74e790335f277-600x409.jpeg 600w, https:\/\/havamall.vn\/wp-content\/uploads\/2023\/10\/GettyImages-1438282338-a370de1ecac44f0798d74e790335f277-1200x818.jpeg 1200w, https:\/\/havamall.vn\/wp-content\/uploads\/2023\/10\/GettyImages-1438282338-a370de1ecac44f0798d74e790335f277-768x524.jpeg 768w, https:\/\/havamall.vn\/wp-content\/uploads\/2023\/10\/GettyImages-1438282338-a370de1ecac44f0798d74e790335f277-1024x698.jpeg 1024w, https:\/\/havamall.vn\/wp-content\/uploads\/2023\/10\/GettyImages-1438282338-a370de1ecac44f0798d74e790335f277.jpeg 1500w\" sizes=\"(max-width: 706px) 100vw, 706px\" \/><\/p>\n<p>S\u1ea3n ph\u1ea9m c\u00f3 kh\u1ea3 n\u0103ng kh\u1eed s\u1ea1ch c\u00e1c m\u00f9i kh\u00f3 ch\u1ecbu l\u01b0u l\u1ea1i trong c\u00e1c v\u1eadt d\u1ee5ng. \u0110\u1ed3ng th\u1eddi, m\u00f9i h\u01b0\u01a1ng d\u1ecbu nh\u1eb9, d\u1ec5 ch\u1ecbu s\u1ebd khi\u1ebfn kh\u00f4ng gian nh\u00e0 b\u1ea1n th\u00eam th\u01a1m m\u00e1t. T\u1ea9y s\u1ea1ch v\u1ebft b\u1ea9n b\u00e1m tr\u00ean b\u1ec1 m\u1eb7t. L\u00e0 gi\u1ea3i ph\u00e1p gi\u00fap c\u00e1c b\u00e0 n\u1ed9i tr\u1ee3 v\u1ec7 sinh \u0111\u1ed3 d\u00f9ng m\u1ed9t c\u00e1ch an to\u00e0n, hi\u1ec7u qu\u1ea3.<\/p>\n<p><img decoding=\"async\" class=\"wp-image-32753 aligncenter\" src=\"https:\/\/havamall.vn\/wp-content\/uploads\/2023\/10\/37780B9E00000578-0-image-a-13_1471816147612-300x180.jpeg\" alt=\"\" width=\"708\" height=\"425\" srcset=\"https:\/\/havamall.vn\/wp-content\/uploads\/2023\/10\/37780B9E00000578-0-image-a-13_1471816147612-300x180.jpeg 300w, https:\/\/havamall.vn\/wp-content\/uploads\/2023\/10\/37780B9E00000578-0-image-a-13_1471816147612-600x360.jpeg 600w, https:\/\/havamall.vn\/wp-content\/uploads\/2023\/10\/37780B9E00000578-0-image-a-13_1471816147612-1200x721.jpeg 1200w, https:\/\/havamall.vn\/wp-content\/uploads\/2023\/10\/37780B9E00000578-0-image-a-13_1471816147612-768x461.jpeg 768w, https:\/\/havamall.vn\/wp-content\/uploads\/2023\/10\/37780B9E00000578-0-image-a-13_1471816147612-1024x615.jpeg 1024w, https:\/\/havamall.vn\/wp-content\/uploads\/2023\/10\/37780B9E00000578-0-image-a-13_1471816147612.jpeg 1908w\" sizes=\"(max-width: 708px) 100vw, 708px\" \/><\/p>\n<h2><strong>\u0110\u1eb6C \u0110I\u1ec2M N\u1ed4I B\u1eacT C\u1ee6A S\u1ea2N PH\u1ea8M<\/strong><\/h2>\n<p>&#8211; S\u1eed d\u1ee5ng c\u00f4ng ngh\u1ec7 Anolyte.<\/p>\n<p>&#8211; \u0110\u01b0\u1ee3c s\u1ea3n xu\u1ea5t t\u1eeb m\u00eda l\u00ean men l\u1ea1nh n\u00ean v\u00f4 c\u00f9ng an to\u00e0n cho s\u1ee9c kh\u1ecfe v\u00e0 th\u1ef1c ph\u1ea9m.<\/p>\n<p>&#8211; Kh\u00f4ng ch\u1ee9a ch\u1ea5t g\u00e2y ung th\u01b0, an to\u00e0n cho s\u1ee9c kh\u1ecfe.<\/p>\n<p>&#8211; C\u01a1 ch\u1ebf l\u00e0m s\u1ea1ch v\u00e0 di\u1ec7t khu\u1ea9n b\u1eb1ng x\u00fac t\u00e1c sinh h\u1ecdc kh\u00f4ng \u0111\u1ed9c h\u1ea1i.<\/p>\n<p>&#8211; Kh\u1eed m\u00f9i h\u00f4i &amp; tr\u1ea3 l\u1ea1i chi\u1ebfc t\u1ee7 l\u1ea1nh b\u00f3ng lo\u00e1ng ch\u1ec9 trong ch\u1ed1c l\u00e1t.<\/p>\n<p>&#8211; Gi\u00fap trung h\u00f2a c\u00e1c m\u00f9i kh\u00f3 ch\u1ecbu.<\/p>\n<p>&#8211; \u0110\u1ed1i v\u1edbi nh\u1eefng v\u1ebft b\u1ea9n c\u1ee9ng \u0111\u1ea7u: \u0110\u1ec3 kho\u1ea3ng 3 \u2013 5 ph\u00fat, sau \u0111\u00f3 lau s\u1ea1ch.<\/p>\n<p>&#8211; S\u1eed d\u1ee5ng d\u1ec5 d\u00e0ng, nhanh ch\u00f3ng, ti\u1ec7n l\u1ee3i.<\/p>\n<p><img decoding=\"async\" class=\"wp-image-32754 aligncenter\" src=\"https:\/\/havamall.vn\/wp-content\/uploads\/2023\/10\/shutterstock_691621129-300x200.jpeg\" alt=\"\" width=\"716\" height=\"477\" srcset=\"https:\/\/havamall.vn\/wp-content\/uploads\/2023\/10\/shutterstock_691621129-300x200.jpeg 300w, https:\/\/havamall.vn\/wp-content\/uploads\/2023\/10\/shutterstock_691621129-600x400.jpeg 600w, https:\/\/havamall.vn\/wp-content\/uploads\/2023\/10\/shutterstock_691621129-768x512.jpeg 768w, https:\/\/havamall.vn\/wp-content\/uploads\/2023\/10\/shutterstock_691621129.jpeg 1000w\" sizes=\"(max-width: 716px) 100vw, 716px\" \/><\/p>\n<h2><strong>C\u00d4NG D\u1ee4NG:<\/strong><\/h2>\n<p>&#8211; Gi\u00fap v\u1ec7 sinh s\u1ea1ch s\u1ebd v\u00e0 nhanh ch\u00f3ng c\u1ea3 b\u00ean trong l\u1eabn b\u00ean ngo\u00e0i t\u1ee7 l\u1ea1nh.<\/p>\n<p>&#8211; C\u00f4ng ngh\u1ec7 l\u00e0m s\u1ea1ch v\u1edbi c\u1ed3n h\u1eefu c\u01a1 (Bio- Alcohol) c\u1ef1c k\u1ef3 an to\u00e0n cho c\u00e1c khu v\u1ef1c l\u01b0u tr\u1eef \u0111\u1ed3 \u0103n.<\/p>\n<p>&#8211; Gi\u00fap trung h\u00f2a c\u00e1c m\u00f9i kh\u00f3 ch\u1ecbu.<\/p>\n<p>&#8211; Ho\u00e0n to\u00e0n th\u00edch h\u1ee3p s\u1eed d\u1ee5ng cho vi\u1ec7c l\u00e0m s\u1ea1ch l\u00f2 vi s\u00f3ng, c\u0169ng nh\u01b0 c\u00e1c b\u1ec1 m\u1eb7t l\u00e0m vi\u1ec7c, b\u00e0n \u0103n, b\u1ec1 m\u1eb7t khu v\u1ef1c ch\u1ebf bi\u1ebfn th\u1ef1c ph\u1ea9m.<\/p>\n<p>&#8211; Kh\u1eed khu\u1ea9n, d\u1ecdn d\u1eb9p s\u1ea1ch s\u1ebd, kh\u00f4ng g\u00e2y h\u1ea1i s\u1ee9c kh\u1ecfe cho ng\u01b0\u1eddi s\u1eed d\u1ee5ng.<\/p>\n<h2><strong>H\u01af\u1edaNG D\u1eaaN S\u1eec D\u1ee4NG:<\/strong><\/h2>\n<p>&#8211; X\u1ecbt dung d\u1ecbch v\u1ec7 sinh l\u00ean b\u1ec1 m\u1eb7t n\u01a1i mu\u1ed1n l\u00e0m s\u1ea1ch<\/p>\n<p>&#8211; Ch\u1edd m\u1ed9t th\u1eddi gian ng\u1eafn, \u0111\u1ec3 cho dung d\u1ecbch v\u1ec7 sinh t\u00e1c d\u1ee5ng l\u00ean c\u00e1c v\u1ebft b\u1ea9n<\/p>\n<p>&#8211; Sau \u0111\u00f3 lau s\u1ea1ch b\u1eb1ng kh\u0103n \u1ea9m. Lau l\u1ea1i b\u1eb1ng kh\u0103n kh\u00f4 n\u1ebfu c\u1ea7n.<\/p>\n<h2><strong>L\u01afU \u00dd:<\/strong><\/h2>\n<p>&#8211; Th\u1eadn tr\u1ecdng khi s\u1eed d\u1ee5ng<\/p>\n<p>&#8211; R\u00fat ngu\u1ed3n \u0111i\u1ec7n v\u00e0 chuy\u1ec3n h\u1ebft \u0111\u1ed3 \u0103n trong t\u1ee7 ra ngo\u00e0i tr\u01b0\u1edbc khi v\u1ec7 sinh t\u1ee7 l\u1ea1nh<\/p>\n<p>&#8211; Dung d\u1ecbch v\u1ec7 sinh t\u1ee7 l\u1ea1nh d\u1ea1ng l\u1ecfng v\u00e0 h\u01a1i d\u1ec5 ch\u00e1y.<\/p>","protected":false},"excerpt":{"rendered":"<p>R\u1ea5t ti\u1ec7n l\u1ee3i, hi\u1ec7u qu\u1ea3 nhanh khi s\u1eed d\u1ee5ng, kh\u00f4ng m\u1ea5t nhi\u1ec1u th\u1eddi gian v\u00e0 c\u00f4ng s\u1ee9c lau ch\u00f9i d\u1ea7u<\/p>","protected":false},"featured_media":32757,"comment_status":"open","ping_status":"closed","template":"","meta":[],"product_brand":[],"product_cat":[393,35],"product_tag":[],"class_list":{"0":"post-32751","1":"product","2":"type-product","3":"status-publish","4":"has-post-thumbnail","6":"product_cat-bep-phong-an","7":"product_cat-nha-cua-doi-song","9":"first","10":"instock","11":"sale","12":"shipping-taxable","13":"purchasable","14":"product-type-simple"},"_links":{"self":[{"href":"https:\/\/havamall.vn\/en\/wp-json\/wp\/v2\/product\/32751"}],"collection":[{"href":"https:\/\/havamall.vn\/en\/wp-json\/wp\/v2\/product"}],"about":[{"href":"https:\/\/havamall.vn\/en\/wp-json\/wp\/v2\/types\/product"}],"replies":[{"embeddable":true,"href":"https:\/\/havamall.vn\/en\/wp-json\/wp\/v2\/comments?post=32751"}],"version-history":[{"count":0,"href":"https:\/\/havamall.vn\/en\/wp-json\/wp\/v2\/product\/32751\/revisions"}],"wp:featuredmedia":[{"embeddable":true,"href":"https:\/\/havamall.vn\/en\/wp-json\/wp\/v2\/media\/32757"}],"wp:attachment":[{"href":"https:\/\/havamall.vn\/en\/wp-json\/wp\/v2\/media?parent=32751"}],"wp:term":[{"taxonomy":"product_brand","embeddable":true,"href":"https:\/\/havamall.vn\/en\/wp-json\/wp\/v2\/product_brand?post=32751"},{"taxonomy":"product_cat","embeddable":true,"href":"https:\/\/havamall.vn\/en\/wp-json\/wp\/v2\/product_cat?post=32751"},{"taxonomy":"product_tag","embeddable":true,"href":"https:\/\/havamall.vn\/en\/wp-json\/wp\/v2\/product_tag?post=32751"}],"curies":[{"name":"wp","href":"https:\/\/api.w.org\/{rel}","templated":true}]}}