{"id":32745,"date":"2023-10-31T15:18:39","date_gmt":"2023-10-31T08:18:39","guid":{"rendered":"https:\/\/havamall.vn\/?post_type=product&#038;p=32745"},"modified":"2023-11-01T14:44:44","modified_gmt":"2023-11-01T07:44:44","slug":"dung-dich-ve-sinh-nha-bep-ole-500ml-kitchen-cleaner","status":"publish","type":"product","link":"https:\/\/havamall.vn\/en\/shop\/dung-dich-ve-sinh-nha-bep-ole-500ml-kitchen-cleaner\/","title":{"rendered":"Dung D\u1ecbch V\u1ec7 Sinh Nh\u00e0 B\u1ebfp Ol\u00e9 500ml &#8211; Kitchen Cleaner"},"content":{"rendered":"<p>C\u00e1c v\u1ebft d\u1ea7u m\u1ee1, th\u1ee9c \u0103n c\u00f2n b\u00e1m l\u1ea1i tr\u00ean b\u1ebfp n\u1ebfu kh\u00f4ng lau ch\u00f9i ngay s\u1ebd \u0111\u1ec3 l\u1ea1i m\u00f9i h\u00f4i v\u00e0 r\u1ea5t kh\u00f3 \u0111\u1ec3 t\u1ea9y r\u1eeda. V\u1edbi N\u01b0\u1edbc v\u1ec7 sinh b\u1ebfp Ol\u00e9 d\u00f9 l\u00e0 v\u1ebft b\u1ea9n c\u1ee9ng \u0111\u1ea7u c\u1ee1 n\u00e0o, ch\u1ec9 c\u1ea7n v\u00e0i gi\u1ecdt l\u00e0 n\u00f3 s\u1ebd bi\u1ebfn m\u1ea5t ngay.\u00a0N\u01b0\u1edbc v\u1ec7 sinh b\u1ebfp Ol\u00e9 ch\u00ednh l\u00e0 s\u1ef1 l\u1ef1a ch\u1ecdn ho\u00e0n h\u1ea3o \u0111\u1ec3 l\u00e0m s\u1ea1ch nhanh ch\u00f3ng m\u1eb7t b\u1ebfp t\u1eeb, ngay c\u1ea3 \u0111\u1ed1i v\u1edbi v\u1ebft b\u1ea9n c\u1ee9ng \u0111\u1ea7u, gi\u00fap m\u1eb7t b\u1ebfp lu\u00f4n b\u00f3ng s\u00e1ng.<\/p>\n<p><img fetchpriority=\"high\" decoding=\"async\" class=\"wp-image-32746 aligncenter\" src=\"https:\/\/havamall.vn\/wp-content\/uploads\/2023\/10\/1654568456164_a-man-cleaning-a-kitchen-sink-300x169.jpeg\" alt=\"\" width=\"847\" height=\"477\" srcset=\"https:\/\/havamall.vn\/wp-content\/uploads\/2023\/10\/1654568456164_a-man-cleaning-a-kitchen-sink-300x169.jpeg 300w, https:\/\/havamall.vn\/wp-content\/uploads\/2023\/10\/1654568456164_a-man-cleaning-a-kitchen-sink-600x338.jpeg 600w, https:\/\/havamall.vn\/wp-content\/uploads\/2023\/10\/1654568456164_a-man-cleaning-a-kitchen-sink-768x432.jpeg 768w, https:\/\/havamall.vn\/wp-content\/uploads\/2023\/10\/1654568456164_a-man-cleaning-a-kitchen-sink-1024x576.jpeg 1024w, https:\/\/havamall.vn\/wp-content\/uploads\/2023\/10\/1654568456164_a-man-cleaning-a-kitchen-sink.jpeg 1200w\" sizes=\"(max-width: 847px) 100vw, 847px\" \/><\/p>\n<p>S\u1ea3n ph\u1ea9m k\u1ebft h\u1ee3p c\u00e1c kho\u00e1ng ch\u1ea5t l\u00e0m s\u1ea1ch, axit h\u1eefu c\u01a1, d\u1ea7u silicone, bitrex \u0111\u1ec3 l\u00e0m s\u1ea1ch nhanh ch\u00f3ng v\u00e0 an to\u00e0n. Ngo\u00e0i ra, c\u00f4ng ngh\u1ec7 trung t\u00ednh gi\u00fap lo\u1ea1i b\u1ecf c\u00e1c m\u00f9i kh\u00f3 ch\u1ecbu b\u00e1m tr\u00ean b\u1ebfp.<\/p>\n<p>C\u00f3 &#8220;tr\u1ee3 th\u1ee7&#8221; N\u01b0\u1edbc v\u1ec7 sinh b\u1ebfp Ol\u00e9 s\u1ebd gi\u00fap vi\u1ec7c t\u1ea9y r\u1eeda, \u0111\u1eb7c bi\u1ec7t l\u00e0 lau b\u1ebfp tr\u1edf n\u00ean d\u1ec5 d\u00e0ng v\u00e0 nhanh ch\u00f3ng. K\u1ec3 c\u1ea3 nhi\u1ec1u lo\u1ea1i v\u1ebft b\u1ea9n kh\u00f3 t\u1ea9y nh\u01b0: v\u1ebft g\u1ec9 s\u00e9t tr\u00ean b\u1ebfp ga, v\u1ebft b\u00e1m l\u00e2u ng\u00e0y tr\u00ean l\u00f2 vi s\u00f3ng hay m\u00e1y h\u00fat m\u00f9i. Nh\u1edd \u0111\u00f3, lu\u00f4n gi\u1eef cho ng\u00f4i nh\u00e0 b\u1ea1n \u0111\u01b0\u1ee3c s\u1ea1ch s\u1ebd, s\u00e1ng b\u00f3ng.<\/p>\n<p><img decoding=\"async\" class=\"wp-image-32747 aligncenter\" src=\"https:\/\/havamall.vn\/wp-content\/uploads\/2023\/10\/cleaning-kitchen-300x200.jpeg\" alt=\"\" width=\"849\" height=\"566\" srcset=\"https:\/\/havamall.vn\/wp-content\/uploads\/2023\/10\/cleaning-kitchen-300x200.jpeg 300w, https:\/\/havamall.vn\/wp-content\/uploads\/2023\/10\/cleaning-kitchen-600x400.jpeg 600w, https:\/\/havamall.vn\/wp-content\/uploads\/2023\/10\/cleaning-kitchen-1200x800.jpeg 1200w, https:\/\/havamall.vn\/wp-content\/uploads\/2023\/10\/cleaning-kitchen-768x512.jpeg 768w, https:\/\/havamall.vn\/wp-content\/uploads\/2023\/10\/cleaning-kitchen-1024x682.jpeg 1024w, https:\/\/havamall.vn\/wp-content\/uploads\/2023\/10\/cleaning-kitchen.jpeg 2000w\" sizes=\"(max-width: 849px) 100vw, 849px\" \/><\/p>\n<h2><strong>\u0110\u1eb7c \u0111i\u1ec3m n\u1ed5i b\u1eadt c\u1ee7a s\u1ea3n ph\u1ea9m<\/strong><\/h2>\n<ul>\n<li>S\u1ea3n ph\u1ea9m s\u1eed d\u1ee5ng c\u00f4ng ngh\u1ec7 ho\u1ea1t h\u00f3a \u0111i\u1ec7n h\u00f3a (ECA), ho\u1ea1t t\u00ednh kh\u1eed khu\u1ea9n cao, ORP &gt; 800mV.<\/li>\n<li>Kh\u1eed m\u00f9i, kh\u1eed khu\u1ea9n v\u00e0 l\u00e0m s\u1ea1ch kh\u00f4ng kh\u00ed.<\/li>\n<li>Kh\u1eed khu\u1ea9n, kh\u1eed m\u00f9i kh\u00f4ng giang trong nh\u00e0 b\u1ea1n.<\/li>\n<li>Di\u1ec7t 99.9% c\u00e1c lo\u1ea1i vi khu\u1ea9n, virus, n\u1ea5m m\u1ed1c.<\/li>\n<li>\u0110\u1ea3m b\u1ea3o an to\u00e0n, kh\u00f4ng t\u1ed3n l\u01b0u h\u00f3a ch\u1ea5t \u0111\u1ed9c h\u1ea1i, th\u00e2n thi\u1ec7n v\u1edbi m\u00f4i tr\u01b0\u1eddng.<\/li>\n<\/ul>\n<p><img decoding=\"async\" class=\"wp-image-32748 aligncenter\" src=\"https:\/\/havamall.vn\/wp-content\/uploads\/2023\/10\/Residential-Cleaner-Job-Description-300x200.jpeg\" alt=\"\" width=\"841\" height=\"560\" srcset=\"https:\/\/havamall.vn\/wp-content\/uploads\/2023\/10\/Residential-Cleaner-Job-Description-300x200.jpeg 300w, https:\/\/havamall.vn\/wp-content\/uploads\/2023\/10\/Residential-Cleaner-Job-Description-600x400.jpeg 600w, https:\/\/havamall.vn\/wp-content\/uploads\/2023\/10\/Residential-Cleaner-Job-Description-768x512.jpeg 768w, https:\/\/havamall.vn\/wp-content\/uploads\/2023\/10\/Residential-Cleaner-Job-Description-1024x683.jpeg 1024w, https:\/\/havamall.vn\/wp-content\/uploads\/2023\/10\/Residential-Cleaner-Job-Description.jpeg 1200w\" sizes=\"(max-width: 841px) 100vw, 841px\" \/><\/p>\n<h2><strong>T\u00e1c d\u1ee5ng dung d\u1ecbch v\u1ec7 sinh b\u1ebfp<\/strong><\/h2>\n<ul>\n<li>L\u00e0m s\u1ea1ch hi\u1ec7u qu\u1ea3\u00a0m\u1eb7t b\u1ebfp ngay c\u1ea3 \u0111\u1ed1i v\u1edbi v\u1ebft b\u1ea9n c\u1ee9ng \u0111\u1ea7u<\/li>\n<li>Duy tr\u00ec \u0111\u1ed9 b\u00f3ng s\u00e1ng c\u1ee7a m\u1eb7t b\u1ebfp<\/li>\n<li>L\u00e0m s\u1ea1ch nh\u1eb9 nh\u00e0ng kh\u00f4ng l\u00e0m h\u01b0 h\u1ea1i l\u1edbp b\u1ea3o v\u1ec7 c\u1ee7a b\u1ebfp<\/li>\n<li>Lo\u1ea1i b\u1ecf c\u00e1c m\u00f9i h\u00f4i kh\u00f3 ch\u1ecbu<\/li>\n<\/ul>\n<h2><strong>H\u01b0\u1edbng d\u1eabn s\u1eed d\u1ee5ng:<\/strong><\/h2>\n<p>&#8211; L\u1eafc \u0111\u1ec1u tr\u01b0\u1edbc khi s\u1eed d\u1ee5ng<\/p>\n<p>&#8211; S\u1eed d\u1ee5ng d\u1ee5ng c\u1ee5 l\u01b0\u1ee1i l\u00e0m s\u1ea1ch b\u1ec1 m\u1eb7t b\u1ebfp t\u1eeb chuy\u00ean d\u1ee5ng \u0111\u1ec3 l\u00e0m s\u1ea1ch b\u1ec1 m\u1eb7t.<\/p>\n<p>&#8211; T\u00f9y thu\u1ed9c m\u1ee9c \u0111\u1ed9 v\u1ebft b\u1ea9n, r\u00f3t m\u1ed9t l\u01b0\u1ee3ng v\u1eeba ph\u1ea3i l\u00ean b\u1ec1 m\u1eb7t b\u1ebfp.<\/p>\n<p>&#8211; S\u1eed d\u1ee5ng m\u1ed9t mi\u1ebfng v\u1ea3i \u1ea9m ho\u1eb7c kh\u0103n lau nh\u00e0 b\u1ebfp \u0111\u1ec3 lo\u1ea1i b\u1ecf v\u1ebft b\u1ea9n.<\/p>\n<p>&#8211; Sau \u0111\u00f3, d\u00f9ng v\u1ea3i m\u1ec1m \u0111\u1ec3 lau kh\u00f4 b\u1ec1 m\u1eb7t b\u1ebfp \u0111\u1ec3 t\u0103ng \u0111\u1ed9 s\u1ea1ch, \u0111\u1ed9 b\u00f3ng c\u1ee7a m\u1eb7t b\u1ebfp.<\/p>\n<p><img loading=\"lazy\" decoding=\"async\" class=\"wp-image-32749 aligncenter\" src=\"https:\/\/havamall.vn\/wp-content\/uploads\/2023\/10\/SW-Clean-washing-machine-cleaning-300x200.jpeg\" alt=\"\" width=\"830\" height=\"553\" srcset=\"https:\/\/havamall.vn\/wp-content\/uploads\/2023\/10\/SW-Clean-washing-machine-cleaning-300x200.jpeg 300w, https:\/\/havamall.vn\/wp-content\/uploads\/2023\/10\/SW-Clean-washing-machine-cleaning-600x400.jpeg 600w, https:\/\/havamall.vn\/wp-content\/uploads\/2023\/10\/SW-Clean-washing-machine-cleaning.jpeg 700w\" sizes=\"(max-width: 830px) 100vw, 830px\" \/><\/p>\n<h2><strong>L\u01b0u \u00fd c\u1ea9n th\u1eadn khi s\u1eed d\u1ee5ng<\/strong><\/h2>\n<ul>\n<li>\u0110\u1ec3 ti\u1ebfn h\u00e0nh v\u1ec7 sinh ph\u1ea3i ch\u1edd cho b\u1ebfp ngu\u1ed9i h\u1eb3n.<\/li>\n<li>N\u00ean ng\u1eaft ngu\u1ed3n \u0111i\u1ec7n b\u1ebfp t\u1eeb tr\u01b0\u1edbc khi v\u1ec7 sinh<\/li>\n<li>N\u00ean v\u1ec7 sinh \u0111\u1ecbnh k\u00ec ho\u1eb7c khi th\u1ea5y b\u1ebfp c\u00f3 nhi\u1ec1u v\u1ebft b\u1ea9n. Kh\u00f4ng \u0111\u1ec3 b\u00e1m b\u1ea9n t\u00edch t\u1ee5 qu\u00e1 nhi\u1ebfu m\u1edbi v\u1ec7 sinh, s\u1ebd \u1ea3nh h\u01b0\u1edfng t\u1edbi hi\u1ec7u n\u0103ng c\u1ee7a b\u1ebfp.<\/li>\n<li>\u0110\u1ec3 xa t\u1ea7m v\u1edbi c\u1ee7a tr\u1ebb em.<\/li>\n<\/ul>","protected":false},"excerpt":{"rendered":"<p>C\u00e1c v\u1ebft d\u1ea7u m\u1ee1, th\u1ee9c \u0103n c\u00f2n b\u00e1m l\u1ea1i tr\u00ean b\u1ebfp n\u1ebfu kh\u00f4ng lau ch\u00f9i ngay s\u1ebd \u0111\u1ec3 l\u1ea1i m\u00f9i<\/p>","protected":false},"featured_media":32750,"comment_status":"open","ping_status":"closed","template":"","meta":[],"product_brand":[],"product_cat":[393,35],"product_tag":[],"class_list":{"0":"post-32745","1":"product","2":"type-product","3":"status-publish","4":"has-post-thumbnail","6":"product_cat-bep-phong-an","7":"product_cat-nha-cua-doi-song","9":"first","10":"instock","11":"sale","12":"shipping-taxable","13":"purchasable","14":"product-type-simple"},"_links":{"self":[{"href":"https:\/\/havamall.vn\/en\/wp-json\/wp\/v2\/product\/32745"}],"collection":[{"href":"https:\/\/havamall.vn\/en\/wp-json\/wp\/v2\/product"}],"about":[{"href":"https:\/\/havamall.vn\/en\/wp-json\/wp\/v2\/types\/product"}],"replies":[{"embeddable":true,"href":"https:\/\/havamall.vn\/en\/wp-json\/wp\/v2\/comments?post=32745"}],"version-history":[{"count":0,"href":"https:\/\/havamall.vn\/en\/wp-json\/wp\/v2\/product\/32745\/revisions"}],"wp:featuredmedia":[{"embeddable":true,"href":"https:\/\/havamall.vn\/en\/wp-json\/wp\/v2\/media\/32750"}],"wp:attachment":[{"href":"https:\/\/havamall.vn\/en\/wp-json\/wp\/v2\/media?parent=32745"}],"wp:term":[{"taxonomy":"product_brand","embeddable":true,"href":"https:\/\/havamall.vn\/en\/wp-json\/wp\/v2\/product_brand?post=32745"},{"taxonomy":"product_cat","embeddable":true,"href":"https:\/\/havamall.vn\/en\/wp-json\/wp\/v2\/product_cat?post=32745"},{"taxonomy":"product_tag","embeddable":true,"href":"https:\/\/havamall.vn\/en\/wp-json\/wp\/v2\/product_tag?post=32745"}],"curies":[{"name":"wp","href":"https:\/\/api.w.org\/{rel}","templated":true}]}}