{"id":32700,"date":"2023-10-26T16:33:36","date_gmt":"2023-10-26T09:33:36","guid":{"rendered":"https:\/\/havamall.vn\/?post_type=product&#038;p=32700"},"modified":"2025-09-29T16:21:09","modified_gmt":"2025-09-29T09:21:09","slug":"bot-thap-tam-huong-trung-hoa-45g-%e7%8e%8b%e5%ae%88%e4%b9%89%e5%8d%81%e4%b8%89%e9%a6%99%e8%b0%83%e6%96%9945g","status":"publish","type":"product","link":"https:\/\/havamall.vn\/en\/shop\/bot-thap-tam-huong-trung-hoa-45g-%e7%8e%8b%e5%ae%88%e4%b9%89%e5%8d%81%e4%b8%89%e9%a6%99%e8%b0%83%e6%96%9945g\/","title":{"rendered":"B\u1ed9t Th\u1eadp Tam H\u01b0\u01a1ng Trung Hoa 45g &#8211; \u738b\u5b88\u4e49\u5341\u4e09\u9999\u8c03\u659945g"},"content":{"rendered":"<h2><strong>TH\u00d4NG TIN CHUNG<\/strong><\/h2>\n<table>\n<tbody>\n<tr>\n<td>Th\u01b0\u01a1ng hi\u1ec7u<\/td>\n<td>Xem tr\u00ean bao b\u00ec<\/td>\n<\/tr>\n<tr>\n<td>Xu\u1ea5t x\u1ee9<\/td>\n<td>Trung Qu\u1ed1c<\/td>\n<\/tr>\n<tr>\n<td>Th\u00e0nh ph\u1ea7n<\/td>\n<td>Tai v\u1ecb, ti\u1ec3u h\u1ed3i, hoa ti\u00eau, ti\u00eau tr\u1eafng, qu\u1ebf c\u00e2y, \u0111inh h\u01b0\u01a1ng , b\u1ea1ch ch\u1ec9, sa c\u01b0\u01a1ng, tr\u1ea7n b\u00ec, m\u1ed9c h\u01b0\u01a1ng, s\u01a1n tra, th\u1ea3o qu\u1ea3<\/td>\n<\/tr>\n<tr>\n<td>H\u1ea1n s\u1eed d\u1ee5ng<\/td>\n<td>24 th\u00e1ng k\u1ec3 t\u1eeb ng\u00e0y s\u1ea3n xu\u1ea5t.<\/td>\n<\/tr>\n<tr>\n<td>B\u1ea3o qu\u1ea3n<\/td>\n<td>\u0110\u1ec3 n\u01a1i kh\u00f4 r\u00e1o, tho\u00e1ng m\u00e1t, tr\u00e1nh \u00e1nh n\u1eafng tr\u1ef1c ti\u1ebfp<\/td>\n<\/tr>\n<tr>\n<td>Kh\u1ed1i l\u01b0\u1ee3ng t\u1ecbnh<\/td>\n<td>45g<\/td>\n<\/tr>\n<\/tbody>\n<\/table>\n<p>B\u1ed9t th\u1eadp tam h\u01b0\u01a1ng Trung Hoa &#8211; Gia v\u1ecb n\u1ea5u m\u00f3n quay, mo\u0301n n\u01b0\u01a1\u0301ng Trung Qu\u1ed1c Th\u1eadp tam h\u01b0\u01a1ng l\u00e0 m\u1ed9t gia v\u1ecb n\u1ea5u \u0103n n\u1ed5i ti\u1ebfng b\u00ean Trung. Gia v\u1ecb bao g\u1ed3m th\u00e0nh ph\u1ea7n: Tai v\u1ecb, ti\u1ec3u h\u1ed3i, hoa ti\u00eau, ti\u00eau tr\u1eafng, qu\u1ebf c\u00e2y, \u0111inh h\u01b0\u01a1ng, b\u1ea1ch ch\u1ec9, sa c\u01b0\u01a1ng, tr\u1ea7n b\u00ec, m\u1ed9c h\u01b0\u01a1ng, s\u01a1n tra, th\u1ea3o qu\u1ea3. Khi ch\u1ebf bi\u1ebfn c\u00e1c m\u00f3n quay, n\u01b0\u1edbng n\u00ean \u01b0\u1edbp gia v\u1ecb th\u1eadp tam h\u01b0\u01a1ng tr\u01b0\u1edbc \u0111\u1ec3 cho gia v\u1ecb th\u1ea5m v\u00e0o th\u1ecbt tr\u01b0\u1edbc khi quay n\u01b0\u1edbng.<\/p>\n<p><img fetchpriority=\"high\" decoding=\"async\" class=\"wp-image-32701 aligncenter\" src=\"https:\/\/havamall.com\/wp-content\/uploads\/2025\/09\/cae09db75a97fa6b7621f2cc1c94e7bd-300x300.jpg\" alt=\"\" width=\"885\" height=\"885\" \/><\/p>\n<div>V\u1ecb th\u01a1m mang \u0111\u1eadm phong c\u00e1ch \u1ea9m th\u1ef1c ph\u01b0\u01a1ng \u0110\u00f4ng c\u1ee7a Th\u1eadp Tam H\u01b0\u01a1ng \u0111\u00e3 khi\u1ebfn cho ng\u01b0\u1eddi ph\u01b0\u01a1ng T\u00e2y ph\u1ea3i tr\u1ea7m tr\u1ed3, th\u00e1n ph\u1ee5c. Ch\u1ec9 v\u1edbi m\u1ed9t ch\u00fat b\u1ed9t m\u1ecbn th\u00f4i nh\u01b0ng l\u1ea1i mang \u0111\u1ebfn cho m\u00f3n th\u1ecbt, h\u1ea3i s\u1ea3n hay rau c\u1ee7 tr\u1edf n\u00ean \u0111\u1ea7y cu\u1ed1n h\u00fat v\u00e0 k\u00edch th\u00edch v\u1ecb gi\u00e1c. Ngo\u00e0i ra gia v\u1ecb n\u00e0y c\u0169ng c\u00f3 th\u1ec3 ch\u1ebf bi\u1ebfn \u0111\u01b0\u1ee3c nhi\u1ec1u lo\u1ea1i n\u01b0\u1edbc ch\u1ea5m th\u00edch h\u1ee3p \u0111\u1ec3 ch\u1ea5m c\u00e1c m\u00f3n quay, n\u01b0\u1edbng.<\/div>\n<div><\/div>\n<div><img decoding=\"async\" class=\"wp-image-32702 aligncenter\" src=\"https:\/\/havamall.com\/wp-content\/uploads\/2025\/09\/8e240bc183a6618be0f0a0d29a43bc61-300x300.jpg\" alt=\"\" width=\"885\" height=\"885\" \/><\/div>\n<div>Gia v\u1ecb Th\u1eadp tam h\u01b0\u01a1ng \u0111\u01b0\u1ee3c chi\u1ebft xu\u1ea5t t\u1eeb c\u00e1c lo\u1ea1i th\u1ea3o m\u1ed9c qu\u00fd bao g\u1ed3m tai v\u1ecb, ti\u1ec3u h\u1ed3i, hoa ti\u00eau, ti\u00eau tr\u1eafng, qu\u1ebf c\u00e2y, \u0111inh h\u01b0\u01a1ng, b\u1ea1ch ch\u1ec9, sa c\u01b0\u01a1ng, tr\u1ea7n b\u00ec, m\u1ed9c h\u01b0\u01a1ng, s\u01a1n tra, th\u1ea3o qu\u1ea3. L\u00e0 gia v\u1ecb kh\u00f4ng th\u1ec3 thi\u1ebfu khi ch\u1ebf bi\u1ebfn ph\u00e1 l\u1ea5u, l\u00e0m v\u1ecbt quay&#8230;<\/div>\n<div><\/div>\n<div>B\u00ean c\u1ea1nh vi\u1ec7c mang \u0111\u1ebfn cho m\u00f3n \u0103n h\u01b0\u01a1ng v\u1ecb th\u01a1m ngon, Th\u1eadp Tam H\u01b0\u01a1ng c\u00f2n r\u1ea5t t\u1ed1t cho s\u1ee9c kh\u1ecfe b\u1edfi \u0111\u01b0\u1ee3c chi\u1ebft xu\u1ea5t t\u1eeb c\u00e1c lo\u1ea1i th\u1ea3o m\u1ed9c qu\u00fd trong thi\u00ean nhi\u00ean v\u00e0 mang tri\u1ebft l\u00fd v\u0103n h\u00f3a s\u00e2u s\u1eafc trong \u0111\u1eddi s\u1ed1ng c\u1ee7a ng\u01b0\u1eddi ph\u01b0\u01a1ng \u0110\u00f4ng.<\/div>\n<p><img decoding=\"async\" class=\"wp-image-32703 aligncenter\" src=\"https:\/\/havamall.com\/wp-content\/uploads\/2025\/09\/2e9eaec2ae68e604bd20f5380d181676-300x300.jpg\" alt=\"\" width=\"896\" height=\"896\" \/><\/p>\n<h2><strong>H\u01af\u1edaNG D\u1eaaN S\u1eec D\u1ee4NG: <\/strong><\/h2>\n<p>&#8211; S\u1eed d\u1ee5ng gia v\u1ecb n\u00e0y \u0111\u1ec3 \u01b0\u1edbp th\u1ecbt, rau c\u1ee7 khi n\u01b0\u1edbng, h\u1ea7m, x\u00e0o,&#8230; Ho\u1eb7c c\u00f3 th\u1ec3 s\u00e1ng t\u1ea1o theo \u00fd th\u00edch c\u1ee7a m\u00ecnh<\/p>\n<p>&#8211; Ch\u1ebf bi\u1ebfn m\u00f3n rau: Khi x\u00e0o rau ch\u00edn kho\u1ea3ng 80% th\u00ec b\u1ea1n cho m\u1ed9t l\u01b0\u1ee3ng t\u00f9y th\u00edch v\u00e0o sau \u0111\u00f3 tr\u1ed9n \u0111\u1ec1u<\/p>\n<p>&#8211; Ch\u1ebf bi\u1ebfn m\u00f3n n\u01b0\u1edbng: R\u1eafc b\u1ed9t n\u00e0y l\u00ean xi\u00ean th\u1ecbt ch\u1edd n\u01b0\u1edbng, ho\u1eb7c b\u1ea1n c\u0169ng c\u00f3 th\u1ec3 h\u00f2a gia v\u1ecb n\u00e0y v\u1edbi n\u01b0\u1edbc ho\u1eb7c d\u1ea7u \u0103n \u0111\u1ec3 qu\u00e9t \u0111\u1ec1u l\u00ean th\u1ecbt. Sau khi n\u01b0\u1edbng xong c\u00e1c b\u1ea1n c\u00f3 th\u1ec3 r\u1eafc ti\u1ebfp 1 l\u1edbp m\u1ecfng gia v\u1ecb n\u00e0y l\u00ean h\u01b0\u01a1ng v\u1ecb.<\/p>\n<p><img loading=\"lazy\" decoding=\"async\" class=\"wp-image-32704 aligncenter\" src=\"https:\/\/havamall.com\/wp-content\/uploads\/2025\/09\/1102eda44a0242ac110003-300x300.jpg\" alt=\"\" width=\"884\" height=\"884\" \/><\/p>","protected":false},"excerpt":{"rendered":"<p>TH\u00d4NG TIN CHUNG Th\u01b0\u01a1ng hi\u1ec7u Xem tr\u00ean bao b\u00ec Xu\u1ea5t x\u1ee9 Trung Qu\u1ed1c Th\u00e0nh ph\u1ea7n Tai v\u1ecb, ti\u1ec3u h\u1ed3i, hoa<\/p>","protected":false},"featured_media":32705,"comment_status":"open","ping_status":"closed","template":"","meta":[],"product_brand":[],"product_cat":[674,36],"product_tag":[],"class_list":{"0":"post-32700","1":"product","2":"type-product","3":"status-publish","4":"has-post-thumbnail","6":"product_cat-nhap-khau-trung-quoc","7":"product_cat-thuc-pham-tieu-dung","9":"first","10":"outofstock","11":"sale","12":"shipping-taxable","13":"purchasable","14":"product-type-simple"},"_links":{"self":[{"href":"https:\/\/havamall.vn\/en\/wp-json\/wp\/v2\/product\/32700"}],"collection":[{"href":"https:\/\/havamall.vn\/en\/wp-json\/wp\/v2\/product"}],"about":[{"href":"https:\/\/havamall.vn\/en\/wp-json\/wp\/v2\/types\/product"}],"replies":[{"embeddable":true,"href":"https:\/\/havamall.vn\/en\/wp-json\/wp\/v2\/comments?post=32700"}],"version-history":[{"count":0,"href":"https:\/\/havamall.vn\/en\/wp-json\/wp\/v2\/product\/32700\/revisions"}],"wp:featuredmedia":[{"embeddable":true,"href":"https:\/\/havamall.vn\/en\/wp-json\/wp\/v2\/media\/32705"}],"wp:attachment":[{"href":"https:\/\/havamall.vn\/en\/wp-json\/wp\/v2\/media?parent=32700"}],"wp:term":[{"taxonomy":"product_brand","embeddable":true,"href":"https:\/\/havamall.vn\/en\/wp-json\/wp\/v2\/product_brand?post=32700"},{"taxonomy":"product_cat","embeddable":true,"href":"https:\/\/havamall.vn\/en\/wp-json\/wp\/v2\/product_cat?post=32700"},{"taxonomy":"product_tag","embeddable":true,"href":"https:\/\/havamall.vn\/en\/wp-json\/wp\/v2\/product_tag?post=32700"}],"curies":[{"name":"wp","href":"https:\/\/api.w.org\/{rel}","templated":true}]}}