{"id":32620,"date":"2023-10-16T16:06:16","date_gmt":"2023-10-16T09:06:16","guid":{"rendered":"https:\/\/havamall.vn\/?post_type=product&#038;p=32620"},"modified":"2025-04-03T13:44:39","modified_gmt":"2025-04-03T06:44:39","slug":"dau-hat-dau-huu-co-ep-tho-ilnutrimento-250ml-organic-seed-oil","status":"publish","type":"product","link":"https:\/\/havamall.vn\/en\/shop\/dau-hat-dau-huu-co-ep-tho-ilnutrimento-250ml-organic-seed-oil\/","title":{"rendered":"D\u1ea7u H\u1ea1t Gai D\u1ea7u H\u1eefu C\u01a1 \u00c9p Th\u00f4 Il\u2019Nutrimento 250ml \u2013 Organic Hemp  Seed Oil"},"content":{"rendered":"<h2><\/h2>\n<h2><strong>TH\u00d4NG TIN S\u1ea2N PH\u1ea8M:<\/strong><\/h2>\n<table>\n<tbody>\n<tr>\n<td>Th\u01b0\u01a1ng hi\u1ec7u<\/td>\n<td>Il\u2019Nutrimento<\/td>\n<\/tr>\n<tr>\n<td>Xu\u1ea5t x\u1ee9<\/td>\n<td>\u00dd<\/td>\n<\/tr>\n<tr>\n<td>Th\u00e0nh ph\u1ea7n<\/td>\n<td>100% d\u1ea7u h\u1ea1t gai d\u1ea7u h\u1eefu c\u01a1<\/td>\n<\/tr>\n<tr>\n<td>H\u1ea1n s\u1eed d\u1ee5ng<\/td>\n<td>12 th\u00e1ng k\u1ec3 t\u1eeb ng\u00e0y s\u1ea3n xu\u1ea5t.<\/td>\n<\/tr>\n<tr>\n<td>B\u1ea3o qu\u1ea3n<\/td>\n<td>\u0110\u1ec3 n\u01a1i kh\u00f4 r\u00e1o, tho\u00e1ng m\u00e1t, tr\u00e1nh \u00e1nh n\u1eafng tr\u1ef1c ti\u1ebfp<\/td>\n<\/tr>\n<tr>\n<td>Th\u1ec3 t\u00edch<\/td>\n<td>250ml<\/td>\n<\/tr>\n<\/tbody>\n<\/table>\n<p>D\u1ea7u h\u1ea1t gai d\u1ea7u l\u00e0 m\u00f3n qu\u00e0 k\u00ec di\u1ec7u m\u00e0 m\u1eb9 thi\u00ean nhi\u00ean d\u00e0nh cho con ng\u01b0\u1eddi. V\u1edbi nh\u1eefng d\u01b0\u1ee1ng ch\u1ea5t qu\u00fd gi\u00e1, d\u1ea7u h\u1ea1t gai kh\u00f4ng nh\u1eefng t\u1ed1t cho s\u1ee9c kh\u1ecfe m\u00e0 c\u00f2n gi\u00fap ch\u0103m s\u00f3c l\u00e0n da c\u1ee7a b\u1ea1n m\u1ed9t c\u00e1ch h\u1eefu hi\u1ec7u nh\u1ea5t d\u00f9 b\u1ea1n thu\u1ed9c lo\u1ea1i da n\u00e0o \u0111i n\u1eefa.<\/p>\n<p><img fetchpriority=\"high\" decoding=\"async\" class=\"wp-image-32621 aligncenter\" src=\"https:\/\/havamall.com\/wp-content\/uploads\/2025\/04\/85e008560e230ea50185297dc12671fa-300x300.jpg\" alt=\"\" width=\"978\" height=\"978\" \/><\/p>\n<p>C\u00e2y gai d\u1ea7u c\u00f3 t\u00ean khoa h\u1ecdc l\u00e0\u00a0Cannabis sativa. C\u00e2y c\u00f3 c\u00f9ng h\u1ecd v\u1edbi c\u00e2y C\u1ea7n Sa, v\u00ec v\u1eady n\u00f3 th\u01b0\u1eddng b\u1ecb nh\u1ea7m l\u1eabn v\u1edbi lo\u00e0i c\u00e2y c\u00f3 ch\u1ea5t g\u00e2y nghi\u1ec7n tr\u00ean. Tuy nhi\u00ean, \u0111i\u1ec1u n\u00e0y kh\u00f4ng c\u00f3 ngh\u0129a l\u00e0 c\u00e2y h\u1ea1t gai l\u00e0 kh\u00f4ng t\u1ed1t. Vi\u1ec7c s\u1eed d\u1ee5ng h\u1ea1t gai d\u1ea7u l\u00e0 h\u1ee3p ph\u00e1p v\u00e0 an to\u00e0n.<\/p>\n<p>D\u1ea7u h\u1ea1t gai d\u1ea7u \u00e9p th\u00f4 IL Nutrimento thu \u0111\u01b0\u1ee3c b\u1eb1ng qu\u00e1 tr\u00ecnh \u00e9p th\u00f4 ho\u00e0n to\u00e0n m\u00e0 kh\u00f4ng c\u00f3 s\u1ef1 t\u00e1c \u0111\u1ed9ng c\u1ee7a nhi\u1ec7t l\u00e0m n\u00f3ng h\u1ea1t hay m\u00e1y \u00e9p. Do \u0111\u00f3 n\u00f3 gi\u1eef l\u1ea1i \u0111\u01b0\u1ee3c tr\u1ecdn v\u1eb9n ch\u1ea5t b\u00e9o kh\u00f4ng b\u00e3o h\u00f2a \u0111a v\u00e0 gi\u00e0u axit b\u00e9o omega-3 t\u1ef1 nhi\u00ean h\u01a1n so v\u1edbi c\u00e1c lo\u1ea1i d\u1ea7u kh\u00e1c.<\/p>\n<p><img decoding=\"async\" class=\"wp-image-32622 aligncenter\" src=\"https:\/\/havamall.com\/wp-content\/uploads\/2025\/04\/355303227_766777248786806_4142441422315904649_n-300x300.jpg\" alt=\"\" width=\"987\" height=\"987\" \/><\/p>\n<p>D\u1ea7u h\u1ea1t c\u00e2y gai d\u1ea7u\u00a0(Hemp seed oil) \u0111\u01b0\u1ee3c \u00e9p l\u1ea1nh t\u1eeb h\u1ea1t c\u1ee7a c\u00e2y gai d\u1ea7u.\u00a0D\u1ea7u h\u1ea1t gai\u00a0c\u00f3 d\u1ea1ng l\u1ecfng, m\u00e0u v\u00e0ng \u00e1nh xanh l\u00e1, v\u00e0 m\u00f9i \u0111\u1eb7c tr\u01b0ng. \u201cNh\u1ecf nh\u01b0ng c\u00f3 v\u00f5\u201d l\u00e0 c\u00e2u th\u00edch h\u1ee3p nh\u1ea5t \u0111\u1ec3 d\u00f9ng cho lo\u1ea1i d\u1ea7u n\u00e0y. V\u00ec \u0111\u00e2y l\u00e0 lo\u00e0i th\u1ef1c v\u1eadt duy nh\u1ea5t c\u00f3 ch\u1ee9a vitamin D, c\u00f3 th\u1ec3 d\u00f9ng thay th\u1ebf cho d\u1ea7u c\u00e1, nh\u1ea5t l\u00e0 \u0111\u1ed1i v\u1edbi ng\u01b0\u1eddi \u0103n chay. \u0110\u1ed3ng th\u1eddi, n\u00f3 c\u00f2n ch\u1ee9a l\u01b0\u1ee3ng axit b\u00e9o c\u1ea7n thi\u1ebft (EFAs) cao nh\u1ea5t v\u1edbi 80%.Trong \u0111\u00f3 c\u00f3 omega 3, 6, 9 c\u1ea7n thi\u1ebft cho s\u1ef1 ph\u00e1t tri\u1ec3n c\u1ee7a c\u01a1 th\u1ec3, c\u00f2n t\u1ed1t h\u01a1n d\u1ea7u lanh v\u00e0 d\u1ea7u c\u00e1. B\u00ean c\u1ea1nh \u0111\u00f3 c\u00f2n c\u00f3 axit gamma linoleic\u00a0ch\u1ed1ng\u00a0s\u01b0ng vi\u00eam (GLA) l\u00e0 th\u00e0nh ph\u1ea7n quan tr\u1ecdng \u0111\u1ec3 da kh\u1ecfe m\u1ea1nh<strong>.<\/strong><\/p>\n<p><img decoding=\"async\" class=\"wp-image-32623 aligncenter\" src=\"https:\/\/havamall.com\/wp-content\/uploads\/2025\/04\/356090672_766770245454173_4358371162192291654_n-300x300.jpg\" alt=\"\" width=\"976\" height=\"976\" \/><\/p>\n<p>N\u00f3 c\u00f2n ch\u1ee9a h\u00e0ng lo\u1ea1t vitamin t\u1ed1t cho c\u01a1 th\u1ec3 nh\u01b0\u00a0vitamin A, vitamin nh\u00f3m b (B1, B3, B5, B9), vitamin D,\u00a0vitamin E. C\u00e1c nguy\u00ean t\u1ed1 kho\u00e1ng vi l\u01b0\u1ee3ng: Canxi, kali, s\u1eaft, k\u1ebdm, \u0111\u1ed3ng. V\u00e0 10 lo\u1ea1i amino axit thi\u1ebft y\u1ebfu cho c\u01a1 th\u1ec3, g\u00f3p ph\u1ea7n trong qu\u00e1 tr\u00ecnh t\u1ed5ng h\u1ee3p protein.<\/p>\n<h2><strong><span id=\"cong-dung-cua-dau-hat-gai-doi-voi-co-the\">C\u00f4ng d\u1ee5ng c\u1ee7a d\u1ea7u h\u1ea1t gai \u0111\u1ed1i v\u1edbi c\u01a1 th\u1ec3<\/span><\/strong><\/h2>\n<h5><em><strong><span id=\"doi-voi-suc-khoe\">\u0110\u1ed1i v\u1edbi s\u1ee9c kh\u1ecfe<\/span><\/strong><\/em><\/h5>\n<ul>\n<li>Ng\u0103n ng\u1eeba b\u1ec7nh tim, huy\u1ebft \u00e1p cao, cholesterol cao, ung th\u01b0, vi\u00eam kh\u1edbp.<\/li>\n<li>B\u1ed5 sung DHA cho c\u01a1 th\u1ec3, t\u1ed1t cho ng\u01b0\u1eddi c\u00f3 v\u00f5ng m\u1ea1c y\u1ebfu<\/li>\n<li>T\u0103ng c\u01b0\u1eddng h\u1ec7 th\u1ed1ng mi\u1ec5n d\u1ecbch c\u1ee7a c\u01a1 th\u1ec3, gi\u00fap ng\u0103n ng\u1eeba c\u1ea3m c\u00fam v\u00e0 n\u00e2ng cao s\u1ee9c \u0111\u1ec1 kh\u00e1ng cho ng\u01b0\u1eddi c\u00f3 s\u1ee9c kh\u1ecfe y\u1ebfu.<\/li>\n<li>H\u1ed7 tr\u1ee3 ch\u1ee9c n\u0103ng c\u1ee7a n\u00e3o b\u1ed9, h\u1ec7 th\u1ea7n kinh.<\/li>\n<li>G\u00f3p ph\u1ea7n s\u1ea3n xu\u1ea5t m\u00e0ng t\u1ebf b\u00e0o kh\u1ecfe m\u1ea1nh<\/li>\n<\/ul>\n<h5><img loading=\"lazy\" decoding=\"async\" class=\"wp-image-32625 aligncenter\" src=\"https:\/\/havamall.com\/wp-content\/uploads\/2025\/04\/hemp-seed-oil-health-benefits-blog-1-300x199.jpg\" alt=\"\" width=\"986\" height=\"654\" \/><\/h5>\n<h5><em><strong><span id=\"doi-voi-da\">\u0110\u1ed1i v\u1edbi da<\/span><\/strong><\/em><\/h5>\n<ul>\n<li>Kh\u1ea3 n\u0103ng th\u1ea9m th\u1ea5u t\u1ed1t v\u00e0o da, nh\u1eb9 kh\u00f4ng g\u00e2y b\u00ed. T\u1eeb \u0111\u00f3 d\u01b0\u1ee1ng \u1ea9m v\u00e0 l\u00e0m kh\u1ecfe t\u1eeb c\u1ea5p \u0111\u1ed9 c\u00e1c t\u1ebf b\u00e0o<\/li>\n<li>C\u00f3 lipid gi\u1ed1ng v\u1edbi da ng\u01b0\u1eddi n\u00ean c\u00f3 c\u00f4ng d\u1ee5ng l\u00e0m s\u1ea1ch v\u00e0 d\u1ecbu da.<\/li>\n<li>Tr\u1ecb m\u1ee5n tr\u1ee9ng c\u00e1, c\u00e1c b\u1ec7nh v\u1ec1 da nh\u01b0 eczema v\u00e0 b\u1ec7nh v\u1ea9y n\u1ebfn<\/li>\n<li>D\u01b0\u1ee1ng \u1ea9m, cung c\u1ea5p c\u00e1c ch\u1ea5t c\u1ea7n thi\u1ebft cho da<\/li>\n<li>L\u00e0m ch\u1eadm qu\u00e1 tr\u00ecnh l\u00e3o h\u00f3a<\/li>\n<li>Kh\u00e1ng vi\u00eam, gi\u1ea3m vi\u00eam, s\u01b0ng da. nhanh l\u00e0nh v\u1ebft th\u01b0\u01a1ng nh\u1ecf<\/li>\n<\/ul>\n<h4><em><strong><span id=\"doi-voi-toc\">\u0110\u1ed1i v\u1edbi t\u00f3c<\/span><\/strong><\/em><\/h4>\n<ul>\n<li>D\u01b0\u1ee1ng m\u00f3ng tay, m\u00f3ng ch\u00e2n, t\u00f3c v\u00e0 da \u0111\u1ea7u hi\u1ec7u qu\u1ea3 nh\u1edd c\u00e1c vitamin v\u00e0 axit b\u00e9o<\/li>\n<li>L\u00e0m d\u00e0i, d\u00e0y v\u00e0 m\u01b0\u1ee3t ch\u1ea5t t\u00f3c<\/li>\n<li>H\u1ea1n ch\u1ebf t\u00ecnh tr\u1ea1ng vi\u00eam, ng\u1ee9a, g\u00e0u v\u00e0 ch\u1ebb ng\u1ecdn t\u00f3c<\/li>\n<\/ul>\n<div id=\"attachment_32626\" style=\"width: 993px\" class=\"wp-caption aligncenter\"><img loading=\"lazy\" decoding=\"async\" aria-describedby=\"caption-attachment-32626\" class=\"wp-image-32626\" src=\"https:\/\/havamall.com\/wp-content\/uploads\/2025\/04\/356012391_766777532120111_9017423072860959931_n-300x300.jpg\" alt=\"\" width=\"983\" height=\"983\" \/><p id=\"caption-attachment-32626\" class=\"wp-caption-text\">Pasta with ingredients on a wooden board<\/p><\/div>\n<h2><strong>H\u01b0\u1edbng d\u1eabn s\u1eed d\u1ee5ng\u00a0: <\/strong><\/h2>\n<p>&#8211; D\u1ea7u h\u1ea1t gai d\u1ea7u d\u00f9ng trong nh\u00e0 b\u1ebfp ch\u1ee7 y\u1ebfu \u0111\u01b0\u1ee3c ch\u1ebf bi\u1ebfn b\u1eb1ng ph\u01b0\u01a1ng ph\u00e1p \u00e9p l\u1ea1nh, c\u00f3 m\u00e0u xanh nh\u1ea1t t\u1ef1 nhi\u00ean v\u00e0 m\u00f9i h\u1ea1t ph\u1ec9 \u0111\u1eb7c tr\u01b0ng\u00a0ph\u00f9 h\u1ee3p l\u00e0m topping cho salad, ng\u0169 c\u1ed1c, s\u00fap\u2026 t\u01b0\u01a1ng t\u1ef1 d\u1ea7u olive, kh\u00f4ng ch\u1ec9 thu h\u00fat tr\u1ebb em m\u00e0 c\u00f2n r\u1ea5t c\u00f3 l\u1ee3i cho ng\u01b0\u1eddi l\u1edbn tu\u1ed5i.<\/p>\n<p>&#8211; B\u1ea1n c\u0169ng c\u00f3 th\u1ec3 th\u00eam d\u1ea7u gai d\u1ea7u v\u00e0o kh\u1ea9u ph\u1ea7n \u0103n h\u00e0ng ng\u00e0y c\u1ee7a m\u00ecnh, trong c\u00e1c m\u00f3n tr\u1ed9n, m\u00f3n h\u1ea7m, s\u00fap, th\u1eadm ch\u00ed l\u00e0 s\u1eed d\u1ee5ng tr\u1ef1c ti\u1ebfp (1-2 th\u00eca caf\u00e9 m\u1ed7i ng\u00e0y)<\/p>\n<p>&#8211; B\u1ea1n c\u00f3 th\u1ec3 d\u00f9ng ngo\u00e0i da, b\u1eb1ng c\u00e1ch b\u00f4i tr\u1ef1c ti\u1ebfp l\u00ean v\u00f9ng da \u0111\u00e3 \u0111\u01b0\u1ee3c l\u00e0m s\u1ea1ch, ho\u1eb7c k\u1ebft h\u1ee3p v\u1edbi c\u00e1c th\u00e0nh ph\u1ea7n kh\u00e1c nh\u01b0 d\u1ea7u d\u1eeba, tinh d\u1ea7u c\u00e1c lo\u1ea1i.<\/p>\n<p>&#8211; \u0110\u1eady k\u00edn sau khi s\u1eed d\u1ee5ng, \u0111\u1ec3 n\u01a1i kh\u00f4 r\u00e1o tho\u00e1ng m\u00e1t . T\u1ed1t nh\u1ea5t b\u1ea1n n\u00ean b\u1ea3o qu\u1ea3n trong ng\u0103n m\u00e1t t\u1ee7 l\u1ea1nh.<\/p>","protected":false},"excerpt":{"rendered":"<p>TH\u00d4NG TIN S\u1ea2N PH\u1ea8M: Th\u01b0\u01a1ng hi\u1ec7u Il\u2019Nutrimento Xu\u1ea5t x\u1ee9 \u00dd Th\u00e0nh ph\u1ea7n 100% d\u1ea7u h\u1ea1t gai d\u1ea7u h\u1eefu c\u01a1 H\u1ea1n<\/p>","protected":false},"featured_media":32627,"comment_status":"open","ping_status":"closed","template":"","meta":[],"product_brand":[],"product_cat":[256,36],"product_tag":[],"class_list":{"0":"post-32620","1":"product","2":"type-product","3":"status-publish","4":"has-post-thumbnail","6":"product_cat-thuc-pham-huu-co","7":"product_cat-thuc-pham-tieu-dung","9":"first","10":"outofstock","11":"sale","12":"shipping-taxable","13":"purchasable","14":"product-type-simple"},"_links":{"self":[{"href":"https:\/\/havamall.vn\/en\/wp-json\/wp\/v2\/product\/32620"}],"collection":[{"href":"https:\/\/havamall.vn\/en\/wp-json\/wp\/v2\/product"}],"about":[{"href":"https:\/\/havamall.vn\/en\/wp-json\/wp\/v2\/types\/product"}],"replies":[{"embeddable":true,"href":"https:\/\/havamall.vn\/en\/wp-json\/wp\/v2\/comments?post=32620"}],"version-history":[{"count":0,"href":"https:\/\/havamall.vn\/en\/wp-json\/wp\/v2\/product\/32620\/revisions"}],"wp:featuredmedia":[{"embeddable":true,"href":"https:\/\/havamall.vn\/en\/wp-json\/wp\/v2\/media\/32627"}],"wp:attachment":[{"href":"https:\/\/havamall.vn\/en\/wp-json\/wp\/v2\/media?parent=32620"}],"wp:term":[{"taxonomy":"product_brand","embeddable":true,"href":"https:\/\/havamall.vn\/en\/wp-json\/wp\/v2\/product_brand?post=32620"},{"taxonomy":"product_cat","embeddable":true,"href":"https:\/\/havamall.vn\/en\/wp-json\/wp\/v2\/product_cat?post=32620"},{"taxonomy":"product_tag","embeddable":true,"href":"https:\/\/havamall.vn\/en\/wp-json\/wp\/v2\/product_tag?post=32620"}],"curies":[{"name":"wp","href":"https:\/\/api.w.org\/{rel}","templated":true}]}}