{"id":32595,"date":"2023-10-12T17:23:45","date_gmt":"2023-10-12T10:23:45","guid":{"rendered":"https:\/\/havamall.vn\/?post_type=product&#038;p=32595"},"modified":"2025-03-18T15:31:19","modified_gmt":"2025-03-18T08:31:19","slug":"giam-do-hai-thien-chai-thuy-tinh-450ml-%e6%b5%b7%e5%a4%a9%e7%b1%b3%e9%86%8b%e5%a4%a7%e7%ba%a2%e6%b5%99%e9%86%8b","status":"publish","type":"product","link":"https:\/\/havamall.vn\/en\/shop\/giam-do-hai-thien-chai-thuy-tinh-450ml-%e6%b5%b7%e5%a4%a9%e7%b1%b3%e9%86%8b%e5%a4%a7%e7%ba%a2%e6%b5%99%e9%86%8b\/","title":{"rendered":"Gi\u1ea5m \u0110\u1ecf H\u1ea3i Thi\u00ean Chai Thu\u1ef7 Tinh 450ml &#8211; \u6d77\u5929\u7c73\u918b\u5927\u7ea2\u6d59\u918b"},"content":{"rendered":"<h2><\/h2>\n<h2><strong>TH\u00d4NG TIN CHUNG<\/strong><\/h2>\n<table>\n<tbody>\n<tr>\n<td>Th\u01b0\u01a1ng hi\u1ec7u<\/td>\n<td>H\u1ea3i Thi\u00ean<\/td>\n<\/tr>\n<tr>\n<td>Xu\u1ea5t x\u1ee9<\/td>\n<td>Trung Qu\u1ed1c<\/td>\n<\/tr>\n<tr>\n<td>Th\u00e0nh ph\u1ea7n<\/td>\n<td>N\u01b0\u1edbc, siro fructose cao, r\u01b0\u1ee3u n\u1ea5u \u0103n, g\u1ea1o, mu\u1ed1i \u0103n, gia v\u1ecb<\/td>\n<\/tr>\n<tr>\n<td>H\u1ea1n s\u1eed d\u1ee5ng<\/td>\n<td>18 th\u00e1ng k\u1ec3 t\u1eeb ng\u00e0y s\u1ea3n xu\u1ea5t.<\/td>\n<\/tr>\n<tr>\n<td>B\u1ea3o qu\u1ea3n<\/td>\n<td>\u0110\u1ec3 n\u01a1i kh\u00f4 r\u00e1o, tho\u00e1ng m\u00e1t, tr\u00e1nh \u00e1nh n\u1eafng tr\u1ef1c ti\u1ebfp<\/td>\n<\/tr>\n<tr>\n<td>Th\u1ec3 t\u00edch<\/td>\n<td>450ml<\/td>\n<\/tr>\n<\/tbody>\n<\/table>\n<p>Gi\u00e2\u0301m \u0111\u1ecf hay \u0111\u01b0\u1ee3c g\u1ecdi l\u00e0 gi\u1ea5m ti\u00ea\u0300u r\u00e2\u0301t ph\u00f4\u0309 bi\u00ea\u0301n va\u0300 t\u01b0\u0300 l\u00e2u \u0111a\u0303 tr\u01a1\u0309 tha\u0300nh m\u00f4\u0323t trong nh\u01b0\u0303ng loa\u0323i gi\u00e2\u0301m mang h\u01b0\u01a1ng vi\u0323 \u0111\u0103\u0323c tr\u01b0ng. \u0110\u0103\u0323c bi\u00ea\u0323t la\u0300 khu v\u01b0\u0323c qu\u00e2\u0323n 5 n\u01a1i co\u0301 nhi\u00ea\u0300u ng\u01b0\u01a1\u0300i Hoa sinh s\u00f4\u0301ng ca\u0301c ba\u0323n se\u0303 th\u00e2\u0301y trong v\u0103n ho\u0301a \u00e2\u0309m th\u01b0\u0323c s\u01b0\u0309 du\u0323ng r\u00e2\u0301t nhi\u00ea\u0300u gi\u00e2\u0301m ti\u00ea\u0300u.<\/p>\n<p>C\u00f4ng du\u0323ng cu\u0309a gi\u00e2\u0301m ti\u00ea\u0300u th\u01b0\u01a1\u0300ng du\u0300ng \u0111\u00ea\u0309 pha ca\u0301c loa\u0323i n\u01b0\u01a1\u0301c ch\u00e2\u0301m. Ngoa\u0300i ra ca\u0301c ba\u0323n co\u0300n co\u0301 th\u00ea\u0309 du\u0300ng \u0111\u00ea\u0309 ng\u00e2m \u0111\u00f4\u0300 chua, du\u0300ng trong ca\u0301c mo\u0301n mi\u0300 ki\u00ea\u0309u Hoa\u2026 S\u01b0\u0309 du\u0323ng gi\u00e2\u0301m ti\u00ea\u0300u se\u0303 giu\u0301p ba\u0323n ki\u0301ch thi\u0301ch vi\u0323 gia\u0301c, \u0103n ngon mi\u00ea\u0323ng h\u01a1n va\u0300 la\u0300m t\u0103ng h\u01b0\u01a1ng vi\u0323 cu\u0309a ca\u0301c mo\u0301n \u0103n.<\/p>\n<p><img fetchpriority=\"high\" decoding=\"async\" class=\"wp-image-32596 aligncenter\" src=\"https:\/\/havamall.vn\/wp-content\/uploads\/2025\/03\/0405757c8dcc4a91a008e13f02896786-300x275.jpg\" alt=\"\" width=\"925\" height=\"848\" \/><\/p>\n<p>N\u00ea\u0301u ba\u0323n v\u00f4\u0301n \u01b0a thi\u0301ch h\u01b0\u01a1ng vi\u0323 h\u00e2\u0301p d\u00e2\u0303n t\u01b0\u0300 gi\u00e2\u0301m ti\u00ea\u0300u ma\u0300 kh\u00f4ng co\u0301 th\u01a1\u0300i gian t\u01b0\u0323 la\u0300m thi\u0300 ha\u0303y tham kha\u0309o sa\u0309n ph\u00e2\u0300m gi\u00e2\u0301m ti\u00ea\u0300u Long Khang \u0111\u00ea\u0301n t\u01b0\u0300 th\u01b0\u01a1ng hi\u00ea\u0323u A Tu\u00e2\u0301n Khang. V\u01a1\u0301i c\u00f4ng th\u01b0\u0301c gia truy\u00ea\u0300n giu\u0301p cho h\u01b0\u01a1ng vi\u0323 gi\u00e2\u0301m ti\u00ea\u0300u ngon nh\u01b0 nha\u0300 la\u0300m, \u0111\u00e2y la\u0300 m\u00f4\u0323t trong nh\u01b0\u0303ng sa\u0309n ph\u00e2\u0309m gi\u00e2\u0301m ti\u00ea\u0300u n\u00f4\u0309i tr\u00f4\u0323i tr\u00ean thi\u0323 tr\u01b0\u01a1\u0300ng, \u0111\u01b0\u01a1\u0323c ca\u0301c kha\u0301ch ha\u0300ng \u0111a\u0301nh gia\u0301 cao v\u00ea\u0300 ch\u00e2\u0301t l\u01b0\u01a1\u0323ng.<\/p>\n<p>Sa\u0309n ph\u00e2\u0309m \u0111\u01b0\u1ee3c s\u1ea3n xu\u1ea5t theo quy tr\u00ecnh ch\u1ebf bi\u1ebfn nghi\u00eam ng\u1eb7t t\u1eeb nh\u1eefng nguy\u00ean li\u1ec7u t\u1ef1 nhi\u00ean v\u00e0 theo quy tri\u0300nh s\u1ea3n xu\u1ea5t hi\u1ec7n \u0111\u1ea1i giu\u0301p sa\u0309n ph\u00e2\u0309m \u0111a\u0323t ti\u00eau chu\u00e2\u0309n v\u00ea\u0300 v\u1ec7 sinh th\u1ef1c ph\u1ea9m, an to\u00e0n cho ng\u01b0\u1eddi s\u1eed d\u1ee5ng. V\u01a1\u0301i nh\u01b0\u0303ng th\u00f4ng tin phi\u0301a tr\u00ean hy vo\u0323ng ca\u0301c ba\u0323n \u0111a\u0303 bi\u00ea\u0301t gi\u00e2\u0301m ti\u00ea\u0300u la\u0300 gi\u0300. B\u00e2y gi\u01a1\u0300 ha\u0303y cu\u0300ng chu\u0301ng t\u00f4i tham kha\u0309o m\u00f4\u0323t s\u00f4\u0301 c\u00f4ng th\u01b0\u0301c s\u01b0\u0309 du\u0323ng gi\u00e2\u0301m ti\u00ea\u0300u.<\/p>\n<p><img decoding=\"async\" class=\"wp-image-32598 aligncenter\" src=\"https:\/\/havamall.vn\/wp-content\/uploads\/2025\/03\/Screen-Shot-2023-10-12-at-5.12.43-PM-300x300.png\" alt=\"\" width=\"878\" height=\"878\" \/><\/p>\n<h2><strong>C\u00f4ng d\u1ee5ng c\u1ee7a s\u1ea3n ph\u1ea9m<\/strong><\/h2>\n<p>&#8211; D\u1ea5m \u0111\u1ecf th\u01b0\u1eddng \u0111\u01b0\u1ee3c d\u00f9ng l\u00e0m nguy\u00ean li\u1ec7u pha ch\u1ebf c\u00e1c lo\u1ea1i n\u01b0\u1edbc ch\u1ea5m nh\u01b0 n\u01b0\u1edbc m\u1eafm, n\u01b0\u1edbc t\u01b0\u01a1ng cho c\u00e1c m\u00f3n \u0103n n\u1ea5u, chi\u00ean, x\u00e0o th\u00eam ph\u1ea7n th\u01a1m ngon ho\u1eb7c d\u00f9ng cho c\u00e1c m\u00f3n tr\u1ed9n rau c\u1ea3i, salad, &#8230;<\/p>\n<p>&#8211; Ch\u1ebf bi\u1ebfn m\u00f3n \u0103n trong \u1ea8m th\u1ef1c nh\u01b0: C\u00e1c lo\u1ea1i L\u1ea9u N\u1ea5m, M\u00f3n \u0103n , M\u00f3n x\u00e0o.v.v&#8230;. gia v\u1ecb gi\u00fap kh\u1eed m\u00f9i v\u00e0 t\u0103ng h\u01b0\u01a1ng v\u1ecb cho m\u00f3n \u0103n, n\u01b0\u1edbc ch\u1ea5m \u0111\u1ec3 t\u1ea1o v\u1ecb chua, \u0111\u01b0\u1ee3c d\u00f9ng nhi\u1ec1u trong \u1ea9m th\u1ef1c Trung Hoa nh\u01b0 c\u00e1c m\u00f3n s\u01b0\u1eddn x\u00e0o chua ng\u1ecdt , s\u00f2 huy\u1ebft t\u1ee9 xuy\u00ean , c\u00e1 chi\u00ean s\u1ed1t chua ng\u1ecdt , th\u1ecbt g\u00e0 \/ b\u00f2 \/ h\u1ea3i s\u1ea3n s\u1ed1t chua ng\u1ecdt &#8230;<\/p>\n<p>&#8211; Ngo\u00e0i ra c\u00f3 th\u1ec3 ch\u1ea5m tr\u1ef1c ti\u1ebfp , pha chung v\u1edbi n\u01b0\u1edbc t\u01b0\u01a1ng d\u00f9ng trong c\u00e1c m\u00f3n nh\u01b0 h\u1ee7 t\u00edu m\u00ec , ph\u1edf , h\u00e1 c\u1ea3o<\/p>\n<p><img decoding=\"async\" class=\"wp-image-32599 aligncenter\" src=\"https:\/\/havamall.vn\/wp-content\/uploads\/2025\/03\/3eaf2cd8d40075d37fe9269816f2aae4-300x300.jpg\" alt=\"\" width=\"882\" height=\"882\" \/><\/p>\n<h2><strong>H\u01b0\u1edbng d\u1eabn s\u1eed d\u1ee5ng<\/strong><\/h2>\n<p>N\u01b0\u01a1\u0301c ch\u00e2\u0301m gi\u00e2\u0301m ti\u00ea\u0300u ba\u0323n co\u0301 th\u00ea\u0309 s\u01b0\u0309 du\u0323ng du\u0300ng \u0111\u00ea\u0309 ch\u00e2\u0301m ha\u0301 ca\u0309o, xi\u0301u ma\u0323i, ba\u0301nh x\u00ea\u0301p, hu\u0309 ti\u00ea\u0301u mi\u0300, c\u01a1m cu\u00f4\u0323n\u2026 Cho th\u00eam va\u0300o mo\u0301n su\u0301p cua, cha\u0301o \u00ea\u0301ch, c\u01a1m chi\u00ean\u2026 \u0111\u00ea\u0309 gia t\u0103ng s\u01b0\u0323 ki\u0301ch thi\u0301ch v\u00ea\u0300 vi\u0323 gia\u0301c. Ca\u0301ch pha n\u01b0\u01a1\u0301c ch\u00e2\u0301m gi\u00e2\u0301m ti\u00ea\u0300u cu\u0303ng v\u00f4 cu\u0300ng \u0111\u01a1n gia\u0309n:<\/p>\n<p>&#8211;\u00a0 V\u01a1\u0301i 2 thi\u0300a gi\u00e2\u0301m ti\u00ea\u0300u ba\u0323n cho th\u00eam va\u0300o m\u00f4\u0323t thi\u0300a ca\u0300 ph\u00ea sa t\u00ea\u0301, n\u01b0\u0309a thi\u0300a ca\u0300 ph\u00ea me\u0300 tr\u0103\u0301ng rang va\u0300 n\u01b0\u0309a thi\u0300a ca\u0300 ph\u00ea \u0111\u01b0\u01a1\u0300ng tr\u0103\u0301ng. Khu\u00e2\u0301y \u0111\u00ea\u0300u l\u00ean sau \u0111o\u0301 du\u0300ng ch\u00e2\u0301m ca\u0301c mo\u0301n \u0103n c\u01b0\u0323c ngon.<\/p>\n<p>&#8211; Ba\u0323n chi\u0309 vi\u00ea\u0323c cho l\u01b0\u01a1\u0323ng gi\u00e2\u0301m ti\u00ea\u0300u v\u01b0\u0300a \u0111u\u0309 ra che\u0301n nho\u0309, du\u0300ng ch\u00e2\u0301m tr\u01b0\u0323c ti\u00ea\u0301p ca\u0301c mo\u0301n \u0103n.<\/p>\n<p>&#8211; Ca\u0301c ba\u0323n phi m\u00f4\u0323t i\u0301t to\u0309i b\u0103m v\u01a1\u0301i n\u01b0\u0309a thi\u0300a d\u00e2\u0300u \u0103n. \u0110\u01a1\u0323i to\u0309i th\u01a1m va\u0300ng thi\u0300 t\u0103\u0301t b\u00ea\u0301p va\u0300 cho gi\u00e2\u0301m \u0103n cu\u0300ng \u01a1\u0301t t\u01b0\u01a1i c\u0103\u0301t nho\u0309 va\u0300o. Cu\u00f4\u0301i cu\u0300ng ro\u0301t n\u01b0\u01a1\u0301c ch\u00e2\u0301m gi\u00e2\u0301m ti\u00ea\u0300u ra ba\u0301t r\u00f4\u0300i du\u0300ng ngay.<\/p>\n<p><img loading=\"lazy\" decoding=\"async\" class=\"wp-image-32600 aligncenter\" src=\"https:\/\/havamall.vn\/wp-content\/uploads\/2025\/03\/kduNFCEsyThkI9KzsznMmQ-300x300.jpg\" alt=\"\" width=\"898\" height=\"898\" \/><\/p>","protected":false},"excerpt":{"rendered":"<p>TH\u00d4NG TIN CHUNG Th\u01b0\u01a1ng hi\u1ec7u H\u1ea3i Thi\u00ean Xu\u1ea5t x\u1ee9 Trung Qu\u1ed1c Th\u00e0nh ph\u1ea7n N\u01b0\u1edbc, siro fructose cao, r\u01b0\u1ee3u n\u1ea5u \u0103n,<\/p>","protected":false},"featured_media":32601,"comment_status":"open","ping_status":"closed","template":"","meta":[],"product_brand":[],"product_cat":[674,36],"product_tag":[],"class_list":{"0":"post-32595","1":"product","2":"type-product","3":"status-publish","4":"has-post-thumbnail","6":"product_cat-nhap-khau-trung-quoc","7":"product_cat-thuc-pham-tieu-dung","8":"pa_brand-skx","10":"first","11":"instock","12":"sale","13":"shipping-taxable","14":"purchasable","15":"product-type-simple"},"_links":{"self":[{"href":"https:\/\/havamall.vn\/en\/wp-json\/wp\/v2\/product\/32595"}],"collection":[{"href":"https:\/\/havamall.vn\/en\/wp-json\/wp\/v2\/product"}],"about":[{"href":"https:\/\/havamall.vn\/en\/wp-json\/wp\/v2\/types\/product"}],"replies":[{"embeddable":true,"href":"https:\/\/havamall.vn\/en\/wp-json\/wp\/v2\/comments?post=32595"}],"version-history":[{"count":0,"href":"https:\/\/havamall.vn\/en\/wp-json\/wp\/v2\/product\/32595\/revisions"}],"wp:featuredmedia":[{"embeddable":true,"href":"https:\/\/havamall.vn\/en\/wp-json\/wp\/v2\/media\/32601"}],"wp:attachment":[{"href":"https:\/\/havamall.vn\/en\/wp-json\/wp\/v2\/media?parent=32595"}],"wp:term":[{"taxonomy":"product_brand","embeddable":true,"href":"https:\/\/havamall.vn\/en\/wp-json\/wp\/v2\/product_brand?post=32595"},{"taxonomy":"product_cat","embeddable":true,"href":"https:\/\/havamall.vn\/en\/wp-json\/wp\/v2\/product_cat?post=32595"},{"taxonomy":"product_tag","embeddable":true,"href":"https:\/\/havamall.vn\/en\/wp-json\/wp\/v2\/product_tag?post=32595"}],"curies":[{"name":"wp","href":"https:\/\/api.w.org\/{rel}","templated":true}]}}