{"id":32558,"date":"2023-10-09T14:52:37","date_gmt":"2023-10-09T07:52:37","guid":{"rendered":"https:\/\/havamall.vn\/?post_type=product&#038;p=32558"},"modified":"2023-10-09T14:52:37","modified_gmt":"2023-10-09T07:52:37","slug":"dau-den-xanh-long-havafoodies-tui-500g-catjang-cowpeas","status":"publish","type":"product","link":"https:\/\/havamall.vn\/en\/shop\/dau-den-xanh-long-havafoodies-tui-500g-catjang-cowpeas\/","title":{"rendered":"\u0110\u1eadu \u0110en Xanh L\u00f2ng Havafoodies T\u00fai 500g \u2013 Catjang Cowpeas"},"content":{"rendered":"<h2><\/h2>\n<h2><strong>TH\u00d4NG TIN CHUNG<\/strong><\/h2>\n<table width=\"1130\">\n<tbody>\n<tr>\n<td>Th\u01b0\u01a1ng hi\u1ec7u<\/td>\n<td>Havafoodies<\/td>\n<\/tr>\n<tr>\n<td>Xu\u1ea5t x\u1ee9<\/td>\n<td>Vi\u1ec7t Nam<\/td>\n<\/tr>\n<tr>\n<td>Th\u00e0nh ph\u1ea7n<\/td>\n<td>100% \u0111\u1eadu \u0111en xanh l\u00f2ng<\/td>\n<\/tr>\n<tr>\n<td>H\u1ea1n s\u1eed d\u1ee5ng<\/td>\n<td>24 th\u00e1ng k\u1ec3 t\u1eeb ng\u00e0y s\u1ea3n xu\u1ea5t<\/td>\n<\/tr>\n<tr>\n<td>B\u1ea3o qu\u1ea3n<\/td>\n<td>B\u1ea3o qu\u1ea3n n\u01a1i kh\u00f4 r\u00e1o, tho\u00e1ng m\u00e1t<\/td>\n<\/tr>\n<tr>\n<td>Kh\u1ed1i l\u01b0\u1ee3ng<\/td>\n<td>500g<\/td>\n<\/tr>\n<\/tbody>\n<\/table>\n<p>\u0110\u1eadu \u0111en xanh l\u00f2ng\u00a0c\u00f3 gi\u00e1 tr\u1ecb dinh d\u01b0\u1ee1ng cao nh\u1ea5t trong t\u1ea5t c\u1ea3 c\u00e1c h\u1ecd \u0111\u1eadu.\u00a0\u0110\u1eadu \u0111en xanh l\u00f2ng\u00a0c\u00f3 h\u00ecnh d\u00e1ng b\u00ean ngo\u00e0i kh\u00f4ng kh\u00e1c g\u00ec \u0111\u1eadu \u0111en th\u01b0\u1eddng. Ch\u00fang \u0111\u1ec1u c\u00f3 v\u1ecf ngo\u00e0i \u0111en, nh\u1eb5n b\u00f3ng, k\u00edch c\u1ee1 t\u01b0\u01a1ng t\u1ef1 nhau. Ch\u1ec9 kh\u00e1c nhau m\u00e0u s\u1eafc b\u00ean trong, \u0111\u1eadu \u0111en th\u01b0\u1eddng nh\u00e2n m\u00e0u tr\u1eafng,\u00a0\u0111\u1eadu \u0111en xanh l\u00f2ng\u00a0nh\u00e2n m\u00e0u xanh l\u1ee5c. Khi ng\u1eedi \u0111\u1ec1u c\u00f3 m\u00f9i th\u01a1m \u0111\u1eb7c tr\u01b0ng.<img fetchpriority=\"high\" decoding=\"async\" class=\"wp-image-27669 aligncenter\" src=\"https:\/\/havamall.vn\/wp-content\/uploads\/2022\/07\/poroto-negr-300x200.png\" alt=\"\" width=\"617\" height=\"411\" srcset=\"https:\/\/havamall.vn\/wp-content\/uploads\/2022\/07\/poroto-negr-300x200.png 300w, https:\/\/havamall.vn\/wp-content\/uploads\/2022\/07\/poroto-negr-430x287.png 430w, https:\/\/havamall.vn\/wp-content\/uploads\/2022\/07\/poroto-negr-150x100.png 150w, https:\/\/havamall.vn\/wp-content\/uploads\/2022\/07\/poroto-negr-700x467.png 700w, https:\/\/havamall.vn\/wp-content\/uploads\/2022\/07\/poroto-negr-768x512.png 768w, https:\/\/havamall.vn\/wp-content\/uploads\/2022\/07\/poroto-negr-1024x683.png 1024w, https:\/\/havamall.vn\/wp-content\/uploads\/2022\/07\/poroto-negr.png 1200w, https:\/\/havamall.vn\/wp-content\/uploads\/2022\/07\/poroto-negr-600x400.png 600w\" sizes=\"(max-width: 617px) 100vw, 617px\" \/><\/p>\n<p>H\u1ea1t \u0111\u1eadu n\u00e0y \u0103n r\u1ea5t b\u1edf, ngon, b\u00e9o ng\u1eady h\u01a1n so v\u1edbi h\u1ea1t \u0111\u1eadu \u0111en, \u0111\u1ed3ng th\u1eddi t\u00e1c d\u1ee5ng ch\u1eefa b\u1ec7nh v\u00e0 gi\u00e1 tr\u1ecb dinh d\u01b0\u1ee1ng c\u0169ng r\u1ea5t \u0111\u00e1ng n\u1ec3.<\/p>\n<p>\u0110\u1eadu \u0111en xanh l\u00f2ng\u00a0r\u1ea5t d\u1ed3i d\u00e0o ch\u1ea5t x\u01a1, protein, s\u1eaft, kali, mangan, magie,\u2026C\u00f9ng v\u1edbi h\u00e0m l\u01b0\u1ee3ng l\u1edbn ch\u1ea5t ch\u1ed1ng oxy h\u00f3a l\u00e0 Anthocyanins. Ch\u00fang ch\u1ee9a nhi\u1ec1u kho\u00e1ng ch\u1ea5t ch\u1ed1ng l\u1ea1i vi khu\u1ea9n nh\u01b0 Molypden. Ch\u1ea5t n\u00e0y k\u1ebft h\u1ee3p v\u1edbi g\u1ed1c Sunfit (SO3) t\u1ea1o th\u00e0nh Enzym oxidate. Enzym n\u00e0y gi\u00fap ng\u0103n ng\u1eeba tri\u1ec7u ch\u1ee9ng tim \u0111\u1eadp nhanh, h\u1ed3i h\u1ed9p, hoa m\u1eaft, ch\u00f3ng m\u1eb7t, \u0111au \u0111\u1ea7u.<\/p>\n<p>Ng\u01b0\u1eddi ta \u0111o \u0111\u01b0\u1ee3c, ch\u1ec9 c\u1ea7n d\u00f9ng kho\u1ea3ng 100g \u0111\u1eadu \u0111en xanh l\u00f2ng s\u1ebd cung c\u1ea5p t\u1edbi 160% Molypden cho c\u01a1 th\u1ec3.<\/p>\n<p><img decoding=\"async\" class=\"wp-image-27670 aligncenter\" src=\"https:\/\/havamall.vn\/wp-content\/uploads\/2022\/07\/Black-Bean-297x300.png\" alt=\"\" width=\"614\" height=\"620\" srcset=\"https:\/\/havamall.vn\/wp-content\/uploads\/2022\/07\/Black-Bean-297x300.png 297w, https:\/\/havamall.vn\/wp-content\/uploads\/2022\/07\/Black-Bean-430x434.png 430w, https:\/\/havamall.vn\/wp-content\/uploads\/2022\/07\/Black-Bean-150x150.png 150w, https:\/\/havamall.vn\/wp-content\/uploads\/2022\/07\/Black-Bean-700x707.png 700w, https:\/\/havamall.vn\/wp-content\/uploads\/2022\/07\/Black-Bean-768x775.png 768w, https:\/\/havamall.vn\/wp-content\/uploads\/2022\/07\/Black-Bean-1014x1024.png 1014w, https:\/\/havamall.vn\/wp-content\/uploads\/2022\/07\/Black-Bean-1200x1211.png 1200w, https:\/\/havamall.vn\/wp-content\/uploads\/2022\/07\/Black-Bean-600x606.png 600w, https:\/\/havamall.vn\/wp-content\/uploads\/2022\/07\/Black-Bean-100x100.png 100w\" sizes=\"(max-width: 614px) 100vw, 614px\" \/><\/p>\n<h2><strong>D\u01b0\u1edbi \u0111\u00e2y l\u00e0 c\u00f4ng d\u1ee5ng c\u1ee7a h\u1ea1t \u0111\u1eadu \u0111en xanh l\u00f2ng:<\/strong><\/h2>\n<p>&#8211; B\u1ed5 th\u1eadn, b\u1ed5 gan<\/p>\n<p>&#8211; T\u0103ng c\u01b0\u1eddng ch\u1ee9c n\u0103ng ti\u00eau h\u00f3a<\/p>\n<p>&#8211; Gi\u1ea3m c\u00e2n an to\u00e0n<\/p>\n<p>&#8211; \u0110i\u1ec1u tr\u1ecb t\u00f3c b\u1ea1c s\u1edbm<\/p>\n<p>&#8211; Gi\u00fap da d\u1ebb m\u1ecbn m\u00e0ng, tr\u1eafng h\u1ed3ng<\/p>\n<p>&#8211; \u0110i\u1ec1u h\u00f2a huy\u1ebft \u00e1p<\/p>\n<p>&#8211; H\u1ed7 tr\u1ee3 \u0111i\u1ec1u tr\u1ecb b\u1ec7nh ti\u1ec3u \u0111\u01b0\u1eddng<\/p>\n<h3><img decoding=\"async\" class=\"wp-image-27671 aligncenter\" src=\"https:\/\/havamall.vn\/wp-content\/uploads\/2022\/07\/Mexican-corn-and-300x200.png\" alt=\"\" width=\"623\" height=\"415\" srcset=\"https:\/\/havamall.vn\/wp-content\/uploads\/2022\/07\/Mexican-corn-and-300x200.png 300w, https:\/\/havamall.vn\/wp-content\/uploads\/2022\/07\/Mexican-corn-and-430x287.png 430w, https:\/\/havamall.vn\/wp-content\/uploads\/2022\/07\/Mexican-corn-and-150x100.png 150w, https:\/\/havamall.vn\/wp-content\/uploads\/2022\/07\/Mexican-corn-and-700x467.png 700w, https:\/\/havamall.vn\/wp-content\/uploads\/2022\/07\/Mexican-corn-and-768x512.png 768w, https:\/\/havamall.vn\/wp-content\/uploads\/2022\/07\/Mexican-corn-and-600x400.png 600w, https:\/\/havamall.vn\/wp-content\/uploads\/2022\/07\/Mexican-corn-and.png 1000w\" sizes=\"(max-width: 623px) 100vw, 623px\" \/><\/h3>\n<h2><strong><span id=\"Cach_dung_dau_den_xanh_long\">C\u00e1ch d\u00f9ng \u0111\u1eadu \u0111en xanh l\u00f2ng<\/span><\/strong><\/h2>\n<h4><span id=\"Nau_che_dau_den\"><strong>N\u1ea5u ch\u00e8 \u0111\u1eadu \u0111en<\/strong><\/span><\/h4>\n<p>&gt; \u0110\u00e2y l\u00e0 c\u00e1ch d\u00f9ng ph\u1ed5 bi\u1ebfn nh\u1ea5t m\u00e0 nh\u00e2n d\u00e2n ta \u0111\u00e3 s\u1eed d\u1ee5ng t\u1eeb ng\u00e0n \u0111\u1eddi nay. Ch\u1eafc c\u00e1c b\u1ea1n ai c\u0169ng bi\u1ebft c\u00e1ch n\u1ea5u ch\u00e8 \u0111\u1eadu \u0111en b\u1edfi v\u1eady ch\u00fang t\u00f4i s\u1ebd kh\u00f4ng gi\u1edbi thi\u1ec7u l\u1ea1i.<\/p>\n<h4><span id=\"Lam_tra_dau_den_xanh_long\"><strong>L\u00e0m tr\u00e0 \u0111\u1eadu \u0111en xanh l\u00f2ng<\/strong><\/span><\/h4>\n<p><strong>&gt; C\u00e1ch d\u00f9ng:<\/strong>\u00a0L\u1ea5y 1kg h\u1ea1t \u0111\u1eadu xanh l\u00f2ng \u0111em sao tr\u00ean ch\u1ea3o t\u1edbi khi th\u1ea5y c\u00f3 m\u00f9i th\u01a1m, \u0111\u1ec3 ngu\u1ed9i h\u1eb3n sau \u0111\u00f3 \u0111em \u0111i nghi\u1ec1n th\u00e0nh d\u1ea1ng b\u1ed9t, bao g\u00f3i k\u00edn \u0111\u1ec3 b\u1ea3o qu\u1ea3n d\u00f9ng l\u00e2u d\u00e0i. B\u1ed9t \u0111\u1eadu \u0111en xanh l\u00f2ng d\u00f9ng pha tr\u00e0 u\u1ed1ng h\u00e0ng ng\u00e0y.<\/p>\n<p><strong>&gt; Li\u1ec1u d\u00f9ng:<\/strong>\u00a0M\u1ed7i ng\u00e0y d\u00f9ng kho\u1ea3ng 30g \u0111\u1ebfn 40g, c\u00f3 th\u1ec3 pha u\u1ed1ng thay n\u01b0\u1edbc h\u00e0ng ng\u00e0y. Hi\u1ec7n nay ch\u00fang t\u00f4i nh\u1eadn th\u1ea5y \u0111\u00e2y l\u00e0 c\u00e1ch ch\u1ebf bi\u1ebfn ti\u1ec7n l\u1ee3i v\u00e0 hi\u1ec7u qu\u1ea3 nh\u1ea5t, b\u1edfi ch\u1ec9 c\u1ea7n l\u00e0m 1 l\u1ea7n l\u00e0 b\u1ea1n c\u00f3 th\u1ec3 y\u00ean t\u00e2m s\u1eed d\u1ee5ng ti\u1ec7n l\u01b0\u1ee3i trong m\u1ed9t th\u1eddi gian d\u00e0i.<\/p>\n<p><strong>&gt; C\u00f4ng d\u1ee5ng:<\/strong>\u00a0Tr\u00e0 \u0111\u1eadu \u0111en c\u00f3 c\u00f4ng d\u1ee5ng t\u0103ng c\u01b0\u1eddng ti\u00eau h\u00f3a, b\u1ed5 th\u1eadn r\u1ea5t t\u1ed1t (Ch\u1ec9 c\u00f3 1 v\u1ecb thu\u1ed1c quy nh\u1ea5t tuy nhi\u00ean tr\u00e0 \u0111\u1eadu \u0111en v\u1eabn \u0111\u01b0\u1ee3c c\u00e1c chuy\u00ean gia \u0111\u00e1nh gi\u00e1 l\u00e0 c\u00f3 c\u00f4ng d\u1ee5ng t\u01b0\u01a1ng \u0111\u01b0\u01a1ng v\u1edbi c\u00e1c b\u00e0i thu\u1ed1c b\u1ed5 th\u1eadn tr\u00e1ng d\u01b0\u01a1ng hi\u1ec7n nay), s\u00e1ng m\u1eaft, gi\u00fap \u0111en r\u00e2u t\u00f3c, gi\u00fap cho da d\u1ebb h\u1ed3ng h\u00e0o v\u00e0 c\u00f4ng d\u1ee5ng gi\u1ea3m c\u00e2n<\/p>\n<p><img loading=\"lazy\" decoding=\"async\" class=\"aligncenter\" src=\"http:\/\/img.dautuong.vn\/2018\/07\/24\/16\/03\/tra-dau-tuong-xanh-long-cua-wwwdautuongvn.jpg\" alt=\"Tr\u00e0 \u0111\u1eadu \u0111en xanh l\u00f2ng | dautuong.vn\" width=\"664\" height=\"440\" \/><\/p>","protected":false},"excerpt":{"rendered":"<p>TH\u00d4NG TIN CHUNG Th\u01b0\u01a1ng hi\u1ec7u Havafoodies Xu\u1ea5t x\u1ee9 Vi\u1ec7t Nam Th\u00e0nh ph\u1ea7n 100% \u0111\u1eadu \u0111en xanh l\u00f2ng H\u1ea1n s\u1eed d\u1ee5ng<\/p>","protected":false},"featured_media":32559,"comment_status":"open","ping_status":"closed","template":"","meta":[],"product_brand":[],"product_cat":[594,36,134],"product_tag":[],"class_list":{"0":"post-32558","1":"product","2":"type-product","3":"status-publish","4":"has-post-thumbnail","6":"product_cat-dau-cu-qua-kho","7":"product_cat-thuc-pham-tieu-dung","8":"product_cat-thucpham-saykho","9":"pa_brand-skx","11":"first","12":"instock","13":"sale","14":"shipping-taxable","15":"purchasable","16":"product-type-simple"},"_links":{"self":[{"href":"https:\/\/havamall.vn\/en\/wp-json\/wp\/v2\/product\/32558"}],"collection":[{"href":"https:\/\/havamall.vn\/en\/wp-json\/wp\/v2\/product"}],"about":[{"href":"https:\/\/havamall.vn\/en\/wp-json\/wp\/v2\/types\/product"}],"replies":[{"embeddable":true,"href":"https:\/\/havamall.vn\/en\/wp-json\/wp\/v2\/comments?post=32558"}],"version-history":[{"count":0,"href":"https:\/\/havamall.vn\/en\/wp-json\/wp\/v2\/product\/32558\/revisions"}],"wp:featuredmedia":[{"embeddable":true,"href":"https:\/\/havamall.vn\/en\/wp-json\/wp\/v2\/media\/32559"}],"wp:attachment":[{"href":"https:\/\/havamall.vn\/en\/wp-json\/wp\/v2\/media?parent=32558"}],"wp:term":[{"taxonomy":"product_brand","embeddable":true,"href":"https:\/\/havamall.vn\/en\/wp-json\/wp\/v2\/product_brand?post=32558"},{"taxonomy":"product_cat","embeddable":true,"href":"https:\/\/havamall.vn\/en\/wp-json\/wp\/v2\/product_cat?post=32558"},{"taxonomy":"product_tag","embeddable":true,"href":"https:\/\/havamall.vn\/en\/wp-json\/wp\/v2\/product_tag?post=32558"}],"curies":[{"name":"wp","href":"https:\/\/api.w.org\/{rel}","templated":true}]}}