{"id":32554,"date":"2023-10-09T14:39:49","date_gmt":"2023-10-09T07:39:49","guid":{"rendered":"https:\/\/havamall.vn\/?post_type=product&#038;p=32554"},"modified":"2025-08-19T11:30:33","modified_gmt":"2025-08-19T04:30:33","slug":"hat-bi-ngo-tach-vo-havafoodies-goi-500g-peeled-pumpkin-seeds","status":"publish","type":"product","link":"https:\/\/havamall.vn\/en\/shop\/hat-bi-ngo-tach-vo-havafoodies-goi-500g-peeled-pumpkin-seeds\/","title":{"rendered":"H\u1ea1t B\u00ed Ng\u00f4 T\u00e1ch V\u1ecf Havafoodies G\u00f3i 400g \u2013 Peeled Pumpkin Seeds"},"content":{"rendered":"<h3><\/h3>\n<h2><strong>TH\u00d4NG TIN S\u1ea2N PH\u1ea8M<\/strong><\/h2>\n<table>\n<tbody>\n<tr>\n<td><span style=\"font-weight: 400\">Th\u01b0\u01a1ng hi\u1ec7u<\/span><\/td>\n<td><span style=\"font-weight: 400\">Havafood<\/span><\/td>\n<\/tr>\n<tr>\n<td><span style=\"font-weight: 400\">\u0110\u00f3ng g\u00f3i<\/span><\/td>\n<td><span style=\"font-weight: 400\">B\u1ecbch nh\u00f4m zip ch\u1eafc ch\u1eafn<\/span><\/td>\n<\/tr>\n<tr>\n<td><span style=\"font-weight: 400\">Th\u00e0nh ph\u1ea7n<\/span><\/td>\n<td><span style=\"font-weight: 400\">100% h\u1ea1t b\u00ed t\u01b0\u01a1i rang th\u01a1m, b\u00f3c v\u1ecf<\/span><\/td>\n<\/tr>\n<tr>\n<td><span style=\"font-weight: 400\">H\u1ea1n s\u1eed d\u1ee5ng<\/span><\/td>\n<td><span style=\"font-weight: 400\">12 th\u00e1ng, 1 tu\u1ea7n sau khi m\u1edf t\u00fai<\/span><\/td>\n<\/tr>\n<tr>\n<td><span style=\"font-weight: 400\">H\u01b0\u1edbng d\u1eabn s\u1eed d\u1ee5ng<\/span><\/td>\n<td>\n<ul>\n<li style=\"font-weight: 400\"><span style=\"font-weight: 400\">D\u00f9ng tr\u1ef1c ti\u1ebfp<\/span><\/li>\n<li style=\"font-weight: 400\"><span style=\"font-weight: 400\">D\u00f9ng 50g h\u1ea1t b\u00ed m\u1ed7i ng\u00e0y \u0111\u1ec3 c\u1ea3i thi\u1ec7n ch\u1ea5t l\u01b0\u1ee3ng cu\u1ed9c s\u1ed1ng c\u1ee7a b\u1ea1n<\/span><\/li>\n<li style=\"font-weight: 400\"><span style=\"font-weight: 400\">H\u1ea1t b\u00ed c\u00f3 th\u1ec3 \u0103n li\u1ec1n, l\u00e0m b\u00e1nh, xay v\u00e0 r\u1eafc l\u00ean sa l\u00e1t, l\u00e0m nh\u00e2n s\u00f4c\u00f4la, \u0103n v\u1edbi s\u1eefa tu\u01a1i, u\u1ed1ng tr\u00e0, c\u00e0 ph\u00ea v.v\u2026<\/span><\/li>\n<\/ul>\n<\/td>\n<\/tr>\n<tr>\n<td><span style=\"font-weight: 400\">H\u01b0\u1edbng d\u1eabn b\u1ea3o qu\u1ea3n<\/span><\/td>\n<td>\n<ul>\n<li style=\"font-weight: 400\"><span style=\"font-weight: 400\">B\u1ea3o qu\u1ea3n \u1edf n\u01a1i tho\u00e1ng m\u00e1t, tr\u00e1nh xa c\u00e1c v\u00f9ng h\u01a1i n\u00f3ng tr\u1ef1c ti\u1ebfp ho\u1eb7c gi\u00e1n ti\u1ebfp<\/span><\/li>\n<li style=\"font-weight: 400\"><span style=\"font-weight: 400\">N\u00ean s\u1eed d\u1ee5ng trong v\u00f2ng 15 ng\u00e0y sau khi m\u1edf n\u1eafp, \u0111\u1ef1ng trong chai, gi\u1eef l\u1ea1nh v\u00e0 tr\u00e1nh \u00e1nh s\u00e1ng m\u1eb7t tr\u1eddi tr\u1ef1c ti\u1ebfp<\/span><\/li>\n<\/ul>\n<\/td>\n<\/tr>\n<tr>\n<td><span style=\"font-weight: 400\">Tr\u1ecdng l\u01b0\u1ee3ng<\/span><\/td>\n<td><span style=\"font-weight: 400\">400g<\/span><\/td>\n<\/tr>\n<tr>\n<td><span style=\"font-weight: 400\">L\u01b0u \u00fd<\/span><\/td>\n<td><span style=\"font-weight: 400\">\u0102n ngon h\u01a1n sau khi b\u1ecf t\u1ee7 m\u00e1t<\/span><\/td>\n<\/tr>\n<\/tbody>\n<\/table>\n<p>H\u1ea1t b\u00ed ng\u00f4 t\u00e1ch v\u1ecf Havafood 100% nguy\u00ean ch\u1ea5t v\u00e0 kh\u00f4ng \u01b0\u1edbp mu\u1ed1i, h\u1ea1t ch\u1ee9a nhi\u1ec1u k\u1ebdm v\u00e0 magie v\u00e0 c\u00f3 th\u1ec3 \u0111\u01b0\u1ee3c s\u1eed d\u1ee5ng trong b\u1ea5t c\u1ee9 m\u00f3n \u0103n n\u00e0o \u2013 c\u1ea3 ng\u1ecdt v\u00e0 m\u1eb7n \u0111\u1ec1u s\u1eed d\u1ee5ng \u0111\u01b0\u1ee3c. H\u1ea1t b\u00ed t\u00e1ch v\u1ecf \u0111\u01b0\u1ee3c tuy\u1ec3n ch\u1ecdn t\u1eeb nh\u1eefng qu\u1ea3 b\u00ed kh\u1ecfe m\u1ea1nh, h\u1ea1t ch\u1eafc v\u00e0 m\u1ea9y, \u0111\u01b0\u1ee3c t\u00e1ch v\u1ecf s\u1eb5n m\u1ed9t c\u00e1ch ti\u1ec7n d\u1ee5ng gi\u00fap b\u1ea1n c\u00f3 th\u1ec3 s\u1eed d\u1ee5ng ngay m\u00e0 kh\u00f4ng c\u1ea7n ch\u1ebf bi\u1ebfn th\u00eam.H\u1ea1t b\u00ed t\u00e1ch v\u1ecf 100g l\u00e0 nguy\u00ean li\u1ec7u kh\u00f4ng th\u1ec3 thi\u1ebfu \u0111\u01b0\u1ee3c trong nh\u00e2n b\u00e1nh trung thu th\u1eadp c\u1ea9m d\u00f9 l\u00e0 b\u00e1nh n\u01b0\u1edbng hay b\u00e1nh d\u1ebbo. H\u1ea1t b\u00ed c\u00f9ng m\u1ee1 \u0111\u01b0\u1eddng, h\u1ea1t sen, l\u1ea1p x\u01b0\u1edfng\u2026t\u1ea1o n\u00ean h\u01b0\u01a1ng v\u1ecb \u0111\u1eb7c tr\u01b0ng kh\u00e1c bi\u1ec7t c\u1ee7a nh\u00e2n b\u00e1nh trung thu th\u1eadp c\u1ea9m.<\/p>\n<p><img fetchpriority=\"high\" decoding=\"async\" class=\"aligncenter\" src=\"https:\/\/havamall.com\/wp-content\/uploads\/2025\/08\/dbe38297ad6d0501f4f58c3473c851a4.jpg\" alt=\"H\u1ea1t B\u00ed Xanh DK Harvest (\u0111\u00e3 t\u00e1ch v\u1ecf)\" width=\"799\" height=\"532\" \/><\/p>\n<p>V\u00ec c\u00f3 xu\u1ea5t x\u1ee9 \u1ea4n \u0110\u1ed9 n\u00ean h\u1ea1t b\u00ed v\u00f4 c\u00f9ng \u0111\u1ea3m b\u1ea3o an to\u00e0n v\u00e0 gi\u00e1 lu\u00f4n t\u1ed1t nh\u1ea5t cho c\u00e1c b\u1ea1n m\u00ea l\u00e0m b\u00e1nh trung thu. \u0110\u00e2y ch\u1eafc ch\u1eafn s\u1ebd l\u00e0 m\u1ed9t b\u00ed quy\u1ebft gi\u00fap vi\u1ec7c l\u00e0m b\u00e1nh c\u1ee7a b\u1ea1n d\u1ec5 d\u00e0ng h\u01a1n r\u1ea5t nhi\u1ec1u trong m\u00f9a trung thu \u0111ang c\u1eadn k\u1ec1 \u0111\u00e2y. V\u1edbi h\u1ea1t b\u00ed t\u00e1ch v\u1ecf th\u01a1m th\u01a1m, b\u00f9i ng\u1eady, b\u1ea1n ho\u00e0n to\u00e0n c\u00f3 th\u1ec3 s\u00e1ng t\u1ea1o nh\u00e2n b\u00e1nh trung thu d\u00f9 th\u1eadp c\u1ea9m hay nh\u00e2n \u0111\u1eadu xanh, nh\u00e2n \u0111\u1eadu xanh l\u00e1 d\u1ee9a, nh\u00e2n khoai m\u00f4n ho\u1eb7c bi\u1ebfn t\u1ea5u v\u1edbi mu\u00f4n v\u00e0n nh\u00e2n kh\u00e1c.<\/p>\n<p>H\u1ea1t b\u00ed ng\u00f4 t\u00e1ch v\u1ecf Havafood100 % Organic nh\u1edd \u0111\u01b0\u1ee3c s\u1ea3n xu\u1ea5t b\u1eb1ng c\u00f4ng ngh\u1ec7 ti\u00ean ti\u1ebfn n\u00ean nh\u1eefng kho\u00e1ng ch\u1ea5t v\u00e0 vitamin l\u1eabn h\u01b0\u01a1ng v\u1ecb \u0111\u01b0\u1ee3c gi\u1eef nguy\u00ean v\u1eb9n\u2026<\/p>\n<p><img decoding=\"async\" class=\"wp-image-21558 aligncenter\" src=\"https:\/\/havamall.com\/wp-content\/uploads\/2025\/08\/NNN-300x199.png\" alt=\"\" width=\"807\" height=\"534\" \/><\/p>\n<h2><strong>GI\u00e1 tr\u1ecb dinh d\u01b0\u1ee1ng<\/strong><\/h2>\n<p>Kh\u00f4ng ch\u1ec9 gi\u00fap b\u1ea1n ng\u1ee7 ngon,\u00a0<em>h\u1ea1t b\u00ed ng\u00f4<\/em>\u00a0c\u00f2n c\u00f3 nhi\u1ec1u l\u1ee3i \u00edch s\u1ee9c kh\u1ecfe tuy\u1ec7t v\u1eddi kh\u00e1c nh\u01b0 ph\u00f2ng ung th\u01b0, gi\u00fap gi\u1ea3m c\u00e2n, c\u1ea3i thi\u1ec7n ch\u1ea5t l\u01b0\u1ee3ng tinh tr\u00f9<\/p>\n<ul>\n<li><strong><em>H\u1ea1t b\u00ed ng\u00f4 Havafood<\/em><\/strong>\u00a0t\u00e1ch b\u1ecf l\u1edbp v\u1ecf c\u1ee9ng b\u00ean ngo\u00e0i theo c\u00f4ng ngh\u1ec7 hi\u1ec7n \u0111\u1ea1i. Do \u0111\u00f3 v\u1eabn gi\u1eef l\u1ea1i \u0111\u01b0\u1ee3c m\u00e0ng l\u1ee5a m\u1ecfng tr\u00ean t\u1eebng h\u1ea1t b\u00ed xanh m\u01b0\u1edbt.<\/li>\n<li>S\u1ea3n ph\u1ea9m kh\u00f4ng t\u1ea9m mu\u1ed1i hay \u01b0\u1edbp b\u1ea5t k\u00ec ch\u1ea5t ph\u1ee5 gia n\u00e0o kh\u00e1c, \u0111\u1ea3m b\u1ea3o nguy\u00ean ch\u1ea5t 100%, gi\u00f2n th\u01a1m tr\u1ecdn v\u1ecb.<\/li>\n<li>Th\u00e0nh ph\u1ea7n dinh d\u01b0\u1ee1ng trong <strong><em>H\u1ea1t b\u00ed ng\u00f4 Havafood<\/em><\/strong>\u00a0ho\u00e0n to\u00e0n h\u1eefu \u00edch v\u1edbi m\u1ecdi l\u1ee9a tu\u1ed5i. H\u1ea1t ch\u1ee9a canxi, c\u00e1c vi ch\u1ea5t kim lo\u1ea1i nh\u01b0 mangan, magie, k\u1ebdm, s\u1eaft, \u2026, c\u00f9ng nhi\u1ec1u vitamin A, B, E gi\u00fap x\u01b0\u01a1ng ch\u1eafc kh\u1ecfe, tr\u1ebb h\u00f3a l\u00e0n da \u0111\u1ed3ng th\u1eddi t\u0103ng c\u01b0\u1eddng \u0111\u1ec1 kh\u00e1ng cho c\u01a1 th\u1ec3.<\/li>\n<li>H\u01a1n n\u1eefa, omega 3 trong h\u1ea1t r\u1ea5t c\u00f3 l\u1ee3i cho ng\u01b0\u1eddi cao huy\u1ebft \u00e1p, tryptophan h\u1ed7 tr\u1ee3 ch\u1ed1ng l\u1ea1i nh\u1eefng c\u1ea3m x\u00fac ti\u00eau c\u1ef1c d\u1eabn \u0111\u1ebfn b\u1ec7nh tr\u1ea7m c\u1ea3m. V\u00e0 \u0111\u1eb7c bi\u1ec7t phenolic c\u00f3 t\u00e1c d\u1ee5ng l\u00e0m suy y\u1ebfu, ng\u0103n ng\u1eeba ung th\u01b0 v\u00f4 c\u00f9ng hi\u1ec7u qu\u1ea3.<\/li>\n<\/ul>\n<p><img decoding=\"async\" class=\"wp-image-21564 aligncenter\" src=\"https:\/\/havamall.com\/wp-content\/uploads\/2025\/08\/JH-300x200.png\" alt=\"\" width=\"799\" height=\"532\" \/><\/p>\n<ul>\n<li>Gi\u1ea3m huy\u1ebft \u00e1p: H\u1ea1t b\u00ed \u0111\u1ecf r\u1ea5t gi\u00e0u axit pantothenic, v\u1ed1n c\u00f3 kh\u1ea3 n\u0103ng l\u00e0m gi\u1ea3m \u0111au th\u1eaft ng\u1ef1c v\u00e0 h\u1ea1 huy\u1ebft \u00e1p.\u00a0M\u1ed7i ng\u00e0y n\u00ean \u0103n 90g h\u1ea1t b\u00ed \u0111\u1ecf, chia l\u00e0m 3 b\u1eefa s\u00e1ng, tr\u01b0a, t\u1ed1i, m\u1ed9t tu\u1ea7n m\u1ed9t li\u1ec7u tr\u00ecnh, n\u00ean \u00e1p d\u1ee5ng t\u1eeb 2 \u2013 3 li\u1ec7u tr\u00ecnh s\u1ebd th\u1ea5y hi\u1ec7u qu\u1ea3 r\u00f5 r\u1ec7t<\/li>\n<\/ul>\n<p><img loading=\"lazy\" decoding=\"async\" class=\"wp-image-21559 aligncenter\" src=\"https:\/\/havamall.com\/wp-content\/uploads\/2025\/08\/MHJ-273x300.png\" alt=\"\" width=\"799\" height=\"878\" \/><\/p>\n<h2><strong>H\u01b0\u1edbng d\u1eabn s\u1eed d\u1ee5ng v\u00e0 b\u1ea3o qu\u1ea3n<\/strong><\/h2>\n<ul>\n<li>S\u1eed d\u1ee5ng tr\u1ef1c ti\u1ebfp nh\u01b0 m\u1ed9t m\u00f3n \u0103n v\u1eb7t \u201cs\u1ea1ch\u201d thay th\u1ebf cho c\u00e1c th\u1ef1c ph\u1ea9m ch\u1ee9a nhi\u1ec1u d\u1ea7u m\u1ee1.<\/li>\n<li>C\u00f3 th\u1ec3 d\u00f9ng k\u00e8m v\u1edbi s\u1eefa (thay cho b\u1eefa \u0103n ch\u00ednh) ho\u1eb7c nh\u00e2m nhi\u00a0 tr\u00e0, c\u00e0 ph\u00ea.<\/li>\n<li>L\u00e0m nguy\u00ean li\u1ec7u ch\u1ebf bi\u1ebfn ho\u1eb7c trang tr\u00ed l\u00ean b\u00e1nh, \u201csalad\u201d hay \u201cchocolate\u201d.<\/li>\n<\/ul>\n<p><em>Ch\u00fa \u00fd: + B\u1ea3o qu\u1ea3n n\u01a1i kh\u00f4 r\u00e1o, tho\u00e1ng m\u00e1t, tr\u00e1nh \u00e1nh n\u1eafng m\u1eb7t tr\u1eddi.<\/em><\/p>\n<p><em>\u00a0\u00a0\u00a0\u00a0\u00a0\u00a0\u00a0\u00a0\u00a0\u00a0\u00a0\u00a0+ \u0110\u1eady k\u00edn sau m\u1ed7i l\u1ea7n s\u1eed d\u1ee5ng.\u00a0<\/em><\/p>\n<p><img loading=\"lazy\" decoding=\"async\" class=\"wp-image-21566 aligncenter\" src=\"https:\/\/havamall.com\/wp-content\/uploads\/2025\/08\/GTHHN-1-300x298.png\" alt=\"\" width=\"803\" height=\"798\" \/><\/p>","protected":false},"excerpt":{"rendered":"<p>TH\u00d4NG TIN S\u1ea2N PH\u1ea8M Th\u01b0\u01a1ng hi\u1ec7u Havafood \u0110\u00f3ng g\u00f3i B\u1ecbch nh\u00f4m zip ch\u1eafc ch\u1eafn Th\u00e0nh ph\u1ea7n 100% h\u1ea1t b\u00ed t\u01b0\u01a1i<\/p>","protected":false},"featured_media":32555,"comment_status":"open","ping_status":"closed","template":"","meta":[],"product_brand":[],"product_cat":[36,134],"product_tag":[],"class_list":{"0":"post-32554","1":"product","2":"type-product","3":"status-publish","4":"has-post-thumbnail","6":"product_cat-thuc-pham-tieu-dung","7":"product_cat-thucpham-saykho","8":"pa_brand-skx","10":"first","11":"outofstock","12":"sale","13":"shipping-taxable","14":"purchasable","15":"product-type-simple"},"_links":{"self":[{"href":"https:\/\/havamall.vn\/en\/wp-json\/wp\/v2\/product\/32554"}],"collection":[{"href":"https:\/\/havamall.vn\/en\/wp-json\/wp\/v2\/product"}],"about":[{"href":"https:\/\/havamall.vn\/en\/wp-json\/wp\/v2\/types\/product"}],"replies":[{"embeddable":true,"href":"https:\/\/havamall.vn\/en\/wp-json\/wp\/v2\/comments?post=32554"}],"version-history":[{"count":0,"href":"https:\/\/havamall.vn\/en\/wp-json\/wp\/v2\/product\/32554\/revisions"}],"wp:featuredmedia":[{"embeddable":true,"href":"https:\/\/havamall.vn\/en\/wp-json\/wp\/v2\/media\/32555"}],"wp:attachment":[{"href":"https:\/\/havamall.vn\/en\/wp-json\/wp\/v2\/media?parent=32554"}],"wp:term":[{"taxonomy":"product_brand","embeddable":true,"href":"https:\/\/havamall.vn\/en\/wp-json\/wp\/v2\/product_brand?post=32554"},{"taxonomy":"product_cat","embeddable":true,"href":"https:\/\/havamall.vn\/en\/wp-json\/wp\/v2\/product_cat?post=32554"},{"taxonomy":"product_tag","embeddable":true,"href":"https:\/\/havamall.vn\/en\/wp-json\/wp\/v2\/product_tag?post=32554"}],"curies":[{"name":"wp","href":"https:\/\/api.w.org\/{rel}","templated":true}]}}