{"id":32534,"date":"2023-10-09T11:38:53","date_gmt":"2023-10-09T04:38:53","guid":{"rendered":"https:\/\/havamall.vn\/?post_type=product&#038;p=32534"},"modified":"2023-10-09T11:39:52","modified_gmt":"2023-10-09T04:39:52","slug":"duong-xay-min-lam-banh-havafoodies-hop-150g-icing-sugar","status":"publish","type":"product","link":"https:\/\/havamall.vn\/en\/shop\/duong-xay-min-lam-banh-havafoodies-hop-150g-icing-sugar\/","title":{"rendered":"\u0110\u01b0\u1eddng Xay M\u1ecbn L\u00e0m B\u00e1nh Havafoodies H\u1ed9p 150g &#8211; Icing Sugar"},"content":{"rendered":"<h2><\/h2>\n<h2><strong>TH\u00d4NG TIN CHUNG<\/strong><\/h2>\n<table width=\"1130\">\n<tbody>\n<tr>\n<td>Th\u01b0\u01a1ng hi\u1ec7u<\/td>\n<td>Havafoodies<\/td>\n<\/tr>\n<tr>\n<td>Xu\u1ea5t x\u1ee9<\/td>\n<td>Vi\u1ec7t Nam<\/td>\n<\/tr>\n<tr>\n<td>Th\u00e0nh ph\u1ea7n<\/td>\n<td>\u0110\u01b0\u1eddng, tinh b\u1ed9t ng\u00f4 3%<\/td>\n<\/tr>\n<tr>\n<td>H\u1ea1n s\u1eed d\u1ee5ng<\/td>\n<td>24 th\u00e1ng k\u1ec3 t\u1eeb ng\u00e0y s\u1ea3n xu\u1ea5t<\/td>\n<\/tr>\n<tr>\n<td>B\u1ea3o qu\u1ea3n<\/td>\n<td>B\u1ea3o qu\u1ea3n n\u01a1i kh\u00f4 r\u00e1o, tho\u00e1ng m\u00e1t<\/td>\n<\/tr>\n<tr>\n<td>Kh\u1ed1i l\u01b0\u1ee3ng<\/td>\n<td>150g<\/td>\n<\/tr>\n<\/tbody>\n<\/table>\n<h2><strong>\u0110\u01b0\u1eddng xay l\u00e0 g\u00ec?<\/strong><\/h2>\n<p>\u0110\u01b0\u1eddng xay hay c\u00f2n c\u00f3 t\u00ean g\u1ecdi kh\u00e1c l\u00e0 \u0111\u01b0\u1eddng b\u1ed9t\u00a0th\u01b0\u1eddng \u0111\u01b0\u1ee3c s\u1eed d\u1ee5ng nhi\u1ec1u trong c\u00e1c c\u00f4ng th\u1ee9c l\u00e0m b\u00e1nh ng\u1ecdt ho\u1eb7c d\u00f9ng \u0111\u1ec3 trang tr\u00ed c\u00e1c lo\u1ea1i b\u00e1nh.\u00a0<strong>\u0110\u01b0\u1eddng xay<\/strong>\u00a0lu\u00f4n \u0111\u01b0\u1ee3c kh\u00e1ch h\u00e0ng \u01b0u ti\u00ean b\u1edfi s\u1ef1 ti\u1ec7n d\u1ee5ng v\u00e0 ch\u1ea5t l\u01b0\u1ee3ng \u0111\u1ea3m b\u1ea3o.<\/p>\n<p>\u0110\u01b0\u1eddng xay hay \u0111\u01b0\u1eddng b\u1ed9t (icing sugar) l\u00e0 lo\u1ea1i \u0111\u01b0\u1eddng c\u00f3 m\u00e0u tr\u1eafng s\u00e1ng, lo\u1ea1i \u0111\u01b0\u1eddng n\u00e0y \u0111\u01b0\u1ee3c nghi\u1ec1n m\u1ecbn ra t\u1eeb \u0111\u01b0\u1eddng k\u00ednh th\u00f4ng th\u01b0\u1eddng v\u00e0 c\u00f3 pha th\u00eam 1 ch\u00fat b\u1ed9t b\u1eafp \u0111\u1ec3 kh\u00f4ng b\u1ecb v\u00f3n c\u1ee5c khi s\u1eed d\u1ee5ng.<\/p>\n<p><img fetchpriority=\"high\" decoding=\"async\" class=\"wp-image-32536 aligncenter\" src=\"https:\/\/havamall.vn\/wp-content\/uploads\/2023\/10\/Duong-bot-la-gi-cach-lam-va-cac-mon-banh-hap-dan-voi-duong-bot-1-1200x676-300x169.jpeg\" alt=\"\" width=\"784\" height=\"442\" srcset=\"https:\/\/havamall.vn\/wp-content\/uploads\/2023\/10\/Duong-bot-la-gi-cach-lam-va-cac-mon-banh-hap-dan-voi-duong-bot-1-1200x676-300x169.jpeg 300w, https:\/\/havamall.vn\/wp-content\/uploads\/2023\/10\/Duong-bot-la-gi-cach-lam-va-cac-mon-banh-hap-dan-voi-duong-bot-1-1200x676-600x338.jpeg 600w, https:\/\/havamall.vn\/wp-content\/uploads\/2023\/10\/Duong-bot-la-gi-cach-lam-va-cac-mon-banh-hap-dan-voi-duong-bot-1-1200x676-768x433.jpeg 768w, https:\/\/havamall.vn\/wp-content\/uploads\/2023\/10\/Duong-bot-la-gi-cach-lam-va-cac-mon-banh-hap-dan-voi-duong-bot-1-1200x676-1024x577.jpeg 1024w, https:\/\/havamall.vn\/wp-content\/uploads\/2023\/10\/Duong-bot-la-gi-cach-lam-va-cac-mon-banh-hap-dan-voi-duong-bot-1-1200x676.jpeg 1200w\" sizes=\"(max-width: 784px) 100vw, 784px\" \/><\/p>\n<p>\u0110\u01b0\u1eddng xay Icing l\u00e0 m\u1ed9t trong c\u00e1c\u00a0nguy\u00ean li\u1ec7u l\u00e0m b\u00e1nh c\u01a1 b\u1ea3n\u00a0kh\u00f4ng th\u1ec3 thi\u1ebfu trong l\u00e0m b\u00e1nh, v\u1edbi \u0111\u1eb7c \u0111i\u1ec3m l\u00e0 \u0111\u01b0\u1eddng m\u1ecbn gi\u00fap \u0111\u01b0\u1eddng tan nhanh c\u00f9ng v\u1edbi c\u00e1c nguy\u00ean li\u1ec7u l\u00e0m b\u00e1nh kh\u00e1c nh\u01b0 b\u01a1, b\u1ed9t m\u1ef3&#8230;.<\/p>\n<p>\u0110\u01b0\u1eddng b\u1ed9t\u00a0l\u00e0 lo\u1ea1i \u0111\u01b0\u1eddng d\u1ea1ng b\u1ed9t tr\u1eafng si\u00eau m\u1ecbn \u0111\u01b0\u1ee3c s\u1ea3n xu\u1ea5t t\u1eeb \u0111\u01b0\u1eddng tinh luy\u1ec7n h\u1ea3o h\u1ea1ng do c\u00e1c nh\u00e0 m\u00e1y \u0111\u01b0\u1eddng uy t\u00edn t\u1ea1i Vi\u1ec7t Nam cung c\u1ea5p. V\u1edbi c\u00f4ng th\u1ee9c \u0111\u1eb7c bi\u1ec7t, s\u1ea3n ph\u1ea9m \u0111em \u0111\u1ebfn k\u1ebft c\u1ea5u m\u1ec1m m\u1ecbn, tinh t\u1ebf cho c\u00e1c lo\u1ea1i b\u00e1nh gi\u00fap b\u1ea1n t\u1ef1 tin th\u1ecfa s\u1ee9c s\u00e1ng t\u1ea1o c\u00e1c m\u00f3n \u0103n h\u1ea5p d\u1eabn cho nh\u1eefng ng\u01b0\u1eddi th\u00e2n y\u00eau.<\/p>\n<p><img decoding=\"async\" class=\"wp-image-32537 aligncenter\" src=\"https:\/\/havamall.vn\/wp-content\/uploads\/2023\/10\/8ba063d2-4a88-4552-a6f2-aa8293fc29bd-2021-1110_rum-ball-cookie_3x2_julia-gartland_585-300x300.jpeg\" alt=\"\" width=\"785\" height=\"785\" srcset=\"https:\/\/havamall.vn\/wp-content\/uploads\/2023\/10\/8ba063d2-4a88-4552-a6f2-aa8293fc29bd-2021-1110_rum-ball-cookie_3x2_julia-gartland_585-300x300.jpeg 300w, https:\/\/havamall.vn\/wp-content\/uploads\/2023\/10\/8ba063d2-4a88-4552-a6f2-aa8293fc29bd-2021-1110_rum-ball-cookie_3x2_julia-gartland_585-600x600.jpeg 600w, https:\/\/havamall.vn\/wp-content\/uploads\/2023\/10\/8ba063d2-4a88-4552-a6f2-aa8293fc29bd-2021-1110_rum-ball-cookie_3x2_julia-gartland_585-150x150.jpeg 150w, https:\/\/havamall.vn\/wp-content\/uploads\/2023\/10\/8ba063d2-4a88-4552-a6f2-aa8293fc29bd-2021-1110_rum-ball-cookie_3x2_julia-gartland_585-768x768.jpeg 768w, https:\/\/havamall.vn\/wp-content\/uploads\/2023\/10\/8ba063d2-4a88-4552-a6f2-aa8293fc29bd-2021-1110_rum-ball-cookie_3x2_julia-gartland_585-1024x1024.jpeg 1024w, https:\/\/havamall.vn\/wp-content\/uploads\/2023\/10\/8ba063d2-4a88-4552-a6f2-aa8293fc29bd-2021-1110_rum-ball-cookie_3x2_julia-gartland_585.jpeg 1200w, https:\/\/havamall.vn\/wp-content\/uploads\/2023\/10\/8ba063d2-4a88-4552-a6f2-aa8293fc29bd-2021-1110_rum-ball-cookie_3x2_julia-gartland_585-100x100.jpeg 100w\" sizes=\"(max-width: 785px) 100vw, 785px\" \/><\/p>\n<p>S\u1ea3n ph\u1ea9m t\u1ea1o v\u1ecb ng\u1ecdt v\u00e0 m\u00f9i th\u01a1m cho b\u00e1nh, t\u1ea1o \u0111\u1ed9 m\u1ec1m m\u1ecbn cho k\u1ebft c\u1ea5u b\u00e1nh, t\u1ea1o m\u00e0u s\u1eafc v\u00e0ng \u0111\u1eb9p cho v\u1ecf b\u00e1nh, gi\u1eef \u1ea9m cho b\u00e1nh gi\u00fap b\u00e1nh gi\u1eef ch\u1ea5t l\u01b0\u1ee3ng l\u00e2u h\u01a1n. S\u1ea3n ph\u1ea9m s\u1eed d\u1ee5ng c\u00f4ng ngh\u1ec7 s\u1ea1ch, kh\u00f4ng c\u00f3 h\u00f3a ch\u1ea5t g\u00e2y \u0111\u1ed9c h\u1ea1i cho s\u1ee9c kho\u1ebb con ng\u01b0\u1eddi. V\u1edbi c\u00f4ng ngh\u1ec7 cacbonat h\u00f3a, t\u1eeb \u0111\u01b0\u1eddng th\u00f4, d\u00e2y chuy\u1ec1n \u0111\u00e3 lo\u1ea1i ra r\u1ea5t nhi\u1ec1u t\u1ea1p ch\u1ea5t, ch\u1ea5t m\u00e0u, \u0111\u01b0\u1eddng kh\u1eed&#8230; t\u1ed1t cho ng\u01b0\u1eddi ti\u00eau d\u00f9ng. V\u1edbi \u0111\u01b0\u1eddng xay Bi\u00ean H\u00f2a chuy\u00ean d\u00f9ng \u0111\u1ec3 l\u00e0m b\u00e1nh, b\u1ea1n s\u1ebd d\u1ec5 d\u00e0ng l\u00e0m \u0111\u01b0\u1ee3c.<\/p>\n<p><img decoding=\"async\" class=\"wp-image-32538 aligncenter\" src=\"https:\/\/havamall.vn\/wp-content\/uploads\/2023\/10\/59d9247ae8c0fe91660fa61b4870abd7-300x300.jpeg\" alt=\"\" width=\"790\" height=\"790\" srcset=\"https:\/\/havamall.vn\/wp-content\/uploads\/2023\/10\/59d9247ae8c0fe91660fa61b4870abd7-300x300.jpeg 300w, https:\/\/havamall.vn\/wp-content\/uploads\/2023\/10\/59d9247ae8c0fe91660fa61b4870abd7-600x600.jpeg 600w, https:\/\/havamall.vn\/wp-content\/uploads\/2023\/10\/59d9247ae8c0fe91660fa61b4870abd7-1200x1200.jpeg 1200w, https:\/\/havamall.vn\/wp-content\/uploads\/2023\/10\/59d9247ae8c0fe91660fa61b4870abd7-150x150.jpeg 150w, https:\/\/havamall.vn\/wp-content\/uploads\/2023\/10\/59d9247ae8c0fe91660fa61b4870abd7-768x768.jpeg 768w, https:\/\/havamall.vn\/wp-content\/uploads\/2023\/10\/59d9247ae8c0fe91660fa61b4870abd7-1024x1024.jpeg 1024w, https:\/\/havamall.vn\/wp-content\/uploads\/2023\/10\/59d9247ae8c0fe91660fa61b4870abd7-100x100.jpeg 100w, https:\/\/havamall.vn\/wp-content\/uploads\/2023\/10\/59d9247ae8c0fe91660fa61b4870abd7.jpeg 2048w\" sizes=\"(max-width: 790px) 100vw, 790px\" \/><\/p>\n<h2><strong>\u01afu \u0111i\u1ec3m s\u1ea3n ph\u1ea9m:<\/strong><\/h2>\n<p>\u2013 \u0110\u01b0\u1eddng d\u1ea1ng b\u1ed9t m\u1ecbn, tr\u1eafng tinh, \u0111\u01b0\u1ee3c l\u00e0m t\u1eeb 97% \u0111\u01b0\u1eddng k\u00ednh tr\u1eafng xay nhuy\u1ec5n v\u00e0 3% b\u1ed9t ng\u00f4 gi\u00fap \u0111\u01b0\u1eddng kh\u00f4ng b\u1ecb v\u00f3n c\u1ee5c.<\/p>\n<p>\u2013\u00a0\u0110\u01b0\u1eddng xay m\u1ecbn\u00a0tan nhanh h\u01a1n \u0111\u01b0\u1eddng k\u00ednh th\u00f4ng th\u01b0\u1eddng, d\u1ec5 d\u00e0ng h\u00f2a tr\u1ed9n v\u1edbi c\u00e1c nguy\u00ean li\u1ec7u kh\u00e1c \u0111\u1ec3 t\u1ea1o ra chi\u1ebfc b\u00e1nh c\u00f3 k\u1ebft c\u1ea5u v\u00e0 h\u01b0\u01a1ng v\u1ecb \u0111\u1ec1u, ngon mi\u1ec7ng.<\/p>\n<p>&#8211; Whipping cream khi \u0111\u01b0\u1ee3c \u0111\u00e1nh b\u00f4ng b\u1eb1ng \u0111\u01b0\u1eddng xay s\u1ebd cho k\u1ebft c\u1ea5u m\u1ec1m, m\u1ecbn h\u01a1n \u0111\u01b0\u1eddng k\u00ednh th\u00f4ng th\u01b0\u1eddng.<\/p>\n<p>\u2013 S\u1ea3n ph\u1ea9m h\u1ed9p 150g nh\u1ecf g\u1ecdn, ph\u00f9 h\u1ee3p v\u1edbi c\u00e1c b\u1ea1n l\u00e0m b\u00e1nh s\u1ed1 l\u01b0\u1ee3ng \u00edt ho\u1eb7c m\u1edbi t\u1eadp l\u00e0m b\u00e1nh.<b><\/b><\/p>\n<p>C\u00e1c lo\u1ea1i b\u00e1nh ch\u1ec9 c\u1ea7n r\u1eafc th\u00eam ch\u00fat \u0111\u01b0\u1eddng xay trang tr\u00ed th\u00f4i c\u0169ng tr\u1edf n\u00ean \u0111\u1eb9p h\u01a1n r\u1ea5t nhi\u1ec1u.<\/p>\n<h2><img loading=\"lazy\" decoding=\"async\" class=\"wp-image-32539 aligncenter\" src=\"https:\/\/havamall.vn\/wp-content\/uploads\/2023\/10\/k_Photo_Recipes_2019-05-how-to-beignets_How_to_Make_the_Easiest_New_Orleans-Style_Beignets_2019-04-30_PHOTO_Kitchn66022_-300x200.jpeg\" alt=\"\" width=\"815\" height=\"543\" srcset=\"https:\/\/havamall.vn\/wp-content\/uploads\/2023\/10\/k_Photo_Recipes_2019-05-how-to-beignets_How_to_Make_the_Easiest_New_Orleans-Style_Beignets_2019-04-30_PHOTO_Kitchn66022_-300x200.jpeg 300w, https:\/\/havamall.vn\/wp-content\/uploads\/2023\/10\/k_Photo_Recipes_2019-05-how-to-beignets_How_to_Make_the_Easiest_New_Orleans-Style_Beignets_2019-04-30_PHOTO_Kitchn66022_-600x400.jpeg 600w, https:\/\/havamall.vn\/wp-content\/uploads\/2023\/10\/k_Photo_Recipes_2019-05-how-to-beignets_How_to_Make_the_Easiest_New_Orleans-Style_Beignets_2019-04-30_PHOTO_Kitchn66022_-1200x800.jpeg 1200w, https:\/\/havamall.vn\/wp-content\/uploads\/2023\/10\/k_Photo_Recipes_2019-05-how-to-beignets_How_to_Make_the_Easiest_New_Orleans-Style_Beignets_2019-04-30_PHOTO_Kitchn66022_-768x512.jpeg 768w, https:\/\/havamall.vn\/wp-content\/uploads\/2023\/10\/k_Photo_Recipes_2019-05-how-to-beignets_How_to_Make_the_Easiest_New_Orleans-Style_Beignets_2019-04-30_PHOTO_Kitchn66022_-1024x683.jpeg 1024w, https:\/\/havamall.vn\/wp-content\/uploads\/2023\/10\/k_Photo_Recipes_2019-05-how-to-beignets_How_to_Make_the_Easiest_New_Orleans-Style_Beignets_2019-04-30_PHOTO_Kitchn66022_.jpeg 1500w\" sizes=\"(max-width: 815px) 100vw, 815px\" \/><\/h2>\n<h2><strong>C\u00f4ng d\u1ee5ng c\u1ee7a \u0111\u01b0\u1eddng xay<\/strong><\/h2>\n<p>&#8211;\u00a0T\u1ea1o \u0111\u1ed9 \u1ea9m cho b\u00e1nh trong qu\u00e1 tr\u00ecnh n\u01b0\u1edbng, gi\u00fap b\u00e1nh n\u1edf t\u1ed1t h\u01a1n. C\u00e1c lo\u1ea1i b\u00e1nh y\u00eau c\u1ea7u \u0111\u1ed9 gi\u00f2n, ng\u01b0\u1eddi ta c\u0169ng d\u00f9ng \u0111\u01b0\u1eddng b\u1ed9t trong c\u00f4ng th\u1ee9c \u0111\u1ec3 gi\u00fap b\u00e1nh gi\u00f2n \u0111\u00fang ti\u00eau chu\u1ea9n.<\/p>\n<p>&#8211; Nguy\u00ean li\u1ec7u ch\u00ednh \u0111\u1ec3 l\u00e0m fondant \u2013 m\u1ed9t lo\u1ea1i v\u1eadt li\u1ec7u trang tr\u00ed b\u00e1nh gato n\u1ed5i ti\u1ebfng v\u00e0 ph\u1ed5 bi\u1ebfn. \u0110\u01b0\u1eddng b\u1ed9t ch\u00ednh l\u00e0 nguy\u00ean li\u1ec7u ch\u00ednh kh\u00f4ng th\u1ec3 thay th\u1ebf \u0111\u1ec3 l\u00e0m ra fondant.<\/p>\n<p>&#8211; Th\u00e0nh ph\u1ea7n ch\u00ednh l\u00e0m\u00a0Royal icing &#8211; m\u1ed9t lo\u1ea1i \u0111\u01b0\u1eddng s\u1ec7t l\u00e0m v\u1eadt li\u1ec7u kh\u00f4ng th\u1ec3 thi\u1ebfu khi\u00a0trang tr\u00ed b\u00e1nh quy.<\/p>\n<p>&#8211; \u0110\u00e1nh b\u00f4ng b\u01a1 l\u1ea1t ho\u1eb7c cream cheese \u0111\u1ec3 l\u00e0m kem trang tr\u00ed b\u00e1nh. Lo\u1ea1i \u0111\u01b0\u1eddng n\u00e0y c\u0169ng c\u00f3 th\u1ec3 thay th\u1ebf \u0111\u01b0\u1eddng tr\u1eafng trong vi\u1ec7c \u0111\u00e1nh b\u00f4ng whipping cream ho\u1eb7c topping cream.<\/p>\n<p>&#8211; S\u1eed d\u1ee5ng tr\u1ef1c ti\u1ebfp \u0111\u1ec3 trang tr\u00ed b\u00e1nh b\u1eb1ng c\u00e1ch r\u1eafc m\u1ed9t l\u1edbp m\u1ecfng l\u00ean b\u1ec1 m\u1eb7t c\u00e1c m\u00f3n b\u00e1nh ng\u1ecdt \u0111\u1ec3 t\u0103ng th\u00eam \u0111\u1ed9 b\u1eaft m\u1eaft, h\u1ea5p d\u1eabn c\u0169ng nh\u01b0 h\u01b0\u01a1ng v\u1ecb ng\u1ecdt ng\u00e0o.<\/p>\n<h2><img loading=\"lazy\" decoding=\"async\" class=\"wp-image-32540 aligncenter\" src=\"https:\/\/havamall.vn\/wp-content\/uploads\/2023\/10\/opt__aboutcom__coeus__resources__content_migration__serious_eats__seriouseats.com__images__2016__03__20160223-lemon-meltaway-cookie-vicky-wasik-1-facadc0ef98a4458bedd6c78ed5e5fc1-300x225.jpg\" alt=\"\" width=\"821\" height=\"616\" srcset=\"https:\/\/havamall.vn\/wp-content\/uploads\/2023\/10\/opt__aboutcom__coeus__resources__content_migration__serious_eats__seriouseats.com__images__2016__03__20160223-lemon-meltaway-cookie-vicky-wasik-1-facadc0ef98a4458bedd6c78ed5e5fc1-300x225.jpg 300w, https:\/\/havamall.vn\/wp-content\/uploads\/2023\/10\/opt__aboutcom__coeus__resources__content_migration__serious_eats__seriouseats.com__images__2016__03__20160223-lemon-meltaway-cookie-vicky-wasik-1-facadc0ef98a4458bedd6c78ed5e5fc1-600x450.jpg 600w, https:\/\/havamall.vn\/wp-content\/uploads\/2023\/10\/opt__aboutcom__coeus__resources__content_migration__serious_eats__seriouseats.com__images__2016__03__20160223-lemon-meltaway-cookie-vicky-wasik-1-facadc0ef98a4458bedd6c78ed5e5fc1-1200x900.jpg 1200w, https:\/\/havamall.vn\/wp-content\/uploads\/2023\/10\/opt__aboutcom__coeus__resources__content_migration__serious_eats__seriouseats.com__images__2016__03__20160223-lemon-meltaway-cookie-vicky-wasik-1-facadc0ef98a4458bedd6c78ed5e5fc1-768x576.jpg 768w, https:\/\/havamall.vn\/wp-content\/uploads\/2023\/10\/opt__aboutcom__coeus__resources__content_migration__serious_eats__seriouseats.com__images__2016__03__20160223-lemon-meltaway-cookie-vicky-wasik-1-facadc0ef98a4458bedd6c78ed5e5fc1-1024x768.jpg 1024w, https:\/\/havamall.vn\/wp-content\/uploads\/2023\/10\/opt__aboutcom__coeus__resources__content_migration__serious_eats__seriouseats.com__images__2016__03__20160223-lemon-meltaway-cookie-vicky-wasik-1-facadc0ef98a4458bedd6c78ed5e5fc1.jpg 1500w\" sizes=\"(max-width: 821px) 100vw, 821px\" \/><\/h2>\n<h2><strong>C\u00e1ch b\u1ea3o qu\u1ea3n<\/strong><\/h2>\n<p>&#8211; B\u1ea3o qu\u1ea3n n\u01a1i kh\u00f4 tho\u00e1ng, tr\u00e1nh nhi\u1ec7t \u0111\u1ed9 cao v\u00e0 \u00e1nh n\u1eafng tr\u1ef1c ti\u1ebfp t\u1eeb m\u1eb7t tr\u1eddi<\/p>\n<p>&#8211; C\u00f3 th\u1ec3 cho \u0111\u01b0\u1eddng b\u1ed9t b\u1ea3o qu\u1ea3n trong h\u0169 thu\u1ef7 tinh ho\u1eb7c nh\u1ef1a\u00a0s\u1ea1ch, c\u00f3 n\u1eafp k\u00edn<\/p>\n<p><img loading=\"lazy\" decoding=\"async\" class=\"wp-image-32541 aligncenter\" src=\"https:\/\/havamall.vn\/wp-content\/uploads\/2023\/10\/mexican-wedding-cookies-2343006-step-09-5bf453c146e0fb00512c7739-300x200.jpeg\" alt=\"\" width=\"818\" height=\"545\" srcset=\"https:\/\/havamall.vn\/wp-content\/uploads\/2023\/10\/mexican-wedding-cookies-2343006-step-09-5bf453c146e0fb00512c7739-300x200.jpeg 300w, https:\/\/havamall.vn\/wp-content\/uploads\/2023\/10\/mexican-wedding-cookies-2343006-step-09-5bf453c146e0fb00512c7739-600x400.jpeg 600w, https:\/\/havamall.vn\/wp-content\/uploads\/2023\/10\/mexican-wedding-cookies-2343006-step-09-5bf453c146e0fb00512c7739-1200x799.jpeg 1200w, https:\/\/havamall.vn\/wp-content\/uploads\/2023\/10\/mexican-wedding-cookies-2343006-step-09-5bf453c146e0fb00512c7739-768x511.jpeg 768w, https:\/\/havamall.vn\/wp-content\/uploads\/2023\/10\/mexican-wedding-cookies-2343006-step-09-5bf453c146e0fb00512c7739-1024x682.jpeg 1024w, https:\/\/havamall.vn\/wp-content\/uploads\/2023\/10\/mexican-wedding-cookies-2343006-step-09-5bf453c146e0fb00512c7739.jpeg 1500w\" sizes=\"(max-width: 818px) 100vw, 818px\" \/><\/p>","protected":false},"excerpt":{"rendered":"<p>TH\u00d4NG TIN CHUNG Th\u01b0\u01a1ng hi\u1ec7u Havafoodies Xu\u1ea5t x\u1ee9 Vi\u1ec7t Nam Th\u00e0nh ph\u1ea7n \u0110\u01b0\u1eddng, tinh b\u1ed9t ng\u00f4 3% H\u1ea1n s\u1eed d\u1ee5ng<\/p>","protected":false},"featured_media":32535,"comment_status":"open","ping_status":"closed","template":"","meta":[],"product_brand":[],"product_cat":[36],"product_tag":[],"class_list":{"0":"post-32534","1":"product","2":"type-product","3":"status-publish","4":"has-post-thumbnail","6":"product_cat-thuc-pham-tieu-dung","8":"first","9":"instock","10":"sale","11":"shipping-taxable","12":"purchasable","13":"product-type-simple"},"_links":{"self":[{"href":"https:\/\/havamall.vn\/en\/wp-json\/wp\/v2\/product\/32534"}],"collection":[{"href":"https:\/\/havamall.vn\/en\/wp-json\/wp\/v2\/product"}],"about":[{"href":"https:\/\/havamall.vn\/en\/wp-json\/wp\/v2\/types\/product"}],"replies":[{"embeddable":true,"href":"https:\/\/havamall.vn\/en\/wp-json\/wp\/v2\/comments?post=32534"}],"version-history":[{"count":0,"href":"https:\/\/havamall.vn\/en\/wp-json\/wp\/v2\/product\/32534\/revisions"}],"wp:featuredmedia":[{"embeddable":true,"href":"https:\/\/havamall.vn\/en\/wp-json\/wp\/v2\/media\/32535"}],"wp:attachment":[{"href":"https:\/\/havamall.vn\/en\/wp-json\/wp\/v2\/media?parent=32534"}],"wp:term":[{"taxonomy":"product_brand","embeddable":true,"href":"https:\/\/havamall.vn\/en\/wp-json\/wp\/v2\/product_brand?post=32534"},{"taxonomy":"product_cat","embeddable":true,"href":"https:\/\/havamall.vn\/en\/wp-json\/wp\/v2\/product_cat?post=32534"},{"taxonomy":"product_tag","embeddable":true,"href":"https:\/\/havamall.vn\/en\/wp-json\/wp\/v2\/product_tag?post=32534"}],"curies":[{"name":"wp","href":"https:\/\/api.w.org\/{rel}","templated":true}]}}