{"id":32527,"date":"2023-10-09T11:10:19","date_gmt":"2023-10-09T04:10:19","guid":{"rendered":"https:\/\/havamall.vn\/?post_type=product&#038;p=32527"},"modified":"2025-03-21T10:52:51","modified_gmt":"2025-03-21T03:52:51","slug":"sau-nguyen-trai-dong-lanh-havafoodies-goi-500g-dracontomelon-frozen","status":"publish","type":"product","link":"https:\/\/havamall.vn\/en\/shop\/sau-nguyen-trai-dong-lanh-havafoodies-goi-500g-dracontomelon-frozen\/","title":{"rendered":"S\u1ea5u Nguy\u00ean Tr\u00e1i \u0110\u00f4ng L\u1ea1nh Havafoodies G\u00f3i 500g &#8211; Dracontomelon Frozen"},"content":{"rendered":"<h2><\/h2>\n<h2><strong>TH\u00d4NG TIN CHUNG<\/strong><\/h2>\n<table width=\"1130\">\n<tbody>\n<tr>\n<td>Th\u01b0\u01a1ng hi\u1ec7u<\/td>\n<td>Havafoodies<\/td>\n<\/tr>\n<tr>\n<td>Xu\u1ea5t x\u1ee9<\/td>\n<td>Vi\u1ec7t Nam<\/td>\n<\/tr>\n<tr>\n<td>Th\u00e0nh ph\u1ea7n<\/td>\n<td>100% qu\u1ea3 s\u1ea5u \u0111\u00f4ng l\u1ea1nh<\/td>\n<\/tr>\n<tr>\n<td>H\u1ea1n s\u1eed d\u1ee5ng<\/td>\n<td>12 th\u00e1ng k\u1ec3 t\u1eeb ng\u00e0y s\u1ea3n xu\u1ea5t<\/td>\n<\/tr>\n<tr>\n<td>B\u1ea3o qu\u1ea3n<\/td>\n<td>B\u1ea3o qu\u1ea3n \u0111\u00f4ng l\u1ea1nh<\/td>\n<\/tr>\n<tr>\n<td>Kh\u1ed1i l\u01b0\u1ee3ng<\/td>\n<td>500g<\/td>\n<\/tr>\n<\/tbody>\n<\/table>\n<p><strong>S\u1ea5u \u0111\u00f4ng l\u1ea1nh<\/strong>\u00a0Qu\u00e0 Mi\u1ec1n B\u1eafc \u0111\u01b0\u1ee3c ch\u1ecdn ch\u00ednh v\u1ee5, nh\u1eefng qu\u1ea3 s\u1ea5u t\u01b0\u01a1i H\u00e0 N\u1ed9i \u0111\u1eb9p nh\u1ea5t, r\u1eeda s\u1ea1ch, \u0111\u1ec3 r\u00e1o n\u01b0\u1edbc r\u1ed3i cho ng\u0103n t\u1ee7 \u0111\u00f4ng. Ho\u00e0n to\u00e0n t\u1ef1 nhi\u00ean, cung c\u1ea5p nhu c\u1ea7u d\u00f9ng s\u1ea5u quanh n\u0103m c\u1ee7a kh\u00e1ch h\u00e0ng t\u1ea1i TPHCM v\u00e0 c\u00e1c t\u1ec9nh th\u00e0nh ph\u00eda Nam.<\/p>\n<p><img fetchpriority=\"high\" decoding=\"async\" class=\"wp-image-32529 aligncenter\" src=\"https:\/\/havamall.vn\/wp-content\/uploads\/2025\/03\/cac_tac_dung_cua_qua_sau_khong_phai_ai_cung_biet_Dtp_WZ_1674884069_bc93968f97-300x169.jpg\" alt=\"\" width=\"967\" height=\"545\" \/><\/p>\n<p>S\u1ea5u t\u01b0\u01a1i H\u00e0 N\u1ed9i \u0111\u01b0\u1ee3c \u0111\u1ec3 \u0111\u00f4ng \u0111\u00e1, gi\u1eef nguy\u00ean v\u1eb9n v\u1ecb t\u01b0\u01a1i ngon c\u1ee7a s\u1ea5u, kh\u00f4ng d\u00f9ng b\u1ea5t c\u1ee9 h\u00f3a ch\u1ea5t n\u00e0o b\u1ea3o qu\u1ea3n n\u00ean b\u1ea1n ho\u00e0n to\u00e0n y\u00ean t\u00e2m v\u1ec1 ch\u1ea5t l\u01b0\u1ee3ng s\u1ea5u,\u00a0gi\u1eef \u0111\u01b0\u1ee3c qu\u1ea3 s\u1ea5u v\u1edbi ch\u1ea5t l\u01b0\u1ee3ng t\u01b0\u01a1i ngon tuy\u1ec7t v\u1eddi<\/p>\n<p>S\u1ea5u l\u00e0 c\u00e2y \u0111\u1eb7c tr\u01b0ng c\u1ee7a mi\u1ec1n B\u1eafc. Nh\u1eefng h\u00e0ng s\u1ea5u che m\u00e1t \u0111\u01b0\u1eddng ph\u1ed1 \u0111\u00e3 tr\u1edf th\u00e0nh m\u1ed9t ph\u1ea7n kh\u00f4ng th\u1ec3 thi\u1ebfu c\u1ee7a H\u00e0 N\u1ed9i. \u1ede c\u00e1c v\u00f9ng qu\u00ea, v\u01b0\u1eddn nh\u00e0 n\u00e0o c\u0169ng c\u00f3 tr\u1ed3ng t\u1eeb 1 \u0111\u1ebfn 2 c\u00e2y, v\u1eeba \u0111\u1ec3 l\u1ea5y qu\u1ea3 \u0103n, v\u1eeba l\u00e0m c\u00e2y che b\u00f3ng m\u00e1t. Th\u01b0\u1eddng gia \u0111\u00ecnh kh\u00f4ng \u0103n h\u1ebft \u0111\u01b0\u1ee3c, m\u00e0 l\u1ea1i c\u00f3 th\u00eam thu nh\u1eadp t\u1eeb vi\u1ec7c b\u00e1n s\u1ea5u. Tr\u1ed3ng s\u1ea5u kh\u00f4ng ph\u1ea3i ch\u0103m b\u00f3n g\u00ec, v\u1edbi \u0111\u1eb7c t\u00ednh l\u00e0 c\u00e2y th\u00e2n g\u1ed7. Qu\u1ea3 s\u1ea5u r\u1ea5t s\u1ea1ch, t\u1eeb khi c\u00f2n b\u00e9 \u0111\u00e3 t\u1ef1 ph\u00e1t tri\u1ec3n, c\u00f9ng l\u1eafm ch\u1ec9 t\u01b0\u1edbi n\u01b0\u1edbc cho c\u00e2y l\u00fac c\u00f2n b\u00e9. R\u1ec5 c\u00e2y \u0103n s\u00e2u v\u00e0o l\u00f2ng \u0111\u1ea5t \u0111\u1ebfn t\u00ecm ki\u1ebfm th\u1ee9c \u0103n.<\/p>\n<p><img decoding=\"async\" class=\"wp-image-32570 aligncenter\" src=\"https:\/\/havamall.vn\/wp-content\/uploads\/2025\/03\/486b1284c02c49cb66e02225153103fb-1-236x300.jpg\" alt=\"\" width=\"971\" height=\"1235\" \/><\/p>\n<h2><strong>Th\u00e0nh ph\u1ea7n dinh d\u01b0\u1ee1ng c\u00f3 trong qu\u1ea3 s\u1ea5u<\/strong><\/h2>\n<ul>\n<li>Trong qu\u1ea3 s\u1ea5u ch\u00edn c\u00f3 t\u1edbi 86 % n\u01b0\u1edbc, 1 % axit h\u1eefu c\u01a1;\u00a01,3 % protit;\u00a08,2 % gluxit; 2,7 % xenluloza;\u00a0100 mg% canxi, 44 mg% Phospho, s\u1eaft v\u00e0 3 mg% vitamin C.<\/li>\n<li>Theo \u0110\u00f4ng y, qu\u1ea3 s\u1ea5u l\u00fac xanh c\u00f3 v\u1ecb chua h\u01a1i ch\u00e1t,khi ch\u00edn cho v\u1ecb chua, ng\u1ecdt, t\u00ednh m\u00e1t. Tr\u00e1i s\u1ea5u c\u00f3 t\u00e1c d\u1ee5ng gi\u1ea3i kh\u00e1t, tr\u1ecb ho, ti\u00eau \u0111\u1eddm. Do v\u1eady trong c\u00e1c b\u00e0i thu\u1ed1c \u0110\u00f4ng y, tr\u00e1i s\u1ea5u th\u01b0\u1eddng \u0111\u01b0\u1ee3c s\u1eed d\u1ee5ng tr\u1ecb nhi\u1ec1u b\u1ec7nh nh\u01b0\u00a0nhi\u1ec7t mi\u1ec7ng, ng\u1ee9a c\u1ed5, \u0111au h\u1ecdng, n\u00f4n do thai ngh\u00e9n, s\u01b0ng,\u00a0vi\u00eam da do ti\u1ebfp x\u00fac,\u00a0l\u1edf ng\u1ee9a\u2026<\/li>\n<\/ul>\n<h2><span id=\"Mua_thu_hoach_trong_nam\" class=\"ez-toc-section\"><img decoding=\"async\" class=\"wp-image-32531 aligncenter\" src=\"https:\/\/havamall.vn\/wp-content\/uploads\/2025\/03\/sau-300x225.jpg\" alt=\"\" width=\"960\" height=\"720\" \/><\/span><strong>M\u00f9a thu ho\u1ea1ch trong n\u0103m<\/strong><\/h2>\n<p>&gt; Sau khi ra qu\u1ea3 kho\u1ea3ng h\u01a1n hai th\u00e1ng th\u00ec tr\u00e1i s\u1ea5u \u0111\u1ea1t \u0111\u1ebfn \u0111\u1ed9 gi\u00e0 nh\u01b0ng ch\u01b0a ch\u00edn. \u0110\u00e2y l\u00e0 th\u1eddi \u0111i\u1ec3m thu ho\u1ea1ch s\u1ea5u v\u00ec khi \u1ea5y qu\u1ea3 s\u1ea5u \u0111\u1ee7 gi\u00e0 \u0111\u1ec3 c\u00f3 th\u1ec3 gi\u1eef \u0111\u01b0\u1ee3c s\u1ea5u l\u00e2u h\u01a1n v\u00e0 c\u0169ng l\u00e0 l\u00fac s\u1ea3n ph\u1ea9m s\u1ea5u \u0111\u01b0\u1ee3c s\u1eed d\u1ee5ng v\u00e0o nhi\u1ec1u m\u1ee5c \u0111\u00edch nh\u1ea5t. M\u00f9a s\u1ea5u th\u01b0\u1eddng k\u00e9o d\u00e0i kho\u1ea3ng 2-3 th\u00e1ng (t\u1eeb th\u00e1ng 6 \u0111\u1ebfn th\u00e1ng 9 h\u00e0ng n\u0103m).<\/p>\n<p>&gt; M\u00f9a s\u1ea5u trong n\u0103m th\u01b0\u1eddng kh\u00e1 ng\u1eafn\u00a0nh\u01b0ng nhu c\u1ea7u s\u1eed d\u1ee5ng s\u1ea5u quanh n\u0103m l\u1ea1i lu\u00f4n hi\u1ec7n h\u1eefu. T\u1eeb khi c\u00f2n non, qu\u1ea3 s\u1ea5u \u0111\u00e3 c\u00f3 m\u00e0u xanh l\u00e1 c\u00e2y r\u1ea5t \u0111\u1eb7c tr\u01b0ng, v\u1ecb r\u1ea5t chua. Qu\u1ea3 s\u1ea5u ch\u00edn c\u00f3 m\u00e0u v\u00e0ng, v\u1ecb chua v\u00e0 ng\u1ecdt l\u00e0m r\u1ea5t nhi\u1ec1u ng\u01b0\u1eddi nh\u1edb, ch\u1ec9 ngh\u0129 \u0111\u1ebfn th\u00f4i \u0111\u00e3 ch\u1ea3y n\u01b0\u1edbc mi\u1ebfng r\u1ed3i. S\u1ea5u ch\u00edn l\u00e0 m\u00f3n \u0111\u1eb7c s\u1ea3n c\u1ee7a H\u00e0 N\u1ed9i r\u1ea5t ri\u00eang. B\u1ea1n nh\u00ecn h\u00ecnh d\u01b0\u1edbi \u0111\u00e2y, ph\u1ea7n v\u1ecf m\u1ecfng, m\u1ec1m v\u00e0 ph\u1ea7n c\u00f9i d\u00e0y n\u00ean r\u1ea5t chua. M\u1ed9t n\u1ed3i canh rau mu\u1ed1n ch\u1ec9 c\u1ea7n d\u00f9ng 3 \u2013 4 qu\u1ea3 l\u00e0 \u0111\u00e3 r\u1ea5t ngon r\u1ed3i.<\/p>\n<h2><img loading=\"lazy\" decoding=\"async\" class=\"wp-image-32532 aligncenter\" src=\"https:\/\/havamall.vn\/wp-content\/uploads\/2025\/03\/qua-sau-2-766-300x225.jpg\" alt=\"\" width=\"952\" height=\"714\" \/><\/h2>\n<h2><strong>C\u00f4ng d\u1ee5ng c\u1ee7a qu\u1ea3 s\u1ea5u<\/strong><\/h2>\n<p>&#8211; Tr\u1ecb nhi\u1ec7t mi\u1ec7ng, h\u00e1o kh\u00e1t, ng\u1ee9a c\u1ed5, \u0111au h\u1ecdng<\/p>\n<p>&#8211; Tr\u1ecb n\u00f4n ngh\u00e9n cho ph\u1ee5 n\u1eef mang thai<\/p>\n<p>&#8211; Ch\u1eefa ho<\/p>\n<p>&#8211; T\u0103ng c\u01b0\u1eddng ti\u00eau h\u00f3a<\/p>\n<p>&#8211; Ch\u1eefa say r\u01b0\u1ee3u<\/p>\n<p>&#8211; Tr\u1ecb m\u1ee5n nh\u1ecdt, l\u1edf ng\u1ee9a<\/p>\n<p>&#8211; M\u00f3n \u0103n v\u1edbi qu\u1ea3 s\u1ea5u c\u00f3 t\u00e1c d\u1ee5ng thanh nhi\u1ec7t gi\u1ea3i kh\u00e1t<\/p>\n<h2><img loading=\"lazy\" decoding=\"async\" class=\"wp-image-32533 aligncenter\" src=\"https:\/\/havamall.vn\/wp-content\/uploads\/2025\/03\/1_maxresdefault-300x169.jpg\" alt=\"\" width=\"950\" height=\"535\" \/><\/h2>\n<h2><span id=\"Huong_dan_cach_chon_sau_ngon\" class=\"ez-toc-section\"><\/span><strong>H\u01b0\u1edbng d\u1eabn c\u00e1ch ch\u1ecdn s\u1ea5u ngon<\/strong><\/h2>\n<p>Nh\u01b0 \u0111\u00e3 tr\u00ecnh b\u00e0y \u1edf tr\u00ean, ch\u1ecdn s\u1ea5u b\u00e1nh t\u1ebb l\u00e0 ngon v\u00e0 chua nh\u1ea5t. Ph\u1ea7n th\u1ecbt qu\u1ea3 nhi\u1ec1u, v\u1ecf m\u1ecfng v\u00e0 kh\u00f4ng b\u1ecb c\u1ee9ng. Khi qu\u1ea3 s\u1ea5u gi\u00e0, ph\u1ea7n v\u1ecf c\u1ee9ng s\u1ebd b\u1ecb ch\u00e1t, c\u1ea1o v\u1ecf \u0111i c\u0169ng m\u1ea5t t\u1ef7 l\u1ec7 nhi\u1ec1u h\u01a1n. N\u1ebfu ch\u01b0a c\u00f3 nhi\u1ec1u kinh nghi\u1ec7m, b\u1ea1n n\u00ean ch\u1ecdn mua s\u1ea5u v\u00e0o ch\u00ednh v\u1ee5 \u0111\u1ec3 b\u1ea3o qu\u1ea3n d\u1ea7n \u0103n c\u1ea3 n\u0103m.<\/p>\n<h2><strong>H\u01b0\u1edbng d\u1eabn s\u1eed d\u1ee5ng<\/strong><\/h2>\n<p>&gt; S\u1ea5u t\u01b0\u01a1i \u0111\u00f4ng l\u1ea1nh c\u00f3 th\u1ec3 n\u1ea5u \u0111\u01b0\u1ee3c c\u00e1c m\u00f3n \u0103n gi\u1ea3i nhi\u1ec7t, d\u00e2n d\u00e3 nh\u01b0ng kh\u00f4ng th\u1ec3 n\u00e0o qu\u00ean nh\u01b0 canh s\u1ea5u rau mu\u1ed1ng, canh s\u1ea5u s\u01b0\u1eddn non, v\u1ecbt om s\u1ea5u, ho\u1eb7c c\u00e1c m\u00f3n gi\u1ea3i kh\u00e1t nh\u01b0 s\u1ea5u ng\u00e2m \u0111\u01b0\u1eddng\u2026Ch\u1ec9 ngh\u0129 \u0111\u1ebfn th\u00f4i c\u0169ng l\u00e0m cho nh\u1eefng ng\u01b0\u1eddi sinh ra v\u00e0 l\u1edbn l\u00ean c\u00f3 tu\u1ed5i th\u01a1 \u1edf B\u1eafc c\u0169ng ph\u1ea3i ph\u00e1t th\u00e8m.<\/p>\n<p><strong>&gt; S\u1ea5u \u0111\u00f4ng l\u1ea1nh<\/strong>\u00a0b\u1ecf v\u00e0o n\u01b0\u1edbc ng\u00e2m v\u00e0i ph\u00fat cho tan \u0111\u00e1, sau \u0111\u00f3 ch\u1ebf bi\u1ebfn c\u00e1c m\u00f3n b\u1ea1n th\u00edch nh\u01b0 v\u1ecbt om s\u1ea5u, canh s\u1ea5u s\u01b0\u1eddn non, th\u1ecbt b\u1eb1m, canh rau mu\u1ed1ng, d\u1ec1n\u2026<\/p>","protected":false},"excerpt":{"rendered":"<p>TH\u00d4NG TIN CHUNG Th\u01b0\u01a1ng hi\u1ec7u Havafoodies Xu\u1ea5t x\u1ee9 Vi\u1ec7t Nam Th\u00e0nh ph\u1ea7n 100% qu\u1ea3 s\u1ea5u \u0111\u00f4ng l\u1ea1nh H\u1ea1n s\u1eed d\u1ee5ng<\/p>","protected":false},"featured_media":32528,"comment_status":"open","ping_status":"closed","template":"","meta":[],"product_brand":[],"product_cat":[677,678,36],"product_tag":[],"class_list":{"0":"post-32527","1":"product","2":"type-product","3":"status-publish","4":"has-post-thumbnail","6":"product_cat-cac-nuoc-khac","7":"product_cat-trai-cay-dong-lanh","8":"product_cat-thuc-pham-tieu-dung","10":"first","11":"instock","12":"sale","13":"shipping-taxable","14":"purchasable","15":"product-type-simple"},"_links":{"self":[{"href":"https:\/\/havamall.vn\/en\/wp-json\/wp\/v2\/product\/32527"}],"collection":[{"href":"https:\/\/havamall.vn\/en\/wp-json\/wp\/v2\/product"}],"about":[{"href":"https:\/\/havamall.vn\/en\/wp-json\/wp\/v2\/types\/product"}],"replies":[{"embeddable":true,"href":"https:\/\/havamall.vn\/en\/wp-json\/wp\/v2\/comments?post=32527"}],"version-history":[{"count":0,"href":"https:\/\/havamall.vn\/en\/wp-json\/wp\/v2\/product\/32527\/revisions"}],"wp:featuredmedia":[{"embeddable":true,"href":"https:\/\/havamall.vn\/en\/wp-json\/wp\/v2\/media\/32528"}],"wp:attachment":[{"href":"https:\/\/havamall.vn\/en\/wp-json\/wp\/v2\/media?parent=32527"}],"wp:term":[{"taxonomy":"product_brand","embeddable":true,"href":"https:\/\/havamall.vn\/en\/wp-json\/wp\/v2\/product_brand?post=32527"},{"taxonomy":"product_cat","embeddable":true,"href":"https:\/\/havamall.vn\/en\/wp-json\/wp\/v2\/product_cat?post=32527"},{"taxonomy":"product_tag","embeddable":true,"href":"https:\/\/havamall.vn\/en\/wp-json\/wp\/v2\/product_tag?post=32527"}],"curies":[{"name":"wp","href":"https:\/\/api.w.org\/{rel}","templated":true}]}}