{"id":32489,"date":"2023-09-26T16:16:00","date_gmt":"2023-09-26T09:16:00","guid":{"rendered":"https:\/\/havamall.vn\/?post_type=product&#038;p=32489"},"modified":"2023-09-26T16:16:01","modified_gmt":"2023-09-26T09:16:01","slug":"guong-soi-dung-hinh-chu-nhat-uncle-bills","status":"publish","type":"product","link":"https:\/\/havamall.vn\/en\/shop\/guong-soi-dung-hinh-chu-nhat-uncle-bills\/","title":{"rendered":"G\u01b0\u01a1ng Soi \u0110\u1ee9ng H\u00ecnh Ch\u1eef Nh\u1eadt Uncle Bills"},"content":{"rendered":"<h2><\/h2>\n<h2><strong>TH\u00d4NG TIN TH\u01af\u01a0NG HI\u1ec6U<\/strong><\/h2>\n<p>Uncle Bills (UBL) cung c\u1ea5p h\u01a1n 1800 s\u1ea3n ph\u1ea9m ti\u00eau d\u00f9ng phi th\u01b0\u0323c ph\u00e2\u0309m h\u00e2\u0301p d\u00e2\u0303n, ti\u00ea\u0323n i\u0301ch, gia\u0301 ph\u1ea3i ch\u0103ng. S\u1ea3n ph\u1ea9m bao g\u1ed3m nhi\u1ec1u lo\u1ea1i ha\u0300ng ho\u0301a kh\u00e1c nhau, t\u1eeb \u0111\u1ed3 du\u0300ng nh\u00e0 b\u1ebfp, ch\u0103m s\u00f3c c\u00e1 nh\u00e2n, l\u00e0m s\u1ea1ch nha\u0300 c\u01b0\u0309a, \u0111\u00f4\u0300 l\u01b0u tr\u1eef, ca\u0301c loa\u0323i du\u0323ng cu\u0323, v\u00e2\u0323t du\u0323ng ngo\u00e0i tr\u1eddi v\u00e0 ca\u0309 cho tr\u1ebb em. UBL Lu\u00f4n lu\u00f4n c\u00e2\u0323p nh\u00e2\u0323t ca\u0301c sa\u0309n ph\u00e2\u0309m m\u01a1\u0301i.<\/p>\n<p>S\u1ea3n ph\u1ea9m UBL \u0111\u01b0\u1ee3c s\u1ea3n xu\u1ea5t theo ti\u00eau chu\u1ea9n ch\u1ea5t l\u01b0\u1ee3ng nghi\u00eam ng\u1eb7t c\u1ee7a UBL Hongkong v\u00e0 b\u00e1n t\u1ea1i h\u01a1n 50 qu\u1ed1c gia v\u01a1\u0301i h\u01a1n 10.000 c\u1eeda h\u00e0ng, bao g\u1ed3m ch\u00e2u \u00c2u, \u00dac, Ch\u00e2u \u00c1, Ch\u00e2u Phi. S\u1ee9 m\u1ec7nh c\u1ee7a UBL l\u00e0 cung c\u1ea5p nh\u1eefng s\u1ea3n ph\u1ea9m ti\u1ec7n \u00edch v\u00e0 h\u1ea5p d\u1eabn cho ng\u00f4i nh\u00e0 hi\u1ec7n \u0111\u1ea1i c\u1ee7a ng\u01b0\u1eddi Vi\u1ec7t Nam.<\/p>\n<p><img fetchpriority=\"high\" decoding=\"async\" class=\"aligncenter\" src=\"https:\/\/cf.shopee.vn\/file\/f6797de1ee745a2dc0d45cb02727d617\" alt=\"T\u00fai \u0110\u1ef1ng R\u00e1c Th\u00fa C\u01b0ng T\u1ef1 Ph\u00e2n H\u1ee7y Uncle Bills PA3372 | Shopee Vi\u1ec7t Nam\" width=\"631\" height=\"631\" \/><\/p>\n<p>G\u01b0\u01a1ng \u0111\u1ec3 b\u00e0n \u0111\u01b0\u1ee3c thi\u1ebft k\u1ebf m\u1eb7t k\u00ednh \u0111\u1eb9p m\u1eaft v\u1edbi k\u00edch th\u01b0\u1edbc nh\u1ecf xinh, v\u00f4 c\u00f9ng ti\u1ec7n d\u1ee5ng, d\u1ec5 di chuy\u1ec3n, d\u1ec5 s\u1eafp \u0111\u1eb7t. G\u01b0\u01a1ng c\u00f3 ph\u1ea7n khung l\u00e0m b\u1eb1ng ch\u1ea5t li\u1ec7u g\u1ed7 cao c\u1ea5p b\u1ec1n b\u1ec9, c\u1ee9ng c\u00e1p, kh\u00f4ng cong v\u00eanh hay h\u01b0 h\u1ecfng trong qu\u00e1 tr\u00ecnh s\u1eed d\u1ee5ng.<\/p>\n<p><img decoding=\"async\" class=\"wp-image-32490 aligncenter\" src=\"https:\/\/havamall.vn\/wp-content\/uploads\/2023\/09\/5272280a3e94b3345c6615eee699de92-300x300.png\" alt=\"\" width=\"630\" height=\"630\" srcset=\"https:\/\/havamall.vn\/wp-content\/uploads\/2023\/09\/5272280a3e94b3345c6615eee699de92-300x300.png 300w, https:\/\/havamall.vn\/wp-content\/uploads\/2023\/09\/5272280a3e94b3345c6615eee699de92-600x600.png 600w, https:\/\/havamall.vn\/wp-content\/uploads\/2023\/09\/5272280a3e94b3345c6615eee699de92-150x150.png 150w, https:\/\/havamall.vn\/wp-content\/uploads\/2023\/09\/5272280a3e94b3345c6615eee699de92-768x768.png 768w, https:\/\/havamall.vn\/wp-content\/uploads\/2023\/09\/5272280a3e94b3345c6615eee699de92-100x100.png 100w, https:\/\/havamall.vn\/wp-content\/uploads\/2023\/09\/5272280a3e94b3345c6615eee699de92.png 900w\" sizes=\"(max-width: 630px) 100vw, 630px\" \/><\/p>\n<p>\u0110\u1eb7c bi\u1ec7t ph\u00f9 h\u1ee3p v\u1edbi c\u1ea3 nh\u1eefng c\u00f4 n\u00e0ng m\u1edbi t\u1eadp t\u00e0nh l\u00e0m \u0111\u1eb9p b\u1edfi b\u1ea1n c\u00f3 th\u1ec3 thay \u0111\u1ed5i \u0111\u1ed9 nghi\u00eang c\u1ee7a m\u1eb7t g\u01b0\u01a1ng 1 c\u00e1ch d\u1ec5 d\u00e0ng \u0111\u1ec3 c\u00f3 th\u1ec3 trang \u0111i\u1ec3m nh\u1eefng chi ti\u1ebft c\u1ea7n s\u1ef1 t\u1ec9 m\u1ec9, kh\u00e9o l\u00e9o.<\/p>\n<p>Kh\u00f4ng c\u1ea7n qu\u00e1 c\u1ea7u k\u00ec, s\u1ef1 \u0111\u01a1n gi\u1ea3n c\u1ee7a m\u1eabu g\u01b0\u01a1ng trang \u0111i\u1ec3m n\u00e0y mang \u0111\u1ebfn cho b\u00e0n trang \u0111i\u1ec3m c\u1ee7a b\u1ea1n 1 t\u1ed5ng th\u1ec3 h\u00e0i h\u00f2a, \u0111\u1eb9p m\u1eaft. G\u01b0\u01a1ng g\u1ed7 \u0111\u1ec3 b\u00e0n cao c\u1ea5p xinh x\u1eafn s\u1ebd ho\u00e0n h\u1ea3o d\u00f9ng \u0111\u1ec3 decor c\u0103n ph\u00f2ng c\u1ee7a m\u00ecnh.<\/p>\n<h2>\u00a0<strong>TH\u00d4NG TIN S\u1ea2N PH\u1ea8M<\/strong><\/h2>\n<p>&#8211; K\u00edch th\u01b0\u1edbc: 18x23cm<\/p>\n<p>&#8211; Ch\u1ea5t li\u1ec7u: Khung b\u1eb1ng nh\u1ef1a<\/p>\n<p>&#8211; M\u00e0u s\u1eafc: vi\u1ec1n tr\u1eafng v\u00e0 \u0111en<\/p>\n<p>&#8211; Xu\u1ea5t x\u1ee9: Trung Qu\u1ed1c.<\/p>\n<p>&#8211; H\u00ecnh d\u00e1ng: h\u00ecnh ch\u1eef nh\u1eadt<\/p>\n<p><img decoding=\"async\" class=\"wp-image-32491 aligncenter\" src=\"https:\/\/havamall.vn\/wp-content\/uploads\/2023\/09\/8e4205a14f1d71c3a18f6e78c3ce151b-300x300.jpeg\" alt=\"\" width=\"606\" height=\"606\" srcset=\"https:\/\/havamall.vn\/wp-content\/uploads\/2023\/09\/8e4205a14f1d71c3a18f6e78c3ce151b-300x300.jpeg 300w, https:\/\/havamall.vn\/wp-content\/uploads\/2023\/09\/8e4205a14f1d71c3a18f6e78c3ce151b-600x600.jpeg 600w, https:\/\/havamall.vn\/wp-content\/uploads\/2023\/09\/8e4205a14f1d71c3a18f6e78c3ce151b-1200x1200.jpeg 1200w, https:\/\/havamall.vn\/wp-content\/uploads\/2023\/09\/8e4205a14f1d71c3a18f6e78c3ce151b-150x150.jpeg 150w, https:\/\/havamall.vn\/wp-content\/uploads\/2023\/09\/8e4205a14f1d71c3a18f6e78c3ce151b-768x768.jpeg 768w, https:\/\/havamall.vn\/wp-content\/uploads\/2023\/09\/8e4205a14f1d71c3a18f6e78c3ce151b-1024x1024.jpeg 1024w, https:\/\/havamall.vn\/wp-content\/uploads\/2023\/09\/8e4205a14f1d71c3a18f6e78c3ce151b-100x100.jpeg 100w, https:\/\/havamall.vn\/wp-content\/uploads\/2023\/09\/8e4205a14f1d71c3a18f6e78c3ce151b.jpeg 1280w\" sizes=\"(max-width: 606px) 100vw, 606px\" \/><\/p>\n<h2><strong>\u0110\u1eb6C \u0110I\u1ec2M S\u1ea2N PH\u1ea8M<\/strong><\/h2>\n<p>&#8211; Khung g\u01b0\u01a1ng v\u1eeba v\u1eb7n, thanh t\u1ef1a g\u01b0\u01a1ng ch\u1eafc ch\u1eafn, d\u1ec5 \u0111i\u1ec1u ch\u1ec9nh g\u00f3c \u0111\u1ed9<\/p>\n<p>&#8211;\u00a0<strong>G\u01b0\u01a1ng s\u00e1ng, thi\u1ebft k\u1ebf g\u1ecdn nh\u1eb9<\/strong>, ti\u1ec7n mang \u0111i du l\u1ecbch, c\u1eafm tr\u1ea1i.<\/p>\n<p>&#8211; D\u1ec5 d\u00e0ng v\u1ec7 sinh g\u01b0\u01a1ng khi b\u1ecb b\u00e1m b\u1ee5i ho\u1eb7c v\u1ea5y b\u1ea9n.<\/p>\n<p><img loading=\"lazy\" decoding=\"async\" class=\"wp-image-32492 aligncenter\" src=\"https:\/\/havamall.vn\/wp-content\/uploads\/2023\/09\/3bc8713f8eb69b670d087-300x300.jpg\" alt=\"\" width=\"624\" height=\"624\" srcset=\"https:\/\/havamall.vn\/wp-content\/uploads\/2023\/09\/3bc8713f8eb69b670d087-300x300.jpg 300w, https:\/\/havamall.vn\/wp-content\/uploads\/2023\/09\/3bc8713f8eb69b670d087-600x600.jpg 600w, https:\/\/havamall.vn\/wp-content\/uploads\/2023\/09\/3bc8713f8eb69b670d087-150x150.jpg 150w, https:\/\/havamall.vn\/wp-content\/uploads\/2023\/09\/3bc8713f8eb69b670d087-100x100.jpg 100w, https:\/\/havamall.vn\/wp-content\/uploads\/2023\/09\/3bc8713f8eb69b670d087.jpg 762w\" sizes=\"(max-width: 624px) 100vw, 624px\" \/><\/p>\n<h2><strong>C\u00d4NG D\u1ee4NG C\u1ee6A G\u01af\u01a0NG SOI \u0110\u1ee8NG H\u00ccNH CH\u1eee NH\u1eacT UNCLE BILLS BH0801:<\/strong><\/h2>\n<p>&#8211; G\u01b0\u01a1ng c\u00f3 th\u1ec3 coi l\u00e0 v\u1eadt d\u1ee5ng kh\u00f4ng th\u1ec3 thi\u1ebfu trong m\u1ed7i ng\u00f4i nh\u00e0, v\u1eeba gi\u00fap t\u0103ng \u00e1nh s\u00e1ng, \u0111\u00f4i khi c\u00f2n t\u1ea1o c\u1ea3m gi\u00e1c di\u1ec7n t\u00edch ng\u1ed3i nh\u00e0 l\u1edbn h\u01a1n.<\/p>\n<p>&#8211; G\u01b0\u01a1ng c\u00f2n mang l\u1ea1i phong th\u1ee7y t\u00edch c\u1ef1c cho nh\u00e0 c\u1ee7a b\u1ea1n<\/p>\n<p>&#8211; B\u1ec1 m\u1eb7t \u0111\u01b0\u1ee3c l\u00e0m ph\u1eb3ng, ch\u1ea5t li\u1ec7u t\u1ed1t, c\u1ef1c k\u00ec b\u1ec1n c\u00f3 th\u1ec3 d\u00f9ng khi trang \u0111i\u1ec3m v\u1edbi ch\u1ecb em, c\u1ea1o r\u00e2u \u0111\u1ed1i c\u00e1c \u0111\u00e0n \u00f4ng.<\/p>\n<p>&#8211; G\u01b0\u01a1ng gi\u00fap cho ch\u00fang ta l\u00e0m \u0111\u1eb9p, ho\u1eb7c ch\u1ec9 \u0111\u01a1n gi\u1ea3n l\u00e0 t\u1ea1o \u0111i\u1ec3m nh\u1ea5n cho ng\u00f4i nh\u00e0 c\u1ee7a b\u1ea1n.<\/p>","protected":false},"excerpt":{"rendered":"<p>TH\u00d4NG TIN TH\u01af\u01a0NG HI\u1ec6U Uncle Bills (UBL) cung c\u1ea5p h\u01a1n 1800 s\u1ea3n ph\u1ea9m ti\u00eau d\u00f9ng phi th\u01b0\u0323c ph\u00e2\u0309m h\u00e2\u0301p d\u00e2\u0303n,<\/p>","protected":false},"featured_media":32493,"comment_status":"open","ping_status":"closed","template":"","meta":[],"product_brand":[],"product_cat":[35],"product_tag":[],"class_list":{"0":"post-32489","1":"product","2":"type-product","3":"status-publish","4":"has-post-thumbnail","6":"product_cat-nha-cua-doi-song","7":"pa_brand-uncle-bills","9":"first","10":"instock","11":"sale","12":"shipping-taxable","13":"purchasable","14":"product-type-simple"},"_links":{"self":[{"href":"https:\/\/havamall.vn\/en\/wp-json\/wp\/v2\/product\/32489"}],"collection":[{"href":"https:\/\/havamall.vn\/en\/wp-json\/wp\/v2\/product"}],"about":[{"href":"https:\/\/havamall.vn\/en\/wp-json\/wp\/v2\/types\/product"}],"replies":[{"embeddable":true,"href":"https:\/\/havamall.vn\/en\/wp-json\/wp\/v2\/comments?post=32489"}],"version-history":[{"count":0,"href":"https:\/\/havamall.vn\/en\/wp-json\/wp\/v2\/product\/32489\/revisions"}],"wp:featuredmedia":[{"embeddable":true,"href":"https:\/\/havamall.vn\/en\/wp-json\/wp\/v2\/media\/32493"}],"wp:attachment":[{"href":"https:\/\/havamall.vn\/en\/wp-json\/wp\/v2\/media?parent=32489"}],"wp:term":[{"taxonomy":"product_brand","embeddable":true,"href":"https:\/\/havamall.vn\/en\/wp-json\/wp\/v2\/product_brand?post=32489"},{"taxonomy":"product_cat","embeddable":true,"href":"https:\/\/havamall.vn\/en\/wp-json\/wp\/v2\/product_cat?post=32489"},{"taxonomy":"product_tag","embeddable":true,"href":"https:\/\/havamall.vn\/en\/wp-json\/wp\/v2\/product_tag?post=32489"}],"curies":[{"name":"wp","href":"https:\/\/api.w.org\/{rel}","templated":true}]}}