{"id":32449,"date":"2023-09-14T17:25:20","date_gmt":"2023-09-14T10:25:20","guid":{"rendered":"https:\/\/havamall.vn\/?post_type=product&#038;p=32449"},"modified":"2025-03-19T10:26:03","modified_gmt":"2025-03-19T03:26:03","slug":"vem-xanh-tach-nua-vo-dong-lanh-nelson-hop-1kg-new-zealand-greenshell-whole-cooked-mussels","status":"publish","type":"product","link":"https:\/\/havamall.vn\/en\/shop\/vem-xanh-tach-nua-vo-dong-lanh-nelson-hop-1kg-new-zealand-greenshell-whole-cooked-mussels\/","title":{"rendered":"V\u1eb9m Xanh T\u00e1ch N\u1eeda V\u1ecf \u0110\u00f4ng L\u1ea1nh Nelson H\u1ed9p 1kg &#8211; New Zealand Greenshell Whole Cooked Mussels"},"content":{"rendered":"<h2><strong>TH\u00d4NG TIN CHUNG<\/strong><\/h2>\n<table width=\"1130\">\n<tbody>\n<tr>\n<td>Th\u01b0\u01a1ng hi\u1ec7u<\/td>\n<td>\n<p class=\"product_title entry-title\">Nelson<\/p>\n<\/td>\n<\/tr>\n<tr>\n<td>Xu\u1ea5t x\u1ee9<\/td>\n<td>New Zealand<\/td>\n<\/tr>\n<tr>\n<td>M\u00f3n ngon<\/td>\n<td>h\u1ea5p s\u1ea3, h\u1ea5p th\u00e1i, n\u01b0\u1edbng phomai, n\u1ea5u l\u1ea9u,..<\/td>\n<\/tr>\n<tr>\n<td>H\u1ea1n s\u1eed d\u1ee5ng<\/td>\n<td>24 th\u00e1ng k\u1ec3 t\u1eeb ng\u00e0y s\u1ea3n xu\u1ea5t,<\/td>\n<\/tr>\n<tr>\n<td>T\u00ecnh tr\u1ea1ng<\/td>\n<td>\u0110\u00f4ng l\u1ea1nh<\/td>\n<\/tr>\n<tr>\n<td>Quy c\u00e1ch<\/td>\n<td>H\u1ed9p 1kg, size 30-40 con\/kg<\/td>\n<\/tr>\n<\/tbody>\n<\/table>\n<p>V\u1eb9m xanh New Zealand l\u00e0 lo\u1ea1i h\u1ea3i s\u1ea3n \u0111\u1eb7c tr\u01b0ng c\u1ee7a v\u00f9ng bi\u1ec3n New Zealand. V\u1eb9m xanh \u0111\u01b0\u1ee3c thu ho\u1ea1ch t\u1eeb v\u00f9ng bi\u1ec3n s\u1ea1ch, kh\u00f4ng b\u1ecb \u00f4 nhi\u1ec5m v\u00e0 tu\u00e2n th\u1ee7 c\u00e1c quy tr\u00ecnh v\u1ec7 sinh an to\u00e0n th\u1ef1c ph\u1ea9m nghi\u00eam ng\u1eb7t h\u00e0ng \u0111\u1ea7u th\u1ebf gi\u1edbi, ng\u01b0\u1eddi ti\u00eau d\u00f9ng c\u00f3 th\u1ec3 y\u00ean t\u00e2m v\u1ec1 ch\u1ea5t l\u01b0\u1ee3ng s\u1ea3n ph\u1ea9m.<\/p>\n<p class=\"_d97\"><span class=\"_5yl5\">V\u1eb9m xanh New Zealand gi\u00e0u dinh d\u01b0\u1ee1ng, h\u00e0m l\u01b0\u1ee3ng ch\u1ea5t s\u1eaft cao, protein\u00a0r\u1ea5t c\u1ea7n thi\u1ebft; b\u00ean c\u1ea1nh l\u01b0\u1ee3ng ch\u1ea5t b\u00e9o, calories v\u00e0 cholesterol r\u1ea5t th\u1ea5p. V\u1eb9m xanh r\u1ea5t t\u1ed1t cho ng\u01b0\u1eddi l\u1edbn tu\u1ed5i c\u1ea3i thi\u1ec7n \u0111\u01b0\u1ee3c v\u1ea5n \u0111\u1ec1 kh\u1edbp.<\/span><\/p>\n<p><img fetchpriority=\"high\" decoding=\"async\" class=\"wp-image-25975 aligncenter\" src=\"https:\/\/havamall.vn\/wp-content\/uploads\/2025\/03\/cac-mon-an-tu-vem-xanh-300x237.png\" alt=\"\" width=\"795\" height=\"628\" \/><\/p>\n<p class=\"_d97\"><span class=\"_5yl5\">Sau khi \u0111\u01b0\u1ee3c \u0111\u00e1nh b\u1eaft v\u00e0 thu ho\u1ea1ch theo quy tr\u00ecnh chu\u1ea9n nghi\u00eam ng\u1eb7t, v\u1eb9m \u0111\u01b0\u1ee3c \u0111\u01b0a v\u00e0o d\u00e2y chuy\u1ec1n t\u00e1ch v\u1ecf, h\u1ea5p v\u00e0 c\u1ea5p \u0111\u00f4ng ngay l\u1eadp t\u1ee9c \u0111\u1ec3 ch\u00fang c\u00f3 th\u1ec3 gi\u1eef \u0111\u01b0\u1ee3c v\u1ecb th\u1ecbt t\u01b0\u01a1i ngon. \u0110\u01b0\u1ee3c ki\u1ec3m so\u00e1t t\u1ed1t trong t\u1ea5t c\u1ea3 c\u00e1c kh\u00e2u ki\u1ec3m so\u00e1t\u00a0ch\u1ea5t l\u01b0\u1ee3ng t\u1ed1t nh\u1ea5t khi giao t\u1eadn tay cho ng\u01b0\u1eddi ti\u00eau d\u00f9ng.\u00a0<\/span><\/p>\n<p><strong>V\u1eb9m xanh NewZealand\u00a0<\/strong>do \u0111\u00e3 \u0111\u01b0\u1ee3c h\u1ea5p s\u01a1, b\u1ea3n th\u00e2n l\u1ea1i r\u1ea5t nhi\u1ec1u th\u1ecbt n\u00ean h\u1ea1n ch\u1ebf \u0111\u01b0\u1ee3c v\u1ea5n \u0111\u1ec1 s\u1ea3n ph\u1ea9m b\u1ecb teo khi ch\u1ebf bi\u1ebfn, r\u1ea5t \u0111\u1eb9p m\u1eaft khi ch\u1ebf bi\u1ebfn l\u1ea1i c\u00f3 th\u1ec3 th\u1ea3 ga th\u01b0\u1edfng th\u1ee9c.<\/p>\n<h2><strong>Gi\u00e1 tr\u1ecb dinh d\u01b0\u1ee1ng c\u1ee7a v\u1eb9m xanh New Zealand<\/strong><\/h2>\n<ul>\n<li>H\u00e0m l\u01b0\u1ee3ng ch\u1ea5t s\u1eaft, Protein v\u00e0 c\u00e1c Axit b\u00e9o Omega-3 cao.<\/li>\n<li>H\u00e0m l\u01b0\u1ee3ng ch\u1ea5t b\u00e9o, Calories v\u00e0 Cholesterol r\u1ea5t th\u1ea5p n\u00ean th\u00edch h\u1ee3p v\u1edbi nhi\u1ec1u ch\u1ebf \u0111\u1ed9 \u0103n ki\u00eang, ph\u00f9 h\u1ee3p v\u1edbi m\u1ecdi l\u1ee9a tu\u1ed5i.<\/li>\n<li>Lo\u1ea1i\u00a0h\u1ea3i s\u1ea3n nh\u1eadp kh\u1ea9u\u00a0t\u1eeb New Zealand n\u00e0y \u0111\u01b0\u1ee3c ch\u1ee9ng minh ch\u1ee9a nhi\u1ec1u th\u00e0nh ph\u1ea7n ch\u1ea5t ch\u1ed1ng vi\u00eam,\u00a0ch\u1ea5t kho\u00e1ng v\u00e0 c\u00e1c vitamin. C\u00e1c m\u00f3n \u0103n gi\u00fap c\u1ea3i thi\u1ec7n s\u1ee9c \u0111\u1ec1 kh\u00e1ng, ch\u1ee9a nhi\u1ec1u \u0111\u1ea1m cho tr\u1ebb v\u00e0 b\u1ec7nh lo\u00e3ng x\u01b0\u01a1ng \u1edf ng\u01b0\u1eddi gi\u00e0\u2026<\/li>\n<\/ul>\n<h3><img decoding=\"async\" class=\"wp-image-25977 aligncenter\" src=\"https:\/\/havamall.vn\/wp-content\/uploads\/2025\/03\/green-mussels-with-tomato-sauce-520222-300x225.png\" alt=\"\" width=\"815\" height=\"613\" \/><\/h3>\n<h3><strong>H\u01b0\u1edbng d\u1eabn m\u1ed9t s\u1ed1 m\u00f3n ngon l\u00e0m t\u1eeb v\u1eb9m xanh:<\/strong><\/h3>\n<h5><em><strong>V\u1eb9m xanh x\u00e0o b\u01a1 t\u1ecfi:<\/strong><\/em><\/h5>\n<p>Nguy\u00ean li\u1ec7u:\u00a0v\u1eb9m t\u01b0\u01a1i kho\u1ea3ng 500gr, b\u01a1 \u0111\u1ed9ng v\u1eadt, mu\u1ed1i, \u0111\u01b0\u1eddng, t\u1ecfi, ti\u00eau.<\/p>\n<p>C\u00e1ch l\u00e0m:<\/p>\n<p>&gt; V\u1eb9m mang v\u1ec1 s\u1eeda s\u1ea1ch, lo\u1ea1i b\u1ecf v\u1ecf, b\u00f3c t\u1ecfi b\u0103m nguy\u1ec5n.<\/p>\n<p>&gt; B\u1eafc ch\u1ea3o l\u00ean, \u0111\u1ec3 l\u1eeda nh\u1ecf cho tan ch\u1ea3y r\u1ed3i cho t\u1ecfi v\u00e0o \u0111\u1ea3o \u0111\u1ec1u, cho th\u00eam 1 \u00edt mu\u1ed1i v\u00e0 \u0111\u01b0\u1eddng v\u00e0o, \u0111\u1ea3o \u0111\u1ec1u kho\u1ea3ng 30 gi\u00e2y.<\/p>\n<p>&gt; Cho v\u1eb9m \u0111\u00e3 r\u1eeda s\u1ea1ch v\u00e0o ch\u1ea3o, \u0111\u1ea3o \u0111\u1ec1u tay, sau khi v\u1eb9m \u0111\u00e3 m\u1edf mi\u1ec7ng l\u1edbn th\u00ec cho th\u00eam ti\u00eau v\u00e0o. \u0110\u1eady v\u1ee5ng l\u1ea1i kho\u1ea3ng 3 ph\u00fat cho v\u1eb9m ch\u00edn \u0111\u1ec1u.<\/p>\n<h5><img decoding=\"async\" class=\"wp-image-25979 aligncenter\" src=\"https:\/\/havamall.vn\/wp-content\/uploads\/2025\/03\/1.-300x200.jpg\" alt=\"\" width=\"815\" height=\"544\" \/><\/h5>\n<h5><em><strong>Pasta v\u1eb9m xanh:<\/strong><\/em><\/h5>\n<p><strong><em>Nguy\u00ean li\u1ec7u:<\/em><\/strong>\u00a01 g\u00f3i m\u1ef3 pasta, 20 con v\u1eb9m xanh, s\u1ed1t c\u00e0 chua, r\u01b0\u1ee3u, d\u1ea7u olive, t\u1ecfi, v\u00e0 h\u00e0nh l\u00e1.<\/p>\n<p><strong><em>C\u00e1ch ch\u1ebf bi\u1ebfn:<\/em><\/strong><\/p>\n<p>&gt; R\u1eeda s\u1ea1ch v\u1eb9m, \u0111\u1ec3 r\u00e1o kh\u00f4, s\u1eafc nh\u1ecf h\u00e0nh l\u00e1, b\u0103m nh\u1ecf t\u1ecfi.<\/p>\n<p>&gt; Lu\u1ed9c m\u1ef3 kho\u1ea3ng 10 ph\u00fat<\/p>\n<p>&gt; Cho d\u1ea7u olive v\u00e0o ch\u1ea3o, sau khi d\u1ea7u g\u1ea7n x\u00f4i cho t\u1ecfi v\u00e0o phi th\u01a1m, sau \u0111\u00f3 cho v\u1eb9m v\u00e0o \u0111\u1ea3o \u0111\u1ec1u, ti\u1ebfp theo cho r\u01b0\u1ee3u v\u00e0o kho\u1ea3ng 2 ph\u00fat sau th\u00ec cho c\u00e0 chua v\u00e0o v\u00e0 n\u00eam n\u1ebfm gia v\u1ecb.<\/p>\n<p>&gt; Ti\u1ebfp theo cho m\u1ef3 \u0111\u00e3 lu\u1ed9t ch\u00edn v\u00e0o ch\u1ea3o d\u1ea7u, \u0111\u1ea3o \u0111\u1ec1u kho\u1ea3ng 1,2 ph\u00fat, sau \u0111\u00f3 r\u1eafc h\u00e0nh l\u00e1 l\u00ean tr\u00ean, v\u00e0 \u0111\u1ed5 ra ch\u1ea3o.<\/p>\n<p><img loading=\"lazy\" decoding=\"async\" class=\"wp-image-25976 aligncenter\" src=\"https:\/\/havamall.vn\/wp-content\/uploads\/2025\/03\/90105742_LXL1_20211006-300x300.png\" alt=\"\" width=\"806\" height=\"806\" \/><\/p>\n<p>B\u1ea1n c\u00f3 th\u1ec3 \u0111\u01b0a th\u1ef1c \u0111\u01a1n, v\u1eb9m v\u00e0o b\u1eefa \u0103n b\u1eb1ng nhi\u1ec1u m\u00f3n kh\u00e1c nhau: n\u1ea5u th\u00ec l\u00e0, h\u1ea5p s\u1ea3 \u1edbt ch\u1ea5m n\u01b0\u1edbc m\u1eafm chua ng\u1ecdt, n\u01b0\u1edbng m\u1ee1 h\u00e0nh, n\u1ea5u ch\u00e1o. C\u0169ng c\u00f3 th\u1ec3 n\u1ea5u n\u1ed3i canh kh\u1ebf ng\u1ecdt m\u00e1t t\u1eeb ngh\u00eau, v\u1eb9m.<\/p>\n<div class=\"woodmart-tab-wrapper\">\n<div id=\"tab-description\" class=\"woocommerce-Tabs-panel woocommerce-Tabs-panel--description panel entry-content wc-tab\">\n<div class=\"wc-tab-inner\">\n<div class=\"\">\n<p><img loading=\"lazy\" decoding=\"async\" class=\"wp-image-25978 aligncenter\" src=\"https:\/\/havamall.vn\/wp-content\/uploads\/2025\/03\/1-Spaghetti-with-300x209.jpg\" alt=\"\" width=\"813\" height=\"568\" \/><\/p>\n<\/div>\n<\/div>\n<\/div>\n<\/div>\n<div class=\"site-content col-sm-12 content-with-products\" role=\"main\">\n<div id=\"product-25968\" class=\"single-product-page single-product-content product-design-default tabs-location-standard tabs-type-tabs meta-location-add_to_cart reviews-location-tabs product-no-bg post-25968 product type-product status-publish has-post-thumbnail product_cat-thuc-pham-dong-lanh product_cat-thuc-pham-tieu-dung first outofstock sale shipping-taxable purchasable product-type-simple\">\n<div class=\"product-tabs-wrapper\">\n<div class=\"container\">\n<div class=\"row\">\n<div class=\"col-sm-12 poduct-tabs-inner\">\n<div class=\"woocommerce-tabs wc-tabs-wrapper tabs-layout-tabs\">\n<div class=\"woodmart-tab-wrapper\">\n<div id=\"tab-description\" class=\"woocommerce-Tabs-panel woocommerce-Tabs-panel--description panel entry-content wc-tab\">\n<div class=\"wc-tab-inner\">\n<div class=\"\"><\/div>\n<\/div>\n<\/div>\n<\/div>\n<div class=\"woodmart-tab-wrapper\"><\/div>\n<\/div>\n<\/div>\n<\/div>\n<\/div>\n<\/div>\n<\/div>\n<\/div>","protected":false},"excerpt":{"rendered":"<p>TH\u00d4NG TIN CHUNG Th\u01b0\u01a1ng hi\u1ec7u Nelson Xu\u1ea5t x\u1ee9 New Zealand M\u00f3n ngon h\u1ea5p s\u1ea3, h\u1ea5p th\u00e1i, n\u01b0\u1edbng phomai, n\u1ea5u l\u1ea9u,..<\/p>","protected":false},"featured_media":32451,"comment_status":"open","ping_status":"closed","template":"","meta":[],"product_brand":[],"product_cat":[677,275,130,36],"product_tag":[],"class_list":{"0":"post-32449","1":"product","2":"type-product","3":"status-publish","4":"has-post-thumbnail","6":"product_cat-cac-nuoc-khac","7":"product_cat-thuc-pham-dong-lanh","8":"product_cat-khuyen-mai","9":"product_cat-thuc-pham-tieu-dung","11":"first","12":"instock","13":"sale","14":"shipping-taxable","15":"purchasable","16":"product-type-simple"},"_links":{"self":[{"href":"https:\/\/havamall.vn\/en\/wp-json\/wp\/v2\/product\/32449"}],"collection":[{"href":"https:\/\/havamall.vn\/en\/wp-json\/wp\/v2\/product"}],"about":[{"href":"https:\/\/havamall.vn\/en\/wp-json\/wp\/v2\/types\/product"}],"replies":[{"embeddable":true,"href":"https:\/\/havamall.vn\/en\/wp-json\/wp\/v2\/comments?post=32449"}],"version-history":[{"count":0,"href":"https:\/\/havamall.vn\/en\/wp-json\/wp\/v2\/product\/32449\/revisions"}],"wp:featuredmedia":[{"embeddable":true,"href":"https:\/\/havamall.vn\/en\/wp-json\/wp\/v2\/media\/32451"}],"wp:attachment":[{"href":"https:\/\/havamall.vn\/en\/wp-json\/wp\/v2\/media?parent=32449"}],"wp:term":[{"taxonomy":"product_brand","embeddable":true,"href":"https:\/\/havamall.vn\/en\/wp-json\/wp\/v2\/product_brand?post=32449"},{"taxonomy":"product_cat","embeddable":true,"href":"https:\/\/havamall.vn\/en\/wp-json\/wp\/v2\/product_cat?post=32449"},{"taxonomy":"product_tag","embeddable":true,"href":"https:\/\/havamall.vn\/en\/wp-json\/wp\/v2\/product_tag?post=32449"}],"curies":[{"name":"wp","href":"https:\/\/api.w.org\/{rel}","templated":true}]}}