{"id":32430,"date":"2023-09-12T17:03:01","date_gmt":"2023-09-12T10:03:01","guid":{"rendered":"https:\/\/havamall.vn\/?post_type=product&#038;p=32430"},"modified":"2023-09-24T12:11:19","modified_gmt":"2023-09-24T05:11:19","slug":"sa-mat-ong-golden-farm-hu-thuy-tinh-450g-honey-lemongrass","status":"publish","type":"product","link":"https:\/\/havamall.vn\/en\/shop\/sa-mat-ong-golden-farm-hu-thuy-tinh-450g-honey-lemongrass\/","title":{"rendered":"S\u1ea3 M\u1eadt Ong Golden Farm H\u1ee7 Thu\u1ef7 Tinh 450g &#8211; Honey Lemongrass"},"content":{"rendered":"<h2><\/h2>\n<h2><strong>TH\u00d4NG TIN CHUNG<\/strong><\/h2>\n<table width=\"1130\">\n<tbody>\n<tr>\n<td>Th\u01b0\u01a1ng hi\u1ec7u<\/td>\n<td>Golden Fram<\/td>\n<\/tr>\n<tr>\n<td>Xu\u1ea5t x\u1ee9<\/td>\n<td>Vi\u1ec7t Nam<\/td>\n<\/tr>\n<tr>\n<td>Th\u00e0nh ph\u1ea7n<\/td>\n<td>S\u1ea3\u00a0(45%), n\u01b0\u1edbc m\u1eadt ong (30%) ch\u1ea5t \u1ed5n \u0111\u1ecbnh,&#8230;<\/td>\n<\/tr>\n<tr>\n<td>H\u1ea1n s\u1eed d\u1ee5ng<\/td>\n<td>24 th\u00e1ng k\u1ec3 t\u1eeb ng\u00e0y s\u1ea3n xu\u1ea5t,<\/td>\n<\/tr>\n<tr>\n<td>B\u1ea3o qu\u1ea3n<\/td>\n<td>\u0110\u1ec3 n\u01a1i kh\u00f4 r\u00e1o, tho\u00e1ng m\u00e1t, tr\u00e1nh \u00e1nh n\u1eafng tr\u1ef1c ti\u1ebfp. B\u1ea3o qu\u1ea3n l\u1ea1nh sau khi m\u1edf n\u1eafp.<\/td>\n<\/tr>\n<tr>\n<td>Kh\u1ed1i l\u01b0\u1ee3ng<\/td>\n<td>450g<\/td>\n<\/tr>\n<\/tbody>\n<\/table>\n<p>S\u1ea3n ph\u1ea9m \u0111\u01b0\u1ee3c s\u1ea3n xu\u1ea5t tr\u00ean d\u00e2y chuy\u1ec1n kh\u00e9p k\u00edn v\u1edbi c\u00f4ng ngh\u1ec7 hi\u1ec7n \u0111\u1ea1i t\u1eeb Ch\u00e2u \u00c2u, nh\u00e0 m\u00e1y \u0111\u1ea1t ch\u1ee9ng nh\u1eadn Qu\u1ed1c T\u1ebf ISO 22000:2018, \u0111\u1ea3m b\u1ea3o mang \u0111\u1ebfn cho ng\u01b0\u1eddi ti\u00eau d\u00f9ng s\u1ea3n ph\u1ea9m ch\u1ea5t l\u01b0\u1ee3ng t\u1ed1t.<\/p>\n<p>Sa\u0309, Chanh, G\u01b0\u0300ng, M\u00e2\u0323t Ong la\u0300 nh\u01b0\u0303ng loa\u0323i tha\u0309o d\u01b0\u01a1\u0323c qua\u0301 \u0111\u00f4\u0303i quen thu\u00f4\u0323c v\u01a1\u0301i m\u00f4\u0303i gia \u0111i\u0300nh Vi\u00ea\u0323t. T\u01b0\u0300 vi\u00ea\u0323c k\u00ea\u0301t h\u01a1\u0323p c\u00e1c nguy\u00ean li\u1ec7u \u201cc\u00e2y nh\u00e0 l\u00e1 v\u01b0\u1eddn\u201d tr\u00ean m\u00e0 \u00d4ng Ba\u0300 ta \u0111\u00e3 cho ra \u0111\u01a1\u0300i nh\u01b0\u0303ng ph\u01b0\u01a1ng thu\u1ed1c d\u00e2n gian hay trong vi\u00ea\u0323c pho\u0300ng b\u00ea\u0323nh ca\u0309m cu\u0301m, \u0111\u01b0\u1ee3c l\u01b0u truy\u1ec1n cho \u0111\u1ebfn nay.<\/p>\n<p><img fetchpriority=\"high\" decoding=\"async\" class=\"wp-image-32431 aligncenter\" src=\"https:\/\/havamall.vn\/wp-content\/uploads\/2023\/09\/240438995_2927728684134154_1118663869057957398_n-300x181.jpeg\" alt=\"\" width=\"703\" height=\"424\" srcset=\"https:\/\/havamall.vn\/wp-content\/uploads\/2023\/09\/240438995_2927728684134154_1118663869057957398_n-300x181.jpeg 300w, https:\/\/havamall.vn\/wp-content\/uploads\/2023\/09\/240438995_2927728684134154_1118663869057957398_n-600x361.jpeg 600w, https:\/\/havamall.vn\/wp-content\/uploads\/2023\/09\/240438995_2927728684134154_1118663869057957398_n-1200x723.jpeg 1200w, https:\/\/havamall.vn\/wp-content\/uploads\/2023\/09\/240438995_2927728684134154_1118663869057957398_n-768x462.jpeg 768w, https:\/\/havamall.vn\/wp-content\/uploads\/2023\/09\/240438995_2927728684134154_1118663869057957398_n-1024x617.jpeg 1024w, https:\/\/havamall.vn\/wp-content\/uploads\/2023\/09\/240438995_2927728684134154_1118663869057957398_n.jpeg 1875w\" sizes=\"(max-width: 703px) 100vw, 703px\" \/><\/p>\n<p>K\u00ea\u0301 th\u01b0\u0300a kinh nghi\u00ea\u0323m quy\u0301 ba\u0301u t\u01b0\u0300 d\u00e2n gian, Tra\u0300 M\u00e2\u0323t Ong Vi\u0323 A\u0301 v\u01a1\u0301i s\u01b0\u0323 k\u00ea\u0301t h\u01a1\u0323p tinh t\u00ea\u0301 t\u01b0\u0300 m\u00e2\u0323t ong t\u01b0\u0323 nhi\u00ean va\u0300 tinh ch\u00e2\u0301t sa\u0309, chanh va\u0300ng, g\u01b0\u0300ng t\u01b0\u01a1i la\u0300m n\u00ean ca\u0301c c\u00f4ng th\u01b0\u0301c Sa\u0309 M\u00e2\u0323t Ong, Chanh M\u00e2\u0323t Ong, G\u01b0\u0300ng M\u00e2\u0323t Ong du\u0300ng \u0111\u00ea\u0309 pha tra\u0300 va\u0300 ca\u0301c mo\u0301n n\u01b0\u01a1\u0301c h\u00e2\u0301p d\u00e2\u0303n. Kh\u00f4ng chi\u0309 th\u01a1m ngon, ki\u0301ch thi\u0301ch vi\u0323 gia\u0301c, th\u01b0\u0301c u\u00f4\u0301ng t\u01b0\u0300 Tra\u0300 M\u00e2\u0323t Ong Vi\u0323 A\u0301 co\u0300n giu\u0301p la\u0300m sa\u0323ch \u0111\u01b0\u01a1\u0300ng h\u00f4 h\u00e2\u0301p, gia\u0309i ca\u0309m, gia\u0309m ho, thanh lo\u0323c c\u01a1 th\u00ea\u0309, xua tan c\u0103ng th\u0103\u0309ng, m\u00ea\u0323t mo\u0309i\u2026 la\u0300 l\u01b0\u0323a cho\u0323n hoa\u0300n ha\u0309o \u0111\u00ea\u0309 b\u00f4\u0309 sung va\u0300o th\u01b0\u0323c \u0111\u01a1n h\u0103\u0300ng nga\u0300y cu\u0309a gia \u0111i\u0300nh ba\u0323n.<\/p>\n<p><img decoding=\"async\" class=\"wp-image-32432 aligncenter\" src=\"https:\/\/havamall.vn\/wp-content\/uploads\/2023\/09\/272296098_3038927313014290_7618646504885373543_n-300x169.jpeg\" alt=\"\" width=\"698\" height=\"393\" srcset=\"https:\/\/havamall.vn\/wp-content\/uploads\/2023\/09\/272296098_3038927313014290_7618646504885373543_n-300x169.jpeg 300w, https:\/\/havamall.vn\/wp-content\/uploads\/2023\/09\/272296098_3038927313014290_7618646504885373543_n-600x338.jpeg 600w, https:\/\/havamall.vn\/wp-content\/uploads\/2023\/09\/272296098_3038927313014290_7618646504885373543_n-1200x675.jpeg 1200w, https:\/\/havamall.vn\/wp-content\/uploads\/2023\/09\/272296098_3038927313014290_7618646504885373543_n-768x432.jpeg 768w, https:\/\/havamall.vn\/wp-content\/uploads\/2023\/09\/272296098_3038927313014290_7618646504885373543_n-1024x576.jpeg 1024w, https:\/\/havamall.vn\/wp-content\/uploads\/2023\/09\/272296098_3038927313014290_7618646504885373543_n.jpeg 1920w\" sizes=\"(max-width: 698px) 100vw, 698px\" \/><\/p>\n<p>S\u1ea3 M\u1eadt Ong Golden Farm h\u01b0\u01a1ng v\u1ecb quen thu\u1ed9c v\u00e0 ph\u1ed5 bi\u1ebfn v\u1edbi ng\u01b0\u1eddi Vi\u1ec7t Nam. V\u1eeba c\u00f3 th\u1ec3 l\u00e0m th\u1ee9c u\u1ed1ng gi\u1ea3i kh\u00e1t, v\u1eeba c\u00f3 nhi\u1ec1u t\u00e1c d\u1ee5ng t\u1ed1t cho s\u1ee9c kh\u1ecfe nh\u01b0: ng\u1eeba c\u1ea3m c\u00fam, t\u0103ng s\u1ee9c \u0111\u1ec1 kh\u00e1ng,&#8230;.<\/p>\n<p>Do \u0111\u00f3 m\u1ed7i gia \u0111\u00ecnh n\u00ean c\u00f3 m\u1ed9t l\u1ecd g\u1eebng m\u1eadt ong c\u1ee7a th\u01b0\u01a1ng hi\u1ec7u V\u1ecb \u00c1 \u0111\u1ec3 d\u00f9ng ngay khi c\u1ea7n thi\u1ebft, kh\u00f4ng c\u1ea7n ph\u1ea3i t\u1ed1n nhi\u1ec1u c\u00f4ng s\u1ee9c pha ch\u1ebf m\u00e0 v\u1eabn c\u00f3 ngay m\u1ed9t ly n\u01b0\u1edbc th\u01a1m ngon.<\/p>\n<p><img decoding=\"async\" class=\"wp-image-32434 aligncenter\" src=\"https:\/\/havamall.vn\/wp-content\/uploads\/2023\/09\/272496986_3038927346347620_6030571186344077200_n-300x169.jpeg\" alt=\"\" width=\"711\" height=\"401\" srcset=\"https:\/\/havamall.vn\/wp-content\/uploads\/2023\/09\/272496986_3038927346347620_6030571186344077200_n-300x169.jpeg 300w, https:\/\/havamall.vn\/wp-content\/uploads\/2023\/09\/272496986_3038927346347620_6030571186344077200_n-600x338.jpeg 600w, https:\/\/havamall.vn\/wp-content\/uploads\/2023\/09\/272496986_3038927346347620_6030571186344077200_n-1200x675.jpeg 1200w, https:\/\/havamall.vn\/wp-content\/uploads\/2023\/09\/272496986_3038927346347620_6030571186344077200_n-768x432.jpeg 768w, https:\/\/havamall.vn\/wp-content\/uploads\/2023\/09\/272496986_3038927346347620_6030571186344077200_n-1024x576.jpeg 1024w, https:\/\/havamall.vn\/wp-content\/uploads\/2023\/09\/272496986_3038927346347620_6030571186344077200_n.jpeg 1920w\" sizes=\"(max-width: 711px) 100vw, 711px\" \/><\/p>\n<h2><strong>\u0110\u1eb6C \u0110I\u1ec2M N\u1ed4I B\u1eacT C\u1ee6A S\u1ea2N PH\u1ea8M<\/strong><\/h2>\n<p>&#8211; V\u1edbi h\u00e0m l\u01b0\u1ee3ng vitamin C cao h\u01a1n nhi\u1ec1u l\u1ea7n so v\u1edbi chanh ph\u1ed5 th\u00f4ng, u\u1ed1ng m\u1eadt ong chanh gi\u00fap b\u1ed5 sung vitamin C, cung c\u1ea5p acid amin c\u00e1c ch\u1ea5t ch\u1ed1ng oxi h\u00f3a, t\u0103ng c\u01b0\u1eddng mi\u1ec5n d\u1ecbch ch\u1ed1ng ho c\u1ea3m l\u1ea1nh.<\/p>\n<p>&#8211; T\u0103ng c\u01b0\u1eddng s\u1ee9c \u0111\u1ec1 kh\u00e1ng, t\u1ed1t cho \u0111\u01b0\u1eddng ti\u00eau h\u00f3a, c\u1ed5 h\u1ecdng\u2026 ph\u00f9 h\u1ee3p v\u1edbi m\u1ecdi l\u1ee9a tu\u1ed5i.<\/p>\n<h2><strong>H\u01af\u1edaNG D\u1eaaN S\u1eec D\u1ee4NG<\/strong><\/h2>\n<p>&#8211; Pha n\u01b0\u1edbc u\u1ed1ng: Cho 3 mu\u1ed7ng caf\u00e9 g\u1eebng m\u1eadt ong v\u00e0o n\u1eeda ly n\u01b0\u1edbc \u1ea5m, khu\u1ea5y \u0111\u1ec1u v\u00e0 th\u01b0\u1edfng th\u1ee9c.<\/p>\n<p>&#8211; Pha tr\u00e0 n\u00f3ng: Cho 3 mu\u1ed7ng caf\u00e9 g\u1eebng m\u1eadt ong v\u00e0o n\u1eeda ly n\u01b0\u1edbc tr\u00e0 \u1ea5m, khu\u1ea5y \u0111\u1ec1u v\u00e0 th\u01b0\u1edfng th\u1ee9c.<\/p>\n<p>&#8211; L\u00e0m tr\u00e0 l\u1ea1nh: Cho 4 mu\u1ed7ng caf\u00e9 g\u1eebng m\u1eadt ong, 2 mu\u1ed7ng caf\u00e9 \u0111\u01b0\u1eddng v\u00e0o n\u1eeda ly n\u01b0\u1edbc tr\u00e0 \u1ea5m, cho th\u00eam 2 mu\u1ed7ng caf\u00e9 n\u01b0\u1edbc c\u1ed1t chanh, th\u00eam \u0111\u00e1 vi\u00ean, khu\u1ea5y \u0111\u1ec1u v\u00e0 th\u01b0\u1edfng th\u1ee9c.<\/p>\n<p><img loading=\"lazy\" decoding=\"async\" class=\"wp-image-32435 aligncenter\" src=\"https:\/\/havamall.vn\/wp-content\/uploads\/2023\/09\/240526716_2927728727467483_2521581466337771838_n-300x300.jpeg\" alt=\"\" width=\"714\" height=\"714\" srcset=\"https:\/\/havamall.vn\/wp-content\/uploads\/2023\/09\/240526716_2927728727467483_2521581466337771838_n-300x300.jpeg 300w, https:\/\/havamall.vn\/wp-content\/uploads\/2023\/09\/240526716_2927728727467483_2521581466337771838_n-150x150.jpeg 150w, https:\/\/havamall.vn\/wp-content\/uploads\/2023\/09\/240526716_2927728727467483_2521581466337771838_n-100x100.jpeg 100w\" sizes=\"(max-width: 714px) 100vw, 714px\" \/><\/p>","protected":false},"excerpt":{"rendered":"<p>TH\u00d4NG TIN CHUNG Th\u01b0\u01a1ng hi\u1ec7u Golden Fram Xu\u1ea5t x\u1ee9 Vi\u1ec7t Nam Th\u00e0nh ph\u1ea7n S\u1ea3\u00a0(45%), n\u01b0\u1edbc m\u1eadt ong (30%) ch\u1ea5t \u1ed5n<\/p>","protected":false},"featured_media":32437,"comment_status":"open","ping_status":"closed","template":"","meta":[],"product_brand":[],"product_cat":[36,135],"product_tag":[],"class_list":{"0":"post-32430","1":"product","2":"type-product","3":"status-publish","4":"has-post-thumbnail","6":"product_cat-thuc-pham-tieu-dung","7":"product_cat-sua-do-uong","8":"pa_brand-golden-farm","10":"first","11":"instock","12":"sale","13":"shipping-taxable","14":"purchasable","15":"product-type-simple"},"_links":{"self":[{"href":"https:\/\/havamall.vn\/en\/wp-json\/wp\/v2\/product\/32430"}],"collection":[{"href":"https:\/\/havamall.vn\/en\/wp-json\/wp\/v2\/product"}],"about":[{"href":"https:\/\/havamall.vn\/en\/wp-json\/wp\/v2\/types\/product"}],"replies":[{"embeddable":true,"href":"https:\/\/havamall.vn\/en\/wp-json\/wp\/v2\/comments?post=32430"}],"version-history":[{"count":0,"href":"https:\/\/havamall.vn\/en\/wp-json\/wp\/v2\/product\/32430\/revisions"}],"wp:featuredmedia":[{"embeddable":true,"href":"https:\/\/havamall.vn\/en\/wp-json\/wp\/v2\/media\/32437"}],"wp:attachment":[{"href":"https:\/\/havamall.vn\/en\/wp-json\/wp\/v2\/media?parent=32430"}],"wp:term":[{"taxonomy":"product_brand","embeddable":true,"href":"https:\/\/havamall.vn\/en\/wp-json\/wp\/v2\/product_brand?post=32430"},{"taxonomy":"product_cat","embeddable":true,"href":"https:\/\/havamall.vn\/en\/wp-json\/wp\/v2\/product_cat?post=32430"},{"taxonomy":"product_tag","embeddable":true,"href":"https:\/\/havamall.vn\/en\/wp-json\/wp\/v2\/product_tag?post=32430"}],"curies":[{"name":"wp","href":"https:\/\/api.w.org\/{rel}","templated":true}]}}