{"id":32405,"date":"2023-09-08T11:27:03","date_gmt":"2023-09-08T04:27:03","guid":{"rendered":"https:\/\/havamall.vn\/?post_type=product&#038;p=32405"},"modified":"2023-09-13T14:57:38","modified_gmt":"2023-09-13T07:57:38","slug":"sua-nguyen-chat-tiet-trung-able-farm-able-farm-cream-milk","status":"publish","type":"product","link":"https:\/\/havamall.vn\/en\/shop\/sua-nguyen-chat-tiet-trung-able-farm-able-farm-cream-milk\/","title":{"rendered":"S\u1eefa Nguy\u00ean Ch\u1ea5t Ti\u1ec7t Tr\u00f9ng Able Farm &#8211; Able Farm Cream Milk"},"content":{"rendered":"<h2><\/h2>\n<h2><strong>TH\u00d4NG TIN CHUNG<\/strong><\/h2>\n<table width=\"1130\">\n<tbody>\n<tr>\n<td>Th\u01b0\u01a1ng hi\u1ec7u<\/td>\n<td>Able Farm<\/td>\n<\/tr>\n<tr>\n<td>Xu\u1ea5t x\u1ee9<\/td>\n<td>Malaysia<\/td>\n<\/tr>\n<tr>\n<td>Th\u00e0nh ph\u1ea7n<\/td>\n<td>S\u1eefa t\u01b0\u01a1i nguy\u00ean ch\u1ea5t,&#8230;<\/td>\n<\/tr>\n<tr>\n<td>H\u1ea1n s\u1eed d\u1ee5ng<\/td>\n<td>12 th\u00e1ng k\u1ec3 t\u1eeb ng\u00e0y s\u1ea3n xu\u1ea5t<\/td>\n<\/tr>\n<tr>\n<td>B\u1ea3o qu\u1ea3n<\/td>\n<td>\u0110\u1ec3 n\u01a1i kh\u00f4 r\u00e1o, tho\u00e1ng m\u00e1t, tr\u00e1nh \u00e1nh n\u1eafng tr\u1ef1c ti\u1ebfp<\/td>\n<\/tr>\n<tr>\n<td>Th\u1ec3 t\u00edch<\/td>\n<td>1 l\u00edt<\/td>\n<\/tr>\n<\/tbody>\n<\/table>\n<p>H\u00e0ng ng\u00e0y c\u01a1 th\u1ec3 c\u1ee7a m\u1ed7i ch\u00fang ta \u0111\u1ec1u c\u1ea7n b\u1ed5 sung nhi\u1ec1u ch\u1ea5t dinh d\u01b0\u1ee1ng, Vitamin v\u00e0 c\u00e1c nguy\u00ean t\u1ed1 vi l\u01b0\u1ee3ng \u0111\u1ec3 \u0111\u1ea3m b\u1ea3o lao \u0111\u1ed9ng hi\u1ec7u qu\u1ea3, h\u1ecdc t\u1eadp t\u1ed1t v\u00e0 duy tr\u00ec s\u1ee9c kh\u1ecfe l\u00e2u d\u00e0i. B\u1ed5 sung d\u01b0\u1ee1ng ch\u1ea5t t\u1eeb nhi\u1ec1u ngu\u1ed3n kh\u00e1c nhau trong \u0111\u00f3 trong \u0111\u00f3 u\u1ed1ng s\u1eefa l\u00e0 c\u00e1ch ph\u1ed5 bi\u1ebfn nh\u1ea5t v\u00ec th\u01a1m ngon, gi\u00e0u d\u01b0\u1ee1ng ch\u1ea5t t\u1ef1 nhi\u00ean, ngu\u1ed3n b\u1ed5 sung n\u0103ng l\u01b0\u1ee3ng tuy\u1ec7t v\u1eddi cho c\u01a1 th\u1ec3 trong m\u1ed9t ng\u00e0y d\u00e0i h\u1ecdc t\u1eadp v\u00e0 l\u00e0m vi\u1ec7c. Ngo\u00e0i ra v\u1edbi cu\u1ed9c s\u1ed1ng n\u0103ng \u0111\u1ed9ng kh\u00f4ng ph\u1ea3i l\u00fac n\u00e0o ch\u00fang ta c\u0169ng c\u00f3 \u0111\u1ee7 th\u1eddi gian v\u00e0 \u0111i\u1ec1u ki\u1ec7n \u0111\u1ec3 \u0103n u\u1ed1ng \u0111\u1ee7 d\u01b0\u1ee1ng ch\u1ea5t v\u00e0 s\u1eefa ch\u00ednh l\u00e0 ngu\u1ed3n b\u1ed5 sung dinh d\u01b0\u1ee1ng nhanh ch\u00f3ng v\u00e0 ti\u1ec7n l\u1ee3i vi v\u1eady ai c\u0169ng c\u00f3 th\u1ec3 th\u01b0\u1edfng th\u1ee9c v\u00e0 s\u1ed1ng vui kh\u1ecfe m\u1ed7i ng\u00e0y.<\/p>\n<p><img fetchpriority=\"high\" decoding=\"async\" class=\"wp-image-32406 aligncenter\" src=\"https:\/\/havamall.vn\/wp-content\/uploads\/2023\/09\/359299310_311144101264082_8541088992950328100_n-300x283.jpeg\" alt=\"\" width=\"710\" height=\"670\" srcset=\"https:\/\/havamall.vn\/wp-content\/uploads\/2023\/09\/359299310_311144101264082_8541088992950328100_n-300x283.jpeg 300w, https:\/\/havamall.vn\/wp-content\/uploads\/2023\/09\/359299310_311144101264082_8541088992950328100_n-600x565.jpeg 600w, https:\/\/havamall.vn\/wp-content\/uploads\/2023\/09\/359299310_311144101264082_8541088992950328100_n.jpeg 1080w\" sizes=\"(max-width: 710px) 100vw, 710px\" \/><\/p>\n<p>S\u1eefa nguy\u00ean ch\u1ea5t ti\u1ec7t tr\u00f9ng Able Farm h\u1ed9p 1 l\u00edt. S\u1ea3n ph\u1ea9m kh\u00f4ng ch\u1ec9 gi\u00e0u d\u01b0\u1ee1ng ch\u1ea5t t\u1ef1 nhi\u00ean, m\u00e0 c\u00f2n \u0111\u01b0\u1ee3c t\u0103ng c\u01b0\u1eddng Vitamin D3, A, Canxi gi\u00fap t\u0103ng c\u01b0\u1eddng th\u1ecb l\u1ef1c v\u00e0 c\u00f3 m\u1ed9t h\u1ec7 x\u01b0\u01a1ng ch\u1eafc kh\u1ecfe. S\u1eefa ti\u1ec7t tr\u00f9ng Able Farm b\u1ecbch 220ml l\u00e0 s\u1ef1 l\u1ef1a ch\u1ecdn th\u00f4ng minh gi\u00e0u d\u01b0\u1ee1ng ch\u1ea5t cho c\u1ea3 gia \u0111\u00ecnh th\u00eam kh\u1ecfe m\u1ea1nh v\u00e0 tr\u00e0n \u0111\u1ea7y n\u0103ng l\u01b0\u1ee3ng s\u1eb5n s\u00e0ng l\u00e0m t\u1ed1t nh\u1eefng c\u00f4ng vi\u1ec7c quan tr\u1ecdng m\u1ed7i ng\u00e0y.<\/p>\n<p>S\u1eefa T\u01b0\u01a1i Able Farm thanh tr\u00f9ng l\u00e0 s\u1ea3n ph\u1ea9m t\u1ef1 nhi\u00ean r\u1ea5t t\u1ed1t cho c\u01a1 th\u1ec3 con ng\u01b0\u1eddi, ngu\u1ed3n s\u1eefa ti\u1ec7t tr\u00f9ng \u0111\u01b0\u1ee3c chi\u1ebft xu\u1ea5t t\u1eeb s\u1eefa b\u00f2 qua quy tr\u00ecnh ti\u1ec7t tr\u00f9ng kh\u00e9p k\u00edn, v\u1edbi \u0111\u1ed9 b\u00e9o l\u00ean \u0111\u1ebfn 3.6% thi \u0111\u00e2y l\u00e0 d\u00f2ng s\u1eefa t\u01b0\u01a1i r\u1ea5t ph\u00f9 h\u1ee3p \u0111\u1ec3 l\u00e0m nguy\u00ean li\u1ec7u pha ch\u1ebf ho\u1eb7c d\u00f9ng u\u1ed1ng h\u1eb1ng ng\u00e0y.<\/p>\n<p><img decoding=\"async\" class=\"wp-image-32407 aligncenter\" src=\"https:\/\/havamall.vn\/wp-content\/uploads\/2023\/09\/365268430_324637753248050_5304128903404084878_n-300x282.jpeg\" alt=\"\" width=\"717\" height=\"674\" srcset=\"https:\/\/havamall.vn\/wp-content\/uploads\/2023\/09\/365268430_324637753248050_5304128903404084878_n-300x282.jpeg 300w, https:\/\/havamall.vn\/wp-content\/uploads\/2023\/09\/365268430_324637753248050_5304128903404084878_n-600x564.jpeg 600w, https:\/\/havamall.vn\/wp-content\/uploads\/2023\/09\/365268430_324637753248050_5304128903404084878_n-768x722.jpeg 768w, https:\/\/havamall.vn\/wp-content\/uploads\/2023\/09\/365268430_324637753248050_5304128903404084878_n-1024x962.jpeg 1024w, https:\/\/havamall.vn\/wp-content\/uploads\/2023\/09\/365268430_324637753248050_5304128903404084878_n.jpeg 1080w\" sizes=\"(max-width: 717px) 100vw, 717px\" \/><\/p>\n<p>S\u1eefa Able Farm l\u00e0 d\u00f2ng s\u1eefa KH\u00d4NG C\u00d3 \u0110\u01af\u1edcNG, hay ch\u00ednh x\u00e1c h\u01a1n l\u00e0 \u0111\u1ed9 b\u00e9o t\u1eeb thi\u00ean nhi\u00ean, c\u00f3 h\u01b0\u01a1ng v\u1ecb th\u01a1m v\u00e0 \u0111\u1eadm \u0111\u00e0 t\u1eeb s\u1eefa b\u00f2.<\/p>\n<p>S\u1eefa Able Farm c\u00f3 ch\u1ee9a nhi\u1ec1u \u0111\u1ea1m, vitamin, canxi, ph\u1ed1t pho, ch\u1ea5t \u0111\u1ea1m\u2026 r\u1ea5t h\u1eefu \u00edch cho s\u1ee9c kh\u1ecfe ng\u01b0\u1eddi d\u00f9ng. S\u1eefa t\u01b0\u01a1i n\u00e0y m\u1ecdi ng\u01b0\u1eddi c\u00f3 th\u1ec3 d\u00f9ng l\u00e0m \u0111\u1ed3 u\u1ed1ng nh\u01b0 m\u1ed9t th\u1ef1c ph\u1ea9m h\u1eb1ng ng\u00e0y.<\/p>\n<p>Theo Nguy\u00ean Li\u1ec7u Gi\u00e1 T\u1ed1t th\u00ec s\u1eefa Able Farm r\u1ea5t t\u1ed1t cho s\u1ee9c kh\u1ecfe c\u1ee7a con ng\u01b0\u1eddi nh\u00e9, v\u00ec KH\u00d4NG C\u00d3 \u0110\u01af\u1edcNG n\u00ean h\u1ea1n ch\u1ebf l\u01b0\u1ee3ng \u0111\u01b0\u1eddng kh\u00f4ng c\u1ea7n thi\u1ebft, l\u01b0\u1ee3ng dinh d\u01b0\u1ee1ng t\u1eeb trong s\u1eefa r\u1ea5t nhi\u1ec1u ho\u00e0n to\u00e0n cung c\u1ea5p \u0111\u1ee7 n\u0103ng l\u01b0\u1ee3ng cho c\u01a1 th\u1ec3 con ng\u01b0\u1eddi.<\/p>\n<p>S\u1eefa Able Farm cung c\u1ea5p l\u01b0\u1ee3ng dinh d\u01b0\u1ee1ng d\u1ed3i d\u00e0o cho c\u01a1 th\u1ec3, Vitamin A, Vitamin D, Caxin gi\u00fap x\u01b0\u01a1ng ph\u00e1t tri\u1ec3n ch\u1eafc kh\u1ecfe. Gi\u00e0u kho\u00e1ng ch\u1ea5t t\u1eeb thi\u00ean nhi\u00ean.<\/p>\n<p><img decoding=\"async\" class=\"wp-image-32408 aligncenter\" src=\"https:\/\/havamall.vn\/wp-content\/uploads\/2023\/09\/368198223_331825302529295_3005920359278483901_n-300x282.jpeg\" alt=\"\" width=\"727\" height=\"683\" srcset=\"https:\/\/havamall.vn\/wp-content\/uploads\/2023\/09\/368198223_331825302529295_3005920359278483901_n-300x282.jpeg 300w, https:\/\/havamall.vn\/wp-content\/uploads\/2023\/09\/368198223_331825302529295_3005920359278483901_n-600x564.jpeg 600w, https:\/\/havamall.vn\/wp-content\/uploads\/2023\/09\/368198223_331825302529295_3005920359278483901_n-768x722.jpeg 768w, https:\/\/havamall.vn\/wp-content\/uploads\/2023\/09\/368198223_331825302529295_3005920359278483901_n-1024x963.jpeg 1024w, https:\/\/havamall.vn\/wp-content\/uploads\/2023\/09\/368198223_331825302529295_3005920359278483901_n.jpeg 1080w\" sizes=\"(max-width: 727px) 100vw, 727px\" \/><\/p>\n<h2><strong>\u0110\u1eb6C \u0110I\u1ec2M C\u1ee6A S\u1ea2N PH\u1ea8M<\/strong><\/h2>\n<p>\u2013 S\u1eefa KH\u00d4NG C\u00d3 \u0110\u01af\u1edcNG<\/p>\n<p>\u2013 Ch\u1ea5t l\u01b0\u1ee3ng t\u1ed1t, s\u1ea3n ph\u1ea9m t\u1ef1 nhi\u00ean<\/p>\n<p>\u2013 Gi\u00e1 th\u00e0nh h\u1ee3p l\u00fd<\/p>\n<p>\u2013 Ti\u1ec7n l\u1ee3i d\u1ec5 s\u1eed d\u1ee5ng<\/p>\n<p><img loading=\"lazy\" decoding=\"async\" class=\"wp-image-32409 aligncenter\" src=\"https:\/\/havamall.vn\/wp-content\/uploads\/2023\/09\/366199556_327158496329309_8802609444892391706_n-300x283.jpeg\" alt=\"\" width=\"737\" height=\"695\" srcset=\"https:\/\/havamall.vn\/wp-content\/uploads\/2023\/09\/366199556_327158496329309_8802609444892391706_n-300x283.jpeg 300w, https:\/\/havamall.vn\/wp-content\/uploads\/2023\/09\/366199556_327158496329309_8802609444892391706_n-600x565.jpeg 600w, https:\/\/havamall.vn\/wp-content\/uploads\/2023\/09\/366199556_327158496329309_8802609444892391706_n-768x723.jpeg 768w, https:\/\/havamall.vn\/wp-content\/uploads\/2023\/09\/366199556_327158496329309_8802609444892391706_n-1024x964.jpeg 1024w, https:\/\/havamall.vn\/wp-content\/uploads\/2023\/09\/366199556_327158496329309_8802609444892391706_n.jpeg 1080w\" sizes=\"(max-width: 737px) 100vw, 737px\" \/><\/p>","protected":false},"excerpt":{"rendered":"<p>TH\u00d4NG TIN CHUNG Th\u01b0\u01a1ng hi\u1ec7u Able Farm Xu\u1ea5t x\u1ee9 Malaysia Th\u00e0nh ph\u1ea7n S\u1eefa t\u01b0\u01a1i nguy\u00ean ch\u1ea5t,&#8230; H\u1ea1n s\u1eed d\u1ee5ng 12<\/p>","protected":false},"featured_media":32411,"comment_status":"open","ping_status":"closed","template":"","meta":[],"product_brand":[],"product_cat":[36,135],"product_tag":[],"class_list":{"0":"post-32405","1":"product","2":"type-product","3":"status-publish","4":"has-post-thumbnail","6":"product_cat-thuc-pham-tieu-dung","7":"product_cat-sua-do-uong","9":"first","10":"instock","11":"sale","12":"shipping-taxable","13":"purchasable","14":"product-type-simple"},"_links":{"self":[{"href":"https:\/\/havamall.vn\/en\/wp-json\/wp\/v2\/product\/32405"}],"collection":[{"href":"https:\/\/havamall.vn\/en\/wp-json\/wp\/v2\/product"}],"about":[{"href":"https:\/\/havamall.vn\/en\/wp-json\/wp\/v2\/types\/product"}],"replies":[{"embeddable":true,"href":"https:\/\/havamall.vn\/en\/wp-json\/wp\/v2\/comments?post=32405"}],"version-history":[{"count":0,"href":"https:\/\/havamall.vn\/en\/wp-json\/wp\/v2\/product\/32405\/revisions"}],"wp:featuredmedia":[{"embeddable":true,"href":"https:\/\/havamall.vn\/en\/wp-json\/wp\/v2\/media\/32411"}],"wp:attachment":[{"href":"https:\/\/havamall.vn\/en\/wp-json\/wp\/v2\/media?parent=32405"}],"wp:term":[{"taxonomy":"product_brand","embeddable":true,"href":"https:\/\/havamall.vn\/en\/wp-json\/wp\/v2\/product_brand?post=32405"},{"taxonomy":"product_cat","embeddable":true,"href":"https:\/\/havamall.vn\/en\/wp-json\/wp\/v2\/product_cat?post=32405"},{"taxonomy":"product_tag","embeddable":true,"href":"https:\/\/havamall.vn\/en\/wp-json\/wp\/v2\/product_tag?post=32405"}],"curies":[{"name":"wp","href":"https:\/\/api.w.org\/{rel}","templated":true}]}}