{"id":32366,"date":"2023-08-24T15:46:03","date_gmt":"2023-08-24T08:46:03","guid":{"rendered":"https:\/\/havamall.vn\/?post_type=product&#038;p=32366"},"modified":"2024-05-22T10:45:34","modified_gmt":"2024-05-22T03:45:34","slug":"32366","status":"publish","type":"product","link":"https:\/\/havamall.vn\/en\/shop\/32366\/","title":{"rendered":"\u0110\u1eadu\/H\u1ea1t Gi\u00e1 S\u1ec9 T\u1ed1t Nh\u1ea5t Hi\u1ec7n Nay \u2013 \u0110\u1eadu T\u1eb1m Havafoodies 1kg"},"content":{"rendered":"<p>&nbsp;<\/p>\n<h2><strong>\u0110\u00d4I N\u00c9T V\u1ec0 \u0110\u1eacU T\u1eb0M<\/strong><\/h2>\n<table>\n<tbody>\n<tr>\n<td>\n<table border=\"1\" cellspacing=\"0\" cellpadding=\"0\">\n<tbody>\n<tr>\n<td><strong>T\u00ean s\u1ea3n ph\u1ea9m<\/strong><\/td>\n<td>\u0110\u1eadu t\u1eb1m<\/td>\n<\/tr>\n<tr>\n<td><strong>Th\u00e0nh ph\u1ea7n<\/strong><\/td>\n<td>100% \u0111\u1eadu t\u1eb1m<\/td>\n<\/tr>\n<tr>\n<td><strong>Kh\u1ed1i l\u01b0\u1ee3ng<\/strong><\/td>\n<td>1kg<\/td>\n<\/tr>\n<tr>\n<td><strong>Xu\u1ea5t x\u1ee9<\/strong><\/td>\n<td>Argentina<\/td>\n<\/tr>\n<tr>\n<td><strong>H\u1ea1n s\u1eed d\u1ee5ng<\/strong><\/td>\n<td>24 th\u00e1ng k\u1ec3 t\u1eeb ng\u00e0y s\u1ea3n xu\u1ea5t<\/td>\n<\/tr>\n<tr>\n<td><strong>B\u1ea3o qu\u1ea3n<\/strong><\/td>\n<td>\u1ede n\u01a1i kh\u00f4 r\u00e1o tho\u00e1ng m\u00e1t<\/td>\n<\/tr>\n<tr>\n<td><strong>H\u00ecnh th\u1ee9c b\u00e1n<\/strong><\/td>\n<td>Cung c\u1ea5p S\u1ec8 v\u00e0 L\u1eba to\u00e0n qu\u1ed1c<\/td>\n<\/tr>\n<\/tbody>\n<\/table>\n<\/td>\n<td><\/td>\n<\/tr>\n<\/tbody>\n<\/table>\n<p>H\u1ea1t \u0111\u1eadu t\u1eb1m c\u00f3 t\u00ean khoa h\u1ecdc l\u00e0 Vicia faba L. thu\u1ed9c h\u1ecd \u0111\u1eadu, c\u00e2y th\u1ea3o v\u00e0 c\u00f3 l\u1ecbch s\u1eed tr\u1ed3ng tr\u1ecdt c\u00e1ch \u0111\u00e2y 5000 n\u0103m. H\u1ea1t \u0111\u1eadu t\u1eb1m c\u00f3 ngu\u1ed3n g\u1ed1c \u1edf \u0110\u1ecba Trung H\u1ea3i, sau \u0111\u00f3 \u0111\u01b0\u1ee3c tr\u1ed3ng \u1edf Ch\u00e2u \u00c2u, theo con \u0111\u01b0\u1eddng t\u01a1 l\u1ee5a v\u00e0o Trung Qu\u1ed1c v\u00e0 c\u00e1c n\u01b0\u1edbc ch\u00e2u \u00c1 kh\u00e1c. \u0110\u1eadu t\u1eb1m \u0111\u01b0\u1ee3c tr\u1ed3ng ph\u1ed5 bi\u1ebfn \u1edf 47 n\u01b0\u1edbc. N\u0103m 2003, di\u1ec7n t\u00edch c\u00e2y \u0111\u1eadu t\u1eb1m tr\u00ean th\u1ebf gi\u1edbi v\u00e0o kho\u1ea3ng 2.63 tri\u1ec7u ha, n\u0103ng su\u1ea5t \u01b0\u1edbc t\u00ednh 15,3 t\u1ea1\/ha, s\u1ea3n l\u01b0\u1ee3ng 4,03 tri\u1ec7u t\u1ea5n. Trong \u0111\u00f3 Trung Qu\u1ed1c v\u00e0 ch\u00e2u Phi l\u00e0 n\u01a1i tr\u1ed3ng nhi\u1ec1u nh\u1ea5t. \u0110\u1eadu t\u1eb1m \u0111\u01b0\u1ee3c tr\u1ed3ng t\u1ea1i Vi\u1ec7t Nam l\u1ea7n \u0111\u1ea7u v\u00e0o th\u00e1ng 7\/2009.<\/p>\n<p>H\u1ea1t \u0111\u1eadu t\u1eb1m c\u00f3 gi\u00e1 tr\u1ecb dinh d\u01b0\u1ee1ng cao: protein 30%, 8 lo\u1ea1i axit amin thi\u1ebft y\u1ebfu, tinh b\u1ed9t 49%, ch\u1ea5t b\u00e9o 0.8%. Do \u0111\u1eb7c \u0111i\u1ec3m gi\u00e0u \u0111\u1ea1m v\u00e0 tinh b\u1ed9t nh\u01b0ng r\u1ea5t \u00edt ch\u1ea5t b\u00e9o, h\u1ea1t \u0111\u1eadu t\u1eb1m c\u00f3 th\u1ec3 d\u00f9ng l\u00e0m l\u01b0\u01a1ng th\u1ef1c cho ng\u01b0\u1eddi v\u00e0 l\u00e0m th\u1ee9c \u0103n ch\u0103n nu\u00f4i c\u00f3 gi\u00e1 tr\u1ecb.<\/p>\n<p>H\u1ea1t \u0111\u1eadu t\u1eb1m c\u00f3 h\u00e0m l\u01b0\u1ee3ng n\u01b0\u1edbc 70%, protein 13%, ch\u1ea5t b\u00e9o 0,7%, h\u1ee3p ch\u1ea5t hydratcacbon 11,7%, ch\u1ea5t x\u01a1 th\u00f4 37,2%, tro 1,2% v\u00e0 c\u00e1c kho\u00e1ng ch\u1ea5t Ca, P, Fe, caroten, vitamin B1, B2, PP, C, c\u00f3 ti\u1ec1m n\u0103ng tr\u1edf th\u00e0nh lo\u1ea1i rau b\u1ed5 d\u01b0\u1ee1ng cho con ng\u01b0\u1eddi v\u00e0 c\u1ea3 v\u1eadt nu\u00f4i.<\/p>\n<p><img fetchpriority=\"high\" decoding=\"async\" class=\"wp-image-14442 aligncenter\" src=\"https:\/\/havamall.vn\/wp-content\/uploads\/2020\/05\/fava-beans-1-1200x675-300x169.jpg\" alt=\"\" width=\"850\" height=\"479\" srcset=\"https:\/\/havamall.vn\/wp-content\/uploads\/2020\/05\/fava-beans-1-1200x675-300x169.jpg 300w, https:\/\/havamall.vn\/wp-content\/uploads\/2020\/05\/fava-beans-1-1200x675-430x242.jpg 430w, https:\/\/havamall.vn\/wp-content\/uploads\/2020\/05\/fava-beans-1-1200x675-150x84.jpg 150w, https:\/\/havamall.vn\/wp-content\/uploads\/2020\/05\/fava-beans-1-1200x675-700x394.jpg 700w, https:\/\/havamall.vn\/wp-content\/uploads\/2020\/05\/fava-beans-1-1200x675-768x432.jpg 768w, https:\/\/havamall.vn\/wp-content\/uploads\/2020\/05\/fava-beans-1-1200x675-1024x576.jpg 1024w, https:\/\/havamall.vn\/wp-content\/uploads\/2020\/05\/fava-beans-1-1200x675.jpg 1200w, https:\/\/havamall.vn\/wp-content\/uploads\/2020\/05\/fava-beans-1-1200x675-600x338.jpg 600w\" sizes=\"(max-width: 850px) 100vw, 850px\" \/><\/p>\n<h2>\u0110\u1eb6C \u0110I\u1ec2M N\u1ed4I B\u1eacT C\u1ee6A S\u1ea2N PH\u1ea8M<\/h2>\n<div>\n<ul>\n<li>\u0110\u1eadu n\u00e0y ch\u1ee9a h\u00e0m l\u01b0\u1ee3ng ch\u1ea5t x\u01a1 n\u00ean r\u1ea5t t\u1ed1t cho ti\u00eau h\u00f3a, gi\u00fap ng\u0103n ng\u1eeba t\u00e1o b\u00f3n n\u1ebfu b\u1ea1n ti\u00eau th\u1ee5 th\u01b0\u1eddng xuy\u00ean.<\/li>\n<li>\u0110\u1eadu c\u0169ng c\u00f3 ch\u1ee9a dinh d\u01b0\u1ee1ng th\u1ef1c v\u1eadt nh\u01b0 isoflavone gi\u00fap ng\u0103n ng\u1eeba ung th\u01b0 v\u00fa v\u00e0 l\u00e0m gi\u1ea3m n\u1ed3ng \u0111\u1ed9 cholesterol.<\/li>\n<li>Lo\u1ea1i \u0111\u1eadu n\u00e0y ch\u1ee9a c\u00e1c kho\u00e1ng ch\u1ea5t nh\u01b0 s\u1eaft, \u0111\u1ed3ng v\u00e0 mangan gi\u00fap s\u1ea3n xu\u1ea5t m\u00e1u. Ngo\u00e0i ra, ch\u00fang c\u0169ng ch\u1ee9a kali.<\/li>\n<li>Nh\u1eefng h\u1ea1t \u0111\u1eadu t\u1eb1m n\u00e0y r\u1ea5t gi\u00e0u protein v\u00e0 d\u00e0y \u0111\u1eb7c calo gi\u00fap b\u1ea1n no \u0111\u1ee7 v\u00e0 tr\u00e0n \u0111\u1ea7y n\u0103ng l\u01b0\u1ee3ng trong th\u1eddi gian d\u00e0i.<\/li>\n<li>H\u00e0m l\u01b0\u1ee3ng ch\u1ea5t x\u01a1 c\u00f3 trong nh\u1eefng h\u1ea1t \u0111\u1eadu n\u00e0y gi\u00fap ki\u1ec3m so\u00e1t n\u1ed3ng \u0111\u1ed9 cholesterol c\u1ee7a b\u1ea1n.<\/li>\n<li>\u0110\u1eadu t\u1eb1m c\u0169ng ch\u1ee9a folate. Nh\u1eefng b\u00e0 m\u1eb9 s\u1eafp sinh con c\u00f3 th\u1ec3 bao g\u1ed3m nh\u1eefng h\u1ea1t \u0111\u1eadu n\u00e0y trong ch\u1ebf \u0111\u1ed9 \u0103n u\u1ed1ng c\u1ee7a h\u1ecd.<\/li>\n<\/ul>\n<p><img decoding=\"async\" class=\"wp-image-14444 aligncenter\" src=\"https:\/\/havamall.vn\/wp-content\/uploads\/2020\/05\/large-300x222.jpg\" alt=\"\" width=\"680\" height=\"504\" srcset=\"https:\/\/havamall.vn\/wp-content\/uploads\/2020\/05\/large-300x222.jpg 300w, https:\/\/havamall.vn\/wp-content\/uploads\/2020\/05\/large-430x318.jpg 430w, https:\/\/havamall.vn\/wp-content\/uploads\/2020\/05\/large-150x111.jpg 150w, https:\/\/havamall.vn\/wp-content\/uploads\/2020\/05\/large-700x518.jpg 700w, https:\/\/havamall.vn\/wp-content\/uploads\/2020\/05\/large-768x569.jpg 768w, https:\/\/havamall.vn\/wp-content\/uploads\/2020\/05\/large-1024x758.jpg 1024w, https:\/\/havamall.vn\/wp-content\/uploads\/2020\/05\/large-1200x889.jpg 1200w, https:\/\/havamall.vn\/wp-content\/uploads\/2020\/05\/large-600x444.jpg 600w, https:\/\/havamall.vn\/wp-content\/uploads\/2020\/05\/large.jpg 1280w\" sizes=\"(max-width: 680px) 100vw, 680px\" \/><\/p>\n<\/div>\n<div>\n<h2><strong>CH\u1ea4T L\u01af\u1ee2NG \u0110\u1eacU T\u1eb0M HAVAMALL RA SAO?<\/strong><\/h2>\n<p>&gt; C\u00e1c s\u1ea3n ph\u1ea9m h\u1ea1t dinh d\u01b0\u1ee1ng c\u1ee7a Havamall \u0111\u01b0\u1ee3c nh\u1eadp kh\u1ea9u \u0111\u1ea3m b\u1ea3o \u0111\u1ea7y \u0111\u1ee7 gi\u1ea5y t\u1edd h\u1ea3i quan. Ngu\u1ed3n h\u00e0ng \u0111\u1ea3m b\u1ea3o v\u1ec1 ngu\u1ed3n g\u1ed1c xu\u1ea5t x\u1ee9 n\u00ean kh\u00e1ch h\u00e0ng c\u00f3 th\u1ec3 y\u00ean t\u00e2m v\u1ec1 ngu\u1ed3n h\u00e0ng.<\/p>\n<p>&gt; Havamall \u0111\u1eb7c bi\u1ec7t h\u01b0\u1edbng \u0111\u1ebfn c\u00e1c c\u00f4ng ty s\u1ea3n xu\u1ea5t th\u1ef1c ph\u1ea9m, nh\u00e0 h\u00e0ng, kh\u00e1ch s\u1ea1n, si\u00eau th\u1ecb v\u00e0 c\u00e1c \u0111\u1ea1i l\u00fd b\u00e1n l\u1ebb c\u1ea7n mua s\u1ed1 l\u01b0\u1ee3ng l\u1edbn \u0111\u1eadu t\u1eb1m \u0111\u1ec3 s\u1eed d\u1ee5ng l\u00e0m nguy\u00ean li\u1ec7u trong s\u1ea3n xu\u1ea5t v\u00e0 b\u00e1n l\u1ebb. B\u1ea1n c\u00f3 th\u1ec3 ho\u00e0n to\u00e0n y\u00ean t\u00e2m v\u1ec1 ch\u1ea5t l\u01b0\u1ee3ng c\u1ee7a s\u1ea3n ph\u1ea9m \u0111\u1eadu t\u1eb1m c\u1ee7a ch\u00fang t\u00f4i, \u0111\u1ea3m b\u1ea3o \u0111\u00e1p \u1ee9ng nhu c\u1ea7u c\u1ee7a kh\u00e1ch h\u00e0ng v\u1ec1 \u0111\u1ed9 t\u01b0\u01a1i ngon v\u00e0 gi\u00e1 c\u1ea3 c\u1ea1nh tranh.<\/p>\n<p>&gt; S\u1ea3n ph\u1ea9m b\u1ea1n c\u1ea7n s\u1ebd \u0111\u01b0\u1ee3c chuy\u1ec3n \u0111\u1ebfn tay b\u1ea1n trong th\u1eddi gian s\u1edbm nh\u1ea5t.<\/p>\n<p>&gt; \u0110\u1ed1i v\u1edbi s\u1ec9 kh\u1ed1i l\u01b0\u1ee3ng 10kg,\u00a0 s\u1ebd \u0111\u00f3ng g\u00f3i trong t\u00fai 1kg\/t\u00fai v\u00e0 \u0111\u00f3ng trong th\u00f9ng carton \u0111\u1ec3 g\u1eedi cho qu\u00fd kh\u00e1ch.<\/p>\n<p>&gt; \u0110\u1ed1i v\u1edbi c\u00e1c kh\u1ed1i l\u01b0\u1ee3ng t\u1eeb 25kg tr\u1edf l\u00ean, \u0111\u1eadu s\u1ebd \u0111\u01b0\u1ee3c gi\u1eef nguy\u00ean bao x\u00e1 25kg nh\u01b0 khi nh\u1eadp kh\u1ea9u t\u1eeb n\u01b0\u1edbc ngo\u00e0i v\u1ec1.<\/p>\n<p><img decoding=\"async\" class=\"wp-image-32367 aligncenter\" src=\"https:\/\/havamall.vn\/wp-content\/uploads\/2023\/08\/Screen-Shot-2023-08-24-at-3.38.24-PM-229x300.png\" alt=\"\" width=\"698\" height=\"915\" \/><\/p>\n<div>\n<h2><strong>MUA \u0110\u1eacU T\u1eb0M CH\u1ea4T L\u01af\u1ee2NG GI\u00c1 R\u1eba \u1ede \u0110\u00c2U?<\/strong><\/h2>\n<p>\u2013 Tr\u00ean th\u1ecb tr\u01b0\u1eddng c\u00f3 r\u1ea5t nhi\u1ec1u\u00a0n\u01a1i b\u00e1n h\u1ea1t\u00a0\u0111\u1eadu t\u1eb1m,\u00a0nh\u01b0ng kh\u00f4ng ph\u1ea3i \u0111\u1ecba ch\u1ec9 n\u00e0o c\u0169ng\u00a0b\u00e1n \u0111\u1eadu ch\u1ea5t l\u01b0\u1ee3ng.\u00a0Ho\u1eb7c c\u00f3 nh\u1eefng\u00a0c\u01a1 s\u1edf b\u00e1n \u0111\u1eadu \u0111\u1ecf t\u00e2y v\u1edbi gi\u00e1 qu\u00e1 cao khi\u1ebfn ng\u01b0\u1eddi ti\u00eau d\u00f9ng v\u1eabn c\u00f2n b\u0103n kho\u0103n khi mua. \u0110\u1ec3 t\u00ecm \u0111\u01b0\u1ee3c \u0111\u1ecba ch\u1ec9 uy t\u00edn chuy\u00ean\u00a0b\u00e1n \u0111\u1eadu kh\u00f4 t\u1ea1i H\u1ed3 Ch\u00ed Minh kh\u00f4ng ph\u1ea3i d\u1ec5. Th\u1ecb tr\u01b0\u1eddng\u00a0mua b\u00e1n h\u1ea1t \u0111\u1eadu \u1edf H\u1ed3 Ch\u00ed Minh\u00a0r\u1ea5t l\u1edbn, v\u00ec v\u1eady c\u00e1c b\u1ea1n n\u00ean t\u00ecm \u0111\u1ebfn nh\u1eefng \u0111\u1ecba ch\u1ec9 chuy\u00ean b\u00e1n \u0111\u1ed3 kh\u00f4 ch\u1ea5t l\u01b0\u1ee3ng.<\/p>\n<p>\u2013 N\u1ebfu b\u1ea1n \u0111ang t\u00ecm\u00a0n\u01a1i b\u00e1n \u0111\u1eadu\u00a0\u0111\u1eadu t\u1eb1m ch\u1ea5t l\u01b0\u1ee3ng gi\u00e1 r\u1ebb nh\u1ea5t th\u1ecb tr\u01b0\u1eddng\u00a0th\u00ec \u0111\u1eebng b\u1ecf qua\u00a0<a href=\"https:\/\/havamall.vn\/\">Havamall<\/a>. \u0110\u1eadu t\u1eb1m b\u00e1n t\u1ea1i Havamall\u00a0l\u00e0 s\u1ea3n ph\u1ea9m ch\u1ea5t l\u01b0\u1ee3ng nh\u1ea5t v\u00e0 c\u00f3 gi\u00e1 th\u00e0nh h\u1ee3p l\u00fd. Cam k\u1ebft kh\u00f4ng s\u1eed d\u1ee5ng ch\u1ea5t b\u1ea3o qu\u1ea3n, an to\u00e0n tuy\u1ec7t \u0111\u1ed1i cho ng\u01b0\u1eddi s\u1eed d\u1ee5ng. Khi s\u1eed d\u1ee5ng \u0111\u1eadu t\u1ea1i\u00a0Havamall, b\u1ea1n kh\u00f4ng ch\u1ec9 \u0111\u01b0\u1ee3c y\u00ean t\u00e2m v\u1ec1 ch\u1ea5t l\u01b0\u1ee3ng m\u00e0 c\u00f2n ho\u00e0n to\u00e0n y\u00ean t\u00e2m v\u1ec1 gi\u00e1 c\u1ea3.<\/p>\n<p><img loading=\"lazy\" decoding=\"async\" class=\"wp-image-32368 aligncenter\" src=\"https:\/\/havamall.vn\/wp-content\/uploads\/2023\/08\/75d783dc207e62ee43a5e259434715df-300x300.jpeg\" alt=\"\" width=\"704\" height=\"704\" srcset=\"https:\/\/havamall.vn\/wp-content\/uploads\/2023\/08\/75d783dc207e62ee43a5e259434715df-300x300.jpeg 300w, https:\/\/havamall.vn\/wp-content\/uploads\/2023\/08\/75d783dc207e62ee43a5e259434715df-600x600.jpeg 600w, https:\/\/havamall.vn\/wp-content\/uploads\/2023\/08\/75d783dc207e62ee43a5e259434715df-150x150.jpeg 150w, https:\/\/havamall.vn\/wp-content\/uploads\/2023\/08\/75d783dc207e62ee43a5e259434715df-768x768.jpeg 768w, https:\/\/havamall.vn\/wp-content\/uploads\/2023\/08\/75d783dc207e62ee43a5e259434715df-100x100.jpeg 100w, https:\/\/havamall.vn\/wp-content\/uploads\/2023\/08\/75d783dc207e62ee43a5e259434715df.jpeg 800w\" sizes=\"(max-width: 704px) 100vw, 704px\" \/><\/p>\n<h2><strong>C\u00c1CH MUA \u0110\u1eacU T\u1eb0M GI\u00c1 S\u1ec8 V\u00c0 L\u1eba T\u1ea0I HAVAMALL<\/strong><\/h2>\n<p>\u0110\u1ec3 \u0111\u1eb7t mua \u0111\u1eadu t\u1eb1m t\u1ea1i Havamall, B\u1ea1n c\u00f3 th\u1ec3 th\u1ef1c hi\u1ec7n 1 trong c\u00e1c c\u00e1ch sau:<\/p>\n<p><strong>&gt; C\u00e1ch 1:<\/strong>\u00a0Li\u00ean h\u1ec7 tr\u1ef1c ti\u1ebfp\u00a0<strong>Hotline: 0946.229.642 (Call,zalo)<\/strong><\/p>\n<p><strong>&gt;C\u00e1ch 2:<\/strong>\u00a0\u0110\u1eb7t h\u00e0ng tr\u1ef1c ti\u1ebfp t\u1ea1i website\u00a0<a href=\"https:\/\/havamall.vn\/\">havamall.vn<\/a>\u00a0\u2013 Sau khi b\u1ea1n \u0111\u1eb7t h\u00e0ng, nh\u00e2n vi\u00ean Havamall s\u1ebd ti\u1ebfp nh\u1eadn \u0111\u01a1n v\u00e0 l\u00ean \u0111\u01a1n \u0111\u1ec3 g\u1eedi cho b\u1ea1n.<\/p>\n<p>V\u1ec1 v\u1eadn chuy\u1ec3n, v\u1edbi c\u00e1c \u0111\u01a1n h\u00e0ng b\u00e1n l\u1ebb v\u00e0 \u0111\u1eadu \u0111\u1ecf t\u00e2y gi\u00e1 s\u1ec9\u00a0t\u1ea1i TP.HCM b\u1ea1n s\u1ebd nh\u1eadn \u0111\u01b0\u1ee3c h\u00e0ng trong v\u00f2ng 1 ng\u00e0y.<\/p>\n<p>\u0110\u1ed1i v\u1edbi c\u00e1c \u0111\u01a1n h\u00e0ng b\u00e1n l\u1ebb t\u1ea1i c\u00e1c t\u1ec9nh ngo\u00e0i TP.HCM, b\u1ea1n s\u1ebd nh\u1eadn \u0111\u01b0\u1ee3c h\u00e0ng sau 2-4 ng\u00e0y k\u1ec3 t\u1eeb ng\u00e0y \u0111\u1eb7t h\u00e0ng. \u0110\u1ed1i v\u1edbi c\u00e1c \u0111\u01a1n h\u00e0ng s\u1ec9 Havamall s\u1ebd h\u1ed7 tr\u1ee3 g\u1eedi ra ch\u00e0nh xe cho b\u1ea1n.<\/p>\n<\/div>\n<\/div>\n<div>\n<div><strong>GI\u00c1 CH\u1ec8 \u00c1P D\u1ee4NG CHO KH\u00c1CH S\u1ec8 KHI MUA B\u00c0O T\u1eea 25KG<\/strong><\/div>\n<\/div>","protected":false},"excerpt":{"rendered":"<p>&nbsp; \u0110\u00d4I N\u00c9T V\u1ec0 \u0110\u1eacU T\u1eb0M T\u00ean s\u1ea3n ph\u1ea9m \u0110\u1eadu t\u1eb1m Th\u00e0nh ph\u1ea7n 100% \u0111\u1eadu t\u1eb1m Kh\u1ed1i l\u01b0\u1ee3ng 1kg Xu\u1ea5t<\/p>","protected":false},"featured_media":32369,"comment_status":"open","ping_status":"closed","template":"","meta":[],"product_brand":[],"product_cat":[40],"product_tag":[],"class_list":{"0":"post-32366","1":"product","2":"type-product","3":"status-publish","4":"has-post-thumbnail","6":"product_cat-sieuthi-giasi","7":"pa_brand-skx","9":"first","10":"instock","11":"sale","12":"shipping-taxable","13":"purchasable","14":"product-type-simple"},"_links":{"self":[{"href":"https:\/\/havamall.vn\/en\/wp-json\/wp\/v2\/product\/32366"}],"collection":[{"href":"https:\/\/havamall.vn\/en\/wp-json\/wp\/v2\/product"}],"about":[{"href":"https:\/\/havamall.vn\/en\/wp-json\/wp\/v2\/types\/product"}],"replies":[{"embeddable":true,"href":"https:\/\/havamall.vn\/en\/wp-json\/wp\/v2\/comments?post=32366"}],"version-history":[{"count":0,"href":"https:\/\/havamall.vn\/en\/wp-json\/wp\/v2\/product\/32366\/revisions"}],"wp:featuredmedia":[{"embeddable":true,"href":"https:\/\/havamall.vn\/en\/wp-json\/wp\/v2\/media\/32369"}],"wp:attachment":[{"href":"https:\/\/havamall.vn\/en\/wp-json\/wp\/v2\/media?parent=32366"}],"wp:term":[{"taxonomy":"product_brand","embeddable":true,"href":"https:\/\/havamall.vn\/en\/wp-json\/wp\/v2\/product_brand?post=32366"},{"taxonomy":"product_cat","embeddable":true,"href":"https:\/\/havamall.vn\/en\/wp-json\/wp\/v2\/product_cat?post=32366"},{"taxonomy":"product_tag","embeddable":true,"href":"https:\/\/havamall.vn\/en\/wp-json\/wp\/v2\/product_tag?post=32366"}],"curies":[{"name":"wp","href":"https:\/\/api.w.org\/{rel}","templated":true}]}}