{"id":32364,"date":"2023-08-23T14:10:16","date_gmt":"2023-08-23T07:10:16","guid":{"rendered":"https:\/\/havamall.vn\/?post_type=product&#038;p=32364"},"modified":"2023-08-23T14:11:19","modified_gmt":"2023-08-23T07:11:19","slug":"dau-hat-gia-si-tot-nhat-hien-nay-dau-lang-xanh-havafoodies-1kg-green-lentils","status":"publish","type":"product","link":"https:\/\/havamall.vn\/en\/shop\/dau-hat-gia-si-tot-nhat-hien-nay-dau-lang-xanh-havafoodies-1kg-green-lentils\/","title":{"rendered":"\u0110\u1eadu\/H\u1ea1t Gi\u00e1 S\u1ec9 T\u1ed1t Nh\u1ea5t Hi\u1ec7n Nay \u2013 \u0110\u1eadu L\u0103ng Xanh Havafoodies 1KG \u2013 Green Lentils"},"content":{"rendered":"<h2><\/h2>\n<h2><strong>\u0110\u00d4I N\u00c9T V\u1ec0 \u0110\u1eacU L\u0102NG XANH<\/strong><\/h2>\n<p>\u0110\u1eadu l\u0103ng\u00a0l\u00e0 lo\u1ea1i h\u1ea1t dinh d\u01b0\u1ee1ng c\u00f9ng h\u1ecd \u0111\u1eadu v\u1edbi c\u00e1c lo\u1ea1i: \u0111\u00e2u \u0111\u1ecf, \u0111\u1eadu xanh, \u0111\u1eadu \u0111en, \u0111\u1eadu tr\u1eafng\u2026 \u0110\u01b0\u1ee3c nh\u1eadp kh\u1ea9u tr\u1ef1c ti\u1ebfp t\u1eeb M\u1ef9 \u1edf d\u1ea1ng s\u1ea5y kh\u00f4, c\u00f3 m\u00e0u v\u00e0ng nh\u1ea1t.<\/p>\n<p>\u0110\u1eadu l\u0103ng\u00a0c\u00f3 nhi\u1ec1u m\u00e0u s\u1eafc r\u1ea5t \u0111\u1eb9p m\u1eaft: v\u00e0ng, \u0111\u1ecf, cam v\u00e0 n\u00e2u. \u0110\u01b0\u1ee3c bi\u1ebft \u0111\u1ebfn kh\u00f4ng ch\u1ec9 l\u00e0 m\u1ed9t th\u1ef1c ph\u1ea9m m\u00e0 c\u00f2n c\u00f3 kh\u1ea3 n\u0103ng h\u1ed7 tr\u1ee3 ch\u1eefa b\u1ec7nh.<\/p>\n<p>\u0110\u1eadu L\u0103ng Xanh v\u1edbi h\u00e0m l\u01b0\u1ee3ng protein v\u00e0 ch\u1ea5t x\u01a1 cao, \u0111\u1eadu l\u0103ng \u0111\u1ecf l\u00e0 m\u1ed9t ngu\u1ed3n th\u1ef1c ph\u1ea9m gi\u00e0u dinh d\u01b0\u1ee1ng v\u00e0 c\u00f3 nhi\u1ec1u l\u1ee3i \u00edch cho s\u1ee9c kh\u1ecfe. S\u1ea3n ph\u1ea9m \u0110\u1eadu L\u0103ng \u0110\u1ecf c\u1ee7a ch\u00fang t\u00f4i \u0111\u01b0\u1ee3c nh\u1eadp kh\u1ea9u t\u1eeb \u1ea4n \u0110\u1ed9, \u0111\u1ea3m b\u1ea3o ch\u1ea5t l\u01b0\u1ee3ng v\u00e0 \u0111\u1ed9 t\u01b0\u01a1i ngon, quy c\u00e1ch \u0111\u00f3ng g\u00f3i l\u00e0 bao 25kg.<\/p>\n<p>\u0110\u1eadu L\u0103ng Xanh l\u00e0 nguy\u00ean li\u1ec7u c\u1ea7n thi\u1ebft cho nhi\u1ec1u c\u00f4ng th\u1ee9c \u1ea9m th\u1ef1c \u00c1 \u0110\u00f4ng, \u0111\u1eb7c bi\u1ec7t l\u00e0 c\u00e1c m\u00f3n tr\u00e1ng mi\u1ec7ng nh\u01b0 ch\u00e8 \u0111\u1eadu, b\u00e1nh flan, kem \u0111\u1eadu l\u0103ng \u0111\u1ecf. Ngo\u00e0i ra, \u0111\u1eadu l\u0103ng \u0111\u1ecf c\u00f2n \u0111\u01b0\u1ee3c s\u1eed d\u1ee5ng trong c\u00e1c m\u00f3n ch\u00e1o, n\u1ea5u s\u00fap, l\u00e0m b\u00e1nh m\u00ec v\u00e0 \u0111\u1ed3 n\u01b0\u1edbng.<\/p>\n<h4><img fetchpriority=\"high\" decoding=\"async\" class=\"wp-image-27969 aligncenter\" src=\"https:\/\/havamall.vn\/wp-content\/uploads\/2022\/07\/image-3-300x200.jpg\" alt=\"\" width=\"623\" height=\"415\" srcset=\"https:\/\/havamall.vn\/wp-content\/uploads\/2022\/07\/image-3-300x200.jpg 300w, https:\/\/havamall.vn\/wp-content\/uploads\/2022\/07\/image-3-430x287.jpg 430w, https:\/\/havamall.vn\/wp-content\/uploads\/2022\/07\/image-3-150x100.jpg 150w, https:\/\/havamall.vn\/wp-content\/uploads\/2022\/07\/image-3-700x467.jpg 700w, https:\/\/havamall.vn\/wp-content\/uploads\/2022\/07\/image-3-768x512.jpg 768w, https:\/\/havamall.vn\/wp-content\/uploads\/2022\/07\/image-3-1024x682.jpg 1024w, https:\/\/havamall.vn\/wp-content\/uploads\/2022\/07\/image-3-1200x800.jpg 1200w, https:\/\/havamall.vn\/wp-content\/uploads\/2022\/07\/image-3-600x400.jpg 600w, https:\/\/havamall.vn\/wp-content\/uploads\/2022\/07\/image-3.jpg 2000w\" sizes=\"(max-width: 623px) 100vw, 623px\" \/><\/h4>\n<h2><strong>C\u00d4NG D\u1ee4NG C\u1ee6A \u0110\u1eacU L\u0102NG<\/strong><\/h2>\n<p>\u2013 Gi\u1ea3m cholesterol x\u1ea5u nh\u1edd l\u01b0\u1ee3ng ch\u1ea5t x\u01a1 cao.<\/p>\n<p>\u2013 Cung c\u1ea5p protein v\u00e0 ch\u1ea5t x\u01a1. Th\u00edch h\u1ee3p cho ng\u01b0\u1eddi \u0103n ki\u00eang, gi\u1eef d\u00e1ng. V\u00ec ch\u1ea5t x\u01a1 n\u1ea1p v\u00e0o c\u01a1 th\u1ec3 b\u1ea1n s\u1ebd t\u1ea1o c\u1ea3m gi\u00e1c no l\u00e2u v\u00e0 gi\u1ea3m l\u01b0\u1ee3ng ch\u1ea5t b\u00e9o trong c\u01a1 th\u1ec3.<\/p>\n<p>\u2013 T\u0103ng c\u01b0\u1eddng s\u1ee9c \u0111\u1ec1 kh\u00e1ng v\u00e0 nh\u1eefng d\u01b0\u1ee1ng ch\u1ea5t thi\u1ebft y\u1ebfu cho c\u01a1 th\u1ec3 bao g\u1ed3m: canxi, magi\u00ea, vitamin v\u00e0 ch\u1ea5t kho\u00e1ng.\u00a0<em>\u0110\u1eadu l\u0103ng<\/em>\u00a0l\u00e0 ngu\u1ed3n b\u1ed5 sung n\u0103ng l\u01b0\u1ee3ng, t\u0103ng c\u01b0\u1eddng s\u1ee9c \u0111\u1ec1 kh\u00e1ng, gi\u00fap c\u01a1 th\u1ec3 ho\u1ea1t \u0111\u1ed9ng v\u00e0 trao \u0111\u1ed5i ch\u1ea5t t\u1ed1t h\u01a1n. Ng\u0103n ng\u1eeba ung th\u01b0, t\u1ed1t cho ng\u01b0\u1eddi ti\u1ec3u \u0111\u01b0\u1eddng, huy\u1ebft \u00e1p v\u00e0 x\u01b0\u01a1ng ch\u1eafc kh\u1ecfe, mang l\u1ea1i l\u00e0n da kh\u1ecfe m\u1ea1nh.<\/p>\n<p>\u2013 S\u1eed d\u1ee5ng\u00a0\u0111\u1eadu l\u0103ng\u00a0\u0111\u1ecf l\u00e0 l\u1ef1a ch\u1ecdn t\u1ed1t nh\u1ea5t cho m\u1ecdi gia \u0111\u00ecnh.<\/p>\n<p><img decoding=\"async\" class=\"wp-image-19821 aligncenter\" src=\"https:\/\/havamall.vn\/wp-content\/uploads\/2021\/05\/k-300x200.jpg\" alt=\"\" width=\"629\" height=\"419\" srcset=\"https:\/\/havamall.vn\/wp-content\/uploads\/2021\/05\/k-300x200.jpg 300w, https:\/\/havamall.vn\/wp-content\/uploads\/2021\/05\/k-430x287.jpg 430w, https:\/\/havamall.vn\/wp-content\/uploads\/2021\/05\/k-150x100.jpg 150w, https:\/\/havamall.vn\/wp-content\/uploads\/2021\/05\/k-700x467.jpg 700w, https:\/\/havamall.vn\/wp-content\/uploads\/2021\/05\/k-768x512.jpg 768w, https:\/\/havamall.vn\/wp-content\/uploads\/2021\/05\/k-600x400.jpg 600w, https:\/\/havamall.vn\/wp-content\/uploads\/2021\/05\/k.jpg 780w\" sizes=\"(max-width: 629px) 100vw, 629px\" \/><\/p>\n<h2><strong>CH\u1ea4T L\u01af\u1ee2NG \u0110\u1eacU L\u0102NG XANH \u1ede HAVAMALL RA SAO?<\/strong><\/h2>\n<p>&gt; C\u00e1c s\u1ea3n ph\u1ea9m h\u1ea1t dinh d\u01b0\u1ee1ng c\u1ee7a Havamall \u0111\u01b0\u1ee3c nh\u1eadp kh\u1ea9u \u0111\u1ea3m b\u1ea3o \u0111\u1ea7y \u0111\u1ee7 gi\u1ea5y t\u1edd h\u1ea3i quan. Ngu\u1ed3n h\u00e0ng \u0111\u1ea3m b\u1ea3o v\u1ec1 ngu\u1ed3n g\u1ed1c xu\u1ea5t x\u1ee9 n\u00ean kh\u00e1ch h\u00e0ng c\u00f3 th\u1ec3 y\u00ean t\u00e2m v\u1ec1 ngu\u1ed3n h\u00e0ng.<\/p>\n<p>&gt; Havamall \u0111\u1eb7c bi\u1ec7t h\u01b0\u1edbng \u0111\u1ebfn c\u00e1c c\u00f4ng ty s\u1ea3n xu\u1ea5t th\u1ef1c ph\u1ea9m, nh\u00e0 h\u00e0ng, kh\u00e1ch s\u1ea1n, si\u00eau th\u1ecb v\u00e0 c\u00e1c \u0111\u1ea1i l\u00fd b\u00e1n l\u1ebb c\u1ea7n mua s\u1ed1 l\u01b0\u1ee3ng l\u1edbn \u0110\u1eadu L\u0103ng Xanh \u0111\u1ec3 s\u1eed d\u1ee5ng l\u00e0m nguy\u00ean li\u1ec7u trong s\u1ea3n xu\u1ea5t v\u00e0 b\u00e1n l\u1ebb. B\u1ea1n c\u00f3 th\u1ec3 ho\u00e0n to\u00e0n y\u00ean t\u00e2m v\u1ec1 ch\u1ea5t l\u01b0\u1ee3ng c\u1ee7a s\u1ea3n ph\u1ea9m \u0110\u1eadu L\u0103ng Xanh c\u1ee7a ch\u00fang t\u00f4i, \u0111\u1ea3m b\u1ea3o \u0111\u00e1p \u1ee9ng nhu c\u1ea7u c\u1ee7a kh\u00e1ch h\u00e0ng v\u1ec1 \u0111\u1ed9 t\u01b0\u01a1i ngon v\u00e0 gi\u00e1 c\u1ea3 c\u1ea1nh tranh.<\/p>\n<p>&gt; S\u1ea3n ph\u1ea9m b\u1ea1n c\u1ea7n s\u1ebd \u0111\u01b0\u1ee3c chuy\u1ec3n \u0111\u1ebfn tay b\u1ea1n trong th\u1eddi gian s\u1edbm nh\u1ea5t.<\/p>\n<p>&gt; \u0110\u1ed1i v\u1edbi s\u1ec9 kh\u1ed1i l\u01b0\u1ee3ng 10kg,\u00a0 s\u1ebd \u0111\u00f3ng g\u00f3i trong t\u00fai 1kg\/t\u00fai v\u00e0 \u0111\u00f3ng trong th\u00f9ng carton \u0111\u1ec3 g\u1eedi cho qu\u00fd kh\u00e1ch.<\/p>\n<p>&gt; \u0110\u1ed1i v\u1edbi c\u00e1c kh\u1ed1i l\u01b0\u1ee3ng t\u1eeb 25kg tr\u1edf l\u00ean, \u0110\u1eadu l\u0103ng \u0111\u1ecf s\u1ebd \u0111\u01b0\u1ee3c gi\u1eef nguy\u00ean bao x\u00e1 25kg nh\u01b0 khi nh\u1eadp kh\u1ea9u t\u1eeb n\u01b0\u1edbc ngo\u00e0i v\u1ec1.<\/p>\n<p><img decoding=\"async\" class=\"aligncenter\" src=\"https:\/\/havamall.vn\/wp-content\/uploads\/2022\/07\/Green-Lentil-Soup.png\" alt=\"28 Best Green Lentil Recipes - Insanely Good\" width=\"619\" height=\"324\" \/><\/p>\n<div>\n<h2><strong>MUA \u0110\u1eacU L\u0102NG XANH CH\u1ea4T L\u01af\u1ee2NG GI\u00c1 R\u1eba \u1ede \u0110\u00c2U?<\/strong><\/h2>\n<p>\u2013 Tr\u00ean th\u1ecb tr\u01b0\u1eddng c\u00f3 r\u1ea5t nhi\u1ec1u\u00a0n\u01a1i b\u00e1n h\u1ea1t \u0111\u1eadu l\u0103ng,\u00a0nh\u01b0ng kh\u00f4ng ph\u1ea3i \u0111\u1ecba ch\u1ec9 n\u00e0o c\u0169ng\u00a0b\u00e1n \u0111\u1eadu ch\u1ea5t l\u01b0\u1ee3ng.\u00a0Ho\u1eb7c c\u00f3 nh\u1eefng\u00a0c\u01a1 s\u1edf b\u00e1n h\u1ea1t \u0111\u1eadu l\u0103ng v\u1edbi gi\u00e1 qu\u00e1 cao khi\u1ebfn ng\u01b0\u1eddi ti\u00eau d\u00f9ng v\u1eabn c\u00f2n b\u0103n kho\u0103n khi mua. \u0110\u1ec3 t\u00ecm \u0111\u01b0\u1ee3c \u0111\u1ecba ch\u1ec9 uy t\u00edn chuy\u00ean\u00a0b\u00e1n h\u1ea1t \u0111\u1eadu l\u0103ng t\u1ea1i H\u1ed3 Ch\u00ed Minh kh\u00f4ng ph\u1ea3i d\u1ec5. Th\u1ecb tr\u01b0\u1eddng\u00a0mua b\u00e1n h\u1ea1t \u0111\u1eadu \u1edf H\u1ed3 Ch\u00ed Minh\u00a0r\u1ea5t l\u1edbn, v\u00ec v\u1eady c\u00e1c b\u1ea1n n\u00ean t\u00ecm \u0111\u1ebfn nh\u1eefng \u0111\u1ecba ch\u1ec9 chuy\u00ean b\u00e1n \u0111\u1ed3 kh\u00f4 ch\u1ea5t l\u01b0\u1ee3ng.<\/p>\n<p>\u2013 N\u1ebfu b\u1ea1n \u0111ang t\u00ecm\u00a0n\u01a1i b\u00e1n h\u1ea1t \u0111\u1eadu l\u0103ng ch\u1ea5t l\u01b0\u1ee3ng gi\u00e1 r\u1ebb nh\u1ea5t th\u1ecb tr\u01b0\u1eddng\u00a0th\u00ec \u0111\u1eebng b\u1ecf qua\u00a0<a href=\"https:\/\/havamall.vn\/\">Havamall<\/a>. \u0110\u1eadu l\u0103ng \u0111\u1ecf b\u00e1n t\u1ea1i Havamall\u00a0l\u00e0 s\u1ea3n ph\u1ea9m ch\u1ea5t l\u01b0\u1ee3ng nh\u1ea5t v\u00e0 c\u00f3 gi\u00e1 th\u00e0nh h\u1ee3p l\u00fd. Cam k\u1ebft kh\u00f4ng s\u1eed d\u1ee5ng ch\u1ea5t b\u1ea3o qu\u1ea3n, an to\u00e0n tuy\u1ec7t \u0111\u1ed1i cho ng\u01b0\u1eddi s\u1eed d\u1ee5ng. Khi s\u1eed d\u1ee5ng \u0111\u1eadu l\u0103ng t\u1ea1i\u00a0Havamall, b\u1ea1n kh\u00f4ng ch\u1ec9 \u0111\u01b0\u1ee3c y\u00ean t\u00e2m v\u1ec1 ch\u1ea5t l\u01b0\u1ee3ng m\u00e0 c\u00f2n ho\u00e0n to\u00e0n y\u00ean t\u00e2m v\u1ec1 gi\u00e1 c\u1ea3.<\/p>\n<p><img loading=\"lazy\" decoding=\"async\" class=\"wp-image-27970 aligncenter\" src=\"https:\/\/havamall.vn\/wp-content\/uploads\/2022\/07\/Lentil-Dal_square-300x300.jpg\" alt=\"\" width=\"640\" height=\"640\" srcset=\"https:\/\/havamall.vn\/wp-content\/uploads\/2022\/07\/Lentil-Dal_square-300x300.jpg 300w, https:\/\/havamall.vn\/wp-content\/uploads\/2022\/07\/Lentil-Dal_square-430x430.jpg 430w, https:\/\/havamall.vn\/wp-content\/uploads\/2022\/07\/Lentil-Dal_square-150x150.jpg 150w, https:\/\/havamall.vn\/wp-content\/uploads\/2022\/07\/Lentil-Dal_square-700x700.jpg 700w, https:\/\/havamall.vn\/wp-content\/uploads\/2022\/07\/Lentil-Dal_square-768x768.jpg 768w, https:\/\/havamall.vn\/wp-content\/uploads\/2022\/07\/Lentil-Dal_square-600x600.jpg 600w, https:\/\/havamall.vn\/wp-content\/uploads\/2022\/07\/Lentil-Dal_square-100x100.jpg 100w, https:\/\/havamall.vn\/wp-content\/uploads\/2022\/07\/Lentil-Dal_square.jpg 1000w\" sizes=\"(max-width: 640px) 100vw, 640px\" \/><\/p>\n<h2><strong>C\u00c1CH MUA \u0110\u1eacU L\u0102NG XANH GI\u00c1 S\u1ec8 V\u00c0 L\u1eba T\u1ea0I HAVAMALL<\/strong><\/h2>\n<p>\u0110\u1ec3 \u0111\u1eb7t mua h\u1ea1t \u0110\u1eadu l\u0103ng xanh t\u1ea1i Havamall, B\u1ea1n c\u00f3 th\u1ec3 th\u1ef1c hi\u1ec7n 1 trong c\u00e1c c\u00e1ch sau:<\/p>\n<p><strong>&gt; C\u00e1ch 1:<\/strong>\u00a0Li\u00ean h\u1ec7 tr\u1ef1c ti\u1ebfp\u00a0<strong>Hotline: 0946.229.642 (Call,zalo)<\/strong><\/p>\n<p><strong>&gt;C\u00e1ch 2:<\/strong>\u00a0\u0110\u1eb7t h\u00e0ng tr\u1ef1c ti\u1ebfp t\u1ea1i website\u00a0<a href=\"https:\/\/havamall.vn\/\">havamall.vn<\/a>\u00a0\u2013 Sau khi b\u1ea1n \u0111\u1eb7t h\u00e0ng, nh\u00e2n vi\u00ean Havamall s\u1ebd ti\u1ebfp nh\u1eadn \u0111\u01a1n v\u00e0 l\u00ean \u0111\u01a1n \u0111\u1ec3 g\u1eedi cho b\u1ea1n.<\/p>\n<p>V\u1ec1 v\u1eadn chuy\u1ec3n, v\u1edbi c\u00e1c \u0111\u01a1n h\u00e0ng b\u00e1n l\u1ebb v\u00e0\u00a0h\u1ea1t \u0111\u1eadu l\u0103ng \u0111\u1ecf gi\u00e1 s\u1ec9\u00a0t\u1ea1i TP.HCM b\u1ea1n s\u1ebd nh\u1eadn \u0111\u01b0\u1ee3c h\u00e0ng trong v\u00f2ng 1 ng\u00e0y.<\/p>\n<p>\u0110\u1ed1i v\u1edbi c\u00e1c \u0111\u01a1n h\u00e0ng b\u00e1n l\u1ebb t\u1ea1i c\u00e1c t\u1ec9nh ngo\u00e0i TP.HCM, b\u1ea1n s\u1ebd nh\u1eadn \u0111\u01b0\u1ee3c h\u00e0ng sau 2-4 ng\u00e0y k\u1ec3 t\u1eeb ng\u00e0y \u0111\u1eb7t h\u00e0ng. \u0110\u1ed1i v\u1edbi c\u00e1c \u0111\u01a1n h\u00e0ng s\u1ec9 Havamall s\u1ebd h\u1ed7 tr\u1ee3 g\u1eedi ra ch\u00e0nh xe cho b\u1ea1n.<\/p>\n<p><strong>GI\u00c1 CH\u1ec8 \u00c1P D\u1ee4NG CHO KH\u00c1CH S\u1ec8 KHI MUA B\u00c0O T\u1eea 25KG<\/strong><\/p>\n<\/div>","protected":false},"excerpt":{"rendered":"<p>\u0110\u00d4I N\u00c9T V\u1ec0 \u0110\u1eacU L\u0102NG XANH \u0110\u1eadu l\u0103ng\u00a0l\u00e0 lo\u1ea1i h\u1ea1t dinh d\u01b0\u1ee1ng c\u00f9ng h\u1ecd \u0111\u1eadu v\u1edbi c\u00e1c lo\u1ea1i: \u0111\u00e2u \u0111\u1ecf,<\/p>","protected":false},"featured_media":32365,"comment_status":"open","ping_status":"closed","template":"","meta":[],"product_brand":[],"product_cat":[256,40],"product_tag":[],"class_list":{"0":"post-32364","1":"product","2":"type-product","3":"status-publish","4":"has-post-thumbnail","6":"product_cat-thuc-pham-huu-co","7":"product_cat-sieuthi-giasi","9":"first","10":"instock","11":"sale","12":"shipping-taxable","13":"purchasable","14":"product-type-simple"},"_links":{"self":[{"href":"https:\/\/havamall.vn\/en\/wp-json\/wp\/v2\/product\/32364"}],"collection":[{"href":"https:\/\/havamall.vn\/en\/wp-json\/wp\/v2\/product"}],"about":[{"href":"https:\/\/havamall.vn\/en\/wp-json\/wp\/v2\/types\/product"}],"replies":[{"embeddable":true,"href":"https:\/\/havamall.vn\/en\/wp-json\/wp\/v2\/comments?post=32364"}],"version-history":[{"count":0,"href":"https:\/\/havamall.vn\/en\/wp-json\/wp\/v2\/product\/32364\/revisions"}],"wp:featuredmedia":[{"embeddable":true,"href":"https:\/\/havamall.vn\/en\/wp-json\/wp\/v2\/media\/32365"}],"wp:attachment":[{"href":"https:\/\/havamall.vn\/en\/wp-json\/wp\/v2\/media?parent=32364"}],"wp:term":[{"taxonomy":"product_brand","embeddable":true,"href":"https:\/\/havamall.vn\/en\/wp-json\/wp\/v2\/product_brand?post=32364"},{"taxonomy":"product_cat","embeddable":true,"href":"https:\/\/havamall.vn\/en\/wp-json\/wp\/v2\/product_cat?post=32364"},{"taxonomy":"product_tag","embeddable":true,"href":"https:\/\/havamall.vn\/en\/wp-json\/wp\/v2\/product_tag?post=32364"}],"curies":[{"name":"wp","href":"https:\/\/api.w.org\/{rel}","templated":true}]}}