{"id":32346,"date":"2023-08-17T15:10:00","date_gmt":"2023-08-17T08:10:00","guid":{"rendered":"https:\/\/havamall.vn\/?post_type=product&#038;p=32346"},"modified":"2023-12-05T17:13:58","modified_gmt":"2023-12-05T10:13:58","slug":"thung-24-lon-nuoc-tang-luc-vigor-250ml-lon-vigor-power-energy-drink","status":"publish","type":"product","link":"https:\/\/havamall.vn\/en\/shop\/thung-24-lon-nuoc-tang-luc-vigor-250ml-lon-vigor-power-energy-drink\/","title":{"rendered":"Th\u00f9ng 24 Lon N\u01b0\u1edbc T\u0103ng L\u1ef1c Vigor 250ml\/Lon &#8211; Vigor Power Energy Drink"},"content":{"rendered":"<p>&nbsp;<\/p>\n<h2><strong>TH\u00d4NG TIN CHUNG<\/strong><\/h2>\n<table>\n<tbody>\n<tr>\n<td>Th\u01b0\u01a1ng hi\u1ec7u<\/td>\n<td>Vigor<\/td>\n<\/tr>\n<tr>\n<td>Xu\u1ea5t x\u1ee9<\/td>\n<td>Malaysia<\/td>\n<\/tr>\n<tr>\n<td>Th\u00e0nh ph\u1ea7n<\/td>\n<td>\u0110\u01b0\u1eddng fructose, vitamin b3, vitamin b6, vitamin b12,&#8230;<\/td>\n<\/tr>\n<tr>\n<td>H\u1ea1n s\u1eed d\u1ee5ng<\/td>\n<td>24 th\u00e1ng k\u1ec3 t\u1eeb ng\u00e0y s\u1ea3n xu\u1ea5t<\/td>\n<\/tr>\n<tr>\n<td>B\u1ea3o qu\u1ea3n<\/td>\n<td>\u0110\u1ec3 n\u01a1i kh\u00f4 r\u00e1o, tho\u00e1ng m\u00e1t, tr\u00e1nh \u00e1nh n\u1eafng tr\u1ef1c ti\u1ebfp<\/td>\n<\/tr>\n<tr>\n<td>Th\u1ec3 t\u00edch<\/td>\n<td>250ml\/lon<\/td>\n<\/tr>\n<\/tbody>\n<\/table>\n<p>N\u01b0\u1edbc t\u0103ng l\u1ef1c l\u00e0 lo\u1ea1i th\u1ee9c u\u1ed1ng quen thu\u1ed9c, s\u1edf h\u1eefu th\u1ecb ph\u1ea7n v\u00e0 m\u1ee9c ti\u00eau th\u1ee5 l\u1edbn trong ng\u00e0nh \u0111\u1ed3 u\u1ed1ng Vi\u1ec7t Nam.\u00a0Tr\u1ea3i qua qu\u00e1 tr\u00ecnh\u00a0nghi\u00ean c\u1ee9u ch\u1ebf bi\u1ebfn n\u01b0\u1edbc t\u0103ng l\u1ef1c\u00a0nghi\u00eam ng\u1eb7t, Vigor l\u00e0 d\u00f2ng s\u1ea3n ph\u1ea9m mang h\u01b0\u01a1ng v\u1ecb t\u1ef1 nhi\u00ean, th\u01a1m ngon, th\u00edch h\u1ee3p cho c\u00e1c chuy\u1ebfn d\u00e3 ngo\u1ea1i c\u00f9ng b\u1ea1n b\u00e8. N\u01b0\u1edbc t\u0103ng l\u1ef1c Vigor c\u00f3 v\u1ecb d\u01b0a h\u1ea5u v\u00e0 the m\u00e1t \u0111\u1eb7c tr\u01b0ng, mang \u0111\u1ebfn c\u1ea3m gi\u00e1c t\u01b0\u01a1i m\u1edbi ngay t\u1eeb l\u1ea7n th\u1eed \u0111\u1ea7u ti\u00ean.<\/p>\n<p><img fetchpriority=\"high\" decoding=\"async\" class=\"wp-image-32347 aligncenter\" src=\"https:\/\/havamall.vn\/wp-content\/uploads\/2023\/08\/349828357_166520873055990_7198837636541558940_n-300x300.jpeg\" alt=\"\" width=\"734\" height=\"734\" srcset=\"https:\/\/havamall.vn\/wp-content\/uploads\/2023\/08\/349828357_166520873055990_7198837636541558940_n-300x300.jpeg 300w, https:\/\/havamall.vn\/wp-content\/uploads\/2023\/08\/349828357_166520873055990_7198837636541558940_n-600x600.jpeg 600w, https:\/\/havamall.vn\/wp-content\/uploads\/2023\/08\/349828357_166520873055990_7198837636541558940_n-150x150.jpeg 150w, https:\/\/havamall.vn\/wp-content\/uploads\/2023\/08\/349828357_166520873055990_7198837636541558940_n-768x768.jpeg 768w, https:\/\/havamall.vn\/wp-content\/uploads\/2023\/08\/349828357_166520873055990_7198837636541558940_n-1024x1024.jpeg 1024w, https:\/\/havamall.vn\/wp-content\/uploads\/2023\/08\/349828357_166520873055990_7198837636541558940_n-100x100.jpeg 100w, https:\/\/havamall.vn\/wp-content\/uploads\/2023\/08\/349828357_166520873055990_7198837636541558940_n.jpeg 1080w\" sizes=\"(max-width: 734px) 100vw, 734px\" \/><\/p>\n<p><span style=\"font-weight: 400;\">Th\u1ee9c u\u1ed1ng n\u0103ng l\u01b0\u1ee3ng Vigor Power Energy l\u00e0 m\u1ed9t th\u1ee9c u\u1ed1ng t\u0103ng c\u01b0\u1eddng n\u0103ng l\u01b0\u1ee3ng kh\u00f4ng c\u1ed3n \u0111\u01b0\u1ee3c s\u1ea3n xu\u1ea5t b\u1eb1ng c\u00e1ch s\u1eed d\u1ee5ng c\u00e1c th\u00e0nh ph\u1ea7n ch\u1ea5t l\u01b0\u1ee3ng cao nh\u01b0 vitamin, taurine, caffeine v\u00e0 caffeine.<\/span><\/p>\n<p><span style=\"font-weight: 400;\">\u0110\u1ed3 u\u1ed1ng n\u0103ng l\u01b0\u1ee3ng Vigor Power \u0111\u01b0\u1ee3c \u0111\u00f3ng g\u00f3i h\u1ea5p <\/span><span style=\"font-weight: 400;\">d\u1eabn trong lon nh\u00f4m 250ml. Vigor \u0111i\u1ec7n n\u0103ng l\u01b0\u1ee3ng u\u1ed1ng t\u0103ng c\u01b0\u1eddng s\u1ef1 t\u1ec9nh t\u00e1o v\u00e0 cho ph\u00e9p ng\u01b0\u1eddi d\u00f9ng c\u1ee7a m\u00ecnh \u0111\u1ec3 \u0111\u01b0a v\u00e0o cu\u1ed9c s\u1ed1ng th\u00e1ch th\u1ee9c.<\/span><\/p>\n<p><img decoding=\"async\" class=\"wp-image-32348 aligncenter\" src=\"https:\/\/havamall.vn\/wp-content\/uploads\/2023\/08\/364779620_625457043021908_7040696205185760177_n-300x300.jpeg\" alt=\"\" width=\"751\" height=\"751\" srcset=\"https:\/\/havamall.vn\/wp-content\/uploads\/2023\/08\/364779620_625457043021908_7040696205185760177_n-300x300.jpeg 300w, https:\/\/havamall.vn\/wp-content\/uploads\/2023\/08\/364779620_625457043021908_7040696205185760177_n-600x600.jpeg 600w, https:\/\/havamall.vn\/wp-content\/uploads\/2023\/08\/364779620_625457043021908_7040696205185760177_n-150x150.jpeg 150w, https:\/\/havamall.vn\/wp-content\/uploads\/2023\/08\/364779620_625457043021908_7040696205185760177_n-768x768.jpeg 768w, https:\/\/havamall.vn\/wp-content\/uploads\/2023\/08\/364779620_625457043021908_7040696205185760177_n-1024x1024.jpeg 1024w, https:\/\/havamall.vn\/wp-content\/uploads\/2023\/08\/364779620_625457043021908_7040696205185760177_n-100x100.jpeg 100w, https:\/\/havamall.vn\/wp-content\/uploads\/2023\/08\/364779620_625457043021908_7040696205185760177_n.jpeg 1080w\" sizes=\"(max-width: 751px) 100vw, 751px\" \/><\/p>\n<p>N\u01b0\u1edbc t\u0103ng l\u1ef1c\u00a0<span style=\"font-weight: 400;\">Vigor<\/span> l\u00e0 th\u1ee9c u\u1ed1ng h\u1ed7 tr\u1ee3 gi\u1ea3i kh\u00e1t nhanh ch\u00f3ng, b\u1ed5 sung c\u00e1c d\u01b0\u1ee1ng ch\u1ea5t sau ng\u00e0y d\u00e0i l\u00e0m vi\u1ec7c, gi\u00fap c\u01a1 th\u1ec3 b\u1eebng t\u1ec9nh trong khi m\u1ec7t m\u1ecfi. S\u1ea3n ph\u1ea9m \u0111\u01b0\u1ee3c t\u1ea1o n\u00ean t\u1eeb nh\u1eefng th\u00e0nh ph\u1ea7n t\u1ef1 nhi\u00ean n\u00ean \u0111\u1ea3m b\u1ea3o an to\u00e0n cho ng\u01b0\u1eddi d\u00f9ng<\/p>\n<p>N\u01b0\u1edbc t\u0103ng l\u1ef1c\u00a0<span style=\"font-weight: 400;\">Vigor<\/span> v\u1edbi th\u00e0nh ph\u1ea7n t\u1ef1 nhi\u00ean, m\u00f9i v\u1ecb th\u01a1m ngon, s\u1ea3ng kho\u00e1i.\u00a06 lon n\u01b0\u1edbc t\u0103ng l\u1ef1c N\u01b0\u1edbc t\u0103ng l\u1ef1c\u00a0<span style=\"font-weight: 400;\">Vigor<\/span> gi\u00fap c\u01a1 th\u1ec3 b\u00f9 \u0111\u1eafp n\u01b0\u1edbc, b\u1ed5 sung n\u0103ng l\u01b0\u1ee3ng, vitamin v\u00e0 c\u00e1c kho\u00e1ng ch\u1ea5t.\u00a0N\u01b0\u1edbc t\u0103ng l\u1ef1c\u00a0kh\u00f4ng c\u00f3 \u0111\u01b0\u1eddng h\u00f3a h\u1ecdc v\u00e0 h\u00f3a ch\u1ea5t \u0111\u1ed9c h\u1ea1i, \u0111\u1ea3m b\u1ea3o an to\u00e0n cho ng\u01b0\u1eddi s\u1eed d\u1ee5ng.<\/p>\n<p><img decoding=\"async\" class=\"wp-image-32353 aligncenter\" src=\"https:\/\/havamall.vn\/wp-content\/uploads\/2023\/08\/342553487_2500885040049582_8810197297017774984_n-1-300x278.jpeg\" alt=\"\" width=\"754\" height=\"698\" srcset=\"https:\/\/havamall.vn\/wp-content\/uploads\/2023\/08\/342553487_2500885040049582_8810197297017774984_n-1-300x278.jpeg 300w, https:\/\/havamall.vn\/wp-content\/uploads\/2023\/08\/342553487_2500885040049582_8810197297017774984_n-1-600x555.jpeg 600w, https:\/\/havamall.vn\/wp-content\/uploads\/2023\/08\/342553487_2500885040049582_8810197297017774984_n-1-768x710.jpeg 768w, https:\/\/havamall.vn\/wp-content\/uploads\/2023\/08\/342553487_2500885040049582_8810197297017774984_n-1-1024x947.jpeg 1024w, https:\/\/havamall.vn\/wp-content\/uploads\/2023\/08\/342553487_2500885040049582_8810197297017774984_n-1.jpeg 1080w\" sizes=\"(max-width: 754px) 100vw, 754px\" \/><\/p>\n<h2><strong>\u0110\u1eb6C \u0110I\u1ec2M N\u1ed4I B\u1eacT C\u1ee6A S\u1ea2N PH\u1ea8M<\/strong><\/h2>\n<ul>\n<li style=\"font-weight: 400;\"><span style=\"font-weight: 400;\">C\u00f3 v\u1ecb d\u01b0a h\u1ea5u v\u00e0 the m\u00e1t. Th\u00e0nh ph\u1ea7n t\u1ef1 nhi\u00ean, m\u00f9i v\u1ecb th\u01a1m ngon, s\u1ea3ng kho\u00e1i.\u00a0<\/span><\/li>\n<li style=\"font-weight: 400;\"><span style=\"font-weight: 400;\">S\u1ea3n ph\u1ea9m gi\u00fap c\u01a1 th\u1ec3 b\u00f9 \u0111\u1eafp n\u01b0\u1edbc, b\u1ed5 sung n\u0103ng l\u01b0\u1ee3ng, vitamin C v\u00e0 E, gi\u00fap xua tan c\u01a1n kh\u00e1t v\u00e0 c\u1ea3m gi\u00e1c m\u1ec7t m\u1ecfi.<\/span><\/li>\n<li style=\"font-weight: 400;\"><span style=\"font-weight: 400;\">S\u1ea3n xu\u1ea5t tr\u00ean quy tr\u00ecnh c\u00f4ng ngh\u1ec7 hi\u1ec7n \u0111\u1ea1i, th\u00f4ng qua quy tr\u00ecnh ki\u1ec3m duy\u1ec7t ch\u1eb7t ch\u1ebd.<\/span><\/li>\n<li style=\"font-weight: 400;\"><span style=\"font-weight: 400;\">N\u01b0\u1edbc t\u0103ng l\u1ef1c Virgo kh\u00f4ng c\u00f3 \u0111\u01b0\u1eddng h\u00f3a h\u1ecdc, kh\u00f4ng ch\u1ee9a h\u00f3a ch\u1ea5t \u0111\u1ed9c h\u1ea1i, \u0111\u1ea3m b\u1ea3o an to\u00e0n cho ng\u01b0\u1eddi s\u1eed d\u1ee5ng.<\/span><\/li>\n<li style=\"font-weight: 400;\"><span style=\"font-weight: 400;\">\u0110\u01b0\u1ee3c \u0111\u00f3ng lon 250ml nh\u1ecf g\u1ecdn, d\u1ec5 b\u1ea3o qu\u1ea3n v\u00e0 d\u00f9ng \u0111\u01b0\u1ee3c l\u00e2u. Ng\u01b0\u1eddi d\u00f9ng c\u00f3 th\u1ec3 mang theo d\u1ec5 d\u00e0ng khi \u0111i h\u1ecdc, \u0111i l\u00e0m hay trong nh\u1eefng chuy\u1ebfn \u0111i ch\u01a1i, picnic.<\/span><\/li>\n<\/ul>\n<h2><img loading=\"lazy\" decoding=\"async\" class=\"wp-image-32350 aligncenter\" src=\"https:\/\/havamall.vn\/wp-content\/uploads\/2023\/08\/324666522_1655524464909021_1326730468025276718_n-300x300.jpeg\" alt=\"\" width=\"750\" height=\"750\" srcset=\"https:\/\/havamall.vn\/wp-content\/uploads\/2023\/08\/324666522_1655524464909021_1326730468025276718_n-300x300.jpeg 300w, https:\/\/havamall.vn\/wp-content\/uploads\/2023\/08\/324666522_1655524464909021_1326730468025276718_n-600x600.jpeg 600w, https:\/\/havamall.vn\/wp-content\/uploads\/2023\/08\/324666522_1655524464909021_1326730468025276718_n-150x150.jpeg 150w, https:\/\/havamall.vn\/wp-content\/uploads\/2023\/08\/324666522_1655524464909021_1326730468025276718_n-768x768.jpeg 768w, https:\/\/havamall.vn\/wp-content\/uploads\/2023\/08\/324666522_1655524464909021_1326730468025276718_n-1024x1024.jpeg 1024w, https:\/\/havamall.vn\/wp-content\/uploads\/2023\/08\/324666522_1655524464909021_1326730468025276718_n-100x100.jpeg 100w, https:\/\/havamall.vn\/wp-content\/uploads\/2023\/08\/324666522_1655524464909021_1326730468025276718_n.jpeg 1080w\" sizes=\"(max-width: 750px) 100vw, 750px\" \/><\/h2>\n<h2><strong>H\u01af\u1edaNG D\u1eaaN S\u1eec D\u1ee4NG V\u00c0 B\u1ea2O QU\u1ea2N<\/strong><\/h2>\n<p>&#8211; D\u00f9ng u\u1ed1ng tr\u1ef1c ti\u1ebfp. Ngon h\u01a1n khi u\u1ed1ng l\u1ea1nh. N\u00ean u\u1ed1ng ngay sau khi m\u1edf n\u1eafp chai<\/p>\n<p>&#8211; Kh\u00f4ng ph\u00f9 h\u1ee3p v\u1edbi ng\u01b0\u1eddi b\u1ec7nh ti\u1ec3u \u0111\u01b0\u1eddng, ph\u1ee5 n\u1eef c\u00f3 thai ho\u1eb7c ng\u01b0\u1eddi nh\u1ea1y c\u1ea3m v\u1edbi caffein<\/p>\n<p>&#8211; S\u1ea3n ph\u1ea9m b\u1ea3o qu\u1ea3n \u1edf nhi\u1ec7t \u0111\u1ed9 th\u01b0\u1eddng, t\u1ed1t nh\u1ea5t d\u01b0\u1edbi 30 \u0111\u1ed9 C, t\u1ed1i \u0111a 35 \u0111\u1ed9 C tr\u00e1nh \u00e1nh n\u1eafng tr\u1ef1c ti\u1ebfp.Sau khi m\u1edf n\u1eafp, n\u1ebfu u\u1ed1ng kh\u00f4ng h\u1ebft c\u00f3 th\u1ec3 b\u1ea3o qu\u1ea3n l\u1ea1nh \u1edf 4-10 \u0111\u1ed9 C v\u00e0 s\u1eed d\u1ee5ng h\u1ebft trong v\u00f2ng 3 ng\u00e0y.<\/p>\n<p><img loading=\"lazy\" decoding=\"async\" class=\"wp-image-32351 aligncenter\" src=\"https:\/\/havamall.vn\/wp-content\/uploads\/2023\/08\/359849512_614997524067860_3410307162140615242_n-300x300.jpeg\" alt=\"\" width=\"754\" height=\"754\" srcset=\"https:\/\/havamall.vn\/wp-content\/uploads\/2023\/08\/359849512_614997524067860_3410307162140615242_n-300x300.jpeg 300w, https:\/\/havamall.vn\/wp-content\/uploads\/2023\/08\/359849512_614997524067860_3410307162140615242_n-600x600.jpeg 600w, https:\/\/havamall.vn\/wp-content\/uploads\/2023\/08\/359849512_614997524067860_3410307162140615242_n-150x150.jpeg 150w, https:\/\/havamall.vn\/wp-content\/uploads\/2023\/08\/359849512_614997524067860_3410307162140615242_n-768x768.jpeg 768w, https:\/\/havamall.vn\/wp-content\/uploads\/2023\/08\/359849512_614997524067860_3410307162140615242_n-1024x1024.jpeg 1024w, https:\/\/havamall.vn\/wp-content\/uploads\/2023\/08\/359849512_614997524067860_3410307162140615242_n-100x100.jpeg 100w, https:\/\/havamall.vn\/wp-content\/uploads\/2023\/08\/359849512_614997524067860_3410307162140615242_n.jpeg 1080w\" sizes=\"(max-width: 754px) 100vw, 754px\" \/><\/p>","protected":false},"excerpt":{"rendered":"<p>&nbsp; TH\u00d4NG TIN CHUNG Th\u01b0\u01a1ng hi\u1ec7u Vigor Xu\u1ea5t x\u1ee9 Malaysia Th\u00e0nh ph\u1ea7n \u0110\u01b0\u1eddng fructose, vitamin b3, vitamin b6, vitamin b12,&#8230;<\/p>","protected":false},"featured_media":32352,"comment_status":"open","ping_status":"closed","template":"","meta":[],"product_brand":[],"product_cat":[36,135],"product_tag":[],"class_list":{"0":"post-32346","1":"product","2":"type-product","3":"status-publish","4":"has-post-thumbnail","6":"product_cat-thuc-pham-tieu-dung","7":"product_cat-sua-do-uong","9":"first","10":"outofstock","11":"sale","12":"shipping-taxable","13":"purchasable","14":"product-type-simple"},"_links":{"self":[{"href":"https:\/\/havamall.vn\/en\/wp-json\/wp\/v2\/product\/32346"}],"collection":[{"href":"https:\/\/havamall.vn\/en\/wp-json\/wp\/v2\/product"}],"about":[{"href":"https:\/\/havamall.vn\/en\/wp-json\/wp\/v2\/types\/product"}],"replies":[{"embeddable":true,"href":"https:\/\/havamall.vn\/en\/wp-json\/wp\/v2\/comments?post=32346"}],"version-history":[{"count":0,"href":"https:\/\/havamall.vn\/en\/wp-json\/wp\/v2\/product\/32346\/revisions"}],"wp:featuredmedia":[{"embeddable":true,"href":"https:\/\/havamall.vn\/en\/wp-json\/wp\/v2\/media\/32352"}],"wp:attachment":[{"href":"https:\/\/havamall.vn\/en\/wp-json\/wp\/v2\/media?parent=32346"}],"wp:term":[{"taxonomy":"product_brand","embeddable":true,"href":"https:\/\/havamall.vn\/en\/wp-json\/wp\/v2\/product_brand?post=32346"},{"taxonomy":"product_cat","embeddable":true,"href":"https:\/\/havamall.vn\/en\/wp-json\/wp\/v2\/product_cat?post=32346"},{"taxonomy":"product_tag","embeddable":true,"href":"https:\/\/havamall.vn\/en\/wp-json\/wp\/v2\/product_tag?post=32346"}],"curies":[{"name":"wp","href":"https:\/\/api.w.org\/{rel}","templated":true}]}}