{"id":32301,"date":"2023-08-15T13:57:13","date_gmt":"2023-08-15T06:57:13","guid":{"rendered":"https:\/\/havamall.vn\/?post_type=product&#038;p=32301"},"modified":"2025-08-25T17:20:33","modified_gmt":"2025-08-25T10:20:33","slug":"dau-oliu-hat-cai-kankoo-nhap-khau-uc-chai-1l-canola-oil-extra-virgin-olive-oil","status":"publish","type":"product","link":"https:\/\/havamall.vn\/en\/shop\/dau-oliu-hat-cai-kankoo-nhap-khau-uc-chai-1l-canola-oil-extra-virgin-olive-oil\/","title":{"rendered":"D\u1ea7u Oliu H\u1ea1t C\u1ea3i Kankoo Nh\u1eadp Kh\u1ea9u \u00dac Chai 1l &#8211; Canola Oil &amp; Extra Virgin Olive Oil"},"content":{"rendered":"<h2><\/h2>\n<h2><strong>TH\u00d4NG TIN CHUNG<\/strong><\/h2>\n<table>\n<tbody>\n<tr>\n<td>Th\u01b0\u01a1ng hi\u1ec7u<\/td>\n<td>Kankoo<\/td>\n<\/tr>\n<tr>\n<td>Xu\u1ea5t x\u1ee9<\/td>\n<td>\u00dac<\/td>\n<\/tr>\n<tr>\n<td>Th\u00e0nh ph\u1ea7n<\/td>\n<td>100% t\u1eeb oliu extra virgin (7%) v\u00e0 h\u1ea1t c\u1ea3i ng\u1ecdt h\u1eefu c\u01a1 canola (93%)<\/td>\n<\/tr>\n<tr>\n<td>H\u1ea1n s\u1eed d\u1ee5ng<\/td>\n<td>24 th\u00e1ng k\u1ec3 t\u1eeb ng\u00e0y s\u1ea3n xu\u1ea5t<\/td>\n<\/tr>\n<tr>\n<td>B\u1ea3o qu\u1ea3n<\/td>\n<td>\u0110\u1ec3 n\u01a1i kh\u00f4 r\u00e1o, tho\u00e1ng m\u00e1t, tr\u00e1nh \u00e1nh n\u1eafng tr\u1ef1c ti\u1ebfp<\/td>\n<\/tr>\n<tr>\n<td>Th\u1ec3 t\u00edch<\/td>\n<td>1l<\/td>\n<\/tr>\n<\/tbody>\n<\/table>\n<p>Kankoo l\u00e0 th\u01b0\u01a1ng hi\u1ec7u d\u1ea7u \u0103n chuy\u00ean chi\u00ean x\u00e0o v\u1edbi th\u00e0nh ph\u1ea7n ho\u00e0n to\u00e0n nguy\u00ean ch\u1ea5t \u0111\u01b0\u1ee3c nh\u1eadp kh\u1ea9u nguy\u00ean chai t\u1eeb \u00dac. B\u00ean c\u1ea1nh lo\u1ea1i d\u1ea7u mix gi\u1eefa h\u1ea1t c\u1ea3i v\u00e0 oliu, Kankoo \u0111em \u0111\u1ebfn cho ng\u01b0\u1eddi ti\u00eau d\u00f9ng Vi\u1ec7t s\u1ea3n ph\u1ea9m d\u1ea7u \u0103n h\u1ea1t c\u1ea3i nguy\u00ean ch\u1ea5t v\u1edbi th\u00e0nh ph\u1ea7n 100% chi\u1ebft xu\u1ea5t t\u1eeb h\u1ea1t c\u1ea3i ng\u1ecdt h\u1eefu c\u01a1 c\u1ee7a \u00dac gi\u00e0u d\u01b0\u1ee1ng ch\u1ea5t v\u00e0 an to\u00e0n cho s\u1ee9c kh\u1ecfe ng\u01b0\u1eddi ti\u00eau d\u00f9ng.<\/p>\n<p><img fetchpriority=\"high\" decoding=\"async\" class=\"wp-image-32302 aligncenter\" src=\"https:\/\/havamall.com\/wp-content\/uploads\/2025\/08\/87496557_113306006948412_8955384490109173760_n-300x115.jpg\" alt=\"\" width=\"740\" height=\"284\" \/><\/p>\n<p>Kankoo l\u00e0 th\u01b0\u01a1ng hi\u1ec7u d\u1ea7u \u0103n \u0111\u01b0\u1ee3c c\u00e1c b\u00e0 n\u1ed9i tr\u1ee3 Vi\u1ec7t Nam tin d\u00f9ng v\u1edbi \u01b0u th\u1ebf v\u01b0\u1ee3t tr\u1ed9i l\u00e0 \u0111i\u1ec3m kh\u00f3i cao, ngu\u1ed3n nguy\u00ean li\u1ec7u \u0111\u01b0\u1ee3c ki\u1ec3m so\u00e1t ch\u1eb7t ch\u1ebd theo ti\u00eau chu\u1ea9n \u00dac gi\u00fap cho c\u00e1c m\u00f3n \u0103n d\u00f9 chi\u00ean r\u00e1n \u1edf nhi\u1ec7t \u0111\u1ed9 cao hay c\u00e1c m\u1ecdn tr\u1ed9n salad \u0111\u1ec1u \u0111\u1ea3m b\u1ea3o gi\u1eef tr\u1ecdn h\u01b0\u01a1ng v\u1ecb t\u1ef1 nhi\u00ean c\u1ee7a m\u00f3n \u0103n v\u00e0 kh\u00f4ng h\u1ec1 ph\u00e1t sinh transfat trong qu\u00e1 tr\u00ecnh \u0111un n\u1ea5u.<\/p>\n<p><img decoding=\"async\" class=\"wp-image-32303 aligncenter\" src=\"https:\/\/havamall.com\/wp-content\/uploads\/2025\/08\/127187321_202332354712443_2574682883791605900_n-300x200.jpg\" alt=\"\" width=\"745\" height=\"496\" \/><\/p>\n<div class=\"short-description\">D\u1ea7u oliu h\u1ea1t c\u1ea3i Kankoo \u0111\u01b0\u1ee3c c\u1ea5p ch\u1ee9ng ch\u1ec9 kh\u00f4ng g\u00e2y bi\u1ebfn \u0111\u1ed5i gien (NON GMO) v\u00e0 \u0111\u1ea3m b\u1ea3o c\u00e1c ti\u00eau ch\u00ed v\u1ec7 sinh an to\u00e0n th\u1ef1c ph\u1ea9m c\u1ee7a \u00dac. C\u00f4ng th\u1ee9c \u00e9p c\u1ef1c l\u1ea1nh nguy\u00ean ch\u1ea5t \u0111\u1ed9c quy\u1ec1n t\u1eeb Extra Virgin Oliu v\u00e0 Canola gi\u00fap ch\u1eaft l\u1ecdc tinh t\u00fay, ph\u00f9 h\u1ee3p v\u1edbi m\u1ecdi \u0111\u1ed1i t\u01b0\u1ee3ng, l\u1ee9a tu\u1ed5i, \u0111\u1eb7c bi\u1ec7t t\u1ed1t cho tr\u1ebb em. S\u1ea3n xu\u1ea5t t\u1ea1i<\/div>\n<div>\u00dac.<\/div>\n<p>V\u1edbi mong mu\u1ed1n ch\u1ebf bi\u1ebfn ra nh\u1eefng m\u00f3n \u0103n ngon, \u0111\u1ea3m b\u1ea3o s\u1ee9c kho\u1ebb cho c\u1ea3 gia \u0111\u00ecnh m\u1ed9t c\u00e1ch tr\u1ecdn v\u1eb9n nh\u1ea5t, c\u00e1c b\u00e0 n\u1ed9i tr\u1ee3 ng\u00e0y nay kh\u00f4ng ch\u1ec9 t\u00ecm ki\u1ebfm v\u00e0 l\u1ef1a ch\u1ecdn nh\u1eefng d\u00f2ng s\u1ea3n ph\u1ea9m\u00a0d\u1ea7u \u0103<strong>n<\/strong>\u00a0an to\u00e0n \u0111\u1ebfn t\u1eeb c\u00e1c th\u01b0\u01a1ng hi\u1ec7u l\u1edbn m\u00e0 c\u00f2n quan t\u00e2m \u0111\u1ebfn c\u00e1c lo\u1ea1i s\u1ea3n ph\u1ea9m d\u1ea7u \u0103n t\u1ed1t cho s\u1ee9c kho\u1ebb nh\u01b0\u00a0d\u1ea7u h\u1ea1t c\u1ea3i,\u00a0d\u1ea7u olive,&#8230;<\/p>\n<p><img decoding=\"async\" class=\"wp-image-32304 aligncenter\" src=\"https:\/\/havamall.com\/wp-content\/uploads\/2025\/08\/106001838_154506509495028_5794894183361768924_n-300x194.jpg\" alt=\"\" width=\"751\" height=\"486\" \/><\/p>\n<h2><strong>AI N\u00caN S\u1eec D\u1ee4NG D\u1ea6U OLIU H\u1ea0T C\u1ea2I KANKOO?<\/strong><\/h2>\n<p>&gt; H\u00e0m l\u01b0\u1ee3ng cao c\u00e1c acid b\u00e9o omega 3, omega 6 r\u1ea5t t\u1ed1t cho s\u1ef1 ph\u00e1t tri\u1ec3n c\u1ee7a b\u00e9<\/p>\n<p>&gt; S\u1eed d\u1ee5ng ch\u1ea5t b\u00e9o t\u1ed1t kh\u00f4ng khi\u1ebfn m\u1eb9 b\u1ea7u t\u0103ng th\u1eeba c\u00e2n, m\u00e0 c\u00f2n t\u1ed1t cho s\u1ef1 ph\u00e1t tri\u1ec3n c\u1ee7a em b\u00e9 trong b\u1ee5ng m\u1eb9<\/p>\n<p>&gt; D\u1ea7u oliu h\u1ea1t c\u1ea3i nguy\u00ean ch\u1ea5t kh\u00f4ng c\u00f3 ch\u1ee9a cholesterol, kh\u00f4ng g\u00e2y ra c\u00e1c v\u1ea5n \u0111\u1ec1 cho ng\u01b0\u1eddi cao tu\u1ed5i<\/p>\n<p>&gt; D\u1ea7u oliu h\u1ea1t c\u1ea3i nguy\u00ean ch\u1ea5t Kankoo l\u00e0 ngu\u1ed3n ch\u1ea5t b\u00e9o t\u1ed1t, h\u1ed7 tr\u1ee3 qu\u00e1 tr\u00ecnh t\u1eadp luy\u1ec7n k\u1ebft h\u1ee3p v\u1edbi th\u1ef1c \u0111\u01a1n \u0103n t\u1ed1t cho c\u01a1 th\u1ec3<\/p>\n<h2><strong><img loading=\"lazy\" decoding=\"async\" class=\"wp-image-32305 aligncenter\" src=\"https:\/\/havamall.com\/wp-content\/uploads\/2025\/08\/362263241_729967998934395_3386351350269586411_n-300x200.jpg\" alt=\"\" width=\"752\" height=\"501\" \/>C\u00d4NG D\u1ee4NG C\u1ee6A S\u1ea2N PH\u1ea8M<\/strong><\/h2>\n<ul class=\"\">\n<li class=\"\">100% d\u1ea7u Extra Virgin Oliu v\u00e0 H\u1ea1t c\u1ea3i Kankoo \u0111\u01b0\u1ee3c s\u1ea3n xu\u1ea5t theo c\u00f4ng ngh\u1ec7 \u00e9p c\u1ef1c l\u1ea1nh nguy\u00ean ch\u1ea5t<\/li>\n<li class=\"\">KANKOO SPECIAL l\u00e0 s\u1ea3n ph\u1ea9m d\u1ea7u \u0103n \u0111\u01b0\u1ee3c c\u1ea5p ch\u1ee9ng ch\u1ec9 kh\u00f4ng g\u00e2y bi\u1ebfn \u0111\u1ed5i gien (NON GMO) v\u00e0 \u0111\u1ea3m b\u1ea3o c\u00e1c ti\u00eau ch\u00ed v\u1ec7 sinh an to\u00e0n th\u1ef1c ph\u1ea9m c\u1ee7a \u00dac<\/li>\n<li class=\"\">Ph\u00f9 h\u1ee3p v\u1edbi m\u1ecdi \u0111\u1ed1i t\u01b0\u1ee3ng, l\u1ee9a tu\u1ed5i, \u0111\u1eb7c bi\u1ec7t t\u1ed1t cho tr\u1ebb em<\/li>\n<li class=\"\">Ph\u00f9 h\u1ee3p v\u1edbi m\u1ecdi ch\u1ebf \u0111\u1ed9 \u0103n u\u1ed1ng: Eat Clean, Keto, chay, Paleo, DAS&#8230;<\/li>\n<li class=\"\">C\u1ef1c k\u1ef3 t\u01b0\u01a1i ngon khi d\u00f9ng l\u00e0m s\u1ed1t Salad<\/li>\n<li class=\"\">Ho\u00e0n to\u00e0n c\u00f3 th\u1ec3 ch\u1ebf bi\u1ebfn b\u00e1nh ng\u1ecdt, m\u00f3n \u0103n d\u1eb7m<\/li>\n<li class=\"\">\u0110i\u1ec3m kh\u00f3i cao khi \u0111\u1ea1t 230oC &#8211; an to\u00e0n khi chi\u00ean x\u00e0o ho\u1eb7c ch\u1ebf bi\u1ebfn c\u00e1c m\u00f3n nhi\u1ec7t cao.<\/li>\n<\/ul>\n<h2><img loading=\"lazy\" decoding=\"async\" class=\"wp-image-32306 aligncenter\" src=\"https:\/\/havamall.com\/wp-content\/uploads\/2025\/08\/dau-hat-cai-kankoo-300x197.png\" alt=\"\" width=\"729\" height=\"479\" \/><\/h2>\n<h2><strong>L\u1ee2I \u00cdCH S\u1ee8C KHO\u1eba C\u1ee6A S\u1ea2N PH\u1ea8M<\/strong><\/h2>\n<p>\u2022 C\u00f3 th\u1ec3 s\u1eed d\u1ee5ng s\u1ea3n ph\u1ea9m d\u1ea7u \u0103n oliu \u0111\u1ec3 n\u1ea5u nhi\u1ec1u m\u00f3n \u0103n \u0111a d\u1ea1ng kh\u00e1c nhau t\u00f9y v\u00e0o nhu c\u1ea7u s\u1eed d\u1ee5ng c\u1ee7a kh\u00e1ch h\u00e0ng<\/p>\n<p>\u2022 D\u1ea7u \u0103n oliu h\u1ea1t c\u1ea3i ch\u1ee9a nhi\u1ec1u d\u01b0\u1ee1ng ch\u1ea5t nh\u01b0: vitamin E, vitamin K, omega 3\u2026 v\u00e0 h\u00e0m l\u01b0\u1ee3ng ch\u1ea5t ch\u1ed1ng oxy h\u00f3a c\u1ef1c k\u1ef3 t\u1ed1t cho s\u1ee9c kh\u1ecfe c\u1ee7a ng\u01b0\u1eddi ti\u00eau d\u00f9ng, \u0111\u1eb7c bi\u1ec7t ph\u00f9 h\u1ee3p khi s\u1eed d\u1ee5ng l\u00e0m d\u1ea7u \u0103n cho b\u00e9<\/p>\n<p>\u2022 M\u1ed9t s\u1ed1 th\u00e0nh ph\u1ea7n ch\u1ea5t c\u00f3 trong d\u1ea7u Oliu c\u00f3 th\u1ec3 gi\u00fap b\u1ea3o v\u1ec7 c\u01a1 th\u1ec3 ng\u0103n ng\u1eeba, ch\u1ed1ng l\u1ea1i m\u1ed9t s\u1ed1 c\u0103n b\u1ec7nh nghi\u00eam tr\u1ecdng nh\u01b0: Alzheimer, vi\u00eam lo\u00e9t \u0111\u1ea1i tr\u00e0ng, c\u00e1c b\u1ec7nh ung th\u01b0\u2026<\/p>\n<p>\u2022 S\u1ea3n ph\u1ea9m c\u00f3 l\u1ee3i cho m\u1eaft, da v\u00e0 h\u1ec7 mi\u1ec5n d\u1ecbch<\/p>\n<p>\u2022 S\u1eed d\u1ee5ng d\u1ea7u \u0103n oliu khi n\u1ea5u \u0103n \u1edf nhi\u1ec7t \u0111\u1ed9 h\u01a1n 230\u00b0C s\u1ebd gi\u00fap b\u1ea1n h\u1ea1n ch\u1ebf \u0111\u01b0\u1ee3c nguy c\u01a1 m\u1eafc b\u1ec7nh ung th\u01b0 v\u00e0 \u0111\u1ed9c t\u1ed1 trong qu\u00e1 tr\u00ecnh \u0111un n\u1ea5u m\u00e0 v\u1eabn \u0111\u1ea3m b\u1ea3o s\u1ef1 th\u01a1m ngon, to\u00e0n v\u1eb9n c\u1ee7a m\u00f3n \u0103n<\/p>\n<p>\u2022 \u0110\u00e2y l\u00e0 d\u00f2ng s\u1ea3n ph\u1ea9m d\u1ea7u \u0103n t\u1ed1t cho s\u1ee9c kh\u1ecfe, c\u1ef1c k\u1ef3 ph\u00f9 h\u1ee3p v\u00e0 \u0111\u1eb7c bi\u1ec7t t\u1ed1t cho ng\u01b0\u1eddi b\u1ecb tim m\u1ea1ch, cao huy\u1ebft \u00e1p, ng\u01b0\u1eddi \u0103n chay, \u0103n theo ch\u1ebf \u0111\u1ed9 t\u1eadp luy\u1ec7n th\u1ec3 thao, hay ph\u1ee5 n\u1eef mang thai\u2026<\/p>\n<p><img loading=\"lazy\" decoding=\"async\" class=\"wp-image-32307 aligncenter\" src=\"https:\/\/havamall.com\/wp-content\/uploads\/2025\/08\/120240262_182239036721775_9063730583691625296_n-200x300.jpg\" alt=\"\" width=\"712\" height=\"1068\" \/><\/p>","protected":false},"excerpt":{"rendered":"<p>TH\u00d4NG TIN CHUNG Th\u01b0\u01a1ng hi\u1ec7u Kankoo Xu\u1ea5t x\u1ee9 \u00dac Th\u00e0nh ph\u1ea7n 100% t\u1eeb oliu extra virgin (7%) v\u00e0 h\u1ea1t c\u1ea3i<\/p>","protected":false},"featured_media":32308,"comment_status":"open","ping_status":"closed","template":"","meta":[],"product_brand":[],"product_cat":[672,256,36],"product_tag":[],"class_list":{"0":"post-32301","1":"product","2":"type-product","3":"status-publish","4":"has-post-thumbnail","6":"product_cat-nhap-khau-y","7":"product_cat-thuc-pham-huu-co","8":"product_cat-thuc-pham-tieu-dung","9":"pa_brand-kankoo","11":"first","12":"outofstock","13":"sale","14":"shipping-taxable","15":"purchasable","16":"product-type-simple"},"_links":{"self":[{"href":"https:\/\/havamall.vn\/en\/wp-json\/wp\/v2\/product\/32301"}],"collection":[{"href":"https:\/\/havamall.vn\/en\/wp-json\/wp\/v2\/product"}],"about":[{"href":"https:\/\/havamall.vn\/en\/wp-json\/wp\/v2\/types\/product"}],"replies":[{"embeddable":true,"href":"https:\/\/havamall.vn\/en\/wp-json\/wp\/v2\/comments?post=32301"}],"version-history":[{"count":0,"href":"https:\/\/havamall.vn\/en\/wp-json\/wp\/v2\/product\/32301\/revisions"}],"wp:featuredmedia":[{"embeddable":true,"href":"https:\/\/havamall.vn\/en\/wp-json\/wp\/v2\/media\/32308"}],"wp:attachment":[{"href":"https:\/\/havamall.vn\/en\/wp-json\/wp\/v2\/media?parent=32301"}],"wp:term":[{"taxonomy":"product_brand","embeddable":true,"href":"https:\/\/havamall.vn\/en\/wp-json\/wp\/v2\/product_brand?post=32301"},{"taxonomy":"product_cat","embeddable":true,"href":"https:\/\/havamall.vn\/en\/wp-json\/wp\/v2\/product_cat?post=32301"},{"taxonomy":"product_tag","embeddable":true,"href":"https:\/\/havamall.vn\/en\/wp-json\/wp\/v2\/product_tag?post=32301"}],"curies":[{"name":"wp","href":"https:\/\/api.w.org\/{rel}","templated":true}]}}