{"id":32289,"date":"2023-08-15T11:10:55","date_gmt":"2023-08-15T04:10:55","guid":{"rendered":"https:\/\/havamall.vn\/?post_type=product&#038;p=32289"},"modified":"2025-08-25T17:20:51","modified_gmt":"2025-08-25T10:20:51","slug":"dau-hat-cai-kankoo-nhap-khau-uc-1l-canola-oil","status":"publish","type":"product","link":"https:\/\/havamall.vn\/en\/shop\/dau-hat-cai-kankoo-nhap-khau-uc-1l-canola-oil\/","title":{"rendered":"D\u1ea7u H\u1ea1t C\u1ea3i Kankoo Nh\u1eadp Kh\u1ea9u \u00dac 1L \u2013 Canola Oil"},"content":{"rendered":"<h2><\/h2>\n<h2><strong>TH\u00d4NG TIN CHUNG<\/strong><\/h2>\n<table>\n<tbody>\n<tr>\n<td>Th\u01b0\u01a1ng hi\u1ec7u<\/td>\n<td>Kankoo<\/td>\n<\/tr>\n<tr>\n<td>Xu\u1ea5t x\u1ee9<\/td>\n<td>\u00dac<\/td>\n<\/tr>\n<tr>\n<td>Th\u00e0nh ph\u1ea7n<\/td>\n<td>\u0110\u01b0\u1ee3c chi\u1ebft xu\u1ea5t 100% t\u1eeb h\u1ea1t c\u1ea3i ng\u1ecdt h\u1eefu c\u01a1 c\u1ee7a \u00dac<\/td>\n<\/tr>\n<tr>\n<td>H\u1ea1n s\u1eed d\u1ee5ng<\/td>\n<td>24 th\u00e1ng k\u1ec3 t\u1eeb ng\u00e0y s\u1ea3n xu\u1ea5t<\/td>\n<\/tr>\n<tr>\n<td>B\u1ea3o qu\u1ea3n<\/td>\n<td>\u0110\u1ec3 n\u01a1i kh\u00f4 r\u00e1o, tho\u00e1ng m\u00e1t, tr\u00e1nh \u00e1nh n\u1eafng tr\u1ef1c ti\u1ebfp<\/td>\n<\/tr>\n<tr>\n<td>Th\u1ec3 t\u00edch<\/td>\n<td>1l<\/td>\n<\/tr>\n<\/tbody>\n<\/table>\n<p>Kankoo l\u00e0 th\u01b0\u01a1ng hi\u1ec7u d\u1ea7u \u0103n chuy\u00ean chi\u00ean x\u00e0o v\u1edbi th\u00e0nh ph\u1ea7n ho\u00e0n to\u00e0n nguy\u00ean ch\u1ea5t \u0111\u01b0\u1ee3c nh\u1eadp kh\u1ea9u nguy\u00ean chai t\u1eeb \u00dac. B\u00ean c\u1ea1nh lo\u1ea1i d\u1ea7u mix gi\u1eefa h\u1ea1t c\u1ea3i v\u00e0 oliu, Kankoo \u0111em \u0111\u1ebfn cho ng\u01b0\u1eddi ti\u00eau d\u00f9ng Vi\u1ec7t s\u1ea3n ph\u1ea9m d\u1ea7u \u0103n h\u1ea1t c\u1ea3i nguy\u00ean ch\u1ea5t v\u1edbi th\u00e0nh ph\u1ea7n 100% chi\u1ebft xu\u1ea5t t\u1eeb h\u1ea1t c\u1ea3i ng\u1ecdt h\u1eefu c\u01a1 c\u1ee7a \u00dac gi\u00e0u d\u01b0\u1ee1ng ch\u1ea5t v\u00e0 an to\u00e0n cho s\u1ee9c kh\u1ecfe ng\u01b0\u1eddi ti\u00eau d\u00f9ng.<\/p>\n<p><img fetchpriority=\"high\" decoding=\"async\" class=\"wp-image-32291 aligncenter\" src=\"https:\/\/havamall.com\/wp-content\/uploads\/2025\/08\/oil-kankoo-300x203.png\" alt=\"\" width=\"711\" height=\"481\" \/><\/p>\n<p>D\u1ea7u h\u1ea1t c\u1ea3i Canola Oil \u0111\u1ebfn t\u1eeb th\u01b0\u01a1ng hi\u1ec7u Kankoo c\u1ee7a \u00dac \u0111\u01b0\u1ee3c s\u1ea3n xu\u1ea5t d\u1ef1a tr\u00ean nh\u1eefng ti\u00eau chu\u1ea9n nghi\u00eam ng\u1eb7t c\u1ee7a qu\u1ed1c t\u1ebf, s\u1eed d\u1ee5ng c\u00f4ng th\u1ee9c \u00e9p l\u1ea1nh \u0111\u1ec3 t\u1ea1o ra nh\u1eb1m gi\u1eef l\u1ea1i nh\u1eefng gi\u00e1 tr\u1ecb dinh d\u01b0\u1ee1ng nhi\u1ec1u nh\u1ea5t c\u00f3 th\u1ec3.D\u1ea7u h\u1ea1t c\u1ea3i c\u00f3 h\u01b0\u01a1ng v\u1ecb d\u1ecbu nh\u1eb9 t\u1ef1 nhi\u00ean, t\u00f4n vinh t\u00e0i n\u1ea5u \u0103n c\u1ee7a b\u1ea1n v\u00e0 cho ph\u00e9p h\u01b0\u01a1ng v\u1ecb th\u1ef1c s\u1ef1 c\u1ee7a m\u00f3n \u0103n t\u1ecfa s\u00e1ng. L\u00e0 l\u1ef1a ch\u1ecdn l\u00e0nh m\u1ea1nh 100% t\u1ef1 nhi\u00ean kh\u00f4ng c\u00f3 GMO cho gia \u0111\u00ecnh b\u1ea1n.<\/p>\n<p>Kankoo l\u00e0 th\u01b0\u01a1ng hi\u1ec7u d\u1ea7u \u0103n \u0111\u01b0\u1ee3c c\u00e1c b\u00e0 n\u1ed9i tr\u1ee3 Vi\u1ec7t Nam tin d\u00f9ng v\u1edbi \u01b0u th\u1ebf v\u01b0\u1ee3t tr\u1ed9i l\u00e0 \u0111i\u1ec3m kh\u00f3i cao, ngu\u1ed3n nguy\u00ean li\u1ec7u \u0111\u01b0\u1ee3c ki\u1ec3m so\u00e1t ch\u1eb7t ch\u1ebd theo ti\u00eau chu\u1ea9n \u00dac gi\u00fap cho c\u00e1c m\u00f3n \u0103n d\u00f9 chi\u00ean r\u00e1n \u1edf nhi\u1ec7t \u0111\u1ed9 cao hay c\u00e1c m\u1ecdn tr\u1ed9n salad \u0111\u1ec1u \u0111\u1ea3m b\u1ea3o gi\u1eef tr\u1ecdn h\u01b0\u01a1ng v\u1ecb t\u1ef1 nhi\u00ean c\u1ee7a m\u00f3n \u0103n v\u00e0 kh\u00f4ng h\u1ec1 ph\u00e1t sinh transfat trong qu\u00e1 tr\u00ecnh \u0111un n\u1ea5u.<\/p>\n<p><img decoding=\"async\" class=\"wp-image-32292 aligncenter\" src=\"https:\/\/havamall.com\/wp-content\/uploads\/2025\/08\/351316474_6079706608819005_852712338517782103_n-300x200.jpg\" alt=\"\" width=\"710\" height=\"474\" \/><\/p>\n<p class=\"sqsrte-small\">D\u1ea7u h\u1ea1t c\u1ea3i Canola Oil v\u1edbi s\u1ef1 k\u1ebft h\u1ee3p ho\u00e0n h\u1ea3o c\u1ee7a h\u1ea1t c\u1ea3i ng\u1ecdt, mang \u0111\u1ebfn s\u1ea3n ph\u1ea9m d\u1ea7u \u0103n c\u00f3 ch\u1ea5t l\u01b0\u1ee3ng v\u01b0\u1ee3t tr\u1ed9i, an to\u00e0n tuy\u1ec7t \u0111\u1ed1i cho s\u1ee9c kh\u1ecfe c\u1ea3 gia \u0111\u00ecnh. S\u1ea3n ph\u1ea9m n\u00e0y kh\u00f4ng ch\u1ec9 gi\u00fap b\u1ea1n ch\u1ebf bi\u1ebfn c\u1ea7n r\u1ea5t nhi\u1ec1u m\u00f3n \u0103n ngon m\u00e0 c\u00f2n g\u00f3p ph\u1ea7n t\u00edch c\u1ef1c v\u00e0o vi\u1ec7c b\u1ea3o v\u1ec7 s\u1ee9c kh\u1ecfe cho c\u1ea3 gia \u0111\u00ecnh, ph\u00f9 h\u1ee3p v\u1edbi ng\u01b0\u1eddi \u0103n chay, ng\u01b0\u1eddi gi\u1ea3m c\u00e2n.<\/p>\n<p><img decoding=\"async\" class=\"wp-image-32293 aligncenter\" src=\"https:\/\/havamall.com\/wp-content\/uploads\/2025\/08\/133041042_223031255975886_3760922152859945162_n-204x300.jpg\" alt=\"\" width=\"705\" height=\"1037\" \/><\/p>\n<p>\u00c1p d\u1ee5ng c\u00f4ng ngh\u1ec7 ti\u00ean ti\u1ebfn nh\u1ea5t, h\u1ea1t c\u1ea3i sau khi \u0111\u01b0\u1ee3c s\u00e0ng l\u1ecdc nhi\u1ec1u l\u1ea7n s\u1ebd \u0111\u01b0\u1ee3c chi\u1ebft xu\u1ea5t b\u1eb1ng ph\u01b0\u01a1ng ph\u00e1p \u00e9p l\u1ea1nh, gi\u00fap b\u1ea3o to\u00e0n c\u00e1c gi\u00e1 tr\u1ecb dinh d\u01b0\u1ee1ng. D\u1ea7u h\u1ea1t c\u1ea3i \u0111\u01b0\u1ee3c chi\u1ebft xu\u1ea5t t\u1eeb h\u1ea1t c\u1ea3i h\u1eefu c\u01a1 kh\u00f4ng bi\u1ebfn \u0111\u1ed5i gen, \u0111\u01b0\u1ee3c tr\u1ed3ng v\u00e0 ch\u1ebf bi\u1ebfn m\u00e0 kh\u00f4ng s\u1eed d\u1ee5ng b\u1ea5t k\u1ef3 lo\u1ea1i thu\u1ed1c tr\u1eeb s\u00e2u hay h\u00f3a ch\u1ea5t n\u00e0o, cho n\u00ean d\u1ea7u h\u1ea1t c\u1ea3i \u0111\u01b0\u1ee3c xem l\u00e0 lo\u1ea1i d\u1ea7u ho\u00e0n to\u00e0n s\u1ea1ch, \u0111\u1ea3m b\u1ea3o khi s\u1eed d\u1ee5ng h\u00e0ng ng\u00e0y.<\/p>\n<p>D\u1ea7u h\u1ea1t c\u1ea3i c\u00f3 h\u01b0\u01a1ng v\u1ecb d\u1ecbu nh\u1eb9 t\u1ef1 nhi\u00ean, t\u00f4n vinh t\u00e0i n\u1ea5u \u0103n c\u1ee7a b\u1ea1n v\u00e0 cho ph\u00e9p h\u01b0\u01a1ng v\u1ecb th\u1ef1c s\u1ef1 c\u1ee7a m\u00f3n \u0103n t\u1ecfa s\u00e1ng. \u0110\u1eb7c bi\u1ec7t d\u1ea7u h\u1ea1t c\u1ea3i c\u00f2n g\u00f3p ph\u1ea7n t\u00edch c\u1ef1c v\u00e0o vi\u1ec7c b\u1ea3o v\u1ec7 s\u1ee9c kh\u1ecfe cho c\u1ea3 gia \u0111\u00ecnh, ph\u00f9 h\u1ee3p v\u1edbi ng\u01b0\u1eddi \u0103n chay, ng\u01b0\u1eddi gi\u1ea3m c\u00e2n, ph\u1ee5 n\u1eef mang thai v\u00e0 tr\u1ebb em\u2026<\/p>\n<p><img loading=\"lazy\" decoding=\"async\" class=\"wp-image-32294 aligncenter\" src=\"https:\/\/havamall.com\/wp-content\/uploads\/2025\/08\/358542202_722905296307332_7675038545480294109_n-300x169.jpg\" alt=\"\" width=\"710\" height=\"400\" \/><\/p>\n<h2><strong>C\u00d4NG D\u1ee4NG C\u1ee6A S\u1ea2N PH\u1ea8M<\/strong><\/h2>\n<p>&gt; C\u00f3 th\u1ec3 s\u1eed d\u1ee5ng s\u1ea3n ph\u1ea9m d\u1ea7u \u0103n h\u1ea1t c\u1ea3i Canola Oil \u0111\u1ec3 n\u1ea5u nhi\u1ec1u m\u00f3n \u0103n \u0111a d\u1ea1ng kh\u00e1c nhau t\u00f9y v\u00e0o nhu c\u1ea7u s\u1eed d\u1ee5ng c\u1ee7a gia \u0111\u00ecnh b\u1ea1n. D\u1ea7u \u0103n h\u1ea1t c\u1ea3i Canola Oil ch\u1ee9a nhi\u1ec1u d\u01b0\u1ee1ng ch\u1ea5t nh\u01b0: vitamin E, vitamin K, omega 3\u2026 v\u00e0 h\u00e0m l\u01b0\u1ee3ng ch\u1ea5t ch\u1ed1ng oxy h\u00f3a c\u1ef1c k\u1ef3 t\u1ed1t cho s\u1ee9c kh\u1ecfe c\u1ee7a ng\u01b0\u1eddi ti\u00eau d\u00f9ng.<\/p>\n<p>&gt; M\u1ed9t s\u1ed1 th\u00e0nh ph\u1ea7n ch\u1ea5t c\u00f3 trong d\u1ea7u h\u1ea1t c\u1ea3i c\u00f3 th\u1ec3 gi\u00fap b\u1ea3o v\u1ec7 c\u01a1 th\u1ec3 ng\u0103n ng\u1eeba, ch\u1ed1ng l\u1ea1i m\u1ed9t s\u1ed1 c\u0103n b\u1ec7nh nghi\u00eam tr\u1ecdng nh\u01b0: Alzheimer, vi\u00eam lo\u00e9t \u0111\u1ea1i tr\u00e0ng, c\u00e1c b\u1ec7nh ung th\u01b0\u2026 S\u1ea3n ph\u1ea9m c\u00f3 l\u1ee3i cho m\u1eaft, da v\u00e0 h\u1ec7 mi\u1ec5n d\u1ecbch.<\/p>\n<p>&gt; S\u1eed d\u1ee5ng d\u1ea7u \u0103n h\u1ea1t c\u1ea3i Canola Oil khi n\u1ea5u \u0103n \u1edf nhi\u1ec7t \u0111\u1ed9 cao s\u1ebd gi\u00fap b\u1ea1n h\u1ea1n ch\u1ebf \u0111\u01b0\u1ee3c nguy c\u01a1 m\u1eafc b\u1ec7nh ung th\u01b0 v\u00e0 \u0111\u1ed9c t\u1ed1 trong qu\u00e1 tr\u00ecnh \u0111un n\u1ea5u m\u00e0 v\u1eabn \u0111\u1ea3m b\u1ea3o s\u1ef1 th\u01a1m ngon, to\u00e0n v\u1eb9n c\u1ee7a m\u00f3n \u0103n.<\/p>\n<p>&gt; \u0110\u00e2y l\u00e0 d\u00f2ng s\u1ea3n ph\u1ea9m d\u1ea7u \u0103n t\u1ed1t cho s\u1ee9c kh\u1ecfe, c\u1ef1c k\u1ef3 ph\u00f9 h\u1ee3p v\u00e0 \u0111\u1eb7c bi\u1ec7t t\u1ed1t cho ng\u01b0\u1eddi b\u1ecb tim m\u1ea1ch, cao huy\u1ebft \u00e1p, ng\u01b0\u1eddi \u0103n chay, \u0103n theo ch\u1ebf \u0111\u1ed9 t\u1eadp luy\u1ec7n th\u1ec3 thao, hay ph\u1ee5 n\u1eef mang thai\u2026<\/p>\n<p>&gt; D\u00f9ng \u0111\u1ec3 cho v\u00e0o ch\u00e1o, b\u1ed9t, sinh t\u1ed1,\u2026 S\u1ea3n ph\u1ea9m d\u1ea7u \u0103n gi\u00e0u Omega 3, Omega 6 gi\u00fap ph\u00e1t tri\u1ec3n tr\u00ed n\u00e3o, t\u0103ng c\u01b0\u1eddng h\u1ec7 th\u1ea7n kinh, gi\u00fap b\u00e9 h\u1ea5p th\u1ee5 d\u01b0\u1ee1ng ch\u1ea5t t\u1ed1i \u0111a, kh\u00f4ng g\u00e2y \u0111\u1ea7y b\u1ee5ng. R\u1ea5t c\u1ea7n thi\u1ebft trong giai \u0111o\u1ea1n ph\u00e1t tri\u1ec3n c\u1ee7a b\u00e9.<\/p>\n<h2><img loading=\"lazy\" decoding=\"async\" class=\"wp-image-32295 aligncenter\" src=\"https:\/\/havamall.com\/wp-content\/uploads\/2025\/08\/199039287_332332811712396_9148756776487305576_n-300x200.jpg\" alt=\"\" width=\"711\" height=\"474\" \/><\/h2>\n<h2><strong>L\u1ee2I \u00cdCH S\u1ee8C KHO\u1eba C\u1ee6A D\u1ea6U H\u1ea0T C\u1ea2I<\/strong><\/h2>\n<p>\u2022 D\u1ea7u \u0103n h\u1ea1t c\u1ea3i Kankoo ch\u1ee9a nhi\u1ec1u d\u01b0\u1ee1ng ch\u1ea5t nh\u01b0: vitamin E, vitamin K, omega 3\u2026 v\u00e0 h\u00e0m l\u01b0\u1ee3ng ch\u1ea5t ch\u1ed1ng oxy h\u00f3a c\u1ef1c k\u1ef3 t\u1ed1t cho s\u1ee9c kh\u1ecfe c\u1ee7a ng\u01b0\u1eddi ti\u00eau d\u00f9ng,<\/p>\n<p>\u2022 M\u1ed9t s\u1ed1 th\u00e0nh ph\u1ea7n ch\u1ea5t c\u00f3 trong d\u1ea7u h\u1ea1t c\u1ea3i c\u00f3 th\u1ec3 gi\u00fap b\u1ea3o v\u1ec7 c\u01a1 th\u1ec3 ng\u0103n ng\u1eeba, ch\u1ed1ng l\u1ea1i m\u1ed9t s\u1ed1 c\u0103n b\u1ec7nh nghi\u00eam tr\u1ecdng nh\u01b0: Alzheimer, vi\u00eam lo\u00e9t \u0111\u1ea1i tr\u00e0ng, c\u00e1c b\u1ec7nh ung th\u01b0\u2026<\/p>\n<p>\u2022 S\u1ea3n ph\u1ea9m c\u00f3 l\u1ee3i cho m\u1eaft, da v\u00e0 h\u1ec7 mi\u1ec5n d\u1ecbch<\/p>\n<p>\u2022 S\u1eed d\u1ee5ng d\u1ea7u \u0103n h\u1ea1t c\u1ea3i Kankoo khi n\u1ea5u \u0103n \u1edf nhi\u1ec7t \u0111\u1ed9 cao s\u1ebd gi\u00fap b\u1ea1n h\u1ea1n ch\u1ebf \u0111\u01b0\u1ee3c nguy c\u01a1 m\u1eafc b\u1ec7nh ung th\u01b0 v\u00e0 \u0111\u1ed9c t\u1ed1 trong qu\u00e1 tr\u00ecnh \u0111un n\u1ea5u m\u00e0 v\u1eabn \u0111\u1ea3m b\u1ea3o s\u1ef1 th\u01a1m ngon, to\u00e0n v\u1eb9n c\u1ee7a m\u00f3n \u0103n<\/p>\n<p>\u2022 \u0110\u00e2y l\u00e0 d\u00f2ng s\u1ea3n ph\u1ea9m d\u1ea7u \u0103n t\u1ed1t cho s\u1ee9c kh\u1ecfe, c\u1ef1c k\u1ef3 ph\u00f9 h\u1ee3p v\u00e0 \u0111\u1eb7c bi\u1ec7t t\u1ed1t cho ng\u01b0\u1eddi b\u1ecb tim m\u1ea1ch, cao huy\u1ebft \u00e1p, ng\u01b0\u1eddi \u0103n chay, \u0103n theo ch\u1ebf \u0111\u1ed9 t\u1eadp luy\u1ec7n th\u1ec3 thao, hay ph\u1ee5 n\u1eef mang thai\u2026<\/p>\n<p><img loading=\"lazy\" decoding=\"async\" class=\"wp-image-32296 aligncenter\" src=\"https:\/\/havamall.com\/wp-content\/uploads\/2025\/08\/363842797_736876771576851_67737593407749558_n-200x300.jpg\" alt=\"\" width=\"705\" height=\"1058\" \/><\/p>\n<h2><strong>H\u01af\u1edaNG D\u1eaaN S\u1eec D\u1ee4NG V\u00c0 B\u1ea2O QU\u1ea2N<\/strong><\/h2>\n<ul>\n<li>\n<p class=\"\">Th\u00edch h\u1ee3p l\u00e0 nguy\u00ean li\u1ec7u l\u00fd t\u01b0\u1edfng \u0111\u1ed1i v\u1edbi c\u00e1c m\u00f3n \u0103n chi\u00ean, r\u00e1n hay c\u00e1c m\u00f3n x\u00e0o v\u00e0 n\u01b0\u1edbng\u2026v\u00e0 l\u00e0m n\u01b0\u1edbc s\u1ed1t. Ngo\u00e0i ra lo\u1ea1i d\u1ea7u n\u00e0y c\u0169ng th\u00edch h\u1ee3p \u0111\u1ec3 l\u00e0m m\u00f3n salad m\u00e0 v\u1eabn gi\u1eef nguy\u00ean h\u01b0\u01a1ng v\u1ecb th\u01a1m ngon.<\/p>\n<\/li>\n<li>\n<p class=\"\">B\u1ea3o qu\u1ea3n n\u01a1i kh\u00f4 r\u00e1o, tho\u00e1ng m\u00e1t, tr\u00e1nh \u00e1nh n\u1eafng m\u1eb7t tr\u1eddi. B\u1ea3o qu\u1ea3n l\u1ea1nh c\u00f3 th\u1ec3 g\u00e2y \u0111\u00f4ng c\u1ee9ng d\u1ea7u v\u00e0 xu\u1ea5t hi\u1ec7n c\u1eb7n, tuy nhi\u00ean n\u1ebfu \u0111\u1ec3 trong nhi\u1ec7t \u0111\u1ed9 th\u01b0\u1eddng trong m\u1ed9t th\u1eddi gian d\u1ea7u s\u1ebd tr\u1edf l\u1ea1i b\u00ecnh th\u01b0\u1eddng, ch\u1ea5t l\u01b0\u1ee3ng kh\u00f4ng b\u1ecb thay \u0111\u1ed5i.<\/p>\n<\/li>\n<li>\n<p class=\"\">KH\u00d4NG S\u1eec D\u1ee4NG S\u1ea2N PH\u1ea8M KHI H\u1ebeT H\u1ea0N S\u1eec D\u1ee4NG<\/p>\n<\/li>\n<\/ul>","protected":false},"excerpt":{"rendered":"<p>TH\u00d4NG TIN CHUNG Th\u01b0\u01a1ng hi\u1ec7u Kankoo Xu\u1ea5t x\u1ee9 \u00dac Th\u00e0nh ph\u1ea7n \u0110\u01b0\u1ee3c chi\u1ebft xu\u1ea5t 100% t\u1eeb h\u1ea1t c\u1ea3i ng\u1ecdt h\u1eefu<\/p>","protected":false},"featured_media":32290,"comment_status":"open","ping_status":"closed","template":"","meta":[],"product_brand":[],"product_cat":[256,36],"product_tag":[],"class_list":{"0":"post-32289","1":"product","2":"type-product","3":"status-publish","4":"has-post-thumbnail","6":"product_cat-thuc-pham-huu-co","7":"product_cat-thuc-pham-tieu-dung","8":"pa_brand-kankoo","10":"first","11":"outofstock","12":"sale","13":"shipping-taxable","14":"purchasable","15":"product-type-simple"},"_links":{"self":[{"href":"https:\/\/havamall.vn\/en\/wp-json\/wp\/v2\/product\/32289"}],"collection":[{"href":"https:\/\/havamall.vn\/en\/wp-json\/wp\/v2\/product"}],"about":[{"href":"https:\/\/havamall.vn\/en\/wp-json\/wp\/v2\/types\/product"}],"replies":[{"embeddable":true,"href":"https:\/\/havamall.vn\/en\/wp-json\/wp\/v2\/comments?post=32289"}],"version-history":[{"count":0,"href":"https:\/\/havamall.vn\/en\/wp-json\/wp\/v2\/product\/32289\/revisions"}],"wp:featuredmedia":[{"embeddable":true,"href":"https:\/\/havamall.vn\/en\/wp-json\/wp\/v2\/media\/32290"}],"wp:attachment":[{"href":"https:\/\/havamall.vn\/en\/wp-json\/wp\/v2\/media?parent=32289"}],"wp:term":[{"taxonomy":"product_brand","embeddable":true,"href":"https:\/\/havamall.vn\/en\/wp-json\/wp\/v2\/product_brand?post=32289"},{"taxonomy":"product_cat","embeddable":true,"href":"https:\/\/havamall.vn\/en\/wp-json\/wp\/v2\/product_cat?post=32289"},{"taxonomy":"product_tag","embeddable":true,"href":"https:\/\/havamall.vn\/en\/wp-json\/wp\/v2\/product_tag?post=32289"}],"curies":[{"name":"wp","href":"https:\/\/api.w.org\/{rel}","templated":true}]}}