{"id":32267,"date":"2023-08-11T14:03:23","date_gmt":"2023-08-11T07:03:23","guid":{"rendered":"https:\/\/havamall.vn\/?post_type=product&#038;p=32267"},"modified":"2023-08-14T14:05:01","modified_gmt":"2023-08-14T07:05:01","slug":"dau-hat-oc-cho-oztop-goods-250ml-natural-walnut-oil","status":"publish","type":"product","link":"https:\/\/havamall.vn\/en\/shop\/dau-hat-oc-cho-oztop-goods-250ml-natural-walnut-oil\/","title":{"rendered":"D\u1ea7u H\u1ea1t \u00d3c Ch\u00f3 Oztop Goods 250Ml &#8211; Natural Walnut Oil"},"content":{"rendered":"<h2><\/h2>\n<h2><strong>TH\u00d4NG TIN CHUNG<\/strong><\/h2>\n<table>\n<tbody>\n<tr>\n<td>Th\u01b0\u01a1ng hi\u1ec7u<\/td>\n<td>Oztop Good<\/td>\n<\/tr>\n<tr>\n<td>Xu\u1ea5t x\u1ee9<\/td>\n<td>\u00dac<\/td>\n<\/tr>\n<tr>\n<td>Th\u00e0nh ph\u1ea7n<\/td>\n<td>100% d\u1ea7u h\u1ea1t \u00f3c c\u00f3<\/td>\n<\/tr>\n<tr>\n<td>H\u1ea1n s\u1eed d\u1ee5ng<\/td>\n<td>Xem tr\u1ef1c ti\u1ebfp tr\u00ean bao b\u00ec<\/td>\n<\/tr>\n<tr>\n<td>B\u1ea3o qu\u1ea3n<\/td>\n<td>\u0110\u1ec3 n\u01a1i kh\u00f4 r\u00e1o, tho\u00e1ng m\u00e1t, tr\u00e1nh \u00e1nh n\u1eafng tr\u1ef1c ti\u1ebfp<\/td>\n<\/tr>\n<tr>\n<td>Th\u1ec3 t\u00edch<\/td>\n<td>250ml<\/td>\n<\/tr>\n<\/tbody>\n<\/table>\n<p class=\"sqsrte-small\">D\u1ea7u \u00f3c ch\u00f3 l\u00e0 m\u1ed9t lo\u1ea1i d\u1ea7u \u0103n cao c\u1ea5p \u0111\u01b0\u1ee3c l\u1ef1a ch\u1ecdn t\u1eeb qu\u1ea3 \u00f3c ch\u00f3 t\u1ed1t nh\u1ea5t, c\u00f3 m\u00e0u v\u00e0ng nh\u1ea1t, h\u01b0\u01a1ng th\u01a1m \u0111\u1eb7c tr\u01b0ng. Hi\u1ec7n t\u1ea1i, lo\u1ea1i d\u1ea7u t\u1eeb h\u1ea1t \u00f3c ch\u00f3 \u0111\u01b0\u1ee3c s\u1eed d\u1ee5ng kh\u00e1 ph\u1ed5 bi\u1ebfn \u1edf nhi\u1ec1u qu\u1ed1c gia v\u00e0 \u0111ang ng\u00e0y c\u00e0ng \u0111\u01b0\u1ee3c \u01b0a chu\u1ed9ng.<\/p>\n<p><img fetchpriority=\"high\" decoding=\"async\" class=\"wp-image-32268 aligncenter\" src=\"https:\/\/havamall.vn\/wp-content\/uploads\/2023\/08\/315197401_189034243659825_5800056584336103234_n-300x173.jpeg\" alt=\"\" width=\"851\" height=\"491\" srcset=\"https:\/\/havamall.vn\/wp-content\/uploads\/2023\/08\/315197401_189034243659825_5800056584336103234_n-300x173.jpeg 300w, https:\/\/havamall.vn\/wp-content\/uploads\/2023\/08\/315197401_189034243659825_5800056584336103234_n-430x248.jpeg 430w, https:\/\/havamall.vn\/wp-content\/uploads\/2023\/08\/315197401_189034243659825_5800056584336103234_n-150x87.jpeg 150w, https:\/\/havamall.vn\/wp-content\/uploads\/2023\/08\/315197401_189034243659825_5800056584336103234_n-700x404.jpeg 700w, https:\/\/havamall.vn\/wp-content\/uploads\/2023\/08\/315197401_189034243659825_5800056584336103234_n-768x443.jpeg 768w, https:\/\/havamall.vn\/wp-content\/uploads\/2023\/08\/315197401_189034243659825_5800056584336103234_n-1024x591.jpeg 1024w, https:\/\/havamall.vn\/wp-content\/uploads\/2023\/08\/315197401_189034243659825_5800056584336103234_n-1200x693.jpeg 1200w, https:\/\/havamall.vn\/wp-content\/uploads\/2023\/08\/315197401_189034243659825_5800056584336103234_n-600x346.jpeg 600w, https:\/\/havamall.vn\/wp-content\/uploads\/2023\/08\/315197401_189034243659825_5800056584336103234_n.jpeg 2048w\" sizes=\"(max-width: 851px) 100vw, 851px\" \/><\/p>\n<p class=\"sqsrte-small\">Trong d\u1ea7u \u00f3c ch\u00f3 c\u00f3 ch\u1ee9a c\u00e1c th\u00e0nh ph\u1ea7n ch\u1ea5t b\u00e9o, \u0111\u1eb7c bi\u1ec7t l\u00e0 axit linoleic, gamma-linolenic v\u00e0 oleic. Ch\u00fang c\u0169ng ho\u1ea1t \u0111\u1ed9ng nh\u01b0 c\u00e1c ch\u1ea5t ch\u1ed1ng oxy h\u00f3a, c\u00e1c h\u1ee3p ch\u1ea5t ch\u1ed1ng vi\u00eam v\u00e0 \u0111\u01b0\u1ee3c xem nh\u01b0 c\u00e1c ch\u1ea5t b\u00e9o t\u1ed1t do chuy\u1ec3n \u0111\u1ed5i n\u0103ng l\u01b0\u1ee3ng nhanh ch\u00f3ng k\u00e8m theo c\u00e1c t\u00e1c d\u1ee5ng c\u00f3 l\u1ee3i.<\/p>\n<div>D\u1ea7u \u00f3c ch\u00f3 Oztop Good \u0111\u01b0\u1ee3c ch\u1ebf bi\u1ebfn t\u1eeb Nh\u00e2n \u00d3c Ch\u00f3 nguy\u00ean ch\u1ea5t, ch\u1ea5t l\u01b0\u1ee3ng cao nh\u1eadp kh\u1ea9u t\u1eeb \u00dac\u00a0gi\u00fap h\u01b0\u01a1ng v\u1ecb c\u1ee7a d\u1ea7u h\u1ea1t \u00f3c ch\u00f3 th\u01a1m h\u01a1n v\u00e0 d\u1eady m\u00f9i h\u01a1n. Ph\u01b0\u01a1ng ph\u00e1p \u00e9p l\u1ea1nh hi\u1ec7n \u0111\u1ea1i gi\u00fap b\u1ea3o to\u00e0n c\u00e1c gi\u00e1 tr\u1ecb dinh d\u01b0\u1ee1ng v\u00e0 vitamin kho\u00e1ng ch\u1ea5t c\u1ee7a h\u1ea1t \u00f3c ch\u00f3.T\u1eeb \u0111\u00f3, mang \u0111\u1ebfn cho b\u1ea1n m\u1ed9t chai d\u1ea7u h\u1ea1t \u00f3c ch\u00f3 nhi\u1ec1u\u00a0dinh d\u01b0\u1ee1ng, l\u00e0nh t\u00ednh v\u00e0 an to\u00e0n.<\/div>\n<div><img decoding=\"async\" class=\"wp-image-32269 aligncenter\" src=\"https:\/\/havamall.vn\/wp-content\/uploads\/2023\/08\/315753312_189479323615317_7468248503187105028_n-300x300.jpeg\" alt=\"\" width=\"842\" height=\"842\" srcset=\"https:\/\/havamall.vn\/wp-content\/uploads\/2023\/08\/315753312_189479323615317_7468248503187105028_n-300x300.jpeg 300w, https:\/\/havamall.vn\/wp-content\/uploads\/2023\/08\/315753312_189479323615317_7468248503187105028_n-430x430.jpeg 430w, https:\/\/havamall.vn\/wp-content\/uploads\/2023\/08\/315753312_189479323615317_7468248503187105028_n-150x150.jpeg 150w, https:\/\/havamall.vn\/wp-content\/uploads\/2023\/08\/315753312_189479323615317_7468248503187105028_n-700x700.jpeg 700w, https:\/\/havamall.vn\/wp-content\/uploads\/2023\/08\/315753312_189479323615317_7468248503187105028_n-768x768.jpeg 768w, https:\/\/havamall.vn\/wp-content\/uploads\/2023\/08\/315753312_189479323615317_7468248503187105028_n-1024x1024.jpeg 1024w, https:\/\/havamall.vn\/wp-content\/uploads\/2023\/08\/315753312_189479323615317_7468248503187105028_n-1200x1200.jpeg 1200w, https:\/\/havamall.vn\/wp-content\/uploads\/2023\/08\/315753312_189479323615317_7468248503187105028_n-600x600.jpeg 600w, https:\/\/havamall.vn\/wp-content\/uploads\/2023\/08\/315753312_189479323615317_7468248503187105028_n-100x100.jpeg 100w, https:\/\/havamall.vn\/wp-content\/uploads\/2023\/08\/315753312_189479323615317_7468248503187105028_n.jpeg 2048w\" sizes=\"(max-width: 842px) 100vw, 842px\" \/><\/div>\n<h2><strong>C\u00d4NG D\u1ee4NG C\u1ee6A S\u1ea2N PH\u1ea8M<\/strong><\/h2>\n<h5><em><strong>\u0110\u1ed1i v\u1edbi tr\u1ebb em<\/strong><\/em><\/h5>\n<blockquote>\n<p class=\"\">\n<\/blockquote>\n<p class=\"\">&gt; T\u0103ng c\u01b0\u1eddng s\u1ef1 ph\u00e1t tri\u1ec3n c\u1ee7a n\u00e3o b\u1ed9 v\u00e0 tr\u00ed nh\u1edb \u1edf tr\u1ebb<\/p>\n<p class=\"\">&gt; K\u00edch th\u00edch s\u1ef1 m\u1ecdc t\u00f3c \u1edf tr\u1ebb nh\u1ecf<\/p>\n<p class=\"\">&gt; Gi\u1ea3m t\u00ecnh tr\u1ea1ng b\u00e9o ph\u00ec v\u00e0 c\u00e1c v\u1ea5n \u0111\u1ec1 li\u00ean quan t\u1edbi chuy\u1ec3n h\u00f3a \u1edf tr\u1ebb nh\u1ecf<\/p>\n<p class=\"\">&gt; Ng\u0103n ng\u1eeba c\u00e1c b\u1ec7nh nhi\u1ec5m tr\u00f9ng nhi\u1ec5m khu\u1ea9n \u1edf tr\u1ebb em<\/p>\n<p class=\"\">&gt; Cung c\u1ea5p ngu\u1ed3n n\u0103ng l\u01b0\u1ee3ng cho s\u1ef1 ph\u00e1t tri\u1ec3n c\u1ee7a tr\u1ebb nh\u1ecf<\/p>\n<p class=\"\">&gt; \u0110i\u1ec1u h\u00f2a gi\u1ea5c ng\u1ee7, gi\u00fap tr\u1ebb ng\u1ee7 ngon gi\u1ea5c<\/p>\n<h5><img decoding=\"async\" class=\"wp-image-32270 aligncenter\" src=\"https:\/\/havamall.vn\/wp-content\/uploads\/2023\/08\/316045582_189469230282993_3130868291926945198_n-300x220.jpeg\" alt=\"\" width=\"831\" height=\"610\" srcset=\"https:\/\/havamall.vn\/wp-content\/uploads\/2023\/08\/316045582_189469230282993_3130868291926945198_n-300x220.jpeg 300w, https:\/\/havamall.vn\/wp-content\/uploads\/2023\/08\/316045582_189469230282993_3130868291926945198_n-600x440.jpeg 600w, https:\/\/havamall.vn\/wp-content\/uploads\/2023\/08\/316045582_189469230282993_3130868291926945198_n-150x110.jpeg 150w, https:\/\/havamall.vn\/wp-content\/uploads\/2023\/08\/316045582_189469230282993_3130868291926945198_n-1200x880.jpeg 1200w, https:\/\/havamall.vn\/wp-content\/uploads\/2023\/08\/316045582_189469230282993_3130868291926945198_n-768x563.jpeg 768w, https:\/\/havamall.vn\/wp-content\/uploads\/2023\/08\/316045582_189469230282993_3130868291926945198_n-1024x751.jpeg 1024w, https:\/\/havamall.vn\/wp-content\/uploads\/2023\/08\/316045582_189469230282993_3130868291926945198_n.jpeg 2048w\" sizes=\"(max-width: 831px) 100vw, 831px\" \/><\/h5>\n<h5><em><strong>\u0110\u1ed1i v\u1edbi ng\u01b0\u1eddi l\u1edbn<\/strong><\/em><\/h5>\n<p class=\"\">&gt; B\u1ed5 sung ch\u1ea5t ch\u1ed1ng oxy h\u00f3a tuy\u1ec7t v\u1eddi c\u00f3 th\u1ec3 gi\u00fap ch\u1ed1ng l\u1ea1i c\u00e1c t\u1ed5n th\u01b0\u01a1ng oxy h\u00f3a trong c\u01a1 th\u1ec3 c\u1ee7a b\u1ea1n, bao g\u1ed3m c\u1ea3 t\u1ed5n th\u01b0\u01a1ng do cholesterol LDL \u201cx\u1ea5u\u201d, th\u00fac \u0111\u1ea9y x\u01a1 v\u1eefa \u0111\u1ed9ng m\u1ea1ch khi b\u1ecb \u0111un n\u00f3ng s\u1ebd t\u1ea1o v\u1ecb \u0111\u1eafng r\u1ea5t kh\u00f3 \u0103n.<\/p>\n<p class=\"\">&gt; T\u1ed1t cho tim m\u1ea1ch, h\u1ed7 tr\u1ee3 t\u1ed1t trong vi\u1ec7c l\u01b0u th\u00f4ng m\u00e1u, t\u0103ng c\u01b0\u1eddng n\u0103ng l\u01b0\u1ee3ng v\u00e0 gi\u1ea3m huy\u1ebft \u00e1p.<\/p>\n<p class=\"\">&gt; H\u1ed7 tr\u1ee3 ch\u1ee9c n\u0103ng n\u00e3o t\u1ed1t,c\u1ea3i thi\u1ec7n \u0111\u00e1ng k\u1ec3 v\u1ec1 c\u00e1c k\u1ef9 n\u0103ng trong h\u1ecdc t\u1eadp, tr\u00ed nh\u1edb v\u00e0 gi\u1ea3m lo l\u1eafng.<\/p>\n<p class=\"\">&gt; Kh\u00e1ng vi\u00eam: ch\u1ed1ng vi\u00eam nhi\u1ec5m v\u1ec1 c\u00e1c v\u1ea5n \u0111\u1ec1 nhi\u1ec5m tr\u00f9ng \u0111\u01b0\u1eddng h\u00f4 h\u1ea5p, tai m\u0169i h\u1ecdng, s\u1eed d\u1ee5ng tr\u1ef1c ti\u1ebfp tr\u00ean da khi b\u1ecb \u0111au x\u01b0\u01a1ng kh\u1edbp nh\u1ee9c m\u1ecfi.<\/p>\n<p class=\"\">&gt; Gi\u00fap ki\u1ec3m so\u00e1t s\u1ef1 th\u00e8m \u0103n v\u00e0 c\u00e2n n\u1eb7ng.<\/p>\n<p class=\"\">&gt; Ki\u1ec3m so\u00e1t l\u01b0\u1ee3ng \u0111\u01b0\u1eddng trong m\u00e1u, \u0111\u1eb7c bi\u1ec7t, \u0111\u1ed1i v\u1edbi nh\u1eefng ng\u01b0\u1eddi m\u1eafc b\u1ec7nh ti\u1ec3u \u0111\u01b0\u1eddng, s\u1eed d\u1ee5ng d\u1ea7u \u00f3c ch\u00f3 c\u00f3 y\u1ebfu t\u1ed1 insulin gi\u00fap b\u1ea1n gi\u1ea3m nguy c\u01a1 ph\u00e1t tri\u1ec3n b\u1ec7nh theo chi\u1ec1u h\u01b0\u1edbng x\u1ea5u.<\/p>\n<p class=\"\">&gt; L\u00e0m ch\u1eadm qu\u00e1 tr\u00ecnh l\u00e3o h\u00f3a da, trong d\u1ea7u \u00f3c ch\u00f3 r\u1ea5t gi\u00e0u vitamin B v\u00e0 ch\u1ea5t ch\u1ed1ng oxy h\u00f3a, gi\u00fap l\u00e0n da kh\u1ecfi t\u00e1c h\u1ea1i c\u1ee7a g\u1ed1c t\u1ef1 do, ng\u0103n ng\u1eeba n\u1ebfp nh\u0103n c\u00f9ng d\u1ea5u hi\u1ec7u l\u00e3o h\u00f3a.<\/p>\n<h2><img loading=\"lazy\" decoding=\"async\" class=\"wp-image-32271 aligncenter\" src=\"https:\/\/havamall.vn\/wp-content\/uploads\/2023\/08\/315192943_188843287012254_6067510102959856631_n-300x169.jpeg\" alt=\"\" width=\"836\" height=\"471\" srcset=\"https:\/\/havamall.vn\/wp-content\/uploads\/2023\/08\/315192943_188843287012254_6067510102959856631_n-300x169.jpeg 300w, https:\/\/havamall.vn\/wp-content\/uploads\/2023\/08\/315192943_188843287012254_6067510102959856631_n-600x338.jpeg 600w, https:\/\/havamall.vn\/wp-content\/uploads\/2023\/08\/315192943_188843287012254_6067510102959856631_n-150x84.jpeg 150w, https:\/\/havamall.vn\/wp-content\/uploads\/2023\/08\/315192943_188843287012254_6067510102959856631_n-1200x675.jpeg 1200w, https:\/\/havamall.vn\/wp-content\/uploads\/2023\/08\/315192943_188843287012254_6067510102959856631_n-768x432.jpeg 768w, https:\/\/havamall.vn\/wp-content\/uploads\/2023\/08\/315192943_188843287012254_6067510102959856631_n-1024x576.jpeg 1024w, https:\/\/havamall.vn\/wp-content\/uploads\/2023\/08\/315192943_188843287012254_6067510102959856631_n.jpeg 2047w\" sizes=\"(max-width: 836px) 100vw, 836px\" \/><\/h2>\n<h2><strong>H\u01af\u1edaNG D\u1eaaN S\u1eec D\u1ee4NG<\/strong><\/h2>\n<h5><em><strong>Cho b\u00e9 t\u1eeb 6 th\u00e1ng b\u1eaft \u0111\u1ea7u \u0103n d\u1eb7m:<\/strong><\/em><\/h5>\n<ul>\n<li>Nh\u1ecf v\u00e0o th\u1ee9c \u0103n cho b\u00e9: Ch\u00e1o, b\u1ed9t, soup, canh,&#8230; 1-2 gi\u1ecdt( n\u1eeda th\u00eca cafe)<\/li>\n<li>T\u1ea7n su\u1ea5t d\u00f9ng t\u1eeb 2-3 l\u1ea7n\/tu\u1ea7n cho b\u00e9 t\u1eadp d\u1ea7n. Khi b\u00e9 quen th\u00ec n\u00e2ng t\u1ea7n su\u1ea5t<\/li>\n<\/ul>\n<h5><em><strong>Cho m\u1eb9 b\u1ea7u ho\u1eb7c ng\u01b0\u1eddi l\u1edbn:<\/strong><\/em><\/h5>\n<ul>\n<li>Gia nhi\u1ec7t t\u1ed1i \u0111a 160 \u0111\u1ed9, tr\u00e1nh \u0111\u1ec3 d\u1ea7u b\u1ed1c kh\u00f3i + Tr\u1ed9n c\u00f9ng th\u1ee9c \u0103n nh\u01b0 Salad, C\u01a1m, Ch\u00e1o&#8230; t\u1ea7n su\u1ea5t d\u00f9ng t\u1eeb 5-6 l\u1ea7n\/tu\u1ea7n\/l\u1ea7n 2-3 th\u00eca cafe(5-10ml)<\/li>\n<li>D\u1ea7u h\u1ea1t \u00f3c ch\u00f3 ch\u1ee9a axit b\u00e9o Omega-3, m\u1ed9t lo\u1ea1i ch\u1ea5t t\u1ed1t cho c\u1ea3 m\u1eb9 b\u1ea7u v\u00e0 thai nhi. &#8211; T\u1ed1t cho tim m\u1ea1ch, ch\u1ed1ng oxy ho\u00e1, ng\u0103n ng\u1eeba d\u1ecb t\u1eadt b\u1ea9m sinh<\/li>\n<li>H\u1ed7 tr\u1ee3 m\u1eb9 b\u1ea7u ng\u1ee7 ngon, ch\u1ed1ng tr\u1ea7m c\u1ea3m.<\/li>\n<li>Ki\u1ec3m so\u00e1t c\u00e2n n\u1eb7ng, b\u1ed5 sung \u0111\u1ed3ng.<\/li>\n<\/ul>\n<p><img loading=\"lazy\" decoding=\"async\" class=\"wp-image-32272 aligncenter\" src=\"https:\/\/havamall.vn\/wp-content\/uploads\/2023\/08\/317516249_191644656732117_7888108960728821834_n-300x225.jpeg\" alt=\"\" width=\"808\" height=\"606\" srcset=\"https:\/\/havamall.vn\/wp-content\/uploads\/2023\/08\/317516249_191644656732117_7888108960728821834_n-300x225.jpeg 300w, https:\/\/havamall.vn\/wp-content\/uploads\/2023\/08\/317516249_191644656732117_7888108960728821834_n-600x450.jpeg 600w, https:\/\/havamall.vn\/wp-content\/uploads\/2023\/08\/317516249_191644656732117_7888108960728821834_n-150x113.jpeg 150w, https:\/\/havamall.vn\/wp-content\/uploads\/2023\/08\/317516249_191644656732117_7888108960728821834_n-1200x900.jpeg 1200w, https:\/\/havamall.vn\/wp-content\/uploads\/2023\/08\/317516249_191644656732117_7888108960728821834_n-768x576.jpeg 768w, https:\/\/havamall.vn\/wp-content\/uploads\/2023\/08\/317516249_191644656732117_7888108960728821834_n-1024x768.jpeg 1024w, https:\/\/havamall.vn\/wp-content\/uploads\/2023\/08\/317516249_191644656732117_7888108960728821834_n.jpeg 2048w\" sizes=\"(max-width: 808px) 100vw, 808px\" \/><\/p>","protected":false},"excerpt":{"rendered":"<p>TH\u00d4NG TIN CHUNG Th\u01b0\u01a1ng hi\u1ec7u Oztop Good Xu\u1ea5t x\u1ee9 \u00dac Th\u00e0nh ph\u1ea7n 100% d\u1ea7u h\u1ea1t \u00f3c c\u00f3 H\u1ea1n s\u1eed d\u1ee5ng<\/p>","protected":false},"featured_media":32273,"comment_status":"open","ping_status":"closed","template":"","meta":[],"product_brand":[],"product_cat":[36],"product_tag":[],"class_list":{"0":"post-32267","1":"product","2":"type-product","3":"status-publish","4":"has-post-thumbnail","6":"product_cat-thuc-pham-tieu-dung","8":"first","9":"instock","10":"sale","11":"shipping-taxable","12":"purchasable","13":"product-type-simple"},"_links":{"self":[{"href":"https:\/\/havamall.vn\/en\/wp-json\/wp\/v2\/product\/32267"}],"collection":[{"href":"https:\/\/havamall.vn\/en\/wp-json\/wp\/v2\/product"}],"about":[{"href":"https:\/\/havamall.vn\/en\/wp-json\/wp\/v2\/types\/product"}],"replies":[{"embeddable":true,"href":"https:\/\/havamall.vn\/en\/wp-json\/wp\/v2\/comments?post=32267"}],"version-history":[{"count":0,"href":"https:\/\/havamall.vn\/en\/wp-json\/wp\/v2\/product\/32267\/revisions"}],"wp:featuredmedia":[{"embeddable":true,"href":"https:\/\/havamall.vn\/en\/wp-json\/wp\/v2\/media\/32273"}],"wp:attachment":[{"href":"https:\/\/havamall.vn\/en\/wp-json\/wp\/v2\/media?parent=32267"}],"wp:term":[{"taxonomy":"product_brand","embeddable":true,"href":"https:\/\/havamall.vn\/en\/wp-json\/wp\/v2\/product_brand?post=32267"},{"taxonomy":"product_cat","embeddable":true,"href":"https:\/\/havamall.vn\/en\/wp-json\/wp\/v2\/product_cat?post=32267"},{"taxonomy":"product_tag","embeddable":true,"href":"https:\/\/havamall.vn\/en\/wp-json\/wp\/v2\/product_tag?post=32267"}],"curies":[{"name":"wp","href":"https:\/\/api.w.org\/{rel}","templated":true}]}}