{"id":32208,"date":"2023-08-08T15:02:57","date_gmt":"2023-08-08T08:02:57","guid":{"rendered":"https:\/\/havamall.vn\/?post_type=product&#038;p=32208"},"modified":"2023-08-08T15:02:58","modified_gmt":"2023-08-08T08:02:58","slug":"dau-lang-do-hero-masoor-dal-hero-nhap-khau-an-do-split-red-lentil-masoor-dal-skinless-1kg","status":"publish","type":"product","link":"https:\/\/havamall.vn\/en\/shop\/dau-lang-do-hero-masoor-dal-hero-nhap-khau-an-do-split-red-lentil-masoor-dal-skinless-1kg\/","title":{"rendered":"\u0110\u1eadu L\u0103ng \u0110\u1ecf Hero Masoor Dal Hero Nh\u1eadp Kh\u1ea9u \u1ea4n \u0110\u1ed9 &#8211;  Split Red Lentil Masoor Dal (Skinless) 1Kg"},"content":{"rendered":"<h3><\/h3>\n<h2><strong>TH\u00d4NG TIN S\u1ea2N PH\u1ea8M<\/strong><\/h2>\n<table>\n<tbody>\n<tr>\n<td>Th\u01b0\u01a1ng hi\u1ec7u<\/td>\n<td>Hero<\/td>\n<\/tr>\n<tr>\n<td>Xu\u1ea5t x\u1ee9<\/td>\n<td>\u1ea4n \u0110\u1ed9<\/td>\n<\/tr>\n<tr>\n<td>Th\u00e0nh ph\u1ea7n<\/td>\n<td>100% \u0111\u1eadu l\u0103ng \u0111\u1ecf<\/td>\n<\/tr>\n<tr>\n<td>H\u1ea1n s\u1eed d\u1ee5ng<\/td>\n<td>12 th\u00e1ng k\u1ec3 t\u1eeb ng\u00e0y s\u1ea3n xu\u1ea5t.<\/td>\n<\/tr>\n<tr>\n<td>B\u1ea3o qu\u1ea3n<\/td>\n<td>\u0110\u1ec3 n\u01a1i kh\u00f4 r\u00e1o, tho\u00e1ng m\u00e1t, tr\u00e1nh \u00e1nh n\u1eafng tr\u1ef1c ti\u1ebfp<\/td>\n<\/tr>\n<tr>\n<td>Kh\u1ed1i l\u01b0\u1ee3ng<\/td>\n<td>1kg<\/td>\n<\/tr>\n<\/tbody>\n<\/table>\n<p>\u0110\u1eadu l\u0103ng thu\u1ed9c gi\u1ed1ng c\u00e2y h\u1ecd \u0111\u1eadu (\u0111\u1eadu xanh, \u0111\u1eadu \u0111\u1ecf,\u2026), l\u00e0 lo\u1ea1i h\u1ea1t h\u00ecnh tr\u00f2n, d\u1eb9t v\u1edbi nhi\u1ec1u m\u00e0u s\u1eafc \u0111a d\u1ea1ng: \u0111\u1ecf, xanh, v\u00e0ng, \u0111en, n\u00e2u.<\/p>\n<p>H\u1ea1t \u0111\u1eadu l\u0103ng xu\u1ea5t hi\u1ec7n trong c\u00e1c b\u1eefa \u0103n b\u1eaft ngu\u1ed3n t\u1eeb khu v\u1ef1c T\u00e2y \u00c1. Ng\u00e0y nay, h\u1ea1t \u0111\u1eadu l\u0103ng \u0111\u01b0\u1ee3c tr\u1ed3ng \u1edf nhi\u1ec1u qu\u1ed1c gia v\u00e0 \u0111\u01b0\u1ee3c \u01b0a chu\u1ed9ng b\u1edfi h\u00e0m l\u01b0\u1ee3ng dinh d\u01b0\u1ee1ng d\u1ed3i d\u00e0o.\u00a0Trong \u0111\u00f3, h\u1ea1t \u0111\u1eadu l\u0103ng \u0111\u1ecf v\u00e0 xanh ph\u1ed5 bi\u1ebfn d\u00f9ng l\u00e0m th\u1ef1c ph\u1ea9m trong nhi\u1ec1u m\u00f3n \u0103n nh\u01b0 n\u1ea5u s\u00fap, salad, n\u1ea5u ch\u00e8, s\u1eefa h\u1ea1t\u2026<\/p>\n<p><img fetchpriority=\"high\" decoding=\"async\" class=\"wp-image-32209 aligncenter\" src=\"https:\/\/havamall.vn\/wp-content\/uploads\/2023\/08\/Screen-Shot-2023-08-08-at-2.47.40-PM-300x264.png\" alt=\"\" width=\"734\" height=\"646\" srcset=\"https:\/\/havamall.vn\/wp-content\/uploads\/2023\/08\/Screen-Shot-2023-08-08-at-2.47.40-PM-300x264.png 300w, https:\/\/havamall.vn\/wp-content\/uploads\/2023\/08\/Screen-Shot-2023-08-08-at-2.47.40-PM-430x378.png 430w, https:\/\/havamall.vn\/wp-content\/uploads\/2023\/08\/Screen-Shot-2023-08-08-at-2.47.40-PM-150x132.png 150w, https:\/\/havamall.vn\/wp-content\/uploads\/2023\/08\/Screen-Shot-2023-08-08-at-2.47.40-PM-700x616.png 700w, https:\/\/havamall.vn\/wp-content\/uploads\/2023\/08\/Screen-Shot-2023-08-08-at-2.47.40-PM-768x676.png 768w, https:\/\/havamall.vn\/wp-content\/uploads\/2023\/08\/Screen-Shot-2023-08-08-at-2.47.40-PM-1024x901.png 1024w, https:\/\/havamall.vn\/wp-content\/uploads\/2023\/08\/Screen-Shot-2023-08-08-at-2.47.40-PM-1200x1056.png 1200w, https:\/\/havamall.vn\/wp-content\/uploads\/2023\/08\/Screen-Shot-2023-08-08-at-2.47.40-PM-600x528.png 600w, https:\/\/havamall.vn\/wp-content\/uploads\/2023\/08\/Screen-Shot-2023-08-08-at-2.47.40-PM.png 1480w\" sizes=\"(max-width: 734px) 100vw, 734px\" \/><\/p>\n<p>\u0110\u1eadu l\u0103ng \u0111\u1ecf Masoor Dal l\u00e0 m\u1ed9t trong nh\u1eefng lo\u1ea1i \u0111\u1eadu l\u0103ng n\u1ed5i ti\u1ebfng. \u0110\u1eadu n\u00e0y kh\u00f4ng c\u00f3 v\u1ecf v\u00e0 m\u00e0u \u0111\u1ecf. N\u00f3 gi\u00fap l\u00e0m s\u1ea1ch da c\u1ee7a b\u1ea1n b\u1eb1ng c\u00e1ch lo\u1ea1i b\u1ecf t\u1ea1p ch\u1ea5t. L\u01b0\u1ee3ng ch\u1ea5t x\u01a1 cao trong \u0111\u1eadu l\u0103ng \u0111\u1ecf gi\u00fap gi\u1ea3m cholesterol trong khi kali gi\u00fap gi\u1ea3m huy\u1ebft \u00e1p cao. \u0110\u1eadu l\u0103ng \u0111\u1ecf c\u00f3 ch\u1ec9 s\u1ed1 \u0111\u01b0\u1eddng huy\u1ebft th\u1ea5p, khi\u1ebfn ch\u00fang tr\u1edf th\u00e0nh m\u1ed9t lo\u1ea1i th\u1ef1c ph\u1ea9m l\u00fd t\u01b0\u1edfng cho nh\u1eefng ng\u01b0\u1eddi m\u1eafc b\u1ec7nh ti\u1ec3u \u0111\u01b0\u1eddng. N\u00f3 t\u0103ng s\u1ee9c m\u1ea1nh mi\u1ec5n d\u1ecbch. \u0110\u1eadu n\u00e0y d\u1ebbo dai v\u00e0 n\u1ea5u r\u1ea5t nhanh v\u1edbi h\u01b0\u01a1ng v\u1ecb tuy\u1ec7t v\u1eddi, \u0111\u1ea5t, n\u00f3 c\u00f3 ch\u1ea5t x\u01a1, vitamin B1, folate v\u00e0 kho\u00e1ng ch\u1ea5t \u0111\u1ec1u kh\u00f4ng c\u00f3 ch\u1ea5t b\u00e9o.<\/p>\n<p><img decoding=\"async\" class=\"wp-image-32210 aligncenter\" src=\"https:\/\/havamall.vn\/wp-content\/uploads\/2023\/08\/WEB_Red_Lentil_Soup_with_Spicy_Yoghurt_and_Date_Cubes-300x200.jpeg\" alt=\"\" width=\"724\" height=\"482\" srcset=\"https:\/\/havamall.vn\/wp-content\/uploads\/2023\/08\/WEB_Red_Lentil_Soup_with_Spicy_Yoghurt_and_Date_Cubes-300x200.jpeg 300w, https:\/\/havamall.vn\/wp-content\/uploads\/2023\/08\/WEB_Red_Lentil_Soup_with_Spicy_Yoghurt_and_Date_Cubes-430x287.jpeg 430w, https:\/\/havamall.vn\/wp-content\/uploads\/2023\/08\/WEB_Red_Lentil_Soup_with_Spicy_Yoghurt_and_Date_Cubes-150x100.jpeg 150w, https:\/\/havamall.vn\/wp-content\/uploads\/2023\/08\/WEB_Red_Lentil_Soup_with_Spicy_Yoghurt_and_Date_Cubes-700x467.jpeg 700w, https:\/\/havamall.vn\/wp-content\/uploads\/2023\/08\/WEB_Red_Lentil_Soup_with_Spicy_Yoghurt_and_Date_Cubes-768x512.jpeg 768w, https:\/\/havamall.vn\/wp-content\/uploads\/2023\/08\/WEB_Red_Lentil_Soup_with_Spicy_Yoghurt_and_Date_Cubes-1024x683.jpeg 1024w, https:\/\/havamall.vn\/wp-content\/uploads\/2023\/08\/WEB_Red_Lentil_Soup_with_Spicy_Yoghurt_and_Date_Cubes-1200x800.jpeg 1200w, https:\/\/havamall.vn\/wp-content\/uploads\/2023\/08\/WEB_Red_Lentil_Soup_with_Spicy_Yoghurt_and_Date_Cubes-600x400.jpeg 600w\" sizes=\"(max-width: 724px) 100vw, 724px\" \/><\/p>\n<p>Gi\u00e0u ch\u1ea5t x\u01a1 h\u1ea1 th\u1ea5p cholesterol. H\u00e0m l\u01b0\u1ee3ng protein cao v\u1edbi c\u00e1c axit amin thi\u1ebft y\u1ebfu nh\u01b0 isoleucine v\u00e0 lysine. Ngu\u1ed3n t\u1ed1t c\u1ee7a kali v\u00e0 ch\u1ea5t ch\u1ed1ng oxy h\u00f3a. H\u00e0m l\u01b0\u1ee3ng canxi v\u00e0 magi\u00ea gi\u00fap l\u00e0m th\u1eb3ng x\u01b0\u01a1ng v\u00e0 r\u0103ng. Folate v\u00e0 vitamin B gi\u00fap trung h\u00f2a vi\u00eam.<\/p>\n<h2><strong>T\u00e1c d\u1ee5ng c\u1ee7a \u0111\u1eadu l\u0103ng \u0111\u1ecf<\/strong><\/h2>\n<p>\u2013 Gi\u1ea3m cholesterol x\u1ea5u nh\u1edd l\u01b0\u1ee3ng ch\u1ea5t x\u01a1 cao.<\/p>\n<p>\u2013 Cung c\u1ea5p protein v\u00e0 ch\u1ea5t x\u01a1. Th\u00edch h\u1ee3p cho ng\u01b0\u1eddi \u0103n ki\u00eang, gi\u1eef d\u00e1ng. V\u00ec ch\u1ea5t x\u01a1 n\u1ea1p v\u00e0o c\u01a1 th\u1ec3 b\u1ea1n s\u1ebd t\u1ea1o c\u1ea3m gi\u00e1c no l\u00e2u v\u00e0 gi\u1ea3m l\u01b0\u1ee3ng ch\u1ea5t b\u00e9o trong c\u01a1 th\u1ec3.<\/p>\n<p>\u2013 T\u0103ng c\u01b0\u1eddng s\u1ee9c \u0111\u1ec1 kh\u00e1ng v\u00e0 nh\u1eefng d\u01b0\u1ee1ng ch\u1ea5t thi\u1ebft y\u1ebfu cho c\u01a1 th\u1ec3 bao g\u1ed3m: canxi, magi\u00ea, vitamin v\u00e0 ch\u1ea5t kho\u00e1ng.\u00a0<em>\u0110\u1eadu l\u0103ng<\/em>\u00a0l\u00e0 ngu\u1ed3n b\u1ed5 sung n\u0103ng l\u01b0\u1ee3ng, t\u0103ng c\u01b0\u1eddng s\u1ee9c \u0111\u1ec1 kh\u00e1ng, gi\u00fap c\u01a1 th\u1ec3 ho\u1ea1t \u0111\u1ed9ng v\u00e0 trao \u0111\u1ed5i ch\u1ea5t t\u1ed1t h\u01a1n. Ng\u0103n ng\u1eeba ung th\u01b0, t\u1ed1t cho ng\u01b0\u1eddi ti\u1ec3u \u0111\u01b0\u1eddng, huy\u1ebft \u00e1p v\u00e0 x\u01b0\u01a1ng ch\u1eafc kh\u1ecfe, mang l\u1ea1i l\u00e0n da kh\u1ecfe m\u1ea1nh.<\/p>\n<p>\u2013 S\u1eed d\u1ee5ng\u00a0<em>\u0111\u1eadu l\u0103ng<\/em>\u00a0\u0111\u1ecf l\u00e0 l\u1ef1a ch\u1ecdn t\u1ed1t nh\u1ea5t cho m\u1ecdi gia \u0111\u00ecnh.<\/p>\n<p><img decoding=\"async\" class=\"wp-image-32211 aligncenter\" src=\"https:\/\/havamall.vn\/wp-content\/uploads\/2023\/08\/sg-11134201-23010-0x1g1i3yqulvbe-300x300.jpeg\" alt=\"\" width=\"722\" height=\"722\" srcset=\"https:\/\/havamall.vn\/wp-content\/uploads\/2023\/08\/sg-11134201-23010-0x1g1i3yqulvbe-300x300.jpeg 300w, https:\/\/havamall.vn\/wp-content\/uploads\/2023\/08\/sg-11134201-23010-0x1g1i3yqulvbe-430x430.jpeg 430w, https:\/\/havamall.vn\/wp-content\/uploads\/2023\/08\/sg-11134201-23010-0x1g1i3yqulvbe-150x150.jpeg 150w, https:\/\/havamall.vn\/wp-content\/uploads\/2023\/08\/sg-11134201-23010-0x1g1i3yqulvbe-700x700.jpeg 700w, https:\/\/havamall.vn\/wp-content\/uploads\/2023\/08\/sg-11134201-23010-0x1g1i3yqulvbe-768x768.jpeg 768w, https:\/\/havamall.vn\/wp-content\/uploads\/2023\/08\/sg-11134201-23010-0x1g1i3yqulvbe-600x600.jpeg 600w, https:\/\/havamall.vn\/wp-content\/uploads\/2023\/08\/sg-11134201-23010-0x1g1i3yqulvbe-100x100.jpeg 100w, https:\/\/havamall.vn\/wp-content\/uploads\/2023\/08\/sg-11134201-23010-0x1g1i3yqulvbe.jpeg 1000w\" sizes=\"(max-width: 722px) 100vw, 722px\" \/><\/p>\n<p>&#8211; Th\u1ef1c ph\u1ea9m b\u1ed5 sung nhi\u1ec1u d\u01b0\u1ee1ng ch\u1ea5t cho c\u01a1 th\u1ec3<\/p>\n<p>&#8211; Ph\u00f2ng b\u1ec7nh ung th\u01b0<\/p>\n<p>&#8211; Gi\u00fap tr\u00e1i tim kh\u1ecfe m\u1ea1nh<\/p>\n<p>&#8211; T\u1ed1t cho b\u00e0 b\u1ea7u<\/p>\n<p>&#8211; Th\u00edch h\u1ee3p cho ng\u01b0\u1eddi m\u1edbi \u1ed1m d\u1eady, ch\u1ed1ng m\u1ec7t m\u1ecfi<\/p>\n<p><img loading=\"lazy\" decoding=\"async\" class=\"wp-image-32212 aligncenter\" src=\"https:\/\/havamall.vn\/wp-content\/uploads\/2023\/08\/red-lentils_FJIP-300x220.jpeg\" alt=\"\" width=\"716\" height=\"525\" srcset=\"https:\/\/havamall.vn\/wp-content\/uploads\/2023\/08\/red-lentils_FJIP-300x220.jpeg 300w, https:\/\/havamall.vn\/wp-content\/uploads\/2023\/08\/red-lentils_FJIP-430x315.jpeg 430w, https:\/\/havamall.vn\/wp-content\/uploads\/2023\/08\/red-lentils_FJIP-150x110.jpeg 150w, https:\/\/havamall.vn\/wp-content\/uploads\/2023\/08\/red-lentils_FJIP-700x513.jpeg 700w, https:\/\/havamall.vn\/wp-content\/uploads\/2023\/08\/red-lentils_FJIP-768x563.jpeg 768w, https:\/\/havamall.vn\/wp-content\/uploads\/2023\/08\/red-lentils_FJIP.jpeg 1024w, https:\/\/havamall.vn\/wp-content\/uploads\/2023\/08\/red-lentils_FJIP-600x439.jpeg 600w\" sizes=\"(max-width: 716px) 100vw, 716px\" \/><\/p>\n<h2><strong>H\u01af\u1edaNG D\u1eaaN S\u1eec D\u1ee4NG<\/strong><\/h2>\n<h5><strong><em>M\u00f3n \u0111\u1eadu l\u0103ng th\u00f4ng th\u01b0\u1eddng:<\/em><\/strong><\/h5>\n<p>R\u1eeda s\u1ea1ch\u00a0\u0111\u1eadu l\u0103ng\u00a0r\u1ed3i \u0111un s\u00f4i v\u1edbi n\u01b0\u1edbc. Nh\u1edb kho\u00e1y \u0111\u1ec1u \u0111\u1ec3 tr\u00e1nh d\u00ednh n\u1ed3i. N\u1ea5u t\u1ea7m 25 ph\u00fat quan s\u00e1t th\u1ea5y \u0111\u1eadu m\u1ec1m th\u00ec cho mu\u1ed1i v\u00e0 h\u1ea1t n\u00eam v\u00e0o cho v\u1eeba \u0103n.<\/p>\n<h5><strong><em>C\u00e0 ri \u0111\u1eadu l\u0103ng:<\/em><\/strong><\/h5>\n<p>Cho g\u1eebng, t\u1ecfi gi\u00e3 nhuy\u1ec5n v\u00e0o ch\u1ea3o d\u1ea7u n\u00f3ng, phi th\u01a1m. Th\u00eam m\u1ed9t \u00edt b\u1ed9t c\u00e0 ri, khoai t\u00e2y v\u00e0 c\u00e0 r\u1ed1t v\u00e0o x\u00e0o \u0111\u1ec1u \u00edt ph\u00fat. Ti\u1ebfp t\u1ee5c cho \u0111\u1eadu l\u0103ng \u0111\u00e3 r\u1eeda s\u1ea1ch v\u00e0 n\u01b0\u1edbc d\u00f9ng v\u00e0o v\u00e0\u00a0 \u0111\u1ea3o \u0111\u1ec1u. N\u00eam n\u1ebfm gia v\u1ecb v\u1eeba \u0103n, k\u00e8m \u00edt \u1edbt. \u0110\u1ee3i t\u1ea7m 20 ph\u00fat \u0111\u1eadu v\u00e0 rau c\u1ee7 ch\u00edn m\u1ec1m th\u00ec cho ra b\u00e1t \u0103n k\u00e8m b\u00e1nh m\u00ec.<\/p>\n<h4><img loading=\"lazy\" decoding=\"async\" class=\"wp-image-27966 aligncenter\" src=\"https:\/\/havamall.vn\/wp-content\/uploads\/2022\/07\/226598799_346880003654942_5102380465581980155_n-1-298x300.jpg\" alt=\"\" width=\"702\" height=\"707\" srcset=\"https:\/\/havamall.vn\/wp-content\/uploads\/2022\/07\/226598799_346880003654942_5102380465581980155_n-1-298x300.jpg 298w, https:\/\/havamall.vn\/wp-content\/uploads\/2022\/07\/226598799_346880003654942_5102380465581980155_n-1-430x433.jpg 430w, https:\/\/havamall.vn\/wp-content\/uploads\/2022\/07\/226598799_346880003654942_5102380465581980155_n-1-150x150.jpg 150w, https:\/\/havamall.vn\/wp-content\/uploads\/2022\/07\/226598799_346880003654942_5102380465581980155_n-1-700x705.jpg 700w, https:\/\/havamall.vn\/wp-content\/uploads\/2022\/07\/226598799_346880003654942_5102380465581980155_n-1-768x774.jpg 768w, https:\/\/havamall.vn\/wp-content\/uploads\/2022\/07\/226598799_346880003654942_5102380465581980155_n-1-1016x1024.jpg 1016w, https:\/\/havamall.vn\/wp-content\/uploads\/2022\/07\/226598799_346880003654942_5102380465581980155_n-1-1200x1209.jpg 1200w, https:\/\/havamall.vn\/wp-content\/uploads\/2022\/07\/226598799_346880003654942_5102380465581980155_n-1-600x605.jpg 600w, https:\/\/havamall.vn\/wp-content\/uploads\/2022\/07\/226598799_346880003654942_5102380465581980155_n-1-100x100.jpg 100w, https:\/\/havamall.vn\/wp-content\/uploads\/2022\/07\/226598799_346880003654942_5102380465581980155_n-1.jpg 1304w\" sizes=\"(max-width: 702px) 100vw, 702px\" \/><\/h4>\n<h5><strong><em>S\u00fap \u0111\u1eadu l\u0103ng \u0111\u1ecf:<\/em><\/strong><\/h5>\n<p>&gt; R\u1eeda\u00a0<em><strong>\u0111\u1eadu l\u0103ng<\/strong><\/em>\u00a0s\u1ea1ch r\u1ed3i cho v\u00e0o n\u1ed3i n\u01b0\u1edbc n\u1ea5u s\u00f4i. Khi \u0111\u1eadu s\u00f4i th\u00ec gi\u1ea3m l\u1eeda l\u1ea1i cho \u0111\u1eadu ch\u00edn m\u1ec1m , th\u1ec9nh tho\u1ea3ng \u0111\u1ea3o \u0111\u1ec1u tay.<\/p>\n<p>&gt; B\u1eafc ch\u1ea3o l\u00ean b\u1ebfp, cho \u00edt d\u1ea7u v\u00e0o phi th\u01a1m h\u00e0nh t\u00e2y. Ti\u1ebfp t\u1ee5c cho ngh\u1ec7 v\u00e0 ng\u0169 v\u1ecb h\u01b0\u01a1ng v\u00e0o \u0111\u1ea3o \u0111\u1ec1u. Cho\u00a0<em><strong>\u0111\u1eadu l\u0103ng\u00a0<\/strong><\/em>n\u1ea5u ch\u00edn v\u00e0o ch\u1ea3o. Tr\u1ed9n \u0111\u1ec1u t\u1ea5t c\u1ea3 nguy\u00ean li\u1ec7u. N\u1ea5u t\u1ea7m 10 ph\u00fat th\u00ec cho c\u00e0 chua v\u00e0o v\u00e0 n\u00eam gia v\u1ecb v\u1eeba \u0103n.<\/p>","protected":false},"excerpt":{"rendered":"<p>TH\u00d4NG TIN S\u1ea2N PH\u1ea8M Th\u01b0\u01a1ng hi\u1ec7u Hero Xu\u1ea5t x\u1ee9 \u1ea4n \u0110\u1ed9 Th\u00e0nh ph\u1ea7n 100% \u0111\u1eadu l\u0103ng \u0111\u1ecf H\u1ea1n s\u1eed d\u1ee5ng<\/p>","protected":false},"featured_media":32213,"comment_status":"open","ping_status":"closed","template":"","meta":[],"product_brand":[],"product_cat":[594,256,36,134],"product_tag":[],"class_list":{"0":"post-32208","1":"product","2":"type-product","3":"status-publish","4":"has-post-thumbnail","6":"product_cat-dau-cu-qua-kho","7":"product_cat-thuc-pham-huu-co","8":"product_cat-thuc-pham-tieu-dung","9":"product_cat-thucpham-saykho","11":"first","12":"instock","13":"sale","14":"shipping-taxable","15":"purchasable","16":"product-type-simple"},"_links":{"self":[{"href":"https:\/\/havamall.vn\/en\/wp-json\/wp\/v2\/product\/32208"}],"collection":[{"href":"https:\/\/havamall.vn\/en\/wp-json\/wp\/v2\/product"}],"about":[{"href":"https:\/\/havamall.vn\/en\/wp-json\/wp\/v2\/types\/product"}],"replies":[{"embeddable":true,"href":"https:\/\/havamall.vn\/en\/wp-json\/wp\/v2\/comments?post=32208"}],"version-history":[{"count":0,"href":"https:\/\/havamall.vn\/en\/wp-json\/wp\/v2\/product\/32208\/revisions"}],"wp:featuredmedia":[{"embeddable":true,"href":"https:\/\/havamall.vn\/en\/wp-json\/wp\/v2\/media\/32213"}],"wp:attachment":[{"href":"https:\/\/havamall.vn\/en\/wp-json\/wp\/v2\/media?parent=32208"}],"wp:term":[{"taxonomy":"product_brand","embeddable":true,"href":"https:\/\/havamall.vn\/en\/wp-json\/wp\/v2\/product_brand?post=32208"},{"taxonomy":"product_cat","embeddable":true,"href":"https:\/\/havamall.vn\/en\/wp-json\/wp\/v2\/product_cat?post=32208"},{"taxonomy":"product_tag","embeddable":true,"href":"https:\/\/havamall.vn\/en\/wp-json\/wp\/v2\/product_tag?post=32208"}],"curies":[{"name":"wp","href":"https:\/\/api.w.org\/{rel}","templated":true}]}}