{"id":32202,"date":"2023-08-08T14:36:22","date_gmt":"2023-08-08T07:36:22","guid":{"rendered":"https:\/\/havamall.vn\/?post_type=product&#038;p=32202"},"modified":"2023-08-08T14:36:22","modified_gmt":"2023-08-08T07:36:22","slug":"dau-bo-cau-pigeon-hero-nhap-khau-an-do-1kg-hero-pigeon-pea-spilt","status":"publish","type":"product","link":"https:\/\/havamall.vn\/en\/shop\/dau-bo-cau-pigeon-hero-nhap-khau-an-do-1kg-hero-pigeon-pea-spilt\/","title":{"rendered":"\u0110\u1eadu B\u1ed3 C\u00e2u Pigeon Hero Nh\u1eadp Kh\u1ea9u \u1ea4n \u0110\u1ed9 1kg &#8211; Hero Pigeon Pea Spilt"},"content":{"rendered":"<p dir=\"ltr\">\n<h3><strong>TH\u00d4NG TIN S\u1ea2N PH\u1ea8M<\/strong><\/h3>\n<table>\n<tbody>\n<tr>\n<td>Th\u01b0\u01a1ng hi\u1ec7u<\/td>\n<td>Hero<\/td>\n<\/tr>\n<tr>\n<td>Xu\u1ea5t x\u1ee9<\/td>\n<td>\u1ea4n \u0110\u1ed9<\/td>\n<\/tr>\n<tr>\n<td>Th\u00e0nh ph\u1ea7n<\/td>\n<td>100% \u0111\u1eadu pigeon<\/td>\n<\/tr>\n<tr>\n<td>H\u1ea1n s\u1eed d\u1ee5ng<\/td>\n<td>12 th\u00e1ng k\u1ec3 t\u1eeb ng\u00e0y s\u1ea3n xu\u1ea5t.<\/td>\n<\/tr>\n<tr>\n<td>B\u1ea3o qu\u1ea3n<\/td>\n<td>\u0110\u1ec3 n\u01a1i kh\u00f4 r\u00e1o, tho\u00e1ng m\u00e1t, tr\u00e1nh \u00e1nh n\u1eafng tr\u1ef1c ti\u1ebfp<\/td>\n<\/tr>\n<tr>\n<td>Kh\u1ed1i l\u01b0\u1ee3ng<\/td>\n<td>1kg<\/td>\n<\/tr>\n<\/tbody>\n<\/table>\n<p id=\"tw-target-text\" class=\"tw-data-text tw-text-large tw-ta\" dir=\"ltr\"><span class=\"Y2IQFc\" lang=\"vi\">\u0110\u1eadu pigeon c\u00f3 ngu\u1ed3n g\u1ed1c v\u00e0 \u0111\u01b0\u1ee3c thu\u1ea7n h\u00f3a \u1edf ti\u1ec3u l\u1ee5c \u0111\u1ecba \u1ea4n \u0110\u1ed9 c\u00e1ch \u0111\u00e2y 3500 n\u0103m, lo\u1ea1i c\u00e2y h\u1ecd \u0111\u1eadu b\u1ea3n \u0111\u1ecba n\u00e0y l\u00e0 ngu\u1ed3n cung c\u1ea5p S\u1eaft, L\u01b0u hu\u1ef3nh v\u00e0 Canxi tuy\u1ec7t v\u1eddi. B\u00ean c\u1ea1nh vi\u1ec7c th\u00e2n thi\u1ec7n v\u1edbi b\u1ec7nh nh\u00e2n ti\u1ec3u \u0111\u01b0\u1eddng, Pigeon Pea c\u00f2n l\u00e0 m\u1ed9t ngu\u1ed3n cung c\u1ea5p vitamin tuy\u1ec7t v\u1eddi. Tr\u00ean th\u1ef1c t\u1ebf, \u0111\u1eadu pigeon ch\u1ee9a Vitamin A g\u1ea5p 5 l\u1ea7n v\u00e0 Vitamin C g\u1ea5p 3 l\u1ea7n so v\u1edbi c\u00e1c lo\u1ea1i \u0111\u1eadu kh\u00e1c. Pigeon c\u0169ng ch\u1ee9a 20-22% Protein, 1,2% Ch\u1ea5t b\u00e9o &amp; 65% Carbohydrate khi\u1ebfn n\u00f3 tr\u1edf th\u00e0nh lo\u1ea1i \u0111\u1eadu c\u00f3 h\u00e0m l\u01b0\u1ee3ng Cholesterol t\u1ed1i thi\u1ec3u v\u00e0 h\u00e0m l\u01b0\u1ee3ng Lipid r\u1ea5t th\u1ea5p.<\/span><\/p>\n<p dir=\"ltr\"><img fetchpriority=\"high\" decoding=\"async\" class=\"wp-image-32204 aligncenter\" src=\"https:\/\/havamall.vn\/wp-content\/uploads\/2023\/08\/Screen-Shot-2023-08-08-at-2.22.53-PM-300x266.png\" alt=\"\" width=\"797\" height=\"707\" srcset=\"https:\/\/havamall.vn\/wp-content\/uploads\/2023\/08\/Screen-Shot-2023-08-08-at-2.22.53-PM-300x266.png 300w, https:\/\/havamall.vn\/wp-content\/uploads\/2023\/08\/Screen-Shot-2023-08-08-at-2.22.53-PM-430x381.png 430w, https:\/\/havamall.vn\/wp-content\/uploads\/2023\/08\/Screen-Shot-2023-08-08-at-2.22.53-PM-150x133.png 150w, https:\/\/havamall.vn\/wp-content\/uploads\/2023\/08\/Screen-Shot-2023-08-08-at-2.22.53-PM-700x621.png 700w, https:\/\/havamall.vn\/wp-content\/uploads\/2023\/08\/Screen-Shot-2023-08-08-at-2.22.53-PM-768x681.png 768w, https:\/\/havamall.vn\/wp-content\/uploads\/2023\/08\/Screen-Shot-2023-08-08-at-2.22.53-PM-600x532.png 600w, https:\/\/havamall.vn\/wp-content\/uploads\/2023\/08\/Screen-Shot-2023-08-08-at-2.22.53-PM.png 858w\" sizes=\"(max-width: 797px) 100vw, 797px\" \/><\/p>\n<p><span>L\u00e0 lo\u1ea1i h\u1ea1t gi\u00e0u protein, ch\u1ea5t x\u01a1, thiamine, magi\u00ea, ph\u1ed1t pho, kali, \u0111\u1ed3ng v\u00e0 mangan, n\u00f3 c\u0169ng cung c\u1ea5p m\u1ed9t l\u01b0\u1ee3ng s\u1eaft v\u00e0 selen th\u00edch h\u1ee3p. Kali l\u00e0 kho\u00e1ng ch\u1ea5t ch\u00ednh trong \u0111\u1eadu b\u1ed3 c\u00e2u c\u00f3 t\u00e1c d\u1ee5ng gi\u00e3n m\u1ea1ch v\u00e0 gi\u1ea3m huy\u1ebft \u00e1p.<\/span><\/p>\n<p id=\"tw-target-text\" class=\"tw-data-text tw-text-large tw-ta\" dir=\"ltr\"><span class=\"Y2IQFc\" lang=\"vi\">\u0110\u1eadu pigeon r\u1ea5t c\u00f3 l\u1ee3i v\u00ec n\u00f3 l\u00e0 m\u1ed9t ngu\u1ed3n protein v\u00e0 axit amin tuy\u1ec7t v\u1eddi. Ch\u00fang c\u0169ng r\u1ea5t gi\u00e0u vitamin C. H\u00e0m l\u01b0\u1ee3ng carbohydrate cao c\u00f3 trong n\u00f3 gi\u00fap duy tr\u00ec l\u01b0\u1ee3ng \u0111\u01b0\u1eddng trong m\u00e1u kh\u1ecfe m\u1ea1nh v\u00e0 t\u0103ng c\u01b0\u1eddng n\u0103ng l\u01b0\u1ee3ng. N\u00f3 c\u00f3 nhi\u1ec1u ch\u1ea5t x\u01a1 v\u00e0 kh\u00f4ng ch\u1ee9a cholesterol.<\/span><\/p>\n<p dir=\"ltr\"><img decoding=\"async\" class=\"wp-image-32203 aligncenter\" src=\"https:\/\/havamall.vn\/wp-content\/uploads\/2023\/08\/indian-yellow-split-pea-dal-recipe-3378495-step-01-9aa3330fe7374d61b4c0ff2a593de14b-300x200.jpeg\" alt=\"\" width=\"790\" height=\"526\" srcset=\"https:\/\/havamall.vn\/wp-content\/uploads\/2023\/08\/indian-yellow-split-pea-dal-recipe-3378495-step-01-9aa3330fe7374d61b4c0ff2a593de14b-300x200.jpeg 300w, https:\/\/havamall.vn\/wp-content\/uploads\/2023\/08\/indian-yellow-split-pea-dal-recipe-3378495-step-01-9aa3330fe7374d61b4c0ff2a593de14b-430x287.jpeg 430w, https:\/\/havamall.vn\/wp-content\/uploads\/2023\/08\/indian-yellow-split-pea-dal-recipe-3378495-step-01-9aa3330fe7374d61b4c0ff2a593de14b-150x100.jpeg 150w, https:\/\/havamall.vn\/wp-content\/uploads\/2023\/08\/indian-yellow-split-pea-dal-recipe-3378495-step-01-9aa3330fe7374d61b4c0ff2a593de14b-700x467.jpeg 700w, https:\/\/havamall.vn\/wp-content\/uploads\/2023\/08\/indian-yellow-split-pea-dal-recipe-3378495-step-01-9aa3330fe7374d61b4c0ff2a593de14b-1024x683.jpeg 1024w, https:\/\/havamall.vn\/wp-content\/uploads\/2023\/08\/indian-yellow-split-pea-dal-recipe-3378495-step-01-9aa3330fe7374d61b4c0ff2a593de14b-1200x801.jpeg 1200w, https:\/\/havamall.vn\/wp-content\/uploads\/2023\/08\/indian-yellow-split-pea-dal-recipe-3378495-step-01-9aa3330fe7374d61b4c0ff2a593de14b-600x400.jpeg 600w, https:\/\/havamall.vn\/wp-content\/uploads\/2023\/08\/indian-yellow-split-pea-dal-recipe-3378495-step-01-9aa3330fe7374d61b4c0ff2a593de14b.jpeg 1500w\" sizes=\"(max-width: 790px) 100vw, 790px\" \/><\/p>\n<h2><strong>H\u01af\u1edaNG D\u1eaaN S\u1eec D\u1ee4NG:<\/strong><\/h2>\n<h5><strong><em>M\u00f3n \u0111\u1eadu pigeon th\u00f4ng th\u01b0\u1eddng:<\/em><\/strong><\/h5>\n<p>R\u1eeda s\u1ea1ch\u00a0\u0111\u1eadu r\u1ed3i \u0111un s\u00f4i v\u1edbi n\u01b0\u1edbc. Nh\u1edb kho\u00e1y \u0111\u1ec1u \u0111\u1ec3 tr\u00e1nh d\u00ednh n\u1ed3i. N\u1ea5u t\u1ea7m 25 ph\u00fat quan s\u00e1t th\u1ea5y \u0111\u1eadu m\u1ec1m th\u00ec cho mu\u1ed1i v\u00e0 h\u1ea1t n\u00eam v\u00e0o cho v\u1eeba \u0103n.<\/p>\n<h5><strong><em>C\u00e0 ri \u0111\u1eadu pigeon:<\/em><\/strong><\/h5>\n<p>Cho g\u1eebng, t\u1ecfi gi\u00e3 nhuy\u1ec5n v\u00e0o ch\u1ea3o d\u1ea7u n\u00f3ng, phi th\u01a1m. Th\u00eam m\u1ed9t \u00edt b\u1ed9t c\u00e0 ri, khoai t\u00e2y v\u00e0 c\u00e0 r\u1ed1t v\u00e0o x\u00e0o \u0111\u1ec1u \u00edt ph\u00fat. Ti\u1ebfp t\u1ee5c cho \u0111\u1eadu l\u0103ng \u0111\u00e3 r\u1eeda s\u1ea1ch v\u00e0 n\u01b0\u1edbc d\u00f9ng v\u00e0o v\u00e0\u00a0 \u0111\u1ea3o \u0111\u1ec1u. N\u00eam n\u1ebfm gia v\u1ecb v\u1eeba \u0103n, k\u00e8m \u00edt \u1edbt. \u0110\u1ee3i t\u1ea7m 20 ph\u00fat \u0111\u1eadu v\u00e0 rau c\u1ee7 ch\u00edn m\u1ec1m th\u00ec cho ra b\u00e1t \u0103n k\u00e8m b\u00e1nh m\u00ec.<\/p>\n<h4><img decoding=\"async\" class=\"wp-image-32205 aligncenter\" src=\"https:\/\/havamall.vn\/wp-content\/uploads\/2023\/08\/split-pea-soup-with-ham-recipe-1-1645025072-300x300.jpeg\" alt=\"\" width=\"796\" height=\"796\" srcset=\"https:\/\/havamall.vn\/wp-content\/uploads\/2023\/08\/split-pea-soup-with-ham-recipe-1-1645025072-300x300.jpeg 300w, https:\/\/havamall.vn\/wp-content\/uploads\/2023\/08\/split-pea-soup-with-ham-recipe-1-1645025072-430x429.jpeg 430w, https:\/\/havamall.vn\/wp-content\/uploads\/2023\/08\/split-pea-soup-with-ham-recipe-1-1645025072-150x150.jpeg 150w, https:\/\/havamall.vn\/wp-content\/uploads\/2023\/08\/split-pea-soup-with-ham-recipe-1-1645025072-700x699.jpeg 700w, https:\/\/havamall.vn\/wp-content\/uploads\/2023\/08\/split-pea-soup-with-ham-recipe-1-1645025072-768x767.jpeg 768w, https:\/\/havamall.vn\/wp-content\/uploads\/2023\/08\/split-pea-soup-with-ham-recipe-1-1645025072-600x599.jpeg 600w, https:\/\/havamall.vn\/wp-content\/uploads\/2023\/08\/split-pea-soup-with-ham-recipe-1-1645025072-100x100.jpeg 100w, https:\/\/havamall.vn\/wp-content\/uploads\/2023\/08\/split-pea-soup-with-ham-recipe-1-1645025072.jpeg 1069w\" sizes=\"(max-width: 796px) 100vw, 796px\" \/><\/h4>\n<h5><strong><em>S\u00fap \u0111\u1eadu pigeon:<\/em><\/strong><\/h5>\n<p>&gt; R\u1eeda\u00a0<em><strong>\u0111\u1eadu<\/strong><\/em>\u00a0s\u1ea1ch r\u1ed3i cho v\u00e0o n\u1ed3i n\u01b0\u1edbc n\u1ea5u s\u00f4i. Khi \u0111\u1eadu s\u00f4i th\u00ec gi\u1ea3m l\u1eeda l\u1ea1i cho \u0111\u1eadu ch\u00edn m\u1ec1m , th\u1ec9nh tho\u1ea3ng \u0111\u1ea3o \u0111\u1ec1u tay.<\/p>\n<blockquote><p>&nbsp;<\/p>\n<p>&nbsp;<\/p><\/blockquote>\n<p>&gt; B\u1eafc ch\u1ea3o l\u00ean b\u1ebfp, cho \u00edt d\u1ea7u v\u00e0o phi th\u01a1m h\u00e0nh t\u00e2y. Ti\u1ebfp t\u1ee5c cho ngh\u1ec7 v\u00e0 ng\u0169 v\u1ecb h\u01b0\u01a1ng v\u00e0o \u0111\u1ea3o \u0111\u1ec1u. Cho\u00a0<em><strong>\u0111\u1eadu pigeon\u00a0<\/strong><\/em>n\u1ea5u ch\u00edn v\u00e0o ch\u1ea3o. Tr\u1ed9n \u0111\u1ec1u t\u1ea5t c\u1ea3 nguy\u00ean li\u1ec7u. N\u1ea5u t\u1ea7m 10 ph\u00fat th\u00ec cho c\u00e0 chua v\u00e0o v\u00e0 n\u00eam gia v\u1ecb v\u1eeba \u0103n.<\/p>\n<p><img loading=\"lazy\" decoding=\"async\" class=\"wp-image-32206 aligncenter\" src=\"https:\/\/havamall.vn\/wp-content\/uploads\/2023\/08\/instant-pot-split-pea-soup-1200c-200x300.jpeg\" alt=\"\" width=\"798\" height=\"1198\" srcset=\"https:\/\/havamall.vn\/wp-content\/uploads\/2023\/08\/instant-pot-split-pea-soup-1200c-200x300.jpeg 200w, https:\/\/havamall.vn\/wp-content\/uploads\/2023\/08\/instant-pot-split-pea-soup-1200c-430x645.jpeg 430w, https:\/\/havamall.vn\/wp-content\/uploads\/2023\/08\/instant-pot-split-pea-soup-1200c-150x225.jpeg 150w, https:\/\/havamall.vn\/wp-content\/uploads\/2023\/08\/instant-pot-split-pea-soup-1200c-700x1050.jpeg 700w, https:\/\/havamall.vn\/wp-content\/uploads\/2023\/08\/instant-pot-split-pea-soup-1200c-768x1152.jpeg 768w, https:\/\/havamall.vn\/wp-content\/uploads\/2023\/08\/instant-pot-split-pea-soup-1200c-683x1024.jpeg 683w, https:\/\/havamall.vn\/wp-content\/uploads\/2023\/08\/instant-pot-split-pea-soup-1200c-600x900.jpeg 600w, https:\/\/havamall.vn\/wp-content\/uploads\/2023\/08\/instant-pot-split-pea-soup-1200c.jpeg 1000w\" sizes=\"(max-width: 798px) 100vw, 798px\" \/><\/p>","protected":false},"excerpt":{"rendered":"<p>TH\u00d4NG TIN S\u1ea2N PH\u1ea8M Th\u01b0\u01a1ng hi\u1ec7u Hero Xu\u1ea5t x\u1ee9 \u1ea4n \u0110\u1ed9 Th\u00e0nh ph\u1ea7n 100% \u0111\u1eadu pigeon H\u1ea1n s\u1eed d\u1ee5ng 12<\/p>","protected":false},"featured_media":32207,"comment_status":"open","ping_status":"closed","template":"","meta":[],"product_brand":[],"product_cat":[594,256,36],"product_tag":[],"class_list":{"0":"post-32202","1":"product","2":"type-product","3":"status-publish","4":"has-post-thumbnail","6":"product_cat-dau-cu-qua-kho","7":"product_cat-thuc-pham-huu-co","8":"product_cat-thuc-pham-tieu-dung","10":"first","11":"instock","12":"shipping-taxable","13":"purchasable","14":"product-type-simple"},"_links":{"self":[{"href":"https:\/\/havamall.vn\/en\/wp-json\/wp\/v2\/product\/32202"}],"collection":[{"href":"https:\/\/havamall.vn\/en\/wp-json\/wp\/v2\/product"}],"about":[{"href":"https:\/\/havamall.vn\/en\/wp-json\/wp\/v2\/types\/product"}],"replies":[{"embeddable":true,"href":"https:\/\/havamall.vn\/en\/wp-json\/wp\/v2\/comments?post=32202"}],"version-history":[{"count":0,"href":"https:\/\/havamall.vn\/en\/wp-json\/wp\/v2\/product\/32202\/revisions"}],"wp:featuredmedia":[{"embeddable":true,"href":"https:\/\/havamall.vn\/en\/wp-json\/wp\/v2\/media\/32207"}],"wp:attachment":[{"href":"https:\/\/havamall.vn\/en\/wp-json\/wp\/v2\/media?parent=32202"}],"wp:term":[{"taxonomy":"product_brand","embeddable":true,"href":"https:\/\/havamall.vn\/en\/wp-json\/wp\/v2\/product_brand?post=32202"},{"taxonomy":"product_cat","embeddable":true,"href":"https:\/\/havamall.vn\/en\/wp-json\/wp\/v2\/product_cat?post=32202"},{"taxonomy":"product_tag","embeddable":true,"href":"https:\/\/havamall.vn\/en\/wp-json\/wp\/v2\/product_tag?post=32202"}],"curies":[{"name":"wp","href":"https:\/\/api.w.org\/{rel}","templated":true}]}}