{"id":32188,"date":"2023-08-07T16:25:01","date_gmt":"2023-08-07T09:25:01","guid":{"rendered":"https:\/\/havamall.vn\/?post_type=product&#038;p=32188"},"modified":"2024-07-25T13:43:42","modified_gmt":"2024-07-25T06:43:42","slug":"bot-cao-luong-nguyen-cam-hero-1kg-sorghum-bicolony-flour-jow","status":"publish","type":"product","link":"https:\/\/havamall.vn\/en\/shop\/bot-cao-luong-nguyen-cam-hero-1kg-sorghum-bicolony-flour-jow\/","title":{"rendered":"B\u1ed9t Cao L\u01b0\u01a1ng Nguy\u00ean C\u00e1m Hero 1kg &#8211; Sorghum Bicolony Flour Jow"},"content":{"rendered":"<h2><\/h2>\n<h2><strong>TH\u00d4NG TIN S\u1ea2N PH\u1ea8M<\/strong><\/h2>\n<table>\n<tbody>\n<tr>\n<td>Th\u01b0\u01a1ng hi\u1ec7u<\/td>\n<td>Hero<\/td>\n<\/tr>\n<tr>\n<td>Xu\u1ea5t x\u1ee9<\/td>\n<td>\u1ea4n \u0110\u1ed9<\/td>\n<\/tr>\n<tr>\n<td>Th\u00e0nh ph\u1ea7n<\/td>\n<td>100% b\u1ed9t cao l\u01b0\u01a1ng<\/td>\n<\/tr>\n<tr>\n<td>H\u1ea1n s\u1eed d\u1ee5ng<\/td>\n<td>6 th\u00e1ng k\u1ec3 t\u1eeb ng\u00e0y s\u1ea3n xu\u1ea5t.<\/td>\n<\/tr>\n<tr>\n<td>B\u1ea3o qu\u1ea3n<\/td>\n<td>\u0110\u1ec3 n\u01a1i kh\u00f4 r\u00e1o, tho\u00e1ng m\u00e1t, tr\u00e1nh \u00e1nh n\u1eafng tr\u1ef1c ti\u1ebfp<\/td>\n<\/tr>\n<tr>\n<td>Kh\u1ed1i l\u01b0\u1ee3ng<\/td>\n<td>1kg<\/td>\n<\/tr>\n<\/tbody>\n<\/table>\n<p>B\u1ed9t cao l\u01b0\u01a1ng\u00a0c\u00f2n \u0111\u01b0\u1ee3c g\u1ecdi l\u00e0 b\u1ed9t jowar, c\u00f3 ngu\u1ed3n g\u1ed1c t\u1eeb l\u00faa mi\u1ebfn, thu\u1ed9c h\u1ecd c\u1ecf Poaceae. Cao l\u01b0\u01a1ng l\u00e0 m\u1ed9t lo\u1ea1i ng\u0169 c\u1ed1c nguy\u00ean h\u1ea1t. N\u00f3 \u0111\u01b0\u1ee3c nghi\u1ec1n th\u00e0nh b\u1ed9t \u0111\u1ec3 s\u1eed d\u1ee5ng cho n\u1ea5u \u0103n v\u00e0 n\u01b0\u1edbng b\u00e1nh. T\u1eeb l\u00e2u, n\u00f3 \u0111\u00e3 \u0111\u01b0\u1ee3c s\u1eed d\u1ee5ng l\u00e0m ngu\u1ed3n th\u1ee9c \u0103n cho \u0111\u1ed9ng v\u1eadt v\u00e0 l\u00e0m nhi\u00ean li\u1ec7u sinh h\u1ecdc \u1edf M\u1ef9. Trong nh\u1eefng n\u0103m g\u1ea7n \u0111\u00e2y, b\u1ed9t l\u00faa mi\u1ebfn \u0111\u01b0\u1ee3c s\u1eed d\u1ee5ng ph\u1ed5 bi\u1ebfn \u1edf nhi\u1ec1u n\u01a1i.<\/p>\n<p>B\u1ed9t cao l\u01b0\u01a1ng c\u00f3 v\u1ecb h\u01a1i ng\u1ecdt v\u00e0 nh\u1eb9 khi so s\u00e1nh v\u1edbi c\u00e1c lo\u1ea1i b\u1ed9t t\u1ef1 nhi\u00ean kh\u00e1c. B\u1ed9t n\u00e0y c\u0169ng r\u1ea5t gi\u00e0u ch\u1ea5t dinh d\u01b0\u1ee1ng. V\u00ec n\u00f3 l\u00e0 m\u1ed9t ngu\u1ed3n protein, n\u0103ng l\u01b0\u1ee3ng, ch\u1ea5t x\u01a1,\u00a0canxi, s\u1eaft,\u00a0magie, ph\u1ed1t pho v\u00e0\u00a0kali, theo C\u01a1 s\u1edf d\u1eef li\u1ec7u dinh d\u01b0\u1ee1ng USDA.<\/p>\n<div class=\"code-block code-block-4\"><img fetchpriority=\"high\" decoding=\"async\" class=\"wp-image-32189 aligncenter\" src=\"https:\/\/havamall.vn\/wp-content\/uploads\/2023\/08\/BenefitsOfJowarFlour-300x300.jpeg\" alt=\"\" width=\"783\" height=\"783\" srcset=\"https:\/\/havamall.vn\/wp-content\/uploads\/2023\/08\/BenefitsOfJowarFlour-300x300.jpeg 300w, https:\/\/havamall.vn\/wp-content\/uploads\/2023\/08\/BenefitsOfJowarFlour-430x430.jpeg 430w, https:\/\/havamall.vn\/wp-content\/uploads\/2023\/08\/BenefitsOfJowarFlour-150x150.jpeg 150w, https:\/\/havamall.vn\/wp-content\/uploads\/2023\/08\/BenefitsOfJowarFlour-700x700.jpeg 700w, https:\/\/havamall.vn\/wp-content\/uploads\/2023\/08\/BenefitsOfJowarFlour-768x768.jpeg 768w, https:\/\/havamall.vn\/wp-content\/uploads\/2023\/08\/BenefitsOfJowarFlour-600x600.jpeg 600w, https:\/\/havamall.vn\/wp-content\/uploads\/2023\/08\/BenefitsOfJowarFlour-100x100.jpeg 100w, https:\/\/havamall.vn\/wp-content\/uploads\/2023\/08\/BenefitsOfJowarFlour.jpeg 800w\" sizes=\"(max-width: 783px) 100vw, 783px\" \/><\/div>\n<p>Jowar Atta (B\u1ed9t cao l\u01b0\u01a1ng\/b\u1ed9t bo bo) Hero kh\u00f4ng ch\u1ee9a gluten v\u00e0 l\u00e0 m\u1ed9t lo\u1ea1i th\u1ef1c ph\u1ea9m l\u00e0m t\u1eeb ng\u0169 c\u1ed1c nguy\u00ean c\u00e1m. Atta hay b\u1ed9t nguy\u00ean c\u00e1m d\u00f9ng \u0111\u1ec3 l\u00e0m ratis, bhakri, cheela, dosa,&#8230;. \u0110\u00e2y l\u00e0 m\u1ed9t lo\u1ea1i ng\u0169 c\u1ed1c l\u00e2u \u0111\u1eddi c\u00f3 h\u1ecd k\u00ea k\u00ea.<\/p>\n<p>B\u1ea1n c\u00f3 th\u1ec3 d\u00f9ng b\u1ed9t n\u00e0y \u0111\u1ec3 n\u1ea5u ch\u00e1o v\u00ec n\u00f3 r\u1ea5t b\u1ed5 d\u01b0\u1ee1ng cho tr\u1ebb em.B\u1ed9t cao l\u01b0\u01a1ng kh\u00f4ng ch\u1ee9a gluten v\u00e0 gi\u00e0u ch\u1ea5t ch\u1ed1ng oxi ho\u00e1, c\u00f3 th\u1ec3 ch\u1ebf bi\u1ebfn th\u00e0nh nhi\u1ec1u m\u00f3n thay v\u00ec ch\u1ec9 d\u00f9ng nh\u01b0 nh\u1eefng lo\u1ea1i b\u1ed9t th\u00f4ng th\u01b0\u1eddng. \u0110\u00e2y s\u1ebd l\u00e0 m\u1ed9t l\u1ef1a ch\u1ecdn ho\u00e0n h\u1ea3o cho gia \u0111\u00ecnh b\u1ea1n.<\/p>\n<p><img decoding=\"async\" class=\"wp-image-32190 aligncenter\" src=\"https:\/\/havamall.vn\/wp-content\/uploads\/2023\/08\/imgpsh_fullsize_anim-2021-04-17T191525.646-300x176.jpg\" alt=\"\" width=\"788\" height=\"462\" srcset=\"https:\/\/havamall.vn\/wp-content\/uploads\/2023\/08\/imgpsh_fullsize_anim-2021-04-17T191525.646-300x176.jpg 300w, https:\/\/havamall.vn\/wp-content\/uploads\/2023\/08\/imgpsh_fullsize_anim-2021-04-17T191525.646-430x253.jpg 430w, https:\/\/havamall.vn\/wp-content\/uploads\/2023\/08\/imgpsh_fullsize_anim-2021-04-17T191525.646-150x88.jpg 150w, https:\/\/havamall.vn\/wp-content\/uploads\/2023\/08\/imgpsh_fullsize_anim-2021-04-17T191525.646-1024x602.jpg 1024w, https:\/\/havamall.vn\/wp-content\/uploads\/2023\/08\/imgpsh_fullsize_anim-2021-04-17T191525.646-600x353.jpg 600w\" sizes=\"(max-width: 788px) 100vw, 788px\" \/><\/p>\n<p>B\u1ed9t cao l\u01b0\u01a1ng \u0111\u01b0\u1ee3c \u0111\u00e1nh gi\u00e1 cao h\u01a1n v\u00ec h\u00e0m l\u01b0\u1ee3ng tinh b\u1ed9t v\u00e0 d\u1ec5 d\u00e0ng ti\u00eau ho\u00e1\/h\u1ea5p th\u1ee5 h\u01a1n. B\u1ed9t cao l\u01b0\u01a1ng v\u1ed1n \u0111\u01b0\u1ee3c ng\u01b0\u1eddi \u1ea4n \u0110\u1ed9 s\u1eed d\u1ee5ng \u0111\u1ec3 l\u00e0m Bhakri, Jolado Roti, Rotla \u0111\u00e3 t\u1eeb l\u00e2u. \u0110\u00e2y l\u00e0 m\u1ed9t lo\u1ea1i h\u1ea1t qu\u00fd gi\u00e1 gi\u00fap t\u0103ng c\u01b0\u1eddng s\u1ee9c kho\u1ebb. Ch\u1ec9 c\u1ea7n m\u1ed9t l\u01b0\u1ee3ng cao l\u01b0\u01a1ng 12g \u0111\u00e3 t\u01b0\u01a1ng \u0111\u01b0\u01a1ng v\u1edbi m\u1ed9t n\u1eeda l\u01b0\u1ee3ng ch\u1ea5t x\u01a1 \u0111\u01b0\u1ee3c khuy\u1ebfn ngh\u1ecb m\u1ed7i ng\u00e0y. M\u1ed9t ch\u1ebf \u0111\u1ed9 \u0103n gi\u00e0u ch\u1ea5t x\u01a1 s\u1ebd gi\u1ea3m thi\u1ec3u nguy c\u01a1 b\u00e9o ph\u00ec, m\u1eafc b\u1ec7nh cao huy\u1ebft \u00e1p, b\u1ec7nh tim, \u0111\u1ed9t qu\u1ef5, ti\u1ec3u \u0111\u01b0\u1eddng v\u00e0 c\u00e1c v\u1ea5n \u0111\u1ec1 li\u00ean quan \u0111\u1ebfn h\u1ec7 ti\u00eau ho\u00e1. Magne gi\u00fap h\u1ea5p th\u1ee5 canxi t\u1ed1t h\u01a1n. V\u00ec cao l\u01b0\u01a1ng ch\u1ee9a nhi\u1ec1u magne n\u00ean gi\u00fap duy tr\u00ec h\u00e0m l\u01b0\u1ee3ng canxi v\u00e0 l\u00e0m x\u01b0\u01a1ng ch\u1eafc kho\u1ebb. Cao l\u01b0\u01a1ng c\u00f2n gi\u00fap t\u00f3c m\u1ecdc nhanh h\u01a1n v\u00e0 h\u1ea1n ch\u1ebf r\u1ee5ng t\u00f3c.<\/p>\n<p><img decoding=\"async\" class=\"wp-image-32191 aligncenter\" src=\"https:\/\/havamall.vn\/wp-content\/uploads\/2023\/08\/Sorghum-Floor-scaled-300x214.jpeg\" alt=\"\" width=\"789\" height=\"563\" srcset=\"https:\/\/havamall.vn\/wp-content\/uploads\/2023\/08\/Sorghum-Floor-scaled-300x214.jpeg 300w, https:\/\/havamall.vn\/wp-content\/uploads\/2023\/08\/Sorghum-Floor-scaled-430x307.jpeg 430w, https:\/\/havamall.vn\/wp-content\/uploads\/2023\/08\/Sorghum-Floor-scaled-150x107.jpeg 150w, https:\/\/havamall.vn\/wp-content\/uploads\/2023\/08\/Sorghum-Floor-scaled-700x499.jpeg 700w, https:\/\/havamall.vn\/wp-content\/uploads\/2023\/08\/Sorghum-Floor-scaled-768x548.jpeg 768w, https:\/\/havamall.vn\/wp-content\/uploads\/2023\/08\/Sorghum-Floor-scaled-1024x730.jpeg 1024w, https:\/\/havamall.vn\/wp-content\/uploads\/2023\/08\/Sorghum-Floor-scaled-1200x856.jpeg 1200w, https:\/\/havamall.vn\/wp-content\/uploads\/2023\/08\/Sorghum-Floor-scaled-600x428.jpeg 600w\" sizes=\"(max-width: 789px) 100vw, 789px\" \/><\/p>\n<h2><strong>TH\u00d4NG TIN DINH D\u01af\u1ee0NG<\/strong><\/h2>\n<p>&gt; Calories: 339<\/p>\n<p>&gt; Tinh b\u1ed9t: 74.48g<\/p>\n<p>&gt; Ch\u1ea5t b\u00e9o: 3.26g<\/p>\n<p>&gt; Protein: 11.39g<\/p>\n<h2 id=\"tac-dung-cua-bot-cao-luong-doi-voi-suc-khoe\" class=\"ftwp-heading\"><strong>T\u00c1C D\u1ee4NG C\u1ee6A B\u1ed8T CAO L\u01af\u01a0NG \u0110\u1ed0I V\u1edaI S\u1ee8C KHO\u1eba<\/strong><\/h2>\n<p id=\"1-khong-chua-gluten\" class=\"ftwp-heading\">&#8211; Kh\u00f4ng ch\u1ee9a gluten<\/p>\n<p id=\"2-bot-cao-luong-khong-bien-doi-gen\" class=\"ftwp-heading\">&#8211; B\u1ed9t cao l\u01b0\u01a1ng kh\u00f4ng bi\u1ebfn \u0111\u1ed5i gen<\/p>\n<p id=\"3-tot-cho-tieu-hoa-va-tim-mach\" class=\"ftwp-heading\">&#8211; T\u1ed1t cho ti\u00eau h\u00f3a v\u00e0 tim m\u1ea1ch<\/p>\n<p class=\"ftwp-heading\">&#8211; B\u1ed9t cao l\u01b0\u01a1ng ch\u1ed1ng oxy h\u00f3a hi\u1ec7u qu\u1ea3<\/p>\n<p><img loading=\"lazy\" decoding=\"async\" class=\"wp-image-32192 aligncenter\" src=\"https:\/\/havamall.vn\/wp-content\/uploads\/2023\/08\/imag30-300x200.jpeg\" alt=\"\" width=\"787\" height=\"524\" srcset=\"https:\/\/havamall.vn\/wp-content\/uploads\/2023\/08\/imag30-300x200.jpeg 300w, https:\/\/havamall.vn\/wp-content\/uploads\/2023\/08\/imag30-430x286.jpeg 430w, https:\/\/havamall.vn\/wp-content\/uploads\/2023\/08\/imag30-150x100.jpeg 150w, https:\/\/havamall.vn\/wp-content\/uploads\/2023\/08\/imag30-700x466.jpeg 700w, https:\/\/havamall.vn\/wp-content\/uploads\/2023\/08\/imag30-768x511.jpeg 768w, https:\/\/havamall.vn\/wp-content\/uploads\/2023\/08\/imag30-1024x681.jpeg 1024w, https:\/\/havamall.vn\/wp-content\/uploads\/2023\/08\/imag30-1200x798.jpeg 1200w, https:\/\/havamall.vn\/wp-content\/uploads\/2023\/08\/imag30-600x399.jpeg 600w, https:\/\/havamall.vn\/wp-content\/uploads\/2023\/08\/imag30.jpeg 1300w\" sizes=\"(max-width: 787px) 100vw, 787px\" \/><\/p>","protected":false},"excerpt":{"rendered":"<p>TH\u00d4NG TIN S\u1ea2N PH\u1ea8M Th\u01b0\u01a1ng hi\u1ec7u Hero Xu\u1ea5t x\u1ee9 \u1ea4n \u0110\u1ed9 Th\u00e0nh ph\u1ea7n 100% b\u1ed9t cao l\u01b0\u01a1ng H\u1ea1n s\u1eed d\u1ee5ng<\/p>","protected":false},"featured_media":32604,"comment_status":"open","ping_status":"closed","template":"","meta":[],"product_brand":[],"product_cat":[256,36],"product_tag":[],"class_list":{"0":"post-32188","1":"product","2":"type-product","3":"status-publish","4":"has-post-thumbnail","6":"product_cat-thuc-pham-huu-co","7":"product_cat-thuc-pham-tieu-dung","9":"first","10":"outofstock","11":"sale","12":"shipping-taxable","13":"purchasable","14":"product-type-simple"},"_links":{"self":[{"href":"https:\/\/havamall.vn\/en\/wp-json\/wp\/v2\/product\/32188"}],"collection":[{"href":"https:\/\/havamall.vn\/en\/wp-json\/wp\/v2\/product"}],"about":[{"href":"https:\/\/havamall.vn\/en\/wp-json\/wp\/v2\/types\/product"}],"replies":[{"embeddable":true,"href":"https:\/\/havamall.vn\/en\/wp-json\/wp\/v2\/comments?post=32188"}],"version-history":[{"count":0,"href":"https:\/\/havamall.vn\/en\/wp-json\/wp\/v2\/product\/32188\/revisions"}],"wp:featuredmedia":[{"embeddable":true,"href":"https:\/\/havamall.vn\/en\/wp-json\/wp\/v2\/media\/32604"}],"wp:attachment":[{"href":"https:\/\/havamall.vn\/en\/wp-json\/wp\/v2\/media?parent=32188"}],"wp:term":[{"taxonomy":"product_brand","embeddable":true,"href":"https:\/\/havamall.vn\/en\/wp-json\/wp\/v2\/product_brand?post=32188"},{"taxonomy":"product_cat","embeddable":true,"href":"https:\/\/havamall.vn\/en\/wp-json\/wp\/v2\/product_cat?post=32188"},{"taxonomy":"product_tag","embeddable":true,"href":"https:\/\/havamall.vn\/en\/wp-json\/wp\/v2\/product_tag?post=32188"}],"curies":[{"name":"wp","href":"https:\/\/api.w.org\/{rel}","templated":true}]}}