{"id":32182,"date":"2023-08-03T16:29:27","date_gmt":"2023-08-03T09:29:27","guid":{"rendered":"https:\/\/havamall.vn\/?post_type=product&#038;p=32182"},"modified":"2023-08-03T16:29:28","modified_gmt":"2023-08-03T09:29:28","slug":"bot-mi-nguyen-cam-hero-1kg-assorted-flour-sharbati","status":"publish","type":"product","link":"https:\/\/havamall.vn\/en\/shop\/bot-mi-nguyen-cam-hero-1kg-assorted-flour-sharbati\/","title":{"rendered":"B\u1ed9t M\u00ec Nguy\u00ean C\u00e1m Hero 1kg &#8211;  Assorted Flour (Sharbati)"},"content":{"rendered":"<div dir=\"auto\"><\/div>\n<div dir=\"auto\">\n<h3><strong>TH\u00d4NG TIN S\u1ea2N PH\u1ea8M<\/strong><\/h3>\n<table>\n<tbody>\n<tr>\n<td>Th\u01b0\u01a1ng hi\u1ec7u<\/td>\n<td>Hero<\/td>\n<\/tr>\n<tr>\n<td>Xu\u1ea5t x\u1ee9<\/td>\n<td>\u1ea4n \u0110\u1ed9<\/td>\n<\/tr>\n<tr>\n<td>Th\u00e0nh ph\u1ea7n<\/td>\n<td>100% b\u1ed9t m\u00ec<\/td>\n<\/tr>\n<tr>\n<td>H\u1ea1n s\u1eed d\u1ee5ng<\/td>\n<td>6 th\u00e1ng k\u1ec3 t\u1eeb ng\u00e0y s\u1ea3n xu\u1ea5t.<\/td>\n<\/tr>\n<tr>\n<td>B\u1ea3o qu\u1ea3n<\/td>\n<td>\u0110\u1ec3 n\u01a1i kh\u00f4 r\u00e1o, tho\u00e1ng m\u00e1t, tr\u00e1nh \u00e1nh n\u1eafng tr\u1ef1c ti\u1ebfp<\/td>\n<\/tr>\n<tr>\n<td>Kh\u1ed1i l\u01b0\u1ee3ng<\/td>\n<td>1kg<\/td>\n<\/tr>\n<\/tbody>\n<\/table>\n<\/div>\n<div dir=\"auto\">B\u1ed9t m\u00ec Sharbati \u1ea4n \u0110\u1ed9 kh\u00e1c bi\u1ec7t \u1edf ch\u1ed7 n\u00f3 \u0111\u01b0\u1ee3c l\u00e0m t\u1eeb l\u00faa m\u00ec Sharbati gehu. Lo\u1ea1i l\u00faa m\u00ec n\u00e0y \u0111\u01b0\u1ee3c tr\u1ed3ng ch\u1ee7 y\u1ebfu t\u1ea1i \u1ea4n \u0110\u1ed9, Pakistan vs Nepal. N\u00f3 \u0111\u01b0\u1ee3c bi\u1ebfn \u0111\u1ebfn v\u1edbi m\u00f9i th\u01a1m \u0111\u1eb7c tr\u01b0ng, m\u1ec1m v\u00e0 ng\u1ecdt h\u01a1n so v\u1edbi c\u00e1c lo\u1ea1i l\u00faa m\u00ec kh\u00e1c. Sharbati gehu \u0111\u01b0\u1ee3c tr\u1ed3ng v\u1edbi ch\u1ebf \u0111\u1ed9 th\u1ee7y canh t\u1ef1 nhi\u00ean, kh\u00f4ng s\u1eed d\u1ee5ng h\u00f3a ch\u1ea5t ho\u1eb7c ph\u00e2n b\u00f3n h\u00f3a h\u1ecdc.<\/div>\n<div dir=\"auto\"><img fetchpriority=\"high\" decoding=\"async\" class=\"wp-image-32183 aligncenter\" src=\"https:\/\/havamall.vn\/wp-content\/uploads\/2023\/08\/338921941_608343564158965_8138326731604245444_n-300x300.jpeg\" alt=\"\" width=\"873\" height=\"873\" srcset=\"https:\/\/havamall.vn\/wp-content\/uploads\/2023\/08\/338921941_608343564158965_8138326731604245444_n-300x300.jpeg 300w, https:\/\/havamall.vn\/wp-content\/uploads\/2023\/08\/338921941_608343564158965_8138326731604245444_n-430x430.jpeg 430w, https:\/\/havamall.vn\/wp-content\/uploads\/2023\/08\/338921941_608343564158965_8138326731604245444_n-150x150.jpeg 150w, https:\/\/havamall.vn\/wp-content\/uploads\/2023\/08\/338921941_608343564158965_8138326731604245444_n-700x700.jpeg 700w, https:\/\/havamall.vn\/wp-content\/uploads\/2023\/08\/338921941_608343564158965_8138326731604245444_n-768x768.jpeg 768w, https:\/\/havamall.vn\/wp-content\/uploads\/2023\/08\/338921941_608343564158965_8138326731604245444_n-1024x1024.jpeg 1024w, https:\/\/havamall.vn\/wp-content\/uploads\/2023\/08\/338921941_608343564158965_8138326731604245444_n-600x600.jpeg 600w, https:\/\/havamall.vn\/wp-content\/uploads\/2023\/08\/338921941_608343564158965_8138326731604245444_n-100x100.jpeg 100w, https:\/\/havamall.vn\/wp-content\/uploads\/2023\/08\/338921941_608343564158965_8138326731604245444_n.jpeg 1080w\" sizes=\"(max-width: 873px) 100vw, 873px\" \/><\/div>\n<p dir=\"auto\">B\u1ed9t m\u00ec Sharbati l\u00e0 m\u1ed9t ngu\u1ed3n dinh d\u01b0\u1ee1ng d\u1ed3i d\u00e0o, cung c\u1ea5p nhi\u1ec1u vitamin nh\u01b0 vitamin B1, B3, B6 v\u00e0 c\u00e1c kho\u00e1ng ch\u1ea5t, bao g\u1ed3m s\u1eaft, canxi, selen, mangan, phot-pho, \u0111\u1ed3ng.<\/p>\n<div dir=\"auto\">B\u1ed9t M\u00ec Hero Sharbati\u2028 L\u00faa m\u00ec l\u00e0 m\u1ed9t b\u1eefa \u0103n ch\u1ee7 y\u1ebfu v\u00e0 ch\u1ee7 y\u1ebfu th\u00edch c\u00f3 t\u1ed1i thi\u1ec3u m\u1ed9t ho\u1eb7c hai b\u1eefa \u0103n c\u1ee7a c\u00e1c s\u1ea3n ph\u1ea9m l\u00faa m\u00ec trong m\u1ed9t ng\u00e0y.<\/div>\n<div dir=\"auto\">Sharbati Gehu \u0111\u01b0\u1ee3c bi\u1ebft \u0111\u1ebfn v\u1edbi ch\u1ea5t l\u01b0\u1ee3ng m\u1ec1m v\u00e0 h\u01b0\u01a1ng v\u1ecb c\u1ee7a n\u00f3 \u1edf ph\u00eda ng\u1ecdt ng\u00e0o h\u01a1n. C\u00e1c rotis (chappatis\/b\u00e1nh m\u00ec ph\u1eb3ng) \u0111\u01b0\u1ee3c l\u00e0m t\u1eeb Sharbati Gehu m\u1ec1m h\u01a1n v\u00e0 ch\u00fang v\u1eabn m\u1ec1m h\u01a1n trong m\u1ed9t th\u1eddi gian d\u00e0i h\u01a1n.<\/div>\n<div dir=\"auto\"><img decoding=\"async\" class=\"wp-image-32184 aligncenter\" src=\"https:\/\/havamall.vn\/wp-content\/uploads\/2023\/08\/338975125_1669189220205493_5916190375400040870_n-300x300.jpeg\" alt=\"\" width=\"877\" height=\"877\" srcset=\"https:\/\/havamall.vn\/wp-content\/uploads\/2023\/08\/338975125_1669189220205493_5916190375400040870_n-300x300.jpeg 300w, https:\/\/havamall.vn\/wp-content\/uploads\/2023\/08\/338975125_1669189220205493_5916190375400040870_n-430x430.jpeg 430w, https:\/\/havamall.vn\/wp-content\/uploads\/2023\/08\/338975125_1669189220205493_5916190375400040870_n-150x150.jpeg 150w, https:\/\/havamall.vn\/wp-content\/uploads\/2023\/08\/338975125_1669189220205493_5916190375400040870_n-700x700.jpeg 700w, https:\/\/havamall.vn\/wp-content\/uploads\/2023\/08\/338975125_1669189220205493_5916190375400040870_n-768x768.jpeg 768w, https:\/\/havamall.vn\/wp-content\/uploads\/2023\/08\/338975125_1669189220205493_5916190375400040870_n-1024x1024.jpeg 1024w, https:\/\/havamall.vn\/wp-content\/uploads\/2023\/08\/338975125_1669189220205493_5916190375400040870_n-600x600.jpeg 600w, https:\/\/havamall.vn\/wp-content\/uploads\/2023\/08\/338975125_1669189220205493_5916190375400040870_n-100x100.jpeg 100w, https:\/\/havamall.vn\/wp-content\/uploads\/2023\/08\/338975125_1669189220205493_5916190375400040870_n.jpeg 1080w\" sizes=\"(max-width: 877px) 100vw, 877px\" \/><\/div>\n<div dir=\"auto\">\n<p>B\u1ed9t m\u00ec Sharbati c\u00f3 h\u00e0m l\u01b0\u1ee3ng ch\u1ea5t x\u01a1 d\u1ed3i d\u00e0o v\u00e0 cung c\u1ea5p protein c\u00f9ng c\u00e1c kho\u00e1ng ch\u1ea5t c\u1ea7n thi\u1ebft bao g\u1ed3m ph\u1ed1t pho, magie, k\u1ebdm v\u00e0 s\u1eaft.<\/p>\n<p>S\u1ea3n ph\u1ea9m l\u00e0 s\u1ef1 l\u1ef1a ch\u1ecdn ho\u00e0n h\u1ea3o cho c\u00e1c lo\u1ea1i b\u00e1nh m\u00ec, bao g\u1ed3m sandwich, b\u00e1nh cu\u1ed9n th\u00f4, pancake, cookie, b\u00e1nh cake, muffins, pizza v\u00e0 nhi\u1ec1u lo\u1ea1i b\u00e1nh kh\u00e1c.<\/p>\n<p>\u1ee8ng d\u1ee5ng l\u1edbn nh\u1ea5t c\u1ee7a b\u1ed9t m\u00ec \u0111a d\u1ee5ng ch\u00ednh l\u00e0 l\u00e0m c\u00e1c lo\u1ea1i b\u00e1nh kh\u00f4ng c\u1ea7u k\u1ef3, kh\u00f4ng qu\u00e1 kh\u00f3 v\u00e0 kh\u00f4ng y\u00eau c\u1ea7u qu\u00e1 cao v\u1ec1 \u0111\u1ed9 kh\u1eaft khe trong h\u01b0\u01a1ng v\u1ecb c\u0169ng nh\u01b0 th\u00e0nh ph\u1ea9m.<\/p>\n<p><img decoding=\"async\" class=\"wp-image-32185 aligncenter\" src=\"https:\/\/havamall.vn\/wp-content\/uploads\/2023\/08\/332629142_1402941657142783_4181576103575774408_n-300x300.jpeg\" alt=\"\" width=\"881\" height=\"881\" srcset=\"https:\/\/havamall.vn\/wp-content\/uploads\/2023\/08\/332629142_1402941657142783_4181576103575774408_n-300x300.jpeg 300w, https:\/\/havamall.vn\/wp-content\/uploads\/2023\/08\/332629142_1402941657142783_4181576103575774408_n-430x430.jpeg 430w, https:\/\/havamall.vn\/wp-content\/uploads\/2023\/08\/332629142_1402941657142783_4181576103575774408_n-150x150.jpeg 150w, https:\/\/havamall.vn\/wp-content\/uploads\/2023\/08\/332629142_1402941657142783_4181576103575774408_n-700x700.jpeg 700w, https:\/\/havamall.vn\/wp-content\/uploads\/2023\/08\/332629142_1402941657142783_4181576103575774408_n-768x768.jpeg 768w, https:\/\/havamall.vn\/wp-content\/uploads\/2023\/08\/332629142_1402941657142783_4181576103575774408_n-1024x1024.jpeg 1024w, https:\/\/havamall.vn\/wp-content\/uploads\/2023\/08\/332629142_1402941657142783_4181576103575774408_n-600x600.jpeg 600w, https:\/\/havamall.vn\/wp-content\/uploads\/2023\/08\/332629142_1402941657142783_4181576103575774408_n-100x100.jpeg 100w, https:\/\/havamall.vn\/wp-content\/uploads\/2023\/08\/332629142_1402941657142783_4181576103575774408_n.jpeg 1080w\" sizes=\"(max-width: 881px) 100vw, 881px\" \/><\/p>\n<h4><strong>H\u01af\u1edaNG D\u1eaaN S\u1eec D\u1ee4NG<\/strong><\/h4>\n<p>\u2013 D\u00f9ng \u0111\u1ec3 l\u00e0m c\u00e1c lo\u1ea1i b\u00e1nh m\u00ec, bao g\u1ed3m sandwich, b\u00e1nh cu\u1ed9n th\u00f4, pancake, cookie, b\u00e1nh cake, muffins, pizza v\u00e0 nhi\u1ec1u lo\u1ea1i b\u00e1nh kh\u00e1c.<\/p>\n<p>S\u1ea3n ph\u1ea9m hi\u1ec7n \u0111\u00e3 c\u00f3 m\u1eb7t t\u1ea1i Havamall.<\/p>\n<\/div>","protected":false},"excerpt":{"rendered":"<p>TH\u00d4NG TIN S\u1ea2N PH\u1ea8M Th\u01b0\u01a1ng hi\u1ec7u Hero Xu\u1ea5t x\u1ee9 \u1ea4n \u0110\u1ed9 Th\u00e0nh ph\u1ea7n 100% b\u1ed9t m\u00ec H\u1ea1n s\u1eed d\u1ee5ng 6<\/p>","protected":false},"featured_media":32186,"comment_status":"open","ping_status":"closed","template":"","meta":[],"product_brand":[],"product_cat":[256,36],"product_tag":[],"class_list":{"0":"post-32182","1":"product","2":"type-product","3":"status-publish","4":"has-post-thumbnail","6":"product_cat-thuc-pham-huu-co","7":"product_cat-thuc-pham-tieu-dung","9":"first","10":"instock","11":"sale","12":"shipping-taxable","13":"purchasable","14":"product-type-simple"},"_links":{"self":[{"href":"https:\/\/havamall.vn\/en\/wp-json\/wp\/v2\/product\/32182"}],"collection":[{"href":"https:\/\/havamall.vn\/en\/wp-json\/wp\/v2\/product"}],"about":[{"href":"https:\/\/havamall.vn\/en\/wp-json\/wp\/v2\/types\/product"}],"replies":[{"embeddable":true,"href":"https:\/\/havamall.vn\/en\/wp-json\/wp\/v2\/comments?post=32182"}],"version-history":[{"count":0,"href":"https:\/\/havamall.vn\/en\/wp-json\/wp\/v2\/product\/32182\/revisions"}],"wp:featuredmedia":[{"embeddable":true,"href":"https:\/\/havamall.vn\/en\/wp-json\/wp\/v2\/media\/32186"}],"wp:attachment":[{"href":"https:\/\/havamall.vn\/en\/wp-json\/wp\/v2\/media?parent=32182"}],"wp:term":[{"taxonomy":"product_brand","embeddable":true,"href":"https:\/\/havamall.vn\/en\/wp-json\/wp\/v2\/product_brand?post=32182"},{"taxonomy":"product_cat","embeddable":true,"href":"https:\/\/havamall.vn\/en\/wp-json\/wp\/v2\/product_cat?post=32182"},{"taxonomy":"product_tag","embeddable":true,"href":"https:\/\/havamall.vn\/en\/wp-json\/wp\/v2\/product_tag?post=32182"}],"curies":[{"name":"wp","href":"https:\/\/api.w.org\/{rel}","templated":true}]}}