{"id":32161,"date":"2023-08-03T14:33:06","date_gmt":"2023-08-03T07:33:06","guid":{"rendered":"https:\/\/havamall.vn\/?post_type=product&#038;p=32161"},"modified":"2025-05-23T15:59:27","modified_gmt":"2025-05-23T08:59:27","slug":"nhuy-hoa-nghe-tay-saffron-hop-1-gr-conscious-food-nhap-khau-an-do","status":"publish","type":"product","link":"https:\/\/havamall.vn\/en\/shop\/nhuy-hoa-nghe-tay-saffron-hop-1-gr-conscious-food-nhap-khau-an-do\/","title":{"rendered":"Nhu\u1ef5 Hoa Ngh\u1ec7 T\u00e2y Saffron H\u1ed9p 1 gr Conscious Food Nh\u1eadp Kh\u1ea9u \u1ea4n \u0110\u1ed9"},"content":{"rendered":"<h2><\/h2>\n<h2><strong>TH\u00d4NG TIN CHUNG<\/strong><\/h2>\n<table>\n<tbody>\n<tr>\n<td>Th\u01b0\u01a1ng hi\u1ec7u<\/td>\n<td>Conscious Food<\/td>\n<\/tr>\n<tr>\n<td>Xu\u1ea5t x\u1ee9 th\u01b0\u01a1ng hi\u1ec7u<\/td>\n<td>\u1ea4n \u0110\u1ed9<\/td>\n<\/tr>\n<tr>\n<td>H\u1ea1n s\u1eed d\u1ee5ng<\/td>\n<td>12 th\u00e1ng k\u1ec3 t\u1eeb ng\u00e0y s\u1ea3n xu\u1ea5t<\/td>\n<\/tr>\n<tr>\n<td>H\u01b0\u1edbng d\u1eabn b\u1ea3o qu\u1ea3n<\/td>\n<td>B\u1ea3o qu\u1ea3n n\u01a1i kh\u00f4 r\u00e1o, tho\u00e1ng m\u00e1t<\/td>\n<\/tr>\n<tr>\n<td>H\u01b0\u1edbng d\u1eabn s\u1eed d\u1ee5ng<\/td>\n<td>Pha v\u1edbi n\u01b0\u1edbc \u1ea5m \u0111\u1ec3 u\u1ed1ng, l\u00e0m \u0111\u1eb9p,&#8230;<\/td>\n<\/tr>\n<tr>\n<td>Kh\u1ed1i l\u01b0\u1ee3ng<\/td>\n<td>1g<\/td>\n<\/tr>\n<tr>\n<td>Th\u00e0nh ph\u1ea7n<\/td>\n<td>100% s\u1ee3i saffron<\/td>\n<\/tr>\n<\/tbody>\n<\/table>\n<p>Saffron (Nhu\u1ef5 hoa Ngh\u1ec7 T\u00e2y)\u00a0l\u00e0 lo\u1ea1i gia v\u1ecb \u0111\u1eaft nh\u1ea5t th\u1ebf gi\u1edbi, v\u1edbi nh\u1eefng c\u00f4ng d\u1ee5ng tuy\u1ec7t v\u1eddi\u00a0cho s\u1ee9c kh\u1ecfe con ng\u01b0\u1eddi, qua qu\u00e1 tr\u00ecnh s\u1ea3n xu\u1ea5t kh\u00e1 c\u00f4ng phu t\u1ea1o n\u00ean m\u1ed9t s\u1ea3n ph\u1ea9m Saffron \u0111\u1ea7y ch\u1ea5t l\u01b0\u1ee3ng cho ng\u01b0\u1eddi d\u00f9ng.<\/p>\n<p>Saffron Conscious Food\u00a0l\u00e0 m\u1ed9t s\u1ea3n ph\u1ea9m \u0111\u01b0\u1ee3c s\u1ea3n xu\u1ea5t t\u1eeb nh\u1ee5y hoa ngh\u1ec7 t\u00e2y, \u0111\u00e2y l\u00e0 m\u1ed9t lo\u1ea1i gia v\u1ecb r\u1ea5t \u0111\u1eaft ti\u1ec1n tr\u00ean th\u1ebf gi\u1edbi v\u00e0 \u0111\u01b0\u1ee3c nh\u1eadp kh\u1ea9u tr\u1ef1c ti\u1ebfp t\u1eeb \u1ea4n \u0110\u1ed9. Qu\u00e1 tr\u00ecnh sinh tr\u01b0\u1edfng c\u1ee7a nh\u1ee5y hoa ngh\u1ec7 t\u00e2y l\u00e0 8 n\u0103m. M\u1ed7i n\u0103m c\u00e2y ch\u1ec9 n\u1edf hoa v\u00e0o m\u00f9a thu. Saffron th\u1ef1c ch\u1ea5t l\u00e0 ma\u0300u \u0111o\u0309 nh\u01b0ng sau khi qua s\u01a1 ch\u00ea\u0301 va\u0300 s\u00e2\u0301y kh\u00f4 \u0111\u00ea\u0309 ba\u0309o qua\u0309n thi\u0300 chuy\u00ea\u0309n ma\u0300u \u0111o\u0309 n\u00e2u.<\/p>\n<p><img fetchpriority=\"high\" decoding=\"async\" class=\"wp-image-32169 aligncenter\" src=\"https:\/\/havamall.com\/wp-content\/uploads\/2025\/05\/359791408_296664899418936_3919390523418968162_n-300x300.jpg\" alt=\"\" width=\"832\" height=\"832\" \/><\/p>\n<p>Saffron co\u0301 vi\u0323 h\u01a1i \u0111\u0103\u0301ng nhe\u0323, \u0111\u01b0\u01a1\u0323c s\u01b0\u0309 du\u0323ng trong ch\u00ea\u0301 bi\u00ea\u0301n th\u01b0\u0323c ph\u00e2\u0309m v\u00e0 ta\u0323o ra ma\u0300u va\u0300ng cam cho ca\u0301c th\u01b0\u0323c ph\u00e2\u0309m t\u00e2\u0309m \u01b0\u01a1\u0301p, mu\u0300i h\u01b0\u01a1ng kha\u0301 gi\u00f4\u0301ng h\u01b0\u01a1ng co\u0309 kh\u00f4. Saffron th\u01b0\u1eddng \u0111\u01b0\u1ee3c b\u1ea3o qu\u1ea3n trong c\u00e1c d\u1ee5ng c\u1ee5 k\u00edn, tr\u00e1nh \u00e1nh s\u00e1ng, nhi\u1ec7t \u0111\u1ed9 b\u1edfi saffron d\u1ec5 b\u1ecb bi\u1ebfn \u0111\u1ed5i d\u01b0\u1edbi c\u00e1c t\u00e1c nh\u00e2n c\u1ee7a \u00e1nh s\u00e1ng, oxy kh\u00f4ng kh\u00ed v\u00e0 \u0111\u1eb7c bi\u1ec7t l\u00e0 t\u00e1c d\u1ee5ng PH c\u1ee7a m\u00f4i tr\u01b0\u1eddng.<\/p>\n<p><img decoding=\"async\" class=\"wp-image-32163 aligncenter\" src=\"https:\/\/havamall.com\/wp-content\/uploads\/2025\/05\/61T0tiwsdfL-300x300.jpg\" alt=\"\" width=\"826\" height=\"826\" \/><\/p>\n<p>H\u00e0m l\u01b0\u1ee3ng Crocin v\u00e0 c\u00e1c d\u01b0\u1ee1ng ch\u1ea5t c\u00f3 trong Saffron Bahraman ph\u00f9 h\u1ee3p \u0111\u1ec3 gi\u00fap b\u1ea1n ng\u1ee7 ngon ch\u1ec9 trong 1-2 tu\u1ea7n s\u1eed d\u1ee5ng, gi\u00fap c\u00e2n b\u1eb1ng n\u1ed9i ti\u1ebft, \u1ed5n \u0111\u1ecbnh huy\u1ebft \u00e1p, t\u1ed1t cho \u0111\u01b0\u1eddng ti\u00eau h\u00f3a, c\u1ea3i thi\u1ec7n sinh l\u00fd, c\u1ea3i thi\u1ec7n th\u1ecb l\u1ef1c m\u1eaft\u2026.<\/p>\n<p>V\u1edbi nhi\u1ec1u l\u1ee3i \u00edch t\u1ed1t cho s\u1ee9c kh\u1ecfe v\u00e0 s\u1eafc \u0111\u1eb9p, nh\u1ee5y hoa ngh\u1ec7 t\u00e2y d\u1ea7n tr\u1edf l\u00ean ph\u1ed5 bi\u1ebfn t\u1ea1i Vi\u1ec7t Nam v\u00e0 \u0111\u01b0\u1ee3c \u1ee9ng d\u1ee5ng r\u1ed9ng r\u00e3i trong Y T\u1ebf. M\u1ed7i ng\u00e0y c\u00f3 h\u01a1n 1.000.000+ kh\u00e1ch h\u00e0ng s\u1eed d\u1ee5ng saffron nh\u01b0 m\u1ed9t th\u1ef1c ph\u1ea9m \u0111\u1ec3 b\u1ea3o v\u1ec7 s\u1ee9c kh\u1ecfe cho b\u1ea3n th\u00e2n v\u00e0 c\u1ea3 gia \u0111\u00ecnh.<\/p>\n<p><img decoding=\"async\" class=\"wp-image-32162 aligncenter\" src=\"https:\/\/havamall.com\/wp-content\/uploads\/2025\/05\/71x5As7whSL-300x300.jpg\" alt=\"\" width=\"825\" height=\"825\" \/><\/p>\n<h2><strong>C\u00f4ng d\u1ee5ng c\u1ee7a Nh\u1ee5y hoa ngh\u1ec7 t\u00e2y \u2013 th\u1ea7n d\u01b0\u1ee3c cho s\u1ee9c kh\u1ecfe v\u00e0 s\u1eafc \u0111\u1eb9p:<\/strong><\/h2>\n<p>&gt; Saffron ch\u1ee9a nhi\u1ec1u d\u01b0\u1ee1ng ch\u1ea5t, c\u00e1c vitamin v\u00e0 axit amin gi\u00fap t\u0103ng c\u01b0\u1eddng s\u1ee9c \u0111\u1ec1 kh\u00e1ng,\u00a0h\u1ed7 tr\u1ee3 mi\u1ec5n d\u1ecbch.<\/p>\n<p>&gt; Gi\u00fap l\u00e0m \u0111\u1eb9p da, gi\u00fap da s\u00e1ng \u0111\u1ec1u m\u00e0u, c\u0103ng m\u1ecbn v\u00e0 tr\u1ebb h\u00f3a l\u00e0n da, gi\u1ea3m n\u00e1m, gi\u1ea3m m\u1ee5n, ng\u0103n ng\u1eeba qu\u00e1 tr\u00ecnh l\u00e3o h\u00f3a.<\/p>\n<p>&gt; Gi\u00fap ng\u1ee7 ngon h\u01a1n, gi\u1ea3m c\u0103ng th\u1eb3ng m\u1ec7t m\u1ecfi, an th\u1ea7n, \u1ed5n \u0111\u1ecbnh t\u00e2m l\u00fd.<\/p>\n<p>&gt; T\u0103ng tu\u1ea7n ho\u00e0n m\u00e1u, gi\u1ea3m l\u01b0\u1ee3ng cholesterol trong m\u00e1u, \u0111i\u1ec1u ho\u00e0 huy\u1ebft \u00e1p gi\u00fap gi\u1ea3m kh\u1ea3 n\u0103ng m\u1eafc c\u00e1c b\u1ec7nh v\u1ec1 tim m\u1ea1ch.<\/p>\n<p>&gt; Th\u1ea3i \u0111\u1ed9c gan, thanh l\u1ecdc c\u01a1 th\u1ec3.<\/p>\n<p>&gt; Gi\u00fap l\u00e0m gi\u1ea3m \u0111au, l\u00e0m m\u1edd s\u1eb9o, gi\u1ea3m vi\u00eam nhi\u1ec5m, ch\u1ed1ng thi\u1ebfu m\u00e1u v\u00e0 suy nh\u01b0\u1ee3c c\u01a1 th\u1ec3.<\/p>\n<p>&gt; H\u1ed7 tr\u1ee3 \u0111i\u1ec1u tr\u1ecb tr\u1ea7m c\u1ea3m.<\/p>\n<p>&gt; C\u1ea3i thi\u1ec7n h\u1ec7 ti\u00eau h\u00f3a ho\u1ea1t \u0111\u1ed9ng t\u1ed1t h\u01a1n.<\/p>\n<p>&gt; Ph\u00f2ng ng\u1eeba ung th\u01b0.<\/p>\n<p>&gt; Saffron c\u00f2n h\u1ed7 tr\u1ee3 m\u1ecdc t\u00f3c, gi\u00fap ng\u0103n ng\u1eeba g\u00e3y r\u1ee5ng \u2013 gi\u00fap m\u00e1i t\u00f3c tr\u00f4ng ch\u1eafc kho\u1ebb. b\u00f3ng m\u01b0\u1ee3t h\u01a1n.<\/p>\n<p>&gt; Saffron c\u00f2n gi\u00fap l\u00e0m gi\u1ea3m c\u00e1c tri\u1ec7u ch\u1ee9ng trong th\u1eddi k\u1ef3 kinh nguy\u1ec7t: \u0111au b\u1ee5ng, n\u1ed5i m\u1ee5n, \u0111au t\u1ee9c ng\u1ef1c, kh\u00f3 ch\u1ecbu trong ng\u01b0\u1eddi, \u2026<\/p>\n<p><strong>&gt; <\/strong>Saffron\u00a0l\u00e0m gi\u1ea3m tri\u1ec7u ch\u1ee9ng b\u1ec7nh Alzheimer (m\u1ea5t tr\u00ed nh\u1edb \u1edf ng\u01b0\u1eddi l\u1edbn tu\u1ed5i) v\u00e0 h\u1ed7 tr\u1ee3 th\u1ecb l\u1ef1c.<\/p>\n<p>&gt; Trong Saffron c\u00f3 ch\u1ee9a c\u00e1c ch\u1ea5t dinh d\u01b0\u1ee1ng: Vitamin B1, B2, B3, vitamin A v\u00e0 C c\u0169ng nh\u01b0 axit folic r\u1ea5t c\u1ea7n thi\u1ebft cho m\u1eb9 b\u1ea7u v\u00e0 s\u1ee9c kh\u1ecfe c\u1ee7a b\u00e9.<\/p>\n<p><img loading=\"lazy\" decoding=\"async\" class=\"wp-image-32165 aligncenter\" src=\"https:\/\/havamall.com\/wp-content\/uploads\/2025\/05\/a0161ecc6302fd910fc95b2d2395c6a2-300x269.jpg\" alt=\"\" width=\"829\" height=\"744\" \/><\/p>\n<h2><strong>H\u01b0\u1edbng d\u1eabn s\u1eed d\u1ee5ng:<\/strong><\/h2>\n<p>&#8211; L\u1ea5y 4-5 s\u1ee3i nhu\u1ef5 hoa pha n\u01b0\u1edbc \u1ea5m u\u1ed1ng thay n\u01b0\u1edbc l\u1ecdc m\u1ed7i ng\u00e0y gi\u00fap tinh th\u1ea7n t\u1ec9nh t\u00e1o l\u00e0m vi\u1ec7c m\u1ed7i ng\u00e0y, ch\u1eefa tr\u1ecb ch\u1ee9ng m\u1ea5t ng\u1ee7.<\/p>\n<p>&#8211; B\u1ea1n c\u00f3 th\u1ec3 \u0111\u1eafp m\u1eb7t v\u1edbi nhu\u1ef5 hoa ngh\u1ec7 t\u00e2y b\u1eb1ng c\u00e1ch d\u00f9ng 2-3 s\u1ee3i ngh\u1ec7 t\u00e2y tr\u1ed9n v\u1edbi 2 th\u00eca s\u1eefa chua v\u1edbi nhau r\u1ed3i d\u00f9ng h\u1ed7n h\u1ee3p \u0111\u1ec3 \u0111\u1eafp m\u1eb7t.<\/p>\n<p>&#8211; Massage da m\u1eb7t b\u1eb1ng c\u00e1ch d\u00f9ng kem s\u1eefa ho\u1eb7c \u0111\u1eadu h\u0169 tr\u1ed9n chung v\u1edbi 2 s\u1ee3i nhu\u1ef5 hoa ngh\u1ec7 t\u00e2y. Ki\u00ean tr\u00ec s\u1eed d\u1ee5ng th\u01b0\u1eddng xuy\u00ean gi\u00fap cho l\u00e0n da m\u1ecbn m\u00e0ng.<\/p>\n<p>&#8211; Tr\u1ed9n v\u00e0i s\u1ee3i ngh\u1ec7 t\u00e2y v\u1edbi d\u1ea7u \u00f4 liu, d\u1ea7u d\u1eeba ho\u1eb7c d\u1ea7u h\u1ea1nh nh\u00e2n r\u1ed3i massage da m\u1eb7t v\u00e0 c\u1ed5 gi\u00fap da m\u1ec1m m\u1ecbn, tr\u1eafng s\u00e1ng h\u01a1n.<\/p>\n<p>&#8211; D\u00f9ng v\u00e0i s\u1ee3i ngh\u1ec7 t\u00e2y cho v\u00e0o s\u1eefa, u\u1ed1ng th\u01b0\u1eddng xuy\u00ean, da d\u1ebb c\u1ee7a b\u1ea1n s\u1ebd \u0111\u01b0\u1ee3c c\u1ea3i thi\u1ec7n m\u1ed9t c\u00e1ch t\u1ef1 nhi\u00ean sau m\u1ed9t th\u1eddi gian ng\u1eafn.<\/p>\n<p>&#8211; L\u00e0m m\u1eb7t n\u1ea1 ng\u0103n ng\u1eeba r\u1ee5ng t\u00f3c, k\u00edch th\u00edch m\u1ecdc t\u00f3c t\u1ea1i nh\u00e0: nh\u1ee5y ngh\u1ec7 t\u00e2y + cam th\u1ea3o + s\u1eefa, tr\u1ed9n \u0111\u1ec1u xong \u0111\u1eafp h\u1ed7n h\u1ee3p n\u00e0y v\u00e0o c\u00e1c n\u01a1i t\u00f3c r\u1ee5ng nhi\u1ec1u..<\/p>\n<p>&#8211; Tr\u1ed9n v\u00e0i s\u1ee3i ngh\u1ec7 t\u00e2y v\u1edbi m\u1eadt ong, sau \u0111\u00f3 d\u00f9ng h\u1ed7n h\u1ee3p tuy\u1ec7t v\u1eddi n\u00e0y \u0111\u1ec3 massage da m\u1eb7t gi\u00fap cung c\u1ea5p oxy cho da, k\u00edch th\u00edch tu\u1ea7n ho\u00e0n m\u00e1u \u0111\u1ec3 c\u00f3 l\u00e0n da s\u00e1ng r\u1ea1ng ng\u1eddi.<\/p>\n<p><img loading=\"lazy\" decoding=\"async\" class=\"wp-image-32166 aligncenter\" src=\"https:\/\/havamall.com\/wp-content\/uploads\/2025\/05\/saffron-2-300x169.jpg\" alt=\"\" width=\"837\" height=\"472\" \/><\/p>\n<h2><strong>Ai n\u00ean s\u1eed d\u1ee5ng Saffon?<\/strong><\/h2>\n<p>&#8211; Ng\u01b0\u1eddi th\u01b0\u1eddng xuy\u00ean l\u00e0m vi\u1ec7c c\u0103ng th\u1eb3ng, m\u1ea5t ng\u1ee7, hay \u0111au \u0111\u1ea7u,\u2026<\/p>\n<p>&#8211; Ng\u01b0\u1eddi th\u1eeba c\u00e2n, b\u00e9o ph\u00ec<\/p>\n<p>&#8211; Ng\u01b0\u1eddi mu\u1ed1n t\u0103ng c\u01b0\u1eddng s\u1ee9c \u0111\u1ec1 kh\u00e1ng, ng\u0103n ng\u1eeba ung th\u01b0, ti\u1ec3u \u0111\u01b0\u1eddng, tim m\u1ea1ch v\u00e0 c\u00e1c b\u1ec7nh m\u00e3n t\u00ednh kh\u00e1c<\/p>\n<p>&#8211; Ng\u01b0\u1eddi l\u1edbn tu\u1ed5i c\u01a1 th\u1ec3 suy nh\u01b0\u1ee3c<\/p>\n<p>&#8211; Nam v\u00e0 n\u1eef mu\u1ed1n t\u0103ng c\u01b0\u1eddng sinh l\u1ef1c<\/p>\n<p>&#8211; Ng\u01b0\u1eddi mu\u1ed1n duy tr\u00ec s\u1ef1 t\u01b0\u01a1i tr\u1ebb cho l\u00e0n da<\/p>\n<p><img loading=\"lazy\" decoding=\"async\" class=\"wp-image-32170 aligncenter\" src=\"https:\/\/havamall.com\/wp-content\/uploads\/2025\/05\/357063381_289731896778903_4972444910634175919_n-300x300.jpg\" alt=\"\" width=\"828\" height=\"828\" \/><\/p>","protected":false},"excerpt":{"rendered":"<p>TH\u00d4NG TIN CHUNG Th\u01b0\u01a1ng hi\u1ec7u Conscious Food Xu\u1ea5t x\u1ee9 th\u01b0\u01a1ng hi\u1ec7u \u1ea4n \u0110\u1ed9 H\u1ea1n s\u1eed d\u1ee5ng 12 th\u00e1ng k\u1ec3 t\u1eeb<\/p>","protected":false},"featured_media":32168,"comment_status":"open","ping_status":"closed","template":"","meta":[],"product_brand":[],"product_cat":[256,36],"product_tag":[],"class_list":{"0":"post-32161","1":"product","2":"type-product","3":"status-publish","4":"has-post-thumbnail","6":"product_cat-thuc-pham-huu-co","7":"product_cat-thuc-pham-tieu-dung","9":"first","10":"outofstock","11":"sale","12":"shipping-taxable","13":"purchasable","14":"product-type-simple"},"_links":{"self":[{"href":"https:\/\/havamall.vn\/en\/wp-json\/wp\/v2\/product\/32161"}],"collection":[{"href":"https:\/\/havamall.vn\/en\/wp-json\/wp\/v2\/product"}],"about":[{"href":"https:\/\/havamall.vn\/en\/wp-json\/wp\/v2\/types\/product"}],"replies":[{"embeddable":true,"href":"https:\/\/havamall.vn\/en\/wp-json\/wp\/v2\/comments?post=32161"}],"version-history":[{"count":0,"href":"https:\/\/havamall.vn\/en\/wp-json\/wp\/v2\/product\/32161\/revisions"}],"wp:featuredmedia":[{"embeddable":true,"href":"https:\/\/havamall.vn\/en\/wp-json\/wp\/v2\/media\/32168"}],"wp:attachment":[{"href":"https:\/\/havamall.vn\/en\/wp-json\/wp\/v2\/media?parent=32161"}],"wp:term":[{"taxonomy":"product_brand","embeddable":true,"href":"https:\/\/havamall.vn\/en\/wp-json\/wp\/v2\/product_brand?post=32161"},{"taxonomy":"product_cat","embeddable":true,"href":"https:\/\/havamall.vn\/en\/wp-json\/wp\/v2\/product_cat?post=32161"},{"taxonomy":"product_tag","embeddable":true,"href":"https:\/\/havamall.vn\/en\/wp-json\/wp\/v2\/product_tag?post=32161"}],"curies":[{"name":"wp","href":"https:\/\/api.w.org\/{rel}","templated":true}]}}