{"id":32148,"date":"2023-08-02T16:09:28","date_gmt":"2023-08-02T09:09:28","guid":{"rendered":"https:\/\/havamall.vn\/?post_type=product&#038;p=32148"},"modified":"2025-03-20T15:45:55","modified_gmt":"2025-03-20T08:45:55","slug":"hat-sen-no-phong-tam-vi-mirch-masala-conscious-food-65g-mirch-masala-makhana-protein-puffs","status":"publish","type":"product","link":"https:\/\/havamall.vn\/en\/shop\/hat-sen-no-phong-tam-vi-mirch-masala-conscious-food-65g-mirch-masala-makhana-protein-puffs\/","title":{"rendered":"H\u1ea1t Sen N\u1ed5 Ph\u1ed3ng T\u1ea9m V\u1ecb Mirch Masala  Conscious Food 65g\u2013 Mirch Masala Makhana Protein Puffs"},"content":{"rendered":"<h2><\/h2>\n<h2><strong>TH\u00d4NG TIN CHUNG<\/strong><\/h2>\n<table>\n<tbody>\n<tr>\n<td>Th\u01b0\u01a1ng hi\u1ec7u<\/td>\n<td>Conscious Food<\/td>\n<\/tr>\n<tr>\n<td>Xu\u1ea5t x\u1ee9 th\u01b0\u01a1ng hi\u1ec7u<\/td>\n<td>\u1ea4n \u0110\u1ed9<\/td>\n<\/tr>\n<tr>\n<td>H\u1ea1n s\u1eed d\u1ee5ng<\/td>\n<td>6 th\u00e1ng k\u1ec3 t\u1eeb ng\u00e0y s\u1ea3n xu\u1ea5t<\/td>\n<\/tr>\n<tr>\n<td>H\u01b0\u1edbng d\u1eabn b\u1ea3o qu\u1ea3n<\/td>\n<td>B\u1ea3o qu\u1ea3n n\u01a1i kh\u00f4 r\u00e1o, tho\u00e1ng m\u00e1t<\/td>\n<\/tr>\n<tr>\n<td>H\u01b0\u1edbng d\u1eabn s\u1eed d\u1ee5ng<\/td>\n<td>\u0102n ngay khi m\u1edf b\u00e1nh<\/td>\n<\/tr>\n<tr>\n<td>Kh\u1ed1i l\u01b0\u1ee3ng<\/td>\n<td>65g<\/td>\n<\/tr>\n<tr>\n<td>Th\u00e0nh ph\u1ea7n<\/td>\n<td>Makhana rang (67%), D\u1ea7u th\u1ef1c v\u1eadt \u00e9p l\u1ea1nh (D\u1ea7u h\u01b0\u1edbng d\u01b0\u01a1ng) (19%), H\u1ed7n h\u1ee3p gia v\u1ecb (14%) {rau m\u00f9i, \u1edbt, kinh gi\u1edbi, g\u1eebng, th\u1ea3o qu\u1ea3, hoa h\u1ed3i, \u0111inh h\u01b0\u01a1ng, b\u1ed9t rau c\u1ee7 kh\u00f4, b\u1ed9t g\u1ea1o, mu\u1ed1i, \u0111\u01b0\u1eddng}<\/td>\n<\/tr>\n<\/tbody>\n<\/table>\n<p>Makhanas c\u00f2n \u0111\u01b0\u1ee3c g\u1ecdi l\u00e0 h\u1ea1t c\u00e1o, h\u1ea1t hoa s\u00fang gai, h\u1ea1t sen, h\u1ea1t gorgon. Nh\u1eefng h\u1ea1t n\u00e0y th\u01b0\u1eddng \u0111\u01b0\u1ee3c s\u1eed d\u1ee5ng r\u1ed9ng r\u00e3i trong c\u00e1c c\u00f4ng th\u1ee9c ch\u1ebf bi\u1ebfn th\u1ee9c \u0103n c\u1ee7a \u1ea4n \u0111\u1ed9 nh\u01b0 c\u01a1m pudding (kheer), Raita (d\u1ea1ng s\u1ed1t ch\u1ebf bi\u1ebfn v\u1edbi s\u1eefa \u0111\u00f4ng\/chua k\u00e8m rau s\u1ed1ng\/ch\u00edn) ho\u1eb7c c\u00e0 ri. Makhanas c\u0169ng \u0111\u01b0\u1ee3c s\u1eed d\u1ee5ng nh\u01b0 m\u1ed9t d\u1ea1ng \u0103n v\u1eb7t v\u00e0o bu\u1ed5i t\u1ed1i.<\/p>\n<p><img fetchpriority=\"high\" decoding=\"async\" class=\"wp-image-32247 aligncenter\" src=\"https:\/\/havamall.vn\/wp-content\/uploads\/2025\/03\/332572443_876917780200747_2612648469620392745_n-300x300.jpg\" alt=\"\" width=\"777\" height=\"777\" \/><\/p>\n<p>H\u1ea1t Makhanas c\u00f3 th\u1ec3 s\u1eed d\u1ee5ng ngay sau khi ch\u1ebf bi\u1ebfn v\u00e0 r\u1ea5t b\u1ed5 d\u01b0\u1ee1ng. H\u1ea1t n\u00e0y c\u0169ng \u0111\u01b0\u1ee3c ch\u1ecdn l\u1ef1a s\u1eed d\u1ee5ng trong c\u00e1c nghi l\u1ec5 t\u00f4n gi\u00e1o \u1edf \u1ea4n \u0111\u1ed9, v\u00e0 \u0111\u01b0\u1ee3c xem nh\u01b0 l\u00e0 m\u1ed9t m\u00f3n \u0103n &#8216;\u0103n chay&#8217; ph\u1ed5 bi\u1ebfn trong d\u1ecbp Navratri v\u00e0 c\u00e1c d\u1ecbp l\u1ec5 quan tr\u1ecdng kh\u00e1c.<\/p>\n<p>H\u1ea1t Makhanas c\u00f3 th\u1ec3 d\u00f9ng ngay ho\u1eb7c s\u1eed d\u1ee5ng l\u00e0m nguy\u00ean li\u1ec7u b\u1ed5 sung v\u00e0o c\u00e1c m\u00f3n b\u00e1nh nh\u1eb1m l\u00e0m t\u0103ng th\u00eam v\u1ecb \u0111\u1eadm \u0111\u00e0, h\u1ea5p d\u1eabn c\u1ee7a m\u00f3n \u0103n.<\/p>\n<p><img decoding=\"async\" class=\"wp-image-32142 aligncenter\" src=\"https:\/\/havamall.vn\/wp-content\/uploads\/2025\/03\/IMG_8292-min-300x300.jpg\" alt=\"\" width=\"770\" height=\"770\" \/><\/p>\n<h2><strong>L\u1ee2I \u00cdCH S\u1ee8C KHO\u1eba<\/strong><\/h2>\n<p>&#8211; Ch\u1ee9a \u00edt cholesterol, ch\u1ea5t b\u00e9o v\u00e0 natri n\u00ean H\u1ea1t Makhana ph\u00f4 mai\u00a0Carnival\u00a0l\u00e0 m\u00f3n \u0103n v\u1eb7t nh\u1eb9 nh\u00e0ng nh\u01b0ng c\u00f3 th\u1ec3 xoa d\u1ecbu c\u01a1n \u0111\u00f3i c\u1ed3n c\u00e0o.<\/p>\n<p>&#8211; Ch\u1ee9a h\u00e0m l\u01b0\u1ee3ng magi\u00ea v\u00e0 natri th\u1ea5p, c\u00f3 l\u1ee3i cho nh\u1eefng ng\u01b0\u1eddi b\u1ecb huy\u1ebft \u00e1p cao v\u00e0 b\u00e9o ph\u00ec.<\/p>\n<p>&#8211; C\u00f3 ch\u1ee9a enzyme ch\u1ed1ng l\u00e3o h\u00f3a gi\u00fap t\u00e1i t\u1ea1o protein.<\/p>\n<p>&#8211; Y h\u1ecdc c\u1ed5 truy\u1ec1n \u1ea4n \u0110\u1ed9 (Ayurvedic) cho r\u1eb1ng h\u1ea1t c\u00e1o c\u00f3 ch\u1ee9a ch\u1ea5t l\u00e0m se (m\u1ed9t lo\u1ea1i ch\u1ea5t l\u00e0m c\u00e1c m\u00f4 tr\u1edf n\u00ean s\u0103n ch\u1eafc) t\u1ed1t cho th\u1eadn.<\/p>\n<p>&#8211; H\u00e0m l\u01b0\u1ee3ng Thiamine cao gi\u00fap h\u1ed7 tr\u1ee3 ch\u1ee9c n\u0103ng nh\u1eadn th\u1ee9c.<\/p>\n<p>&#8211; M\u1ed9t ngu\u1ed3n magi\u00ea tuy\u1ec7t v\u1eddi cho ng\u01b0\u1eddi \u0103n chay v\u00e0 thu\u1ea7n chay.<\/p>\n<p>&#8211; \u00cdt cholesterol, ch\u1ea5t b\u00e9o v\u00e0 natri &#8211; v\u00e0 v\u00ec v\u1eady ch\u00fang an to\u00e0n \u0111\u1ec3 \u0103n nh\u1eb9.<\/p>\n<p>&#8211; H\u00e0m l\u01b0\u1ee3ng calo th\u1ea5p nh\u01b0ng ch\u00fang r\u1ea5t gi\u00e0u protein &#8211; l\u00fd t\u01b0\u1edfng cho nh\u1eefng ng\u01b0\u1eddi mu\u1ed1n gi\u1ea3m c\u00e2n ho\u1eb7c x\u00e2y d\u1ef1ng c\u01a1 b\u1eafp.<\/p>\n<p>&#8211; Ch\u00fang mang m\u1ed9t lo\u1ea1i enzyme ch\u1ed1ng l\u00e3o h\u00f3a gi\u00fap s\u1eeda ch\u1eefa c\u00e1c protein b\u1ecb h\u01b0 h\u1ecfng.<\/p>\n<p>&#8211; Kh\u00f4ng ch\u1ee9a gluten v\u00e0 thu\u1ea7n chay cho nh\u1eefng ng\u01b0\u1eddi b\u1ecb d\u1ecb \u1ee9ng v\u1edbi gluten v\u00e0 \/ ho\u1eb7c theo ch\u1ebf \u0111\u1ed9 \u0103n u\u1ed1ng d\u1ef1a tr\u00ean th\u1ef1c v\u1eadt.<\/p>\n<p>&#8211; Ch\u00fang c\u00f3 ch\u1ec9 s\u1ed1 \u0111\u01b0\u1eddng huy\u1ebft th\u1ea5p v\u00e0 l\u00e0 m\u1ed9t m\u00f3n \u0103n nh\u1eb9 l\u00e0nh m\u1ea1nh v\u00e0 an to\u00e0n cho nh\u1eefng ng\u01b0\u1eddi m\u1eafc b\u1ec7nh ti\u1ec3u \u0111\u01b0\u1eddng.<\/p>\n<h2><img decoding=\"async\" class=\"wp-image-32149 aligncenter\" src=\"https:\/\/havamall.vn\/wp-content\/uploads\/2025\/03\/Benefits-3-300x300.jpg\" alt=\"\" width=\"766\" height=\"766\" \/><\/h2>\n<h2><strong>H\u01af\u1edaNG D\u1eaaN S\u1eec D\u1ee4NG<\/strong><\/h2>\n<p>&gt; Ch\u00fang c\u00f3 th\u1ec3 \u0111\u01b0\u1ee3c ph\u1ee5c v\u1ee5 nh\u01b0 m\u1ed9t b\u1eefa \u0103n nh\u1eb9 gi\u1eefa b\u1eefa \u0103n.<\/p>\n<p>&gt; Ch\u00fang c\u00f3 th\u1ec3 \u0111\u01b0\u1ee3c s\u1eed d\u1ee5ng nh\u01b0 m\u1ed9t topping \u0111\u1ec3 th\u00eam h\u01b0\u01a1ng v\u1ecb gi\u00f2n \/ h\u01b0\u01a1ng v\u1ecb cho c\u00e1c m\u00f3n c\u00e0 ri \u1ea4n \u0110\u1ed9 v\u00e0 ch\u00e2u \u00c1.<\/p>\n<p>&gt; Cheesy v\u00e0 cay trong h\u01b0\u01a1ng v\u1ecb, ch\u00fang c\u0169ng c\u00f3 th\u1ec3 \u0111\u01b0\u1ee3c ph\u1ee5c v\u1ee5 nh\u01b0 m\u1ed9t m\u00f3n khai v\u1ecb.<\/p>\n<p><img loading=\"lazy\" decoding=\"async\" class=\"wp-image-32150 aligncenter\" src=\"https:\/\/havamall.vn\/wp-content\/uploads\/2025\/03\/Lifestyle-78-1-1320x1320-300x300.png\" alt=\"\" width=\"760\" height=\"760\" \/><\/p>","protected":false},"excerpt":{"rendered":"<p>TH\u00d4NG TIN CHUNG Th\u01b0\u01a1ng hi\u1ec7u Conscious Food Xu\u1ea5t x\u1ee9 th\u01b0\u01a1ng hi\u1ec7u \u1ea4n \u0110\u1ed9 H\u1ea1n s\u1eed d\u1ee5ng 6 th\u00e1ng k\u1ec3 t\u1eeb<\/p>","protected":false},"featured_media":32151,"comment_status":"open","ping_status":"closed","template":"","meta":[],"product_brand":[],"product_cat":[681,36,133],"product_tag":[],"class_list":{"0":"post-32148","1":"product","2":"type-product","3":"status-publish","4":"has-post-thumbnail","6":"product_cat-nhap-khau-an-do","7":"product_cat-thuc-pham-tieu-dung","8":"product_cat-banh-keo-chocolate","10":"first","11":"instock","12":"sale","13":"shipping-taxable","14":"purchasable","15":"product-type-simple"},"_links":{"self":[{"href":"https:\/\/havamall.vn\/en\/wp-json\/wp\/v2\/product\/32148"}],"collection":[{"href":"https:\/\/havamall.vn\/en\/wp-json\/wp\/v2\/product"}],"about":[{"href":"https:\/\/havamall.vn\/en\/wp-json\/wp\/v2\/types\/product"}],"replies":[{"embeddable":true,"href":"https:\/\/havamall.vn\/en\/wp-json\/wp\/v2\/comments?post=32148"}],"version-history":[{"count":0,"href":"https:\/\/havamall.vn\/en\/wp-json\/wp\/v2\/product\/32148\/revisions"}],"wp:featuredmedia":[{"embeddable":true,"href":"https:\/\/havamall.vn\/en\/wp-json\/wp\/v2\/media\/32151"}],"wp:attachment":[{"href":"https:\/\/havamall.vn\/en\/wp-json\/wp\/v2\/media?parent=32148"}],"wp:term":[{"taxonomy":"product_brand","embeddable":true,"href":"https:\/\/havamall.vn\/en\/wp-json\/wp\/v2\/product_brand?post=32148"},{"taxonomy":"product_cat","embeddable":true,"href":"https:\/\/havamall.vn\/en\/wp-json\/wp\/v2\/product_cat?post=32148"},{"taxonomy":"product_tag","embeddable":true,"href":"https:\/\/havamall.vn\/en\/wp-json\/wp\/v2\/product_tag?post=32148"}],"curies":[{"name":"wp","href":"https:\/\/api.w.org\/{rel}","templated":true}]}}