{"id":32100,"date":"2023-08-01T11:09:38","date_gmt":"2023-08-01T04:09:38","guid":{"rendered":"https:\/\/havamall.vn\/?post_type=product&#038;p=32100"},"modified":"2025-03-20T15:36:35","modified_gmt":"2025-03-20T08:36:35","slug":"dau-mu-tat-fortune-kachi-ghani-chai-nhua-500ml-mustard-oil","status":"publish","type":"product","link":"https:\/\/havamall.vn\/en\/shop\/dau-mu-tat-fortune-kachi-ghani-chai-nhua-500ml-mustard-oil\/","title":{"rendered":"D\u1ea7u M\u00f9 T\u1ea1t Fortune Kachi Ghani Chai Nh\u1ef1a 500ml \u2013 Mustard Oil"},"content":{"rendered":"<p>&nbsp;<\/p>\n<h2><strong>TH\u00d4NG TIN CHUNG<\/strong><\/h2>\n<table>\n<tbody>\n<tr>\n<td>\n<table border=\"1\" cellspacing=\"1\" cellpadding=\"10\" align=\"center\">\n<tbody>\n<tr>\n<td><strong>T\u00ean s\u1ea3n ph\u1ea9m<\/strong><\/td>\n<td>D\u1ea7u m\u00f9 t\u1ea1t \u1ea4n \u0110\u1ed9<\/td>\n<\/tr>\n<tr>\n<td><strong>Th\u00e0nh ph\u1ea7n<\/strong><\/td>\n<td>100% d\u1ea7u h\u1ea1t m\u00f9 t\u1ea1t \u0111en<\/td>\n<\/tr>\n<tr>\n<td><strong>Kh\u1ed1i l\u01b0\u1ee3ng<\/strong><\/td>\n<td>500ml<\/td>\n<\/tr>\n<tr>\n<td><strong>Xu\u1ea5t x\u1ee9<\/strong><\/td>\n<td>\u1ea4n \u0110\u1ed9<\/td>\n<\/tr>\n<tr>\n<td><strong>H\u1ea1n s\u1eed d\u1ee5ng<\/strong><\/td>\n<td>24 th\u00e1ng k\u1ec3 t\u1eeb ng\u00e0y s\u1ea3n xu\u1ea5t\/24 months from manufacturing date<\/td>\n<\/tr>\n<tr>\n<td><strong>B\u1ea3o qu\u1ea3n<\/strong><\/td>\n<td>\u1ede n\u01a1i kh\u00f4 r\u00e1o tho\u00e1ng m\u00e1t<\/td>\n<\/tr>\n<tr>\n<td><strong>H\u00ecnh th\u1ee9c b\u00e1n<\/strong><\/td>\n<td>Cung c\u1ea5p S\u1ec8 v\u00e0 L\u1eba to\u00e0n qu\u1ed1c<\/td>\n<\/tr>\n<\/tbody>\n<\/table>\n<\/td>\n<td><\/td>\n<\/tr>\n<\/tbody>\n<\/table>\n<p><strong>H\u1ea1t m\u00f9 t\u1ea1t &#8211; Mustard Seeds<\/strong>\u00a0\u0111\u01b0\u1ee3c tr\u1ed3ng v\u00e0 nh\u1eadp kh\u1ea9u ch\u1ee7 y\u1ebfu t\u1eeb \u1ea4n \u0110\u1ed9. Hi\u1ec7n nay, c\u00f3 r\u1ea5t nhi\u1ec1u lo\u1ea1i m\u00f9 t\u1ea1t nh\u01b0 m\u00f9 t\u1ea1t n\u00e2u,\u00a0m\u00f9 t\u1ea1t v\u00e0ng, m\u00f9 t\u1ea1t xanh, m\u00f9 t\u1ea1t tr\u1eafng,\u00a0m\u00f9 t\u1ea1t \u0111en\u2026 M\u1ed7i lo\u1ea1i m\u00f9 t\u1ea1t l\u1ea1i c\u00f3 ngu\u1ed3n g\u1ed1c c\u0169ng nh\u01b0 c\u00e1ch c\u00e1ch s\u1eed d\u1ee5ng v\u1edbi c\u00e1c m\u00f3n \u0103n kh\u00e1c nhau nh\u1eb1m t\u00f4n th\u00eam \u0111\u1ed9 h\u1ea5p d\u1eabn c\u1ee7a ch\u00fang..<\/p>\n<p>D\u1ea7u m\u00f9 t\u1ea1t l\u00e0 lo\u1ea1i d\u1ea7u tinh khi\u1ebft \u0111\u01b0\u1ee3c \u00e9p tr\u1ef1c ti\u1ebfp t\u1eeb h\u1ea1t m\u00f9 t\u1ea1t t\u01b0\u01a1i. Kh\u00f4ng ch\u1ec9 c\u00f3 h\u01b0\u01a1ng v\u1ecb \u0111\u1ed9c \u0111\u00e1o h\u01a1n d\u1ea7u \u0103n b\u00ecnh th\u01b0\u1eddng m\u00e0 d\u1ea7u m\u00f9 t\u1ea1t c\u00f2n \u0111\u01b0\u1ee3c bi\u1ebft \u0111\u1ebfn v\u1edbi nhi\u1ec1u c\u00f4ng d\u1ee5ng t\u1ed1t cho s\u1ee9c kho\u1ebb.<\/p>\n<p><img fetchpriority=\"high\" decoding=\"async\" class=\"wp-image-32069 aligncenter\" src=\"https:\/\/havamall.vn\/wp-content\/uploads\/2025\/03\/1_maxresdefault-2-300x169.jpg\" alt=\"\" width=\"761\" height=\"429\" \/><\/p>\n<p>D\u1ea7u m\u00f9 t\u1ea1t Fortune Kachi Ghani, \u0111\u01b0\u1ee3c chi\u1ebft xu\u1ea5t theo c\u00e1ch truy\u1ec1n th\u1ed1ng t\u1eeb l\u1ea7n \u00e9p h\u1ea1t m\u00f9 t\u1ea1t \u0111\u1ea7u ti\u00ean, c\u00f3 \u0111\u1ed9 cay n\u1ed3ng cao v\u00e0 h\u01b0\u01a1ng th\u01a1m n\u1ed3ng n\u00e0n. L\u00e0 lo\u1ea1i d\u1ea7u nguy\u00ean ch\u1ea5t, d\u1ea7u m\u00f9 t\u1ea1t Fortune Kachi Ghani v\u1eabn gi\u1eef \u0111\u01b0\u1ee3c c\u00e1c \u0111\u1eb7c t\u00ednh t\u1ef1 nhi\u00ean v\u00e0 nh\u1eefng l\u1ee3i \u00edch c\u1ee7a d\u1ea7u m\u00f9 t\u1ea1t. H\u01b0\u01a1ng th\u01a1m m\u1ea1nh m\u1ebd v\u00e0 v\u1ecb cay n\u1ed3ng c\u1ee7a n\u00f3 l\u00e0m gia v\u1ecb cho m\u00f3n \u0103n c\u1ee7a b\u1ea1n.<\/p>\n<p><img decoding=\"async\" class=\"wp-image-32070 aligncenter\" src=\"https:\/\/havamall.vn\/wp-content\/uploads\/2025\/03\/Screen-Shot-2023-07-28-at-2.52.07-PM-300x158.png\" alt=\"\" width=\"767\" height=\"404\" \/><\/p>\n<h2><strong>Th\u00e0nh ph\u1ea7n dinh d\u01b0\u1ee1ng d\u1ea7u\u00a0m\u00f9 t\u1ea1t<\/strong><\/h2>\n<p>D\u1ea7u m\u00f9 t\u1ea1t r\u1ea5t gi\u00e0u m\u1ed9t s\u1ed1 kho\u00e1ng ch\u1ea5t nh\u01b0 \u0111\u1ed3ng, canxi, s\u1eaft, magi\u00ea, ph\u1ed1t pho, kali, natri, k\u1ebdm, mangan v\u00e0 selen. \u0110\u00e2y c\u0169ng l\u00e0 m\u1ed9t ngu\u1ed3n cung c\u1ea5p nhi\u1ec1u vitamin, bao g\u1ed3m vitamin C v\u00e0 K, thiamin, riboflavin, vitamin B6 v\u00e0 axit folic.<\/p>\n<p>Th\u00e0nh ph\u1ea7n dinh d\u01b0\u1ee1ng c\u00f3 trong 100gr h\u1ea1t m\u00f9 t\u1ea1t\u00a0nh\u01b0 sau:<\/p>\n<table border=\"1\" cellspacing=\"1\" cellpadding=\"10\" align=\"center\">\n<tbody>\n<tr>\n<td>Calories<\/td>\n<td>508<\/td>\n<\/tr>\n<tr>\n<td>Protein<\/td>\n<td>26g<\/td>\n<\/tr>\n<tr>\n<td>Ch\u1ea5t b\u00e9o<\/td>\n<td>36g<\/td>\n<\/tr>\n<tr>\n<td>Carb<\/td>\n<td>28g<\/td>\n<\/tr>\n<tr>\n<td>Cholesterol<\/td>\n<td>0mg<\/td>\n<\/tr>\n<tr>\n<td>Sodium<\/td>\n<td>13mg<\/td>\n<\/tr>\n<tr>\n<td>Potassium<\/td>\n<td>738mg<\/td>\n<\/tr>\n<tr>\n<td>Dietary fiber<\/td>\n<td>12g<\/td>\n<\/tr>\n<tr>\n<td>Sugar<\/td>\n<td>7g<\/td>\n<\/tr>\n<tr>\n<td>Niacin<\/td>\n<td>1.64mg<\/td>\n<\/tr>\n<\/tbody>\n<\/table>\n<h2><img decoding=\"async\" class=\"wp-image-32071 aligncenter\" src=\"https:\/\/havamall.vn\/wp-content\/uploads\/2025\/03\/masdefault-300x169.jpg\" alt=\"\" width=\"777\" height=\"438\" \/><\/h2>\n<h2><strong>C\u00f4ng d\u1ee5ng d\u1ea7u m\u00f9 t\u1ea1t<\/strong><\/h2>\n<div>\n<p>&gt; Gi\u1ea3m c\u00e2n<\/p>\n<p>&gt; Ng\u0103n ng\u1eeba v\u00e0 ch\u1eefa ung th\u01b0<\/p>\n<p>&gt; Gi\u1ea3m c\u00e1c c\u01a1n \u0111au hi\u1ec7u qu\u1ea3<\/p>\n<p>&gt; T\u0103ng c\u01b0\u1eddng h\u1ec7 mi\u1ec5n d\u1ecbch<\/p>\n<p>&gt; Ch\u1eefa t\u00e1o b\u00f3n<\/p>\n<p>&gt; \u0110\u1ea9y l\u00f9i qu\u00e1 tr\u00ecnh l\u00e3o h\u00f3a<\/p>\n<p>&gt; Gi\u1ea3m r\u1ee5ng t\u00f3c, k\u00edch th\u00edch m\u1ecdc t\u00f3c<\/p>\n<p>&gt; Gi\u1ea3m l\u01b0\u1ee3ng cholesterol<\/p>\n<p>&gt; \u0110i\u1ec1u tr\u1ecb t\u1eafc th\u1edf<\/p>\n<p>&gt; T\u0103ng c\u01b0\u1eddng h\u1ec7 th\u1ed1ng x\u01b0\u01a1ng, r\u0103ng v\u00e0 n\u01b0\u1edbu<\/p>\n<p>&gt; C\u1ea3i thi\u1ec7n s\u1ef1 trao \u0111\u1ed5i ch\u1ea5t<\/p>\n<\/div>\n<div>\n<p>&gt; Gi\u00fap ti\u00eau h\u00f3a th\u1ee9c \u0103n t\u1ed1t h\u01a1n<\/p>\n<p><img loading=\"lazy\" decoding=\"async\" class=\"wp-image-32072 aligncenter\" src=\"https:\/\/havamall.vn\/wp-content\/uploads\/2025\/03\/intro-1619902118-300x168.jpg\" alt=\"\" width=\"804\" height=\"450\" \/><\/p>\n<\/div>","protected":false},"excerpt":{"rendered":"<p>&nbsp; TH\u00d4NG TIN CHUNG T\u00ean s\u1ea3n ph\u1ea9m D\u1ea7u m\u00f9 t\u1ea1t \u1ea4n \u0110\u1ed9 Th\u00e0nh ph\u1ea7n 100% d\u1ea7u h\u1ea1t m\u00f9 t\u1ea1t \u0111en<\/p>","protected":false},"featured_media":32101,"comment_status":"open","ping_status":"closed","template":"","meta":[],"product_brand":[],"product_cat":[681,36],"product_tag":[],"class_list":{"0":"post-32100","1":"product","2":"type-product","3":"status-publish","4":"has-post-thumbnail","6":"product_cat-nhap-khau-an-do","7":"product_cat-thuc-pham-tieu-dung","9":"first","10":"instock","11":"sale","12":"shipping-taxable","13":"purchasable","14":"product-type-simple"},"_links":{"self":[{"href":"https:\/\/havamall.vn\/en\/wp-json\/wp\/v2\/product\/32100"}],"collection":[{"href":"https:\/\/havamall.vn\/en\/wp-json\/wp\/v2\/product"}],"about":[{"href":"https:\/\/havamall.vn\/en\/wp-json\/wp\/v2\/types\/product"}],"replies":[{"embeddable":true,"href":"https:\/\/havamall.vn\/en\/wp-json\/wp\/v2\/comments?post=32100"}],"version-history":[{"count":0,"href":"https:\/\/havamall.vn\/en\/wp-json\/wp\/v2\/product\/32100\/revisions"}],"wp:featuredmedia":[{"embeddable":true,"href":"https:\/\/havamall.vn\/en\/wp-json\/wp\/v2\/media\/32101"}],"wp:attachment":[{"href":"https:\/\/havamall.vn\/en\/wp-json\/wp\/v2\/media?parent=32100"}],"wp:term":[{"taxonomy":"product_brand","embeddable":true,"href":"https:\/\/havamall.vn\/en\/wp-json\/wp\/v2\/product_brand?post=32100"},{"taxonomy":"product_cat","embeddable":true,"href":"https:\/\/havamall.vn\/en\/wp-json\/wp\/v2\/product_cat?post=32100"},{"taxonomy":"product_tag","embeddable":true,"href":"https:\/\/havamall.vn\/en\/wp-json\/wp\/v2\/product_tag?post=32100"}],"curies":[{"name":"wp","href":"https:\/\/api.w.org\/{rel}","templated":true}]}}