{"id":32060,"date":"2023-07-28T13:35:44","date_gmt":"2023-07-28T06:35:44","guid":{"rendered":"https:\/\/havamall.vn\/?post_type=product&#038;p=32060"},"modified":"2025-07-28T17:46:03","modified_gmt":"2025-07-28T10:46:03","slug":"dau-hu-kho-an-do-nutrela-hop-220g-soya-chunks","status":"publish","type":"product","link":"https:\/\/havamall.vn\/en\/shop\/dau-hu-kho-an-do-nutrela-hop-220g-soya-chunks\/","title":{"rendered":"\u0110\u1eadu H\u1ee7 Kh\u00f4 \u1ea4n \u0110\u1ed9 Nutrela H\u1ed9p 220g &#8211; Soya Chunks (\u0102n Chay \u0110\u01b0\u1ee3c)"},"content":{"rendered":"<p>&nbsp;<\/p>\n<h2><strong>TH\u00d4NG TIN S\u1ea2N PH\u1ea8M<\/strong><\/h2>\n<table style=\"height: 342px;\" width=\"740\">\n<tbody>\n<tr>\n<td>Th\u01b0\u01a1ng hi\u1ec7u<\/td>\n<td>Nutrela<\/td>\n<\/tr>\n<tr>\n<td>Xu\u1ea5t x\u1ee9<\/td>\n<td>\u1ea4n \u0110\u1ed9<\/td>\n<\/tr>\n<tr>\n<td>H\u1ea1n s\u1eed d\u1ee5ng<\/td>\n<td>12 th\u00e1ng k\u1ec3 t\u1eeb ng\u00e0y s\u1ea3n xu\u1ea5t<\/td>\n<\/tr>\n<tr>\n<td>Kh\u1ed1i l\u01b0\u1ee3ng<\/td>\n<td>220g<\/td>\n<\/tr>\n<tr>\n<td>B\u1ea3o qu\u1ea3n<\/td>\n<td>B\u1ea3o qu\u1ea3n n\u01a1i t\u1ed1i v\u00e0 m\u00e1t, tr\u00e1nh \u00e1nh n\u1eafng tr\u1ef1c ti\u1ebfp<\/td>\n<\/tr>\n<tr>\n<td>L\u01b0u \u00fd<\/td>\n<td>Kh\u00f4ng s\u1eed d\u1ee5ng s\u1ea3n ph\u1ea9m khi d\u1ecb \u1ee9ng v\u1edbi c\u00e1c th\u00e0nh ph\u1ea7n c\u1ee7a s\u1ea3n ph\u1ea9m.<\/td>\n<\/tr>\n<\/tbody>\n<\/table>\n<p>N\u1ebfu b\u1ea1n \u0111ang \u0111au \u0111\u1ea7u khi m\u1ed7i ng\u00e0y \u0103n chay l\u1ea1i ph\u1ea3i suy ngh\u0129 \u201cH\u00f4m nay \u0103n g\u00ec?\u201d th\u00ec gi\u1edd \u0111\u00e2y c\u00e1c b\u1ea1n ho\u00e0n to\u00e0n c\u00f3 th\u1ec3 th\u01b0 gi\u00e3n. B\u1edfi Havamall s\u1ebd \u0111em \u0111\u1ebfn cho b\u1ea1n m\u1ed9t s\u1ea3n ph\u1ea9m thu\u1ea7n chay \u0111\u01b0\u1ee3c nh\u1eadp kh\u1ea9u tr\u1ef1c ti\u1ebfp t\u1eeb \u1ea4n \u0110\u1ed9. \u0110\u00f3 l\u00e0 \u0111\u1eadu h\u1ee7 kh\u00f4 Nutrela. S\u1ea3n ph\u1ea9m \u0111\u01b0\u1ee3c l\u00e0m t\u1eeb 100% \u0111\u1eadu n\u00e0nh t\u1ed1t cho s\u1ee9c kh\u1ecfe c\u1ee7a ng\u01b0\u1eddi ti\u00eau d\u00f9ng.<\/p>\n<p><img fetchpriority=\"high\" decoding=\"async\" class=\"wp-image-32062 aligncenter\" src=\"https:\/\/havamall.com\/wp-content\/uploads\/2025\/07\/260313345_4631756343553516_3601397614450148415_n-300x300.jpg\" alt=\"\" width=\"714\" height=\"714\" \/><\/p>\n<p>Nutrela Soya Chunks c\u1ef1c k\u1ef3 b\u1ed5 d\u01b0\u1ee1ng, t\u1ed1t cho s\u1ee9c kh\u1ecfe v\u00e0 l\u00e0 ngu\u1ed3n cung c\u1ea5p protein d\u1ed3i d\u00e0o cho ng\u01b0\u1eddi \u0103n chay v\u1edbi c\u00e1c kh\u1ed1i b\u1ed9t \u0111\u1eadu n\u00e0nh \u0111\u00e3 kh\u1eed ch\u1ea5t b\u00e9o. \u0110\u01b0\u1ee3c bi\u1ebft \u0111\u1ebfn nh\u01b0 m\u1ed9t s\u1ea3n ph\u1ea9m ph\u1ee5 c\u1ee7a d\u1ea7u \u0111\u1eadu n\u00e0nh. \u0110\u00e2y l\u00e0 s\u1ef1 thay th\u1ebf l\u00e0nh m\u1ea1nh cho c\u00e1c m\u00f3n th\u1ecbt. \u0110\u1eadu n\u00e0nh c\u00f3 th\u1ec3 \u0111\u01b0\u1ee3c th\u00eam v\u00e0o m\u00f3n salad, n\u01b0\u1edbc th\u1ecbt cho c\u01a1m v\u00e0 c\u00f3 th\u1ec3 t\u1ea1o th\u00e0nh m\u1ed9t b\u1eefa \u0103n b\u1ed5 d\u01b0\u1ee1ng l\u00e0nh m\u1ea1nh.<\/p>\n<p><img decoding=\"async\" class=\"wp-image-32063 aligncenter\" src=\"https:\/\/havamall.com\/wp-content\/uploads\/2025\/07\/50424907_2103999209662588_4108601174603595776_n-300x300.png\" alt=\"\" width=\"722\" height=\"722\" \/><\/p>\n<h2><strong>L\u1ee2I \u00cdCH C\u1ee6A \u0110\u1eacU N\u00c0NH<\/strong><\/h2>\n<ul>\n<li>T\u0103ng c\u01b0\u1eddng s\u1ee9c kh\u1ecfe cho tim<\/li>\n<\/ul>\n<p>C\u00f4ng d\u1ee5ng c\u1ee7a \u0111\u1eadu n\u00e0nh\u00a0\u0111\u1ea7u ti\u00ean ph\u1ea3i k\u1ec3 \u0111\u1ebfn \u0111\u00f3 l\u00e0 c\u00f3 th\u1ec3 gi\u00fap gi\u1ea3m m\u1ee9c cholesterol v\u00e0 c\u1ea3i thi\u1ec7n c\u00e1c y\u1ebfu t\u1ed1 nguy c\u01a1 kh\u00e1c cho b\u1ec7nh tim<\/p>\n<ul>\n<li>C\u00f3 th\u1ec3 h\u1ed7 tr\u1ee3 gi\u1ea3m c\u00e2n<\/li>\n<\/ul>\n<p>\u0110\u1eadu n\u00e0nh c\u00f3 th\u1ec3 h\u1ed7 tr\u1ee3 gi\u1ea3m c\u00e2n do h\u00e0m l\u01b0\u1ee3ng protein cao. S\u1eed d\u1ee5ng nhi\u1ec1u protein c\u00f3 th\u1ec3 t\u0103ng c\u01b0\u1eddng trao \u0111\u1ed5i ch\u1ea5t v\u00e0 t\u0103ng c\u1ea3m gi\u00e1c no, do \u0111\u00f3 s\u1ebd gi\u00fap h\u1ed7 tr\u1ee3 gi\u1ea3m c\u00e2n r\u1ea5t t\u1ed1t.<\/p>\n<p>Protein trong \u0111\u1eadu n\u00e0nh c\u00f3 th\u1ec3 ho\u1ea1t \u0111\u1ed9ng v\u1edbi ch\u1ea5t x\u01a1 \u0111\u1ed3ng th\u1eddi isoflavone c\u0169ng cung c\u1ea5p th\u00eam l\u1ee3i \u00edch cho qu\u00e1 tr\u00ecnh chuy\u1ec3n h\u00f3a ch\u1ea5t b\u00e9o v\u00e0 gi\u1ea3m c\u00e2n.<\/p>\n<p><img decoding=\"async\" class=\"wp-image-32064 aligncenter\" src=\"https:\/\/havamall.com\/wp-content\/uploads\/2025\/07\/328113896_1371485010288753_7982627153678626510_n-300x288.jpg\" alt=\"\" width=\"751\" height=\"721\" \/><\/p>\n<ul>\n<li>C\u00f3 th\u1ec3 t\u0103ng c\u01b0\u1eddng s\u1ee9c kho\u1ebb x\u01b0\u01a1ng<\/li>\n<\/ul>\n<p>Isoflavone trong h\u1ea1t \u0111\u1eadu n\u00e0nh c\u00f3 th\u1ec3 t\u0103ng c\u01b0\u1eddng s\u1ee9c m\u1ea1nh c\u1ee7a x\u01b0\u01a1ng v\u00e0 gi\u00fap ng\u0103n ng\u1eeba lo\u00e3ng x\u01b0\u01a1ng. \u0110\u00e2y l\u00e0 m\u1ed9t c\u0103n b\u1ec7nh \u0111\u1eb7c tr\u01b0ng b\u1edfi x\u01b0\u01a1ng m\u1ecfng v\u00e0 t\u0103ng nguy c\u01a1 g\u00e3y x\u01b0\u01a1ng.<\/p>\n<ul>\n<li>\u0110\u1eadu n\u00e0nh r\u1ea5t \u0111a n\u0103ng<\/li>\n<\/ul>\n<div class=\"rich-text\">\n<p>\u0110\u1eadu n\u00e0nh v\u00e0 b\u01a1 \u0111\u1eadu n\u00e0nh lu\u00f4n c\u00f3 s\u1eb5n \u1edf c\u00e1c c\u1eeda h\u00e0ng t\u1ea1p ho\u00e1. Ch\u00fang c\u0169ng r\u1ea5t d\u1ec5 d\u00e0ng s\u1eed d\u1ee5ng c\u00f9ng v\u1edbi c\u00e1c b\u1eefa \u0103n v\u00e0 \u0111\u1ed3 \u0103n nh\u1eb9 bao g\u1ed3m: x\u00e0 l\u00e1ch, h\u1ed7n h\u1ee3p \u0111\u01b0\u1eddng, s\u1eefa chua, c\u00e1c m\u00f3n x\u00e0o, c\u00e1c m\u00f3n m\u00ec \u1ed1ng. Ch\u00fang c\u00f3 nhi\u1ec1u h\u01b0\u01a1ng v\u1ecb kh\u00e1c nhau nh\u01b0 \u01b0\u1edbp mu\u1ed1i, kh\u00f4ng \u01b0\u1edbp mu\u1ed1i v\u00e0 b\u1ed5 sung gia v\u1ecb. H\u01a1n n\u1eefa, h\u1ea1t \u0111\u1eadu n\u00e0nh l\u00e0 s\u1ef1 l\u1ef1a ch\u1ecdn ph\u00f9 h\u1ee3p cho nh\u1eefng ng\u01b0\u1eddi b\u1ecb d\u1ecb \u1ee9ng \u0111\u1eadu ph\u1ed9ng.<\/p>\n<p><img loading=\"lazy\" decoding=\"async\" class=\"wp-image-32065 aligncenter\" src=\"https:\/\/havamall.com\/wp-content\/uploads\/2025\/07\/23844722_1574088075987040_244689881784963340_n-300x300.png\" alt=\"\" width=\"751\" height=\"751\" \/><\/p>\n<h2><strong>H\u01af\u1edaNG D\u1eaaN S\u1eec D\u1ee4NG<\/strong><\/h2>\n<\/div>\n<p>Havamall s\u1ebd g\u1ee3i \u00fd cho b\u1ea1n c\u00e1ch ch\u1ebf bi\u1ebfn \u0111\u1eadu n\u00e0nh \u0111\u1ea7y \u0111\u1ee7 dinh d\u01b0\u1ee1ng cho c\u1ea3 nh\u00e0 m\u00e0 kh\u00f4ng m\u1ea5t qu\u00e1 nhi\u1ec1u th\u1eddi gian.<\/p>\n<p>B\u01b0\u1edbc 1: \u0110\u1ed5 kho\u1ea3ng 100g \u0111\u1eadu n\u00e0nh v\u00e0o b\u00e1t v\u1edbi kho\u1ea3ng 6 mu\u1ed7ng n\u01b0\u1edbc canh t\u01b0\u01a1ng c\u00f9ng v\u1edbi 250ml n\u01b0\u1edbc s\u00f4i v\u00e0 ng\u00e2m trong kho\u1ea3ng 5 ph\u00fat.<\/p>\n<p>B\u01b0\u1edbc 2: Sau khi ng\u00e2m m\u1ec1m, b\u1ea1n h\u00e3y d\u00f9ng bao tay v\u1edbt ra, v\u1eaft kh\u00f4 v\u00e0 cho \u0111\u1eadu n\u00e0nh v\u00e0o r\u1ed5 \u0111\u1ec3 r\u00e1o th\u00eam v\u00e0i ph\u00fat. L\u00fac n\u00e0y mi\u1ebfng th\u1ecbt chay \u0111\u00e3 ho\u00e0n to\u00e0n gi\u1ed1ng nh\u01b0 mi\u1ebfng th\u1ecbt \u0111\u1ed9ng v\u1eadt, b\u1ea1n c\u00f3 th\u1ec3 pha ch\u1ebf \u0111\u1ed3 \u01b0\u1edbp, tr\u1ed9n v\u1edbi th\u1ecbt \u0111\u00e3 r\u00e1o n\u01b0\u1edbc, \u0111\u1ec3 10-15 ph\u00fat cho ng\u1ea5m gia v\u1ecb v\u00e0 ch\u1ebf bi\u1ebfn c\u00e1c m\u00f3n m\u00ecnh th\u00edch: x\u00e0o, l\u00e0m g\u1ecfi, kho ti\u00eau, rang ch\u00e1y c\u1ea1nh, b\u1ecdc b\u1ed9t chi\u00ean hay d\u00f9ng \u0111\u1ec3 \u0103n l\u1ea9u \u0111\u1ec1u \u0111\u01b0\u1ee3c.<\/p>","protected":false},"excerpt":{"rendered":"<p>&nbsp; TH\u00d4NG TIN S\u1ea2N PH\u1ea8M Th\u01b0\u01a1ng hi\u1ec7u Nutrela Xu\u1ea5t x\u1ee9 \u1ea4n \u0110\u1ed9 H\u1ea1n s\u1eed d\u1ee5ng 12 th\u00e1ng k\u1ec3 t\u1eeb ng\u00e0y<\/p>","protected":false},"featured_media":32074,"comment_status":"open","ping_status":"closed","template":"","meta":[],"product_brand":[],"product_cat":[681,256,496,36],"product_tag":[],"class_list":{"0":"post-32060","1":"product","2":"type-product","3":"status-publish","4":"has-post-thumbnail","6":"product_cat-nhap-khau-an-do","7":"product_cat-thuc-pham-huu-co","8":"product_cat-thuc-pham-thuan-chay","9":"product_cat-thuc-pham-tieu-dung","11":"first","12":"instock","13":"sale","14":"shipping-taxable","15":"purchasable","16":"product-type-simple"},"_links":{"self":[{"href":"https:\/\/havamall.vn\/en\/wp-json\/wp\/v2\/product\/32060"}],"collection":[{"href":"https:\/\/havamall.vn\/en\/wp-json\/wp\/v2\/product"}],"about":[{"href":"https:\/\/havamall.vn\/en\/wp-json\/wp\/v2\/types\/product"}],"replies":[{"embeddable":true,"href":"https:\/\/havamall.vn\/en\/wp-json\/wp\/v2\/comments?post=32060"}],"version-history":[{"count":0,"href":"https:\/\/havamall.vn\/en\/wp-json\/wp\/v2\/product\/32060\/revisions"}],"wp:featuredmedia":[{"embeddable":true,"href":"https:\/\/havamall.vn\/en\/wp-json\/wp\/v2\/media\/32074"}],"wp:attachment":[{"href":"https:\/\/havamall.vn\/en\/wp-json\/wp\/v2\/media?parent=32060"}],"wp:term":[{"taxonomy":"product_brand","embeddable":true,"href":"https:\/\/havamall.vn\/en\/wp-json\/wp\/v2\/product_brand?post=32060"},{"taxonomy":"product_cat","embeddable":true,"href":"https:\/\/havamall.vn\/en\/wp-json\/wp\/v2\/product_cat?post=32060"},{"taxonomy":"product_tag","embeddable":true,"href":"https:\/\/havamall.vn\/en\/wp-json\/wp\/v2\/product_tag?post=32060"}],"curies":[{"name":"wp","href":"https:\/\/api.w.org\/{rel}","templated":true}]}}