{"id":32039,"date":"2023-07-25T16:17:43","date_gmt":"2023-07-25T09:17:43","guid":{"rendered":"https:\/\/havamall.vn\/?post_type=product&#038;p=32039"},"modified":"2026-04-10T10:22:02","modified_gmt":"2026-04-10T03:22:02","slug":"gao-basmati-dac-biet-gulmehak-royal-tot-cho-nguoi-an-kieng-1kg-gulmehak-royal-special-basmati-rice","status":"publish","type":"product","link":"https:\/\/havamall.vn\/en\/shop\/gao-basmati-dac-biet-gulmehak-royal-tot-cho-nguoi-an-kieng-1kg-gulmehak-royal-special-basmati-rice\/","title":{"rendered":"G\u1ea1o Basmati \u0110\u1eb7c Bi\u1ec7t Gulmehak Royal T\u1ed1t Cho Ng\u01b0\u1eddi \u0102n Ki\u00eang 1kg &#8211; Gulmehak Royal Special Basmati Rice"},"content":{"rendered":"<div class=\"entry-title xxx-saw\">\n<h2><strong>G\u1ea1o Basmati \u1ea4n \u0110\u1ed9<\/strong><\/h2>\n<table border=\"1\" cellspacing=\"0\" cellpadding=\"0\">\n<tbody>\n<tr>\n<td><strong>T\u00ean s\u1ea3n ph\u1ea9m<\/strong><\/td>\n<td>G\u1ea1o Basmati<\/td>\n<\/tr>\n<tr>\n<td><strong>Th\u00e0nh ph\u1ea7n<\/strong><\/td>\n<td>100% gao basmati<\/td>\n<\/tr>\n<tr>\n<td><strong>Kh\u1ed1i l\u01b0\u1ee3ng<\/strong><\/td>\n<td>1kg<\/td>\n<\/tr>\n<tr>\n<td><strong>Xu\u1ea5t x\u1ee9<\/strong><\/td>\n<td>\u1ea4n \u0110\u1ed9<\/td>\n<\/tr>\n<tr>\n<td><strong>H\u1ea1n s\u1eed d\u1ee5ng<\/strong><\/td>\n<td>24 th\u00e1ng k\u1ec3 t\u1eeb ng\u00e0y s\u1ea3n xu\u1ea5t<\/td>\n<\/tr>\n<tr>\n<td><strong>B\u1ea3o qu\u1ea3n<\/strong><\/td>\n<td>\u1ede n\u01a1i kh\u00f4 r\u00e1o tho\u00e1ng m\u00e1t<\/td>\n<\/tr>\n<tr>\n<td><strong>H\u00ecnh th\u1ee9c b\u00e1n<\/strong><\/td>\n<td>Cung c\u1ea5p S\u1ec8 v\u00e0 L\u1eba to\u00e0n qu\u1ed1c<\/td>\n<\/tr>\n<\/tbody>\n<\/table>\n<p>T\u1eeb \u201cbasmati\u201d th\u1ef1c s\u1ef1 xu\u1ea5t ph\u00e1t t\u1eeb nh\u1eefng t\u1eeb Hindu l\u00e0 \u201cbas\u201d v\u00e0 \u201cmati\u201d, c\u00f3 ngh\u0129a l\u00e0 \u201cth\u01a1m\u201d. Lo\u1ea1i g\u1ea1o n\u00e0y \u0111\u1eb7c bi\u1ec7t kh\u00e1c v\u1edbi lo\u1ea1i g\u1ea1o kh\u00e1c, v\u00ec n\u00f3 ch\u1ee9a c\u1ea3 vitamin v\u00e0 kho\u00e1ng ch\u1ea5t, ch\u1ea5t x\u01a1, carbs, protein, c\u00f3 \u00edt ch\u1ea5t b\u00e9o h\u01a1n h\u1ea7u h\u1ebft g\u1ea1o, v\u00e0 v\u00ec v\u1eady t\u1ed1t cho s\u1ee9c kh\u1ecfe h\u01a1n.<\/p>\n<p>Ngo\u00e0i nh\u1eefng h\u1ee3p ch\u1ea5t ch\u00ednh l\u00e0m cho g\u1ea1o basmati t\u1ed1t h\u01a1n so v\u1edbi c\u00e1c gi\u1ed1ng l\u00faa kh\u00e1c, c\u00f3 nhi\u1ec1u ch\u1ea5t dinh d\u01b0\u1ee1ng kh\u00e1c \u0111em l\u1ea1i l\u1ee3i \u00edch tuy\u1ec7t v\u1eddi cho g\u1ea1o basmati, v\u00e0 bi\u1ebfn n\u00f3 th\u00e0nh th\u1ee9c \u0103n cho nh\u1eefng ng\u01b0\u1eddi \u0103n ki\u00eang ho\u1eb7c nh\u1eefng ng\u01b0\u1eddi c\u00f3 v\u1ea5n \u0111\u1ec1 v\u1ec1 s\u1ee9c kh\u1ecfe.<\/p>\n<p><img fetchpriority=\"high\" decoding=\"async\" class=\"aligncenter size-full wp-image-45755\" src=\"https:\/\/havamall.com\/wp-content\/uploads\/2023\/07\/sdfgfd.png\" alt=\"\" width=\"800\" height=\"800\" \/><\/p>\n<\/div>\n<div class=\"entry-content notopmargin\">\n<div class=\"article-pages article-body\">\n<div id=\"ega-uti-editable-content\" class=\"unreset content_article rte clearfix\">\n<p>G\u1ea1o Basmati l\u00e0 lo\u1ea1i n\u1ed5i ti\u1ebfng v\u00e0 \u0111\u01b0\u1ee3c d\u00f9ng ch\u1ee7 y\u1ebfu \u1edf \u1ea4n \u0110\u1ed9. Ngo\u00e0i ch\u1ea5t l\u01b0\u1ee3ng g\u1ea1o ngon, th\u01a1m, v\u1edbi h\u00e0m l\u01b0\u1ee3ng ch\u1ea5t dinh d\u01b0\u1ee1ng cao. G\u1ea1o Basmati c\u00f2n \u0111\u01b0\u1ee3c ng\u01b0\u1eddi \u1ea4n tin d\u00f9ng v\u00ec n\u00f3 c\u1ef1c k\u1ef3 t\u1ed1t v\u1edbi b\u1ec7nh nh\u00e2n ti\u1ec3u \u0111\u01b0\u1eddng, gi\u00fap s\u1ee9c kh\u1ecfe c\u1ee7a ng\u01b0\u1eddi b\u1ecb b\u1ec7nh ti\u1ec3u \u0111\u01b0\u1eddng \u1ed5n \u0111\u1ecbnh h\u01a1n.<\/p>\n<p>Kh\u00e1c v\u1edbi nh\u1eefng lo\u1ea1i g\u1ea1o th\u00f4ng th\u01b0\u1eddng,\u00a0g\u1ea1o Basmati l\u00e0 lo\u1ea1i g\u1ea1o c\u00f3 h\u1ea1t d\u00e0i, m\u1ea3nh, th\u01a1m v\u00e0 sau khi n\u1ea5u th\u00e0nh c\u01a1m n\u00f3 kh\u00f4ng d\u00ednh. Theo B\u1ed9 N\u00f4ng nghi\u1ec7p M\u1ef9 (USDA) th\u00ec g\u1ea1o \u1ea4n \u0110\u1ed9 n\u00e0y c\u00f3 hai lo\u1ea1i tr\u1eafng v\u00e0 n\u00e2u. S\u1ef1 kh\u00e1c bi\u1ec7t v\u1ec1 h\u01b0\u01a1ng v\u1ecb, h\u00ecnh d\u1ea1ng \u0111\u00e3 t\u1ea1o n\u00ean n\u00e9t \u0111\u1eb7c tr\u01b0ng, d\u1ec5 g\u00e2y nghi\u1ec7n cho ng\u01b0\u1eddi th\u01b0\u1edfng th\u1ee9c.<\/p>\n<p><img decoding=\"async\" class=\"aligncenter wp-image-45757\" src=\"https:\/\/havamall.com\/wp-content\/uploads\/2023\/07\/5a41388a-befc-40b9-aac7-b76c4ae6ac84.jpg\" alt=\"\" width=\"800\" height=\"1025\" \/><\/p>\n<\/div>\n<div id=\"ega-uti-editable-content\" class=\"unreset content_article rte clearfix\">\n<p>C\u00e1c lo\u1ea1i g\u1ea1o th\u00f4ng th\u01b0\u1eddng c\u00f3 ch\u1ec9 s\u1ed1 GI r\u1ea5t cao t\u1eeb 85 &#8211; 87. Ch\u1ec9 s\u1ed1 \u0111\u01b0\u1eddng huy\u1ebft n\u00e0y \u1edf m\u1ee9c cao, v\u00e0 c\u00e1c b\u00e1c s\u0129 chuy\u00ean khoa c\u1ea3nh b\u00e1o kh\u00f4ng n\u00ean s\u1eed d\u1ee5ng s\u1ea3n ph\u1ea9m c\u00f3 ch\u1ec9 s\u1ed1 \u0111\u01b0\u1eddng huy\u1ebft tr\u00ean 60. n\u1ebfu s\u1eed d\u1ee5ng g\u1ea1o th\u00f4ng th\u01b0\u1eddng th\u01b0\u1eddng xuy\u00ean, kh\u00f4ng \u0103n ki\u00eang lo\u1ea1i g\u1ea1o n\u00e0y s\u1ebd d\u1eabn t\u1edbi t\u00ednh tr\u1ea1ng \u0111\u01b0\u1eddng huy\u1ebft l\u00ean v\u00e0 d\u1eabn t\u1edbi c\u00e1c tri\u1ec7u ch\u1ee9ng c\u1ee7a b\u1ec7nh ti\u1ec3u \u0111\u01b0\u1eddng nh\u01b0: m\u1ec7t m\u1ecfi, h\u00f4n m\u00ea, \u0111\u1ed9t qu\u1ef5&#8230; V\u00ec th\u1ebf c\u00e1c b\u1ec7nh nh\u00e2n b\u1ecb b\u1ec7nh ti\u1ec3u \u0111\u01b0\u1eddng th\u01b0\u1eddng \u0111\u01b0\u1ee3c b\u00e1c s\u0129 khuy\u00ean h\u1ea1n ch\u1ebf \u0103n c\u01a1m, gi\u1ea3m l\u01b0\u1ee3ng tinh b\u1ed9t \u0111\u1ec3 gi\u1eef l\u01b0\u1ee3ng \u0111\u01b0\u1eddng huy\u1ebft \u1ed5n \u0111\u1ecbnh.<\/p>\n<p><img decoding=\"async\" class=\"aligncenter wp-image-32042\" src=\"https:\/\/havamall.com\/wp-content\/uploads\/2023\/07\/3759e7477e53ad0df442.jpeg\" alt=\"\" width=\"800\" height=\"800\" srcset=\"https:\/\/havamall.vn\/wp-content\/uploads\/2023\/07\/3759e7477e53ad0df442.jpeg 1080w, https:\/\/havamall.vn\/wp-content\/uploads\/2023\/07\/3759e7477e53ad0df442-430x430.jpeg 430w, https:\/\/havamall.vn\/wp-content\/uploads\/2023\/07\/3759e7477e53ad0df442-150x150.jpeg 150w, https:\/\/havamall.vn\/wp-content\/uploads\/2023\/07\/3759e7477e53ad0df442-700x700.jpeg 700w, https:\/\/havamall.vn\/wp-content\/uploads\/2023\/07\/3759e7477e53ad0df442-300x300.jpeg 300w, https:\/\/havamall.vn\/wp-content\/uploads\/2023\/07\/3759e7477e53ad0df442-768x768.jpeg 768w, https:\/\/havamall.vn\/wp-content\/uploads\/2023\/07\/3759e7477e53ad0df442-1024x1024.jpeg 1024w, https:\/\/havamall.vn\/wp-content\/uploads\/2023\/07\/3759e7477e53ad0df442-600x600.jpeg 600w, https:\/\/havamall.vn\/wp-content\/uploads\/2023\/07\/3759e7477e53ad0df442-100x100.jpeg 100w\" sizes=\"(max-width: 800px) 100vw, 800px\" \/><\/p>\n<h2 id=\"subqmenu2\"><strong>\u0110\u1eb7c \u0111i\u1ec3m c\u1ee7a g\u1ea1o basmati<\/strong><\/h2>\n<p>&gt; V\u1edbi l\u01b0\u1ee3ng\u00a02-acetyl-1-pyrroline\u00a0cao g\u1ea5p 12 l\u1ea7n so v\u1edbi c\u00e1c lo\u1ea1i g\u1ea1o kh\u00e1c, g\u1ea1o basmati c\u00f3 h\u01b0\u01a1ng th\u01a1m \u0111\u1eb7c tr\u01b0ng c\u1ee7a l\u00e1 d\u1ee9a, t\u1ea1o c\u1ea3m gi\u00e1c l\u1ea1 mi\u1ec7ng cho ng\u01b0\u1eddi d\u00f9ng. Ngo\u00e0i l\u00e0 th\u00e0nh ph\u1ea7n t\u1ef1 nhi\u00ean c\u1ee7a g\u1ea1o basmati, h\u1ee3p ch\u1ea5t n\u00e0y c\u00f2n \u0111\u01b0\u1ee3c \u0111i\u1ec1u ch\u1ebf v\u00e0 \u0111\u00e3 \u0111\u01b0\u1ee3c Hoa K\u1ef3 v\u00e0 Ch\u00e2u \u00c2u ch\u1ea5p thu\u1eadn trong vi\u1ec7c d\u00f9ng l\u00e0m h\u01b0\u01a1ng li\u1ec7u cho c\u00e1c lo\u1ea1i th\u1ef1c ph\u1ea9m nh\u01b0 b\u00e1nh m\u00ec.<\/p>\n<p>&gt; Kh\u00e1c v\u1edbi g\u1ea1o tr\u1eafng c\u00f3\u00a0ch\u1ec9 s\u1ed1 \u0111\u01b0\u1eddng huy\u1ebft (GI)\u00a0l\u00e0 89, c\u1ea3 g\u1ea1o basmati tr\u1eafng v\u00e0 g\u1ea1o basmati n\u00e2u c\u00f3 ch\u1ec9 s\u1ed1 GI v\u00e0o kho\u1ea3ng 45 &#8211; 69, \u0111\u1eb7c bi\u1ec7t ph\u00f9 h\u1ee3p cho nh\u1eefng b\u1ec7nh nh\u00e2n \u0111ang trong qu\u00e1 tr\u00ecnh \u0111i\u1ec1u tr\u1ecb ti\u1ec3u \u0111\u01b0\u1eddng.\u00a0\u00a0<img loading=\"lazy\" decoding=\"async\" class=\"aligncenter wp-image-32044\" src=\"https:\/\/havamall.com\/wp-content\/uploads\/2023\/07\/323904631_1854669334875049_6212006666932032059_n.jpeg\" alt=\"\" width=\"801\" height=\"949\" srcset=\"https:\/\/havamall.vn\/wp-content\/uploads\/2023\/07\/323904631_1854669334875049_6212006666932032059_n.jpeg 1536w, https:\/\/havamall.vn\/wp-content\/uploads\/2023\/07\/323904631_1854669334875049_6212006666932032059_n-430x509.jpeg 430w, https:\/\/havamall.vn\/wp-content\/uploads\/2023\/07\/323904631_1854669334875049_6212006666932032059_n-150x178.jpeg 150w, https:\/\/havamall.vn\/wp-content\/uploads\/2023\/07\/323904631_1854669334875049_6212006666932032059_n-700x829.jpeg 700w, https:\/\/havamall.vn\/wp-content\/uploads\/2023\/07\/323904631_1854669334875049_6212006666932032059_n-253x300.jpeg 253w, https:\/\/havamall.vn\/wp-content\/uploads\/2023\/07\/323904631_1854669334875049_6212006666932032059_n-768x910.jpeg 768w, https:\/\/havamall.vn\/wp-content\/uploads\/2023\/07\/323904631_1854669334875049_6212006666932032059_n-865x1024.jpeg 865w, https:\/\/havamall.vn\/wp-content\/uploads\/2023\/07\/323904631_1854669334875049_6212006666932032059_n-1200x1421.jpeg 1200w, https:\/\/havamall.vn\/wp-content\/uploads\/2023\/07\/323904631_1854669334875049_6212006666932032059_n-600x711.jpeg 600w\" sizes=\"(max-width: 801px) 100vw, 801px\" \/><\/p>\n<h2><strong>Gi\u00e1 tr\u1ecb dinh d\u01b0\u1ee1ng c\u1ee7a g\u1ea1o Basmati<\/strong><\/h2>\n<div class=\"rich-text\">\n<p>T\u00f9y thu\u1ed9c v\u00e0o lo\u1ea1i g\u1ea1o Basmati c\u1ee5 th\u1ec3, h\u00e0m l\u01b0\u1ee3ng c\u00e1c ch\u1ea5t dinh d\u01b0\u1ee1ng c\u00f3 th\u1ec3 kh\u00e1c nhau. Tuy nhi\u00ean, m\u1ed7i kh\u1ea9u ph\u1ea7n c\u1ee7a lo\u1ea1i<b>\u00a0g\u1ea1o \u1ea4n \u0110\u1ed9<\/b>\u00a0n\u00e0y th\u01b0\u1eddng ch\u1ee9a nhi\u1ec1u carbs v\u00e0 calo, c\u00e1c vi ch\u1ea5t dinh d\u01b0\u1ee1ng nh\u01b0 selen,\u00a0<b class=\"link-in-body\">folate<\/b>\u00a0v\u00e0\u00a0<b class=\"link-in-body\">thiamine<\/b>.<\/p>\n<p>Trong 163g g\u1ea1o tr\u1eafng Basmati \u0111\u00e3 n\u1ea5u ch\u00edn c\u00f3 ch\u1ee9a:<\/p>\n<p>&#8211; L\u01b0\u1ee3ng calo: 210;<\/p>\n<p><b class=\"link-in-body\">&#8211; Carbs<\/b>: 45,6g;<\/p>\n<p>&#8211; Ch\u1ea5t \u0111\u1ea1m: 4,4g;<\/p>\n<p>&#8211; Ch\u1ea5t b\u00e9o: 0,5g;<\/p>\n<p>&#8211; Ch\u1ea5t x\u01a1: 0,7g;<\/p>\n<p>&#8211; Natri: 399mg;<\/p>\n<p>&#8211; Folate: 24% gi\u00e1 tr\u1ecb dinh d\u01b0\u1ee1ng h\u1eb1ng ng\u00e0y;<\/p>\n<p>&#8211; Selen: 22% gi\u00e1 tr\u1ecb dinh d\u01b0\u1ee1ng h\u1eb1ng ng\u00e0y;<\/p>\n<p>&#8211; Thiamin: 22% gi\u00e1 tr\u1ecb dinh d\u01b0\u1ee1ng h\u1eb1ng ng\u00e0y;<\/p>\n<p>&#8211; Niacin: 15% gi\u00e1 tr\u1ecb dinh d\u01b0\u1ee1ng h\u1eb1ng ng\u00e0y;<\/p>\n<p>&#8211; S\u1eaft: 11% gi\u00e1 tr\u1ecb dinh d\u01b0\u1ee1ng h\u1eb1ng ng\u00e0y;<\/p>\n<p>&#8211; \u0110\u1ed3ng: 12% gi\u00e1 tr\u1ecb dinh d\u01b0\u1ee1ng h\u1eb1ng ng\u00e0y;<\/p>\n<p>&#8211; Vitamin B6: 9% gi\u00e1 tr\u1ecb dinh d\u01b0\u1ee1ng h\u1eb1ng ng\u00e0y;<\/p>\n<p>&#8211; K\u1ebdm: 7% gi\u00e1 tr\u1ecb dinh d\u01b0\u1ee1ng h\u1eb1ng ng\u00e0y;<\/p>\n<p>&#8211; Photpho: 6% gi\u00e1 tr\u1ecb dinh d\u01b0\u1ee1ng h\u1eb1ng ng\u00e0y;<\/p>\n<p>&#8211; Magie: 5% gi\u00e1 tr\u1ecb dinh d\u01b0\u1ee1ng h\u1eb1ng ng\u00e0y.<\/p>\n<\/div>\n<h2><img loading=\"lazy\" decoding=\"async\" class=\"aligncenter wp-image-32045\" src=\"https:\/\/havamall.com\/wp-content\/uploads\/2023\/07\/298055460_5649846981761792_5445763194928462058_n-copy.png\" alt=\"\" width=\"801\" height=\"647\" srcset=\"https:\/\/havamall.vn\/wp-content\/uploads\/2023\/07\/298055460_5649846981761792_5445763194928462058_n-copy.png 1280w, https:\/\/havamall.vn\/wp-content\/uploads\/2023\/07\/298055460_5649846981761792_5445763194928462058_n-copy-430x347.png 430w, https:\/\/havamall.vn\/wp-content\/uploads\/2023\/07\/298055460_5649846981761792_5445763194928462058_n-copy-150x121.png 150w, https:\/\/havamall.vn\/wp-content\/uploads\/2023\/07\/298055460_5649846981761792_5445763194928462058_n-copy-700x565.png 700w, https:\/\/havamall.vn\/wp-content\/uploads\/2023\/07\/298055460_5649846981761792_5445763194928462058_n-copy-300x242.png 300w, https:\/\/havamall.vn\/wp-content\/uploads\/2023\/07\/298055460_5649846981761792_5445763194928462058_n-copy-768x620.png 768w, https:\/\/havamall.vn\/wp-content\/uploads\/2023\/07\/298055460_5649846981761792_5445763194928462058_n-copy-1024x827.png 1024w, https:\/\/havamall.vn\/wp-content\/uploads\/2023\/07\/298055460_5649846981761792_5445763194928462058_n-copy-1200x969.png 1200w, https:\/\/havamall.vn\/wp-content\/uploads\/2023\/07\/298055460_5649846981761792_5445763194928462058_n-copy-600x485.png 600w\" sizes=\"(max-width: 801px) 100vw, 801px\" \/><\/h2>\n<h2 id=\"qmenu2\"><strong>\u0102n g\u1ea1o basmati c\u00f3 l\u1ee3i g\u00ec?<\/strong><\/h2>\n<h5 id=\"subqmenu3\"><em><strong>Ch\u1ee9a \u00edt carbohydrate<\/strong><\/em><\/h5>\n<p>Khi \u0103n g\u1ea1o basmati l\u1ea7n \u0111\u1ea7u, s\u1ebd c\u00f3 nhi\u1ec1u ng\u01b0\u1eddi kh\u00f4ng quen b\u1edfi h\u1ea1t g\u1ea1o khi n\u1ea5u th\u00e0nh c\u01a1m s\u1ebd kh\u00f4ng c\u00f3 \u0111\u1ed9 d\u1ebbo v\u00e0 d\u00ednh nh\u01b0 g\u1ea1o tr\u1eafng th\u00f4ng th\u01b0\u1eddng. Nh\u01b0ng b\u1ea1n c\u00f3 bi\u1ebft r\u1eb1ng, do l\u01b0\u1ee3ng\u00a0carbohydrate\u00a0trong g\u1ea1o kh\u00f4ng cao khi\u1ebfn cho ch\u00fang kh\u00f4ng c\u00f3 \u0111\u1ed9 k\u1ebft d\u00ednh. Tuy nhi\u00ean, \u0111i\u1ec1u n\u00e0y s\u1ebd c\u00f3 l\u1ee3i cho \u0111\u01b0\u1eddng huy\u1ebft trong c\u01a1 th\u1ec3, gi\u1eef cho l\u01b0\u1ee3ng \u0111\u01b0\u1eddng kh\u00f4ng b\u1ecb t\u0103ng cao gi\u00fap ng\u01b0\u1eddi d\u00f9ng kho\u1ebb m\u1ea1nh h\u01a1n.<\/p>\n<h5 id=\"subqmenu4\"><em><strong>Kh\u00f4ng ch\u1ee9a cholesterol<\/strong><\/em><\/h5>\n<p>Trong g\u1ea1o basmati ho\u00e0n to\u00e0n kh\u00f4ng ch\u1ee9a\u00a0cholesterol\u00a0&#8211; m\u1ed9t trong nh\u1eefng t\u00e1c nh\u00e2n g\u00e2y n\u00ean c\u00e1c b\u1ec7nh v\u1ec1 tim m\u1ea1ch. \u0110i\u1ec1u n\u00e0y s\u1ebd gi\u00fap ng\u01b0\u1eddi d\u00f9ng h\u1ea1n ch\u1ebf \u0111\u01b0\u1ee3c l\u01b0\u1ee3ng cholesterol \u0111\u01b0a v\u00e0o c\u01a1 th\u1ec3 v\u00e0 ph\u00f2ng ng\u1eeba \u0111\u01b0\u1ee3c c\u00e1c v\u1ea5n \u0111\u1ec1 b\u1ec7nh l\u00fd sau n\u00e0y. Ngo\u00e0i ra, g\u1ea1o basmati c\u0169ng ph\u00f9 h\u1ee3p cho nh\u1eefng b\u1ec7nh nh\u00e2n m\u1eafc b\u1ec7nh th\u1eadn b\u1edfi l\u01b0\u1ee3ng\u00a0ph\u1ed1t pho\u00a0v\u00e0\u00a0kali\u00a0th\u1ea5p.<\/p>\n<h5 id=\"subqmenu5\"><strong><em>C\u00f3 ch\u1ec9 s\u1ed1 \u0111\u01b0\u1eddng huy\u1ebft th\u1ea5p<\/em><\/strong><\/h5>\n<p>N\u1ebfu b\u1ea1n \u0111ang lo l\u1eafng v\u1ec1 c\u00e2n n\u1eb7ng ho\u1eb7c c\u0103n b\u1ec7nh ti\u1ec3u \u0111\u01b0\u1eddng, h\u00e3y d\u00f9ng th\u1eed g\u1ea1o basmati b\u1edfi l\u01b0\u1ee3ng \u0111\u01b0\u1eddng huy\u1ebft th\u1ea5p tuy\u1ec7t v\u1eddi. Ch\u1ec9 v\u1edbi ch\u1ec9 s\u1ed1 t\u1eeb 45 &#8211; 69, b\u1ea1n c\u00f3 th\u1ec3 tho\u1ea3i m\u00e1i ng\u0103n ch\u1eb7n c\u01a1n &#8220;th\u00e8m c\u01a1m&#8221; m\u00e0 ch\u1eb3ng ph\u1ea3i lo t\u0103ng c\u00e2n hay l\u01b0\u1ee3ng \u0111\u01b0\u1eddng trong m\u00e1u t\u0103ng cao.\u00a0<img loading=\"lazy\" decoding=\"async\" class=\"aligncenter wp-image-32046\" src=\"https:\/\/havamall.com\/wp-content\/uploads\/2023\/07\/284513373_561549618871536_3103894322839820392_n.jpeg\" alt=\"\" width=\"802\" height=\"451\" srcset=\"https:\/\/havamall.vn\/wp-content\/uploads\/2023\/07\/284513373_561549618871536_3103894322839820392_n.jpeg 2048w, https:\/\/havamall.vn\/wp-content\/uploads\/2023\/07\/284513373_561549618871536_3103894322839820392_n-430x242.jpeg 430w, https:\/\/havamall.vn\/wp-content\/uploads\/2023\/07\/284513373_561549618871536_3103894322839820392_n-150x84.jpeg 150w, https:\/\/havamall.vn\/wp-content\/uploads\/2023\/07\/284513373_561549618871536_3103894322839820392_n-700x393.jpeg 700w, https:\/\/havamall.vn\/wp-content\/uploads\/2023\/07\/284513373_561549618871536_3103894322839820392_n-300x169.jpeg 300w, https:\/\/havamall.vn\/wp-content\/uploads\/2023\/07\/284513373_561549618871536_3103894322839820392_n-768x432.jpeg 768w, https:\/\/havamall.vn\/wp-content\/uploads\/2023\/07\/284513373_561549618871536_3103894322839820392_n-1024x576.jpeg 1024w, https:\/\/havamall.vn\/wp-content\/uploads\/2023\/07\/284513373_561549618871536_3103894322839820392_n-1200x674.jpeg 1200w, https:\/\/havamall.vn\/wp-content\/uploads\/2023\/07\/284513373_561549618871536_3103894322839820392_n-600x337.jpeg 600w\" sizes=\"(max-width: 802px) 100vw, 802px\" \/><\/p>\n<h2><strong>C\u00f4ng d\u1ee5ng c\u1ee7a g\u1ea1o basmati<\/strong><\/h2>\n<p id=\"1__co_loi_cho_nguoi_bi_benh_tieu_duong\" style=\"text-align: justify\">&#8211; C\u00f3 l\u1ee3i cho ng\u01b0\u1eddi b\u1ecb b\u1ec7nh ti\u1ec3u \u0111\u01b0\u1eddng<\/p>\n<p style=\"text-align: justify\">&#8211; H\u1ed7 tr\u1ee3 s\u1ee9c kh\u1ecfe \u0111\u1ed1i v\u1edbi tim m\u1ea1ch<\/p>\n<p style=\"text-align: justify\">&#8211; H\u1ed7 tr\u1ee3 t\u1ed1t cho ti\u00eau h\u00f3a, ph\u00f2ng ch\u1ed1ng t\u00e1o b\u00f3n Ki\u1ec3m so\u00e1t nhu c\u1ea7u \u0103n &#8211; th\u00edch h\u1ee3p ng\u01b0\u1eddi \u0103n ki\u00eang, gi\u1ea3m c\u00e2n<\/p>\n<p style=\"text-align: justify\">&#8211; Gi\u00fap cho b\u1ed9 n\u00e3o kh\u1ecfe m\u1ea1nh v\u00e0 t\u00edch c\u1ef1c h\u01a1n<\/p>\n<p style=\"text-align: justify\">&#8211; G\u1ea1o Basmati c\u00f3 t\u00e1c d\u1ee5ng l\u00e0m gi\u1ea3m huy\u1ebft \u00e1p<\/p>\n<p style=\"text-align: justify\">&#8211; C\u00f3 t\u00e1c d\u1ee5ng ng\u0103n ng\u1eeba s\u1ef1 xu\u1ea5t hi\u1ec7n c\u00e1c t\u1ebf b\u00e0o ung th\u01b0<\/p>\n<p><img loading=\"lazy\" decoding=\"async\" class=\"aligncenter wp-image-32047\" src=\"https:\/\/havamall.com\/wp-content\/uploads\/2023\/07\/302444092_5717357821677374_9104303833522221676_n.png\" alt=\"\" width=\"800\" height=\"647\" srcset=\"https:\/\/havamall.vn\/wp-content\/uploads\/2023\/07\/302444092_5717357821677374_9104303833522221676_n.png 2048w, https:\/\/havamall.vn\/wp-content\/uploads\/2023\/07\/302444092_5717357821677374_9104303833522221676_n-430x347.png 430w, https:\/\/havamall.vn\/wp-content\/uploads\/2023\/07\/302444092_5717357821677374_9104303833522221676_n-150x121.png 150w, https:\/\/havamall.vn\/wp-content\/uploads\/2023\/07\/302444092_5717357821677374_9104303833522221676_n-700x566.png 700w, https:\/\/havamall.vn\/wp-content\/uploads\/2023\/07\/302444092_5717357821677374_9104303833522221676_n-300x242.png 300w, https:\/\/havamall.vn\/wp-content\/uploads\/2023\/07\/302444092_5717357821677374_9104303833522221676_n-768x621.png 768w, https:\/\/havamall.vn\/wp-content\/uploads\/2023\/07\/302444092_5717357821677374_9104303833522221676_n-1024x828.png 1024w, https:\/\/havamall.vn\/wp-content\/uploads\/2023\/07\/302444092_5717357821677374_9104303833522221676_n-1200x970.png 1200w, https:\/\/havamall.vn\/wp-content\/uploads\/2023\/07\/302444092_5717357821677374_9104303833522221676_n-600x485.png 600w\" sizes=\"(max-width: 800px) 100vw, 800px\" \/><\/p>\n<h2><strong>H\u01b0\u1edbng d\u1eabn n\u1ea5u g\u1ea1o basmati<\/strong><\/h2>\n<h5><em><strong>B\u01b0\u1edbc 1<\/strong><\/em><\/h5>\n<p>&gt; \u0110\u1eb7t g\u1ea1o v\u00e0o 1 c\u00e1i b\u00e1t. R\u1eeda s\u1ea1ch g\u1ea1o v\u1edbi n\u01b0\u1edbc \u00edt nh\u1ea5t 2, 3 l\u1ea7n.<\/p>\n<p>&gt; Sau \u0111\u00f3 b\u1ea1n \u0111\u1ed5 h\u1ebft n\u01b0\u1edbc \u0111\u1ea7u ti\u00ean \u0111i v\u00e0 ng\u00e2m g\u1ea1o trong v\u00f2ng 30 ph\u00fat \u0111\u1ec3 lo\u1ea1i b\u1ecf b\u1edbt tinh b\u1ed9t trong\u00a0<strong>g\u1ea1o basmati<\/strong><\/p>\n<h5><em><strong>B\u01b0\u1edbc 2<\/strong><\/em><\/h5>\n<p>&gt; Sau khi \u0111\u00e3 ng\u00e2m g\u1ea1o xong, b\u1ea1n r\u1eeda g\u1ea1o l\u1ea1i v\u1edbi n\u01b0\u1edbc s\u1ea1ch \u0111\u1ec3 ti\u1ebfp t\u1ee5c lo\u1ea1i b\u1ecf ph\u1ea7n tinh b\u1ed9t d\u01b0 th\u1eeba c\u00f3 trong g\u1ea1o<\/p>\n<p>&gt; Cho g\u1ea1o v\u00e0o n\u1ed3i, th\u00eam n\u01b0\u1edbc g\u1ea5p 2 l\u1ea7n g\u1ea1o, cho th\u00eam d\u1ea7u m\u00e8, mu\u1ed1i<\/p>\n<p>&gt; \u0110\u1eady n\u1eafp v\u00e0 \u0111un s\u00f4i \u1edf nhi\u1ec7t \u0111\u1ed9 cao. N\u1ea5u cho \u0111\u1ebfn khi r\u00e1o n\u01b0\u1edbc v\u00e0 t\u1eaft b\u1ebfp<\/p>\n<p><img loading=\"lazy\" decoding=\"async\" class=\"aligncenter wp-image-32048\" src=\"https:\/\/havamall.com\/wp-content\/uploads\/2023\/07\/247895861_10158945382443052_8143835663610516981_n.jpeg\" alt=\"\" width=\"801\" height=\"564\" srcset=\"https:\/\/havamall.vn\/wp-content\/uploads\/2023\/07\/247895861_10158945382443052_8143835663610516981_n.jpeg 2048w, https:\/\/havamall.vn\/wp-content\/uploads\/2023\/07\/247895861_10158945382443052_8143835663610516981_n-430x303.jpeg 430w, https:\/\/havamall.vn\/wp-content\/uploads\/2023\/07\/247895861_10158945382443052_8143835663610516981_n-150x106.jpeg 150w, https:\/\/havamall.vn\/wp-content\/uploads\/2023\/07\/247895861_10158945382443052_8143835663610516981_n-700x493.jpeg 700w, https:\/\/havamall.vn\/wp-content\/uploads\/2023\/07\/247895861_10158945382443052_8143835663610516981_n-300x211.jpeg 300w, https:\/\/havamall.vn\/wp-content\/uploads\/2023\/07\/247895861_10158945382443052_8143835663610516981_n-768x541.jpeg 768w, https:\/\/havamall.vn\/wp-content\/uploads\/2023\/07\/247895861_10158945382443052_8143835663610516981_n-1024x722.jpeg 1024w, https:\/\/havamall.vn\/wp-content\/uploads\/2023\/07\/247895861_10158945382443052_8143835663610516981_n-220x154.jpeg 220w, https:\/\/havamall.vn\/wp-content\/uploads\/2023\/07\/247895861_10158945382443052_8143835663610516981_n-1200x846.jpeg 1200w, https:\/\/havamall.vn\/wp-content\/uploads\/2023\/07\/247895861_10158945382443052_8143835663610516981_n-600x423.jpeg 600w\" sizes=\"(max-width: 801px) 100vw, 801px\" \/><\/p>\n<\/div>\n<\/div>\n<\/div>","protected":false},"excerpt":{"rendered":"<p>G\u1ea1o Basmati \u1ea4n \u0110\u1ed9 T\u00ean s\u1ea3n ph\u1ea9m G\u1ea1o Basmati Th\u00e0nh ph\u1ea7n 100% gao basmati Kh\u1ed1i l\u01b0\u1ee3ng 1kg Xu\u1ea5t x\u1ee9 \u1ea4n<\/p>","protected":false},"featured_media":44988,"comment_status":"open","ping_status":"closed","template":"","meta":[],"product_brand":[],"product_cat":[681,36,134],"product_tag":[],"class_list":{"0":"post-32039","1":"product","2":"type-product","3":"status-publish","4":"has-post-thumbnail","6":"product_cat-nhap-khau-an-do","7":"product_cat-thuc-pham-tieu-dung","8":"product_cat-thucpham-saykho","9":"pa_brand-skx","11":"first","12":"instock","13":"sale","14":"shipping-taxable","15":"purchasable","16":"product-type-simple"},"_links":{"self":[{"href":"https:\/\/havamall.vn\/en\/wp-json\/wp\/v2\/product\/32039"}],"collection":[{"href":"https:\/\/havamall.vn\/en\/wp-json\/wp\/v2\/product"}],"about":[{"href":"https:\/\/havamall.vn\/en\/wp-json\/wp\/v2\/types\/product"}],"replies":[{"embeddable":true,"href":"https:\/\/havamall.vn\/en\/wp-json\/wp\/v2\/comments?post=32039"}],"version-history":[{"count":0,"href":"https:\/\/havamall.vn\/en\/wp-json\/wp\/v2\/product\/32039\/revisions"}],"wp:featuredmedia":[{"embeddable":true,"href":"https:\/\/havamall.vn\/en\/wp-json\/wp\/v2\/media\/44988"}],"wp:attachment":[{"href":"https:\/\/havamall.vn\/en\/wp-json\/wp\/v2\/media?parent=32039"}],"wp:term":[{"taxonomy":"product_brand","embeddable":true,"href":"https:\/\/havamall.vn\/en\/wp-json\/wp\/v2\/product_brand?post=32039"},{"taxonomy":"product_cat","embeddable":true,"href":"https:\/\/havamall.vn\/en\/wp-json\/wp\/v2\/product_cat?post=32039"},{"taxonomy":"product_tag","embeddable":true,"href":"https:\/\/havamall.vn\/en\/wp-json\/wp\/v2\/product_tag?post=32039"}],"curies":[{"name":"wp","href":"https:\/\/api.w.org\/{rel}","templated":true}]}}