{"id":32034,"date":"2023-07-25T15:11:06","date_gmt":"2023-07-25T08:11:06","guid":{"rendered":"https:\/\/havamall.vn\/?post_type=product&#038;p=32034"},"modified":"2023-07-28T10:35:10","modified_gmt":"2023-07-28T03:35:10","slug":"dau-hat-gia-si-tot-nhat-hien-nay-dau-do-tay-havafoodies-1kg-red-kidney-beans","status":"publish","type":"product","link":"https:\/\/havamall.vn\/en\/shop\/dau-hat-gia-si-tot-nhat-hien-nay-dau-do-tay-havafoodies-1kg-red-kidney-beans\/","title":{"rendered":"\u0110\u1eadu\/H\u1ea1t Gi\u00e1 S\u1ec9 T\u1ed1t Nh\u1ea5t Hi\u1ec7n Nay &#8211; \u0110\u1eadu \u0110\u1ecf T\u00e2y Havafoodies 1kg \u2013 Red Kidney Beans"},"content":{"rendered":"<p>&nbsp;<\/p>\n<h2><strong>\u0110\u00d4I N\u00c9T V\u1ec0 \u0110\u1eacU \u0110\u1ece<\/strong><\/h2>\n<table>\n<tbody>\n<tr>\n<td>\n<table border=\"1\" cellspacing=\"0\" cellpadding=\"0\">\n<tbody>\n<tr>\n<td><strong>T\u00ean s\u1ea3n ph\u1ea9m<\/strong><\/td>\n<td>\u0110\u1eadu \u0111\u1ecf t\u00e2y<\/td>\n<\/tr>\n<tr>\n<td><strong>Th\u00e0nh ph\u1ea7n<\/strong><\/td>\n<td>100% \u0111\u1eadu \u0111\u1ecf t\u00e2y<\/td>\n<\/tr>\n<tr>\n<td><strong>Kh\u1ed1i l\u01b0\u1ee3ng<\/strong><\/td>\n<td>1kg<\/td>\n<\/tr>\n<tr>\n<td><strong>Xu\u1ea5t x\u1ee9<\/strong><\/td>\n<td>Canada<\/td>\n<\/tr>\n<tr>\n<td><strong>H\u1ea1n s\u1eed d\u1ee5ng<\/strong><\/td>\n<td>24 th\u00e1ng k\u1ec3 t\u1eeb ng\u00e0y s\u1ea3n xu\u1ea5t<\/td>\n<\/tr>\n<tr>\n<td><strong>B\u1ea3o qu\u1ea3n<\/strong><\/td>\n<td>\u1ede n\u01a1i kh\u00f4 r\u00e1o tho\u00e1ng m\u00e1t<\/td>\n<\/tr>\n<tr>\n<td><strong>H\u00ecnh th\u1ee9c b\u00e1n<\/strong><\/td>\n<td>Cung c\u1ea5p S\u1ec8 v\u00e0 L\u1eba to\u00e0n qu\u1ed1c<\/td>\n<\/tr>\n<\/tbody>\n<\/table>\n<\/td>\n<td><\/td>\n<\/tr>\n<\/tbody>\n<\/table>\n<p>\u0110\u1eadu \u0111\u1ecf t\u00e2y hay c\u00f2n g\u1ecdi l\u00e0 \u0111\u1eadu th\u1eadn v\u00e0 c\u00f3 t\u00ean ti\u1ebfng anh l\u00e0 Kidney bean. Lo\u1ea1i \u0111\u1eadu n\u00e0y r\u1ea5t gi\u00e0u protein v\u00e0 c\u00e1c kho\u00e1ng ch\u1ea5t nh\u01b0 s\u1eaft, canxi, k\u1ebdm\u2026 c\u00f3 t\u00e1c d\u1ee5ng ng\u0103n ng\u1eeba v\u00e0 \u0111i\u1ec1u tr\u1ecb ung th\u01b0, ti\u1ec3u \u0111\u01b0\u1eddng, t\u00e1o b\u00f3n\u2026 hi\u1ec7u qu\u1ea3.<\/p>\n<p>Kidney bean l\u00e0 g\u00ec? L\u00e0 lo\u1ea1i c\u00e2y h\u1ecd \u0111\u1eadu, \u0111\u01b0\u1ee3c d\u00f9ng ch\u1ee7 y\u1ebfu trong \u1ea9m th\u1ef1c. Ngo\u00e0i ra lo\u1ea1i \u0111\u1eadu n\u00e0y c\u00f2n \u0111\u01b0\u1ee3c d\u00f9ng l\u00e0m thu\u1ed1c, l\u00e0m \u0111\u1eb9p r\u1ea5t t\u1ed1t. V\u1eady lo\u1ea1i \u0111\u1eadu n\u00e0y c\u00f3 ngu\u1ed3n g\u1ed1c t\u1eeb \u0111\u00e2u, c\u00e2y ph\u00e1t tri\u1ec3n c\u00f3 h\u00ecnh d\u1ea1ng nh\u01b0 th\u1ebf n\u00e0o, c\u00f3 c\u00e1c d\u01b0\u1ee1ng ch\u1ea5t, c\u00f4ng d\u1ee5ng g\u00ec b\u1ea1n c\u00f3 th\u1ec3 t\u00ecm hi\u1ec3u v\u1ec1 lo\u1ea1i \u0111\u1eadu n\u00e0y trong b\u00e0i vi\u1ebft n\u00e0y.<\/p>\n<p>\u0110\u1eadu \u0111\u1ecf r\u1ea5t gi\u00e0u protein v\u00e0 c\u00e1c kho\u00e1ng ch\u1ea5t nh\u01b0 s\u1eaft, canxi, k\u1ebdm,\u2026 c\u00f3 t\u00e1c d\u1ee5ng ng\u0103n ng\u1eeba v\u00e0 \u0111i\u1ec1u tr\u1ecb ung th\u01b0, ti\u1ec3u \u0111\u01b0\u1eddng, t\u00e1o b\u00f3n,\u2026 hi\u1ec7u qu\u1ea3.<\/p>\n<p><img fetchpriority=\"high\" decoding=\"async\" class=\"aligncenter\" src=\"https:\/\/havamall.vn\/wp-content\/uploads\/2022\/07\/807716893sst1641271427-scaled.jpg\" alt=\"Kidney Beans: Benefits, Nutrition, Recipes &amp; Side Effects - HealthifyMe\" width=\"620\" height=\"414\" \/><\/p>\n<h2>\u0110\u1eb6C \u0110I\u1ec2M N\u1ed4I B\u1eacT C\u1ee6A S\u1ea2N PH\u1ea8M<\/h2>\n<p>\u2013\u00a0Gi\u00e0u protein: c\u00f3 l\u1ee3i cho tim, l\u00e0m h\u1ea1 th\u1ea5p m\u1ee9c cholesterol x\u1ea5u LDL v\u00e0 l\u00e0m gia t\u0103ng l\u01b0\u1ee3ng cholesterol t\u1ed1t HDL,\u00a0gi\u00fap h\u1ed7 tr\u1ee3 ng\u0103n ng\u1eeba c\u00e1c b\u1ec7nh v\u1ec1 tim m\u1ea1ch.<\/p>\n<p>\u2013\u00a0Gi\u00e0u ch\u1ea5t x\u01a1: gi\u00fap t\u0103ng s\u1ee9c \u0111\u1ec1 kh\u00e1ng cho h\u1ec7 ru\u1ed9t, gi\u00fap d\u1ec5 h\u1ea5p th\u1ee5 v\u00e0 ti\u00eau h\u00f3a th\u1ee9c \u0103n, h\u1ed7 tr\u1ee3 \u0111i\u1ec1u tr\u1ecb b\u1ec7nh ti\u1ec3u \u0111\u01b0\u1eddng.<\/p>\n<p>\u2013\u00a0Gi\u00fap b\u1ed5 sung s\u1eaft v\u00e0 c\u00e1c ch\u1ea5t ch\u1ed1ng oxi h\u00f3a, gi\u00fap m\u1eb9 b\u1ea7u t\u0103ng s\u1ee9c \u0111\u1ec1 kh\u00e1ng v\u00e0 gi\u1ea3m nguy c\u01a1 m\u1eafc b\u1ec7nh. Vitamin B1, vitamin B6 c\u00f3 trong \u0111\u1eadu \u0111\u1ecf c\u00f2n gi\u00fap ch\u1ecb em b\u1ea7u gi\u1ea3m m\u1ec7t m\u1ecfi, gi\u1ea3m stress v\u00e0 t\u0103ng kh\u1ea3 n\u0103ng l\u01b0u th\u00f4ng m\u00e1u.<\/p>\n<p>\u2013\u00a0Gi\u00e0u vitamin nh\u00f3m B v\u00e0 mang t\u00ednh ch\u1ea5t ki\u1ec1m: t\u00e1c d\u1ee5ng nhu\u1eadn tr\u00e0ng, th\u00f4ng ru\u1ed9t, gi\u1ea3i \u0111\u1ed9c cho ru\u1ed9t v\u00e0 gan r\u1ea5t\u00a0hi\u1ec7u qu\u1ea3.<\/p>\n<p>\u2013\u00a0Gi\u00fap gi\u1ea3m c\u00e2n hi\u1ec7u qu\u1ea3. H\u1ea1t \u0111\u1eadu \u0111\u1ecf cung c\u1ea5p \u00edt calo (m\u1ed9t ch\u00e9n \u0111\u1eadu \u0111\u1ecf ch\u1ec9 cung c\u1ea5p kho\u1ea3ng 300 calo) nh\u01b0ng l\u1ea1i gi\u00e0u ch\u1ea5t x\u01a1 n\u00ean s\u1ebd gi\u00fap b\u1ea1n no l\u00e2u, h\u1ea1n ch\u1ebf c\u1ea3m gi\u00e1c th\u00e8m \u0103n \u0111\u1ed3ng th\u1eddi c\u00f2n \u0111\u1ed1t ch\u00e1y b\u1edbt l\u01b0\u1ee3ng m\u1ee1 th\u1eeba \u0111\u00e3 t\u00edch tr\u1eef l\u00e2u ng\u00e0y trong c\u01a1 th\u1ec3.<\/p>\n<div><img decoding=\"async\" class=\"aligncenter\" src=\"https:\/\/imagesvc.meredithcorp.io\/v3\/mm\/image?url=https%3A%2F%2Fstatic.onecms.io%2Fwp-content%2Fuploads%2Fsites%2F19%2F2019%2F02%2F21%2Fsteak-fajita-chili-1810-p64-2000.jpg\" alt=\"25 Easy Recipes With Kidney Beans | MyRecipes\" width=\"616\" height=\"462\" \/><\/div>\n<div>\n<h2><strong>CH\u1ea4T L\u01af\u1ee2NG \u0110\u1eacU \u0110\u1ece T\u00c2Y HAVAMALL RA SAO?<\/strong><\/h2>\n<p>&gt; C\u00e1c s\u1ea3n ph\u1ea9m h\u1ea1t dinh d\u01b0\u1ee1ng c\u1ee7a Havamall \u0111\u01b0\u1ee3c nh\u1eadp kh\u1ea9u \u0111\u1ea3m b\u1ea3o \u0111\u1ea7y \u0111\u1ee7 gi\u1ea5y t\u1edd h\u1ea3i quan. Ngu\u1ed3n h\u00e0ng \u0111\u1ea3m b\u1ea3o v\u1ec1 ngu\u1ed3n g\u1ed1c xu\u1ea5t x\u1ee9 n\u00ean kh\u00e1ch h\u00e0ng c\u00f3 th\u1ec3 y\u00ean t\u00e2m v\u1ec1 ngu\u1ed3n h\u00e0ng.<\/p>\n<p>&gt; Havamall \u0111\u1eb7c bi\u1ec7t h\u01b0\u1edbng \u0111\u1ebfn c\u00e1c c\u00f4ng ty s\u1ea3n xu\u1ea5t th\u1ef1c ph\u1ea9m, nh\u00e0 h\u00e0ng, kh\u00e1ch s\u1ea1n, si\u00eau th\u1ecb v\u00e0 c\u00e1c \u0111\u1ea1i l\u00fd b\u00e1n l\u1ebb c\u1ea7n mua s\u1ed1 l\u01b0\u1ee3ng l\u1edbn \u0111\u1eadu \u0111\u1ecf t\u00e2y \u0111\u1ec3 s\u1eed d\u1ee5ng l\u00e0m nguy\u00ean li\u1ec7u trong s\u1ea3n xu\u1ea5t v\u00e0 b\u00e1n l\u1ebb. B\u1ea1n c\u00f3 th\u1ec3 ho\u00e0n to\u00e0n y\u00ean t\u00e2m v\u1ec1 ch\u1ea5t l\u01b0\u1ee3ng c\u1ee7a s\u1ea3n ph\u1ea9m \u0111\u1eadu \u0111\u1ecf t\u00e2y c\u1ee7a ch\u00fang t\u00f4i, \u0111\u1ea3m b\u1ea3o \u0111\u00e1p \u1ee9ng nhu c\u1ea7u c\u1ee7a kh\u00e1ch h\u00e0ng v\u1ec1 \u0111\u1ed9 t\u01b0\u01a1i ngon v\u00e0 gi\u00e1 c\u1ea3 c\u1ea1nh tranh.<\/p>\n<p>&gt; S\u1ea3n ph\u1ea9m b\u1ea1n c\u1ea7n s\u1ebd \u0111\u01b0\u1ee3c chuy\u1ec3n \u0111\u1ebfn tay b\u1ea1n trong th\u1eddi gian s\u1edbm nh\u1ea5t.<\/p>\n<p>&gt; \u0110\u1ed1i v\u1edbi s\u1ec9 kh\u1ed1i l\u01b0\u1ee3ng 10kg,\u00a0 s\u1ebd \u0111\u00f3ng g\u00f3i trong t\u00fai 1kg\/t\u00fai v\u00e0 \u0111\u00f3ng trong th\u00f9ng carton \u0111\u1ec3 g\u1eedi cho qu\u00fd kh\u00e1ch.<\/p>\n<p>&gt; \u0110\u1ed1i v\u1edbi c\u00e1c kh\u1ed1i l\u01b0\u1ee3ng t\u1eeb 25kg tr\u1edf l\u00ean, \u0111\u1eadu s\u1ebd \u0111\u01b0\u1ee3c gi\u1eef nguy\u00ean bao x\u00e1 25kg nh\u01b0 khi nh\u1eadp kh\u1ea9u t\u1eeb n\u01b0\u1edbc ngo\u00e0i v\u1ec1.<\/p>\n<p><img decoding=\"async\" class=\"wp-image-32036 aligncenter\" src=\"https:\/\/havamall.vn\/wp-content\/uploads\/2023\/07\/20200305_145337_211038_daudo.max-800x800-1-300x200.jpg\" alt=\"\" width=\"615\" height=\"410\" srcset=\"https:\/\/havamall.vn\/wp-content\/uploads\/2023\/07\/20200305_145337_211038_daudo.max-800x800-1-300x200.jpg 300w, https:\/\/havamall.vn\/wp-content\/uploads\/2023\/07\/20200305_145337_211038_daudo.max-800x800-1-430x286.jpg 430w, https:\/\/havamall.vn\/wp-content\/uploads\/2023\/07\/20200305_145337_211038_daudo.max-800x800-1-150x100.jpg 150w, https:\/\/havamall.vn\/wp-content\/uploads\/2023\/07\/20200305_145337_211038_daudo.max-800x800-1-700x466.jpg 700w, https:\/\/havamall.vn\/wp-content\/uploads\/2023\/07\/20200305_145337_211038_daudo.max-800x800-1-768x512.jpg 768w, https:\/\/havamall.vn\/wp-content\/uploads\/2023\/07\/20200305_145337_211038_daudo.max-800x800-1-600x400.jpg 600w, https:\/\/havamall.vn\/wp-content\/uploads\/2023\/07\/20200305_145337_211038_daudo.max-800x800-1.jpg 800w\" sizes=\"(max-width: 615px) 100vw, 615px\" \/><\/p>\n<div>\n<h2><strong>MUA \u0110\u1eacU \u0110\u1ece T\u00c2Y CH\u1ea4T L\u01af\u1ee2NG GI\u00c1 R\u1eba \u1ede \u0110\u00c2U?<\/strong><\/h2>\n<p>\u2013 Tr\u00ean th\u1ecb tr\u01b0\u1eddng c\u00f3 r\u1ea5t nhi\u1ec1u\u00a0n\u01a1i b\u00e1n h\u1ea1t \u0111\u1ecf t\u00e2y,\u00a0nh\u01b0ng kh\u00f4ng ph\u1ea3i \u0111\u1ecba ch\u1ec9 n\u00e0o c\u0169ng\u00a0b\u00e1n \u0111\u1eadu ch\u1ea5t l\u01b0\u1ee3ng.\u00a0Ho\u1eb7c c\u00f3 nh\u1eefng\u00a0c\u01a1 s\u1edf b\u00e1n \u0111\u1eadu \u0111\u1ecf t\u00e2y v\u1edbi gi\u00e1 qu\u00e1 cao khi\u1ebfn ng\u01b0\u1eddi ti\u00eau d\u00f9ng v\u1eabn c\u00f2n b\u0103n kho\u0103n khi mua. \u0110\u1ec3 t\u00ecm \u0111\u01b0\u1ee3c \u0111\u1ecba ch\u1ec9 uy t\u00edn chuy\u00ean\u00a0b\u00e1n \u0111\u1eadu kh\u00f4 t\u1ea1i H\u1ed3 Ch\u00ed Minh kh\u00f4ng ph\u1ea3i d\u1ec5. Th\u1ecb tr\u01b0\u1eddng\u00a0mua b\u00e1n h\u1ea1t \u0111\u1eadu \u1edf H\u1ed3 Ch\u00ed Minh\u00a0r\u1ea5t l\u1edbn, v\u00ec v\u1eady c\u00e1c b\u1ea1n n\u00ean t\u00ecm \u0111\u1ebfn nh\u1eefng \u0111\u1ecba ch\u1ec9 chuy\u00ean b\u00e1n \u0111\u1ed3 kh\u00f4 ch\u1ea5t l\u01b0\u1ee3ng.<\/p>\n<p>\u2013 N\u1ebfu b\u1ea1n \u0111ang t\u00ecm\u00a0n\u01a1i b\u00e1n \u0111\u1eadu\u00a0 \u0111\u1ecf t\u00e2y ch\u1ea5t l\u01b0\u1ee3ng gi\u00e1 r\u1ebb nh\u1ea5t th\u1ecb tr\u01b0\u1eddng\u00a0th\u00ec \u0111\u1eebng b\u1ecf qua\u00a0<a href=\"https:\/\/havamall.vn\/\">Havamall<\/a>. \u0110\u1eadu \u0111\u1ecf b\u00e1n t\u1ea1i Havamall\u00a0l\u00e0 s\u1ea3n ph\u1ea9m ch\u1ea5t l\u01b0\u1ee3ng nh\u1ea5t v\u00e0 c\u00f3 gi\u00e1 th\u00e0nh h\u1ee3p l\u00fd. Cam k\u1ebft kh\u00f4ng s\u1eed d\u1ee5ng ch\u1ea5t b\u1ea3o qu\u1ea3n, an to\u00e0n tuy\u1ec7t \u0111\u1ed1i cho ng\u01b0\u1eddi s\u1eed d\u1ee5ng. Khi s\u1eed d\u1ee5ng \u0111\u1eadu \u0111\u1ecf t\u1ea1i\u00a0Havamall, b\u1ea1n kh\u00f4ng ch\u1ec9 \u0111\u01b0\u1ee3c y\u00ean t\u00e2m v\u1ec1 ch\u1ea5t l\u01b0\u1ee3ng m\u00e0 c\u00f2n ho\u00e0n to\u00e0n y\u00ean t\u00e2m v\u1ec1 gi\u00e1 c\u1ea3.<\/p>\n<p><img loading=\"lazy\" decoding=\"async\" class=\"wp-image-32037 aligncenter\" src=\"https:\/\/havamall.vn\/wp-content\/uploads\/2023\/07\/Z290y7szqHTu8RbWCkl7-225x300.jpeg\" alt=\"\" width=\"629\" height=\"838\" srcset=\"https:\/\/havamall.vn\/wp-content\/uploads\/2023\/07\/Z290y7szqHTu8RbWCkl7-225x300.jpeg 225w, https:\/\/havamall.vn\/wp-content\/uploads\/2023\/07\/Z290y7szqHTu8RbWCkl7-430x573.jpeg 430w, https:\/\/havamall.vn\/wp-content\/uploads\/2023\/07\/Z290y7szqHTu8RbWCkl7-150x200.jpeg 150w, https:\/\/havamall.vn\/wp-content\/uploads\/2023\/07\/Z290y7szqHTu8RbWCkl7-700x933.jpeg 700w, https:\/\/havamall.vn\/wp-content\/uploads\/2023\/07\/Z290y7szqHTu8RbWCkl7-600x800.jpeg 600w, https:\/\/havamall.vn\/wp-content\/uploads\/2023\/07\/Z290y7szqHTu8RbWCkl7.jpeg 720w\" sizes=\"(max-width: 629px) 100vw, 629px\" \/><\/p>\n<h2><strong>C\u00c1CH MUA \u0110\u1eacU \u0110\u1ece T\u00c2Y GI\u00c1 S\u1ec8 V\u00c0 L\u1eba T\u1ea0I HAVAMALL<\/strong><\/h2>\n<p>\u0110\u1ec3 \u0111\u1eb7t mua \u0111\u1eadu \u0111\u1ecf t\u1ea1i Havamall, B\u1ea1n c\u00f3 th\u1ec3 th\u1ef1c hi\u1ec7n 1 trong c\u00e1c c\u00e1ch sau:<\/p>\n<p><strong>&gt; C\u00e1ch 1:<\/strong>\u00a0Li\u00ean h\u1ec7 tr\u1ef1c ti\u1ebfp\u00a0<strong>Hotline: 0946.229.642 (Call,zalo)<\/strong><\/p>\n<p><strong>&gt;C\u00e1ch 2:<\/strong>\u00a0\u0110\u1eb7t h\u00e0ng tr\u1ef1c ti\u1ebfp t\u1ea1i website\u00a0<a href=\"https:\/\/havamall.vn\/\">havamall.vn<\/a>\u00a0\u2013 Sau khi b\u1ea1n \u0111\u1eb7t h\u00e0ng, nh\u00e2n vi\u00ean Havamall s\u1ebd ti\u1ebfp nh\u1eadn \u0111\u01a1n v\u00e0 l\u00ean \u0111\u01a1n \u0111\u1ec3 g\u1eedi cho b\u1ea1n.<\/p>\n<p>V\u1ec1 v\u1eadn chuy\u1ec3n, v\u1edbi c\u00e1c \u0111\u01a1n h\u00e0ng b\u00e1n l\u1ebb v\u00e0 \u0111\u1eadu \u0111\u1ecf t\u00e2y gi\u00e1 s\u1ec9\u00a0t\u1ea1i TP.HCM b\u1ea1n s\u1ebd nh\u1eadn \u0111\u01b0\u1ee3c h\u00e0ng trong v\u00f2ng 1 ng\u00e0y.<\/p>\n<p>\u0110\u1ed1i v\u1edbi c\u00e1c \u0111\u01a1n h\u00e0ng b\u00e1n l\u1ebb t\u1ea1i c\u00e1c t\u1ec9nh ngo\u00e0i TP.HCM, b\u1ea1n s\u1ebd nh\u1eadn \u0111\u01b0\u1ee3c h\u00e0ng sau 2-4 ng\u00e0y k\u1ec3 t\u1eeb ng\u00e0y \u0111\u1eb7t h\u00e0ng. \u0110\u1ed1i v\u1edbi c\u00e1c \u0111\u01a1n h\u00e0ng s\u1ec9 Havamall s\u1ebd h\u1ed7 tr\u1ee3 g\u1eedi ra ch\u00e0nh xe cho b\u1ea1n.<\/p>\n<\/div>\n<\/div>\n<div>\n<div><strong>GI\u00c1 CH\u1ec8 \u00c1P D\u1ee4NG CHO KH\u00c1CH S\u1ec8 KHI MUA B\u00c0O T\u1eea 25KG<\/strong><\/div>\n<\/div>","protected":false},"excerpt":{"rendered":"<p>&nbsp; \u0110\u00d4I N\u00c9T V\u1ec0 \u0110\u1eacU \u0110\u1ece T\u00ean s\u1ea3n ph\u1ea9m \u0110\u1eadu \u0111\u1ecf t\u00e2y Th\u00e0nh ph\u1ea7n 100% \u0111\u1eadu \u0111\u1ecf t\u00e2y Kh\u1ed1i l\u01b0\u1ee3ng<\/p>","protected":false},"featured_media":32038,"comment_status":"open","ping_status":"closed","template":"","meta":[],"product_brand":[],"product_cat":[40],"product_tag":[],"class_list":{"0":"post-32034","1":"product","2":"type-product","3":"status-publish","4":"has-post-thumbnail","6":"product_cat-sieuthi-giasi","7":"pa_brand-skx","9":"first","10":"instock","11":"sale","12":"shipping-taxable","13":"purchasable","14":"product-type-simple"},"_links":{"self":[{"href":"https:\/\/havamall.vn\/en\/wp-json\/wp\/v2\/product\/32034"}],"collection":[{"href":"https:\/\/havamall.vn\/en\/wp-json\/wp\/v2\/product"}],"about":[{"href":"https:\/\/havamall.vn\/en\/wp-json\/wp\/v2\/types\/product"}],"replies":[{"embeddable":true,"href":"https:\/\/havamall.vn\/en\/wp-json\/wp\/v2\/comments?post=32034"}],"version-history":[{"count":0,"href":"https:\/\/havamall.vn\/en\/wp-json\/wp\/v2\/product\/32034\/revisions"}],"wp:featuredmedia":[{"embeddable":true,"href":"https:\/\/havamall.vn\/en\/wp-json\/wp\/v2\/media\/32038"}],"wp:attachment":[{"href":"https:\/\/havamall.vn\/en\/wp-json\/wp\/v2\/media?parent=32034"}],"wp:term":[{"taxonomy":"product_brand","embeddable":true,"href":"https:\/\/havamall.vn\/en\/wp-json\/wp\/v2\/product_brand?post=32034"},{"taxonomy":"product_cat","embeddable":true,"href":"https:\/\/havamall.vn\/en\/wp-json\/wp\/v2\/product_cat?post=32034"},{"taxonomy":"product_tag","embeddable":true,"href":"https:\/\/havamall.vn\/en\/wp-json\/wp\/v2\/product_tag?post=32034"}],"curies":[{"name":"wp","href":"https:\/\/api.w.org\/{rel}","templated":true}]}}