{"id":32029,"date":"2023-07-25T13:54:06","date_gmt":"2023-07-25T06:54:06","guid":{"rendered":"https:\/\/havamall.vn\/?post_type=product&#038;p=32029"},"modified":"2026-03-20T16:04:33","modified_gmt":"2026-03-20T09:04:33","slug":"32029","status":"publish","type":"product","link":"https:\/\/havamall.vn\/en\/shop\/32029\/","title":{"rendered":"\u0110\u1eadu\/H\u1ea1t Gi\u00e1 S\u1ec9 T\u1ed1t Nh\u1ea5t Hi\u1ec7n Nay &#8211; \u0110\u1eadu C\u00fac Havafoodies 1kg \u2013 Pinto Beans"},"content":{"rendered":"<p>&nbsp;<\/p>\n<h2><strong>\u0110\u00d4I N\u00c9T V\u1ec0 \u0110\u1eacU C\u00daC<\/strong><\/h2>\n<table>\n<tbody>\n<tr>\n<td>\n<table border=\"1\" cellspacing=\"0\" cellpadding=\"0\">\n<tbody>\n<tr>\n<td><strong>T\u00ean s\u1ea3n ph\u1ea9m<\/strong><\/td>\n<td>\u0110\u1eadu c\u00fac\/Pinto Beans<\/td>\n<\/tr>\n<tr>\n<td><strong>Th\u00e0nh ph\u1ea7n<\/strong><\/td>\n<td>100% \u0111\u1eadu c\u00fac<\/td>\n<\/tr>\n<tr>\n<td><strong>Kh\u1ed1i l\u01b0\u1ee3ng<\/strong><\/td>\n<td>1kg<\/td>\n<\/tr>\n<tr>\n<td><strong>Xu\u1ea5t x\u1ee9<\/strong><\/td>\n<td>\u1ea4n \u0110\u1ed9<\/td>\n<\/tr>\n<tr>\n<td><strong>H\u1ea1n s\u1eed d\u1ee5ng<\/strong><\/td>\n<td>24 th\u00e1ng k\u1ec3 t\u1eeb ng\u00e0y s\u1ea3n xu\u1ea5t<\/td>\n<\/tr>\n<tr>\n<td><strong>B\u1ea3o qu\u1ea3n<\/strong><\/td>\n<td>\u1ede n\u01a1i kh\u00f4 r\u00e1o tho\u00e1ng m\u00e1t<\/td>\n<\/tr>\n<tr>\n<td><strong>H\u00ecnh th\u1ee9c b\u00e1n<\/strong><\/td>\n<td>Cung c\u1ea5p S\u1ec8 v\u00e0 L\u1eba to\u00e0n qu\u1ed1c<\/td>\n<\/tr>\n<\/tbody>\n<\/table>\n<\/td>\n<td><\/td>\n<\/tr>\n<\/tbody>\n<\/table>\n<p>\u0110\u1eadu Pinto l\u00e0 m\u1ed9t lo\u1ea1i \u0111\u1eadu ph\u1ed5 bi\u1ebfn th\u01b0\u1eddng \u0111\u01b0\u1ee3c s\u1eed d\u1ee5ng r\u1ed9ng r\u00e3i trong n\u1ea5u \u0103n c\u1ee7a Mexico v\u00e0 Nam M\u1ef9. \u0110\u1eadu Pinto c\u00f3 m\u00e0u tr\u1eafng nh\u1ea1t v\u1edbi nh\u1eefng l\u1ed1m \u0111\u1ed1m \u0111\u1ecf khi c\u00f2n s\u1ed1ng, nh\u01b0ng chuy\u1ec3n sang m\u00e0u n\u00e2u \u0111\u1ecf khi n\u1ea5u ch\u00edn.<\/p>\n<p>\u0110\u1eadu c\u00f3 k\u1ebft c\u1ea5u d\u1ea1ng kem v\u1edbi v\u1ecb h\u01a1i b\u00e9o v\u00e0 ng\u1ecdt. \u0110\u1eadu Pinto l\u00e0 ngu\u1ed3n cung c\u1ea5p carbohydrate, protein, canxi v\u00e0 ch\u1ea5t x\u01a1 kh\u00f4ng ch\u1ee9a gluten. Lo\u1ea1i \u0111\u1eadu n\u00e0y c\u0169ng ch\u1ee9a nhi\u1ec1u vitamin v\u00e0 ch\u1ea5t dinh d\u01b0\u1ee1ng nh\u01b0 vitamin C, kali, s\u1eaft v\u00e0 magi\u00ea.<\/p>\n<p>Hi\u1ec7n nay, Hoa K\u1ef3 l\u00e0 qu\u1ed1c gia ti\u00eau th\u1ee5 lo\u1ea1i \u0111\u1eadu n\u00e0y nhi\u1ec1u nh\u1ea5t v\u00e0 n\u00f3 \u0111\u01b0\u1ee3c tr\u1ed3ng, s\u1ea3n xu\u1ea5t v\u1edbi quy m\u00f4 l\u1edbn \u1edf \u1ea4n \u0110\u1ed9. \u0110\u1eadu c\u00fac \u1ea4n \u0110\u1ed9 lu\u00f4n cho ch\u1ea5t l\u01b0\u1ee3ng cao, \u0111\u1ea1t chu\u1ea9n v\u1ec1 h\u01b0\u01a1ng v\u1ecb, gi\u00e1 tr\u1ecb dinh d\u01b0\u1ee1ng. \u0110\u1eadu c\u00fac \u1ea4n \u0110\u1ed9 c\u00f3 th\u1ec3 ch\u1ebf bi\u1ebfn c\u00e1c m\u00f3n nh\u01b0 ch\u00e8, s\u00fap, canh, salad\u2026 r\u1ea5t b\u1ed5 d\u01b0\u1ee1ng, th\u01a1m ngon.<\/p>\n<p><img decoding=\"async\" class=\"aligncenter\" src=\"https:\/\/havamall.com\/wp-content\/uploads\/2026\/03\/1414141.large.jpg\" alt=\"K\u00e1\u00ba\u00bft qu\u00e1\u00ba\u00a3 h\u00c3\u00acnh \u00e1\u00ba\u00a3nh cho pinto beans\" \/><\/p>\n<h2>C\u00d4NG D\u1ee4NG C\u1ee6A \u0110\u1eacU C\u00daC<\/h2>\n<p>&#8211; Ngu\u1ed3n protein th\u1ef1c v\u1eadt tuy\u1ec7t v\u1eddi<\/p>\n<p>&#8211; Nhi\u1ec1u ch\u1ea5t x\u01a1<\/p>\n<p>&#8211; Th\u1ef1c ph\u1ea9m c\u00f3 h\u00e0m l\u01b0\u1ee3ng \u0111\u01b0\u1eddng huy\u1ebft th\u1ea5p<\/p>\n<p>&#8211; Gi\u00e0u folate<\/p>\n<p>&#8211; Ch\u1ee9a ch\u1ea5t ch\u1ed1ng oxy h\u00f3a<\/p>\n<p>&#8211; Gi\u1ea3m c\u00e2n, gi\u1eef d\u00e1ng<\/p>\n<p>&#8211; Ch\u1eefa t\u00e1o b\u00f3n<\/p>\n<p>&#8211; T\u1ed1t cho h\u1ec7 tim m\u1ea1ch<\/p>\n<p>&#8211; \u0110\u1eb9p da, gi\u1ea3m m\u1ee5n<\/p>\n<p>&#8211; Ng\u0103n ng\u1eeba r\u1ee5ng t\u00f3c<img fetchpriority=\"high\" decoding=\"async\" class=\"aligncenter\" src=\"https:\/\/havamall.com\/wp-content\/uploads\/2026\/03\/dau-pinto-tmt-foods-goi-500g-201912121443446622.jpg\" alt=\"\u0110\u1eadu pinto TMT Foods 500g t\u1ea1i bachhoaxanh.com\" width=\"655\" height=\"491\" \/><\/p>\n<h2><strong>CH\u1ea4T L\u01af\u1ee2NG \u0110\u1eacU C\u00daC \u1ede HAVAMALL RA SAO?<\/strong><\/h2>\n<p>&gt; C\u00e1c s\u1ea3n ph\u1ea9m h\u1ea1t dinh d\u01b0\u1ee1ng c\u1ee7a Havamall \u0111\u01b0\u1ee3c nh\u1eadp kh\u1ea9u \u0111\u1ea3m b\u1ea3o \u0111\u1ea7y \u0111\u1ee7 gi\u1ea5y t\u1edd h\u1ea3i quan. Ngu\u1ed3n h\u00e0ng \u0111\u1ea3m b\u1ea3o v\u1ec1 ngu\u1ed3n g\u1ed1c xu\u1ea5t x\u1ee9 n\u00ean kh\u00e1ch h\u00e0ng c\u00f3 th\u1ec3 y\u00ean t\u00e2m v\u1ec1 ngu\u1ed3n h\u00e0ng.<\/p>\n<p>&gt; Havamall \u0111\u1eb7c bi\u1ec7t h\u01b0\u1edbng \u0111\u1ebfn c\u00e1c c\u00f4ng ty s\u1ea3n xu\u1ea5t th\u1ef1c ph\u1ea9m, nh\u00e0 h\u00e0ng, kh\u00e1ch s\u1ea1n, si\u00eau th\u1ecb v\u00e0 c\u00e1c \u0111\u1ea1i l\u00fd b\u00e1n l\u1ebb c\u1ea7n mua s\u1ed1 l\u01b0\u1ee3ng l\u1edbn \u0111\u1eadu c\u00fac \u0111\u1ec3 s\u1eed d\u1ee5ng l\u00e0m nguy\u00ean li\u1ec7u trong s\u1ea3n xu\u1ea5t v\u00e0 b\u00e1n l\u1ebb. B\u1ea1n c\u00f3 th\u1ec3 ho\u00e0n to\u00e0n y\u00ean t\u00e2m v\u1ec1 ch\u1ea5t l\u01b0\u1ee3ng c\u1ee7a s\u1ea3n ph\u1ea9m \u0111\u1eadu c\u00fac c\u1ee7a ch\u00fang t\u00f4i, \u0111\u1ea3m b\u1ea3o \u0111\u00e1p \u1ee9ng nhu c\u1ea7u c\u1ee7a kh\u00e1ch h\u00e0ng v\u1ec1 \u0111\u1ed9 t\u01b0\u01a1i ngon v\u00e0 gi\u00e1 c\u1ea3 c\u1ea1nh tranh.<\/p>\n<p>&gt; S\u1ea3n ph\u1ea9m b\u1ea1n c\u1ea7n s\u1ebd \u0111\u01b0\u1ee3c chuy\u1ec3n \u0111\u1ebfn tay b\u1ea1n trong th\u1eddi gian s\u1edbm nh\u1ea5t.<\/p>\n<p>&gt; \u0110\u1ed1i v\u1edbi s\u1ec9 kh\u1ed1i l\u01b0\u1ee3ng 10kg,\u00a0 s\u1ebd \u0111\u00f3ng g\u00f3i trong t\u00fai 1kg\/t\u00fai v\u00e0 \u0111\u00f3ng trong th\u00f9ng carton \u0111\u1ec3 g\u1eedi cho qu\u00fd kh\u00e1ch.<\/p>\n<p>&gt; \u0110\u1ed1i v\u1edbi c\u00e1c kh\u1ed1i l\u01b0\u1ee3ng t\u1eeb 25kg tr\u1edf l\u00ean, \u0110\u1eadu c\u00fac s\u1ebd \u0111\u01b0\u1ee3c gi\u1eef nguy\u00ean bao x\u00e1 25kg nh\u01b0 khi nh\u1eadp kh\u1ea9u t\u1eeb n\u01b0\u1edbc ngo\u00e0i v\u1ec1.<\/p>\n<p><img decoding=\"async\" class=\"wp-image-20942 aligncenter\" src=\"https:\/\/havamall.com\/wp-content\/uploads\/2026\/03\/htg-300x157.png\" alt=\"\" width=\"655\" height=\"343\" \/><\/p>\n<div>\n<h2><strong>MUA \u0110\u1eacU C\u00daC CH\u1ea4T L\u01af\u1ee2NG GI\u00c1 R\u1eba \u1ede \u0110\u00c2U?<\/strong><\/h2>\n<p>\u2013 Tr\u00ean th\u1ecb tr\u01b0\u1eddng c\u00f3 r\u1ea5t nhi\u1ec1u\u00a0n\u01a1i b\u00e1n h\u1ea1t c\u00fac,\u00a0nh\u01b0ng kh\u00f4ng ph\u1ea3i \u0111\u1ecba ch\u1ec9 n\u00e0o c\u0169ng\u00a0b\u00e1n \u0111\u1eadu ch\u1ea5t l\u01b0\u1ee3ng.\u00a0Ho\u1eb7c c\u00f3 nh\u1eefng\u00a0c\u01a1 s\u1edf b\u00e1n \u0111\u1eadu c\u00fac v\u1edbi gi\u00e1 qu\u00e1 cao khi\u1ebfn ng\u01b0\u1eddi ti\u00eau d\u00f9ng v\u1eabn c\u00f2n b\u0103n kho\u0103n khi mua. \u0110\u1ec3 t\u00ecm \u0111\u01b0\u1ee3c \u0111\u1ecba ch\u1ec9 uy t\u00edn chuy\u00ean\u00a0b\u00e1n \u0111\u1eadu c\u00fac t\u1ea1i H\u1ed3 Ch\u00ed Minh kh\u00f4ng ph\u1ea3i d\u1ec5. Th\u1ecb tr\u01b0\u1eddng\u00a0mua b\u00e1n h\u1ea1t \u0111\u1eadu \u1edf H\u1ed3 Ch\u00ed Minh\u00a0r\u1ea5t l\u1edbn, v\u00ec v\u1eady c\u00e1c b\u1ea1n n\u00ean t\u00ecm \u0111\u1ebfn nh\u1eefng \u0111\u1ecba ch\u1ec9 chuy\u00ean b\u00e1n \u0111\u1ed3 kh\u00f4 ch\u1ea5t l\u01b0\u1ee3ng.<\/p>\n<p>\u2013 N\u1ebfu b\u1ea1n \u0111ang t\u00ecm\u00a0n\u01a1i b\u00e1n \u0111\u1eadu c\u00fac ch\u1ea5t l\u01b0\u1ee3ng gi\u00e1 r\u1ebb nh\u1ea5t th\u1ecb tr\u01b0\u1eddng\u00a0th\u00ec \u0111\u1eebng b\u1ecf qua\u00a0<a href=\"https:\/\/havamall.vn\/\">Havamall<\/a>. \u0110\u1eadu c\u00fac b\u00e1n t\u1ea1i Havamall\u00a0l\u00e0 s\u1ea3n ph\u1ea9m ch\u1ea5t l\u01b0\u1ee3ng nh\u1ea5t v\u00e0 c\u00f3 gi\u00e1 th\u00e0nh h\u1ee3p l\u00fd. Cam k\u1ebft kh\u00f4ng s\u1eed d\u1ee5ng ch\u1ea5t b\u1ea3o qu\u1ea3n, an to\u00e0n tuy\u1ec7t \u0111\u1ed1i cho ng\u01b0\u1eddi s\u1eed d\u1ee5ng. Khi s\u1eed d\u1ee5ng \u0111\u1eadu c\u00fac t\u1ea1i\u00a0Havamall, b\u1ea1n kh\u00f4ng ch\u1ec9 \u0111\u01b0\u1ee3c y\u00ean t\u00e2m v\u1ec1 ch\u1ea5t l\u01b0\u1ee3ng m\u00e0 c\u00f2n ho\u00e0n to\u00e0n y\u00ean t\u00e2m v\u1ec1 gi\u00e1 c\u1ea3.<\/p>\n<p><img decoding=\"async\" class=\"wp-image-32031 aligncenter\" src=\"https:\/\/havamall.com\/wp-content\/uploads\/2026\/03\/lingua-di-fuoco-300x225.jpg\" alt=\"\" width=\"673\" height=\"505\" \/><\/p>\n<h2><strong>C\u00c1CH MUA \u0110\u1eacU C\u00daC GI\u00c1 S\u1ec8 V\u00c0 L\u1eba T\u1ea0I HAVAMALL<\/strong><\/h2>\n<p>\u0110\u1ec3 \u0111\u1eb7t mua h\u1ea1t c\u00fac t\u1ea1i Havamall, B\u1ea1n c\u00f3 th\u1ec3 th\u1ef1c hi\u1ec7n 1 trong c\u00e1c c\u00e1ch sau:<\/p>\n<p><strong>&gt; C\u00e1ch 1:<\/strong>\u00a0Li\u00ean h\u1ec7 tr\u1ef1c ti\u1ebfp\u00a0<strong>Hotline: 0946.229.642 (Call,zalo)<\/strong><\/p>\n<p><strong>&gt;C\u00e1ch 2:<\/strong>\u00a0\u0110\u1eb7t h\u00e0ng tr\u1ef1c ti\u1ebfp t\u1ea1i website\u00a0<a href=\"https:\/\/havamall.vn\/\">havamall.vn<\/a>\u00a0\u2013 Sau khi b\u1ea1n \u0111\u1eb7t h\u00e0ng, nh\u00e2n vi\u00ean Havamall s\u1ebd ti\u1ebfp nh\u1eadn \u0111\u01a1n v\u00e0 l\u00ean \u0111\u01a1n \u0111\u1ec3 g\u1eedi cho b\u1ea1n.<\/p>\n<p>V\u1ec1 v\u1eadn chuy\u1ec3n, v\u1edbi c\u00e1c \u0111\u01a1n h\u00e0ng b\u00e1n l\u1ebb v\u00e0 \u0111\u1eadu c\u00fac gi\u00e1 s\u1ec9\u00a0t\u1ea1i TP.HCM b\u1ea1n s\u1ebd nh\u1eadn \u0111\u01b0\u1ee3c h\u00e0ng trong v\u00f2ng 1 ng\u00e0y.<\/p>\n<p>\u0110\u1ed1i v\u1edbi c\u00e1c \u0111\u01a1n h\u00e0ng b\u00e1n l\u1ebb t\u1ea1i c\u00e1c t\u1ec9nh ngo\u00e0i TP.HCM, b\u1ea1n s\u1ebd nh\u1eadn \u0111\u01b0\u1ee3c h\u00e0ng sau 2-4 ng\u00e0y k\u1ec3 t\u1eeb ng\u00e0y \u0111\u1eb7t h\u00e0ng. \u0110\u1ed1i v\u1edbi c\u00e1c \u0111\u01a1n h\u00e0ng s\u1ec9 Havamall s\u1ebd h\u1ed7 tr\u1ee3 g\u1eedi ra ch\u00e0nh xe cho b\u1ea1n.<\/p>\n<p><strong>GI\u00c1 CH\u1ec8 \u00c1P D\u1ee4NG CHO KH\u00c1CH S\u1ec8 KHI MUA B\u00c0O T\u1eea 25KG<\/strong><\/p>\n<\/div>","protected":false},"excerpt":{"rendered":"<p>&nbsp; \u0110\u00d4I N\u00c9T V\u1ec0 \u0110\u1eacU C\u00daC T\u00ean s\u1ea3n ph\u1ea9m \u0110\u1eadu c\u00fac\/Pinto Beans Th\u00e0nh ph\u1ea7n 100% \u0111\u1eadu c\u00fac Kh\u1ed1i l\u01b0\u1ee3ng 1kg<\/p>","protected":false},"featured_media":32032,"comment_status":"open","ping_status":"closed","template":"","meta":[],"product_brand":[],"product_cat":[40],"product_tag":[],"class_list":{"0":"post-32029","1":"product","2":"type-product","3":"status-publish","4":"has-post-thumbnail","6":"product_cat-sieuthi-giasi","7":"pa_brand-skx","9":"first","10":"instock","11":"sale","12":"shipping-taxable","13":"purchasable","14":"product-type-simple"},"_links":{"self":[{"href":"https:\/\/havamall.vn\/en\/wp-json\/wp\/v2\/product\/32029"}],"collection":[{"href":"https:\/\/havamall.vn\/en\/wp-json\/wp\/v2\/product"}],"about":[{"href":"https:\/\/havamall.vn\/en\/wp-json\/wp\/v2\/types\/product"}],"replies":[{"embeddable":true,"href":"https:\/\/havamall.vn\/en\/wp-json\/wp\/v2\/comments?post=32029"}],"version-history":[{"count":0,"href":"https:\/\/havamall.vn\/en\/wp-json\/wp\/v2\/product\/32029\/revisions"}],"wp:featuredmedia":[{"embeddable":true,"href":"https:\/\/havamall.vn\/en\/wp-json\/wp\/v2\/media\/32032"}],"wp:attachment":[{"href":"https:\/\/havamall.vn\/en\/wp-json\/wp\/v2\/media?parent=32029"}],"wp:term":[{"taxonomy":"product_brand","embeddable":true,"href":"https:\/\/havamall.vn\/en\/wp-json\/wp\/v2\/product_brand?post=32029"},{"taxonomy":"product_cat","embeddable":true,"href":"https:\/\/havamall.vn\/en\/wp-json\/wp\/v2\/product_cat?post=32029"},{"taxonomy":"product_tag","embeddable":true,"href":"https:\/\/havamall.vn\/en\/wp-json\/wp\/v2\/product_tag?post=32029"}],"curies":[{"name":"wp","href":"https:\/\/api.w.org\/{rel}","templated":true}]}}