{"id":32005,"date":"2023-07-24T17:01:49","date_gmt":"2023-07-24T10:01:49","guid":{"rendered":"https:\/\/havamall.vn\/?post_type=product&#038;p=32005"},"modified":"2023-07-28T10:36:29","modified_gmt":"2023-07-28T03:36:29","slug":"dau-ha-lan-xanh-nguyen-hat-havafoodies-1kg-green-peas","status":"publish","type":"product","link":"https:\/\/havamall.vn\/en\/shop\/dau-ha-lan-xanh-nguyen-hat-havafoodies-1kg-green-peas\/","title":{"rendered":"\u0110\u1eadu\/H\u1ea1t Gi\u00e1 S\u1ec9 T\u1ed1t Nh\u1ea5t Hi\u1ec7n Nay &#8211; \u0110\u1eadu H\u00e0 Lan Xanh Nguy\u00ean H\u1ea1t Havafoodies 1KG &#8211; Green Peas"},"content":{"rendered":"<p>&nbsp;<\/p>\n<h2><strong>\u0110\u00d4I N\u00c9T V\u1ec0 \u0110\u1eacU H\u00c0 LAN XANH<\/strong><\/h2>\n<p>\u0110\u1eadu H\u00e0 Lan Xanh\u00a0c\u00f3 th\u1ec3 b\u1eaft ngu\u1ed3n t\u1eeb v\u00f9ng \u0111\u1ed3ng b\u1eb1ng ph\u1ee5 c\u1eadn Himalayan \u1edf ph\u00eda t\u00e2y b\u1eafc \u1ea4n \u0110\u1ed9. Ng\u00e0y nay, c\u00e2y h\u1ecd \u0111\u1eadu n\u00e0y l\u00e0 m\u1ed9t trong nh\u1eefng c\u00e2y tr\u1ed3ng th\u01b0\u01a1ng m\u1ea1i ch\u1ee7 y\u1ebfu \u0111\u01b0\u1ee3c tr\u1ed3ng \u1edf c\u00e1c v\u00f9ng \u00f4n \u0111\u1edbi v\u00e0 b\u00e1n nhi\u1ec7t \u0111\u1edbi.<\/p>\n<p>Qu\u1ea3 \u0111\u01b0\u1ee3c thu ho\u1ea1ch khi \u0111\u1ea1t \u0111\u1ebfn \u0111\u1ed9 tr\u01b0\u1edfng th\u00e0nh, v\u00e0o th\u1eddi \u0111i\u1ec3m h\u1ea1t c\u1ee7a ch\u00fang c\u00f3 m\u00e0u xanh l\u00e1 c\u00e2y, m\u1ec1m, ng\u1ecdt v\u00e0 \u0103n \u0111\u01b0\u1ee3c t\u01b0\u01a1i. Ho\u1eb7c thu ho\u1ea1ch mu\u1ed9n h\u01a1n \u1edf d\u1ea1ng \u0111\u1eadu kh\u00f4, xanh nh\u1ea1t \u0111\u1ebfn v\u00e0ng, \u00edt ng\u1ecdt v\u00e0 \u0111\u1eafng h\u01a1n.<\/p>\n<p>L\u00e0 m\u1ed9t ngu\u1ed3n \u0111\u00e1ng tin c\u1eady c\u00e1c ch\u1ea5t b\u00e9o, omega-3 d\u01b0\u1edbi d\u1ea1ng axit alpha-linolenic (ALA). Trong m\u1ed9t ch\u00e9n \u0111\u1eadu h\u00e0 lan c\u00f3 ch\u1ee9a 30 miligam ALA, 130 miligam axit b\u00e9o, omega-6 c\u1ea7n thi\u1ebft v\u00e0 axit linoleic. M\u1eb7c d\u00f9 h\u00e0m l\u01b0\u1ee3ng ch\u1ea5t b\u00e9o th\u1ea5p, nh\u01b0ng ch\u00fang l\u00e0 lo\u1ea1i ch\u1ea5t b\u00e9o quan tr\u1ecdng r\u1ea5t t\u1ed1t cho c\u01a1 th\u1ec3.<\/p>\n<h2><strong><img fetchpriority=\"high\" decoding=\"async\" class=\"alignnone wp-image-9913 aligncenter\" src=\"https:\/\/havamall.vn\/wp-content\/uploads\/2018\/06\/7206992-fresh-green-peas-and-dried-peas-isolated-on-white-studio-shot.jpg\" alt=\"\" width=\"702\" height=\"540\" srcset=\"https:\/\/havamall.vn\/wp-content\/uploads\/2018\/06\/7206992-fresh-green-peas-and-dried-peas-isolated-on-white-studio-shot.jpg 1107w, https:\/\/havamall.vn\/wp-content\/uploads\/2018\/06\/7206992-fresh-green-peas-and-dried-peas-isolated-on-white-studio-shot-430x331.jpg 430w, https:\/\/havamall.vn\/wp-content\/uploads\/2018\/06\/7206992-fresh-green-peas-and-dried-peas-isolated-on-white-studio-shot-150x115.jpg 150w, https:\/\/havamall.vn\/wp-content\/uploads\/2018\/06\/7206992-fresh-green-peas-and-dried-peas-isolated-on-white-studio-shot-700x538.jpg 700w\" sizes=\"(max-width: 702px) 100vw, 702px\" \/><\/strong><\/h2>\n<h2><strong>TH\u00c0NH PH\u1ea6N DINH D\u01af\u1ee0NG C\u1ee6A \u0110\u1eacU H\u00c0 LAN XANH<\/strong><\/h2>\n<p>100 gam \u0111\u1eadu H\u00e0 lan c\u00f3 ch\u1ee9a t\u1edbi 16,78g protein th\u1ef1c v\u1eadt; 6,5g \u0111\u01b0\u1eddng t\u1ed5ng s\u1ed1;\u00a04,85g ch\u1ea5t x\u01a1; 0,93mg Thimin;\u00a0254 mcg Axit Folic; 336 Kcal (m\u1ed9t n\u0103ng l\u01b0\u1ee3ng t\u01b0\u01a1ng \u0111\u01b0\u01a1ng v\u1edbi 150g th\u1ecbt b\u00f2 b\u1eafp); 79,9mg canxi; 6,79mg s\u1eaft; 115mg Magi\u00ea; 460mg Phospho; 820mg Kali; 2,88mg k\u1ebdm; 0,76mg \u0111\u1ed3ng; 1,17mg Mangan.<\/p>\n<p><img decoding=\"async\" class=\"aligncenter\" src=\"https:\/\/havamall.vn\/wp-content\/uploads\/2018\/06\/Green-peas-in-wooden-bowl1.jpg\" alt=\"H\u00c3\u00acnh \u00e1\u00ba\u00a3nh c\u00c3\u00b3 li\u00c3\u00aan quan\" width=\"705\" height=\"469\" \/><\/p>\n<h2><strong>C\u00d4NG D\u1ee4NG C\u1ee6A \u0110\u1eacU H\u00c0 LAN XANH<\/strong><\/h2>\n<p><strong>\u27a4\u00a0<\/strong>Theo c\u00e1c nh\u00e0 nghi\u00ean c\u1ee9u thu\u1ed9c Tr\u01b0\u1eddng \u0110H Manitoba (Canada), \u0111\u1eadu H\u00e0 Lan c\u00f3 th\u1ec3 gi\u00fap ng\u0103n ng\u1eeba v\u00e0 \u0111i\u1ec1u tr\u1ecb b\u1ec7nh \u0111\u00e1i th\u00e1o \u0111\u01b0\u1eddng type 2, r\u1ea5t c\u00f3 l\u1ee3i cho s\u1ee9c kh\u1ecfe b\u1edfi th\u00e0nh ph\u1ea7n ch\u1ee9a nhi\u1ec1u ch\u1ea5t x\u01a1, \u0111\u1ea1m, ch\u1ea5t ch\u1ed1ng oxy h\u00f3a, \u00edt ch\u1ea5t b\u00e9o.<\/p>\n<p><strong>\u27a4\u00a0<\/strong>B\u00ean c\u1ea1nh \u0111\u00f3, \u0111\u1eadu H\u00e0 lan b\u1ed5 sung dinh d\u01b0\u1ee1ng h\u1eb1ng ng\u00e0y cho m\u1ed7i c\u01a1 th\u1ec3 s\u1ed1ng \u1edf m\u1ecdi l\u1ee9a tu\u1ed5i, m\u1ecdi gi\u1edbi t\u00ednh\u2026 \u0110\u1eb7c bi\u1ec7t h\u01a1n n\u1eefa l\u00e0 ch\u0103m s\u00f3c tr\u1ebb em c\u00f2i c\u1ecdc, b\u00e9o ph\u00ec, ph\u1ee5 n\u1eef mang thai, ph\u1ee5 n\u1eef \u0111ang cho con b\u00fa, \u00a0ng\u01b0\u1eddi b\u1ec7nh, ng\u01b0\u1eddi gi\u00e0\u2026. S\u1eed d\u1ee5ng \u0111\u1eadu H\u00e0 Lan l\u00e0 m\u1ed9t l\u1ef1a ch\u1ecdn kh\u00f4n ngoan cho ngu\u1ed3n dinh d\u01b0\u1ee1ng l\u00e0nh m\u1ea1nh.<\/p>\n<h3><img decoding=\"async\" class=\"wp-image-23539 aligncenter\" src=\"https:\/\/havamall.vn\/wp-content\/uploads\/2021\/11\/green-pea-and-300x200.png\" alt=\"\" width=\"705\" height=\"470\" srcset=\"https:\/\/havamall.vn\/wp-content\/uploads\/2021\/11\/green-pea-and-300x200.png 300w, https:\/\/havamall.vn\/wp-content\/uploads\/2021\/11\/green-pea-and-430x286.png 430w, https:\/\/havamall.vn\/wp-content\/uploads\/2021\/11\/green-pea-and-150x100.png 150w, https:\/\/havamall.vn\/wp-content\/uploads\/2021\/11\/green-pea-and-700x466.png 700w, https:\/\/havamall.vn\/wp-content\/uploads\/2021\/11\/green-pea-and-768x511.png 768w, https:\/\/havamall.vn\/wp-content\/uploads\/2021\/11\/green-pea-and-1024x682.png 1024w, https:\/\/havamall.vn\/wp-content\/uploads\/2021\/11\/green-pea-and-1200x799.png 1200w, https:\/\/havamall.vn\/wp-content\/uploads\/2021\/11\/green-pea-and-600x399.png 600w\" sizes=\"(max-width: 705px) 100vw, 705px\" \/><\/h3>\n<h2><strong>CH\u1ea4T L\u01af\u1ee2NG \u0110\u1eacU H\u00c0 LAN XANH \u1ede HAVAMALL RA SAO?<\/strong><\/h2>\n<p>&gt; C\u00e1c s\u1ea3n ph\u1ea9m h\u1ea1t dinh d\u01b0\u1ee1ng c\u1ee7a Havamall \u0111\u01b0\u1ee3c nh\u1eadp kh\u1ea9u \u0111\u1ea3m b\u1ea3o \u0111\u1ea7y \u0111\u1ee7 gi\u1ea5y t\u1edd h\u1ea3i quan. Ngu\u1ed3n h\u00e0ng \u0111\u1ea3m b\u1ea3o v\u1ec1 ngu\u1ed3n g\u1ed1c xu\u1ea5t x\u1ee9 n\u00ean kh\u00e1ch h\u00e0ng c\u00f3 th\u1ec3 y\u00ean t\u00e2m v\u1ec1 ngu\u1ed3n h\u00e0ng.<\/p>\n<p>&gt; Havamall \u0111\u1eb7c bi\u1ec7t h\u01b0\u1edbng \u0111\u1ebfn c\u00e1c c\u00f4ng ty s\u1ea3n xu\u1ea5t th\u1ef1c ph\u1ea9m, nh\u00e0 h\u00e0ng, kh\u00e1ch s\u1ea1n, si\u00eau th\u1ecb v\u00e0 c\u00e1c \u0111\u1ea1i l\u00fd b\u00e1n l\u1ebb c\u1ea7n mua s\u1ed1 l\u01b0\u1ee3ng l\u1edbn \u0111\u1eadu h\u00e0 lan xanh \u0111\u1ec3 s\u1eed d\u1ee5ng l\u00e0m nguy\u00ean li\u1ec7u trong s\u1ea3n xu\u1ea5t v\u00e0 b\u00e1n l\u1ebb. B\u1ea1n c\u00f3 th\u1ec3 ho\u00e0n to\u00e0n y\u00ean t\u00e2m v\u1ec1 ch\u1ea5t l\u01b0\u1ee3ng c\u1ee7a s\u1ea3n ph\u1ea9m \u0111\u1eadu h\u00e0 lan xanh c\u1ee7a ch\u00fang t\u00f4i, \u0111\u1ea3m b\u1ea3o \u0111\u00e1p \u1ee9ng nhu c\u1ea7u c\u1ee7a kh\u00e1ch h\u00e0ng v\u1ec1 \u0111\u1ed9 t\u01b0\u01a1i ngon v\u00e0 gi\u00e1 c\u1ea3 c\u1ea1nh tranh.<\/p>\n<p>&gt; S\u1ea3n ph\u1ea9m b\u1ea1n c\u1ea7n s\u1ebd \u0111\u01b0\u1ee3c chuy\u1ec3n \u0111\u1ebfn tay b\u1ea1n trong th\u1eddi gian s\u1edbm nh\u1ea5t.<\/p>\n<p>&gt; \u0110\u1ed1i v\u1edbi s\u1ec9 kh\u1ed1i l\u01b0\u1ee3ng 10kg,\u00a0 s\u1ebd \u0111\u00f3ng g\u00f3i trong t\u00fai 1kg\/t\u00fai v\u00e0 \u0111\u00f3ng trong th\u00f9ng carton \u0111\u1ec3 g\u1eedi cho qu\u00fd kh\u00e1ch.<\/p>\n<p>&gt; \u0110\u1ed1i v\u1edbi c\u00e1c kh\u1ed1i l\u01b0\u1ee3ng t\u1eeb 25kg tr\u1edf l\u00ean, \u0111\u1eadu s\u1ebd \u0111\u01b0\u1ee3c gi\u1eef nguy\u00ean bao x\u00e1 25kg nh\u01b0 khi nh\u1eadp kh\u1ea9u t\u1eeb n\u01b0\u1edbc ngo\u00e0i v\u1ec1.<\/p>\n<p><img loading=\"lazy\" decoding=\"async\" class=\"wp-image-32027 aligncenter\" src=\"https:\/\/havamall.vn\/wp-content\/uploads\/2023\/07\/534ee51df39c9623a5aea0efdbd9eadb-300x300.jpeg\" alt=\"\" width=\"726\" height=\"726\" srcset=\"https:\/\/havamall.vn\/wp-content\/uploads\/2023\/07\/534ee51df39c9623a5aea0efdbd9eadb-300x300.jpeg 300w, https:\/\/havamall.vn\/wp-content\/uploads\/2023\/07\/534ee51df39c9623a5aea0efdbd9eadb-430x430.jpeg 430w, https:\/\/havamall.vn\/wp-content\/uploads\/2023\/07\/534ee51df39c9623a5aea0efdbd9eadb-150x150.jpeg 150w, https:\/\/havamall.vn\/wp-content\/uploads\/2023\/07\/534ee51df39c9623a5aea0efdbd9eadb-700x700.jpeg 700w, https:\/\/havamall.vn\/wp-content\/uploads\/2023\/07\/534ee51df39c9623a5aea0efdbd9eadb-768x768.jpeg 768w, https:\/\/havamall.vn\/wp-content\/uploads\/2023\/07\/534ee51df39c9623a5aea0efdbd9eadb-600x600.jpeg 600w, https:\/\/havamall.vn\/wp-content\/uploads\/2023\/07\/534ee51df39c9623a5aea0efdbd9eadb-100x100.jpeg 100w, https:\/\/havamall.vn\/wp-content\/uploads\/2023\/07\/534ee51df39c9623a5aea0efdbd9eadb.jpeg 800w\" sizes=\"(max-width: 726px) 100vw, 726px\" \/><\/p>\n<div>\n<h2><strong>MUA \u0110\u1eacU H\u00c0 LAN XANH CH\u1ea4T L\u01af\u1ee2NG GI\u00c1 R\u1eba \u1ede \u0110\u00c2U?<\/strong><\/h2>\n<p>\u2013 Tr\u00ean th\u1ecb tr\u01b0\u1eddng c\u00f3 r\u1ea5t nhi\u1ec1u\u00a0n\u01a1i b\u00e1n h\u1ea1t \u0111\u1eadu h\u00e0 lan,\u00a0nh\u01b0ng kh\u00f4ng ph\u1ea3i \u0111\u1ecba ch\u1ec9 n\u00e0o c\u0169ng\u00a0b\u00e1n h\u1ea1t \u0111\u1eadu g\u00e0 ch\u1ea5t l\u01b0\u1ee3ng.\u00a0Ho\u1eb7c c\u00f3 nh\u1eefng\u00a0c\u01a1 s\u1edf b\u00e1n h\u1ea1t \u0111\u1eadu h\u00e0 lan v\u1edbi gi\u00e1 qu\u00e1 cao khi\u1ebfn ng\u01b0\u1eddi ti\u00eau d\u00f9ng v\u1eabn c\u00f2n b\u0103n kho\u0103n khi mua. \u0110\u1ec3 t\u00ecm \u0111\u01b0\u1ee3c \u0111\u1ecba ch\u1ec9 uy t\u00edn chuy\u00ean\u00a0b\u00e1n \u0111\u1eadu h\u1ea1t t\u1ea1i H\u1ed3 Ch\u00ed Minh kh\u00f4ng ph\u1ea3i d\u1ec5. Th\u1ecb tr\u01b0\u1eddng\u00a0mua b\u00e1n h\u1ea1t \u0111\u1eadu \u1edf H\u1ed3 Ch\u00ed Minh\u00a0r\u1ea5t l\u1edbn, v\u00ec v\u1eady c\u00e1c b\u1ea1n n\u00ean t\u00ecm \u0111\u1ebfn nh\u1eefng \u0111\u1ecba ch\u1ec9 chuy\u00ean b\u00e1n \u0111\u1ed3 kh\u00f4 ch\u1ea5t l\u01b0\u1ee3ng.<\/p>\n<p>\u2013 N\u1ebfu b\u1ea1n \u0111ang t\u00ecm\u00a0n\u01a1i b\u00e1n h\u1ea1t \u0111\u1eadu h\u00e0 lan xanh ch\u1ea5t l\u01b0\u1ee3ng gi\u00e1 r\u1ebb nh\u1ea5t th\u1ecb tr\u01b0\u1eddng\u00a0th\u00ec \u0111\u1eebng b\u1ecf qua\u00a0<a href=\"https:\/\/havamall.vn\/\">Havamall<\/a>. \u0110\u1eadu h\u00e0 lan xanh b\u00e1n t\u1ea1i Havamall\u00a0l\u00e0 s\u1ea3n ph\u1ea9m ch\u1ea5t l\u01b0\u1ee3ng nh\u1ea5t v\u00e0 c\u00f3 gi\u00e1 th\u00e0nh h\u1ee3p l\u00fd. Cam k\u1ebft kh\u00f4ng s\u1eed d\u1ee5ng ch\u1ea5t b\u1ea3o qu\u1ea3n, an to\u00e0n tuy\u1ec7t \u0111\u1ed1i cho ng\u01b0\u1eddi s\u1eed d\u1ee5ng. Khi s\u1eed d\u1ee5ng \u0111\u1eadu t\u1ea1i\u00a0Havamall, b\u1ea1n kh\u00f4ng ch\u1ec9 \u0111\u01b0\u1ee3c y\u00ean t\u00e2m v\u1ec1 ch\u1ea5t l\u01b0\u1ee3ng m\u00e0 c\u00f2n ho\u00e0n to\u00e0n y\u00ean t\u00e2m v\u1ec1 gi\u00e1 c\u1ea3.<\/p>\n<p><img loading=\"lazy\" decoding=\"async\" class=\"wp-image-32028 aligncenter\" src=\"https:\/\/havamall.vn\/wp-content\/uploads\/2023\/07\/Screen-Shot-2023-07-25-at-11.24.58-AM-300x224.png\" alt=\"\" width=\"714\" height=\"533\" srcset=\"https:\/\/havamall.vn\/wp-content\/uploads\/2023\/07\/Screen-Shot-2023-07-25-at-11.24.58-AM-300x224.png 300w, https:\/\/havamall.vn\/wp-content\/uploads\/2023\/07\/Screen-Shot-2023-07-25-at-11.24.58-AM-430x321.png 430w, https:\/\/havamall.vn\/wp-content\/uploads\/2023\/07\/Screen-Shot-2023-07-25-at-11.24.58-AM-150x112.png 150w, https:\/\/havamall.vn\/wp-content\/uploads\/2023\/07\/Screen-Shot-2023-07-25-at-11.24.58-AM-700x523.png 700w, https:\/\/havamall.vn\/wp-content\/uploads\/2023\/07\/Screen-Shot-2023-07-25-at-11.24.58-AM-768x574.png 768w, https:\/\/havamall.vn\/wp-content\/uploads\/2023\/07\/Screen-Shot-2023-07-25-at-11.24.58-AM-1024x765.png 1024w, https:\/\/havamall.vn\/wp-content\/uploads\/2023\/07\/Screen-Shot-2023-07-25-at-11.24.58-AM-1200x896.png 1200w, https:\/\/havamall.vn\/wp-content\/uploads\/2023\/07\/Screen-Shot-2023-07-25-at-11.24.58-AM-600x448.png 600w, https:\/\/havamall.vn\/wp-content\/uploads\/2023\/07\/Screen-Shot-2023-07-25-at-11.24.58-AM.png 1668w\" sizes=\"(max-width: 714px) 100vw, 714px\" \/><\/p>\n<h2><strong>C\u00c1CH MUA \u0110\u1eacU H\u00c0 LAN XANH GI\u00c1 S\u1ec8 V\u00c0 L\u1eba T\u1ea0I HAVAMALL<\/strong><\/h2>\n<p>\u0110\u1ec3 \u0111\u1eb7t mua h\u00e0 lan xanh t\u1ea1i Havamall, B\u1ea1n c\u00f3 th\u1ec3 th\u1ef1c hi\u1ec7n 1 trong c\u00e1c c\u00e1ch sau:<\/p>\n<p><strong>&gt; C\u00e1ch 1:<\/strong>\u00a0Li\u00ean h\u1ec7 tr\u1ef1c ti\u1ebfp\u00a0<strong>Hotline: 0946.229.642 (Call,zalo)<\/strong><\/p>\n<p><strong>&gt;C\u00e1ch 2:<\/strong>\u00a0\u0110\u1eb7t h\u00e0ng tr\u1ef1c ti\u1ebfp t\u1ea1i website\u00a0<a href=\"https:\/\/havamall.vn\/\">havamall.vn<\/a>\u00a0\u2013 Sau khi b\u1ea1n \u0111\u1eb7t h\u00e0ng, nh\u00e2n vi\u00ean Havamall s\u1ebd ti\u1ebfp nh\u1eadn \u0111\u01a1n v\u00e0 l\u00ean \u0111\u01a1n \u0111\u1ec3 g\u1eedi cho b\u1ea1n.<\/p>\n<p>V\u1ec1 v\u1eadn chuy\u1ec3n, v\u1edbi c\u00e1c \u0111\u01a1n h\u00e0ng b\u00e1n l\u1ebb v\u00e0\u00a0h\u1ea1t \u0111\u1eadu h\u00e0 lan xanh gi\u00e1 s\u1ec9\u00a0t\u1ea1i TP.HCM b\u1ea1n s\u1ebd nh\u1eadn \u0111\u01b0\u1ee3c h\u00e0ng trong v\u00f2ng 1 ng\u00e0y.<\/p>\n<p>\u0110\u1ed1i v\u1edbi c\u00e1c \u0111\u01a1n h\u00e0ng b\u00e1n l\u1ebb t\u1ea1i c\u00e1c t\u1ec9nh ngo\u00e0i TP.HCM, b\u1ea1n s\u1ebd nh\u1eadn \u0111\u01b0\u1ee3c h\u00e0ng sau 2-4 ng\u00e0y k\u1ec3 t\u1eeb ng\u00e0y \u0111\u1eb7t h\u00e0ng. \u0110\u1ed1i v\u1edbi c\u00e1c \u0111\u01a1n h\u00e0ng s\u1ec9 Havamall s\u1ebd h\u1ed7 tr\u1ee3 g\u1eedi ra ch\u00e0nh xe cho b\u1ea1n.<\/p>\n<p><strong>GI\u00c1 CH\u1ec8 \u00c1P D\u1ee4NG CHO KH\u00c1CH S\u1ec8 KHI MUA B\u00c0O T\u1eea 25KG<\/strong><\/p>\n<\/div>","protected":false},"excerpt":{"rendered":"<p>&nbsp; \u0110\u00d4I N\u00c9T V\u1ec0 \u0110\u1eacU H\u00c0 LAN XANH \u0110\u1eadu H\u00e0 Lan Xanh\u00a0c\u00f3 th\u1ec3 b\u1eaft ngu\u1ed3n t\u1eeb v\u00f9ng \u0111\u1ed3ng b\u1eb1ng ph\u1ee5<\/p>","protected":false},"featured_media":32006,"comment_status":"open","ping_status":"closed","template":"","meta":[],"product_brand":[],"product_cat":[40],"product_tag":[],"class_list":{"0":"post-32005","1":"product","2":"type-product","3":"status-publish","4":"has-post-thumbnail","6":"product_cat-sieuthi-giasi","7":"pa_brand-skx","9":"first","10":"instock","11":"sale","12":"shipping-taxable","13":"purchasable","14":"product-type-simple"},"_links":{"self":[{"href":"https:\/\/havamall.vn\/en\/wp-json\/wp\/v2\/product\/32005"}],"collection":[{"href":"https:\/\/havamall.vn\/en\/wp-json\/wp\/v2\/product"}],"about":[{"href":"https:\/\/havamall.vn\/en\/wp-json\/wp\/v2\/types\/product"}],"replies":[{"embeddable":true,"href":"https:\/\/havamall.vn\/en\/wp-json\/wp\/v2\/comments?post=32005"}],"version-history":[{"count":0,"href":"https:\/\/havamall.vn\/en\/wp-json\/wp\/v2\/product\/32005\/revisions"}],"wp:featuredmedia":[{"embeddable":true,"href":"https:\/\/havamall.vn\/en\/wp-json\/wp\/v2\/media\/32006"}],"wp:attachment":[{"href":"https:\/\/havamall.vn\/en\/wp-json\/wp\/v2\/media?parent=32005"}],"wp:term":[{"taxonomy":"product_brand","embeddable":true,"href":"https:\/\/havamall.vn\/en\/wp-json\/wp\/v2\/product_brand?post=32005"},{"taxonomy":"product_cat","embeddable":true,"href":"https:\/\/havamall.vn\/en\/wp-json\/wp\/v2\/product_cat?post=32005"},{"taxonomy":"product_tag","embeddable":true,"href":"https:\/\/havamall.vn\/en\/wp-json\/wp\/v2\/product_tag?post=32005"}],"curies":[{"name":"wp","href":"https:\/\/api.w.org\/{rel}","templated":true}]}}