{"id":32002,"date":"2023-07-24T16:57:03","date_gmt":"2023-07-24T09:57:03","guid":{"rendered":"https:\/\/havamall.vn\/?post_type=product&#038;p=32002"},"modified":"2023-07-28T10:36:41","modified_gmt":"2023-07-28T03:36:41","slug":"dau-ga-trang-nguyen-hat-havafoodies-1kg-chick-peas","status":"publish","type":"product","link":"https:\/\/havamall.vn\/en\/shop\/dau-ga-trang-nguyen-hat-havafoodies-1kg-chick-peas\/","title":{"rendered":"\u0110\u1eadu\/H\u1ea1t Gi\u00e1 S\u1ec9 T\u1ed1t Nh\u1ea5t Hi\u1ec7n Nay &#8211; \u0110\u1eadu G\u00e0 Tr\u1eafng Nguy\u00ean H\u1ea1t Havafoodies 1kg \u2013 Chick Peas"},"content":{"rendered":"<h2><\/h2>\n<h2><strong>\u0110\u00d4I N\u00c9T V\u1ec0 \u0110\u1eacU G\u00c0 TR\u1eaeNG\u00a0<\/strong><\/h2>\n<p>\u0110\u1eadu g\u00e0, hay c\u00f2n \u0111\u01b0\u1ee3c g\u1ecdi l\u00e0 \u0111\u1eadu Garbanzo, l\u00e0 m\u1ed9t trong nh\u1eefng c\u00e2y tr\u1ed3ng l\u00e2u \u0111\u1eddi nh\u1ea5t tr\u00ean th\u1ebf gi\u1edbi.\u00a0X\u00e9t v\u1ec1 \u0111\u1ed9 ph\u1ed5 bi\u1ebfn ch\u1ec9 \u0111\u1ee9ng sau \u0111\u1eadu n\u00e0nh, \u0111\u1eadu g\u00e0 \u0111\u01b0\u1ee3c tr\u1ed3ng v\u00e0 \u0103n r\u1ed9ng r\u00e3i nh\u1ea5t kh\u1eafp l\u1ee5c \u0111\u1ecba hi\u1ec7n nay. H\u1ea1t \u0111\u1eadu g\u00e0 ch\u1ee9a nhi\u1ec1u dinh d\u01b0\u1ee1ng, d\u1ec5 d\u00e0ng k\u1ebft h\u1ee3p v\u1edbi c\u00e1c th\u1ef1c ph\u1ea9m v\u00e0 nguy\u00ean li\u1ec7u kh\u00e1c gi\u00fap m\u00f3n \u0103n th\u00eam h\u1ea5p d\u1eabn.<\/p>\n<p>C\u0169ng gi\u1ed1ng nh\u01b0 c\u00e1c c\u00e2y h\u1ecd \u0111\u1eadu, \u0111\u1eadu g\u00e0 cung c\u1ea5p nhi\u1ec1u l\u1ee3i \u00edch v\u1ec1 s\u1ee9c kho\u1ebb. N\u00f3 gi\u00fap t\u0103ng c\u01b0\u1eddng \u0111\u1ed9 no, t\u0103ng c\u01b0\u1eddng ti\u00eau h\u00f3a, gi\u1eef l\u01b0\u1ee3ng \u0111\u01b0\u1eddng trong m\u00e1u \u1ed5n \u0111\u1ecbnh, t\u0103ng c\u01b0\u1eddng s\u1ef1 b\u1ea3o v\u1ec7 ch\u1ed1ng l\u1ea1i b\u1ec7nh t\u1eadt. \u0110\u1eadu g\u00e0 gi\u00e0u protein, vitamin v\u00e0 kho\u00e1ng ch\u1ea5t, \u0111\u00f3 l\u00e0 l\u00fd do t\u1ea1i sao ch\u00fang th\u01b0\u1eddng \u0111\u01b0\u1ee3c \u0103n trong c\u00e1c th\u1ef1c \u0111\u01a1n ch\u1eefa b\u1ec7nh.<\/p>\n<p><img fetchpriority=\"high\" decoding=\"async\" class=\"wp-image-32017 aligncenter\" src=\"https:\/\/havamall.vn\/wp-content\/uploads\/2023\/07\/hat-dau-ga-thuc-te-215x300.jpeg\" alt=\"\" width=\"723\" height=\"1009\" srcset=\"https:\/\/havamall.vn\/wp-content\/uploads\/2023\/07\/hat-dau-ga-thuc-te-215x300.jpeg 215w, https:\/\/havamall.vn\/wp-content\/uploads\/2023\/07\/hat-dau-ga-thuc-te-430x600.jpeg 430w, https:\/\/havamall.vn\/wp-content\/uploads\/2023\/07\/hat-dau-ga-thuc-te-150x209.jpeg 150w, https:\/\/havamall.vn\/wp-content\/uploads\/2023\/07\/hat-dau-ga-thuc-te-700x977.jpeg 700w, https:\/\/havamall.vn\/wp-content\/uploads\/2023\/07\/hat-dau-ga-thuc-te-600x838.jpeg 600w, https:\/\/havamall.vn\/wp-content\/uploads\/2023\/07\/hat-dau-ga-thuc-te.jpeg 722w\" sizes=\"(max-width: 723px) 100vw, 723px\" \/><\/p>\n<h3><strong>C\u00d4NG D\u1ee4NG C\u1ee6A \u0110\u1eacU G\u00c0<\/strong><\/h3>\n<p>\u2013 \u0110\u1eadu g\u00e0 cung c\u1ea5p nhi\u1ec1u vitamin v\u00e0 c\u00e1c kho\u00e1ng ch\u1ea5t nh\u01b0: ch\u1ea5t x\u01a1, protein, acid folic, s\u1eaft, \u0111\u1ed3ng, k\u1ebdm v\u00e0 magi\u00ea.<\/p>\n<p>\u2013 Gi\u1ea3m nguy c\u01a1 m\u1eafc m\u1ed9t s\u1ed1 b\u1ec7nh nh\u01b0 b\u1ec7nh tim, b\u1ec7nh b\u00e9o ph\u00ec , b\u1ec7nh ti\u1ec3u \u0111\u01b0\u1eddng v\u00e0 duy tr\u00ec m\u1ed9t s\u1ee9c kh\u1ecfe l\u00e0nh m\u1ea1nh.<\/p>\n<p>\u2013 L\u00e0 m\u00f3n protein th\u1ef1c v\u1eadt n\u00ean th\u01b0\u1eddng d\u00f9ng trong ch\u1ebf \u0111\u1ed9 \u0103n \u0111\u1ec3 gi\u1ea3m c\u00e2n.<\/p>\n<p>\u2013 \u0110\u1eadu Chickpea c\u00f3 th\u00e0nh ph\u1ea7n dinh d\u01b0\u1ee1ng \u0111\u1eb7c bi\u1ec7t t\u1ed1t cho ph\u1ee5 n\u1eef c\u00f3 thai, \u0111ang cho con b\u00fa. Tr\u1ebb em trong giai \u0111o\u1ea1n ph\u00e1t tri\u1ec3n. Ng\u01b0\u1eddi m\u1eafc b\u1ec7nh ti\u1ec3u \u0111\u01b0\u1eddng, huy\u1ebft \u00e1p cao, m\u1ee1 m\u00e1u c\u1ea7n \u0103n ki\u00eang, ng\u01b0\u1eddi mu\u1ed1n gi\u1ea3m c\u00e2n v\u00e0 m\u1edbi \u1ed1m d\u1eady.<\/p>\n<p><img decoding=\"async\" class=\"wp-image-26407 aligncenter\" src=\"https:\/\/havamall.vn\/wp-content\/uploads\/2022\/04\/131435890-300x195.png\" alt=\"\" width=\"713\" height=\"463\" srcset=\"https:\/\/havamall.vn\/wp-content\/uploads\/2022\/04\/131435890-300x195.png 300w, https:\/\/havamall.vn\/wp-content\/uploads\/2022\/04\/131435890-430x280.png 430w, https:\/\/havamall.vn\/wp-content\/uploads\/2022\/04\/131435890-150x98.png 150w, https:\/\/havamall.vn\/wp-content\/uploads\/2022\/04\/131435890-700x455.png 700w, https:\/\/havamall.vn\/wp-content\/uploads\/2022\/04\/131435890-768x499.png 768w, https:\/\/havamall.vn\/wp-content\/uploads\/2022\/04\/131435890-1024x666.png 1024w, https:\/\/havamall.vn\/wp-content\/uploads\/2022\/04\/131435890-1200x780.png 1200w, https:\/\/havamall.vn\/wp-content\/uploads\/2022\/04\/131435890-600x390.png 600w, https:\/\/havamall.vn\/wp-content\/uploads\/2022\/04\/131435890.png 1880w\" sizes=\"(max-width: 713px) 100vw, 713px\" \/><\/p>\n<h2><strong>CH\u1ea4T L\u01af\u1ee2NG \u0110\u1eacU G\u00c0 \u1ede HAVAMALL RA SAO?<\/strong><\/h2>\n<p>&gt; C\u00e1c s\u1ea3n ph\u1ea9m h\u1ea1t dinh d\u01b0\u1ee1ng c\u1ee7a Havamall \u0111\u01b0\u1ee3c nh\u1eadp kh\u1ea9u \u0111\u1ea3m b\u1ea3o \u0111\u1ea7y \u0111\u1ee7 gi\u1ea5y t\u1edd h\u1ea3i quan. Ngu\u1ed3n h\u00e0ng \u0111\u1ea3m b\u1ea3o v\u1ec1 ngu\u1ed3n g\u1ed1c xu\u1ea5t x\u1ee9 n\u00ean kh\u00e1ch h\u00e0ng c\u00f3 th\u1ec3 y\u00ean t\u00e2m v\u1ec1 ngu\u1ed3n h\u00e0ng.<\/p>\n<p>&gt; V\u1edbi h\u1ea1t \u0111\u1eadu g\u00e0 tr\u1eafng \u0111\u01b0\u1ee3c nh\u1eadp kh\u1ea9u t\u1eeb Canada \u2013 c\u00f3 k\u00edch th\u01b0\u1edbc l\u1edbn trung b\u00ecnh kho\u1ea3ng 12mm. \u0110\u1ec3 tham kh\u1ea3o ch\u1ea5t l\u01b0\u1ee3ng h\u00e0ng h\u1ea1t \u0111\u1eadu g\u00e0 tr\u1eafng vui l\u00f2ng li\u00ean h\u1ec7 v\u1edbi nh\u00e2n vi\u00ean \u0111\u1ec3 \u0111\u01b0\u1ee3c g\u1eedi m\u1eabu sample ho\u1eb7c b\u1ea1n c\u00f3 th\u1ec3 \u0111\u1ebfn tr\u1ef1c ti\u1ebfp v\u0103n ph\u00f2ng.<\/p>\n<p>&gt; M\u1ed9t trong nh\u1eefng l\u00fd do khi\u1ebfn Havamall \u0111\u01b0\u1ee3c nhi\u1ec1u ng\u01b0\u1eddi mua tin t\u01b0\u1edfng l\u00e0 gi\u00e1 c\u1ea3. Gi\u00e1 c\u1ea3 khi\u00a0mua \u0111\u1eadu g\u00e0\u00a0\u1edf \u0111\u00e2y \u1edf m\u1ee9c v\u1eeba ph\u1ea3i, x\u1ee9ng \u0111\u00e1ng v\u1edbi s\u1ed1 ti\u1ec1n b\u1ea1n \u0111\u00e3 b\u1ecf ra. V\u00ec v\u1eady, m\u1ecdi ng\u01b0\u1eddi d\u00f9ng, t\u1eeb b\u00ecnh d\u00e2n \u0111\u1ebfn th\u01b0\u1ee3ng l\u01b0u \u0111\u1ec1u c\u00f3 th\u1ec3 l\u1ef1a ch\u1ecdn s\u1eed d\u1ee5ng n\u1ebfu c\u00f3 nhu c\u1ea7u.<\/p>\n<p>&gt; S\u1ea3n ph\u1ea9m b\u1ea1n c\u1ea7n s\u1ebd \u0111\u01b0\u1ee3c chuy\u1ec3n \u0111\u1ebfn tay b\u1ea1n trong th\u1eddi gian s\u1edbm nh\u1ea5t.<\/p>\n<p>&gt; \u0110\u1ed1i v\u1edbi s\u1ec9 kh\u1ed1i l\u01b0\u1ee3ng 10kg,\u00a0 s\u1ebd \u0111\u00f3ng g\u00f3i trong t\u00fai 1kg\/t\u00fai v\u00e0 \u0111\u00f3ng trong th\u00f9ng carton \u0111\u1ec3 g\u1eedi cho qu\u00fd kh\u00e1ch.<\/p>\n<p>&gt; \u0110\u1ed1i v\u1edbi c\u00e1c kh\u1ed1i l\u01b0\u1ee3ng t\u1eeb 25kg tr\u1edf l\u00ean, \u0110\u1eadu g\u00e0 s\u1ebd \u0111\u01b0\u1ee3c gi\u1eef nguy\u00ean bao x\u00e1 25kg nh\u01b0 khi nh\u1eadp kh\u1ea9u t\u1eeb n\u01b0\u1edbc ngo\u00e0i v\u1ec1.<\/p>\n<p><img decoding=\"async\" class=\"wp-image-32018 aligncenter\" src=\"https:\/\/havamall.vn\/wp-content\/uploads\/2023\/07\/74452d1def6ebf2f8dde6deccf20463a-300x300.jpeg\" alt=\"\" width=\"769\" height=\"769\" srcset=\"https:\/\/havamall.vn\/wp-content\/uploads\/2023\/07\/74452d1def6ebf2f8dde6deccf20463a-300x300.jpeg 300w, https:\/\/havamall.vn\/wp-content\/uploads\/2023\/07\/74452d1def6ebf2f8dde6deccf20463a-430x430.jpeg 430w, https:\/\/havamall.vn\/wp-content\/uploads\/2023\/07\/74452d1def6ebf2f8dde6deccf20463a-150x150.jpeg 150w, https:\/\/havamall.vn\/wp-content\/uploads\/2023\/07\/74452d1def6ebf2f8dde6deccf20463a-700x700.jpeg 700w, https:\/\/havamall.vn\/wp-content\/uploads\/2023\/07\/74452d1def6ebf2f8dde6deccf20463a-768x768.jpeg 768w, https:\/\/havamall.vn\/wp-content\/uploads\/2023\/07\/74452d1def6ebf2f8dde6deccf20463a-600x600.jpeg 600w, https:\/\/havamall.vn\/wp-content\/uploads\/2023\/07\/74452d1def6ebf2f8dde6deccf20463a-100x100.jpeg 100w, https:\/\/havamall.vn\/wp-content\/uploads\/2023\/07\/74452d1def6ebf2f8dde6deccf20463a.jpeg 800w\" sizes=\"(max-width: 769px) 100vw, 769px\" \/><\/p>\n<div>\n<h2><strong>MUA \u0110\u1eacU G\u00c0 CH\u1ea4T L\u01af\u1ee2NG GI\u00c1 R\u1eba \u1ede \u0110\u00c2U?<\/strong><\/h2>\n<p>&#8211; Tr\u00ean th\u1ecb tr\u01b0\u1eddng c\u00f3 r\u1ea5t nhi\u1ec1u\u00a0n\u01a1i b\u00e1n h\u1ea1t \u0111\u1eadu g\u00e0,\u00a0nh\u01b0ng kh\u00f4ng ph\u1ea3i \u0111\u1ecba ch\u1ec9 n\u00e0o c\u0169ng\u00a0b\u00e1n h\u1ea1t \u0111\u1eadu g\u00e0 ch\u1ea5t l\u01b0\u1ee3ng.\u00a0Ho\u1eb7c c\u00f3 nh\u1eefng\u00a0c\u01a1 s\u1edf b\u00e1n h\u1ea1t \u0111\u1eadu g\u00e0\u00a0v\u1edbi gi\u00e1 qu\u00e1 cao khi\u1ebfn ng\u01b0\u1eddi ti\u00eau d\u00f9ng v\u1eabn c\u00f2n b\u0103n kho\u0103n khi mua. \u0110\u1ec3 t\u00ecm \u0111\u01b0\u1ee3c \u0111\u1ecba ch\u1ec9 uy t\u00edn chuy\u00ean\u00a0b\u00e1n h\u1ea1t \u0111\u1eadu g\u00e0 t\u1ea1i H\u1ed3 Ch\u00ed Minh kh\u00f4ng ph\u1ea3i d\u1ec5. Th\u1ecb tr\u01b0\u1eddng\u00a0mua b\u00e1n h\u1ea1t \u0111\u1eadu g\u00e0 \u1edf H\u1ed3 Ch\u00ed Minh\u00a0r\u1ea5t l\u1edbn, v\u00ec v\u1eady c\u00e1c b\u1ea1n n\u00ean t\u00ecm \u0111\u1ebfn nh\u1eefng \u0111\u1ecba ch\u1ec9 chuy\u00ean b\u00e1n \u0111\u1ed3 kh\u00f4 ch\u1ea5t l\u01b0\u1ee3ng.<\/p>\n<p>&#8211; N\u1ebfu b\u1ea1n \u0111ang t\u00ecm\u00a0n\u01a1i b\u00e1n h\u1ea1t \u0111\u1eadu g\u00e0 ch\u1ea5t l\u01b0\u1ee3ng gi\u00e1 r\u1ebb nh\u1ea5t th\u1ecb tr\u01b0\u1eddng\u00a0th\u00ec \u0111\u1eebng b\u1ecf qua <a href=\"https:\/\/havamall.vn\/\">Havamall<\/a>. H\u1ea1t \u0111\u1eadu g\u00e0 b\u00e1n t\u1ea1i Havamall\u00a0l\u00e0 s\u1ea3n ph\u1ea9m ch\u1ea5t l\u01b0\u1ee3ng nh\u1ea5t v\u00e0 c\u00f3 gi\u00e1 th\u00e0nh h\u1ee3p l\u00fd. Cam k\u1ebft kh\u00f4ng s\u1eed d\u1ee5ng ch\u1ea5t b\u1ea3o qu\u1ea3n, an to\u00e0n tuy\u1ec7t \u0111\u1ed1i cho ng\u01b0\u1eddi s\u1eed d\u1ee5ng. Khi s\u1eed d\u1ee5ng h\u1ea1t \u0111\u1eadu g\u00e0 t\u1ea1i\u00a0Havamall, b\u1ea1n kh\u00f4ng ch\u1ec9 \u0111\u01b0\u1ee3c y\u00ean t\u00e2m v\u1ec1 ch\u1ea5t l\u01b0\u1ee3ng m\u00e0 c\u00f2n ho\u00e0n to\u00e0n y\u00ean t\u00e2m v\u1ec1 gi\u00e1 c\u1ea3.<\/p>\n<p><img loading=\"lazy\" decoding=\"async\" class=\"wp-image-32019 aligncenter\" src=\"https:\/\/havamall.vn\/wp-content\/uploads\/2023\/07\/dau-ga-1-300x225.jpeg\" alt=\"\" width=\"739\" height=\"554\" srcset=\"https:\/\/havamall.vn\/wp-content\/uploads\/2023\/07\/dau-ga-1-300x225.jpeg 300w, https:\/\/havamall.vn\/wp-content\/uploads\/2023\/07\/dau-ga-1-430x322.jpeg 430w, https:\/\/havamall.vn\/wp-content\/uploads\/2023\/07\/dau-ga-1-150x112.jpeg 150w, https:\/\/havamall.vn\/wp-content\/uploads\/2023\/07\/dau-ga-1-700x525.jpeg 700w, https:\/\/havamall.vn\/wp-content\/uploads\/2023\/07\/dau-ga-1-768x576.jpeg 768w, https:\/\/havamall.vn\/wp-content\/uploads\/2023\/07\/dau-ga-1-1024x768.jpeg 1024w, https:\/\/havamall.vn\/wp-content\/uploads\/2023\/07\/dau-ga-1-1200x900.jpeg 1200w, https:\/\/havamall.vn\/wp-content\/uploads\/2023\/07\/dau-ga-1-600x450.jpeg 600w\" sizes=\"(max-width: 739px) 100vw, 739px\" \/><\/p>\n<h2><strong>C\u00c1CH MUA \u0110\u1eacU G\u00c0 GI\u00c1 S\u1ec8 V\u00c0 L\u1eba T\u1ea0I HAVAMALL<\/strong><\/h2>\n<p>\u0110\u1ec3 \u0111\u1eb7t mua h\u1ea1t \u0110\u1eadu g\u00e0 t\u1ea1i Havamall, B\u1ea1n c\u00f3 th\u1ec3 th\u1ef1c hi\u1ec7n 1 trong c\u00e1c c\u00e1ch sau:<\/p>\n<ul>\n<li><strong>C\u00e1ch 1:<\/strong>\u00a0Li\u00ean h\u1ec7 tr\u1ef1c ti\u1ebfp\u00a0<strong>Hotline: 0946.229.642 (Call,zalo)<\/strong><\/li>\n<li><strong>C\u00e1ch 2:<\/strong>\u00a0\u0110\u1eb7t h\u00e0ng tr\u1ef1c ti\u1ebfp t\u1ea1i website <a href=\"https:\/\/havamall.vn\/\">havamall.vn<\/a> \u2013 Sau khi b\u1ea1n \u0111\u1eb7t h\u00e0ng, nh\u00e2n vi\u00ean Havamall s\u1ebd ti\u1ebfp nh\u1eadn \u0111\u01a1n v\u00e0 l\u00ean \u0111\u01a1n \u0111\u1ec3 g\u1eedi cho b\u1ea1n.<\/li>\n<li>V\u1ec1 v\u1eadn chuy\u1ec3n, v\u1edbi c\u00e1c \u0111\u01a1n h\u1ea1t \u0111\u1eadu g\u00e0 b\u00e1n l\u1ebb v\u00e0\u00a0h\u1ea1t \u0111\u1eadu g\u00e0 gi\u00e1 s\u1ec9\u00a0t\u1ea1i TP.HCM b\u1ea1n s\u1ebd nh\u1eadn \u0111\u01b0\u1ee3c h\u00e0ng trong v\u00f2ng 1 ng\u00e0y.<\/li>\n<li>\u0110\u1ed1i v\u1edbi c\u00e1c \u0111\u01a1n h\u00e0ng b\u00e1n l\u1ebb t\u1ea1i c\u00e1c t\u1ec9nh ngo\u00e0i TP.HCM, b\u1ea1n s\u1ebd nh\u1eadn \u0111\u01b0\u1ee3c h\u00e0ng sau 2-4 ng\u00e0y k\u1ec3 t\u1eeb ng\u00e0y \u0111\u1eb7t h\u00e0ng. \u0110\u1ed1i v\u1edbi c\u00e1c \u0111\u01a1n h\u00e0ng s\u1ec9 Havamall s\u1ebd h\u1ed7 tr\u1ee3 g\u1eedi ra ch\u00e0nh xe cho b\u1ea1n.<\/li>\n<\/ul>\n<p><strong>GI\u00c1 CH\u1ec8 \u00c1P D\u1ee4NG CHO KH\u00c1CH S\u1ec8 KHI MUA B\u00c0O T\u1eea 25KG<\/strong><\/p>\n<\/div>","protected":false},"excerpt":{"rendered":"<p>\u0110\u00d4I N\u00c9T V\u1ec0 \u0110\u1eacU G\u00c0 TR\u1eaeNG\u00a0 \u0110\u1eadu g\u00e0, hay c\u00f2n \u0111\u01b0\u1ee3c g\u1ecdi l\u00e0 \u0111\u1eadu Garbanzo, l\u00e0 m\u1ed9t trong nh\u1eefng c\u00e2y<\/p>","protected":false},"featured_media":32004,"comment_status":"open","ping_status":"closed","template":"","meta":[],"product_brand":[],"product_cat":[40],"product_tag":[],"class_list":{"0":"post-32002","1":"product","2":"type-product","3":"status-publish","4":"has-post-thumbnail","6":"product_cat-sieuthi-giasi","7":"pa_brand-skx","9":"first","10":"instock","11":"sale","12":"shipping-taxable","13":"purchasable","14":"product-type-simple"},"_links":{"self":[{"href":"https:\/\/havamall.vn\/en\/wp-json\/wp\/v2\/product\/32002"}],"collection":[{"href":"https:\/\/havamall.vn\/en\/wp-json\/wp\/v2\/product"}],"about":[{"href":"https:\/\/havamall.vn\/en\/wp-json\/wp\/v2\/types\/product"}],"replies":[{"embeddable":true,"href":"https:\/\/havamall.vn\/en\/wp-json\/wp\/v2\/comments?post=32002"}],"version-history":[{"count":0,"href":"https:\/\/havamall.vn\/en\/wp-json\/wp\/v2\/product\/32002\/revisions"}],"wp:featuredmedia":[{"embeddable":true,"href":"https:\/\/havamall.vn\/en\/wp-json\/wp\/v2\/media\/32004"}],"wp:attachment":[{"href":"https:\/\/havamall.vn\/en\/wp-json\/wp\/v2\/media?parent=32002"}],"wp:term":[{"taxonomy":"product_brand","embeddable":true,"href":"https:\/\/havamall.vn\/en\/wp-json\/wp\/v2\/product_brand?post=32002"},{"taxonomy":"product_cat","embeddable":true,"href":"https:\/\/havamall.vn\/en\/wp-json\/wp\/v2\/product_cat?post=32002"},{"taxonomy":"product_tag","embeddable":true,"href":"https:\/\/havamall.vn\/en\/wp-json\/wp\/v2\/product_tag?post=32002"}],"curies":[{"name":"wp","href":"https:\/\/api.w.org\/{rel}","templated":true}]}}