{"id":31994,"date":"2023-07-24T15:00:57","date_gmt":"2023-07-24T08:00:57","guid":{"rendered":"https:\/\/havamall.vn\/?post_type=product&#038;p=31994"},"modified":"2025-11-13T14:56:06","modified_gmt":"2025-11-13T07:56:06","slug":"nuoc-cot-dua-dong-lanh-andros-hop-1kg-frozen-coconut-puree","status":"publish","type":"product","link":"https:\/\/havamall.vn\/en\/shop\/nuoc-cot-dua-dong-lanh-andros-hop-1kg-frozen-coconut-puree\/","title":{"rendered":"N\u01b0\u1edbc C\u1ed1t D\u1eeba \u0110\u00f4ng L\u1ea1nh Andros H\u1ed9p 1kg &#8211; Frozen Coconut Puree"},"content":{"rendered":"<div class=\"j83agx80\">\n<div class=\"dwo3fsh8 g5ia77u1 rt8b4zig n8ej3o3l agehan2d sk4xxmp2 rq0escxv q9uorilb kvgmc6g5 cxmmr5t8 oygrvhab hcukyx3x jb3vyjys rz4wbd8a qt6c0cv9 a8nywdso l9j0dhe7 i1ao9s8h k4urcfbm\">\n<div class=\"j83agx80 cbu4d94t sj5x9vvc cxgpxx05\">\n<div class=\"rq0escxv l9j0dhe7 du4w35lb j83agx80 pfnyh3mw jifvfom9 ll8tlv6m owycx6da btwxx1t3 hv4rvrfc dati1w0a jb3vyjys b5q2rw42 lq239pai mysgfdmx hddg9phg\">\n<div class=\"rq0escxv l9j0dhe7 du4w35lb j83agx80 cbu4d94t d2edcug0 hpfvmrgz rj1gh0hx buofh1pr g5gj957u o8rfisnq p8fzw8mz pcp91wgn iuny7tx3 ipjc6fyt\">\n<div class=\"j83agx80 cbu4d94t ew0dbk1b irj2b8pg\">\n<div class=\"qzhwtbm6 knvmm38d\">\n<div class=\"j83agx80 cbu4d94t ew0dbk1b irj2b8pg\">\n<div class=\"qzhwtbm6 knvmm38d\">\n<div class=\"kvgmc6g5 cxmmr5t8 oygrvhab hcukyx3x c1et5uql\">\n<h2><\/h2>\n<h2><strong>TH\u00d4NG TIN CHUNG<\/strong><\/h2>\n<table>\n<tbody>\n<tr>\n<td>Th\u01b0\u01a1ng hi\u1ec7u<\/td>\n<td>Andros<\/td>\n<\/tr>\n<tr>\n<td>Xu\u1ea5t x\u1ee9 th\u01b0\u01a1ng hi\u1ec7u<\/td>\n<td>Ph\u00e1p<\/td>\n<\/tr>\n<tr>\n<td>H\u1ea1n s\u1eed d\u1ee5ng<\/td>\n<td>12 th\u00e1ng k\u1ec3 t\u1eeb ng\u00e0y s\u1ea3n xu\u1ea5t<\/td>\n<\/tr>\n<tr>\n<td>H\u01b0\u1edbng d\u1eabn b\u1ea3o qu\u1ea3n<\/td>\n<td>B\u1ea3o qu\u1ea3n \u1edf n\u01a1i kh\u00f4 r\u00e1o, tho\u00e1ng m\u00e1t. Sau khi m\u1edf n\u1eafp, gi\u1eef l\u1ea1nh v\u00e0 s\u1eed d\u1ee5ng trong th\u1eddi gian ng\u1eafn<\/td>\n<\/tr>\n<tr>\n<td>H\u01b0\u1edbng d\u1eabn s\u1eed d\u1ee5ng<\/td>\n<td>D\u00f9ng \u0111\u1ec3 pha ch\u1ebf n\u01b0\u1edbc u\u1ed1ng, l\u00e0m b\u00e1nh, n\u1ea5u \u0103n,&#8230;<\/td>\n<\/tr>\n<tr>\n<td>Xu\u1ea5t x\u1ee9<\/td>\n<td>Vi\u1ec7t Nam<\/td>\n<\/tr>\n<tr>\n<td>Tr\u1ecdng l\u01b0\u1ee3ng s\u1ea3n ph\u1ea9m<\/td>\n<td>1kg<\/td>\n<\/tr>\n<tr>\n<td>Quy c\u00e1ch \u0111\u00f3ng g\u00f3i<\/td>\n<td>H\u1ed9p 1kg<\/td>\n<\/tr>\n<tr>\n<td>Th\u00e0nh ph\u1ea7n<\/td>\n<td>N\u01b0\u1edbc c\u1ed1t d\u1eeba (90), \u0111\u01b0\u1eddng<\/td>\n<\/tr>\n<\/tbody>\n<\/table>\n<p dir=\"auto\">Andros Asia l\u00e0 c\u00f4ng ty c\u1ee7a Ph\u00e1p t\u1ea1i Vi\u1ec7t Nam, l\u00e0 chuy\u00ean gia s\u1ea3n xu\u1ea5t ch\u1ebf bi\u1ebfn c\u00e1c lo\u1ea1i tr\u00e1i c\u00e2y, nguy\u00ean li\u1ec7u chuy\u00ean d\u00f9ng trong l\u0129nh v\u1ef1c th\u1ee9c u\u1ed1ng v\u00e0 b\u00e1nh ng\u1ecdt.<\/p>\n<p dir=\"auto\">ANDROS l\u00e0 c\u00f4ng ty gia \u0111\u00ecnh \u1edf v\u00f9ng ngo\u1ea1i \u00f4 Ph\u00e1p v\u1edbi nh\u1eefng gi\u00e1 tr\u1ecb \u0111\u00e1ng t\u1ef1 h\u00e0o trong h\u01a1n 100 n\u0103m v\u00e0 mong mu\u1ed1n ph\u00e1t tri\u1ec3n th\u00e0nh m\u1ed9t t\u1eadp \u0111o\u00e0n c\u00f4ng nghi\u00eap \u0111a qu\u1ed1c gia. M\u1eb7c d\u00f9 t\u1eeb x\u01b0a \u0111\u1ebfn nay tr\u00e1i c\u00e2y lu\u00f4n l\u00e0 d\u00f2ng s\u1ea3n ph\u1ea9m ch\u00ednh c\u1ee7a ANDROS, t\u1eadp \u0111o\u00e0n c\u00f2n m\u1edf r\u1ed9ng s\u1ea3n xu\u1ea5t th\u00eam nhi\u1ec1u s\u1ea3n ph\u1ea9m kh\u00e1c nh\u01b0 b\u00e1nh k\u1eb9o, s\u1ea3n ph\u1ea9m t\u1eeb s\u1eefa v\u00e0 \u0111\u1ed3 tr\u00e1ng mi\u00eang \u0111\u00f4ng l\u1ea1nh.<\/p>\n<p dir=\"auto\">ANDROS Asia l\u00e0 chuy\u00ean gia s\u1ea3n xu\u1ea5t c\u00e1c lo\u1ea1i tr\u00e1i c\u00e2y t\u1eeb ngu\u1ed3n nguy\u00ean li\u00eau \u0111\u1ecba ph\u01b0\u01a1ng. V\u1edbi ni\u1ec1m \u0111am m\u00ea t\u1ea1o ra nh\u1eefng s\u1ea3n ph\u1ea9m tr\u00e1i c\u00e2y ch\u1ea5t l\u01b0\u1ee3ng v\u00e0 kinh nghi\u1ec7m l\u00e0m m\u1ee9t l\u00e2u \u0111\u1eddi, ANDROS \u0111a d\u1ea1ng h\u00f3a s\u1ea3n ph\u1ea9m \u0111\u1ec3 mang t\u1edbi nh\u1eefng d\u00f2ng s\u1ea3n ph\u1ea9m nguy\u00ean li\u1ec7u ch\u1ebf bi\u1ebfn th\u1ee9c u\u1ed1ng v\u00e0 b\u00e1nh ng\u1ecdt. M\u1ecdi s\u1ea3n ph\u1ea9m \u0111\u1ec1u \u0111\u01b0\u1ee3c ch\u1ebf bi\u1ebfn d\u1ef1a tr\u00ean n\u1eefng chuy\u00ean m\u00f4n v\u00e0 b\u00ed quy\u1ebft l\u00e2u \u0111\u1eddi t\u1eeb Ph\u00e1p.<\/p>\n<\/div>\n<p dir=\"auto\"><img fetchpriority=\"high\" decoding=\"async\" class=\"wp-image-31987 aligncenter\" src=\"https:\/\/havamall.vn\/wp-content\/uploads\/2023\/07\/277218664_1399410553827247_5870086885469306880_n-300x300.jpeg\" alt=\"\" width=\"808\" height=\"808\" srcset=\"https:\/\/havamall.vn\/wp-content\/uploads\/2023\/07\/277218664_1399410553827247_5870086885469306880_n-300x300.jpeg 300w, https:\/\/havamall.vn\/wp-content\/uploads\/2023\/07\/277218664_1399410553827247_5870086885469306880_n-430x430.jpeg 430w, https:\/\/havamall.vn\/wp-content\/uploads\/2023\/07\/277218664_1399410553827247_5870086885469306880_n-150x150.jpeg 150w, https:\/\/havamall.vn\/wp-content\/uploads\/2023\/07\/277218664_1399410553827247_5870086885469306880_n-700x700.jpeg 700w, https:\/\/havamall.vn\/wp-content\/uploads\/2023\/07\/277218664_1399410553827247_5870086885469306880_n-768x768.jpeg 768w, https:\/\/havamall.vn\/wp-content\/uploads\/2023\/07\/277218664_1399410553827247_5870086885469306880_n-1024x1024.jpeg 1024w, https:\/\/havamall.vn\/wp-content\/uploads\/2023\/07\/277218664_1399410553827247_5870086885469306880_n-600x600.jpeg 600w, https:\/\/havamall.vn\/wp-content\/uploads\/2023\/07\/277218664_1399410553827247_5870086885469306880_n-100x100.jpeg 100w, https:\/\/havamall.vn\/wp-content\/uploads\/2023\/07\/277218664_1399410553827247_5870086885469306880_n.jpeg 1080w\" sizes=\"(max-width: 808px) 100vw, 808px\" \/><\/p>\n<div class=\"kvgmc6g5 cxmmr5t8 oygrvhab hcukyx3x c1et5uql\">\n<p dir=\"auto\">Nh\u1eb1m mang \u0111\u1ebfn s\u1ef1 ti\u1ec7n l\u1ee3i cho ng\u01b0\u1eddi s\u1eed d\u1ee5ng, Andros \u0111\u00e3 s\u1ea3n xu\u1ea5t n\u01b0\u1edbc c\u1ed1t d\u1eeba \u0111\u00f4ng l\u1ea1nh. Ph\u01b0\u01a1ng ph\u00e1p n\u00e0y v\u1eeba ti\u1ebft ki\u1ec7m th\u1eddi gian, v\u1eeba gi\u1ea3i quy\u1ebft lo l\u1eafng cho kh\u00e1ch h\u00e0ng khi th\u1ef1c ph\u1ea9m h\u1ecfng h\u00f3c. Tr\u1ea3i qua quy tr\u00ecnh kh\u00e9p kh\u00ed, c\u00e1c th\u00e0nh ph\u1ea7n dinh d\u01b0\u1ee1ng trong n\u01b0\u1edbc c\u1ed1t d\u1eeba v\u1eabn \u0111\u01b0\u1ee3c gi\u1eef tr\u1ecdn v\u1eb9n.<\/p>\n<\/div>\n<\/div>\n<\/div>\n<\/div>\n<\/div>\n<\/div>\n<\/div>\n<\/div>\n<\/div>\n<\/div>\n<div class=\"j83agx80\">\n<div class=\"dwo3fsh8 g5ia77u1 rt8b4zig n8ej3o3l agehan2d sk4xxmp2 rq0escxv q9uorilb kvgmc6g5 cxmmr5t8 oygrvhab hcukyx3x jb3vyjys rz4wbd8a qt6c0cv9 a8nywdso l9j0dhe7 i1ao9s8h k4urcfbm\">\n<div class=\"j83agx80 cbu4d94t sj5x9vvc cxgpxx05\">\n<div class=\"rq0escxv l9j0dhe7 du4w35lb j83agx80 pfnyh3mw jifvfom9 ll8tlv6m owycx6da btwxx1t3 hv4rvrfc dati1w0a jb3vyjys b5q2rw42 lq239pai mysgfdmx hddg9phg\">\n<div class=\"rq0escxv l9j0dhe7 du4w35lb j83agx80 cbu4d94t d2edcug0 hpfvmrgz rj1gh0hx buofh1pr g5gj957u o8rfisnq p8fzw8mz pcp91wgn iuny7tx3 ipjc6fyt\">\n<div class=\"j83agx80 cbu4d94t ew0dbk1b irj2b8pg\">\n<div class=\"qzhwtbm6 knvmm38d\">\n<div class=\"j83agx80 cbu4d94t ew0dbk1b irj2b8pg\">\n<div class=\"qzhwtbm6 knvmm38d\">\n<div class=\"kvgmc6g5 cxmmr5t8 oygrvhab hcukyx3x c1et5uql\">\n<p>V\u1edbi n\u01b0\u1edbc c\u1ed1t d\u1eeba nguy\u00ean ch\u1ea5t, \u0111\u1ed9 s\u00e1nh m\u1ecbn b\u00e9o ng\u1eady k\u00e8m theo \u0111\u00f3 l\u00e0 h\u01b0\u01a1ng th\u01a1m d\u1eeba r\u1ea5t d\u1ec5 ch\u1ecbu. V\u1edbi nguy\u00ean li\u1ec7u c\u01a1m d\u1eeba t\u01b0\u01a1i, c\u1ed1t d\u1eeba gi\u00fap b\u1ea1n ch\u1ebf bi\u1ebfn nh\u01b0 m\u00f3n ngon nh\u01b0 ch\u00e8, soup, c\u00e0 ri, r\u00e2u c\u00e2u ho\u1eb7c nh\u1eefng m\u00f3n \u0103n kh\u00e1c th\u01a1m ngon, h\u1ea5p d\u1eabn.<\/p>\n<p><img decoding=\"async\" class=\"wp-image-31996 aligncenter\" src=\"https:\/\/havamall.vn\/wp-content\/uploads\/2023\/07\/coconut_pineapple_frozen_yogurt_tropical_pina_colada_bella_bucchiotti_11-300x200.jpeg\" alt=\"\" width=\"803\" height=\"535\" srcset=\"https:\/\/havamall.vn\/wp-content\/uploads\/2023\/07\/coconut_pineapple_frozen_yogurt_tropical_pina_colada_bella_bucchiotti_11-300x200.jpeg 300w, https:\/\/havamall.vn\/wp-content\/uploads\/2023\/07\/coconut_pineapple_frozen_yogurt_tropical_pina_colada_bella_bucchiotti_11-430x287.jpeg 430w, https:\/\/havamall.vn\/wp-content\/uploads\/2023\/07\/coconut_pineapple_frozen_yogurt_tropical_pina_colada_bella_bucchiotti_11-150x100.jpeg 150w, https:\/\/havamall.vn\/wp-content\/uploads\/2023\/07\/coconut_pineapple_frozen_yogurt_tropical_pina_colada_bella_bucchiotti_11-700x467.jpeg 700w, https:\/\/havamall.vn\/wp-content\/uploads\/2023\/07\/coconut_pineapple_frozen_yogurt_tropical_pina_colada_bella_bucchiotti_11-768x512.jpeg 768w, https:\/\/havamall.vn\/wp-content\/uploads\/2023\/07\/coconut_pineapple_frozen_yogurt_tropical_pina_colada_bella_bucchiotti_11-600x400.jpeg 600w, https:\/\/havamall.vn\/wp-content\/uploads\/2023\/07\/coconut_pineapple_frozen_yogurt_tropical_pina_colada_bella_bucchiotti_11.jpeg 960w\" sizes=\"(max-width: 803px) 100vw, 803px\" \/><\/p>\n<p>N\u01b0\u1edbc c\u1ed1t d\u1eeba c\u00f4 \u0111\u1eb7c Andros gi\u00fap b\u1ea1n kh\u00f4ng nh\u1eefng ti\u1ebft ki\u1ec7m \u0111\u01b0\u1ee3c th\u1eddi gian m\u00e0 c\u00f2n r\u1ea5t ti\u1ec7n l\u1ee3i, nhanh ch\u00f3ng trong c\u00e1c kh\u00e2u chu\u1ea9n b\u1ecb v\u00e0 ch\u1ebf bi\u1ebfn nh\u01b0ng v\u1eabn b\u1ea3o \u0111\u1ea3m ch\u1ea5t l\u01b0\u1ee3ng th\u00e0nh ph\u1ea9m.<\/p>\n<p>N\u01b0\u1edbc c\u1ed1t d\u1eeba b\u00e9o ng\u1eady, th\u01a1m v\u00e0 ng\u1ecdt thanh, l\u00e0 nguy\u00ean li\u1ec7u ph\u1ed5 bi\u1ebfn trong c\u00e1c m\u00f3n ng\u1ecdt n\u00f3i chung v\u00e0 ch\u00e8 n\u00f3i ri\u00eang. N\u01b0\u1edbc c\u1ed1t d\u1eeba c\u00f3 m\u00e0u tr\u1eafng \u0111\u1ee5c, nh\u00ecn nh\u01b0 s\u1eefa t\u01b0\u01a1i, c\u00f3 v\u1ecb b\u00e9o ng\u1eady, kh\u00e1c v\u1edbi n\u01b0\u1edbc d\u1eeba l\u00e0 lo\u1ea1i c\u00f3 m\u00e0u tr\u1eafng trong, ph\u1ea7n n\u01b0\u1edbc \u1edf trong tr\u00e1i d\u1eeba. K\u1ebft c\u1ea5u s\u00e1nh m\u1ecbn, th\u00e0nh ph\u1ea7n c\u00f3 \u0111\u1ebfn 70% n\u01b0\u1edbc c\u1ed1t d\u1eeba t\u01b0\u01a1i, h\u01b0\u01a1ng v\u1ecb th\u01a1m ngon \u0111\u1eb7c tr\u01b0ng c\u1ee7a n\u01b0\u1edbc c\u1ed1t d\u1eeba.<\/p>\n<p><img decoding=\"async\" class=\"wp-image-31999 aligncenter\" src=\"https:\/\/havamall.vn\/wp-content\/uploads\/2023\/07\/Coconut-Cream-Cake-with-Coconut-Frosting-19-1-200x300.jpeg\" alt=\"\" width=\"815\" height=\"1223\" srcset=\"https:\/\/havamall.vn\/wp-content\/uploads\/2023\/07\/Coconut-Cream-Cake-with-Coconut-Frosting-19-1-200x300.jpeg 200w, https:\/\/havamall.vn\/wp-content\/uploads\/2023\/07\/Coconut-Cream-Cake-with-Coconut-Frosting-19-1-430x645.jpeg 430w, https:\/\/havamall.vn\/wp-content\/uploads\/2023\/07\/Coconut-Cream-Cake-with-Coconut-Frosting-19-1-150x225.jpeg 150w, https:\/\/havamall.vn\/wp-content\/uploads\/2023\/07\/Coconut-Cream-Cake-with-Coconut-Frosting-19-1-700x1050.jpeg 700w, https:\/\/havamall.vn\/wp-content\/uploads\/2023\/07\/Coconut-Cream-Cake-with-Coconut-Frosting-19-1-768x1152.jpeg 768w, https:\/\/havamall.vn\/wp-content\/uploads\/2023\/07\/Coconut-Cream-Cake-with-Coconut-Frosting-19-1-683x1024.jpeg 683w, https:\/\/havamall.vn\/wp-content\/uploads\/2023\/07\/Coconut-Cream-Cake-with-Coconut-Frosting-19-1-600x900.jpeg 600w, https:\/\/havamall.vn\/wp-content\/uploads\/2023\/07\/Coconut-Cream-Cake-with-Coconut-Frosting-19-1.jpeg 800w\" sizes=\"(max-width: 815px) 100vw, 815px\" \/><\/p>\n<p>S\u1ea3n ph\u1ea9m gi\u00e0u d\u01b0\u1ee1ng ch\u1ea5t, \u0111\u1eb7c bi\u1ec7t l\u00e0 acid lauric v\u00e0 c\u00e1c kho\u00e1ng ch\u1ea5t gi\u00fap t\u0103ng \u0111\u1ec1 kh\u00e1ng, kh\u00f4ng ch\u1ee9a ch\u1ea5t b\u1ea3o qu\u1ea3n, kh\u00f4ng ch\u1ea5t t\u1ea1o m\u00e0u v\u00e0 kh\u00f4ng cholesterol. \u0110\u01b0\u1ee3c l\u00e0m t\u1eeb 100% d\u1eeba t\u01b0\u01a1i v\u00e0 s\u1ea1ch, \u0111\u01b0\u1ee3c tuy\u1ec3n ch\u1ecdn kh\u1eaft khe t\u1eeb v\u00f9ng nguy\u00ean li\u1ec7u d\u1eeba ch\u1ea5t l\u01b0\u1ee3ng cao t\u1ea1i c\u00e1c t\u1ec9nh mi\u1ec1n T\u00e2y \u2013 th\u1ee7 ph\u1ee7 d\u1eeba c\u1ee7a Vi\u1ec7t Nam ch\u00fang ta.<\/p>\n<figure id=\"attachment_8473\" class=\"wp-caption aligncenter\" style=\"width: 816px\"><img loading=\"lazy\" decoding=\"async\" class=\"wp-image-22032 aligncenter\" src=\"https:\/\/havamall.vn\/wp-content\/uploads\/2021\/09\/n\u01b0\u1edbc-c\u1ed1t-d\u1eeba-4-1-300x169.png\" alt=\"\" width=\"816\" height=\"459\" srcset=\"https:\/\/havamall.vn\/wp-content\/uploads\/2021\/09\/n\u01b0\u1edbc-c\u1ed1t-d\u1eeba-4-1-300x169.png 300w, https:\/\/havamall.vn\/wp-content\/uploads\/2021\/09\/n\u01b0\u1edbc-c\u1ed1t-d\u1eeba-4-1-430x242.png 430w, https:\/\/havamall.vn\/wp-content\/uploads\/2021\/09\/n\u01b0\u1edbc-c\u1ed1t-d\u1eeba-4-1-150x84.png 150w, https:\/\/havamall.vn\/wp-content\/uploads\/2021\/09\/n\u01b0\u1edbc-c\u1ed1t-d\u1eeba-4-1-700x394.png 700w, https:\/\/havamall.vn\/wp-content\/uploads\/2021\/09\/n\u01b0\u1edbc-c\u1ed1t-d\u1eeba-4-1-768x432.png 768w, https:\/\/havamall.vn\/wp-content\/uploads\/2021\/09\/n\u01b0\u1edbc-c\u1ed1t-d\u1eeba-4-1-1024x576.png 1024w, https:\/\/havamall.vn\/wp-content\/uploads\/2021\/09\/n\u01b0\u1edbc-c\u1ed1t-d\u1eeba-4-1-1200x675.png 1200w, https:\/\/havamall.vn\/wp-content\/uploads\/2021\/09\/n\u01b0\u1edbc-c\u1ed1t-d\u1eeba-4-1-600x338.png 600w, https:\/\/havamall.vn\/wp-content\/uploads\/2021\/09\/n\u01b0\u1edbc-c\u1ed1t-d\u1eeba-4-1.png 1280w\" sizes=\"(max-width: 816px) 100vw, 816px\" \/><\/figure>\n<p>S\u1ea3n ph\u1ea9m \u0111\u01b0\u1ee3c xay \u00e9p t\u1eeb nguy\u00ean li\u1ec7u c\u01a1m d\u1eeba t\u01b0\u01a1i \u0111\u1ea1t chu\u1ea9n b\u1eb1ng c\u00f4ng ngh\u1ec7 hi\u1ec7n \u0111\u1ea1i v\u00e0 ti\u00ean ti\u1ebfn gi\u00fap gi\u1eef nguy\u00ean d\u01b0\u1ee1ng ch\u1ea5t thi\u00ean nhi\u00ean c\u0169ng nh\u01b0 h\u01b0\u01a1ng v\u1ecb \u0111\u1eadm \u0111\u00e0 th\u01a1m ngon \u0111\u1eb7c tr\u01b0ng c\u1ee7a n\u01b0\u1edbc c\u1ed1t d\u1eeba t\u01b0\u01a1i. \u0110\u1ed3ng nh\u1ea5t, ti\u1ec7t tr\u00f9ng v\u00e0 \u0111\u00f3ng g\u00f3i \u0111\u1ea3m b\u1ea3o v\u1ec7 sinh an to\u00e0n th\u1ef1c ph\u1ea9m, d\u1ec5 d\u00e0ng b\u1ea3o qu\u1ea3n v\u00e0 s\u1eed d\u1ee5ng.<\/p>\n<h2><strong>H\u01b0\u1edbng d\u1eabn s\u1eed d\u1ee5ng:<\/strong><\/h2>\n<p>\u2013 C\u00f3 th\u1ec3 d\u00f9ng l\u00e0m gia v\u1ecb c\u00e1c m\u00f3n c\u00e0 ri, m\u00f3n kho, m\u00f3n x\u00e0o, n\u1ea5u s\u00fap ho\u1eb7c l\u00e0m nguy\u00ean li\u1ec7u th\u01a1m ngon n\u1ea5u k\u00e8m, \u0103n k\u00e8m v\u1edbi c\u00e1c m\u00f3n ch\u00e8, rau c\u00e2u.<\/p>\n<p>\u2013 \u0110\u1eb7c bi\u1ec7t c\u00f3 th\u1ec3 d\u00f9ng \u0111\u1ec3 pha ch\u1ebf th\u1ee9c u\u1ed1ng mang l\u1ea1i h\u01b0\u01a1ng v\u1ecb b\u00e9o th\u01a1m, \u0111\u1eadm \u0111\u00e0.<\/p>\n<p>\u2013 N\u01b0\u1edbc c\u1ed1t d\u1eeba c\u00f3 th\u1ec3 d\u00f9ng trong ng\u00e0nh kem, b\u00e1nh k\u1eb9o, th\u1ee9c u\u1ed1ng, v\u00e0 l\u00e0 s\u1ea3n ph\u1ea9m thay th\u1ebf cho c\u00e1c lo\u1ea1i s\u1eefa kh\u00e1c c\u00f3 ngu\u1ed3n g\u1ed1c t\u1eeb \u0111\u1ed9ng v\u1eadt.<\/p>\n<p><img loading=\"lazy\" decoding=\"async\" class=\"wp-image-22031 aligncenter\" src=\"https:\/\/havamall.vn\/wp-content\/uploads\/2021\/09\/chuoi-dap-mien-tay-cham-cot-dua-thom-ngay-821-4828562-300x206.jpg\" alt=\"\" width=\"809\" height=\"555\" srcset=\"https:\/\/havamall.vn\/wp-content\/uploads\/2021\/09\/chuoi-dap-mien-tay-cham-cot-dua-thom-ngay-821-4828562-300x206.jpg 300w, https:\/\/havamall.vn\/wp-content\/uploads\/2021\/09\/chuoi-dap-mien-tay-cham-cot-dua-thom-ngay-821-4828562-430x295.jpg 430w, https:\/\/havamall.vn\/wp-content\/uploads\/2021\/09\/chuoi-dap-mien-tay-cham-cot-dua-thom-ngay-821-4828562-150x103.jpg 150w, https:\/\/havamall.vn\/wp-content\/uploads\/2021\/09\/chuoi-dap-mien-tay-cham-cot-dua-thom-ngay-821-4828562-700x480.jpg 700w, https:\/\/havamall.vn\/wp-content\/uploads\/2021\/09\/chuoi-dap-mien-tay-cham-cot-dua-thom-ngay-821-4828562-768x527.jpg 768w, https:\/\/havamall.vn\/wp-content\/uploads\/2021\/09\/chuoi-dap-mien-tay-cham-cot-dua-thom-ngay-821-4828562.jpg 1024w, https:\/\/havamall.vn\/wp-content\/uploads\/2021\/09\/chuoi-dap-mien-tay-cham-cot-dua-thom-ngay-821-4828562-600x411.jpg 600w\" sizes=\"(max-width: 809px) 100vw, 809px\" \/><\/p>\n<h2><strong>Nh\u1eefng c\u00f4ng d\u1ee5ng l\u00e0m \u0111\u1eb9p c\u1ee7a n\u01b0\u1edbc c\u1ed1t d\u1eeba:<\/strong><\/h2>\n<p>\u2013 Ng\u0103n ng\u1eeba l\u00e3o h\u00f3a da: n\u01b0\u1edbc c\u1ed1t d\u1eeba c\u00f3 h\u00e0m l\u01b0\u1ee3ng \u0111\u1ed3ng v\u00e0 vitamin C gi\u00fap duy tr\u00ec s\u1ef1 \u0111\u00e0n h\u1ed3i c\u1ee7a da v\u00e0 ng\u0103n kh\u00f4ng cho n\u1ebfp nh\u0103n ph\u00e1t tri\u1ec3n.<\/p>\n<p>\u2013 Cung c\u1ea5p c\u00e1c d\u01b0\u1ee1ng ch\u1ea5t c\u1ea7n thi\u1ebft nu\u00f4i d\u01b0\u1ee1ng l\u00e0n da: B\u1ea1n ch\u1ec9 c\u1ea7n thoa n\u01b0\u1edbc c\u1ed1t d\u1eeba l\u00ean da v\u00e0 kho\u1ea3ng n\u1eeda ti\u1ebfng sau l\u00e0 b\u1ea1n c\u00f3 th\u1ec3 c\u1ea3m nh\u1eadn \u0111\u01b0\u1ee3c l\u00e0n da t\u01b0\u01a1i m\u00e1t h\u01a1n<\/p>\n<p>\u2013 L\u00e0 ch\u1ea5t t\u1ea9y trang c\u00f3 hi\u1ec7u qu\u1ea3: N\u01b0\u1edbc c\u1ed1t d\u1eeba s\u1ebd l\u1ea5y \u0111i c\u00e1c h\u00f3a ch\u1ea5t b\u00e1m ch\u1eb7t trong l\u1ed7 ch\u00e2n l\u00f4ng c\u1ee7a b\u1ea1n v\u00e0 b\u1ed5 sung dinh d\u01b0\u1ee1ng gi\u00fap da th\u00f4ng tho\u00e1ng.<\/p>\n<p>\u2013 C\u00f3 t\u00e1c d\u1ee5ng ch\u1ed1ng n\u1eafng v\u00e0 ch\u1eefa ch\u00e1y n\u1eafng: N\u01b0\u1edbc c\u1ed1t d\u1eeba gi\u00fap l\u00e0m gi\u1ea3m v\u1ebft ch\u00e1y n\u1eafng v\u00e0 t\u0103ng t\u1ed1c qu\u00e1 tr\u00ecnh h\u1ed3i ph\u1ee5c v\u1ebft th\u01b0\u01a1ng<\/p>\n<p>\u2013 X\u1eed l\u00fd t\u1ed1t c\u00e1c b\u1ec7nh v\u1ec1 da: n\u01b0\u1edbc c\u1ed1t d\u1eeba c\u00f3 t\u00e1c d\u1ee5ng h\u1ea1n ch\u1ebf s\u1ef1 ph\u00e1t tri\u1ec3n c\u00e1c b\u1ec7nh v\u1ec1 da nh\u01b0 v\u1ea9y n\u1ebfn ho\u1eb7c ch\u00e0m<\/p>\n<p>\u2013 Ngo\u00e0i ra s\u1eefa d\u1eeba c\u00f2n r\u1ea5t c\u00f3 t\u00e1c d\u1ee5ng v\u1edbi s\u1ef1 ph\u00e1t tri\u1ec3n c\u1ee7a t\u00f3c v\u00e0 ng\u0103n ng\u1eeba g\u1ea7u n\u1ebfu ta s\u1eed d\u1ee5ng d\u1ec3 d\u01b0\u1ee1ng t\u00f3c.<\/p>\n<\/div>\n<\/div>\n<\/div>\n<\/div>\n<\/div>\n<\/div>\n<\/div>\n<\/div>\n<\/div>\n<\/div>","protected":false},"excerpt":{"rendered":"<p>TH\u00d4NG TIN CHUNG Th\u01b0\u01a1ng hi\u1ec7u Andros Xu\u1ea5t x\u1ee9 th\u01b0\u01a1ng hi\u1ec7u Ph\u00e1p H\u1ea1n s\u1eed d\u1ee5ng 12 th\u00e1ng k\u1ec3 t\u1eeb ng\u00e0y s\u1ea3n<\/p>","protected":false},"featured_media":31998,"comment_status":"open","ping_status":"closed","template":"","meta":[],"product_brand":[],"product_cat":[275,36],"product_tag":[],"class_list":{"0":"post-31994","1":"product","2":"type-product","3":"status-publish","4":"has-post-thumbnail","6":"product_cat-thuc-pham-dong-lanh","7":"product_cat-thuc-pham-tieu-dung","8":"pa_brand-andros","10":"first","11":"instock","12":"sale","13":"shipping-taxable","14":"purchasable","15":"product-type-simple"},"_links":{"self":[{"href":"https:\/\/havamall.vn\/en\/wp-json\/wp\/v2\/product\/31994"}],"collection":[{"href":"https:\/\/havamall.vn\/en\/wp-json\/wp\/v2\/product"}],"about":[{"href":"https:\/\/havamall.vn\/en\/wp-json\/wp\/v2\/types\/product"}],"replies":[{"embeddable":true,"href":"https:\/\/havamall.vn\/en\/wp-json\/wp\/v2\/comments?post=31994"}],"version-history":[{"count":0,"href":"https:\/\/havamall.vn\/en\/wp-json\/wp\/v2\/product\/31994\/revisions"}],"wp:featuredmedia":[{"embeddable":true,"href":"https:\/\/havamall.vn\/en\/wp-json\/wp\/v2\/media\/31998"}],"wp:attachment":[{"href":"https:\/\/havamall.vn\/en\/wp-json\/wp\/v2\/media?parent=31994"}],"wp:term":[{"taxonomy":"product_brand","embeddable":true,"href":"https:\/\/havamall.vn\/en\/wp-json\/wp\/v2\/product_brand?post=31994"},{"taxonomy":"product_cat","embeddable":true,"href":"https:\/\/havamall.vn\/en\/wp-json\/wp\/v2\/product_cat?post=31994"},{"taxonomy":"product_tag","embeddable":true,"href":"https:\/\/havamall.vn\/en\/wp-json\/wp\/v2\/product_tag?post=31994"}],"curies":[{"name":"wp","href":"https:\/\/api.w.org\/{rel}","templated":true}]}}