{"id":31986,"date":"2023-07-24T14:15:07","date_gmt":"2023-07-24T07:15:07","guid":{"rendered":"https:\/\/havamall.vn\/?post_type=product&#038;p=31986"},"modified":"2025-11-13T14:57:27","modified_gmt":"2025-11-13T07:57:27","slug":"31986","status":"publish","type":"product","link":"https:\/\/havamall.vn\/en\/shop\/31986\/","title":{"rendered":"\u1ed4i H\u1ed3ng Xay Nhuy\u1ec5n \u0110\u00f4ng L\u1ea1nh Andros H\u1ed9p 1kg &#8211; Frozen Puree Pink Guava"},"content":{"rendered":"<div class=\"j83agx80\">\n<div class=\"dwo3fsh8 g5ia77u1 rt8b4zig n8ej3o3l agehan2d sk4xxmp2 rq0escxv q9uorilb kvgmc6g5 cxmmr5t8 oygrvhab hcukyx3x jb3vyjys rz4wbd8a qt6c0cv9 a8nywdso l9j0dhe7 i1ao9s8h k4urcfbm\">\n<div class=\"j83agx80 cbu4d94t sj5x9vvc cxgpxx05\">\n<div class=\"rq0escxv l9j0dhe7 du4w35lb j83agx80 pfnyh3mw jifvfom9 ll8tlv6m owycx6da btwxx1t3 hv4rvrfc dati1w0a jb3vyjys b5q2rw42 lq239pai mysgfdmx hddg9phg\">\n<div class=\"rq0escxv l9j0dhe7 du4w35lb j83agx80 cbu4d94t d2edcug0 hpfvmrgz rj1gh0hx buofh1pr g5gj957u o8rfisnq p8fzw8mz pcp91wgn iuny7tx3 ipjc6fyt\">\n<div class=\"j83agx80 cbu4d94t ew0dbk1b irj2b8pg\">\n<div class=\"qzhwtbm6 knvmm38d\">\n<div class=\"j83agx80 cbu4d94t ew0dbk1b irj2b8pg\">\n<div class=\"qzhwtbm6 knvmm38d\">\n<div class=\"kvgmc6g5 cxmmr5t8 oygrvhab hcukyx3x c1et5uql\">\n<div dir=\"auto\"><\/div>\n<h2><strong>TH\u00d4NG TIN CHUNG<\/strong><\/h2>\n<table>\n<tbody>\n<tr>\n<td>Th\u01b0\u01a1ng hi\u1ec7u<\/td>\n<td>Andros<\/td>\n<\/tr>\n<tr>\n<td>Xu\u1ea5t x\u1ee9 th\u01b0\u01a1ng hi\u1ec7u<\/td>\n<td>Ph\u00e1p<\/td>\n<\/tr>\n<tr>\n<td>H\u1ea1n s\u1eed d\u1ee5ng<\/td>\n<td>12 th\u00e1ng k\u1ec3 t\u1eeb ng\u00e0y s\u1ea3n xu\u1ea5t<\/td>\n<\/tr>\n<tr>\n<td>H\u01b0\u1edbng d\u1eabn b\u1ea3o qu\u1ea3n<\/td>\n<td>B\u1ea3o qu\u1ea3n \u1edf n\u01a1i kh\u00f4 r\u00e1o, tho\u00e1ng m\u00e1t. Sau khi m\u1edf n\u1eafp, gi\u1eef l\u1ea1nh v\u00e0 s\u1eed d\u1ee5ng trong th\u1eddi gian ng\u1eafn<\/td>\n<\/tr>\n<tr>\n<td>H\u01b0\u1edbng d\u1eabn s\u1eed d\u1ee5ng<\/td>\n<td>D\u00f9ng \u0111\u1ec3 pha ch\u1ebf n\u01b0\u1edbc u\u1ed1ng, l\u00e0m b\u00e1nh, n\u1ea5u \u0103n,&#8230;<\/td>\n<\/tr>\n<tr>\n<td>Xu\u1ea5t x\u1ee9<\/td>\n<td>Vi\u1ec7t Nam<\/td>\n<\/tr>\n<tr>\n<td>Tr\u1ecdng l\u01b0\u1ee3ng s\u1ea3n ph\u1ea9m<\/td>\n<td>1kg<\/td>\n<\/tr>\n<tr>\n<td>Quy c\u00e1ch \u0111\u00f3ng g\u00f3i<\/td>\n<td>H\u1ed9p 1kg<\/td>\n<\/tr>\n<tr>\n<td>Th\u00e0nh ph\u1ea7n<\/td>\n<td>\u1ed4i h\u1ed3ng (90), \u0111\u01b0\u1eddng<\/td>\n<\/tr>\n<\/tbody>\n<\/table>\n<div dir=\"auto\">Andros Asia l\u00e0 c\u00f4ng ty c\u1ee7a Ph\u00e1p t\u1ea1i Vi\u1ec7t Nam, l\u00e0 chuy\u00ean gia s\u1ea3n xu\u1ea5t ch\u1ebf bi\u1ebfn c\u00e1c lo\u1ea1i tr\u00e1i c\u00e2y, nguy\u00ean li\u1ec7u chuy\u00ean d\u00f9ng trong l\u0129nh v\u1ef1c th\u1ee9c u\u1ed1ng v\u00e0 b\u00e1nh ng\u1ecdt.<\/div>\n<p dir=\"auto\">ANDROS l\u00e0 c\u00f4ng ty gia \u0111\u00ecnh \u1edf v\u00f9ng ngo\u1ea1i \u00f4 Ph\u00e1p v\u1edbi nh\u1eefng gi\u00e1 tr\u1ecb \u0111\u00e1ng t\u1ef1 h\u00e0o trong h\u01a1n 100 n\u0103m v\u00e0 mong mu\u1ed1n ph\u00e1t tri\u1ec3n th\u00e0nh m\u1ed9t t\u1eadp \u0111o\u00e0n c\u00f4ng nghi\u00eap \u0111a qu\u1ed1c gia. M\u1eb7c d\u00f9 t\u1eeb x\u01b0a \u0111\u1ebfn nay tr\u00e1i c\u00e2y lu\u00f4n l\u00e0 d\u00f2ng s\u1ea3n ph\u1ea9m ch\u00ednh c\u1ee7a ANDROS, t\u1eadp \u0111o\u00e0n c\u00f2n m\u1edf r\u1ed9ng s\u1ea3n xu\u1ea5t th\u00eam nhi\u1ec1u s\u1ea3n ph\u1ea9m kh\u00e1c nh\u01b0 b\u00e1nh k\u1eb9o, s\u1ea3n ph\u1ea9m t\u1eeb s\u1eefa v\u00e0 \u0111\u1ed3 tr\u00e1ng mi\u00eang \u0111\u00f4ng l\u1ea1nh.<\/p>\n<p dir=\"auto\">ANDROS Asia l\u00e0 chuy\u00ean gia s\u1ea3n xu\u1ea5t c\u00e1c lo\u1ea1i tr\u00e1i c\u00e2y t\u1eeb ngu\u1ed3n nguy\u00ean li\u00eau \u0111\u1ecba ph\u01b0\u01a1ng. V\u1edbi ni\u1ec1m \u0111am m\u00ea t\u1ea1o ra nh\u1eefng s\u1ea3n ph\u1ea9m tr\u00e1i c\u00e2y ch\u1ea5t l\u01b0\u1ee3ng v\u00e0 kinh nghi\u1ec7m l\u00e0m m\u1ee9t l\u00e2u \u0111\u1eddi, ANDROS \u0111a d\u1ea1ng h\u00f3a s\u1ea3n ph\u1ea9m \u0111\u1ec3 mang t\u1edbi nh\u1eefng d\u00f2ng s\u1ea3n ph\u1ea9m nguy\u00ean li\u1ec7u ch\u1ebf bi\u1ebfn th\u1ee9c u\u1ed1ng v\u00e0 b\u00e1nh ng\u1ecdt. M\u1ecdi s\u1ea3n ph\u1ea9m \u0111\u1ec1u \u0111\u01b0\u1ee3c ch\u1ebf bi\u1ebfn d\u1ef1a tr\u00ean n\u1eefng chuy\u00ean m\u00f4n v\u00e0 b\u00ed quy\u1ebft l\u00e2u \u0111\u1eddi t\u1eeb Ph\u00e1p.<\/p>\n<\/div>\n<p dir=\"auto\"><img fetchpriority=\"high\" decoding=\"async\" class=\"wp-image-31987 aligncenter\" src=\"https:\/\/havamall.vn\/wp-content\/uploads\/2023\/07\/277218664_1399410553827247_5870086885469306880_n-300x300.jpeg\" alt=\"\" width=\"808\" height=\"808\" srcset=\"https:\/\/havamall.vn\/wp-content\/uploads\/2023\/07\/277218664_1399410553827247_5870086885469306880_n-300x300.jpeg 300w, https:\/\/havamall.vn\/wp-content\/uploads\/2023\/07\/277218664_1399410553827247_5870086885469306880_n-430x430.jpeg 430w, https:\/\/havamall.vn\/wp-content\/uploads\/2023\/07\/277218664_1399410553827247_5870086885469306880_n-150x150.jpeg 150w, https:\/\/havamall.vn\/wp-content\/uploads\/2023\/07\/277218664_1399410553827247_5870086885469306880_n-700x700.jpeg 700w, https:\/\/havamall.vn\/wp-content\/uploads\/2023\/07\/277218664_1399410553827247_5870086885469306880_n-768x768.jpeg 768w, https:\/\/havamall.vn\/wp-content\/uploads\/2023\/07\/277218664_1399410553827247_5870086885469306880_n-1024x1024.jpeg 1024w, https:\/\/havamall.vn\/wp-content\/uploads\/2023\/07\/277218664_1399410553827247_5870086885469306880_n-600x600.jpeg 600w, https:\/\/havamall.vn\/wp-content\/uploads\/2023\/07\/277218664_1399410553827247_5870086885469306880_n-100x100.jpeg 100w, https:\/\/havamall.vn\/wp-content\/uploads\/2023\/07\/277218664_1399410553827247_5870086885469306880_n.jpeg 1080w\" sizes=\"(max-width: 808px) 100vw, 808px\" \/><\/p>\n<div class=\"kvgmc6g5 cxmmr5t8 oygrvhab hcukyx3x c1et5uql\">\n<p dir=\"auto\">Nh\u1eb1m mang \u0111\u1ebfn s\u1ef1 ti\u1ec7n l\u1ee3i cho ng\u01b0\u1eddi s\u1eed d\u1ee5ng, Andros \u0111\u00e3 s\u1ea3n xu\u1ea5t \u1ed5i h\u1ed3ng \u0111\u00f4ng l\u1ea1nh. Ph\u01b0\u01a1ng ph\u00e1p n\u00e0y v\u1eeba ti\u1ebft ki\u1ec7m th\u1eddi gian, v\u1eeba gi\u1ea3i quy\u1ebft lo l\u1eafng cho kh\u00e1ch h\u00e0ng khi th\u1ef1c ph\u1ea9m h\u1ecfng h\u00f3c. Tr\u1ea3i qua quy tr\u00ecnh kh\u00e9p kh\u00ed, c\u00e1c th\u00e0nh ph\u1ea7n dinh d\u01b0\u1ee1ng trong \u1ed5i h\u1ed3ng v\u1eabn \u0111\u01b0\u1ee3c gi\u1eef tr\u1ecdn v\u1eb9n.<\/p>\n<\/div>\n<\/div>\n<\/div>\n<\/div>\n<\/div>\n<\/div>\n<\/div>\n<\/div>\n<\/div>\n<\/div>\n<div class=\"j83agx80\">\n<div class=\"dwo3fsh8 g5ia77u1 rt8b4zig n8ej3o3l agehan2d sk4xxmp2 rq0escxv q9uorilb kvgmc6g5 cxmmr5t8 oygrvhab hcukyx3x jb3vyjys rz4wbd8a qt6c0cv9 a8nywdso l9j0dhe7 i1ao9s8h k4urcfbm\">\n<div class=\"j83agx80 cbu4d94t sj5x9vvc cxgpxx05\">\n<div class=\"rq0escxv l9j0dhe7 du4w35lb j83agx80 pfnyh3mw jifvfom9 ll8tlv6m owycx6da btwxx1t3 hv4rvrfc dati1w0a jb3vyjys b5q2rw42 lq239pai mysgfdmx hddg9phg\">\n<div class=\"rq0escxv l9j0dhe7 du4w35lb j83agx80 cbu4d94t d2edcug0 hpfvmrgz rj1gh0hx buofh1pr g5gj957u o8rfisnq p8fzw8mz pcp91wgn iuny7tx3 ipjc6fyt\">\n<div class=\"j83agx80 cbu4d94t ew0dbk1b irj2b8pg\">\n<div class=\"qzhwtbm6 knvmm38d\">\n<div class=\"j83agx80 cbu4d94t ew0dbk1b irj2b8pg\">\n<div class=\"qzhwtbm6 knvmm38d\">\n<div class=\"kvgmc6g5 cxmmr5t8 oygrvhab hcukyx3x c1et5uql\">\n<p dir=\"auto\">\u1ed4i h\u1ed3ng xay nhuy\u1ec5n \u0111\u00f4ng l\u1ea1nh Andros l\u00e0 d\u00f2ng s\u1ea3n ph\u1ea9m tr\u00e1i c\u00e2y \u0111\u00f4ng l\u1ea1nh v\u1edbi d\u00e2y chuy\u1ec1n c\u1ea5p \u0111\u00f4ng si\u00eau t\u1ed1c (IQF) 100% l\u00e0m t\u1eeb tr\u00e1i c\u00e2y t\u1ef1 nhi\u00ean v\u00e0 \u0111\u01b0\u1ee3c l\u1ef1a ch\u1ecdn k\u1ef9 l\u01b0\u1ee1ng, \u0111\u01b0\u1ee3c \u0111\u00f3ng g\u00f3i ti\u1ec7n l\u1ee3i \u0111\u1ec3 ph\u1ee5c v\u1ee5 m\u1ecdi nhu c\u1ea7u s\u1eed d\u1ee5ng su\u1ed1t c\u1ea3 n\u0103m.<\/p>\n<p dir=\"auto\"><img decoding=\"async\" class=\"wp-image-31988 aligncenter\" src=\"https:\/\/havamall.vn\/wp-content\/uploads\/2023\/07\/350678324_940460323682176_8775786858346886330_n-300x300.png\" alt=\"\" width=\"804\" height=\"804\" srcset=\"https:\/\/havamall.vn\/wp-content\/uploads\/2023\/07\/350678324_940460323682176_8775786858346886330_n-300x300.png 300w, https:\/\/havamall.vn\/wp-content\/uploads\/2023\/07\/350678324_940460323682176_8775786858346886330_n-430x430.png 430w, https:\/\/havamall.vn\/wp-content\/uploads\/2023\/07\/350678324_940460323682176_8775786858346886330_n-150x150.png 150w, https:\/\/havamall.vn\/wp-content\/uploads\/2023\/07\/350678324_940460323682176_8775786858346886330_n-700x700.png 700w, https:\/\/havamall.vn\/wp-content\/uploads\/2023\/07\/350678324_940460323682176_8775786858346886330_n-768x768.png 768w, https:\/\/havamall.vn\/wp-content\/uploads\/2023\/07\/350678324_940460323682176_8775786858346886330_n-1024x1024.png 1024w, https:\/\/havamall.vn\/wp-content\/uploads\/2023\/07\/350678324_940460323682176_8775786858346886330_n-600x600.png 600w, https:\/\/havamall.vn\/wp-content\/uploads\/2023\/07\/350678324_940460323682176_8775786858346886330_n-100x100.png 100w, https:\/\/havamall.vn\/wp-content\/uploads\/2023\/07\/350678324_940460323682176_8775786858346886330_n.png 1187w\" sizes=\"(max-width: 804px) 100vw, 804px\" \/><\/p>\n<div class=\"kvgmc6g5 cxmmr5t8 oygrvhab hcukyx3x c1et5uql ii04i59q\">\n<p dir=\"auto\">Tr\u00e1i c\u00e2y \u0111\u01b0\u1ee3c ch\u1ecdn t\u1eeb nh\u1eefng ngu\u1ed3n v\u00e0 gi\u1ed1ng t\u1ed1t nh\u1ea5t \u0111\u1ea3m b\u1ea3o kh\u00f4ng \u0111\u01b0\u1eddng, kh\u00f4ng ch\u1ea5t t\u1ea1o m\u00f9i, kh\u00f4ng ch\u1ea5t t\u1ea1o m\u00e0u, kh\u00f4ng ch\u1ea5t b\u1ea3o qu\u1ea3n n\u00ean r\u1ea5t an to\u00e0n cho ng\u01b0\u1eddi s\u1eed d\u1ee5ng. S\u1ea3n ph\u1ea9m \u0111\u01b0\u1ee3c l\u00e0m l\u1ea1nh ngay sau khi thu ho\u1ea1ch n\u00ean gi\u1eef \u0111\u01b0\u1ee3c tr\u1ecdn v\u1eb9n h\u01b0\u01a1ng v\u1ecb, \u0111\u1ed9 t\u01b0\u01a1i ngon c\u00f9ng c\u00e1c vitamin, kho\u00e1ng ch\u1ea5t.<\/p>\n<p dir=\"auto\"><img decoding=\"async\" class=\"wp-image-31989 aligncenter\" src=\"https:\/\/havamall.vn\/wp-content\/uploads\/2023\/07\/GuavaMousseCakes_Feature-300x300.jpeg\" alt=\"\" width=\"802\" height=\"802\" srcset=\"https:\/\/havamall.vn\/wp-content\/uploads\/2023\/07\/GuavaMousseCakes_Feature-300x300.jpeg 300w, https:\/\/havamall.vn\/wp-content\/uploads\/2023\/07\/GuavaMousseCakes_Feature-430x430.jpeg 430w, https:\/\/havamall.vn\/wp-content\/uploads\/2023\/07\/GuavaMousseCakes_Feature-150x150.jpeg 150w, https:\/\/havamall.vn\/wp-content\/uploads\/2023\/07\/GuavaMousseCakes_Feature-700x700.jpeg 700w, https:\/\/havamall.vn\/wp-content\/uploads\/2023\/07\/GuavaMousseCakes_Feature-768x768.jpeg 768w, https:\/\/havamall.vn\/wp-content\/uploads\/2023\/07\/GuavaMousseCakes_Feature-1024x1024.jpeg 1024w, https:\/\/havamall.vn\/wp-content\/uploads\/2023\/07\/GuavaMousseCakes_Feature.jpeg 1200w, https:\/\/havamall.vn\/wp-content\/uploads\/2023\/07\/GuavaMousseCakes_Feature-600x600.jpeg 600w, https:\/\/havamall.vn\/wp-content\/uploads\/2023\/07\/GuavaMousseCakes_Feature-100x100.jpeg 100w\" sizes=\"(max-width: 802px) 100vw, 802px\" \/><\/p>\n<p>\u1ed4i ru\u1ed9t h\u1ed3ng\u00a0l\u00e0 m\u1ed9t \u201ckho dinh d\u01b0\u1ee1ng\u201d\u00a0thi\u00ean nhi\u00ean ban t\u1eb7ng, r\u1ea5t gi\u00e0u vitamin C, ch\u1ea5t x\u01a1 c\u00f9ng c\u00e1c kho\u00e1ng ch\u1ea5t, c\u00f3 c\u00f4ng d\u1ee5ng tuy\u1ec7t v\u1eddi \u0111\u1ed1i v\u1edbi s\u1ee9c kh\u1ecfe.<\/p>\n<p>\u0102n ho\u1eb7c u\u1ed1ng n\u01b0\u1edbc\u00a0\u1ed4i ru\u1ed9t h\u1ed3ng\u00a0m\u1ed7i ng\u00e0y kh\u00f4ng nh\u1eefng gi\u00fap t\u0103ng l\u01b0\u1ee3ng tr\u00e1i c\u00e2y s\u1ea1ch, vitamin cho c\u01a1 th\u1ec3 m\u00e0 c\u00f2n c\u00f3 nhi\u1ec1u t\u00e1c d\u1ee5ng ph\u00f2ng c\u00e1c b\u1ec7nh t\u1eadt kh\u00e1c.\u00a0\u1ed4i ru\u1ed9t h\u1ed3ng\u00a0c\u00f3 nhi\u1ec1u ch\u1ea5t x\u01a1, gi\u00fap h\u1ea1 cholesterol trong m\u00e1u, ch\u1ed1ng \u0111\u00f4ng m\u00e1u, t\u1ed1t cho h\u1ec7 ti\u00eau h\u00f3a, \u2026<\/p>\n<p><img loading=\"lazy\" decoding=\"async\" class=\"wp-image-31990 aligncenter\" src=\"https:\/\/havamall.vn\/wp-content\/uploads\/2023\/07\/72742327_756591724775803_4610651047273168896_n-300x300.jpeg\" alt=\"\" width=\"802\" height=\"802\" srcset=\"https:\/\/havamall.vn\/wp-content\/uploads\/2023\/07\/72742327_756591724775803_4610651047273168896_n-300x300.jpeg 300w, https:\/\/havamall.vn\/wp-content\/uploads\/2023\/07\/72742327_756591724775803_4610651047273168896_n-430x430.jpeg 430w, https:\/\/havamall.vn\/wp-content\/uploads\/2023\/07\/72742327_756591724775803_4610651047273168896_n-150x150.jpeg 150w, https:\/\/havamall.vn\/wp-content\/uploads\/2023\/07\/72742327_756591724775803_4610651047273168896_n-700x700.jpeg 700w, https:\/\/havamall.vn\/wp-content\/uploads\/2023\/07\/72742327_756591724775803_4610651047273168896_n-768x768.jpeg 768w, https:\/\/havamall.vn\/wp-content\/uploads\/2023\/07\/72742327_756591724775803_4610651047273168896_n-600x600.jpeg 600w, https:\/\/havamall.vn\/wp-content\/uploads\/2023\/07\/72742327_756591724775803_4610651047273168896_n-100x100.jpeg 100w, https:\/\/havamall.vn\/wp-content\/uploads\/2023\/07\/72742327_756591724775803_4610651047273168896_n.jpeg 1000w\" sizes=\"(max-width: 802px) 100vw, 802px\" \/><\/p>\n<h2><strong>\u0110\u1eb7c \u0111i\u1ec3m n\u1ed5i b\u1eadt c\u1ee7a s\u1ea3n ph\u1ea9m:<\/strong><\/h2>\n<p>\u2013 C\u00f4ng ngh\u1ec7 l\u00e0m l\u1ea1nh nhanh gi\u00fap gi\u1eef nguy\u00ean v\u1eb9n m\u00f9i v\u1ecb v\u00e0 ch\u1ea5t dinh d\u01b0\u1ee1ng c\u00f3 trong qu\u1ea3 \u1ed5i<\/p>\n<p>\u2013 S\u1ea3n ph\u1ea9m \u0111\u01b0\u1ee3c \u0111\u00f3n g\u00f3i d\u1ea1ng h\u1ed9p gi\u00fap b\u1ea3o qu\u1ea3n d\u1ec5 d\u00e0ng h\u01a1n<\/p>\n<p>\u2013 C\u00f3 th\u1ec3 s\u1eed d\u1ee5ng v\u00e0 b\u1ea3o qu\u1ea3n trong th\u1eddi gian d\u00e0i<\/p>\n<\/div>\n<p><img loading=\"lazy\" decoding=\"async\" class=\"wp-image-31991 aligncenter\" src=\"https:\/\/havamall.vn\/wp-content\/uploads\/2023\/07\/Hawaiian-Guava-Cake-13-300x200.jpeg\" alt=\"\" width=\"797\" height=\"532\" srcset=\"https:\/\/havamall.vn\/wp-content\/uploads\/2023\/07\/Hawaiian-Guava-Cake-13-300x200.jpeg 300w, https:\/\/havamall.vn\/wp-content\/uploads\/2023\/07\/Hawaiian-Guava-Cake-13-430x287.jpeg 430w, https:\/\/havamall.vn\/wp-content\/uploads\/2023\/07\/Hawaiian-Guava-Cake-13-150x100.jpeg 150w, https:\/\/havamall.vn\/wp-content\/uploads\/2023\/07\/Hawaiian-Guava-Cake-13-700x467.jpeg 700w, https:\/\/havamall.vn\/wp-content\/uploads\/2023\/07\/Hawaiian-Guava-Cake-13-768x512.jpeg 768w, https:\/\/havamall.vn\/wp-content\/uploads\/2023\/07\/Hawaiian-Guava-Cake-13-1024x683.jpeg 1024w, https:\/\/havamall.vn\/wp-content\/uploads\/2023\/07\/Hawaiian-Guava-Cake-13.jpeg 1200w, https:\/\/havamall.vn\/wp-content\/uploads\/2023\/07\/Hawaiian-Guava-Cake-13-600x400.jpeg 600w\" sizes=\"(max-width: 797px) 100vw, 797px\" \/><\/p>\n<h2><strong>L\u1ee3i \u00edch s\u1ee9c kh\u1ecfe c\u1ee7a \u1ed5i h\u1ed3ng:<\/strong><\/h2>\n<p>\u2013 Kh\u00f4ng \u0111\u01b0\u1eddng, kh\u00f4ng ch\u1ea5t b\u1ea3o qu\u1ea3n, kh\u00f4ng ph\u1ee5 gia, h\u01b0\u01a1ng li\u1ec7u.<\/p>\n<p>\u2013 Tr\u00e1i \u1ed4i ru\u1ed9t h\u1ed3ng thi\u00ean nhi\u00ean 100% th\u01a1m ngon, tr\u1ed3ng s\u1ea1ch theo ti\u00eau chu\u1ea9n xu\u1ea5t kh\u1ea9u.<\/p>\n<p>\u2013 N\u01b0\u1edbc \u1ed4i h\u1ed3ng Nano s\u00e1nh \u0111\u1eb7c h\u01a1n, t\u01b0\u01a1i m\u1edbi l\u00e2u h\u01a1n nh\u1edd c\u00f4ng ngh\u1ec7 Nano.<\/p>\n<p>\u2013 N\u01b0\u1edbc \u1ed4i h\u1ed3ng Nano c\u00f4ng d\u1ee5ng h\u01a1n nhi\u1ec1u l\u1ea7n n\u01b0\u1edbc \u00e9p tr\u00e1i c\u00e2y th\u00f4ng th\u01b0\u1eddng.<\/p>\n<p>\u2013 B\u1ea3o to\u00e0n l\u01b0\u1ee3ng ch\u1ea5t x\u01a1 t\u1ef1 nhi\u00ean trong tr\u00e1i \u1ed4i ru\u1ed9t h\u1ed3ng.<\/p>\n<\/div>\n<\/div>\n<\/div>\n<\/div>\n<\/div>\n<\/div>\n<\/div>\n<\/div>\n<\/div>\n<\/div>","protected":false},"excerpt":{"rendered":"<p>TH\u00d4NG TIN CHUNG Th\u01b0\u01a1ng hi\u1ec7u Andros Xu\u1ea5t x\u1ee9 th\u01b0\u01a1ng hi\u1ec7u Ph\u00e1p H\u1ea1n s\u1eed d\u1ee5ng 12 th\u00e1ng k\u1ec3 t\u1eeb ng\u00e0y s\u1ea3n<\/p>","protected":false},"featured_media":31992,"comment_status":"open","ping_status":"closed","template":"","meta":[],"product_brand":[],"product_cat":[275,36],"product_tag":[],"class_list":{"0":"post-31986","1":"product","2":"type-product","3":"status-publish","4":"has-post-thumbnail","6":"product_cat-thuc-pham-dong-lanh","7":"product_cat-thuc-pham-tieu-dung","8":"pa_brand-andros","10":"first","11":"instock","12":"sale","13":"shipping-taxable","14":"purchasable","15":"product-type-simple"},"_links":{"self":[{"href":"https:\/\/havamall.vn\/en\/wp-json\/wp\/v2\/product\/31986"}],"collection":[{"href":"https:\/\/havamall.vn\/en\/wp-json\/wp\/v2\/product"}],"about":[{"href":"https:\/\/havamall.vn\/en\/wp-json\/wp\/v2\/types\/product"}],"replies":[{"embeddable":true,"href":"https:\/\/havamall.vn\/en\/wp-json\/wp\/v2\/comments?post=31986"}],"version-history":[{"count":0,"href":"https:\/\/havamall.vn\/en\/wp-json\/wp\/v2\/product\/31986\/revisions"}],"wp:featuredmedia":[{"embeddable":true,"href":"https:\/\/havamall.vn\/en\/wp-json\/wp\/v2\/media\/31992"}],"wp:attachment":[{"href":"https:\/\/havamall.vn\/en\/wp-json\/wp\/v2\/media?parent=31986"}],"wp:term":[{"taxonomy":"product_brand","embeddable":true,"href":"https:\/\/havamall.vn\/en\/wp-json\/wp\/v2\/product_brand?post=31986"},{"taxonomy":"product_cat","embeddable":true,"href":"https:\/\/havamall.vn\/en\/wp-json\/wp\/v2\/product_cat?post=31986"},{"taxonomy":"product_tag","embeddable":true,"href":"https:\/\/havamall.vn\/en\/wp-json\/wp\/v2\/product_tag?post=31986"}],"curies":[{"name":"wp","href":"https:\/\/api.w.org\/{rel}","templated":true}]}}