{"id":31980,"date":"2023-07-21T17:25:18","date_gmt":"2023-07-21T10:25:18","guid":{"rendered":"https:\/\/havamall.vn\/?post_type=product&#038;p=31980"},"modified":"2025-09-29T16:51:45","modified_gmt":"2025-09-29T09:51:45","slug":"dau-hao-thuong-hang-hai-thien-590g-haday-superior-oyster-sauce","status":"publish","type":"product","link":"https:\/\/havamall.vn\/en\/shop\/dau-hao-thuong-hang-hai-thien-590g-haday-superior-oyster-sauce\/","title":{"rendered":"D\u1ea7u H\u00e0o Th\u01b0\u1ee3ng H\u1ea1ng H\u1ea3i Thi\u00ean 590g \u2013 Haday Superior Oyster Sauce"},"content":{"rendered":"<h2><strong>TH\u00d4NG TIN CHUNG<\/strong><\/h2>\n<table>\n<tbody>\n<tr>\n<td>Th\u01b0\u01a1ng hi\u1ec7u<\/td>\n<td>H\u1ea3i Thi\u00ean<\/td>\n<\/tr>\n<tr>\n<td>Xu\u1ea5t x\u1ee9<\/td>\n<td>Trung Qu\u1ed1c<\/td>\n<\/tr>\n<tr>\n<td>Th\u00e0nh ph\u1ea7n<\/td>\n<td>N\u01b0\u1edbc, chi\u1ebft xu\u1ea5t h\u00e0u, \u0111\u01b0\u1eddng,&#8230;<\/td>\n<\/tr>\n<tr>\n<td>H\u1ea1n s\u1eed d\u1ee5ng<\/td>\n<td>18 th\u00e1ng k\u1ec3 t\u1eeb ng\u00e0y s\u1ea3n xu\u1ea5t.<\/td>\n<\/tr>\n<tr>\n<td>B\u1ea3o qu\u1ea3n<\/td>\n<td>\u0110\u1ec3 n\u01a1i kh\u00f4 r\u00e1o, tho\u00e1ng m\u00e1t, tr\u00e1nh \u00e1nh n\u1eafng tr\u1ef1c ti\u1ebfp<\/td>\n<\/tr>\n<tr>\n<td>Kh\u1ed1i l\u01b0\u1ee3ng t\u1ecbnh<\/td>\n<td>590g<\/td>\n<\/tr>\n<\/tbody>\n<\/table>\n<p>D\u1ea7u h\u00e0o ra \u0111\u1eddi t\u1eeb n\u0103m 1888 b\u1edfi Lee Kam Sheung, s\u1ed1ng \u1edf l\u00e0ng Nam Th\u1ee7y, Chu H\u1ea3i, t\u1ec9nh Qu\u1ea3ng \u0110\u00f4ng, Trung Qu\u1ed1c. Trong m\u1ed9t l\u1ea7n n\u1ea5u \u0103n, v\u00ec qu\u00e1 b\u1eadn r\u1ed9n m\u00e0 \u00f4ng \u0111\u00e3 qu\u00ean l\u00e3ng vi\u1ec7c m\u00ecnh \u0111ang n\u1ea5u m\u1ed9t n\u1ed3i h\u00e0u. Ch\u00ednh \u0111i\u1ec1u n\u00e0y \u0111\u00e3 khi\u1ebfn n\u1ed3i h\u00e0u n\u1ea5u mu\u1ed1i c\u1ee7a \u00f4ng b\u1ecb qu\u00ean l\u00e3ng, ch\u00e1y kh\u00e9t \u0111en. V\u00e0 v\u00f4 t\u00ecnh, \u00f4ng \u0111\u00e3 ph\u00e1t hi\u1ec7n ra h\u01b0\u01a1ng v\u1ecb ch\u00e1y kh\u00e9t c\u1ee7a h\u00e0u khi l\u00ean men v\u00f4 c\u00f9ng tuy\u1ec7t v\u1eddi. \u0110\u1ec3 r\u1ed3i t\u1eeb \u0111\u00f3, \u00f4ng tr\u1edf th\u00e0nh m\u1ed9t doanh nh\u00e2n n\u1ed5i ti\u1ebfng v\u1edbi c\u00f4ng ty chuy\u00ean s\u1ea3n xu\u1ea5t d\u1ea7u h\u00e0o. C\u0169ng t\u1eeb l\u1ea7n th\u1ea5t b\u1ea1i trong n\u1ea5u \u0103n \u1ea5y, d\u1ea7u h\u00e0o \u0111\u01b0\u1ee3c ph\u00e1t hi\u1ec7n v\u00e0 tr\u1edf th\u00e0nh m\u1ed9t gia v\u1ecb tuy\u1ec7t h\u1ea3o c\u1ee7a \u1ea9m th\u1ef1c Trung Hoa.<\/p>\n<p><img fetchpriority=\"high\" decoding=\"async\" class=\"wp-image-31981 aligncenter\" src=\"https:\/\/havamall.com\/wp-content\/uploads\/2025\/09\/350812377_187632494254428_5903359871677392624_n-225x300.jpg\" alt=\"\" width=\"619\" height=\"826\" \/><\/p>\n<p>D\u1ea7u h\u00e0o l\u00e0 gia v\u1ecb n\u1ed5i ti\u1ebfng t\u1ea1o n\u00ean h\u01b0\u01a1ng, s\u1eafc, v\u1ecb cho v\u00f4 s\u1ed1 m\u00f3n ngon trong n\u1ec1n \u1ea9m th\u1ef1c Trung Hoa (\u0111\u1eb7c bi\u1ec7t l\u00e0 c\u00e1c m\u00f3n Qu\u1ea3ng \u0110\u00f4ng) \u0111\u1ebfn nay gia v\u1ecb n\u00e0y \u0111\u00e3 lan r\u1ea5t nhanh d\u1ea7n d\u1ea7n tr\u1edf th\u00e0nh m\u1ed9t ph\u1ea7n quen thu\u1ed9c trong c\u00e1c m\u00f3n \u0103n c\u1ee7a ng\u01b0\u1eddi Vi\u1ec7t Nam, Th\u00e1i Lan, Philipin v\u00e0 nhi\u1ec1u n\u01b0\u1edbc kh\u00e1c. D\u1ea7u h\u00e0o l\u00e0 m\u1ed9t lo\u1ea1i n\u01b0\u1edbc x\u1ed1t c\u00f3 m\u00e0u n\u00e2u s\u1eabm h\u01a1n c\u00e1nh gi\u00e1n m\u1ed9t ch\u00fat, d\u1ea7u h\u00e0o c\u00f3 v\u1ecb ng\u1ecdt xen v\u1edbi v\u1ecb m\u1eb7n nh\u1eb9.<\/p>\n<p><img decoding=\"async\" class=\"aligncenter\" src=\"https:\/\/havamall.com\/wp-content\/uploads\/2025\/09\/O1CN011EGtC6npJCQAvog_3040760325.jpg\" alt=\"Haitian premium oyster sauce 260gx2 bottle noodle hot pot dipping small bottle home authentic stir-fry fresh condiment\" width=\"617\" height=\"618\" \/><\/p>\n<p>C\u00f4ng d\u1ee5ng \u0111\u1ea7u ti\u00ean c\u1ee7a d\u1ea7u h\u00e0o ch\u00ednh l\u00e0 d\u00f9ng \u0111\u1ec3 t\u1ea9m \u01b0\u1edbp c\u00e1c m\u00f3n th\u1ecbt nh\u01b0 th\u1ecbt b\u00f2, th\u1ecbt heo, th\u1ecbt g\u00e0,\u2026 D\u1ea7u h\u00e0o s\u1ebd gi\u00fap m\u00f3n \u0103n c\u00f3 h\u01b0\u01a1ng th\u01a1m \u0111\u1eb7c s\u1eafc, v\u1ecb \u0111\u1eadm \u0111\u00e0 c\u00f9ng m\u00e0u s\u1eafc v\u00f4 c\u00f9ng b\u1eaft m\u1eaft. Tuy nhi\u00ean, khi s\u1eed d\u1ee5ng d\u1ea7u h\u00e0o \u0111\u1ec3 n\u00eam n\u1ebfm, b\u1ea1n nh\u1edb gia gi\u1ea3m c\u00e1c gia v\u1ecb kh\u00e1c \u0111\u1ec3 tr\u00e1nh m\u00f3n \u0103n b\u1ecb m\u1eb7n, v\u00ec d\u1ea7u h\u00e0o c\u00f3 v\u1ecb kh\u00e1 \u0111\u1eadm r\u1ed3i \u0111\u1ea5y.<\/p>\n<p><img decoding=\"async\" class=\"wp-image-31982 aligncenter\" src=\"https:\/\/havamall.com\/wp-content\/uploads\/2025\/09\/351836945_796457005140307_6565570925923367680_n-225x300.jpg\" alt=\"\" width=\"620\" height=\"827\" \/><br \/>\nKh\u00f4ng th\u1ec3 kh\u00f4ng nh\u1eafc \u0111\u1ebfn d\u1ea7u h\u00e0o khi s\u1eed d\u1ee5ng ph\u01b0\u01a1ng ph\u00e1p x\u00e0o \u0111\u1ec3 ch\u1ebf bi\u1ebfn th\u1ef1c ph\u1ea9m, \u0111\u1eb7c bi\u1ec7t l\u00e0 x\u00e0o rau. Khi m\u00f3n \u0103n b\u1eaft \u0111\u1ea7u ch\u00edn t\u1edbi, b\u1ea1n n\u00eam th\u00eam ch\u00fat d\u1ea7u h\u00e0o v\u00e0o v\u00e0 \u0111\u1ea3o \u0111\u1ec1u. M\u00f3n \u0103n s\u1ebd c\u00f3 h\u01b0\u01a1ng th\u01a1m h\u1ea5p d\u1eabn c\u00f9ng v\u1ecb ngon \u0111\u1eadm \u0111\u00e0 nh\u01b0ng v\u1eabn gi\u1eef \u0111\u01b0\u1ee3c v\u1ecb ng\u1ecdt thanh c\u1ee7a rau c\u1ee7. Kh\u00f4ng nh\u1eefng th\u1ebf, s\u1eed d\u1ee5ng d\u1ea7u h\u00e0o khi x\u00e0o c\u00e1c lo\u1ea1i th\u1ecbt c\u0169ng c\u00f3 t\u00e1c d\u1ee5ng l\u00e0m m\u1ec1m th\u1ecbt h\u01a1n khi th\u01b0\u1edfng th\u1ee9c.<\/p>\n<p><img loading=\"lazy\" decoding=\"async\" class=\"wp-image-20554 aligncenter\" src=\"https:\/\/havamall.com\/wp-content\/uploads\/2025\/09\/ubQU8TQ8-300x300.png\" alt=\"\" width=\"622\" height=\"622\" \/><\/p>\n<h4><strong>C\u00f4ng d\u1ee5ng c\u1ee7a d\u1ea7u h\u00e0o:<\/strong><\/h4>\n<p>\u2013\u00a0D\u00f9ng l\u00e0m n\u01b0\u1edbc ch\u1ea5m cho c\u00e1c m\u00f3n lu\u1ed9c.<\/p>\n<p>\u2013 D\u00f9ng \u0111\u1ec3 t\u1ea9m \u01b0\u1edbp c\u00e1c m\u00f3n th\u1ecbt nh\u01b0 th\u1ecbt b\u00f2, th\u1ecbt heo, th\u1ecbt g\u00e0,\u2026 D\u1ea7u h\u00e0o s\u1ebd gi\u00fap m\u00f3n \u0103n c\u00f3 h\u01b0\u01a1ng th\u01a1m \u0111\u1eb7c s\u1eafc, v\u1ecb \u0111\u1eadm \u0111\u00e0 c\u00f9ng m\u00e0u s\u1eafc v\u00f4 c\u00f9ng b\u1eaft m\u1eaft.<\/p>\n<p>\u2013 S\u1eed d\u1ee5ng d\u1ea7u h\u00e0o khi x\u00e0o c\u00e1c lo\u1ea1i th\u1ecbt c\u0169ng c\u00f3 t\u00e1c d\u1ee5ng l\u00e0m m\u1ec1m th\u1ecbt h\u01a1n khi th\u01b0\u1edfng th\u1ee9c.<\/p>\n<p><img loading=\"lazy\" decoding=\"async\" class=\"wp-image-31983 aligncenter\" src=\"https:\/\/havamall.com\/wp-content\/uploads\/2025\/09\/351317522_778923357100545_9046443704939346271_n-225x300.jpg\" alt=\"\" width=\"624\" height=\"832\" \/><\/p>\n<h4><strong>H\u01b0\u1edbng d\u1eabn s\u1eed d\u1ee5ng:<\/strong><\/h4>\n<p><em>\u2013 S\u1eed d\u1ee5ng d\u1ea7u h\u00e0o cho c\u00e1c m\u00f3n t\u1ea9m \u01b0\u1edbp<\/em>: C\u00e1c m\u00f3n c\u1ea7n \u01b0\u1edbp gia v\u1ecb tr\u01b0\u1edbc khi ch\u1ebf bi\u1ebfn nh\u01b0 m\u00f3n kho, n\u01b0\u1edbng,\u2026 khi \u01b0\u1edbp b\u1ea1n ch\u1ec9 c\u1ea7n th\u00eam v\u00e0o m\u1ed9t mu\u1ed7ng canh d\u1ea7u h\u00e0o r\u1ed3i tr\u1ed9n \u0111\u1ec1u. D\u1ea7u h\u00e0o \u0111em l\u1ea1i v\u1ecb \u0111\u1eadm \u0111\u00e0, m\u00e0u n\u00e2u \u0111\u1eb9p m\u1eaft, d\u1eady l\u00ean h\u01b0\u01a1ng v\u1ecb th\u01a1m ngon c\u1ee7a m\u00f3n \u0103n.<\/p>\n<p><em>\u2013 D\u00f9ng d\u1ea7u h\u00e0o cho c\u00e1c m\u00f3n x\u00e0o n\u1ea5u:\u00a0<\/em>C\u00e1c m\u00f3n rau c\u1ee7, qu\u1ea3, th\u1ecbt,\u2026 khi \u0111\u00e3 x\u00e0o, n\u1ea5u g\u1ea7n ch\u00edn, b\u1ea1n n\u00eam n\u1ebfm gia v\u1ecb v\u1eeba \u0103n v\u00e0 n\u00eam th\u00eam m\u1ed9t mu\u1ed7ng d\u1ea7u h\u00e0o, \u0111\u1ea3o \u0111\u1ec1u v\u00e0i ph\u00fat th\u00ec t\u1eaft b\u1ebfp v\u00e0 m\u00fac ra \u0103n n\u00f3ng.<\/p>\n<p><em>\u2013 D\u1ea7u h\u00e0o l\u00e0m n\u01b0\u1edbc ch\u1ea5m cho c\u00e1c m\u00f3n lu\u1ed9c:<\/em>\u00a0\u0110un s\u00f4i d\u1ea7u h\u00e0o, th\u00eam v\u00e0o ch\u00fat n\u01b0\u1edbc, \u0111\u01b0\u1eddng, t\u1ecfi b\u0103m, \u1edbt b\u0103m, khu\u1ea5y \u0111\u1ec1u. N\u00eam l\u1ea1i cho v\u1eeba kh\u1ea9u v\u1ecb.<\/p>\n<p><img loading=\"lazy\" decoding=\"async\" class=\"aligncenter\" src=\"https:\/\/havamall.com\/wp-content\/uploads\/2025\/09\/cach-xao-cai-thia-dau-hao-voi-toi-ngon-0-973.jpg\" alt=\"C\u00e1ch x\u00e0o c\u1ea3i th\u00eca d\u1ea7u h\u00e0o v\u1edbi t\u1ecfi ngon\" width=\"629\" height=\"420\" \/><\/p>\n<p>HAVAMALL h\u01b0\u1edbng d\u1eabn b\u1ea1n c\u00e1ch ch\u1ebf bi\u1ebfn m\u00f3n\u00a0C\u1ea3i th\u00eca x\u00e0o d\u1ea7u h\u00e0o<\/p>\n<p><em><strong>Nguy\u00ean li\u1ec7u:<\/strong><\/em><\/p>\n<p>+ 300 gr c\u1ea3i th\u00eca (c\u1ea3i ch\u00edp)<\/p>\n<p>+ 1 c\u1ee7 t\u1ecfi<\/p>\n<p>+ 2 mu\u1ed7ng d\u1ea7u v\u1eebng<\/p>\n<p>+ 2 mu\u1ed7ng d\u1ea7u h\u00e0o<\/p>\n<p><em><strong>C\u00e1ch ch\u1ebf bi\u1ebfn:<\/strong><\/em><\/p>\n<p><em>\u2013 S\u01a1 ch\u1ebf<\/em><\/p>\n<p>+ C\u1ea3i th\u00eca r\u1eeda s\u1ea1ch, c\u1eaft kh\u00fac v\u1eeba \u0103n.<\/p>\n<p>+ T\u1ecfi \u0111\u1eadp d\u1eadp.<\/p>\n<p><em>\u2013 C\u00e1ch ch\u1ebf bi\u1ebfn.<\/em><\/p>\n<p>+ C\u1ea3i th\u00eca ch\u1ea7n qua n\u01b0\u1edbc s\u00f4i 30 gi\u00e2y r\u1ed3i v\u1edbt ra x\u1ea3 n\u01b0\u1edbc l\u1ea1nh, \u0111\u1ec3 r\u00e1o.<\/p>\n<p>+ B\u1eafc ch\u1ea3o d\u1ea7u l\u00ean b\u1ebfp phi th\u01a1m t\u1ecfi r\u1ed3i cho c\u1ea3i th\u00eca v\u00e0o x\u00e0o l\u1eeda l\u1edbn, \u0111\u1ea3o nhanh tay<\/p>\n<p>+ Cho th\u00eam 1 mu\u1ed7ng d\u1ea7u h\u00e0o v\u00e0o \u0111\u1ea3o cho d\u1ea7u v\u1eeba b\u00e1m \u0111\u1ec1u v\u00e0o rau th\u00ec t\u1eaft b\u1ebfp. C\u1ea3i th\u00eca r\u1ea5t nhanh ch\u00edn n\u00ean ch\u00fa \u00fd kh\u00f4ng x\u00e0o qu\u00e1 l\u00e2u.<\/p>","protected":false},"excerpt":{"rendered":"<p>TH\u00d4NG TIN CHUNG Th\u01b0\u01a1ng hi\u1ec7u H\u1ea3i Thi\u00ean Xu\u1ea5t x\u1ee9 Trung Qu\u1ed1c Th\u00e0nh ph\u1ea7n N\u01b0\u1edbc, chi\u1ebft xu\u1ea5t h\u00e0u, \u0111\u01b0\u1eddng,&#8230; H\u1ea1n s\u1eed<\/p>","protected":false},"featured_media":31984,"comment_status":"open","ping_status":"closed","template":"","meta":[],"product_brand":[],"product_cat":[674,36],"product_tag":[],"class_list":{"0":"post-31980","1":"product","2":"type-product","3":"status-publish","4":"has-post-thumbnail","6":"product_cat-nhap-khau-trung-quoc","7":"product_cat-thuc-pham-tieu-dung","8":"pa_brand-hai-thien","10":"first","11":"outofstock","12":"sale","13":"shipping-taxable","14":"purchasable","15":"product-type-simple"},"_links":{"self":[{"href":"https:\/\/havamall.vn\/en\/wp-json\/wp\/v2\/product\/31980"}],"collection":[{"href":"https:\/\/havamall.vn\/en\/wp-json\/wp\/v2\/product"}],"about":[{"href":"https:\/\/havamall.vn\/en\/wp-json\/wp\/v2\/types\/product"}],"replies":[{"embeddable":true,"href":"https:\/\/havamall.vn\/en\/wp-json\/wp\/v2\/comments?post=31980"}],"version-history":[{"count":0,"href":"https:\/\/havamall.vn\/en\/wp-json\/wp\/v2\/product\/31980\/revisions"}],"wp:featuredmedia":[{"embeddable":true,"href":"https:\/\/havamall.vn\/en\/wp-json\/wp\/v2\/media\/31984"}],"wp:attachment":[{"href":"https:\/\/havamall.vn\/en\/wp-json\/wp\/v2\/media?parent=31980"}],"wp:term":[{"taxonomy":"product_brand","embeddable":true,"href":"https:\/\/havamall.vn\/en\/wp-json\/wp\/v2\/product_brand?post=31980"},{"taxonomy":"product_cat","embeddable":true,"href":"https:\/\/havamall.vn\/en\/wp-json\/wp\/v2\/product_cat?post=31980"},{"taxonomy":"product_tag","embeddable":true,"href":"https:\/\/havamall.vn\/en\/wp-json\/wp\/v2\/product_tag?post=31980"}],"curies":[{"name":"wp","href":"https:\/\/api.w.org\/{rel}","templated":true}]}}