{"id":31971,"date":"2023-07-21T16:20:48","date_gmt":"2023-07-21T09:20:48","guid":{"rendered":"https:\/\/havamall.vn\/?post_type=product&#038;p=31971"},"modified":"2023-07-25T15:06:28","modified_gmt":"2023-07-25T08:06:28","slug":"vot-muc-topping-tha-lau-tran-chau-thach-inox-cao-cap","status":"publish","type":"product","link":"https:\/\/havamall.vn\/en\/shop\/vot-muc-topping-tha-lau-tran-chau-thach-inox-cao-cap\/","title":{"rendered":"V\u1ee3t M\u00fac Topping Th\u1ea3 L\u1ea9u, Tr\u00e2n Ch\u00e2u, Th\u1ea1ch Inox Cao C\u1ea5p"},"content":{"rendered":"<p dir=\"ltr\">V\u1ee3t m\u00fac topping c\u00e1n \u0111\u1ecf l\u00e0 m\u1ed9t chi\u1ebfc v\u1ee3t m\u00fac tr\u00e2n ch\u00e2u\u00a0chuy\u00ean d\u1ee5ng \u0111\u1ec3 thao t\u00e1c l\u1ea5y topping \u0111\u01b0\u1ee3c \u0111\u01a1n gi\u1ea3n, g\u1ecdn nh\u1eb9, kh\u00f4ng m\u1ea5t th\u1eddi gian \u0111ong, \u0111\u1ebfm.\u00a0V\u1ee3t m\u00fac tr\u00e2n ch\u00e2u l\u00e0 d\u1ee5ng c\u1ee5 chuy\u00ean d\u1ee5ng \u0111\u1ec3 th\u1ef1c hi\u1ec7n thao t\u00e1c l\u1ea5y tr\u00e2n ch\u00e2u ho\u1eb7c topping tr\u1edf n\u00ean \u0111\u01a1n gi\u1ea3n, g\u1ecdn nh\u1eb9.<\/p>\n<p>V\u1ee3t m\u00fac tr\u00e2n ch\u00e2u \u0111\u01b0\u1ee3c l\u00e0m b\u1eb1ng inox s\u00e1ng b\u00f3ng kh\u00f4ng han g\u1ec9. Ph\u1ea7n l\u01b0\u1edbi v\u1ee3t \u0111\u01b0\u1ee3c thi\u1ebft k\u1ebf d\u01b0\u1edbi d\u1ea1ng tr\u00f2n c\u00f3 l\u01b0\u1edbi \u0111an th\u01b0a v\u00e0o nhau \u0111\u1ed3ng \u0111\u1ec1u gi\u00fap l\u1ea5y th\u1ef1c ph\u1ea9m nhanh g\u1ecdn kh\u00f4ng m\u1ea5t nhi\u1ec1u c\u00f4ng s\u1ee9c.<\/p>\n<p><img fetchpriority=\"high\" decoding=\"async\" class=\"wp-image-31974 aligncenter\" src=\"https:\/\/havamall.vn\/wp-content\/uploads\/2023\/07\/Screen-Shot-2023-07-21-at-4.15.57-PM-300x281.png\" alt=\"\" width=\"733\" height=\"687\" srcset=\"https:\/\/havamall.vn\/wp-content\/uploads\/2023\/07\/Screen-Shot-2023-07-21-at-4.15.57-PM-300x281.png 300w, https:\/\/havamall.vn\/wp-content\/uploads\/2023\/07\/Screen-Shot-2023-07-21-at-4.15.57-PM-430x403.png 430w, https:\/\/havamall.vn\/wp-content\/uploads\/2023\/07\/Screen-Shot-2023-07-21-at-4.15.57-PM-150x141.png 150w, https:\/\/havamall.vn\/wp-content\/uploads\/2023\/07\/Screen-Shot-2023-07-21-at-4.15.57-PM-700x656.png 700w, https:\/\/havamall.vn\/wp-content\/uploads\/2023\/07\/Screen-Shot-2023-07-21-at-4.15.57-PM-768x720.png 768w, https:\/\/havamall.vn\/wp-content\/uploads\/2023\/07\/Screen-Shot-2023-07-21-at-4.15.57-PM-1024x960.png 1024w, https:\/\/havamall.vn\/wp-content\/uploads\/2023\/07\/Screen-Shot-2023-07-21-at-4.15.57-PM-1200x1125.png 1200w, https:\/\/havamall.vn\/wp-content\/uploads\/2023\/07\/Screen-Shot-2023-07-21-at-4.15.57-PM-600x563.png 600w, https:\/\/havamall.vn\/wp-content\/uploads\/2023\/07\/Screen-Shot-2023-07-21-at-4.15.57-PM.png 1670w\" sizes=\"(max-width: 733px) 100vw, 733px\" \/><\/p>\n<p>C\u00e1n d\u00e0i c\u00f3 tay c\u1ea7m bao b\u1ecdc b\u1edfi cao su ch\u1ed1ng tr\u01a1n m\u00e0u \u0111\u1ecf gi\u00fap t\u0103ng \u0111\u1ed9 ma s\u00e1t khi c\u1ea7m v\u00e0 kh\u1ea3 n\u0103ng c\u00e1ch nhi\u1ec7t t\u1ed1i \u01b0u gi\u00fap\u00a0 thao t\u00e1c s\u1eed d\u1ee5ng d\u1ec5 d\u00e0ng. Thao t\u00e1c v\u1ec7 sinh \u0111\u01a1n gi\u1ea3n d\u1ec5 d\u00e0ng s\u1eed d\u1ee5ng n\u01b0\u1edbc r\u1eeda ch\u00e9n r\u1eeda s\u1ea1ch v\u00e0 lau s\u1ea1ch v\u00e0 kh\u0103n m\u1ec1m. B\u1ea3o qu\u1ea3n n\u01a1i kh\u00f4 r\u00e1o v\u00e0 tho\u00e1ng m\u00e1t.<\/p>\n<p><img decoding=\"async\" class=\"wp-image-31975 aligncenter\" src=\"https:\/\/havamall.vn\/wp-content\/uploads\/2023\/07\/4161c873fd00ff646e4cb57cc74145a4-300x300.jpeg\" alt=\"\" width=\"731\" height=\"731\" srcset=\"https:\/\/havamall.vn\/wp-content\/uploads\/2023\/07\/4161c873fd00ff646e4cb57cc74145a4-300x300.jpeg 300w, https:\/\/havamall.vn\/wp-content\/uploads\/2023\/07\/4161c873fd00ff646e4cb57cc74145a4-430x430.jpeg 430w, https:\/\/havamall.vn\/wp-content\/uploads\/2023\/07\/4161c873fd00ff646e4cb57cc74145a4-150x150.jpeg 150w, https:\/\/havamall.vn\/wp-content\/uploads\/2023\/07\/4161c873fd00ff646e4cb57cc74145a4-700x700.jpeg 700w, https:\/\/havamall.vn\/wp-content\/uploads\/2023\/07\/4161c873fd00ff646e4cb57cc74145a4-768x768.jpeg 768w, https:\/\/havamall.vn\/wp-content\/uploads\/2023\/07\/4161c873fd00ff646e4cb57cc74145a4-1024x1024.jpeg 1024w, https:\/\/havamall.vn\/wp-content\/uploads\/2023\/07\/4161c873fd00ff646e4cb57cc74145a4.jpeg 1200w, https:\/\/havamall.vn\/wp-content\/uploads\/2023\/07\/4161c873fd00ff646e4cb57cc74145a4-600x600.jpeg 600w, https:\/\/havamall.vn\/wp-content\/uploads\/2023\/07\/4161c873fd00ff646e4cb57cc74145a4-100x100.jpeg 100w\" sizes=\"(max-width: 731px) 100vw, 731px\" \/><\/p>\n<p dir=\"ltr\">Ph\u1ea7n l\u01b0\u1edbi v\u1ee3t \u0111\u01b0\u1ee3c l\u00e0m t\u1eeb ch\u1ea5t li\u1ec7u inox d\u00e0y, kh\u00f4ng b\u1ecb han g\u1ec9, ch\u1ecbu \u0111\u01b0\u1ee3c nhi\u1ec7t \u0111\u1ed9 cao v\u00e0 kh\u00f4ng g\u00e2y \u0111\u1ed9c h\u1ea1i cho ng\u01b0\u1eddi s\u1eed d\u1ee5ng. L\u00f2ng v\u1ee3t \u0111\u01b0\u1ee3c thi\u1ebft k\u1ebf r\u1ed9ng c\u00f3 d\u1ea1ng tr\u00f2n \u0111\u01b0\u1ee3c \u0111an th\u01b0a v\u00e0o nhau, c\u00f3 th\u1ec3 lu\u1ed3n d\u01b0\u1edbi v\u00e0 l\u1ea5y th\u1ef1c ph\u1ea9m m\u1ed9t c\u00e1ch nhanh g\u1ecdn v\u00e0 kh\u00f4ng m\u1ea5t nhi\u1ec1u c\u00f4ng s\u1ee9c. C\u00e1n d\u00e0i c\u00f3 thi\u1ebft k\u1ebf tay c\u1ea7m \u0111\u01b0\u1ee3c b\u1ecdc cao su ch\u1ed1ng tr\u01a1n m\u00e0u \u0111\u1ecf n\u00ean d\u1ec5 d\u00e0ng m\u00fac topping. \u0110\u1ed3ng th\u1eddi, ph\u1ea7n c\u00e1n d\u00e0i \u0111\u01b0\u1ee3c khoan l\u1ed7 \u1edf gi\u1eefa t\u1edbi l\u01b0\u1edbi v\u1ee3t, gi\u00fap b\u1ea1n c\u00f3 th\u1ec3 treo m\u00f3c d\u1ec5 d\u00e0ng v\u00e0 mang l\u1ea1i g\u1ecdn g\u00e0ng, ng\u0103n n\u1eafp cho kh\u00f4ng gian c\u0103n b\u1ebfp c\u1ee7a b\u1ea1n.<\/p>\n<p dir=\"ltr\"><img decoding=\"async\" class=\"wp-image-31976 aligncenter\" src=\"https:\/\/havamall.vn\/wp-content\/uploads\/2023\/07\/sg-11134201-22120-fz36xl9pv6kv69-300x209.jpeg\" alt=\"\" width=\"737\" height=\"514\" srcset=\"https:\/\/havamall.vn\/wp-content\/uploads\/2023\/07\/sg-11134201-22120-fz36xl9pv6kv69-300x209.jpeg 300w, https:\/\/havamall.vn\/wp-content\/uploads\/2023\/07\/sg-11134201-22120-fz36xl9pv6kv69-430x299.jpeg 430w, https:\/\/havamall.vn\/wp-content\/uploads\/2023\/07\/sg-11134201-22120-fz36xl9pv6kv69-150x104.jpeg 150w, https:\/\/havamall.vn\/wp-content\/uploads\/2023\/07\/sg-11134201-22120-fz36xl9pv6kv69-700x487.jpeg 700w, https:\/\/havamall.vn\/wp-content\/uploads\/2023\/07\/sg-11134201-22120-fz36xl9pv6kv69-768x535.jpeg 768w, https:\/\/havamall.vn\/wp-content\/uploads\/2023\/07\/sg-11134201-22120-fz36xl9pv6kv69-220x154.jpeg 220w, https:\/\/havamall.vn\/wp-content\/uploads\/2023\/07\/sg-11134201-22120-fz36xl9pv6kv69-600x418.jpeg 600w, https:\/\/havamall.vn\/wp-content\/uploads\/2023\/07\/sg-11134201-22120-fz36xl9pv6kv69.jpeg 800w\" sizes=\"(max-width: 737px) 100vw, 737px\" \/><\/p>\n<h2>\u0110\u1eb6C \u0110I\u1ec2M C\u1ee6A S\u1ea2N PH\u1ea8M:<\/h2>\n<p dir=\"ltr\">&#8211; Ph\u1ea7n l\u01b0\u1edbi v\u1ee3t \u0111\u01b0\u1ee3c l\u00e0m t\u1eeb ch\u1ea5t li\u1ec7u inox d\u00e0y, kh\u00f4ng b\u1ecb han g\u1ec9, ch\u1ecbu \u0111\u01b0\u1ee3c nhi\u1ec7t \u0111\u1ed9 cao v\u00e0 kh\u00f4ng g\u00e2y \u0111\u1ed9c h\u1ea1i cho ng\u01b0\u1eddi s\u1eed d\u1ee5ng.<\/p>\n<p dir=\"ltr\">&#8211; C\u00e1n d\u00e0i c\u00f3 thi\u1ebft k\u1ebf tay c\u1ea7m \u0111\u01b0\u1ee3c b\u1ecdc cao su ch\u1ed1ng tr\u01a1n m\u00e0u \u0111\u1ecf n\u00ean d\u1ec5 d\u00e0ng m\u00fac topping.<\/p>\n<p dir=\"ltr\">&#8211; L\u00f2ng v\u1ee3t \u0111\u01b0\u1ee3c thi\u1ebft k\u1ebf r\u1ed9ng c\u00f3 d\u1ea1ng tr\u00f2n \u0111\u01b0\u1ee3c \u0111an th\u01b0a v\u00e0o nhau, c\u00f3 th\u1ec3 lu\u1ed3n d\u01b0\u1edbi v\u00e0 l\u1ea5y th\u1ef1c ph\u1ea9m m\u1ed9t c\u00e1ch nhanh g\u1ecdn v\u00e0 kh\u00f4ng m\u1ea5t nhi\u1ec1u c\u00f4ng s\u1ee9c.<\/p>\n<p dir=\"ltr\">&#8211; Ph\u1ea7n c\u00e1n d\u00e0i \u0111\u01b0\u1ee3c khoan l\u1ed7 \u1edf gi\u1eefa t\u1edbi l\u01b0\u1edbi v\u1ee3t, gi\u00fap b\u1ea1n c\u00f3 th\u1ec3 treo m\u00f3c d\u1ec5 d\u00e0ng.\u00a0S\u1ea3n ph\u1ea9m c\u00f3 \u0111\u1ed9 d\u00e0i l\u00e0 27cm v\u00e0 \u0111\u01b0\u1eddng k\u00ednh l\u00e0 6,5cm.<\/p>\n<p dir=\"ltr\"><img loading=\"lazy\" decoding=\"async\" class=\"wp-image-31977 aligncenter\" src=\"https:\/\/havamall.vn\/wp-content\/uploads\/2023\/07\/a1c649b96d932f1a3a892061c52a5819-300x300.jpeg\" alt=\"\" width=\"734\" height=\"734\" srcset=\"https:\/\/havamall.vn\/wp-content\/uploads\/2023\/07\/a1c649b96d932f1a3a892061c52a5819-300x300.jpeg 300w, https:\/\/havamall.vn\/wp-content\/uploads\/2023\/07\/a1c649b96d932f1a3a892061c52a5819-430x430.jpeg 430w, https:\/\/havamall.vn\/wp-content\/uploads\/2023\/07\/a1c649b96d932f1a3a892061c52a5819-150x150.jpeg 150w, https:\/\/havamall.vn\/wp-content\/uploads\/2023\/07\/a1c649b96d932f1a3a892061c52a5819-700x700.jpeg 700w, https:\/\/havamall.vn\/wp-content\/uploads\/2023\/07\/a1c649b96d932f1a3a892061c52a5819-768x768.jpeg 768w, https:\/\/havamall.vn\/wp-content\/uploads\/2023\/07\/a1c649b96d932f1a3a892061c52a5819-1024x1024.jpeg 1024w, https:\/\/havamall.vn\/wp-content\/uploads\/2023\/07\/a1c649b96d932f1a3a892061c52a5819.jpeg 1200w, https:\/\/havamall.vn\/wp-content\/uploads\/2023\/07\/a1c649b96d932f1a3a892061c52a5819-600x600.jpeg 600w, https:\/\/havamall.vn\/wp-content\/uploads\/2023\/07\/a1c649b96d932f1a3a892061c52a5819-100x100.jpeg 100w\" sizes=\"(max-width: 734px) 100vw, 734px\" \/><\/p>","protected":false},"excerpt":{"rendered":"<p>V\u1ee3t m\u00fac topping c\u00e1n \u0111\u1ecf l\u00e0 m\u1ed9t chi\u1ebfc v\u1ee3t m\u00fac tr\u00e2n ch\u00e2u\u00a0chuy\u00ean d\u1ee5ng \u0111\u1ec3 thao t\u00e1c l\u1ea5y topping \u0111\u01b0\u1ee3c \u0111\u01a1n<\/p>","protected":false},"featured_media":31978,"comment_status":"open","ping_status":"closed","template":"","meta":[],"product_brand":[],"product_cat":[393,35],"product_tag":[],"class_list":{"0":"post-31971","1":"product","2":"type-product","3":"status-publish","4":"has-post-thumbnail","6":"product_cat-bep-phong-an","7":"product_cat-nha-cua-doi-song","9":"first","10":"instock","11":"sale","12":"shipping-taxable","13":"purchasable","14":"product-type-simple"},"_links":{"self":[{"href":"https:\/\/havamall.vn\/en\/wp-json\/wp\/v2\/product\/31971"}],"collection":[{"href":"https:\/\/havamall.vn\/en\/wp-json\/wp\/v2\/product"}],"about":[{"href":"https:\/\/havamall.vn\/en\/wp-json\/wp\/v2\/types\/product"}],"replies":[{"embeddable":true,"href":"https:\/\/havamall.vn\/en\/wp-json\/wp\/v2\/comments?post=31971"}],"version-history":[{"count":0,"href":"https:\/\/havamall.vn\/en\/wp-json\/wp\/v2\/product\/31971\/revisions"}],"wp:featuredmedia":[{"embeddable":true,"href":"https:\/\/havamall.vn\/en\/wp-json\/wp\/v2\/media\/31978"}],"wp:attachment":[{"href":"https:\/\/havamall.vn\/en\/wp-json\/wp\/v2\/media?parent=31971"}],"wp:term":[{"taxonomy":"product_brand","embeddable":true,"href":"https:\/\/havamall.vn\/en\/wp-json\/wp\/v2\/product_brand?post=31971"},{"taxonomy":"product_cat","embeddable":true,"href":"https:\/\/havamall.vn\/en\/wp-json\/wp\/v2\/product_cat?post=31971"},{"taxonomy":"product_tag","embeddable":true,"href":"https:\/\/havamall.vn\/en\/wp-json\/wp\/v2\/product_tag?post=31971"}],"curies":[{"name":"wp","href":"https:\/\/api.w.org\/{rel}","templated":true}]}}