{"id":31890,"date":"2023-07-06T16:57:04","date_gmt":"2023-07-06T09:57:04","guid":{"rendered":"https:\/\/havamall.vn\/?post_type=product&#038;p=31890"},"modified":"2023-07-07T11:24:54","modified_gmt":"2023-07-07T04:24:54","slug":"tui-tien-may-man-trung-ca-roe-eb-150g-fish-roe-lucky-bag-eb","status":"publish","type":"product","link":"https:\/\/havamall.vn\/en\/shop\/tui-tien-may-man-trung-ca-roe-eb-150g-fish-roe-lucky-bag-eb\/","title":{"rendered":"T\u00fai Ti\u1ec1n May M\u1eafn Tr\u1ee9ng C\u00e1 Roe EB 150g &#8211; Fish Roe Lucky Bag EB"},"content":{"rendered":"<p>&nbsp;<\/p>\n<h3><strong>TH\u00d4NG TIN S\u1ea2N PH\u1ea8M<\/strong><\/h3>\n<table>\n<tbody>\n<tr>\n<td>Th\u01b0\u01a1ng hi\u1ec7u<\/td>\n<td>\n<p class=\"product-title product-detail__gap-sm\">EB<\/p>\n<\/td>\n<\/tr>\n<tr>\n<td>Xu\u1ea5t x\u1ee9<\/td>\n<td>Malaysia<\/td>\n<\/tr>\n<tr>\n<td>Th\u00e0nh ph\u1ea7n<\/td>\n<td>Th\u1ecbt c\u00e1, v\u00e1ng \u0111\u1eadu, tr\u1ee9ng c\u00e1 Roe (12,11%), d\u1ea7u c\u1ecd, mu\u1ed1i, ch\u1ea5t l\u00e0m d\u00e0y, d\u00e2y m\u01b0\u1edbp, chi\u1ebft xu\u1ea5t n\u1ea5m men, \u0111\u01b0\u1eddng, t\u1ecfi, b\u1ed9t l\u00f2ng tr\u1eafng tr\u1ee9ng, ch\u1ea5t t\u1ea1o m\u00e0u t\u1ed5ng h\u1ee3p<\/td>\n<\/tr>\n<tr>\n<td>H\u1ea1n s\u1eed d\u1ee5ng<\/td>\n<td>24 th\u00e1ng k\u1ec3 t\u1eeb ng\u00e0y s\u1ea3n xu\u1ea5t.<\/td>\n<\/tr>\n<tr>\n<td>B\u1ea3o qu\u1ea3n<\/td>\n<td>B\u1ea3o qu\u1ea3n \u1edf nhi\u1ec7t \u0111\u1ed9 -18 \u0111\u1ed9 C<\/td>\n<\/tr>\n<tr>\n<td>Kh\u1ed1i l\u01b0\u1ee3ng<\/td>\n<td>150g<\/td>\n<\/tr>\n<\/tbody>\n<\/table>\n<div><\/div>\n<p>Sau khi th\u00e0nh l\u1eadp \u0111\u01b0\u1ee3c v\u00e0i n\u0103m (k\u1ec3 t\u1eeb 2015), EB Food \u0111\u00e3 ng\u00e0y c\u00e0ng tr\u1edf n\u00ean l\u1edbn m\u1ea1nh v\u00e0 \u0111\u01b0\u1ee3c nhi\u1ec1u ng\u01b0\u1eddi d\u00e2n tin d\u00f9ng v\u1edbi nh\u1eefng th\u1ef1c ph\u1ea9m protein n\u1ed5i b\u1eadt nh\u01b0\u00a0\u0111\u1eadu h\u1ee7 ph\u00f4 mai,\u00a0\u0111\u1eadu h\u1ee7 c\u00e1, t\u00f4m h\u00f9m \u0111\u1ea5t vi\u00ean,\u00a0sandwich c\u00e1,h\u1ee7 tr\u00fac cu\u1ed9n\u2026<\/p>\n<p>H\u00e3ng EB c\u1ee7a Malaysia \u0111\u00e3 tung ra s\u1ea3n ph\u1ea9m m\u1edbi nh\u1ea7m \u0111\u00e1p \u1ee9ng nhu c\u1ea7u y\u00eau th\u00edch nh\u1eefng m\u00f3n \u0103n nhanh ti\u1ec7n l\u1ee3i c\u00f3 nh\u00e2n ph\u00f4 mai cho gi\u1edbi tr\u1ebb.T\u00fai ti\u1ec1n may m\u1eafn tr\u1ee9ng c\u00e1 Roe EB, m\u1ed9t m\u00f3n \u0103n c\u1ef1c h\u1ea5p d\u1eabn m\u00e0 gi\u1edbi tr\u1ebb \u01b0u th\u00edch.<\/p>\n<p><img fetchpriority=\"high\" decoding=\"async\" class=\"wp-image-31891 aligncenter\" src=\"https:\/\/havamall.vn\/wp-content\/uploads\/2023\/07\/286455879_1456031784847667_4401617763717994447_n-300x300.jpeg\" alt=\"\" width=\"772\" height=\"772\" srcset=\"https:\/\/havamall.vn\/wp-content\/uploads\/2023\/07\/286455879_1456031784847667_4401617763717994447_n-300x300.jpeg 300w, https:\/\/havamall.vn\/wp-content\/uploads\/2023\/07\/286455879_1456031784847667_4401617763717994447_n-430x430.jpeg 430w, https:\/\/havamall.vn\/wp-content\/uploads\/2023\/07\/286455879_1456031784847667_4401617763717994447_n-150x150.jpeg 150w, https:\/\/havamall.vn\/wp-content\/uploads\/2023\/07\/286455879_1456031784847667_4401617763717994447_n-700x700.jpeg 700w, https:\/\/havamall.vn\/wp-content\/uploads\/2023\/07\/286455879_1456031784847667_4401617763717994447_n-768x768.jpeg 768w, https:\/\/havamall.vn\/wp-content\/uploads\/2023\/07\/286455879_1456031784847667_4401617763717994447_n-1024x1024.jpeg 1024w, https:\/\/havamall.vn\/wp-content\/uploads\/2023\/07\/286455879_1456031784847667_4401617763717994447_n-1200x1200.jpeg 1200w, https:\/\/havamall.vn\/wp-content\/uploads\/2023\/07\/286455879_1456031784847667_4401617763717994447_n-600x600.jpeg 600w, https:\/\/havamall.vn\/wp-content\/uploads\/2023\/07\/286455879_1456031784847667_4401617763717994447_n-100x100.jpeg 100w, https:\/\/havamall.vn\/wp-content\/uploads\/2023\/07\/286455879_1456031784847667_4401617763717994447_n.jpeg 2048w\" sizes=\"(max-width: 772px) 100vw, 772px\" \/><\/p>\n<p>Fish Roe Lucky Bag EB &#8211; T\u00fai ti\u1ec1n may m\u1eafn tr\u1ee9ng c\u00e1 Roe EB V\u1edbi t\u1ea1o h\u00ecnh t\u00fai ti\u1ec1n may m\u1eafn, l\u1edbp ngo\u00e0i l\u00e0 \u0111\u1eadu h\u1ee7 ki m\u1ecfng dai, b\u00ean trong l\u00e0 c\u00e1 xay tr\u1ed9n v\u1edbi tr\u1ee9ng c\u00e1 ch\u1eafc ch\u1eafn s\u1ebd mang \u0111\u1ebfn cho b\u1ea1n m\u1ed9t tr\u1ea3i nghi\u1ec7m th\u00fa v\u1ecb.<\/p>\n<p>S\u1ea3n ph\u1ea9m \u0111\u01b0\u1ee3c l\u00e0m t\u1eeb c\u00e1c nguy\u00ean li\u1ec7u th\u00f4ng qua ch\u1ecdn l\u1ecdc k\u0129, \u0111\u1ea3m b\u1ea3o an to\u00e0n v\u00e0 ch\u1ea5t l\u01b0\u1ee3ng.<\/p>\n<p><img decoding=\"async\" class=\"wp-image-31894 aligncenter\" src=\"https:\/\/havamall.vn\/wp-content\/uploads\/2023\/07\/f8b8d40fc7cd59bad0b4a431d1f1ee52-300x300.jpeg\" alt=\"\" width=\"766\" height=\"766\" srcset=\"https:\/\/havamall.vn\/wp-content\/uploads\/2023\/07\/f8b8d40fc7cd59bad0b4a431d1f1ee52-300x300.jpeg 300w, https:\/\/havamall.vn\/wp-content\/uploads\/2023\/07\/f8b8d40fc7cd59bad0b4a431d1f1ee52-430x430.jpeg 430w, https:\/\/havamall.vn\/wp-content\/uploads\/2023\/07\/f8b8d40fc7cd59bad0b4a431d1f1ee52-150x150.jpeg 150w, https:\/\/havamall.vn\/wp-content\/uploads\/2023\/07\/f8b8d40fc7cd59bad0b4a431d1f1ee52-700x700.jpeg 700w, https:\/\/havamall.vn\/wp-content\/uploads\/2023\/07\/f8b8d40fc7cd59bad0b4a431d1f1ee52-768x768.jpeg 768w, https:\/\/havamall.vn\/wp-content\/uploads\/2023\/07\/f8b8d40fc7cd59bad0b4a431d1f1ee52-600x600.jpeg 600w, https:\/\/havamall.vn\/wp-content\/uploads\/2023\/07\/f8b8d40fc7cd59bad0b4a431d1f1ee52-100x100.jpeg 100w, https:\/\/havamall.vn\/wp-content\/uploads\/2023\/07\/f8b8d40fc7cd59bad0b4a431d1f1ee52.jpeg 1024w\" sizes=\"(max-width: 766px) 100vw, 766px\" \/><\/p>\n<p>L\u00e0 m\u1ed9t t\u00edn \u0111\u1ed3 th\u00edch l\u1ea9u th\u00ec kh\u00f4ng n\u00ean b\u1ecf qua lo\u1ea1i topping x\u1ecbn x\u00f2 n\u00e0y nh\u00e9, h\u1ee9a h\u1eb9n s\u1ebd \u0111em l\u1ea1i nhi\u1ec1u \u0111i\u1ec1u th\u00fa v\u1ecb cho b\u1eefa \u0103n c\u1ee7a b\u1ea1n v\u00e0 gia \u0111\u00ecnh.\u00a0S\u1ea3n ph\u1ea9m \u0111\u01b0\u1ee3c \u0111\u00f3ng g\u00f3i b\u1ecbch 500g bao g\u1ed3m kho\u1ea3ng 25 vi\u00ean, ngo\u00e0i n\u1ea5u l\u1ea9u th\u00ec c\u00f3 th\u1ec3 d\u00f9ng \u0111\u1ec3 chi\u00ean \u0103n tr\u1ef1c ti\u1ebfp ho\u1eb7c kho, x\u00e0o \u0103n k\u00e8m v\u1edbi c\u01a1m, m\u00ec,\u2026\u0111\u1ec1u \u0111\u01b0\u1ee3c.<\/p>\n<p><img decoding=\"async\" class=\"wp-image-31892 aligncenter\" src=\"https:\/\/havamall.vn\/wp-content\/uploads\/2023\/07\/278064681_1409577399493106_6035093284780705710_n-300x300.jpeg\" alt=\"\" width=\"764\" height=\"764\" srcset=\"https:\/\/havamall.vn\/wp-content\/uploads\/2023\/07\/278064681_1409577399493106_6035093284780705710_n-300x300.jpeg 300w, https:\/\/havamall.vn\/wp-content\/uploads\/2023\/07\/278064681_1409577399493106_6035093284780705710_n-430x430.jpeg 430w, https:\/\/havamall.vn\/wp-content\/uploads\/2023\/07\/278064681_1409577399493106_6035093284780705710_n-150x150.jpeg 150w, https:\/\/havamall.vn\/wp-content\/uploads\/2023\/07\/278064681_1409577399493106_6035093284780705710_n-700x700.jpeg 700w, https:\/\/havamall.vn\/wp-content\/uploads\/2023\/07\/278064681_1409577399493106_6035093284780705710_n-768x768.jpeg 768w, https:\/\/havamall.vn\/wp-content\/uploads\/2023\/07\/278064681_1409577399493106_6035093284780705710_n-1024x1024.jpeg 1024w, https:\/\/havamall.vn\/wp-content\/uploads\/2023\/07\/278064681_1409577399493106_6035093284780705710_n-1200x1200.jpeg 1200w, https:\/\/havamall.vn\/wp-content\/uploads\/2023\/07\/278064681_1409577399493106_6035093284780705710_n-600x600.jpeg 600w, https:\/\/havamall.vn\/wp-content\/uploads\/2023\/07\/278064681_1409577399493106_6035093284780705710_n-100x100.jpeg 100w, https:\/\/havamall.vn\/wp-content\/uploads\/2023\/07\/278064681_1409577399493106_6035093284780705710_n.jpeg 2048w\" sizes=\"(max-width: 764px) 100vw, 764px\" \/><\/p>\n<h2><strong>H\u01af\u1edaNG D\u1eaaN S\u1eec D\u1ee4NG<\/strong><\/h2>\n<p>&#8211; N\u1ea5u l\u1ea9u: Sau khi r\u00e3 \u0111\u00f4ng, n\u1ea5u trong l\u1ea9u s\u00f4i kho\u1ea3ng 3 &#8211; 5p l\u00e0 d\u00f9ng \u0111\u01b0\u1ee3c<\/p>\n<p>&#8211; D\u00f9ng n\u1ea5u l\u1ea9u: L\u00e0m n\u00f3ng ch\u1ea3o v\u1edbi d\u1ea7u v\u00e0 d\u00f4 m\u1ed9t \u00edt n\u01b0\u1edbc v\u00e0 \u0111un s\u00f4i, cho gia v\u1ecb v\u00e0 s\u1ea3n ph\u1ea9m v\u00e0o n\u1ed3i s\u00fap \u0111ang s\u00f4i, n\u1ea5u kho\u1ea3ng 3-5 ph\u00fat, th\u00eam rau c\u1ee7 v\u00e0o l\u00e0 c\u00f3 th\u1ec3 d\u00f9ng \u0111\u01b0\u1ee3c.<\/p>\n<p>&#8211; N\u1ea5u m\u00ec: Kh\u00f4ng c\u1ea7n r\u00e3 \u0111\u00f4ng, n\u1ea5u trong s\u00fap s\u00f4i kho\u1ea3ng 8-10 ph\u00fat. Sau \u0111\u00f3 cho m\u00ec, rau c\u1ee7 v\u00e0o n\u00eam gia v\u1ecb v\u1eeba \u0103n<\/p>\n<p>&#8211; Chi\u00ean \u0103n nhanh v\u1edbi t\u01b0\u01a1ng \u1edbt.<\/p>\n<p>&#8211; Chi\u00ean s\u01a1 tr\u01b0\u1edbc khi ch\u1ebf bi\u1ebfn \u0111\u1ec3 m\u00f3n \u0103n \u0111\u01b0\u1ee3c th\u01a1m ngon h\u01a1n.<\/p>\n<p><img loading=\"lazy\" decoding=\"async\" class=\"wp-image-31893 aligncenter\" src=\"https:\/\/havamall.vn\/wp-content\/uploads\/2023\/07\/179112931_4014145515359749_3738699703108510198_n-300x300.jpeg\" alt=\"\" width=\"770\" height=\"770\" srcset=\"https:\/\/havamall.vn\/wp-content\/uploads\/2023\/07\/179112931_4014145515359749_3738699703108510198_n-300x300.jpeg 300w, https:\/\/havamall.vn\/wp-content\/uploads\/2023\/07\/179112931_4014145515359749_3738699703108510198_n-430x430.jpeg 430w, https:\/\/havamall.vn\/wp-content\/uploads\/2023\/07\/179112931_4014145515359749_3738699703108510198_n-150x150.jpeg 150w, https:\/\/havamall.vn\/wp-content\/uploads\/2023\/07\/179112931_4014145515359749_3738699703108510198_n-700x700.jpeg 700w, https:\/\/havamall.vn\/wp-content\/uploads\/2023\/07\/179112931_4014145515359749_3738699703108510198_n-768x768.jpeg 768w, https:\/\/havamall.vn\/wp-content\/uploads\/2023\/07\/179112931_4014145515359749_3738699703108510198_n-1024x1024.jpeg 1024w, https:\/\/havamall.vn\/wp-content\/uploads\/2023\/07\/179112931_4014145515359749_3738699703108510198_n-1200x1200.jpeg 1200w, https:\/\/havamall.vn\/wp-content\/uploads\/2023\/07\/179112931_4014145515359749_3738699703108510198_n-600x600.jpeg 600w, https:\/\/havamall.vn\/wp-content\/uploads\/2023\/07\/179112931_4014145515359749_3738699703108510198_n-100x100.jpeg 100w, https:\/\/havamall.vn\/wp-content\/uploads\/2023\/07\/179112931_4014145515359749_3738699703108510198_n.jpeg 1887w\" sizes=\"(max-width: 770px) 100vw, 770px\" \/><\/p>","protected":false},"excerpt":{"rendered":"<p>&nbsp; TH\u00d4NG TIN S\u1ea2N PH\u1ea8M Th\u01b0\u01a1ng hi\u1ec7u EB Xu\u1ea5t x\u1ee9 Malaysia Th\u00e0nh ph\u1ea7n Th\u1ecbt c\u00e1, v\u00e1ng \u0111\u1eadu, tr\u1ee9ng c\u00e1 Roe<\/p>","protected":false},"featured_media":31896,"comment_status":"open","ping_status":"closed","template":"","meta":[],"product_brand":[],"product_cat":[275,36],"product_tag":[],"class_list":{"0":"post-31890","1":"product","2":"type-product","3":"status-publish","4":"has-post-thumbnail","6":"product_cat-thuc-pham-dong-lanh","7":"product_cat-thuc-pham-tieu-dung","8":"pa_brand-eb","10":"first","11":"instock","12":"sale","13":"shipping-taxable","14":"purchasable","15":"product-type-simple"},"_links":{"self":[{"href":"https:\/\/havamall.vn\/en\/wp-json\/wp\/v2\/product\/31890"}],"collection":[{"href":"https:\/\/havamall.vn\/en\/wp-json\/wp\/v2\/product"}],"about":[{"href":"https:\/\/havamall.vn\/en\/wp-json\/wp\/v2\/types\/product"}],"replies":[{"embeddable":true,"href":"https:\/\/havamall.vn\/en\/wp-json\/wp\/v2\/comments?post=31890"}],"version-history":[{"count":0,"href":"https:\/\/havamall.vn\/en\/wp-json\/wp\/v2\/product\/31890\/revisions"}],"wp:featuredmedia":[{"embeddable":true,"href":"https:\/\/havamall.vn\/en\/wp-json\/wp\/v2\/media\/31896"}],"wp:attachment":[{"href":"https:\/\/havamall.vn\/en\/wp-json\/wp\/v2\/media?parent=31890"}],"wp:term":[{"taxonomy":"product_brand","embeddable":true,"href":"https:\/\/havamall.vn\/en\/wp-json\/wp\/v2\/product_brand?post=31890"},{"taxonomy":"product_cat","embeddable":true,"href":"https:\/\/havamall.vn\/en\/wp-json\/wp\/v2\/product_cat?post=31890"},{"taxonomy":"product_tag","embeddable":true,"href":"https:\/\/havamall.vn\/en\/wp-json\/wp\/v2\/product_tag?post=31890"}],"curies":[{"name":"wp","href":"https:\/\/api.w.org\/{rel}","templated":true}]}}