{"id":31884,"date":"2023-07-06T15:59:38","date_gmt":"2023-07-06T08:59:38","guid":{"rendered":"https:\/\/havamall.vn\/?post_type=product&#038;p=31884"},"modified":"2023-07-07T11:24:34","modified_gmt":"2023-07-07T04:24:34","slug":"dau-hu-hai-san-chay-everbest-500g-vegetarian-seafood-tofu","status":"publish","type":"product","link":"https:\/\/havamall.vn\/en\/shop\/dau-hu-hai-san-chay-everbest-500g-vegetarian-seafood-tofu\/","title":{"rendered":"\u0110\u1eadu H\u0169 H\u1ea3i S\u1ea3n Chay Everbest 500g &#8211; Vegetarian Seafood Tofu"},"content":{"rendered":"<div><\/div>\n<div>\n<h3><strong>TH\u00d4NG TIN S\u1ea2N PH\u1ea8M<\/strong><\/h3>\n<table>\n<tbody>\n<tr>\n<td>Th\u01b0\u01a1ng hi\u1ec7u<\/td>\n<td>\n<p class=\"product-title product-detail__gap-sm\">Everbest<\/p>\n<\/td>\n<\/tr>\n<tr>\n<td>Xu\u1ea5t x\u1ee9<\/td>\n<td>Malaysia<\/td>\n<\/tr>\n<tr>\n<td>Th\u00e0nh ph\u1ea7n<\/td>\n<td>D\u1ea7u c\u1ecd, \u0111\u1ea1m \u0111\u1eadu n\u00e0nh 30%, ch\u1ea5t l\u00e0m d\u00e0y [tinh b\u1ed9t s\u1eafn bi\u1ebfn t\u00ednh (1420)], gluten l\u00faa m\u00ec, \u0111\u01b0\u1eddng, h\u01b0\u01a1ng li\u1ec7u nh\u00e2n t\u1ea1o, ch\u1ea5t \u0111i\u1ec1u v\u1ecb [Mononatri Lglutamat (621)], mu\u1ed1i, ch\u1ea5t t\u1ea1o ng\u1ecdt t\u1ef1 nhi\u00ean (dextrose monohydrate)<\/td>\n<\/tr>\n<tr>\n<td>H\u1ea1n s\u1eed d\u1ee5ng<\/td>\n<td>24 th\u00e1ng k\u1ec3 t\u1eeb ng\u00e0y s\u1ea3n xu\u1ea5t.<\/td>\n<\/tr>\n<tr>\n<td>B\u1ea3o qu\u1ea3n<\/td>\n<td>B\u1ea3o qu\u1ea3n \u1edf nhi\u1ec7t \u0111\u1ed9 -18 \u0111\u1ed9 C<\/td>\n<\/tr>\n<tr>\n<td>Kh\u1ed1i l\u01b0\u1ee3ng<\/td>\n<td>500g<\/td>\n<\/tr>\n<\/tbody>\n<\/table>\n<div><\/div>\n<\/div>\n<div id=\"input_line_6\"><span id=\"input_part_0\" class=\"\">EverBest Malaysia \u0111\u00e3 r\u1ea5t n\u1ed5i ti\u1ebfng v\u1edbi s\u1ea3n ph\u1ea9m H\u1ee7 Tr\u00fac Cu\u1ed9n t\u1ea1i Vi\u1ec7t Nam, \u0111\u01b0\u1ee3c h\u1ec7 th\u1ed1ng l\u1ea9u Haidilao s\u1eed d\u1ee5ng tr\u00ean t\u1ea5t c\u1ea3 c\u00e1c n\u01b0\u1edbc. \u0110i\u1ec1u \u0111\u00e3 kh\u1eb3ng \u0111\u1ecbnh s\u1ea3n ph\u1ea9m c\u1ee7a EverBest r\u1ea5t ch\u1ea5t l\u01b0\u1ee3ng v\u00e0 \u0111\u1ed9 an to\u00e0n v\u1ec7 sinh th\u1ef1c ph\u1ea9m r\u1ea5t cao.<\/span><\/div>\n<div id=\"input_line_7\"><\/div>\n<div id=\"input_line_8\"><span id=\"input_part_0\" class=\"\">\u0110\u00e1p \u1ee9ng nhu c\u1ea7u \u0103n chay, \u0103n t\u1ed1t cho s\u1ee9c kh\u1ecfe (healthy) t\u1ea1i Vi\u1ec7t Nam, EverBest \u0111\u00e3 mang \u0111\u1ebfn s\u1ea3n ph\u1ea9m Ch\u1ea3 Cu\u1ed9n Maki Chay r\u1ea5t h\u1ea5p d\u1eabn \u0111\u1ebfn ng\u01b0\u1eddi d\u00f9ng.<\/span><\/div>\n<p><img fetchpriority=\"high\" decoding=\"async\" class=\" wp-image-31885 aligncenter\" src=\"https:\/\/havamall.vn\/wp-content\/uploads\/2023\/07\/294548883_5557604504331188_510942894616941994_n-300x280.jpeg\" alt=\"\" width=\"737\" height=\"687\" srcset=\"https:\/\/havamall.vn\/wp-content\/uploads\/2023\/07\/294548883_5557604504331188_510942894616941994_n-300x280.jpeg 300w, https:\/\/havamall.vn\/wp-content\/uploads\/2023\/07\/294548883_5557604504331188_510942894616941994_n-430x402.jpeg 430w, https:\/\/havamall.vn\/wp-content\/uploads\/2023\/07\/294548883_5557604504331188_510942894616941994_n-150x140.jpeg 150w, https:\/\/havamall.vn\/wp-content\/uploads\/2023\/07\/294548883_5557604504331188_510942894616941994_n-700x654.jpeg 700w, https:\/\/havamall.vn\/wp-content\/uploads\/2023\/07\/294548883_5557604504331188_510942894616941994_n-1200x1121.jpeg 1200w\" sizes=\"(max-width: 737px) 100vw, 737px\" \/><\/p>\n<p>Kh\u00f4ng ch\u1ec9 xoay quanh c\u00e1c lo\u1ea1i rau c\u1ee7, Vegetarian c\u00f2n c\u00f3 th\u1ec3 th\u01b0\u1edfng th\u1ee9c nhi\u1ec1u m\u00f3n chay phong ph\u00fa kh\u00e1c v\u1edbi nh\u1eefng s\u1ea3n ph\u1ea9m c\u1ee7a Everbest, m\u1ed9t th\u01b0\u01a1ng hi\u1ec7u chuy\u00ean kinh doanh v\u1ec1 th\u1ef1c ph\u1ea9m chay v\u1edbi nh\u1eefng m\u1eb7t h\u00e0ng n\u1ed5i b\u1eadt nh\u01b0\u00a0<em>ba r\u1ecdi chay, ph\u1ee7 tr\u00fac, ch\u1ea3 cu\u1ed9n Maki, \u0111\u1eadu h\u1ee7 h\u1ea3i s\u1ea3n chay,\u2026<\/em><\/p>\n<p><strong>\u0110\u1eadu h\u1ee7 h\u1ea3i s\u1ea3n chay \u00a0Everbest\u00a0<\/strong>\u0111\u01b0\u1ee3c l\u00e0m t\u1eeb c\u00f4ng th\u1ee9c \u0111\u1eb7c bi\u1ec7t c\u00f3 th\u00e0nh ph\u1ea7n bao g\u1ed3m c\u00e1c nguy\u00ean li\u1ec7u nh\u01b0 \u0111\u1ea1m \u0111\u1eadu n\u00e0nh 30%, d\u1ea7u c\u1ecd v\u00e0 m\u1ed9t s\u1ed1 gia v\u1ecb nh\u01b0 \u0111\u01b0\u1eddng, mu\u1ed1i,\u2026mang \u0111\u1ebfn nh\u1eefng mi\u1ebfng \u0111\u1eadu h\u0169 m\u1ec1m, dai th\u01a1m r\u1ea5t d\u1ec5 \u0103n.<\/p>\n<p><img decoding=\"async\" class=\" wp-image-31887 aligncenter\" src=\"https:\/\/havamall.vn\/wp-content\/uploads\/2023\/07\/307326702_5747234742034829_3294114929054030146_n-300x280.jpeg\" alt=\"\" width=\"740\" height=\"691\" srcset=\"https:\/\/havamall.vn\/wp-content\/uploads\/2023\/07\/307326702_5747234742034829_3294114929054030146_n-300x280.jpeg 300w, https:\/\/havamall.vn\/wp-content\/uploads\/2023\/07\/307326702_5747234742034829_3294114929054030146_n-430x402.jpeg 430w, https:\/\/havamall.vn\/wp-content\/uploads\/2023\/07\/307326702_5747234742034829_3294114929054030146_n-150x140.jpeg 150w, https:\/\/havamall.vn\/wp-content\/uploads\/2023\/07\/307326702_5747234742034829_3294114929054030146_n-700x654.jpeg 700w, https:\/\/havamall.vn\/wp-content\/uploads\/2023\/07\/307326702_5747234742034829_3294114929054030146_n-768x718.jpeg 768w, https:\/\/havamall.vn\/wp-content\/uploads\/2023\/07\/307326702_5747234742034829_3294114929054030146_n-1024x957.jpeg 1024w, https:\/\/havamall.vn\/wp-content\/uploads\/2023\/07\/307326702_5747234742034829_3294114929054030146_n-1200x1121.jpeg 1200w, https:\/\/havamall.vn\/wp-content\/uploads\/2023\/07\/307326702_5747234742034829_3294114929054030146_n-600x561.jpeg 600w, https:\/\/havamall.vn\/wp-content\/uploads\/2023\/07\/307326702_5747234742034829_3294114929054030146_n.jpeg 2048w\" sizes=\"(max-width: 740px) 100vw, 740px\" \/><\/p>\n<p>\u0110\u1eadu h\u1ee7 \u0111\u01b0\u1ee3c c\u1eaft th\u00e0nh t\u1eebng mi\u1ebfng vu\u00f4ng c\u00f3 \u0111\u1ed9 d\u00e0y v\u1eeba ph\u1ea3i, th\u00edch h\u1ee3p \u0111\u1ec3 n\u1ea5u \u0111\u01b0\u1ee3c nhi\u1ec1u m\u00f3n \u0103n \u0111a d\u1ea1ng nh\u01b0 \u0111\u1eadu h\u0169 kho, \u0111\u1eadu h\u0169 s\u1ed1t chua ng\u1ecdt, \u0111\u1eadu h\u1ee7 chi\u00ean ch\u1ea5m c\u00f9ng v\u1edbi t\u01b0\u01a1ng \u1edbt ho\u1eb7c l\u00e0m topping th\u1ea3 l\u1ea9u, n\u1ea5u s\u00fap \u0111\u1ec1u h\u1ea5p d\u1eabn v\u00e0 b\u1eaft c\u01a1m.<\/p>\n<p>Th\u00edch h\u1ee3p l\u00e0m nguy\u00ean li\u1ec7u n\u1ea5u \u0103n d\u00e0nh cho nh\u1eefng ng\u01b0\u1eddi \u0103n chay, \u0103n ki\u00eang. S\u1ea3n ph\u1ea9m \u0111\u01b0\u1ee3c \u0111\u00f3ng g\u00f3i b\u1ecbch 500g bao g\u1ed3m kho\u1ea3ng 30~35 mi\u1ebfng, c\u00f3 th\u1ec3 \u0111\u1ee7 n\u1ea5u ph\u1ea7n \u0103n cho c\u1ea3 gia \u0111\u00ecnh.<\/p>\n<p><img decoding=\"async\" class=\" wp-image-31888 aligncenter\" src=\"https:\/\/havamall.vn\/wp-content\/uploads\/2023\/07\/74219008_2768027229955610_1396561165219266560_n-300x300.jpeg\" alt=\"\" width=\"742\" height=\"742\" srcset=\"https:\/\/havamall.vn\/wp-content\/uploads\/2023\/07\/74219008_2768027229955610_1396561165219266560_n-300x300.jpeg 300w, https:\/\/havamall.vn\/wp-content\/uploads\/2023\/07\/74219008_2768027229955610_1396561165219266560_n-430x430.jpeg 430w, https:\/\/havamall.vn\/wp-content\/uploads\/2023\/07\/74219008_2768027229955610_1396561165219266560_n-150x150.jpeg 150w, https:\/\/havamall.vn\/wp-content\/uploads\/2023\/07\/74219008_2768027229955610_1396561165219266560_n-700x700.jpeg 700w, https:\/\/havamall.vn\/wp-content\/uploads\/2023\/07\/74219008_2768027229955610_1396561165219266560_n-768x768.jpeg 768w, https:\/\/havamall.vn\/wp-content\/uploads\/2023\/07\/74219008_2768027229955610_1396561165219266560_n-1024x1024.jpeg 1024w, https:\/\/havamall.vn\/wp-content\/uploads\/2023\/07\/74219008_2768027229955610_1396561165219266560_n-1200x1200.jpeg 1200w, https:\/\/havamall.vn\/wp-content\/uploads\/2023\/07\/74219008_2768027229955610_1396561165219266560_n-600x600.jpeg 600w, https:\/\/havamall.vn\/wp-content\/uploads\/2023\/07\/74219008_2768027229955610_1396561165219266560_n-100x100.jpeg 100w, https:\/\/havamall.vn\/wp-content\/uploads\/2023\/07\/74219008_2768027229955610_1396561165219266560_n.jpeg 1667w\" sizes=\"(max-width: 742px) 100vw, 742px\" \/><\/p>\n<h2><strong>H\u01af\u1edaNG D\u1eaaN S\u1eec D\u1ee4NG\u00a0<\/strong><\/h2>\n<ul>\n<li>Ng\u0103n \u0111\u00f4ng t\u1ee7 l\u1ea1nh ho\u1eb7c \u1edf nhi\u1ec7t \u0111\u1ed9 d\u01b0\u1edbi -18 \u0111\u1ed9 C<\/li>\n<li>Chi\u00ean kh\u00f4ng d\u1ea7u: Chi\u00ean \u1edf nhi\u1ec7t \u0111\u1ed9 200 \u0111\u1ed9 C trong\u00a04-5 ph\u00fat<\/li>\n<li>N\u1ea5u s\u00fap: N\u1ea5u trong n\u01b0\u1edbc s\u00f4i kho\u1ea3ng 2.5~ 3 ph\u00fat<\/li>\n<li>Chi\u00ean \u00e1p ch\u1ea3o: Chi\u00ean \u00e1p ch\u1ea3o trong 3 ph\u00fat<\/li>\n<\/ul>\n","protected":false},"excerpt":{"rendered":"<p>TH\u00d4NG TIN S\u1ea2N PH\u1ea8M Th\u01b0\u01a1ng hi\u1ec7u Everbest Xu\u1ea5t x\u1ee9 Malaysia Th\u00e0nh ph\u1ea7n D\u1ea7u c\u1ecd, \u0111\u1ea1m \u0111\u1eadu n\u00e0nh 30%, ch\u1ea5t l\u00e0m<\/p>","protected":false},"featured_media":31889,"comment_status":"open","ping_status":"closed","template":"","meta":[],"product_brand":[],"product_cat":[275,36],"product_tag":[],"class_list":{"0":"post-31884","1":"product","2":"type-product","3":"status-publish","4":"has-post-thumbnail","6":"product_cat-thuc-pham-dong-lanh","7":"product_cat-thuc-pham-tieu-dung","8":"pa_brand-eb","10":"first","11":"instock","12":"sale","13":"shipping-taxable","14":"purchasable","15":"product-type-simple"},"_links":{"self":[{"href":"https:\/\/havamall.vn\/en\/wp-json\/wp\/v2\/product\/31884"}],"collection":[{"href":"https:\/\/havamall.vn\/en\/wp-json\/wp\/v2\/product"}],"about":[{"href":"https:\/\/havamall.vn\/en\/wp-json\/wp\/v2\/types\/product"}],"replies":[{"embeddable":true,"href":"https:\/\/havamall.vn\/en\/wp-json\/wp\/v2\/comments?post=31884"}],"version-history":[{"count":0,"href":"https:\/\/havamall.vn\/en\/wp-json\/wp\/v2\/product\/31884\/revisions"}],"wp:featuredmedia":[{"embeddable":true,"href":"https:\/\/havamall.vn\/en\/wp-json\/wp\/v2\/media\/31889"}],"wp:attachment":[{"href":"https:\/\/havamall.vn\/en\/wp-json\/wp\/v2\/media?parent=31884"}],"wp:term":[{"taxonomy":"product_brand","embeddable":true,"href":"https:\/\/havamall.vn\/en\/wp-json\/wp\/v2\/product_brand?post=31884"},{"taxonomy":"product_cat","embeddable":true,"href":"https:\/\/havamall.vn\/en\/wp-json\/wp\/v2\/product_cat?post=31884"},{"taxonomy":"product_tag","embeddable":true,"href":"https:\/\/havamall.vn\/en\/wp-json\/wp\/v2\/product_tag?post=31884"}],"curies":[{"name":"wp","href":"https:\/\/api.w.org\/{rel}","templated":true}]}}