{"id":31774,"date":"2023-06-13T16:31:37","date_gmt":"2023-06-13T09:31:37","guid":{"rendered":"https:\/\/havamall.vn\/?post_type=product&#038;p=31774"},"modified":"2025-09-30T09:16:47","modified_gmt":"2025-09-30T02:16:47","slug":"sinh-to-phuc-bon-tu-golden-farm-500ml-raspberry-smoothie-fruits","status":"publish","type":"product","link":"https:\/\/havamall.vn\/en\/shop\/sinh-to-phuc-bon-tu-golden-farm-500ml-raspberry-smoothie-fruits\/","title":{"rendered":"Sinh T\u1ed1 Ph\u00fac B\u1ed3n T\u1eed Golden Farm 500ml &#8211; Raspberry Smoothie Fruits"},"content":{"rendered":"<p>&nbsp;<\/p>\n<h2><strong>TH\u00d4NG TIN CHUNG<\/strong><\/h2>\n<table width=\"657\">\n<tbody>\n<tr>\n<td>Th\u01b0\u01a1ng hi\u1ec7u<\/td>\n<td>Golden Farm<\/td>\n<\/tr>\n<tr>\n<td>Xu\u1ea5t x\u1ee9<\/td>\n<td>Vi\u1ec7t Nam<\/td>\n<\/tr>\n<tr>\n<td>Th\u00e0nh ph\u1ea7n<\/td>\n<td>Ph\u00fac b\u1ed3n t\u1eed (50%), n\u01b0\u1edbc, \u0111\u01b0\u1eddng m\u00eda,&#8230;<\/td>\n<\/tr>\n<tr>\n<td>H\u1ea1n s\u1eed d\u1ee5ng<\/td>\n<td>12 th\u00e1ng k\u1ec3 t\u1eeb ng\u00e0y s\u1ea3n xu\u1ea5t.<\/td>\n<\/tr>\n<tr>\n<td>B\u1ea3o qu\u1ea3n<\/td>\n<td>\u0110\u1ec3 n\u01a1i kh\u00f4 r\u00e1o, tho\u00e1ng m\u00e1t, tr\u00e1nh \u00e1nh n\u1eafng tr\u1ef1c ti\u1ebfp<\/td>\n<\/tr>\n<tr>\n<td>Th\u1ec3 t\u00edch<\/td>\n<td>500ml<\/td>\n<\/tr>\n<\/tbody>\n<\/table>\n<p><strong>Sinh t\u1ed1 tr\u00e1i c\u00e2y\u00a0<\/strong>l\u00e0 m\u1ed9t s\u1ea3n ph\u1ea9m c\u1ee7a th\u01b0\u01a1ng hi\u1ec7u Golden Farm. S\u1ea3n ph\u1ea9m \u0111\u01b0\u1ee3c s\u1ea3n xu\u1ea5t tr\u00ean d\u00e2y chuy\u1ec1n c\u00f4ng ngh\u1ec7 hi\u1ec7n \u0111\u1ea1i, th\u00e0nh ph\u1ea7n ch\u1ee7 y\u1ebfu t\u1eeb tr\u00e1i c\u00e2y nguy\u00ean ch\u1ea5t, \u0111\u01b0\u1eddng v\u00e0 n\u01b0\u1edbc, kh\u00f4ng ch\u1ea5t c\u00f4 \u0111\u1eb7c, kh\u00f4ng ph\u1ee5 gia h\u00f3a h\u1ecdc, an to\u00e0n cho s\u1ee9c kh\u1ecfe ng\u01b0\u1eddi d\u00f9ng.<\/p>\n<p>V\u1edbi h\u01b0\u01a1ng v\u1ecb \u0111\u1eadm \u0111\u00e0 c\u1ee7a tr\u00e1i c\u00e2y t\u1ef1 nhi\u00ean, sinh t\u1ed1 Golden Farm<strong>\u00a0<\/strong>ph\u00f9 h\u1ee3p \u0111\u1ec3 l\u00e0m nguy\u00ean li\u1ec7u pha ch\u1ebf \u0111\u1ed3 u\u1ed1ng, cocktail,\u00a0l\u00e0m c\u00e1c m\u00f3n b\u00e1nh nh\u01b0 mousse, cheesecake,\u00a0pudding,\u00a0l\u00e0m topping l\u00ean c\u00e1c m\u00f3n b\u00e1nh nh\u01b0 panna cotta, s\u1eefa chua,\u00a0trang tr\u00ed m\u1eb7t b\u00e1nh kem ho\u1eb7c c\u00f3 th\u1ec3 ph\u1ebft b\u00e1nh m\u00ec \u0103n s\u00e1ng. S\u1ea3n ph\u1ea9m gi\u00fap b\u1ea1n ti\u1ebft ki\u1ec7m th\u1eddi gian v\u00e0 chi ph\u00ed h\u01a1n nhi\u1ec1u so v\u1edbi khi chu\u1ea9n b\u1ecb nguy\u00ean li\u1ec7u t\u01b0\u01a1i \u0111\u1ec3 pha ch\u1ebf ho\u1eb7c l\u00e0m b\u00e1nh.<\/p>\n<p><img fetchpriority=\"high\" decoding=\"async\" class=\"wp-image-31775 aligncenter\" src=\"https:\/\/havamall.com\/wp-content\/uploads\/2025\/09\/346465612_208551281954457_4854831934528979177_n-300x201.jpg\" alt=\"\" width=\"753\" height=\"505\" \/><\/p>\n<p>Sinh t\u1ed1 Golden Farm kh\u00f4ng ch\u1ec9 c\u00f3 h\u01b0\u01a1ng v\u1ecb chua chua ng\u1ecdt ng\u1ecdt r\u1ea5t th\u01a1m ngon m\u00e0 c\u00f2n c\u00f3 nhi\u1ec1u c\u00f4ng d\u1ee5ng \u0111\u1ed1i v\u1edbi s\u1ee9c kh\u1ecfe nh\u01b0: B\u1ed5 sung vitamin C, t\u1ed1t cho h\u1ec7 ti\u00eau h\u00f3a, b\u1ed5 sung vitamin K v\u00e0 t\u1ed1t cho s\u1ee9c kh\u1ecfe n\u00e3o b\u1ed9.<\/p>\n<div class=\"kvgmc6g5 cxmmr5t8 oygrvhab hcukyx3x c1et5uql ii04i59q\">\n<p dir=\"auto\">S\u1ea3n ph\u1ea9m ph\u00f9 h\u1ee3p \u0111\u1ec3 l\u00e0m sinh t\u1ed1, s\u00e1ng t\u1ea1o c\u00e1c lo\u1ea1i th\u1ee9c u\u1ed1ng trong pha ch\u1ebf, c\u00f3 th\u1ec3 s\u1eed d\u1ee5ng \u0111\u1ec3 n\u1ea5u \u0103n v\u00e0 l\u00e0m b\u00e1nh t\u00f9y theo s\u1edf th\u00edch. Chunky l\u00e0 d\u00f2ng tr\u00e1i c\u00e2y c\u00f3 ngu\u1ed3n dinh d\u01b0\u1ee1ng d\u1ed3i d\u00e0o v\u1edbi Vitamin A &amp; C, Kali, S\u1eaft, Ch\u1ea5t x\u01a1, Canxi v\u00e0 K\u1ebdm gi\u00fap t\u0103ng c\u01b0\u1eddng m\u1ea1ch m\u00e1u, t\u0103ng c\u01b0\u1eddng tr\u00ed nh\u1edb v\u00e0 c\u1ea3i thi\u1ec7n th\u1ecb l\u1ef1c<\/p>\n<p dir=\"auto\"><img decoding=\"async\" class=\"wp-image-31776 aligncenter\" src=\"https:\/\/havamall.com\/wp-content\/uploads\/2025\/09\/324918225_554462043266141_5352951125349019513_n-300x300.jpg\" alt=\"\" width=\"740\" height=\"740\" \/><\/p>\n<p>\u0110\u00e2y l\u00e0 d\u00f2ng s\u1ea3n ph\u1ea9m sinh t\u1ed1 tr\u00e1i c\u00e2y v\u1edbi t\u1ef7 l\u1ec7 tr\u00e1i c\u00e2y l\u00ean \u0111\u1ebfn 50-53% ch\u1eafc ch\u1eafn s\u1ebd mang \u0111\u1ebfn cho b\u1ea1n tr\u1ea3i nghi\u1ec7m ho\u00e0n to\u00e0n m\u1edbi.<\/p>\n<p>D\u00f2ng sinh t\u1ed1 Golden Farm l\u00e0 tr\u00e1i c\u00e2y t\u1ef1 nhi\u00ean 100% \u0111\u01b0\u1ee3c c\u1eaft h\u1ea1t l\u1ef1u v\u00e0 ch\u1ec9 nh\u1eefng lo\u1ea1i tr\u00e1i c\u00e2y t\u01b0\u01a1i ngon nh\u1ea5t m\u1edbi \u0111\u01b0\u1ee3c tuy\u1ec3n ch\u1ecdn \u0111\u1ec3 \u0111\u1ea3m b\u1ea3o h\u01b0\u01a1ng v\u1ecb ho\u00e0n h\u1ea3o trong t\u1eebng t\u00fai s\u1ea3n ph\u1ea9m.<\/p>\n<p><img decoding=\"async\" class=\"wp-image-31777 aligncenter\" src=\"https:\/\/havamall.com\/wp-content\/uploads\/2025\/09\/Strawberry-smoothie-bowl-4-200x300.jpg\" alt=\"\" width=\"744\" height=\"1117\" \/><\/p>\n<h2><strong>\u0110\u1eb6C \u0110I\u1ec2M N\u1ed4I B\u1eacT C\u1ee6A S\u1ea2N PH\u1ea8M<\/strong><\/h2>\n<p>&#8211; Sinh t\u1ed1 Golden Farm\u00a0c\u00f3 th\u00e0nh ph\u1ea7n nguy\u00ean li\u1ec7u \u0111\u01b0\u1ee3c l\u1ef1a ch\u1ecdn k\u1ef9 l\u01b0\u1ee1ng, kh\u00f4ng ch\u1ee9a h\u00f3a ch\u1ea5t \u0111\u1ed9c h\u1ea1i, an to\u00e0n cho ng\u01b0\u1eddi d\u00f9ng.<\/p>\n<p>&#8211; S\u1ea3n ph\u1ea9m \u0111\u01b0\u1ee3c s\u1ea3n xu\u1ea5t tr\u00ean quy tr\u00ecnh c\u00f4ng ngh\u1ec7 hi\u1ec7n \u0111\u1ea1i, \u0111\u01b0\u1ee3c ki\u1ec3m duy\u1ec7t ch\u1eb7t ch\u1ebd, \u0111\u1ea3m b\u1ea3o ch\u1ea5t l\u01b0\u1ee3ng v\u00e0 \u0111\u00e2y c\u00f2n l\u00e0 s\u1ea3n ph\u1ea9m \u0111\u01b0\u1ee3c \u01b0a chu\u1ed9ng tr\u00ean th\u1ecb tr\u01b0\u1eddng.<\/p>\n<p>&#8211; Sinh t\u1ed1 c\u00f3 d\u1ea1ng s\u1ec7t, mang h\u01b0\u01a1ng v\u1ecb ng\u1ecdt \u0111\u1eadm \u0111\u00e0 v\u00e0 chua t\u1ef1 nhi\u00ean c\u1ee7a tr\u00e1i d\u00e2u. Tr\u00e1i d\u00e2u sau khi \u0111\u01b0\u1ee3c thu h\u00e1i s\u1ebd \u0111\u01b0\u1ee3c \u00e9p n\u01b0\u1edbc v\u00e0 nghi\u1ec1n nh\u1ecf t\u1ea1o th\u00e0nh lo\u1ea1i s\u1ea3n ph\u1ea9m c\u00f3 th\u1ec3 d\u00f9ng tr\u1ef1c ti\u1ebfp, \u0111\u1ea3m b\u1ea3o cung c\u1ea5p c\u00e1c lo\u1ea1i vitamin v\u00e0 an to\u00e0n khi s\u1eed d\u1ee5ng.<\/p>\n<p>&#8211; V\u1edbi thi\u1ebft k\u1ebf \u0111\u00f3ng chai c\u00f3 n\u1eafp \u0111\u1eady ti\u1ec7n l\u1ee3i, b\u1ea1n c\u00f3 th\u1ec3 d\u1ec5 d\u00e0ng b\u1ea3o qu\u1ea3n s\u1ea3n ph\u1ea9m b\u1eb1ng c\u00e1ch xo\u00e1y ch\u1eb7t n\u1eafp v\u00e0 \u0111\u1ec3 trong t\u1ee7 l\u1ea1nh. \u00a0S\u1ea3n ph\u1ea9m cam k\u1ebft kh\u00f4ng s\u1eed d\u1ee5ng \u0111\u01b0\u1eddng h\u00f3a h\u1ecdc, \u0111\u1ea3m b\u1ea3o v\u1ec7 sinh an to\u00e0n th\u1ef1c ph\u1ea9m v\u00e0 s\u1ee9c kh\u1ecfe cho ng\u01b0\u1eddi ti\u00eau d\u00f9ng.<\/p>\n<p><img loading=\"lazy\" decoding=\"async\" class=\"wp-image-31778 aligncenter\" src=\"https:\/\/havamall.com\/wp-content\/uploads\/2025\/09\/346321766_783079256730731_3708294965720782598_n-300x300.jpg\" alt=\"\" width=\"741\" height=\"741\" \/><\/p>\n<h2><strong>\u00a0H\u01af\u1edaNG D\u1eaaN S\u1eec D\u1ee4NG<\/strong><\/h2>\n<p>\u2013 D\u00f9ng \u0111\u1ec3 l\u00e0m nguy\u00ean li\u1ec7u ch\u1ebf bi\u1ebfn m\u00f3n \u0103n, m\u00f3n u\u1ed1ng ho\u1eb7c tr\u00e1ng mi\u1ec7ng.<\/p>\n<p>\u2013 \u0102n k\u00e8m s\u1eefa chua, xay sinh t\u1ed1, l\u00e0m m\u1ee9t, l\u00e0m b\u00e1nh,\u2026ho\u1eb7c d\u00f9ng l\u00e0m n\u01b0\u1edbc s\u1ed1t cho c\u00e1c m\u00f3n \u0103n T\u00e2y \u0111\u1ec1u r\u1ea5t ngon v\u00e0 b\u1ed5 d\u01b0\u1ee1ng.<\/p>\n<\/div>","protected":false},"excerpt":{"rendered":"<p>&nbsp; TH\u00d4NG TIN CHUNG Th\u01b0\u01a1ng hi\u1ec7u Golden Farm Xu\u1ea5t x\u1ee9 Vi\u1ec7t Nam Th\u00e0nh ph\u1ea7n Ph\u00fac b\u1ed3n t\u1eed (50%), n\u01b0\u1edbc, \u0111\u01b0\u1eddng<\/p>","protected":false},"featured_media":31814,"comment_status":"open","ping_status":"closed","template":"","meta":[],"product_brand":[],"product_cat":[36,135],"product_tag":[],"class_list":{"0":"post-31774","1":"product","2":"type-product","3":"status-publish","4":"has-post-thumbnail","6":"product_cat-thuc-pham-tieu-dung","7":"product_cat-sua-do-uong","8":"pa_brand-golden-farm","10":"first","11":"instock","12":"sale","13":"shipping-taxable","14":"purchasable","15":"product-type-simple"},"_links":{"self":[{"href":"https:\/\/havamall.vn\/en\/wp-json\/wp\/v2\/product\/31774"}],"collection":[{"href":"https:\/\/havamall.vn\/en\/wp-json\/wp\/v2\/product"}],"about":[{"href":"https:\/\/havamall.vn\/en\/wp-json\/wp\/v2\/types\/product"}],"replies":[{"embeddable":true,"href":"https:\/\/havamall.vn\/en\/wp-json\/wp\/v2\/comments?post=31774"}],"version-history":[{"count":0,"href":"https:\/\/havamall.vn\/en\/wp-json\/wp\/v2\/product\/31774\/revisions"}],"wp:featuredmedia":[{"embeddable":true,"href":"https:\/\/havamall.vn\/en\/wp-json\/wp\/v2\/media\/31814"}],"wp:attachment":[{"href":"https:\/\/havamall.vn\/en\/wp-json\/wp\/v2\/media?parent=31774"}],"wp:term":[{"taxonomy":"product_brand","embeddable":true,"href":"https:\/\/havamall.vn\/en\/wp-json\/wp\/v2\/product_brand?post=31774"},{"taxonomy":"product_cat","embeddable":true,"href":"https:\/\/havamall.vn\/en\/wp-json\/wp\/v2\/product_cat?post=31774"},{"taxonomy":"product_tag","embeddable":true,"href":"https:\/\/havamall.vn\/en\/wp-json\/wp\/v2\/product_tag?post=31774"}],"curies":[{"name":"wp","href":"https:\/\/api.w.org\/{rel}","templated":true}]}}