{"id":31742,"date":"2023-06-13T12:03:28","date_gmt":"2023-06-13T05:03:28","guid":{"rendered":"https:\/\/havamall.vn\/?post_type=product&#038;p=31742"},"modified":"2023-06-15T17:07:52","modified_gmt":"2023-06-15T10:07:52","slug":"sot-socola-golden-farm-630g-chocolate-sauc","status":"publish","type":"product","link":"https:\/\/havamall.vn\/en\/shop\/sot-socola-golden-farm-630g-chocolate-sauc\/","title":{"rendered":"S\u1ed1t Socola Golden Farm 630g &#8211; Chocolate Sauce"},"content":{"rendered":"<p>&nbsp;<\/p>\n<h2><strong>TH\u00d4NG TIN CHUNG<\/strong><\/h2>\n<table style=\"height: 306px\" width=\"1088\">\n<tbody>\n<tr>\n<td>Th\u01b0\u01a1ng hi\u1ec7u<\/td>\n<td>Golden Farm<\/td>\n<\/tr>\n<tr>\n<td>Xu\u1ea5t x\u1ee9<\/td>\n<td>Vi\u1ec7t Nam<\/td>\n<\/tr>\n<tr>\n<td>Th\u00e0nh ph\u1ea7n<\/td>\n<td>\u0110\u01b0\u1eddng m\u00eda RE, n\u01b0\u1edbc, sir\u00f4 b\u1eafp, b\u1ed9t cacao (10%), ch\u1ea5t \u1ed5n \u0111\u1ecbnh: b\u1ed9t bi\u1ebfn t\u00ednh (1422), xanthan gum (415), ch\u1ea5t \u0111i\u1ec1u ch\u1ec9nh acid: acid citric (330), ch\u1ea5t b\u1ea3o qu\u1ea3n: Kali sorbate (202), h\u01b0\u01a1ng s\u00f4c\u00f4la t\u1ed5ng h\u1ee3p.<\/td>\n<\/tr>\n<tr>\n<td>H\u1ea1n s\u1eed d\u1ee5ng<\/td>\n<td>12 th\u00e1ng k\u1ec3 t\u1eeb ng\u00e0y s\u1ea3n xu\u1ea5t.<\/td>\n<\/tr>\n<tr>\n<td>B\u1ea3o qu\u1ea3n<\/td>\n<td>\u0110\u1ec3 n\u01a1i kh\u00f4 r\u00e1o, tho\u00e1ng m\u00e1t, tr\u00e1nh \u00e1nh n\u1eafng tr\u1ef1c ti\u1ebfp<\/td>\n<\/tr>\n<tr>\n<td>Kh\u1ed1i l\u01b0\u1ee3ng<\/td>\n<td>630gram<\/td>\n<\/tr>\n<\/tbody>\n<\/table>\n<p><strong>X\u1ed1t S\u00f4c\u00f4la Golden Farm<\/strong>\u00a0\u0111\u01b0\u1ee3c s\u1ea3n xu\u1ea5t b\u1edfi th\u01b0\u01a1ng hi\u1ec7u Golden Farm \u2013 l\u00e0 m\u1ed9t trong nh\u1eefng th\u01b0\u01a1ng hi\u1ec7u c\u1ee7a Vi\u1ec7t Nam \u0111i ti\u00ean phong trong s\u1ea3n xu\u1ea5t c\u00e1c m\u1eb7t h\u00e0ng siro, m\u1ee9t, c\u00e1c lo\u1ea1i x\u1ed1t, t\u01b0\u01a1ng gi\u00e0u dinh d\u01b0\u1ee1ng\u2026<\/p>\n<p>X\u1ed1t Topping S\u00f4c\u00f4la Golden Farm\u00a0n\u1ed5i b\u1eadt v\u1edbi h\u01b0\u01a1ng v\u1ecb th\u01a1m ngon, t\u1eebng gi\u1ecdt x\u1ed1t s\u00e1nh quy\u1ec7n, m\u00e0u s\u1eafc b\u1eaft m\u1eaft, l\u00e0 nguy\u00ean li\u1ec7u kh\u00f4ng th\u1ec3 thi\u1ebfu d\u00f9ng trong pha ch\u1ebf c\u00e1c lo\u1ea1i th\u1ee9c u\u1ed1ng v\u00e0 ch\u1ebf bi\u1ebfn c\u00e1c m\u00f3n \u0103n v\u1eb7t y\u00eau th\u00edch c\u1ee7a gia \u0111\u00ecnh b\u1ea1n.<\/p>\n<p><img fetchpriority=\"high\" decoding=\"async\" class=\"wp-image-31743 aligncenter\" src=\"https:\/\/havamall.vn\/wp-content\/uploads\/2023\/06\/352692120_650915650410320_6139061273939817990_n-300x300.jpeg\" alt=\"\" width=\"784\" height=\"784\" srcset=\"https:\/\/havamall.vn\/wp-content\/uploads\/2023\/06\/352692120_650915650410320_6139061273939817990_n-300x300.jpeg 300w, https:\/\/havamall.vn\/wp-content\/uploads\/2023\/06\/352692120_650915650410320_6139061273939817990_n-430x430.jpeg 430w, https:\/\/havamall.vn\/wp-content\/uploads\/2023\/06\/352692120_650915650410320_6139061273939817990_n-150x150.jpeg 150w, https:\/\/havamall.vn\/wp-content\/uploads\/2023\/06\/352692120_650915650410320_6139061273939817990_n-700x700.jpeg 700w, https:\/\/havamall.vn\/wp-content\/uploads\/2023\/06\/352692120_650915650410320_6139061273939817990_n-768x768.jpeg 768w, https:\/\/havamall.vn\/wp-content\/uploads\/2023\/06\/352692120_650915650410320_6139061273939817990_n-1024x1024.jpeg 1024w, https:\/\/havamall.vn\/wp-content\/uploads\/2023\/06\/352692120_650915650410320_6139061273939817990_n-1200x1200.jpeg 1200w, https:\/\/havamall.vn\/wp-content\/uploads\/2023\/06\/352692120_650915650410320_6139061273939817990_n-600x600.jpeg 600w, https:\/\/havamall.vn\/wp-content\/uploads\/2023\/06\/352692120_650915650410320_6139061273939817990_n-100x100.jpeg 100w, https:\/\/havamall.vn\/wp-content\/uploads\/2023\/06\/352692120_650915650410320_6139061273939817990_n.jpeg 2048w\" sizes=\"(max-width: 784px) 100vw, 784px\" \/><\/p>\n<p>V\u1edbi chi\u1ebft xu\u1ea5t t\u1eeb S\u00f4c\u00f4la th\u01b0\u1ee3ng h\u1ea1ng, c\u00f9ng c\u00e1c lo\u1ea1i nguy\u00ean li\u1ec7u t\u1ef1 nhi\u00ean, X\u1ed1t Topping S\u00f4c\u00f4la Golden Farm\u00a0l\u00e0 l\u1ef1a ch\u1ecdn ho\u00e0n h\u1ea3o \u0111\u1ec3 b\u1ea1n \u0111\u1ed5i v\u1ecb cho c\u00e1c m\u00f3n th\u1ee9c u\u1ed1ng quen thu\u1ed9c.<\/p>\n<p>S\u1ea3n ph\u1ea9m \u0111\u01b0\u1ee3c s\u1ea3n xu\u1ea5t tr\u00ean d\u00e2y chuy\u1ec1n kh\u00e9p k\u00edn v\u1edbi c\u00f4ng ngh\u1ec7 hi\u1ec7n \u0111\u1ea1i t\u1eeb Ch\u00e2u \u00c2u, nh\u00e0 m\u00e1y \u0111\u1ea1t ch\u1ee9ng nh\u1eadn Qu\u1ed1c T\u1ebf ISO 22000:2018, \u0111\u1ea3m b\u1ea3o mang \u0111\u1ebfn cho ng\u01b0\u1eddi ti\u00eau d\u00f9ng s\u1ea3n ph\u1ea9m ch\u1ea5t l\u01b0\u1ee3ng t\u1ed1t nh\u1ea5t.<\/p>\n<p><img decoding=\"async\" class=\"wp-image-31744 aligncenter\" src=\"https:\/\/havamall.vn\/wp-content\/uploads\/2023\/06\/630g_socola-1-1-252x300.png\" alt=\"\" width=\"778\" height=\"926\" srcset=\"https:\/\/havamall.vn\/wp-content\/uploads\/2023\/06\/630g_socola-1-1-252x300.png 252w, https:\/\/havamall.vn\/wp-content\/uploads\/2023\/06\/630g_socola-1-1-430x513.png 430w, https:\/\/havamall.vn\/wp-content\/uploads\/2023\/06\/630g_socola-1-1-150x179.png 150w, https:\/\/havamall.vn\/wp-content\/uploads\/2023\/06\/630g_socola-1-1-859x1024.png 859w\" sizes=\"(max-width: 778px) 100vw, 778px\" \/><\/p>\n<p>S\u1ea3n ph\u1ea9m\u00a0c\u00f3 d\u1ea1ng l\u1ecfng, h\u01a1i s\u1ec7t, mang h\u01b0\u01a1ng v\u1ecb \u0111\u1eadm \u0111\u00e0 c\u1ee7a tr\u00e0 xanh. V\u1edbi c\u00e1c th\u00e0nh ph\u1ea7n \u0111\u01b0\u1ee3c ch\u1ebf bi\u1ebfn theo t\u1ec9 l\u1ec7 ch\u00ednh x\u00e1c, s\u1ea3n ph\u1ea9m mang \u0111\u1ebfn m\u1ed9t ch\u1ea5t l\u01b0\u1ee3ng ho\u00e0n h\u1ea3o cho c\u00e1c lo\u1ea1i \u0111\u1ed3 u\u1ed1ng v\u00e0\u00a0m\u00f3n \u0103n.<\/p>\n<h2><strong>\u0110\u1eb6C \u0110I\u1ec2M N\u1ed4I B\u1eacT C\u1ee6A S\u1ea2N PH\u1ea8M<\/strong><\/h2>\n<p>&#8211; X\u1ed1t Golden Farm chocolate l\u00e0 d\u00f2ng s\u1ed1t b\u00e1n ch\u1ea1y th\u1ee9 2 th\u1ecb tr\u01b0\u1eddng Vi\u1ec7t Nam. V\u1edbi \u0111\u1ed9 th\u01a1m s\u00e1nh ho\u00e0n h\u1ea3o, \u0111\u1eadm m\u00f9i socola.<\/p>\n<p>&#8211; X\u1ed1t Golden Farm chocolate kh\u00f4ng ng\u1ecdt g\u1eaft n\u00ean l\u00e0 s\u1ef1 l\u1ef1a ch\u1ecdn ho\u00e0n h\u1ea3o l\u00e0m c\u00e1c m\u00f3n \u0111\u00e1 xay, t\u1ea1o m\u00f9i tr\u00e0 s\u1eefa\u2026<\/p>\n<p>&#8211; S\u1ea3n ph\u1ea9m n\u1ed9i \u0111\u1ecba s\u1ea3n xu\u1ea5t t\u1ea1i Vi\u1ec7t Nam n\u00ean gi\u00e1 c\u1ea3 c\u1ea1nh tranh, \u1ed5n \u0111\u1ecbnh.<\/p>\n<p>&#8211; \u0110\u1ea1t chu\u1ea9n VSATTP, nh\u00e0 m\u00e1y \u0111\u1ea1t ch\u1ee9ng nh\u1eadn qu\u1ed1c t\u1ebf ISO 22000:2018<\/p>\n<p><img decoding=\"async\" class=\"wp-image-31745 aligncenter\" src=\"https:\/\/havamall.vn\/wp-content\/uploads\/2023\/06\/258576-300x300.jpeg\" alt=\"\" width=\"792\" height=\"792\" srcset=\"https:\/\/havamall.vn\/wp-content\/uploads\/2023\/06\/258576-300x300.jpeg 300w, https:\/\/havamall.vn\/wp-content\/uploads\/2023\/06\/258576-430x430.jpeg 430w, https:\/\/havamall.vn\/wp-content\/uploads\/2023\/06\/258576-150x150.jpeg 150w, https:\/\/havamall.vn\/wp-content\/uploads\/2023\/06\/258576-700x700.jpeg 700w, https:\/\/havamall.vn\/wp-content\/uploads\/2023\/06\/258576-768x768.jpeg 768w, https:\/\/havamall.vn\/wp-content\/uploads\/2023\/06\/258576-600x600.jpeg 600w, https:\/\/havamall.vn\/wp-content\/uploads\/2023\/06\/258576-100x100.jpeg 100w, https:\/\/havamall.vn\/wp-content\/uploads\/2023\/06\/258576.jpeg 1000w\" sizes=\"(max-width: 792px) 100vw, 792px\" \/><\/p>\n<h2><strong>H\u01af\u1edaNG D\u1eaaN S\u1eec D\u1ee4NG<\/strong><\/h2>\n<p><strong>&gt; Pha tr\u00e0 s\u1eefa<\/strong>: Pha 4 mu\u1ed7ng caf\u00e9 x\u1ed1t c\u00f9ng n\u1eeda ly tr\u00e0 s\u1eefa, th\u00eam \u0111\u00e1 vi\u00ean, khu\u1ea5y \u0111\u1ec1u v\u00e0 th\u01b0\u1edfng th\u1ee9c.<\/p>\n<p><strong>&gt; Pha s\u1eefa t\u01b0\u01a1i<\/strong>: Pha 4 mu\u1ed7ng caf\u00e9 x\u1ed1t c\u00f9ng n\u1eeda ly s\u1eefa t\u01b0\u01a1i, th\u00eam \u0111\u00e1 vi\u00ean, khu\u1ea5y \u0111\u1ec1u v\u00e0 th\u01b0\u1edfng th\u1ee9c.<\/p>\n<p><strong>&gt; \u0102n c\u00f9ng b\u00e1nh<\/strong>: Cho 1 c\u00e1i b\u00e1nh b\u00f4ng lan ra d\u0129a, r\u01b0\u1edbi \u0111\u1ec1u 3 mu\u1ed7ng caf\u00e9 x\u1ed1t l\u00ean m\u1eb7t b\u00e1nh v\u00e0 th\u01b0\u1edfng th\u1ee9c.<\/p>\n<p><strong>&gt; Pha caf\u00e9<\/strong>: Cho 4 mu\u1ed7ng caf\u00e9 x\u1ed1t, 2 mu\u1ed7ng caf\u00e9 s\u1eefa v\u00e0o n\u1eeda ly n\u01b0\u1edbc caf\u00e9 \u1ea5m, th\u00eam \u0111\u00e1 vi\u00ean, khu\u1ea5y \u0111\u1ec1u v\u00e0 th\u01b0\u1edfng th\u1ee9c.<\/p>\n<p><img loading=\"lazy\" decoding=\"async\" class=\"wp-image-31746 aligncenter\" src=\"https:\/\/havamall.vn\/wp-content\/uploads\/2023\/06\/an-gi-voi-sot-socola-300x300.jpeg\" alt=\"\" width=\"777\" height=\"777\" srcset=\"https:\/\/havamall.vn\/wp-content\/uploads\/2023\/06\/an-gi-voi-sot-socola-300x300.jpeg 300w, https:\/\/havamall.vn\/wp-content\/uploads\/2023\/06\/an-gi-voi-sot-socola-430x430.jpeg 430w, https:\/\/havamall.vn\/wp-content\/uploads\/2023\/06\/an-gi-voi-sot-socola-150x150.jpeg 150w, https:\/\/havamall.vn\/wp-content\/uploads\/2023\/06\/an-gi-voi-sot-socola-700x700.jpeg 700w, https:\/\/havamall.vn\/wp-content\/uploads\/2023\/06\/an-gi-voi-sot-socola-768x768.jpeg 768w, https:\/\/havamall.vn\/wp-content\/uploads\/2023\/06\/an-gi-voi-sot-socola-1024x1024.jpeg 1024w, https:\/\/havamall.vn\/wp-content\/uploads\/2023\/06\/an-gi-voi-sot-socola-1200x1200.jpeg 1200w, https:\/\/havamall.vn\/wp-content\/uploads\/2023\/06\/an-gi-voi-sot-socola-600x600.jpeg 600w, https:\/\/havamall.vn\/wp-content\/uploads\/2023\/06\/an-gi-voi-sot-socola-100x100.jpeg 100w, https:\/\/havamall.vn\/wp-content\/uploads\/2023\/06\/an-gi-voi-sot-socola.jpeg 1500w\" sizes=\"(max-width: 777px) 100vw, 777px\" \/><\/p>","protected":false},"excerpt":{"rendered":"<p>&nbsp; TH\u00d4NG TIN CHUNG Th\u01b0\u01a1ng hi\u1ec7u Golden Farm Xu\u1ea5t x\u1ee9 Vi\u1ec7t Nam Th\u00e0nh ph\u1ea7n \u0110\u01b0\u1eddng m\u00eda RE, n\u01b0\u1edbc, sir\u00f4 b\u1eafp,<\/p>","protected":false},"featured_media":31747,"comment_status":"open","ping_status":"closed","template":"","meta":[],"product_brand":[],"product_cat":[36,135],"product_tag":[],"class_list":{"0":"post-31742","1":"product","2":"type-product","3":"status-publish","4":"has-post-thumbnail","6":"product_cat-thuc-pham-tieu-dung","7":"product_cat-sua-do-uong","8":"pa_brand-golden-farm","10":"first","11":"instock","12":"sale","13":"shipping-taxable","14":"purchasable","15":"product-type-simple"},"_links":{"self":[{"href":"https:\/\/havamall.vn\/en\/wp-json\/wp\/v2\/product\/31742"}],"collection":[{"href":"https:\/\/havamall.vn\/en\/wp-json\/wp\/v2\/product"}],"about":[{"href":"https:\/\/havamall.vn\/en\/wp-json\/wp\/v2\/types\/product"}],"replies":[{"embeddable":true,"href":"https:\/\/havamall.vn\/en\/wp-json\/wp\/v2\/comments?post=31742"}],"version-history":[{"count":0,"href":"https:\/\/havamall.vn\/en\/wp-json\/wp\/v2\/product\/31742\/revisions"}],"wp:featuredmedia":[{"embeddable":true,"href":"https:\/\/havamall.vn\/en\/wp-json\/wp\/v2\/media\/31747"}],"wp:attachment":[{"href":"https:\/\/havamall.vn\/en\/wp-json\/wp\/v2\/media?parent=31742"}],"wp:term":[{"taxonomy":"product_brand","embeddable":true,"href":"https:\/\/havamall.vn\/en\/wp-json\/wp\/v2\/product_brand?post=31742"},{"taxonomy":"product_cat","embeddable":true,"href":"https:\/\/havamall.vn\/en\/wp-json\/wp\/v2\/product_cat?post=31742"},{"taxonomy":"product_tag","embeddable":true,"href":"https:\/\/havamall.vn\/en\/wp-json\/wp\/v2\/product_tag?post=31742"}],"curies":[{"name":"wp","href":"https:\/\/api.w.org\/{rel}","templated":true}]}}