{"id":31673,"date":"2023-06-01T16:54:16","date_gmt":"2023-06-01T09:54:16","guid":{"rendered":"https:\/\/havamall.vn\/?post_type=product&#038;p=31673"},"modified":"2025-06-14T12:02:26","modified_gmt":"2025-06-14T05:02:26","slug":"tieu-den-xay-havafoodies-tui-100g-black-pepper","status":"publish","type":"product","link":"https:\/\/havamall.vn\/en\/shop\/tieu-den-xay-havafoodies-tui-100g-black-pepper\/","title":{"rendered":"Ti\u00eau \u0110en Xay Havafoodies T\u00fai 100g &#8211; Black Pepper"},"content":{"rendered":"<p>&nbsp;<\/p>\n<h3><strong>TH\u00d4NG TIN S\u1ea2N PH\u1ea8M<\/strong><\/h3>\n<table>\n<tbody>\n<tr>\n<td>Th\u01b0\u01a1ng hi\u1ec7u<\/td>\n<td>Havafoodies<\/td>\n<\/tr>\n<tr>\n<td>Xu\u1ea5t x\u1ee9<\/td>\n<td>Vi\u1ec7t Nam<\/td>\n<\/tr>\n<tr>\n<td>Th\u00e0nh ph\u1ea7n<\/td>\n<td>100% ti\u00eau \u0111en xay<\/td>\n<\/tr>\n<tr>\n<td>H\u1ea1n s\u1eed d\u1ee5ng<\/td>\n<td>24 th\u00e1ng k\u1ec3 t\u1eeb ng\u00e0y s\u1ea3n xu\u1ea5t<\/td>\n<\/tr>\n<tr>\n<td>B\u1ea3o qu\u1ea3n<\/td>\n<td>B\u1ea3o qu\u1ea3n n\u01a1i tho\u00e1ng m\u00e1t, tr\u00e1nh \u00e1nh n\u1eafng tr\u1ef1c ti\u1ebfp<\/td>\n<\/tr>\n<tr>\n<td>Kh\u1ed1i l\u01b0\u1ee3ng<\/td>\n<td>100g<\/td>\n<\/tr>\n<\/tbody>\n<\/table>\n<p>C\u00e2y ti\u00eau l\u00e0 m\u1ed9t lo\u1ea1i d\u00e2y leo, th\u00e2n d\u00e0i, nh\u1eb5n kh\u00f4ng mang l\u00f4ng, b\u00e1m v\u00e0o c\u00e1c c\u00e2y kh\u00e1c b\u1eb1ng r\u1ec5. Th\u00e2n m\u1ecdc cu\u1ed1n, mang l\u00e1 m\u1ecdc c\u00e1ch. L\u00e1 nh\u01b0 l\u00e1 tr\u1ea7u kh\u00f4ng, nh\u01b0ng d\u00e0i v\u00e0 thu\u00f4n h\u01a1n. C\u00f3 hai lo\u1ea1i nh\u00e1nh: m\u1ed9t lo\u1ea1i nh\u00e1nh mang qu\u1ea3, v\u00e0 m\u1ed9t lo\u1ea1i nh\u00e1nh dinh d\u01b0\u1ee1ng, c\u1ea3 hai lo\u1ea1i nh\u00e1nh \u0111\u1ec1u xu\u1ea5t ph\u00e1t t\u1eeb k\u1ebd l\u00e1. \u0110\u1ed1i chi\u1ebfu v\u1edbi l\u00e1 l\u00e0 m\u1ed9t c\u1ee5m hoa h\u00ecnh \u0111u\u00f4i s\u00f3c. Khi ch\u00edn, r\u1ee5ng c\u1ea3 ch\u00f9m. Qu\u1ea3 h\u00ecnh c\u1ea7u nh\u1ecf, ch\u1eebng 20-30 qu\u1ea3 tr\u00ean m\u1ed9t ch\u00f9m, l\u00fac \u0111\u1ea7u m\u00e0u xanh l\u1ee5c, sau c\u00f3 m\u00e0u v\u00e0ng, khi ch\u00edn c\u00f3 m\u00e0u \u0111\u1ecf. T\u1eeb qu\u1ea3 n\u00e0y c\u00f3 th\u1ec3 thu ho\u1ea1ch \u0111\u01b0\u1ee3c ti\u00eau tr\u1eafng, ti\u00eau \u0111\u1ecf, ti\u00eau xanh v\u00e0\u00a0ti\u00eau \u0111en.<\/p>\n<p><img fetchpriority=\"high\" decoding=\"async\" class=\"wp-image-31668 aligncenter\" src=\"https:\/\/havamall.com\/wp-content\/uploads\/2025\/06\/tieu-den-nap-xay-phu-quoc-hu-40g-minh-ha2-300x300.png\" alt=\"\" width=\"639\" height=\"639\" \/><\/p>\n<p><strong>H\u1ea1t ti\u00eau \u0111en<\/strong>, m\u1ed9t gia v\u1ecb thi\u1ebft y\u1ebfu trong gian b\u1ebfp c\u1ee7a m\u1ed7i gia \u0111\u00ecnh. Kh\u00f4ng d\u1eebng l\u1ea1i \u1edf vai tr\u00f2 m\u1ed9t th\u1ee9 l\u00e0m t\u0103ng h\u01b0\u01a1ng v\u1ecb m\u00f3n \u0103n m\u00e0 n\u00f3 c\u00f2n c\u00f3 nh\u1eefng \u0111\u1eb7c t\u00ednh, c\u00f4ng d\u1ee5ng \u0111\u1eb7c bi\u1ec7t, khi\u1ebfn ch\u00fang tr\u1edf th\u00e0nh m\u1ed9t th\u1ea3o d\u01b0\u1ee3c h\u1eefu \u00edch \u0111\u1ed1i v\u1edbi m\u1ed7i ng\u01b0\u1eddi.<\/p>\n<p>Ti\u00eau \u0111en xay Havafoodies\u00a0 \u0111\u01b0\u1ee3c nghi\u1ec1n nh\u1ecf t\u1eeb ngu\u1ed3n h\u1ea1t ti\u00eau nguy\u00ean li\u1ec7u 100% nguy\u00ean ch\u1ea5t t\u1eeb nh\u1eefng h\u1ea1t ti\u00eau \u0111en \u0111\u01b0\u1ee3c s\u00e0ng l\u1ecdc k\u1ef9, ch\u1ec9 ch\u1ecdn nh\u1eefng\u00a0h\u1ea1t to, tr\u00f2n, c\u00f9ng v\u1edbi quy tr\u00ecnh s\u1ea3n xu\u1ea5t nghi\u00eam ng\u1eb7t,\u00a0s\u1ea5y kh\u00f4 t\u1ef1 nhi\u00ean gi\u00fap ti\u00eau \u0111en xay gi\u1eef nguy\u00ean v\u1ecb cay v\u00e0 th\u01a1m n\u1ed3ng nguy\u00ean b\u1ea3n c\u1ee7a ti\u00eau \u0111en.<\/p>\n<p>Ti\u00eau \u0111en Havafoodies\u00a0s\u1eed d\u1ee5ng h\u1ea1t ti\u00eau nguy\u00ean ch\u1ea5t kh\u00f4ng s\u1eed d\u1ee5ng ch\u1ea5t b\u1ea3o qu\u1ea3n, kh\u00f4ng pha tr\u1ed9n t\u1ea1p ch\u1ea5t.\u00a0Ti\u00eau \u0111en Havafoodies\u00a0v\u1edbi h\u01b0\u01a1ng th\u01a1m cay n\u1ed3ng.<\/p>\n<p><img decoding=\"async\" class=\"wp-image-31669 aligncenter\" src=\"https:\/\/havamall.com\/wp-content\/uploads\/2025\/06\/tac-dung-cua-hat-tieu-3-2019-11-08-14-05-300x197.jpg\" alt=\"\" width=\"643\" height=\"422\" \/><\/p>\n<h2>C\u00f4ng d\u1ee5ng c\u1ee7a h\u1ea1t ti\u00eau \u0111en l\u00e0 g\u00ec?<\/h2>\n<p>M\u1ed9t th\u1ee9 h\u1ea1t nh\u1ecf nh\u01b0ng c\u00f4ng d\u1ee5ng l\u1ea1i kh\u00f4ng h\u1ec1 nh\u1ecf. T\u1eeb tr\u00e1i ti\u00eau ph\u01a1i kh\u00f4 r\u1ed3i \u0111em xay nhuy\u1ec5n, n\u00f3 mang l\u1ea1i nh\u1eefng l\u1ee3i \u00edch tuy\u1ec7t v\u1eddi cho s\u1ee9c kh\u1ecfe con ng\u01b0\u1eddi nh\u01b0:<\/p>\n<ul>\n<li><strong>Ph\u00f2ng ng\u1eeba ung th\u01b0<\/strong><\/li>\n<\/ul>\n<p>V\u1edbi c\u1ea5u t\u1ea1o ch\u1ee9a piperine, \u0111\u1eb7c bi\u1ec7t n\u1ebfu k\u1ebft h\u1ee3p v\u1edbi ch\u1ea5t curcumin trong ngh\u1ec7 nh\u01b0 m\u1ed9t ho\u1ea1t ch\u1ea5t t\u1ed5ng h\u1ee3p ph\u00f2ng ng\u1eeba ung th\u01b0 t\u1ef1 nhi\u00ean, d\u1ec5 s\u1eed d\u1ee5ng.<\/p>\n<p>Ngo\u00e0i ra trong h\u1ea1t c\u00f2n ch\u1ee9a nhi\u1ec1u vitamin nh\u01b0 vitamin C, vitamin A, flavonoid,.. c\u00f3 t\u00e1c d\u1ee5ng ch\u1ed1ng oxy h\u00f3a, \u0111\u1ea9y l\u00f9i nh\u1eefng t\u00e1c \u0111\u1ed9ng g\u00e2y ung th\u01b0.<\/p>\n<ul>\n<li><strong>K\u00edch th\u00edch ti\u00eau h\u00f3a<\/strong><\/li>\n<\/ul>\n<p>\u0110\u1ea7y h\u01a1i, kh\u00f3 ti\u00eau do \u0103n kh\u00f4ng h\u1ee3p l\u00fd khi\u1ebfn d\u1ea1 d\u00e0y co b\u00f3p m\u00e0 kh\u00f4ng v\u1eabn kh\u00f3 ch\u1ecbu, th\u00ec lo\u1ea1i h\u1ea1t n\u00e0y k\u00edch th\u00edch d\u1ea1 d\u00e0y ti\u1ebft ra nhi\u1ec1u axit, chuy\u1ec3n h\u00f3a protein. Sau \u0111\u00f3, theo c\u01a1 ch\u1ebf, n\u00f3 k\u00edch th\u00edch enzym, ti\u1ebft piperine t\u0103ng tuy\u1ebfn n\u01b0\u1edbc b\u1ecdt, th\u00fac \u0111\u1ea9y qu\u00e1 tr\u00ecnh ti\u00eau h\u00f3a.<\/p>\n<p>V\u1eady vi\u1ec7c s\u1eed d\u1ee5ng k\u00e8m m\u1ed9t \u00edt h\u1ea1t ti\u00eau \u0111en trong b\u1eefa \u0103n s\u1ebd gi\u00fap b\u1ea1n d\u1ec5 ti\u00eau h\u00f3a v\u00e0 h\u1ea5p th\u1ee5 dinh d\u01b0\u1ee1ng thu\u1eadn l\u1ee3i h\u01a1n. T\u1eeb \u0111\u00f3, c\u01a1 th\u1ec3 b\u1ea1n s\u1ebd kh\u1ecfe m\u1ea1nh, kh\u00f4ng m\u1ec7t m\u1ecfi, kh\u00f4ng ph\u1ea3i \u0111\u1ed1i m\u1eb7t v\u1edbi nh\u1eefng t\u00ecnh tr\u1ea1ng kh\u00f3 ch\u1ecbu sau b\u1eefa \u0103n nh\u01b0 \u0111au b\u1ee5ng, ti\u00eau ch\u1ea3y, t\u00e1o b\u00f3n.<\/p>\n<p><img decoding=\"async\" class=\"wp-image-31670 aligncenter\" src=\"https:\/\/havamall.com\/wp-content\/uploads\/2025\/06\/Screen-Shot-2023-06-01-at-4.45.50-PM-256x300.png\" alt=\"\" width=\"641\" height=\"751\" \/><\/p>\n<ul>\n<li><strong>Gi\u1ea3m \u0111au hi\u1ec7u qu\u1ea3<\/strong><\/li>\n<\/ul>\n<p>Vi\u1ec7c d\u00f9ng thu\u1ed1c gi\u1ea3m \u0111au \u0111\u1ec3 ki\u1ec3m so\u00e1t c\u01a1n \u0111au m\u1eb7c d\u00f9 hi\u1ec7u qu\u1ea3 ngay l\u1eadp t\u1ee9c nh\u01b0ng l\u1ea1i \u0111em \u0111\u1ebfn cho c\u01a1 th\u1ec3 nh\u1eefng h\u1eadu qu\u1ea3 ti\u1ec1m \u1ea9n. Do \u0111\u00f3, d\u00f9ng lo\u1ea1i th\u1ef1c ph\u1ea9m n\u00e0y l\u1ea1i l\u00e0 m\u1ed9t li\u1ec1u thu\u1ed1c l\u00e0nh t\u00ednh, gi\u1ea3m \u0111au hi\u1ec7u qu\u1ea3.<\/p>\n<p>Tuy nhi\u00ean, ch\u00fang ta c\u1ea7n l\u01b0u \u00fd tr\u00e1nh s\u1eed d\u1ee5ng k\u1ebft h\u1ee3p v\u1edbi nh\u1eefng lo\u1ea1i thu\u1ed1c kh\u00e1c. Vi\u1ec7c k\u1ebft h\u1ee3p kh\u00f4ng \u0111\u00fang c\u00e1ch s\u1ebd g\u00e2y nh\u1eefng t\u00e1c d\u1ee5ng ph\u1ee5 kh\u00f3 tr\u00e1nh, th\u1eadm ch\u00ed kh\u00f4ng gi\u1ea3m \u0111au m\u00e0 c\u00f2n l\u00e0m t\u00ecnh tr\u1ea1ng tr\u1edf n\u00ean t\u1ed3i t\u1ec7 h\u01a1n.<\/p>\n<p>Ngo\u00e0i ra, \u0103n h\u1ea1t ti\u00eau \u0111en c\u00f2n c\u00f3 nh\u1eefng t\u00e1c d\u1ee5ng kh\u00e1c nh\u01b0 t\u0103ng c\u01b0\u1eddng, c\u1ea3i thi\u1ec7n tr\u00ed nh\u1edb, \u0111\u00e1nh tan c\u1ea3m l\u1ea1nh, ch\u1eefa m\u1ed9t s\u1ed1 b\u1ec7nh v\u1ec1 h\u00f4 h\u1ea5p v\u00e0 x\u01b0\u01a1ng kh\u1edbp, d\u01b0\u1ee1ng da, tr\u1ecb c\u00e1c b\u1ec7nh ngo\u00e0i da,..<\/p>\n<p><img loading=\"lazy\" decoding=\"async\" class=\"wp-image-31671 aligncenter\" src=\"https:\/\/havamall.com\/wp-content\/uploads\/2025\/06\/Screen-Shot-2023-06-01-at-4.45.36-PM-300x198.png\" alt=\"\" width=\"639\" height=\"422\" \/><\/p>\n<h2><strong>\u0110\u1eb6C \u0110I\u1ec2M N\u1ed4I B\u1eacT C\u1ee6A S\u1ea2N PH\u1ea8M<\/strong><\/h2>\n<p>\u25ba \u0110\u01b0\u1ee3c xay t\u1eeb 100% h\u1ea1t ti\u00eau \u0111en nguy\u00ean ch\u1ea5t n\u00ean \u0111\u1ea3m b\u1ea3o m\u00f9i v\u1ecb the cay n\u1ed3ng nh\u01b0 h\u1ea1t ti\u00eau t\u01b0\u01a1i.<\/p>\n<p>\u25ba\u00a0\u0110\u1ea3m b\u1ea3o v\u1ec7 sinh an to\u00e0n th\u1ef1c ph\u1ea9m.<\/p>\n<p>\u25ba\u00a0Kh\u00f4ng ch\u1ea5t b\u1ea3o qu\u1ea3n<\/p>\n<p>\u25ba\u00a0Kh\u00f4ng ph\u1ea9m m\u00e0u<\/p>\n<p>\u25ba\u00a0L\u00e0 m\u1ed9t trong nh\u1eefng lo\u1ea1i gia v\u1ecb c\u00f3 h\u01b0\u01a1ng v\u1ecb cay v\u00e0 th\u01a1m \u0111\u1eadm, m\u1ea1nh t\u0103ng th\u00eam v\u1ecb ngon cho c\u00e1c m\u00f3n \u0103n t\u1eeb b\u00ecnh d\u00e2n \u0111\u1ebfn sang tr\u1ecdng.<\/p>\n<h2>M\u1ed9t s\u1ed1 l\u01b0u \u00fd khi s\u1eed d\u1ee5ng h\u1ea1t ti\u00eau \u0111en \u0111\u1ec3 ch\u1ebf bi\u1ebfn m\u00f3n \u0103n<\/h2>\n<p>H\u1ea1t ti\u00eau l\u00e0 m\u1ed9t lo\u1ea1i gia v\u1ecb kh\u00f4ng th\u1ec3 thi\u1ebfu trong nhi\u1ec1u m\u00f3n \u0103n. Tuy nhi\u00ean b\u1ea1n c\u0169ng c\u1ea7n l\u01b0u \u00fd khi s\u1eed d\u1ee5ng nh\u01b0 sau:<\/p>\n<ul>\n<li>H\u1ea1t ti\u00eau c\u00f3 v\u1ecb cay t\u00ednh n\u00f3ng kh\u00f4ng n\u00ean cho qu\u00e1 nhi\u1ec1u v\u00e0o m\u00f3n \u0103n<\/li>\n<li>H\u1ea1t ti\u00eau c\u00f3 m\u00f9i \u0111\u1eb7c tr\u01b0ng n\u00ean s\u1ebd c\u00f3 nh\u1eefng m\u00f3n kh\u00f4ng ph\u00f9 h\u1ee3p v\u1edbi lo\u1ea1i gia v\u1ecb n\u00e0y<\/li>\n<li>Kh\u00f4ng s\u1eed d\u1ee5ng cho tr\u1ebb d\u01b0\u1edbi 1 tu\u1ed5i<\/li>\n<li>B\u1ea3o qu\u1ea3n n\u01a1i kh\u00f4 tho\u00e1ng v\u00e0 k\u00edn \u0111\u1ec3 kh\u00f4ng l\u00e0m m\u1ea5t h\u01b0\u01a1ng v\u1ecb c\u1ee7a h\u1ea1t ti\u00eau<\/li>\n<\/ul>","protected":false},"excerpt":{"rendered":"<p>&nbsp; TH\u00d4NG TIN S\u1ea2N PH\u1ea8M Th\u01b0\u01a1ng hi\u1ec7u Havafoodies Xu\u1ea5t x\u1ee9 Vi\u1ec7t Nam Th\u00e0nh ph\u1ea7n 100% ti\u00eau \u0111en xay H\u1ea1n s\u1eed<\/p>","protected":false},"featured_media":39580,"comment_status":"open","ping_status":"closed","template":"","meta":[],"product_brand":[],"product_cat":[595,36,134],"product_tag":[],"class_list":{"0":"post-31673","1":"product","2":"type-product","3":"status-publish","4":"has-post-thumbnail","6":"product_cat-gia-vi-va-che-bien","7":"product_cat-thuc-pham-tieu-dung","8":"product_cat-thucpham-saykho","9":"pa_brand-skx","11":"first","12":"instock","13":"sale","14":"shipping-taxable","15":"purchasable","16":"product-type-simple"},"_links":{"self":[{"href":"https:\/\/havamall.vn\/en\/wp-json\/wp\/v2\/product\/31673"}],"collection":[{"href":"https:\/\/havamall.vn\/en\/wp-json\/wp\/v2\/product"}],"about":[{"href":"https:\/\/havamall.vn\/en\/wp-json\/wp\/v2\/types\/product"}],"replies":[{"embeddable":true,"href":"https:\/\/havamall.vn\/en\/wp-json\/wp\/v2\/comments?post=31673"}],"version-history":[{"count":0,"href":"https:\/\/havamall.vn\/en\/wp-json\/wp\/v2\/product\/31673\/revisions"}],"wp:featuredmedia":[{"embeddable":true,"href":"https:\/\/havamall.vn\/en\/wp-json\/wp\/v2\/media\/39580"}],"wp:attachment":[{"href":"https:\/\/havamall.vn\/en\/wp-json\/wp\/v2\/media?parent=31673"}],"wp:term":[{"taxonomy":"product_brand","embeddable":true,"href":"https:\/\/havamall.vn\/en\/wp-json\/wp\/v2\/product_brand?post=31673"},{"taxonomy":"product_cat","embeddable":true,"href":"https:\/\/havamall.vn\/en\/wp-json\/wp\/v2\/product_cat?post=31673"},{"taxonomy":"product_tag","embeddable":true,"href":"https:\/\/havamall.vn\/en\/wp-json\/wp\/v2\/product_tag?post=31673"}],"curies":[{"name":"wp","href":"https:\/\/api.w.org\/{rel}","templated":true}]}}